{"id":17580,"date":"2025-02-26T09:29:59","date_gmt":"2025-02-26T09:29:59","guid":{"rendered":"https:\/\/ayaneo.co\/koupit-ayaneo-3-pocket-dmg-micro-a-dalsi-kapesni-herni-pocitace\/"},"modified":"2025-08-01T10:26:52","modified_gmt":"2025-08-01T10:26:52","slug":"koupit-ayaneo-3-pocket-dmg-micro-a-dalsi-kapesni-herni-pocitace","status":"publish","type":"page","link":"https:\/\/ayaneo.co\/cs\/koupit-ayaneo-3-pocket-dmg-micro-a-dalsi-kapesni-herni-pocitace\/","title":{"rendered":"Koupit AYANEO 3, Pocket DMG, Micro a dal\u0161\u00ed kapesn\u00ed hern\u00ed po\u010d\u00edta\u010de"},"content":{"rendered":"","protected":false},"excerpt":{"rendered":"","protected":false},"author":66,"featured_media":0,"parent":0,"menu_order":0,"comment_status":"closed","ping_status":"closed","template":"","meta":{"_acf_changed":false,"footnotes":""},"class_list":["post-17580","page","type-page","status-publish","hentry"],"acf":[],"_links":{"self":[{"href":"https:\/\/ayaneo.co\/cs\/wp-json\/wp\/v2\/pages\/17580","targetHints":{"allow":["GET"]}}],"collection":[{"href":"https:\/\/ayaneo.co\/cs\/wp-json\/wp\/v2\/pages"}],"about":[{"href":"https:\/\/ayaneo.co\/cs\/wp-json\/wp\/v2\/types\/page"}],"author":[{"embeddable":true,"href":"https:\/\/ayaneo.co\/cs\/wp-json\/wp\/v2\/users\/66"}],"replies":[{"embeddable":true,"href":"https:\/\/ayaneo.co\/cs\/wp-json\/wp\/v2\/comments?post=17580"}],"version-history":[{"count":0,"href":"https:\/\/ayaneo.co\/cs\/wp-json\/wp\/v2\/pages\/17580\/revisions"}],"wp:attachment":[{"href":"https:\/\/ayaneo.co\/cs\/wp-json\/wp\/v2\/media?parent=17580"}],"curies":[{"name":"wp","href":"https:\/\/api.w.org\/{rel}","templated":true}]}}