{"id":17720,"date":"2023-03-11T09:19:27","date_gmt":"2023-03-11T09:19:27","guid":{"rendered":"https:\/\/ayaneo.co\/zadost-o-zaruku\/"},"modified":"2025-05-30T16:16:04","modified_gmt":"2025-05-30T16:16:04","slug":"zadost-o-zaruku","status":"publish","type":"page","link":"https:\/\/ayaneo.co\/cs\/muj-ucet\/zadost-o-zaruku\/","title":{"rendered":"\u017d\u00e1dost o z\u00e1ruku"},"content":{"rendered":"<p>[warranty_request]<\/p>\n","protected":false},"excerpt":{"rendered":"<p>[warranty_request]<\/p>\n","protected":false},"author":1,"featured_media":0,"parent":17749,"menu_order":0,"comment_status":"closed","ping_status":"closed","template":"","meta":{"_acf_changed":false,"footnotes":""},"class_list":["post-17720","page","type-page","status-publish","hentry"],"acf":[],"_links":{"self":[{"href":"https:\/\/ayaneo.co\/cs\/wp-json\/wp\/v2\/pages\/17720","targetHints":{"allow":["GET"]}}],"collection":[{"href":"https:\/\/ayaneo.co\/cs\/wp-json\/wp\/v2\/pages"}],"about":[{"href":"https:\/\/ayaneo.co\/cs\/wp-json\/wp\/v2\/types\/page"}],"author":[{"embeddable":true,"href":"https:\/\/ayaneo.co\/cs\/wp-json\/wp\/v2\/users\/1"}],"replies":[{"embeddable":true,"href":"https:\/\/ayaneo.co\/cs\/wp-json\/wp\/v2\/comments?post=17720"}],"version-history":[{"count":0,"href":"https:\/\/ayaneo.co\/cs\/wp-json\/wp\/v2\/pages\/17720\/revisions"}],"up":[{"embeddable":true,"href":"https:\/\/ayaneo.co\/cs\/wp-json\/wp\/v2\/pages\/17749"}],"wp:attachment":[{"href":"https:\/\/ayaneo.co\/cs\/wp-json\/wp\/v2\/media?parent=17720"}],"curies":[{"name":"wp","href":"https:\/\/api.w.org\/{rel}","templated":true}]}}