{"id":15568,"date":"2025-01-23T13:59:52","date_gmt":"2025-01-23T13:59:52","guid":{"rendered":"https:\/\/ayaneo.co\/product\/ayaneo-ochranna-folie-displeje-pocket-evo\/"},"modified":"2025-12-09T00:38:25","modified_gmt":"2025-12-09T00:38:25","slug":"ayaneo-ochranna-folie-displeje-pocket-evo","status":"publish","type":"product","link":"https:\/\/ayaneo.co\/cs\/product\/ayaneo-ochranna-folie-displeje-pocket-evo\/","title":{"rendered":"AYANEO Pocket EVO Ochrann\u00e1 f\u00f3lie displeje"},"content":{"rendered":"\n<h2 class=\"wp-block-heading\">P\u0159ehled produkt\u016f:<\/h2>\n\n<p>O <strong>chrann\u00fd kryt obrazovky AYANEO Pocket EVO je<\/strong> navr\u017een tak, aby chr\u00e1nil obrazovku konzole a z\u00e1rove\u0148 zajistil jej\u00ed vynikaj\u00edc\u00ed \u010distotu. Tato ochrana obrazovky je vyrobena z vysoce kvalitn\u00edho tvrzen\u00e9ho skla a nab\u00edz\u00ed vynikaj\u00edc\u00ed odolnost proti po\u0161kr\u00e1b\u00e1n\u00ed a \u0161mouh\u00e1m, tak\u017ee obrazovka va\u0161eho za\u0159\u00edzen\u00ed z\u016fstane nedot\u010den\u00e1 a obraz bezchybn\u00fd.<\/p>\n\n<ol class=\"wp-block-list\">\n<li><strong>P\u0159izp\u016fsoben\u00ed na m\u00edru pro<\/strong> AYANEO Pocket EVO.<\/li>\n\n\n\n<li>Odoln\u00fd <strong>povrch odoln\u00fd proti po\u0161kr\u00e1b\u00e1n\u00ed<\/strong>.<\/li>\n\n\n\n<li>Ultra\u010dist\u00fd materi\u00e1l pro <strong>\u017eiv\u00fd hern\u00ed obraz<\/strong>.<\/li>\n\n\n\n<li>Povlak odoln\u00fd proti rozmaz\u00e1n\u00ed pro <strong>\u010dist\u00fd a jasn\u00fd displej<\/strong>.<\/li>\n\n\n\n<li>Snadn\u00e1 instalace bez bublinek pro <strong>bezprobl\u00e9movou aplikaci<\/strong>.<\/li>\n<\/ol>\n\n<h2 class=\"wp-block-heading\">Pro\u010d si vybrat ochrann\u00fd kryt displeje AYANEO Pocket EVO?<\/h2>\n\n<p>Ochrann\u00e1 f\u00f3lie AYANEO Pocket EVO kombinuje prvot\u0159\u00eddn\u00ed materi\u00e1ly a precizn\u00ed design, aby poskytovala vynikaj\u00edc\u00ed ochranu a vizu\u00e1ln\u00ed \u010distotu. A\u0165 u\u017e hrajete doma, nebo na cest\u00e1ch, tato ochrana obrazovky zajist\u00ed, \u017ee va\u0161e za\u0159\u00edzen\u00ed z\u016fstane nepo\u0161kr\u00e1ban\u00e9, a z\u00e1rove\u0148 zachov\u00e1 \u017eiv\u00fd a k\u0159i\u0161\u0165\u00e1lov\u011b \u010dist\u00fd obraz.<\/p>\n\n<hr class=\"wp-block-separator has-alpha-channel-opacity\"\/>\n\n<h4 class=\"wp-block-heading\">Specifikace:<\/h4>\n\n<ul class=\"wp-block-list\">\n<li><strong>Materi\u00e1l:<\/strong> Tvrzen\u00e9 sklo<\/li>\n\n\n\n<li><strong>Kompatibilita:<\/strong> AYANEO Pocket EVO Console<\/li>\n\n\n\n<li><strong>Vlastnosti:<\/strong> Odoln\u00fd proti po\u0161kr\u00e1b\u00e1n\u00ed, odoln\u00fd proti rozmaz\u00e1n\u00ed, velmi \u010dir\u00fd a bez bublinek.<\/li>\n<\/ul>\n\n<p>Vylep\u0161ete sv\u016fj hern\u00ed z\u00e1\u017eitek s ochrann\u00fdm krytem obrazovky AYANEO Pocket EVO - dokonal\u00fdm \u0161t\u00edtem pro obrazovku va\u0161\u00ed konzole!  <\/p>\n","protected":false},"excerpt":{"rendered":"<ul>\n<li><strong>P\u0159izp\u016fsoben\u00ed na m\u00edru pro<\/strong> AYANEO Pocket EVO.<\/li>\n<li>Odoln\u00fd <strong>povrch odoln\u00fd proti po\u0161kr\u00e1b\u00e1n\u00ed<\/strong>.<\/li>\n<li>Ultra\u010dist\u00fd materi\u00e1l pro <strong>\u017eiv\u00fd hern\u00ed obraz<\/strong>.<\/li>\n<li>Povlak odoln\u00fd proti rozmaz\u00e1n\u00ed pro <strong>\u010dist\u00fd a jasn\u00fd displej<\/strong>.<\/li>\n<li>Snadn\u00e1 instalace bez bublinek pro <strong>bezprobl\u00e9movou aplikaci<\/strong>.<\/li>\n<\/ul>\n[cg_accordion title=\"INFORMACE O PLATB\u011a\"]<\/p>\n<p>Pou\u017e\u00edv\u00e1me nejnov\u011bj\u0161\u00ed technologie zpracov\u00e1n\u00ed plateb, kter\u00e9 v\u00e1m umo\u017e\u0148uj\u00ed prov\u00e9st platbu prost\u0159ednictv\u00edm Apple Pay, Google Pay, va\u0161\u00ed debetn\u00ed\/kreditn\u00ed karty, PayPal nebo metod BNPL, jako je Klarna, Affirm nebo AfterPay, a zajistit tak rychl\u00e9 a bezpe\u010dn\u00e9 zpracov\u00e1n\u00ed.[\/cg_accordion]\n[cg_accordion title=\"Z\u00c1RUKA\"]<\/p>\n<p>1 rok z\u00e1ruky od spole\u010dnosti <a href=\"https:\/\/droix.net\/\" target=\"_blank\" rel=\"nofollow noopener\">DROIX Global pro<\/a> v\u00e1\u0161 klid.[\/cg_accordion]\n[cg_accordion title=\"ZAJI\u0160T\u011aN\u00cd KVALITY A P\u0158EDEXPEDI\u010cN\u00cd TESTOV\u00c1N\u00cd\"]<\/p>\n<p>Zaji\u0161t\u011bn\u00ed spokojenosti z\u00e1kazn\u00edk\u016f na nejvy\u0161\u0161\u00ed \u00farovni: P\u0159ed odesl\u00e1n\u00edm proch\u00e1z\u00ed ka\u017ed\u00e9 za\u0159\u00edzen\u00ed p\u0159\u00edsn\u00fdm testov\u00e1n\u00edm a v\u00edcebodovou kontrolou kvality. N\u00e1\u0161 specializovan\u00fd t\u00fdm ov\u011b\u0159uje v\u00fdkon, funk\u010dnost a integritu komponent, aby bylo zaru\u010deno, \u017ee va\u0161e za\u0159\u00edzen\u00ed AYANEO bude p\u0159i p\u0159\u00edchodu v perfektn\u00edm stavu, co\u017e v\u00e1m poskytne jistotu a klid. [\/cg_accordion]\n[cg_accordion title=\"CENY, DAN\u011a A DOPRAVA\"]<\/p>\n<p><strong><u>Pozn\u00e1mka:<\/u><\/strong><\/p>\n<ul>\n<li>Z\u00e1kazn\u00edci ze Spojen\u00fdch st\u00e1t\u016f: Z\u00e1kazn\u00edci: Zobrazen\u00e1 cena NEZAHRNUJE DAN\u011a ani cla. Odpov\u011bdnost za celn\u00ed odbaven\u00ed a zaplacen\u00ed souvisej\u00edc\u00ed dan\u011b\/celn\u00ed sazby nese z\u00e1kazn\u00edk. <\/li>\n<li>Z\u00e1kazn\u00edci z EU: V zobrazen\u00e9 cen\u011b je zahrnuta p\u0159\u00edslu\u0161n\u00e1 DA\u0147, kter\u00e1 m\u016f\u017ee \u010dinit a\u017e 25 % v z\u00e1vislosti na va\u0161\u00ed zemi.<\/li>\n<li>Z\u00e1kazn\u00edci z Kanady: V z\u00e1vislosti na va\u0161\u00ed provincii m\u016f\u017ee zobrazen\u00e1 cena zahrnovat p\u0159\u00edslu\u0161n\u00e9 dan\u011b, kter\u00e9 mohou zahrnovat 5% GST a dal\u0161\u00ed provin\u010dn\u00ed dan\u011b z prodeje (PST), harmonizovanou da\u0148 z prodeje (HST) nebo quebeckou da\u0148 z prodeje (QST).<\/li>\n<\/ul>\n<p><strong>Pouze pro z\u00e1kazn\u00edky z EU:<\/strong> Expresn\u00ed DDP (Delivered Duty Paid). To znamen\u00e1: <\/p>\n<ul>\n<li>Ve\u0161ker\u00e1 cla a dan\u011b jsou zahrnuty v cen\u011b uveden\u00e9 na str\u00e1nce produktu.<\/li>\n<li>P\u0159i doru\u010den\u00ed nemus\u00edte platit \u017e\u00e1dn\u00e9 dal\u0161\u00ed poplatky.<\/li>\n<li>Ve v\u00fdjime\u010dn\u00fdch p\u0159\u00edpadech, kdy se vyskytnou probl\u00e9my souvisej\u00edc\u00ed s celn\u00edm \u0159\u00edzen\u00edm, se n\u00e1\u0161 t\u00fdm postar\u00e1 o celn\u00ed odbaven\u00ed va\u0161\u00edm jm\u00e9nem, aby bylo doru\u010den\u00ed bezprobl\u00e9mov\u00e9.<\/li>\n<p>D\u016fle\u017eit\u00e9 informace o vr\u00e1cen\u00ed zbo\u017e\u00ed:<\/p>\n<li>Pokud se rozhodnete objedn\u00e1vku vr\u00e1tit nebo po\u017e\u00e1dat o vr\u00e1cen\u00ed pen\u011bz, m\u011bjte na pam\u011bti, \u017ee dan\u011b a cla zaplacen\u00e9 za v\u00e1s podle podm\u00ednek DDP nelze vr\u00e1tit.<\/li>\n<p>Podrobn\u00e9 informace naleznete v na\u0161ich <a href=\"https:\/\/ayaneo.co\/cs\/podminky-sluzby\/\" target=\"_blank\" rel=\"nofollow noopener\">smluvn\u00edch podm\u00ednk\u00e1ch<\/a>.\n<\/ul>\n<p>[\/cg_accordion]\n[cg_accordion title=\"Z\u00c1KAZNICK\u00c1 PODPORA\"]<\/p>\n<p>M\u00e1te dotaz? V\u00e1\u0161 probl\u00e9m vy\u0159e\u0161\u00edme kr\u00e1tkou textovou zpr\u00e1vou! [\/cg_accordion]\n[cg_accordion title=\"BAL\u00cd\u010cEK OBSAHUJE\"]<\/p>\n<ul>\n<li>1x Ochrann\u00e1 f\u00f3lie displeje AYANEO Pocket EVO<\/li>\n<\/ul>\n<p>[\/cg_accordion]\n","protected":false},"featured_media":15573,"template":"","meta":{"_acf_changed":false},"product_brand":[],"product_cat":[1147],"product_tag":[],"class_list":{"0":"post-15568","1":"product","2":"type-product","3":"status-publish","4":"has-post-thumbnail","6":"product_cat-prislusenstvi","7":"product_shipping_class-low-end","8":"pa_accessory-type-screen-protector-cs","9":"pa_brand-ayaneo","11":"first","12":"instock","13":"sale","14":"taxable","15":"shipping-taxable","16":"purchasable","17":"product-type-simple"},"acf":[],"_links":{"self":[{"href":"https:\/\/ayaneo.co\/cs\/wp-json\/wp\/v2\/product\/15568","targetHints":{"allow":["GET"]}}],"collection":[{"href":"https:\/\/ayaneo.co\/cs\/wp-json\/wp\/v2\/product"}],"about":[{"href":"https:\/\/ayaneo.co\/cs\/wp-json\/wp\/v2\/types\/product"}],"wp:featuredmedia":[{"embeddable":true,"href":"https:\/\/ayaneo.co\/cs\/wp-json\/wp\/v2\/media\/15573"}],"wp:attachment":[{"href":"https:\/\/ayaneo.co\/cs\/wp-json\/wp\/v2\/media?parent=15568"}],"wp:term":[{"taxonomy":"product_brand","embeddable":true,"href":"https:\/\/ayaneo.co\/cs\/wp-json\/wp\/v2\/product_brand?post=15568"},{"taxonomy":"product_cat","embeddable":true,"href":"https:\/\/ayaneo.co\/cs\/wp-json\/wp\/v2\/product_cat?post=15568"},{"taxonomy":"product_tag","embeddable":true,"href":"https:\/\/ayaneo.co\/cs\/wp-json\/wp\/v2\/product_tag?post=15568"}],"curies":[{"name":"wp","href":"https:\/\/api.w.org\/{rel}","templated":true}]}}