{"id":15610,"date":"2025-01-28T11:05:14","date_gmt":"2025-01-28T11:05:14","guid":{"rendered":"https:\/\/ayaneo.co\/product\/prenosny-monitor-droix-pm14-4k\/"},"modified":"2025-06-06T10:40:51","modified_gmt":"2025-06-06T10:40:51","slug":"prenosny-monitor-droix-pm14-4k","status":"publish","type":"product","link":"https:\/\/ayaneo.co\/cs\/product\/prenosny-monitor-droix-pm14-4k\/","title":{"rendered":"P\u0159enosn\u00fd monitor DroiX PM14 4K"},"content":{"rendered":"\n<div class=\"wp-block-columns is-layout-flex wp-container-core-columns-is-layout-28f84493 wp-block-columns-is-layout-flex\">\n<div class=\"wp-block-column is-layout-flow wp-block-column-is-layout-flow\" style=\"flex-basis:33.33%\">\n<figure class=\"wp-block-image size-large\"><a href=\"https:\/\/droix.net\/wp-content\/uploads\/2024\/05\/DROIX-PM14-LISTING-V2-DONE-01-NON-TOUCH.png\" target=\"_blank\" rel=\"noopener\"><img decoding=\"async\" src=\"https:\/\/droix.net\/wp-content\/uploads\/2024\/05\/DROIX-PM14-LISTING-V2-DONE-01-NON-TOUCH-1024x1024.png\" alt=\"Obr&#xE1;zek p&#x159;enosn&#xE9;ho monitoru DroiX, 14palcov&#xFD;, 4K, ultratenk&#xFD;&quot;\" class=\"wp-image-179745\"\/><\/a><\/figure>\n<\/div>\n\n\n\n<div class=\"wp-block-column is-layout-flow wp-block-column-is-layout-flow\" style=\"flex-basis:66.66%\">\n<h3 class=\"wp-block-heading\"><strong>DroiX PM14 - 14,0&#8243; 4K ultratenk\u00fd p\u0159enosn\u00fd monitor<\/strong><\/h3>\n\n\n\n<p>Objevte nejnov\u011bj\u0161\u00ed pokroky v zobrazovac\u00ed technologii s modelem DroiX PM14, 14,0palcov\u00fdm ultratenk\u00fdm p\u0159enosn\u00fdm monitorem, kter\u00fd je k dispozici ve variant\u011b s dotykovou i bezdotykovou obrazovkou. Toto inovativn\u00ed za\u0159\u00edzen\u00ed nastavuje nov\u00e1 m\u011b\u0159\u00edtka v oblasti mobiln\u00edch po\u010d\u00edta\u010d\u016f t\u00edm, \u017ee kombinuje robustn\u00ed v\u00fdkon s v\u00fdjime\u010dnou p\u0159enosnost\u00ed a modern\u00edm designem. A\u0165 u\u017e jste profesion\u00e1l, nebo nad\u0161enec do z\u00e1bavy, p\u0159enosn\u00fd monitor DroiX PM14 4K je vytvo\u0159en tak, aby se bez probl\u00e9m\u016f za\u010dlenil do va\u0161eho dynamick\u00e9ho \u017eivotn\u00edho stylu a poskytoval nezbytnou v\u0161estrannost, a\u0165 u\u017e jste doma, v kancel\u00e1\u0159i nebo na cest\u00e1ch.  <\/p>\n<\/div>\n<\/div>\n\n<h3 class=\"wp-block-heading\"><strong>P\u0159ehled produkt\u016f<\/strong><\/h3>\n\n<figure class=\"wp-block-image aligncenter size-large\"><a href=\"https:\/\/droix.net\/wp-content\/uploads\/2024\/04\/1080P-FHD.jpg\" target=\"_blank\" rel=\"noopener\"><img decoding=\"async\" src=\"https:\/\/droix.net\/wp-content\/uploads\/2024\/04\/1080P-FHD-1024x420.jpg\" alt=\"Obr&#xE1;zek p&#x159;enosn&#xE9;ho monitoru DroiX, 14palcov&#xFD;, 4K, ultratenk&#xFD;, s ostr&#xFD;m rozli&#x161;en&#xED;m UHD 3840 &#xD7; 2160, &#x17E;iv&#xFD;mi barvami a neuv&#x11B;&#x159;iteln&#xFD;mi detaily, 100% barevn&#xFD;m gamutem DCI-P3 a podporou HDR400\" class=\"wp-image-178360\"\/><\/a><\/figure>\n\n<p>P\u0159enosn\u00fd monitor DroiX PM14 p\u0159edstavuje modern\u00ed techniku v t\u00e9 nejlep\u0161\u00ed podob\u011b a m\u016f\u017ee se pochlubit \u017eiv\u00fdm rozli\u0161en\u00edm 3840 \u00d7 2160 UHD, kter\u00e9 o\u017eivuje obsah \u017eiv\u00fdmi barvami a v\u00fdjime\u010dn\u00fdmi detaily. D\u00edky 100% barevn\u00e9mu gamutu DCI-P3 a podpo\u0159e HDR400 poskytuje ohromuj\u00edc\u00ed obraz vyzna\u010duj\u00edc\u00ed se hlubokou \u010dernou a jasnou b\u00edlou. Jeho tenk\u00fd profil a lehk\u00e1 konstrukce zaji\u0161\u0165uj\u00ed dokonalou p\u0159enosnost bez kompromis\u016f v kvalit\u011b nebo v\u00fdkonu.  <\/p>\n\n<figure class=\"wp-block-image aligncenter size-large\"><a href=\"https:\/\/droix.net\/wp-content\/uploads\/2024\/04\/Color.jpg\" target=\"_blank\" rel=\"noopener\"><img decoding=\"async\" src=\"https:\/\/droix.net\/wp-content\/uploads\/2024\/04\/Color-1024x406.jpg\" alt=\"Obr&#xE1;zek p&#x159;enosn&#xE9;ho monitoru DroiX, 14palcov&#xFD;, 4K, ultratenk&#xFD;, se 100% barevn&#xFD;m gamutem DCI-P3 a podporou HDR400 pro &#xFA;&#x17E;asn&#xFD; obraz s hlubokou &#x10D;ernou a jasnou b&#xED;lou. Tenk&#xFD; profil a lehk&#xE1; konstrukce pro maxim&#xE1;ln&#xED; p&#x159;enosnost bez ztr&#xE1;ty kvality a v&#xFD;konu. \" class=\"wp-image-178361\"\/><\/a><\/figure>\n\n<p>DroiX PM14 je navr\u017een s vynikaj\u00edc\u00ed ergonomi\u00ed, m\u00e1 u\u017eivatelsky p\u0159\u00edv\u011btiv\u00e9 ovl\u00e1dac\u00ed kole\u010dko a v\u0161estrann\u00e9 mo\u017enosti p\u0159ipojen\u00ed, jako je Mini HDMI a n\u011bkolik port\u016f USB-C. D\u00edky tomu je p\u0159izp\u016fsobiteln\u00fd pro v\u0161echna va\u0161e za\u0159\u00edzen\u00ed, a\u0165 u\u017e hrajete hry na PlayStation, upravujete videa na Macu nebo prezentujete z notebooku. PM14 se bez probl\u00e9m\u016f integruje do jak\u00e9koli sestavy a nab\u00edz\u00ed n\u00edzkou spot\u0159ebu energie a vysoce efektivn\u00ed v\u00fdkon, tak\u017ee m\u016f\u017eete pracovat d\u00e9le bez obav z vyb\u00edjen\u00ed bateri\u00ed sv\u00fdch za\u0159\u00edzen\u00ed.  <\/p>\n\n<figure class=\"wp-block-image aligncenter size-large\"><a href=\"https:\/\/droix.net\/wp-content\/uploads\/2024\/04\/Modes.jpg\" target=\"_blank\" rel=\"noopener\"><img decoding=\"async\" src=\"https:\/\/droix.net\/wp-content\/uploads\/2024\/04\/Modes-1024x419.jpg\" alt=\"Obr&#xE1;zek p&#x159;enosn&#xE9;ho monitoru DroiX, 14palcov&#xFD;, 4K, ultratenk&#xFD;, kompatibiln&#xED; s notebooky, Mac, smartphony, tablety, PC, PS3\/4\/5, Xbox a Switc\" class=\"wp-image-178357\"\/><\/a><\/figure>\n\n<h3 class=\"wp-block-heading\"><strong>Podrobn\u00e9 funkce<\/strong><\/h3>\n\n<ul class=\"wp-block-list\">\n<li>V\u00fdkonnost: P\u0159enosn\u00fd monitor DroiX PM14 4K vynik\u00e1 rychlou odezvou a pohlcuj\u00edc\u00edm z\u00e1\u017eitkem ze sledov\u00e1n\u00ed d\u00edky obnovovac\u00ed frekvenci 60 Hz a rychlosti odezvy 2,5 ms, co\u017e zaji\u0161\u0165uje plynul\u00fd pohyb a ostr\u00fd obraz i p\u0159i rychl\u00fdch sc\u00e9n\u00e1ch. Nab\u00edz\u00ed sv\u00edtivost 500 cd\/m\u00b2 a kontrastn\u00ed pom\u011br 1500:1, co\u017e zaji\u0161\u0165uje vynikaj\u00edc\u00ed viditelnost v r\u016fzn\u00fdch sv\u011bteln\u00fdch podm\u00ednk\u00e1ch. <\/li>\n\n\n\n<li>P\u0159ipojen\u00ed: DroiX PM14 nab\u00edz\u00ed v\u0161estrann\u00e9 mo\u017enosti p\u0159ipojen\u00ed: dva porty USB-C pro nap\u00e1jen\u00ed a p\u0159enos dat videa, dal\u0161\u00ed port USB-C pro perifern\u00ed za\u0159\u00edzen\u00ed, jako jsou kl\u00e1vesnice a my\u0161i, port Mini HDMI pro b\u011b\u017en\u00e9 p\u0159ipojen\u00ed videa a audio konektor pro soukrom\u00fd poslech.<\/li>\n<\/ul>\n\n<figure class=\"wp-block-image aligncenter size-large\"><a href=\"https:\/\/droix.net\/wp-content\/uploads\/2024\/04\/interface.jpg\" target=\"_blank\" rel=\"noopener\"><img decoding=\"async\" src=\"https:\/\/droix.net\/wp-content\/uploads\/2024\/04\/interface-1024x1024.jpg\" alt=\"Obr&#xE1;zek p&#x159;enosn&#xE9;ho monitoru DroiX PM14, kter&#xFD; podporuje &#x161;irokou &#x161;k&#xE1;lu za&#x159;&#xED;zen&#xED; HDMI a Type-C a zvy&#x161;uje kompatibilitu nap&#x159;&#xED;&#x10D; digit&#xE1;ln&#xED;mi ekosyst&#xE9;my. Ide&#xE1;ln&#xED; pro hr&#xE1;&#x10D;e, tv&#x16F;r&#x10D;&#xED; profesion&#xE1;ly na po&#x10D;&#xED;ta&#x10D;&#xED;ch Mac a profesion&#xE1;ly v podnik&#xE1;n&#xED;, kte&#x159;&#xED; pot&#x159;ebuj&#xED; dal&#x161;&#xED; obrazovku. U&#x17E;ivatelsky p&#x159;&#xED;v&#x11B;tiv&#xFD; pro Windows s plug-and-play nastaven&#xED;m pro bezprobl&#xE9;mov&#xE9; pou&#x17E;&#xED;v&#xE1;n&#xED;  \" class=\"wp-image-178362\"\/><\/a><\/figure>\n\n<h3 class=\"wp-block-heading\"><strong>Zku\u0161enosti u\u017eivatel\u016f<\/strong><\/h3>\n\n<p>DroiX PM14 podporuje \u0161irokou \u0161k\u00e1lu za\u0159\u00edzen\u00ed HDMI a Type-C, \u010d\u00edm\u017e zaji\u0161\u0165uje kompatibilitu nap\u0159\u00ed\u010d r\u016fzn\u00fdmi digit\u00e1ln\u00edmi ekosyst\u00e9my. A\u0165 u\u017e jste hr\u00e1\u010d, kter\u00fd hled\u00e1 p\u0159enosn\u00fd monitor, kreativn\u00ed profesion\u00e1l pou\u017e\u00edvaj\u00edc\u00ed po\u010d\u00edta\u010d Mac, nebo obchodn\u00ed mana\u017eer, kter\u00fd pot\u0159ebuje dal\u0161\u00ed obrazovku pro prezentace, monitor PM14 se snadno p\u0159izp\u016fsob\u00ed va\u0161im pot\u0159eb\u00e1m. Vynik\u00e1 v prost\u0159ed\u00ed Windows d\u00edky u\u017eivatelsky p\u0159\u00edv\u011btiv\u00e9mu nastaven\u00ed plug-and-play, kter\u00e9 v\u00e1m umo\u017en\u00ed bezprobl\u00e9mov\u00fd p\u0159echod k pr\u00e1ci nebo z\u00e1bav\u011b bez jak\u00fdchkoli pot\u00ed\u017e\u00ed.  <\/p>\n\n<figure class=\"wp-block-image aligncenter size-large\"><a href=\"https:\/\/droix.net\/wp-content\/uploads\/2024\/04\/portable1.jpg\" target=\"_blank\" rel=\"noopener\"><img decoding=\"async\" src=\"https:\/\/droix.net\/wp-content\/uploads\/2024\/04\/portable1-1024x483.jpg\" alt=\"Obr&#xE1;zek p&#x159;enosn&#xE9;ho monitoru DroiX, 14palcov&#xFD;, 4K, ultratenk&#xFD;, lehk&#xFD; a p&#x159;enosn&#xFD;\" class=\"wp-image-178358\"\/><\/a><\/figure>\n\n<h3 class=\"wp-block-heading\"><strong>Z\u00e1v\u011br<\/strong><\/h3>\n\n<p>P\u0159enosn\u00fd monitor DroiX PM14 p\u0159edstavuje \u0161pi\u010dkov\u00e9 \u0159e\u0161en\u00ed, kter\u00e9 spojuje vynikaj\u00edc\u00ed funk\u010dnost, v\u00fdjime\u010dn\u00fd design a svobodu p\u0159enosu. Nen\u00ed to jen monitor; je to br\u00e1na ke zv\u00fd\u0161en\u00ed va\u0161\u00ed produktivity a z\u00e1bavy, a\u0165 jste kdekoli. <\/p>\n\n<p>Objevte budoucnost p\u0159enosn\u00fdch monitor\u016f pro notebooky s monitorem DroiX PM14. Nenechte si to uj\u00edt - rezervujte si sv\u00e9 za\u0159\u00edzen\u00ed nyn\u00ed a bu\u010fte mezi prvn\u00edmi, kdo si zlep\u0161\u00ed z\u00e1\u017eitek ze sledov\u00e1n\u00ed na cest\u00e1ch! <\/p>\n","protected":false},"excerpt":{"rendered":"<ul>\n<li>14&#8243; displej 4K<strong> HDR400<\/strong> <\/li>\n<li>100% pokryt\u00ed<strong> DCI-P3<\/strong> <\/li>\n<li>Jas 500 <strong>nit\u016f<\/strong> <\/li>\n<li><strong> Vestav\u011bn\u00fd<\/strong> stojan<\/li>\n<li> <strong> Vestav\u011bn\u00e9<\/strong> reproduktory<\/li>\n<\/ul>\n[cg_accordion title=\"INFORMACE O PLATB\u011a\"]<\/p>\n<p>Pou\u017e\u00edv\u00e1me nejnov\u011bj\u0161\u00ed technologie zpracov\u00e1n\u00ed plateb, kter\u00e9 v\u00e1m umo\u017e\u0148uj\u00ed prov\u00e9st platbu prost\u0159ednictv\u00edm Apple Pay, Google Pay, va\u0161\u00ed debetn\u00ed\/kreditn\u00ed karty, PayPal nebo metod BNPL, jako jsou Klarna, Affirm nebo AfterPay, a zajistit tak rychl\u00e9 a bezpe\u010dn\u00e9 zpracov\u00e1n\u00ed.[\/cg_accordion]\n[cg_accordion title=\"Z\u00c1RUKA\"]<\/p>\n<p>1 rok z\u00e1ruky od spole\u010dnosti <a href=\"https:\/\/droix.net\/\" target=\"_blank\" rel=\"nofollow noopener\">DROIX Global<\/a> pro v\u00e1\u0161 klid na du\u0161i[\/cg_accordion]\n[cg_accordion title=\"CENY, DAN\u011a A DOPRAVA\"]<\/p>\n<p><strong><u>Pozn\u00e1mka:<\/u><\/strong><\/p>\n<ul>\n<li>Z\u00e1kazn\u00edci ze Spojen\u00fdch st\u00e1t\u016f: Z\u00e1kazn\u00edci: Zobrazen\u00e1 cena NEZAHRNUJE DAN\u011a ani cla. Odpov\u011bdnost za celn\u00ed odbaven\u00ed a zaplacen\u00ed souvisej\u00edc\u00ed dan\u011b\/celn\u00ed sazby nese z\u00e1kazn\u00edk. <\/li>\n<li>Z\u00e1kazn\u00edci z EU: V zobrazen\u00e9 cen\u011b je zahrnuta p\u0159\u00edslu\u0161n\u00e1 DA\u0147, kter\u00e1 m\u016f\u017ee \u010dinit a\u017e 25 % v z\u00e1vislosti na va\u0161\u00ed zemi.<\/li>\n<li>Z\u00e1kazn\u00edci z Kanady: V z\u00e1vislosti na va\u0161\u00ed provincii m\u016f\u017ee zobrazen\u00e1 cena zahrnovat p\u0159\u00edslu\u0161n\u00e9 dan\u011b, kter\u00e9 mohou zahrnovat 5% GST a dal\u0161\u00ed provin\u010dn\u00ed dan\u011b z prodeje (PST), harmonizovanou da\u0148 z prodeje (HST) nebo quebeckou da\u0148 z prodeje (QST).<\/li>\n<\/ul>\n<p><strong>Pouze pro z\u00e1kazn\u00edky z EU:<\/strong> Expresn\u00ed DDP (Delivered Duty Paid). To znamen\u00e1: <\/p>\n<ul>\n<li>Ve\u0161ker\u00e1 cla a dan\u011b jsou zahrnuty v cen\u011b uveden\u00e9 na str\u00e1nce produktu.<\/li>\n<li>P\u0159i doru\u010den\u00ed nemus\u00edte platit \u017e\u00e1dn\u00e9 dal\u0161\u00ed poplatky.<\/li>\n<li>Ve v\u00fdjime\u010dn\u00fdch p\u0159\u00edpadech, kdy se vyskytnou probl\u00e9my souvisej\u00edc\u00ed s celn\u00edm \u0159\u00edzen\u00edm, se n\u00e1\u0161 t\u00fdm postar\u00e1 o celn\u00ed odbaven\u00ed va\u0161\u00edm jm\u00e9nem, aby bylo doru\u010den\u00ed bezprobl\u00e9mov\u00e9.<\/li>\n<p>D\u016fle\u017eit\u00e9 informace o vr\u00e1cen\u00ed zbo\u017e\u00ed:<\/p>\n<li>Pokud se rozhodnete objedn\u00e1vku vr\u00e1tit nebo po\u017e\u00e1dat o vr\u00e1cen\u00ed pen\u011bz, m\u011bjte na pam\u011bti, \u017ee dan\u011b a cla zaplacen\u00e9 za v\u00e1s podle podm\u00ednek DDP nelze vr\u00e1tit.<\/li>\n<p>Podrobn\u00e9 informace naleznete v na\u0161ich <a href=\"https:\/\/ayaneo.co\/cs\/podminky-sluzby\/\" target=\"_blank\" rel=\"nofollow noopener\">smluvn\u00edch podm\u00ednk\u00e1ch<\/a>.\n<\/ul>\n<p>[\/cg_accordion]\n[cg_accordion title=\"Z\u00c1KAZNICK\u00c1 PODPORA\"]<\/p>\n<p>M\u00e1te dotaz? V\u00e1\u0161 probl\u00e9m vy\u0159e\u0161\u00edme kr\u00e1tkou textovou zpr\u00e1vou!<br \/>\n[\/cg_accordion]\n","protected":false},"featured_media":15619,"template":"","meta":{"_acf_changed":false},"product_brand":[],"product_cat":[1160],"product_tag":[],"class_list":{"0":"post-15610","1":"product","2":"type-product","3":"status-publish","4":"has-post-thumbnail","6":"product_cat-prenosne-monitory","7":"product_shipping_class-standard","8":"pa_brand-droix","10":"first","11":"outofstock","12":"sale","13":"taxable","14":"shipping-taxable","15":"purchasable","16":"product-type-variable","17":"has-default-attributes"},"acf":[],"_links":{"self":[{"href":"https:\/\/ayaneo.co\/cs\/wp-json\/wp\/v2\/product\/15610","targetHints":{"allow":["GET"]}}],"collection":[{"href":"https:\/\/ayaneo.co\/cs\/wp-json\/wp\/v2\/product"}],"about":[{"href":"https:\/\/ayaneo.co\/cs\/wp-json\/wp\/v2\/types\/product"}],"wp:featuredmedia":[{"embeddable":true,"href":"https:\/\/ayaneo.co\/cs\/wp-json\/wp\/v2\/media\/15619"}],"wp:attachment":[{"href":"https:\/\/ayaneo.co\/cs\/wp-json\/wp\/v2\/media?parent=15610"}],"wp:term":[{"taxonomy":"product_brand","embeddable":true,"href":"https:\/\/ayaneo.co\/cs\/wp-json\/wp\/v2\/product_brand?post=15610"},{"taxonomy":"product_cat","embeddable":true,"href":"https:\/\/ayaneo.co\/cs\/wp-json\/wp\/v2\/product_cat?post=15610"},{"taxonomy":"product_tag","embeddable":true,"href":"https:\/\/ayaneo.co\/cs\/wp-json\/wp\/v2\/product_tag?post=15610"}],"curies":[{"name":"wp","href":"https:\/\/api.w.org\/{rel}","templated":true}]}}