{"id":15657,"date":"2025-01-28T11:06:31","date_gmt":"2025-01-28T11:06:31","guid":{"rendered":"https:\/\/ayaneo.co\/product\/156%e2%80%b3-prenosny-monitor-4k-s-adobe-rgb\/"},"modified":"2025-05-30T15:32:18","modified_gmt":"2025-05-30T15:32:18","slug":"156%e2%80%b3-prenosny-monitor-4k-s-adobe-rgb","status":"publish","type":"product","link":"https:\/\/ayaneo.co\/cs\/product\/156%e2%80%b3-prenosny-monitor-4k-s-adobe-rgb\/","title":{"rendered":"15,6\u2033 p\u0159enosn\u00fd monitor 4K s Adobe RGB"},"content":{"rendered":"\n<p>Za\u017eijte jedine\u010dn\u00fd obraz a v\u00fdkon s <strong>p\u0159enosn\u00fdm monitorem S23B-5 4K,<\/strong> \u0161pi\u010dkov\u00fdm \u0159e\u0161en\u00edm navr\u017een\u00fdm pro hr\u00e1\u010de, kreativn\u00ed profesion\u00e1ly a nad\u0161ence do produktivity na cest\u00e1ch. Tento 15,6palcov\u00fd p\u0159enosn\u00fd displej s ohromuj\u00edc\u00ed \u010distotou obrazu v rozli\u0161en\u00ed UHD, citlivou dotykovou obrazovkou a v\u0161estrann\u00fdm p\u0159ipojen\u00edm je va\u0161\u00edm dokonal\u00fdm spole\u010dn\u00edkem pro pr\u00e1ci i z\u00e1bavu. <\/p>\n\n<hr class=\"wp-block-separator has-alpha-channel-opacity\"\/>\n\n<h4 class=\"wp-block-heading\"><strong>Kl\u00ed\u010dov\u00e9 vlastnosti<\/strong><\/h4>\n\n<p><strong>Pohlcuj\u00edc\u00ed displej 4K UHD<\/strong><br\/>Pono\u0159te se do dechberouc\u00edho obrazu d\u00edky 15,6palcov\u00e9mu displeji 4K UHD (rozli\u0161en\u00ed 3840 x 2160), kter\u00fd o\u017eiv\u00ed ka\u017ed\u00fd detail. Vychutnejte si \u017eiv\u00e9 barvy a ostrost jako b\u0159itva, a\u0165 u\u017e hrajete hry, upravujete fotografie nebo streamujete obl\u00edben\u00e9 po\u0159ady. <\/p>\n\n<p><strong>Kapacitn\u00ed 10bodov\u00e1 dotykov\u00e1 obrazovka<\/strong><br\/>Navigujte bez n\u00e1mahy pomoc\u00ed kapacitn\u00ed 10bodov\u00e9 dotykov\u00e9 obrazovky, kter\u00e1 nab\u00edz\u00ed plynul\u00e9 a p\u0159esn\u00e9 ovl\u00e1d\u00e1n\u00ed. Tato funkce je ide\u00e1ln\u00ed pro zv\u011bt\u0161ov\u00e1n\u00ed, posouv\u00e1n\u00ed a kreslen\u00ed a zvy\u0161uje kreativitu a produktivitu na cest\u00e1ch. <\/p>\n\n<p><strong>P\u0159esnost barev na profesion\u00e1ln\u00ed \u00farovni<\/strong><br\/>D\u00edky 100% pokryt\u00ed barevn\u00e9ho prostoru Adobe RGB a 10bitov\u00e9 barevn\u00e9 hloubce zaji\u0161\u0165uje monitor S23B-5 v\u011brn\u00e9 barvy, tak\u017ee je ide\u00e1ln\u00ed pro \u00fapravy fotografi\u00ed, grafick\u00fd design a produkci videa.<\/p>\n\n<p><strong>Bezprobl\u00e9mov\u00e9 p\u0159ipojen\u00ed<\/strong><br\/>Pomoc\u00ed port\u016f HD Mini, Type-C a Micro-USB se snadno p\u0159ipoj\u00edte k notebook\u016fm, smartphon\u016fm, hern\u00edm konzol\u00edm a dal\u0161\u00edm za\u0159\u00edzen\u00edm. Roz\u0161i\u0159te snadno sv\u016fj pracovn\u00ed prostor nebo hern\u00ed sestavu kamkoli. <\/p>\n\n<p><strong>Vestav\u011bn\u00e1 baterie pro mobilitu<\/strong><br\/>Vestav\u011bn\u00e1 baterie s kapacitou 10 000 mAh poskytuje hodiny nep\u0159etr\u017eit\u00e9ho pou\u017e\u00edv\u00e1n\u00ed, tak\u017ee m\u016f\u017eete z\u016fstat produktivn\u00ed nebo se bavit, ani\u017e byste pot\u0159ebovali zdroj energie.<\/p>\n\n<p><strong>Prvot\u0159\u00eddn\u00ed design a p\u0159enosnost<\/strong><br\/>Tento lehk\u00fd a tenk\u00fd monitor (tlou\u0161\u0165ka pouh\u00fdch 9 mm) je vyroben z vysoce kvalitn\u00ed hlin\u00edkov\u00e9 slitiny a je odoln\u00fd a p\u0159enosn\u00fd. V\u00e1\u017e\u00ed pouh\u00fdch 1,3 kg, tak\u017ee se dokonale vejde do bra\u0161ny a usnadn\u00ed v\u00e1m cestov\u00e1n\u00ed. <\/p>\n\n<p><strong>Vylep\u0161en\u00fd zvukov\u00fd z\u00e1\u017eitek<\/strong><br\/>Integrovan\u00e9 du\u00e1ln\u00ed 1,0W reproduktory poskytuj\u00ed \u010dist\u00fd zvuk pro poutav\u00fd multimedi\u00e1ln\u00ed z\u00e1\u017eitek, a\u0165 u\u017e vedete videohovor, hrajete hry nebo sledujete filmy.<\/p>\n\n<p><strong>\u0160irok\u00e9 pozorovac\u00ed \u00fahly<\/strong><br\/>Vychutnejte si konzistentn\u00ed, \u017eiv\u00fd obraz z jak\u00e9hokoli \u00fahlu d\u00edky 85stup\u0148ov\u00e9mu pozorovac\u00edmu rozsahu, kter\u00fd je ide\u00e1ln\u00ed pro sd\u00edlen\u00ed obsahu nebo spolupr\u00e1ci.<\/p>\n\n<p><strong>Optimalizov\u00e1no pro hran\u00ed her<\/strong><br\/>Zlep\u0161ete sv\u00e9 hran\u00ed d\u00edky rychl\u00e9 dob\u011b odezvy 25 ms a p\u0159esn\u00e9 p\u0159esnosti barev. Pono\u0159te se do realistick\u00e9 grafiky a z\u00edskejte konkuren\u010dn\u00ed v\u00fdhodu. <\/p>\n\n<hr class=\"wp-block-separator has-alpha-channel-opacity\"\/>\n\n<h4 class=\"wp-block-heading\"><strong>Pro\u010d si vybrat S23B-5?<\/strong><\/h4>\n\n<ul class=\"wp-block-list\">\n<li><strong>P\u0159enositelnost:<\/strong> Tenk\u00fd a lehk\u00fd pro maxim\u00e1ln\u00ed pohodl\u00ed.<\/li>\n\n\n\n<li><strong>V\u0161estrannost:<\/strong> P\u0159ipojte se k v\u00edce za\u0159\u00edzen\u00edm a u\u017eijte si bezprobl\u00e9mov\u00fd z\u00e1\u017eitek.<\/li>\n\n\n\n<li><strong>Odolnost:<\/strong> Pr\u00e9miov\u00e1 hlin\u00edkov\u00e1 konstrukce pro dlouhodob\u00e9 pou\u017e\u00edv\u00e1n\u00ed.<\/li>\n\n\n\n<li><strong>Produktivita na cest\u00e1ch<\/strong>: Ide\u00e1ln\u00ed pro multitasking a roz\u0161\u00ed\u0159en\u00ed pracovn\u00edho prostoru.<\/li>\n<\/ul>\n\n<hr class=\"wp-block-separator has-alpha-channel-opacity\"\/>\n\n<h4 class=\"wp-block-heading\"><strong>Specifikace<\/strong><\/h4>\n\n<ul class=\"wp-block-list\">\n<li><strong>Velikost obrazovky<\/strong>: 15,6 palce<\/li>\n\n\n\n<li><strong>Usnesen\u00ed:<\/strong> 4K UHD (3840 x 2160)<\/li>\n\n\n\n<li><strong>Dotykov\u00fd displej:<\/strong> 10bodov\u00fd kapacitn\u00ed G+G laminovan\u00fd<\/li>\n\n\n\n<li><strong>Baterie:<\/strong> 10 000 mAh polymer<\/li>\n\n\n\n<li><strong>P\u0159\u00edstavy:<\/strong> HD Mini, Type-C (2), 3,5mm jack pro sluch\u00e1tka, Micro-USB<\/li>\n\n\n\n<li><strong>Hmotnost:<\/strong> 1,3 kg<\/li>\n<\/ul>\n\n<hr class=\"wp-block-separator has-alpha-channel-opacity\"\/>\n\n<h4 class=\"wp-block-heading\"><strong>V\u00fdhody a nev\u00fdhody<\/strong><\/h4>\n\n<p><strong>Klady:<\/strong><br\/>\u2714 Ultra HD obraz pro ohromuj\u00edc\u00ed detaily<br\/>\u2714 Plynul\u00e1 funkce dotykov\u00e9ho displeje<br\/>\u2714 Lehk\u00fd a p\u0159enosn\u00fd design<br\/>\u2714 Vestav\u011bn\u00e1 baterie pro pou\u017eit\u00ed na cest\u00e1ch<br\/>\u2714 \u0160irok\u00fd barevn\u00fd gamut pro profesion\u00e1ln\u00ed pr\u00e1ci.<\/p>\n\n<p><strong>Nev\u00fdhody:<\/strong><br\/>\u2796 K dispozici v jedin\u00e9 15,6palcov\u00e9 velikosti<br\/>\u2796 Vestav\u011bn\u00e9 reproduktory mohou audiofil\u016fm chyb\u011bt hloubky.<\/p>\n\n<hr class=\"wp-block-separator has-alpha-channel-opacity\"\/>\n\n<p>Vylep\u0161ete sv\u016fj mobiln\u00ed z\u00e1\u017eitek ze zobrazov\u00e1n\u00ed pomoc\u00ed <strong>p\u0159enosn\u00e9ho monitoru S23B-5 4K - va\u0161\u00ed<\/strong>br\u00e1ny k nekompromisn\u00ed kvalit\u011b a v\u00fdkonu, a\u0165 u\u017e v\u00e1s \u017eivot zavede kamkoli.<\/p>\n","protected":false},"excerpt":{"rendered":"<ul>\n<li><strong>100% barevn\u00fd<\/strong> gamut <strong>Adobe<\/strong> <strong>15,6palcov\u00fd<\/strong> p\u0159enosn\u00fd monitor <strong>UHD 4K<\/strong> <\/li>\n<li>10bodov\u00fd kapacitn\u00ed dotykov\u00fd monitor<\/li>\n<li>Dotykov\u00fd displej Kompatibiln\u00ed se <strong>syst\u00e9mem MacOS<\/strong><\/li>\n<li>Vestav\u011bn\u00e1 baterie 10000 mAh<\/li>\n<li><strong>Nap\u00e1jen\u00ed p\u0159es USB<\/strong>, podpora mini-HDMI, USB Type-C<\/li>\n<\/ul>\n[cg_accordion title=\"INFORMACE O PLATB\u011a\"]<\/p>\n<p>Pou\u017e\u00edv\u00e1me nejnov\u011bj\u0161\u00ed technologie zpracov\u00e1n\u00ed plateb, kter\u00e9 v\u00e1m umo\u017e\u0148uj\u00ed prov\u00e9st platbu prost\u0159ednictv\u00edm Apple Pay, Google Pay, va\u0161\u00ed debetn\u00ed\/kreditn\u00ed karty, PayPal nebo metod BNPL, jako jsou Klarna, Affirm nebo AfterPay, a zajistit tak rychl\u00e9 a bezpe\u010dn\u00e9 zpracov\u00e1n\u00ed.[\/cg_accordion]\n[cg_accordion title=\"Z\u00c1RUKA\"]<\/p>\n<p>1 rok z\u00e1ruky od spole\u010dnosti <a href=\"https:\/\/droix.net\/\" target=\"_blank\" rel=\"nofollow noopener\">DROIX Global<\/a> pro v\u00e1\u0161 klid na du\u0161i[\/cg_accordion]\n[cg_accordion title=\"CENY, DAN\u011a A DOPRAVA\"]<\/p>\n<p><strong><u>Pozn\u00e1mka:<\/u><\/strong><\/p>\n<ul>\n<li>Z\u00e1kazn\u00edci ze Spojen\u00fdch st\u00e1t\u016f: Z\u00e1kazn\u00edci: Zobrazen\u00e1 cena NEZAHRNUJE DAN\u011a ani cla. Odpov\u011bdnost za celn\u00ed odbaven\u00ed a zaplacen\u00ed souvisej\u00edc\u00ed dan\u011b\/celn\u00ed sazby nese z\u00e1kazn\u00edk. <\/li>\n<li>Z\u00e1kazn\u00edci z EU: V zobrazen\u00e9 cen\u011b je zahrnuta p\u0159\u00edslu\u0161n\u00e1 DA\u0147, kter\u00e1 m\u016f\u017ee \u010dinit a\u017e 25 % v z\u00e1vislosti na va\u0161\u00ed zemi.<\/li>\n<li>Z\u00e1kazn\u00edci z Kanady: V z\u00e1vislosti na va\u0161\u00ed provincii m\u016f\u017ee zobrazen\u00e1 cena zahrnovat p\u0159\u00edslu\u0161n\u00e9 dan\u011b, kter\u00e9 mohou zahrnovat 5% GST a dal\u0161\u00ed provin\u010dn\u00ed dan\u011b z prodeje (PST), harmonizovanou da\u0148 z prodeje (HST) nebo quebeckou da\u0148 z prodeje (QST).<\/li>\n<\/ul>\n<p><strong>Pouze pro z\u00e1kazn\u00edky z EU:<\/strong> Expresn\u00ed DDP (Delivered Duty Paid). To znamen\u00e1: <\/p>\n<ul>\n<li>Ve\u0161ker\u00e1 cla a dan\u011b jsou zahrnuty v cen\u011b uveden\u00e9 na str\u00e1nce produktu.<\/li>\n<li>P\u0159i doru\u010den\u00ed nemus\u00edte platit \u017e\u00e1dn\u00e9 dal\u0161\u00ed poplatky.<\/li>\n<li>Ve v\u00fdjime\u010dn\u00fdch p\u0159\u00edpadech, kdy se vyskytnou probl\u00e9my souvisej\u00edc\u00ed s celn\u00edm \u0159\u00edzen\u00edm, se n\u00e1\u0161 t\u00fdm postar\u00e1 o celn\u00ed odbaven\u00ed va\u0161\u00edm jm\u00e9nem, aby bylo doru\u010den\u00ed bezprobl\u00e9mov\u00e9.<\/li>\n<p>D\u016fle\u017eit\u00e9 informace o vr\u00e1cen\u00ed zbo\u017e\u00ed:<\/p>\n<li>Pokud se rozhodnete objedn\u00e1vku vr\u00e1tit nebo po\u017e\u00e1dat o vr\u00e1cen\u00ed pen\u011bz, m\u011bjte na pam\u011bti, \u017ee dan\u011b a cla zaplacen\u00e9 za v\u00e1s podle podm\u00ednek DDP nelze vr\u00e1tit.<\/li>\n<p>Podrobn\u00e9 informace naleznete v na\u0161ich <a href=\"https:\/\/ayaneo.co\/terms-of-service-2\/\" target=\"_blank\" rel=\"nofollow noopener\">smluvn\u00edch podm\u00ednk\u00e1ch<\/a>.\n<\/ul>\n<p>[\/cg_accordion]\n[cg_accordion title=\"Z\u00c1KAZNICK\u00c1 PODPORA\"]<\/p>\n<p>M\u00e1te dotaz? V\u00e1\u0161 probl\u00e9m vy\u0159e\u0161\u00edme kr\u00e1tkou textovou zpr\u00e1vou!<br \/>\n[\/cg_accordion]\n","protected":false},"featured_media":15660,"template":"","meta":{"_acf_changed":false},"product_brand":[],"product_cat":[1160],"product_tag":[],"class_list":{"0":"post-15657","1":"product","2":"type-product","3":"status-publish","4":"has-post-thumbnail","6":"product_cat-prenosne-monitory","7":"product_shipping_class-standard","8":"pa_brand-droix","10":"first","11":"outofstock","12":"sale","13":"taxable","14":"shipping-taxable","15":"purchasable","16":"product-type-variable","17":"has-default-attributes"},"acf":[],"_links":{"self":[{"href":"https:\/\/ayaneo.co\/cs\/wp-json\/wp\/v2\/product\/15657","targetHints":{"allow":["GET"]}}],"collection":[{"href":"https:\/\/ayaneo.co\/cs\/wp-json\/wp\/v2\/product"}],"about":[{"href":"https:\/\/ayaneo.co\/cs\/wp-json\/wp\/v2\/types\/product"}],"wp:featuredmedia":[{"embeddable":true,"href":"https:\/\/ayaneo.co\/cs\/wp-json\/wp\/v2\/media\/15660"}],"wp:attachment":[{"href":"https:\/\/ayaneo.co\/cs\/wp-json\/wp\/v2\/media?parent=15657"}],"wp:term":[{"taxonomy":"product_brand","embeddable":true,"href":"https:\/\/ayaneo.co\/cs\/wp-json\/wp\/v2\/product_brand?post=15657"},{"taxonomy":"product_cat","embeddable":true,"href":"https:\/\/ayaneo.co\/cs\/wp-json\/wp\/v2\/product_cat?post=15657"},{"taxonomy":"product_tag","embeddable":true,"href":"https:\/\/ayaneo.co\/cs\/wp-json\/wp\/v2\/product_tag?post=15657"}],"curies":[{"name":"wp","href":"https:\/\/api.w.org\/{rel}","templated":true}]}}