{"id":15706,"date":"2025-01-28T11:49:32","date_gmt":"2025-01-28T11:49:32","guid":{"rendered":"https:\/\/ayaneo.co\/product\/156-prenosny-monitor-4k-s-dotykovou-obrazovkou\/"},"modified":"2025-05-30T15:32:30","modified_gmt":"2025-05-30T15:32:30","slug":"156-prenosny-monitor-4k-s-dotykovou-obrazovkou","status":"publish","type":"product","link":"https:\/\/ayaneo.co\/cs\/product\/156-prenosny-monitor-4k-s-dotykovou-obrazovkou\/","title":{"rendered":"15,6&#8243; p\u0159enosn\u00fd monitor 4K s dotykovou obrazovkou"},"content":{"rendered":"\n<p>Posu\u0148te sv\u016fj vizu\u00e1ln\u00ed z\u00e1\u017eitek na vy\u0161\u0161\u00ed \u00farove\u0148 s <strong>p\u0159enosn\u00fdm monitorem S23b-1 4K,<\/strong> elegantn\u00edm a v\u00fdkonn\u00fdm \u0159e\u0161en\u00edm pro profesion\u00e1ly, hr\u00e1\u010de a tv\u016frce. Tento p\u0159enosn\u00fd monitor se py\u0161n\u00ed <strong>15,6palcov\u00fdm displejem s rozli\u0161en\u00edm 4K UHD<\/strong> a poskytuje ohromuj\u00edc\u00ed \u010distotu, \u017eiv\u00e9 barvy a p\u0159esn\u00e9 detaily, tak\u017ee ka\u017ed\u00fd obraz a video o\u017eije. A\u0165 u\u017e upravujete, navrhujete nebo hrajete hry, monitor <strong>S23b-1<\/strong> je dokonal\u00fdm spole\u010dn\u00edkem pro produktivitu a z\u00e1bavu na cest\u00e1ch.  <\/p>\n\n<hr class=\"wp-block-separator has-alpha-channel-opacity\"\/>\n\n<h4 class=\"wp-block-heading\"><strong>Pohlcuj\u00edc\u00ed displej 4K UHD<\/strong><\/h4>\n\n<p>Vychutnejte si jedine\u010dnou vizu\u00e1ln\u00ed brilanci na <strong>15,6palcov\u00e9m TFT panelu IPS LCD <\/strong> s <strong>rozli\u0161en\u00edm 3840 x 2160<\/strong> a \u0161irok\u00fdmi pozorovac\u00edmi \u00fahly. S23b-1 zaji\u0161\u0165uje vynikaj\u00edc\u00ed p\u0159esnost barev, tak\u017ee je ide\u00e1ln\u00ed pro \u00fapravy fotografi\u00ed ve vysok\u00e9m rozli\u0161en\u00ed, slo\u017eit\u00e9 grafick\u00e9 n\u00e1vrhy a pohlcuj\u00edc\u00ed hry. <\/p>\n\n<hr class=\"wp-block-separator has-alpha-channel-opacity\"\/>\n\n<h4 class=\"wp-block-heading\"><strong>P\u0159esnost dotykov\u00e9 obrazovky<\/strong><\/h4>\n\n<p>Snadno se pohybujte pomoc\u00ed <strong>kapacitn\u00ed dotykov\u00e9 obrazovky G+G<\/strong>, kter\u00e1 poskytuje <strong>citliv\u00e9 a intuitivn\u00ed ovl\u00e1d\u00e1n\u00ed<\/strong>. Funkce dotykov\u00e9 obrazovky zlep\u0161uj\u00ed pracovn\u00ed postupy, a\u0165 u\u017e proch\u00e1z\u00edte dokumenty, zv\u011bt\u0161ujete obr\u00e1zky nebo spravujete aplikace. <\/p>\n\n<hr class=\"wp-block-separator has-alpha-channel-opacity\"\/>\n\n<h4 class=\"wp-block-heading\"><strong>V\u0161estrann\u00e9 p\u0159ipojen\u00ed<\/strong><\/h4>\n\n<p>Snadn\u00e9 p\u0159ipojen\u00ed k v\u00edce za\u0159\u00edzen\u00edm pomoc\u00ed:<\/p>\n\n<ul class=\"wp-block-list\">\n<li><strong>Miniaturn\u00ed port HDMI pro<\/strong> bezprobl\u00e9mov\u00fd vstup videa.<\/li>\n\n\n\n<li><strong>Dva porty typu C pro<\/strong> nap\u00e1jen\u00ed a vysokorychlostn\u00ed p\u0159enos dat.<\/li>\n\n\n\n<li><strong>Port Micro-USB pro<\/strong> perifern\u00ed za\u0159\u00edzen\u00ed, jako jsou kl\u00e1vesnice a my\u0161i.<\/li>\n\n\n\n<li><strong>3,5mm port pro sluch\u00e1tka pro<\/strong> soukrom\u00fd poslech zvuku.<\/li>\n<\/ul>\n\n<hr class=\"wp-block-separator has-alpha-channel-opacity\"\/>\n\n<h4 class=\"wp-block-heading\"><strong>Lehk\u00fd a p\u0159enosn\u00fd design<\/strong><\/h4>\n\n<p>Model S23b-1 je vyroben z <strong>odoln\u00e9 hlin\u00edkov\u00e9 slitiny<\/strong> a m\u00e1 \u0161t\u00edhl\u00fd, lehk\u00fd profil, kter\u00fd se snadno p\u0159en\u00e1\u0161\u00ed. P\u0159ilo\u017een\u00e9 <strong>skl\u00e1dac\u00ed pouzdro slou\u017e\u00ed jako stoj\u00e1nek<\/strong> a nab\u00edz\u00ed stabilitu na jak\u00e9mkoli povrchu, a\u0165 u\u017e jste doma, v kancel\u00e1\u0159i nebo na cest\u00e1ch. <\/p>\n\n<hr class=\"wp-block-separator has-alpha-channel-opacity\"\/>\n\n<h4 class=\"wp-block-heading\"><strong>Kl\u00ed\u010dov\u00e9 vlastnosti<\/strong><\/h4>\n\n<ul class=\"wp-block-list\">\n<li><strong>Zobrazen\u00ed:<\/strong> 15,6&#8243; panel 4K UHD (3840 x 2160) IPS <\/li>\n\n\n\n<li><strong>Dotykov\u00fd displej:<\/strong> Kapacitn\u00ed G+G pro p\u0159esnou interakci<\/li>\n\n\n\n<li><strong>P\u0159ipojen\u00ed:<\/strong> Mini HDMI, du\u00e1ln\u00ed Type-C, Micro-USB, 3,5mm jack pro sluch\u00e1tka<\/li>\n\n\n\n<li><strong>Sestaven\u00ed:<\/strong> Hlin\u00edkov\u00e1 slitina pro odolnost a styl<\/li>\n\n\n\n<li><strong>P\u0159enositelnost:<\/strong> Tenk\u00e9 a lehk\u00e9 pouzdro se skl\u00e1dac\u00edm stoj\u00e1nkem<\/li>\n<\/ul>\n\n<hr class=\"wp-block-separator has-alpha-channel-opacity\"\/>\n\n<h4 class=\"wp-block-heading\"><strong>Klady<\/strong><\/h4>\n\n<p>\u2714 Ohromuj\u00edc\u00ed <strong>4K UHD displej<\/strong> pro neuv\u011b\u0159iteln\u00fd obraz.<br\/>\u2714 <strong>V\u0161estrann\u00e1 konektivita<\/strong> s porty HDMI a Type-C.<br\/>\u2714 Odoln\u00fd, <strong>elegantn\u00ed<\/strong> design z <strong>hlin\u00edkov\u00e9 slitiny<\/strong>.<br\/>\u2714 <strong>Citliv\u00fd dotykov\u00fd displej<\/strong> pro intuitivn\u00ed interakci.<\/p>\n\n<hr class=\"wp-block-separator has-alpha-channel-opacity\"\/>\n\n<h4 class=\"wp-block-heading\"><strong>Nev\u00fdhody<\/strong><\/h4>\n\n<p>\u2796 Omezeno na <strong>15,6palcovou obrazovku<\/strong>.<br\/>\u2796 <strong>Vestav\u011bn\u00e9 reproduktory<\/strong> nemus\u00ed uspokojit audiofily.<\/p>\n\n<hr class=\"wp-block-separator has-alpha-channel-opacity\"\/>\n\n<h3 class=\"wp-block-heading\"><strong>Ide\u00e1ln\u00ed pro ka\u017edou pot\u0159ebu<\/strong><\/h3>\n\n<p>A\u0165 u\u017e jste <strong>kreativn\u00ed profesion\u00e1l<\/strong>, <strong>v\u00e1\u0161niv\u00fd hr\u00e1\u010d<\/strong> nebo <strong>nad\u0161enec na cest\u00e1ch<\/strong>, p\u0159enosn\u00fd monitor S23b-1 4K poskytuje v\u00fdjime\u010dn\u00fd v\u00fdkon v kompaktn\u00edm a stylov\u00e9m balen\u00ed. Pozvedn\u011bte sv\u016fj vizu\u00e1ln\u00ed z\u00e1\u017eitek, a\u0165 jste kdekoli, d\u00edky dokonal\u00e9 kombinaci p\u0159enosnosti, p\u0159esnosti a v\u00fdkonu. <\/p>\n","protected":false},"excerpt":{"rendered":"<ul>\n<li><strong>15,6&#8243;<\/strong> p\u0159enosn\u00fd monitor <strong>4K<\/strong> s dotykovou obrazovkou pro vysok\u00e9 rozli\u0161en\u00ed<\/li>\n<li>Kompaktn\u00ed rozm\u011bry 14,17 x 8,4 x 0,43 palce a <strong>hmotnost 920 g.<\/strong><\/li>\n<li>Dotykov\u00fd displej Kompatibiln\u00ed se <strong>syst\u00e9mem MacOS<\/strong><\/li>\n<li>Dotykov\u00e1 obrazovka <strong>podporuje dotykov\u00fd vstup na<\/strong> kompatibiln\u00edch za\u0159\u00edzen\u00edch<\/li>\n<li><strong>Nap\u00e1jen\u00ed p\u0159es USB<\/strong>, podpora mini-HDMI, USB Type-C<\/li>\n<\/ul>\n[cg_accordion title=\"INFORMACE O PLATB\u011a\"]<\/p>\n<p>Pou\u017e\u00edv\u00e1me nejnov\u011bj\u0161\u00ed technologie zpracov\u00e1n\u00ed plateb, kter\u00e9 v\u00e1m umo\u017e\u0148uj\u00ed prov\u00e9st platbu prost\u0159ednictv\u00edm Apple Pay, Google Pay, va\u0161\u00ed debetn\u00ed\/kreditn\u00ed karty, PayPal nebo metod BNPL, jako jsou Klarna, Affirm nebo AfterPay, a zajistit tak rychl\u00e9 a bezpe\u010dn\u00e9 zpracov\u00e1n\u00ed.[\/cg_accordion]\n[cg_accordion title=\"Z\u00c1RUKA\"]<\/p>\n<p>1 rok z\u00e1ruky od spole\u010dnosti <a href=\"https:\/\/droix.net\/\" target=\"_blank\" rel=\"nofollow noopener\">DROIX Global<\/a> pro v\u00e1\u0161 klid na du\u0161i[\/cg_accordion]\n[cg_accordion title=\"CENY, DAN\u011a A DOPRAVA\"]<\/p>\n<p><strong><u>Pozn\u00e1mka:<\/u><\/strong><\/p>\n<ul>\n<li>Z\u00e1kazn\u00edci ze Spojen\u00fdch st\u00e1t\u016f: Z\u00e1kazn\u00edci: Zobrazen\u00e1 cena NEZAHRNUJE DAN\u011a ani cla. Odpov\u011bdnost za celn\u00ed odbaven\u00ed a zaplacen\u00ed souvisej\u00edc\u00ed dan\u011b\/celn\u00ed sazby nese z\u00e1kazn\u00edk. <\/li>\n<li>Z\u00e1kazn\u00edci z EU: V zobrazen\u00e9 cen\u011b je zahrnuta p\u0159\u00edslu\u0161n\u00e1 DA\u0147, kter\u00e1 m\u016f\u017ee \u010dinit a\u017e 25 % v z\u00e1vislosti na va\u0161\u00ed zemi.<\/li>\n<li>Z\u00e1kazn\u00edci z Kanady: V z\u00e1vislosti na va\u0161\u00ed provincii m\u016f\u017ee zobrazen\u00e1 cena zahrnovat p\u0159\u00edslu\u0161n\u00e9 dan\u011b, kter\u00e9 mohou zahrnovat 5% GST a dal\u0161\u00ed provin\u010dn\u00ed dan\u011b z prodeje (PST), harmonizovanou da\u0148 z prodeje (HST) nebo quebeckou da\u0148 z prodeje (QST).<\/li>\n<\/ul>\n<p><strong>Pouze pro z\u00e1kazn\u00edky z EU:<\/strong> Expresn\u00ed DDP (Delivered Duty Paid). To znamen\u00e1: <\/p>\n<ul>\n<li>Ve\u0161ker\u00e1 cla a dan\u011b jsou zahrnuty v cen\u011b uveden\u00e9 na str\u00e1nce produktu.<\/li>\n<li>P\u0159i doru\u010den\u00ed nemus\u00edte platit \u017e\u00e1dn\u00e9 dal\u0161\u00ed poplatky.<\/li>\n<li>Ve v\u00fdjime\u010dn\u00fdch p\u0159\u00edpadech, kdy se vyskytnou probl\u00e9my souvisej\u00edc\u00ed s celn\u00edm \u0159\u00edzen\u00edm, se n\u00e1\u0161 t\u00fdm postar\u00e1 o celn\u00ed odbaven\u00ed va\u0161\u00edm jm\u00e9nem, aby bylo doru\u010den\u00ed bezprobl\u00e9mov\u00e9.<\/li>\n<p>D\u016fle\u017eit\u00e9 informace o vr\u00e1cen\u00ed zbo\u017e\u00ed:<\/p>\n<li>Pokud se rozhodnete objedn\u00e1vku vr\u00e1tit nebo po\u017e\u00e1dat o vr\u00e1cen\u00ed pen\u011bz, m\u011bjte na pam\u011bti, \u017ee dan\u011b a cla zaplacen\u00e9 za v\u00e1s podle podm\u00ednek DDP nelze vr\u00e1tit.<\/li>\n<p>Podrobn\u00e9 informace naleznete v na\u0161ich <a href=\"https:\/\/ayaneo.co\/terms-of-service-2\/\" target=\"_blank\" rel=\"nofollow noopener\">smluvn\u00edch podm\u00ednk\u00e1ch<\/a>.\n<\/ul>\n<p>[\/cg_accordion]\n[cg_accordion title=\"Z\u00c1KAZNICK\u00c1 PODPORA\"]<\/p>\n<p>M\u00e1te dotaz? V\u00e1\u0161 probl\u00e9m vy\u0159e\u0161\u00edme kr\u00e1tkou textovou zpr\u00e1vou!<br \/>\n[\/cg_accordion]\n","protected":false},"featured_media":15714,"template":"","meta":{"_acf_changed":false},"product_brand":[],"product_cat":[1160],"product_tag":[],"class_list":{"0":"post-15706","1":"product","2":"type-product","3":"status-publish","4":"has-post-thumbnail","6":"product_cat-prenosne-monitory","7":"product_shipping_class-standard","8":"pa_brand-droix","10":"first","11":"outofstock","12":"sale","13":"taxable","14":"shipping-taxable","15":"purchasable","16":"product-type-variable","17":"has-default-attributes"},"acf":[],"_links":{"self":[{"href":"https:\/\/ayaneo.co\/cs\/wp-json\/wp\/v2\/product\/15706","targetHints":{"allow":["GET"]}}],"collection":[{"href":"https:\/\/ayaneo.co\/cs\/wp-json\/wp\/v2\/product"}],"about":[{"href":"https:\/\/ayaneo.co\/cs\/wp-json\/wp\/v2\/types\/product"}],"wp:featuredmedia":[{"embeddable":true,"href":"https:\/\/ayaneo.co\/cs\/wp-json\/wp\/v2\/media\/15714"}],"wp:attachment":[{"href":"https:\/\/ayaneo.co\/cs\/wp-json\/wp\/v2\/media?parent=15706"}],"wp:term":[{"taxonomy":"product_brand","embeddable":true,"href":"https:\/\/ayaneo.co\/cs\/wp-json\/wp\/v2\/product_brand?post=15706"},{"taxonomy":"product_cat","embeddable":true,"href":"https:\/\/ayaneo.co\/cs\/wp-json\/wp\/v2\/product_cat?post=15706"},{"taxonomy":"product_tag","embeddable":true,"href":"https:\/\/ayaneo.co\/cs\/wp-json\/wp\/v2\/product_tag?post=15706"}],"curies":[{"name":"wp","href":"https:\/\/api.w.org\/{rel}","templated":true}]}}