{"id":15734,"date":"2025-01-29T11:19:41","date_gmt":"2025-01-29T11:19:41","guid":{"rendered":"https:\/\/ayaneo.co\/product\/droix-nh8-usb-hub-s-nvme\/"},"modified":"2025-06-16T15:10:22","modified_gmt":"2025-06-16T15:10:22","slug":"droix-nh8-usb-hub-s-nvme","status":"publish","type":"product","link":"https:\/\/ayaneo.co\/cs\/product\/droix-nh8-usb-hub-s-nvme\/","title":{"rendered":"DroiX NH8 USB Hub s NVMe"},"content":{"rendered":"\n<h2 class=\"wp-block-heading\"><strong>Rozbo\u010dova\u010d DroiX NH8 se slotem NVMe - dokonal\u00fd rozbo\u010dova\u010d pro p\u0159ipojen\u00ed v\u0161e v jednom!<\/strong><\/h2>\n\n<h4 class=\"wp-block-heading\"><strong>Bleskov\u011b rychl\u00fd gigabitov\u00fd Ethernet<\/strong><\/h4>\n\n<p>U\u017eijte si bezprobl\u00e9mov\u00e9 vysokorychlostn\u00ed p\u0159ipojen\u00ed s <strong>rozbo\u010dova\u010dem DroiX NH8<\/strong>! Jeho <strong>gigabitov\u00fd ethernetov\u00fd port 10\/100\/1000M<\/strong> zaji\u0161\u0165uje <strong>stabiln\u00ed p\u0159ipojen\u00ed k internetu bez zpo\u017ed\u011bn\u00ed - ide\u00e1ln\u00ed pro<\/strong>hran\u00ed her, streamov\u00e1n\u00ed a \u00falohy s vysokou \u0161\u00ed\u0159kou p\u00e1sma. Rozlu\u010dte se s p\u0159eru\u0161ov\u00e1n\u00edm p\u0159ipojen\u00ed Wi-Fi a u\u017eijte si <strong>konzistentn\u00ed v\u00fdkon s kabelovou rychlost\u00ed<\/strong>. <\/p>\n\n<h4 class=\"wp-block-heading\"><strong>Ohromuj\u00edc\u00ed v\u00fdstup videa 4K<\/strong><\/h4>\n\n<p>Zlep\u0161ete sv\u016fj vizu\u00e1ln\u00ed z\u00e1\u017eitek d\u00edky <strong>podpo\u0159e HDMI 2.0<\/strong>, kter\u00e9 poskytuje <strong>rozli\u0161en\u00ed<\/strong> a\u017e <strong>4096&#215;2160 p\u0159i 60 Hz<\/strong>. A\u0165 u\u017e <strong>sledujete filmy, prezentujete pr\u00e1ci nebo hrajete hry ve vysok\u00e9m rozli\u0161en\u00ed<\/strong>, vychutnejte si mimo\u0159\u00e1dn\u011b ostr\u00fd obraz, \u017eiv\u00e9 barvy a <strong>m\u00e1slov\u011b hladk\u00fd pohyb<\/strong>. <\/p>\n\n<h4 class=\"wp-block-heading\"><strong>Snadn\u00e9 roz\u0161\u00ed\u0159en\u00ed \u00falo\u017ei\u0161t\u011b<\/strong><\/h4>\n\n<p>Doch\u00e1z\u00ed v\u00e1m m\u00edsto? <strong>Rozbo\u010dova\u010d DroiX NH8<\/strong> je vybaven <strong>integrovan\u00fdm slotem PCIe NVMe<\/strong>, kter\u00fd nab\u00edz\u00ed bleskov\u00e9 roz\u0161\u00ed\u0159en\u00ed \u00falo\u017ei\u0161t\u011b. Tato funkce je ide\u00e1ln\u00ed pro <strong>vysokorychlostn\u00ed p\u0159enosy dat, velk\u00e9 soubory a vysoce v\u00fdkonn\u00e9 aplikace<\/strong>, tak\u017ee v\u00e1\u0161 syst\u00e9m bude fungovat efektivn\u011b.  <\/p>\n\n<h4 class=\"wp-block-heading\"><strong>Superrychl\u00e9 p\u0159enosy dat<\/strong><\/h4>\n\n<p>D\u00edky <strong>portu USB typu A 3.0<\/strong> p\u0159enesete velk\u00e9 soubory b\u011bhem chvilky. A\u0165 u\u017e z\u00e1lohujete data, synchronizujete za\u0159\u00edzen\u00ed nebo <strong>nap\u00e1j\u00edte perifern\u00ed za\u0159\u00edzen\u00ed<\/strong>, vyu\u017eijte <strong>rychl\u00fd p\u0159enos dat,<\/strong> kter\u00fd zefektivn\u00ed va\u0161i pr\u00e1ci. <\/p>\n\n<h4 class=\"wp-block-heading\"><strong>Univerz\u00e1ln\u00ed kompatibilita s USB typu C<\/strong><\/h4>\n\n<p><strong>Rozbo\u010dova\u010d NH8<\/strong> je vybaven <strong>univerz\u00e1ln\u00edm p\u0159ipojen\u00edm USB typu C<\/strong> a zaji\u0161\u0165uje <strong>\u0161irokou kompatibilitu za\u0159\u00edzen\u00ed<\/strong>. U\u017e\u00edvejte si <strong>rychl\u00fd p\u0159enos dat, efektivn\u00ed nap\u00e1jen\u00ed a bezprobl\u00e9mov\u00e9 p\u0159ipojen\u00ed<\/strong> <strong>notebook\u016f, miniaturn\u00edch po\u010d\u00edta\u010d\u016f, hern\u00edch za\u0159\u00edzen\u00ed a dal\u0161\u00edch za\u0159\u00edzen\u00ed - to v\u0161e<\/strong>pomoc\u00ed jedin\u00e9ho kabelu. <\/p>\n\n<h4 class=\"wp-block-heading\"><strong>Bezprobl\u00e9mov\u00fd p\u0159\u00edstup k m\u00e9di\u00edm<\/strong><\/h4>\n\n<p>D\u00edky <strong>vestav\u011bn\u00e9 \u010dte\u010dce karet SD a Micro SD<\/strong> umo\u017e\u0148uje <strong>rozbo\u010dova\u010d DroiX NH8<\/strong> snadn\u00fd <strong>p\u0159\u00edstup k soubor\u016fm, jejich p\u0159enos a z\u00e1lohov\u00e1n\u00ed<\/strong>. A\u0165 u\u017e jde o fotografie, videa nebo d\u016fle\u017eit\u00e9 dokumenty, z\u00edskejte rychl\u00fd p\u0159\u00edstup ke sv\u00fdm m\u00e9di\u00edm bez dal\u0161\u00edch adapt\u00e9r\u016f. <\/p>\n\n<h4 class=\"wp-block-heading\"><strong>Bezkonkuren\u010dn\u00ed v\u0161estrannost a v\u00fdkonnost<\/strong><\/h4>\n\n<p><strong>Rozbo\u010dova\u010d DroiX NH8<\/strong> je ur\u010den pro <strong>po\u010d\u00edta\u010de, notebooky, mini po\u010d\u00edta\u010de a hern\u00ed kapesn\u00ed po\u010d\u00edta\u010de<\/strong> a je v\u00edce ne\u017e jen dopl\u0148kem - je to <strong>z\u00e1kladn\u00ed \u0159e\u0161en\u00ed p\u0159ipojen\u00ed<\/strong>. Je <strong>kompaktn\u00ed, v\u00fdkonn\u00fd a spolehliv\u00fd<\/strong> a p\u0159edstavuje <strong>dokonal\u00fd n\u00e1stroj<\/strong> pro pr\u00e1ci, z\u00e1bavu a v\u0161e mezi t\u00edm.<\/p>\n\n<h3 class=\"wp-block-heading\"><strong>Vylep\u0161ete sv\u00e9 p\u0159ipojen\u00ed pomoc\u00ed rozbo\u010dova\u010de DroiX NH8!<\/strong><\/h3>\n\n<p>Za\u017eijte <strong>v\u00fdkon a pohodl\u00ed na nejvy\u0161\u0161\u00ed \u00farovni<\/strong> s rozbo\u010dova\u010dem, kter\u00fd je zkonstruov\u00e1n pro <strong>rychlost, efektivitu a v\u0161estrannost<\/strong>. <strong>Zjednodu\u0161te sv\u00e9 nastaven\u00ed a vylep\u0161ete sv\u00e9 pracovn\u00ed postupy je\u0161t\u011b dnes!<\/strong><\/p>\n\n<p>Postupn\u00e9 nastaven\u00ed naleznete v na\u0161em <strong>pr\u016fvodci Za\u010d\u00edn\u00e1me s rozbo\u010dova\u010dem USB DroiX NH8<\/strong>.<\/p>\n\n<p><\/p>\n","protected":false},"excerpt":{"rendered":"<ul>\n<li>DroiX<strong> NH8 <\/strong>USB Hub s NVMe<\/li>\n<li><strong>10\/100\/1000M<\/strong> Gigabit Ethernet<\/li>\n<li><strong>Vestav\u011bn\u00fd slot PCIe NVMe pro<\/strong> roz\u0161\u00ed\u0159en\u00ed \u00falo\u017ei\u0161t\u011b<\/li>\n<li><strong>V\u00fdstup na displej 4K<\/strong> p\u0159es HDMI<\/li>\n<li><strong>Slot pro karty MicroSD \/ SD<\/strong> - a\u017e 5 Gb\/s<\/li>\n<\/ul>\n[cg_accordion title=\"INFORMACE O PLATB\u011a\"]<\/p>\n<p>Pou\u017e\u00edv\u00e1me nejnov\u011bj\u0161\u00ed technologie zpracov\u00e1n\u00ed plateb, kter\u00e9 v\u00e1m umo\u017e\u0148uj\u00ed prov\u00e9st platbu prost\u0159ednictv\u00edm Apple Pay, Google Pay, va\u0161\u00ed debetn\u00ed\/kreditn\u00ed karty, PayPal nebo metod BNPL, jako jsou Klarna, Affirm nebo AfterPay, a zajistit tak rychl\u00e9 a bezpe\u010dn\u00e9 zpracov\u00e1n\u00ed.[\/cg_accordion]\n[cg_accordion title=\"Z\u00c1RUKA\"]<\/p>\n<p>1 rok z\u00e1ruky od spole\u010dnosti <a href=\"https:\/\/droix.net\/\" target=\"_blank\" rel=\"nofollow noopener\">DROIX Global<\/a> pro v\u00e1\u0161 klid na du\u0161i[\/cg_accordion]\n[cg_accordion title=\"CENY, DAN\u011a A DOPRAVA\"]<\/p>\n<p><strong><u>Pozn\u00e1mka:<\/u><\/strong><\/p>\n<ul>\n<li>Z\u00e1kazn\u00edci ze Spojen\u00fdch st\u00e1t\u016f: Z\u00e1kazn\u00edci: Zobrazen\u00e1 cena NEZAHRNUJE DAN\u011a ani cla. Odpov\u011bdnost za celn\u00ed odbaven\u00ed a zaplacen\u00ed souvisej\u00edc\u00ed dan\u011b\/celn\u00ed sazby nese z\u00e1kazn\u00edk. <\/li>\n<li>Z\u00e1kazn\u00edci z EU: V zobrazen\u00e9 cen\u011b je zahrnuta p\u0159\u00edslu\u0161n\u00e1 DA\u0147, kter\u00e1 m\u016f\u017ee \u010dinit a\u017e 25 % v z\u00e1vislosti na va\u0161\u00ed zemi.<\/li>\n<li>Z\u00e1kazn\u00edci z Kanady: V z\u00e1vislosti na va\u0161\u00ed provincii m\u016f\u017ee zobrazen\u00e1 cena zahrnovat p\u0159\u00edslu\u0161n\u00e9 dan\u011b, kter\u00e9 mohou zahrnovat 5% GST a dal\u0161\u00ed provin\u010dn\u00ed dan\u011b z prodeje (PST), harmonizovanou da\u0148 z prodeje (HST) nebo quebeckou da\u0148 z prodeje (QST).<\/li>\n<\/ul>\n<p><strong>Pouze pro z\u00e1kazn\u00edky z EU:<\/strong> Expresn\u00ed DDP (Delivered Duty Paid). To znamen\u00e1: <\/p>\n<ul>\n<li>Ve\u0161ker\u00e1 cla a dan\u011b jsou zahrnuty v cen\u011b uveden\u00e9 na str\u00e1nce produktu.<\/li>\n<li>P\u0159i doru\u010den\u00ed nemus\u00edte platit \u017e\u00e1dn\u00e9 dal\u0161\u00ed poplatky.<\/li>\n<li>Ve v\u00fdjime\u010dn\u00fdch p\u0159\u00edpadech, kdy se vyskytnou probl\u00e9my souvisej\u00edc\u00ed s celn\u00edm \u0159\u00edzen\u00edm, se n\u00e1\u0161 t\u00fdm postar\u00e1 o celn\u00ed odbaven\u00ed va\u0161\u00edm jm\u00e9nem, aby bylo doru\u010den\u00ed bezprobl\u00e9mov\u00e9.<\/li>\n<p>D\u016fle\u017eit\u00e9 informace o vr\u00e1cen\u00ed zbo\u017e\u00ed:<\/p>\n<li>Pokud se rozhodnete objedn\u00e1vku vr\u00e1tit nebo po\u017e\u00e1dat o vr\u00e1cen\u00ed pen\u011bz, m\u011bjte na pam\u011bti, \u017ee dan\u011b a cla zaplacen\u00e9 za v\u00e1s podle podm\u00ednek DDP nelze vr\u00e1tit.<\/li>\n<p>Podrobn\u00e9 informace naleznete v na\u0161ich <a href=\"https:\/\/ayaneo.co\/cs\/podminky-sluzby\/\" target=\"_blank\" rel=\"nofollow noopener\">smluvn\u00edch podm\u00ednk\u00e1ch<\/a>.\n<\/ul>\n<p>[\/cg_accordion]\n[cg_accordion title=\"Z\u00c1KAZNICK\u00c1 PODPORA\"]<\/p>\n<p>M\u00e1te dotaz? V\u00e1\u0161 probl\u00e9m vy\u0159e\u0161\u00edme kr\u00e1tkou textovou zpr\u00e1vou!<br \/>\n[\/cg_accordion]\n","protected":false},"featured_media":15750,"template":"","meta":{"_acf_changed":false},"product_brand":[],"product_cat":[1147],"product_tag":[],"class_list":{"0":"post-15734","1":"product","2":"type-product","3":"status-publish","4":"has-post-thumbnail","6":"product_cat-prislusenstvi","7":"product_shipping_class-low-end","8":"pa_brand-droix","10":"first","11":"outofstock","12":"sale","13":"taxable","14":"shipping-taxable","15":"purchasable","16":"product-type-variable","17":"has-default-attributes"},"acf":[],"_links":{"self":[{"href":"https:\/\/ayaneo.co\/cs\/wp-json\/wp\/v2\/product\/15734","targetHints":{"allow":["GET"]}}],"collection":[{"href":"https:\/\/ayaneo.co\/cs\/wp-json\/wp\/v2\/product"}],"about":[{"href":"https:\/\/ayaneo.co\/cs\/wp-json\/wp\/v2\/types\/product"}],"wp:featuredmedia":[{"embeddable":true,"href":"https:\/\/ayaneo.co\/cs\/wp-json\/wp\/v2\/media\/15750"}],"wp:attachment":[{"href":"https:\/\/ayaneo.co\/cs\/wp-json\/wp\/v2\/media?parent=15734"}],"wp:term":[{"taxonomy":"product_brand","embeddable":true,"href":"https:\/\/ayaneo.co\/cs\/wp-json\/wp\/v2\/product_brand?post=15734"},{"taxonomy":"product_cat","embeddable":true,"href":"https:\/\/ayaneo.co\/cs\/wp-json\/wp\/v2\/product_cat?post=15734"},{"taxonomy":"product_tag","embeddable":true,"href":"https:\/\/ayaneo.co\/cs\/wp-json\/wp\/v2\/product_tag?post=15734"}],"curies":[{"name":"wp","href":"https:\/\/api.w.org\/{rel}","templated":true}]}}