{"id":15764,"date":"2025-01-29T11:23:32","date_gmt":"2025-01-29T11:23:32","guid":{"rendered":"https:\/\/ayaneo.co\/product\/dokovaci-stanice-sd1\/"},"modified":"2025-05-30T15:32:43","modified_gmt":"2025-05-30T15:32:43","slug":"dokovaci-stanice-sd1","status":"publish","type":"product","link":"https:\/\/ayaneo.co\/cs\/product\/dokovaci-stanice-sd1\/","title":{"rendered":"Dokovac\u00ed stanice SD1"},"content":{"rendered":"\n<h2 class=\"wp-block-heading\"><strong>Dokovac\u00ed stanice SD1: Odhalte skute\u010dnou s\u00edlu kapesn\u00edho hran\u00ed!<\/strong><\/h2>\n\n<h4 class=\"wp-block-heading\"><strong>Va\u0161e br\u00e1na k bezprobl\u00e9mov\u00e9mu hran\u00ed<\/strong><\/h4>\n\n<p>Prom\u011b\u0148te sv\u016fj z\u00e1\u017eitek z hran\u00ed na kapesn\u00edm po\u010d\u00edta\u010di s <strong>dokovac\u00ed stanic\u00ed SD1 -<\/strong>dokonal\u00fdm spole\u010dn\u00edkem pro kapesn\u00ed hern\u00ed po\u010d\u00edta\u010de. Dokovac\u00ed stanice SD1 byla navr\u017eena s ohledem na hr\u00e1\u010de a zvy\u0161uje v\u00fdkon, konektivitu a pohodl\u00ed, tak\u017ee ka\u017ed\u00e1 hern\u00ed relace bude bezchybn\u00e1. Od <strong>Steam Deck<\/strong><strong>AYA NEO Geek 1S<\/strong> p\u0159in\u00e1\u0161\u00ed tato dokovac\u00ed stanice bezkonkuren\u010dn\u00ed v\u0161estrannost. Sta\u010d\u00ed dokovat, p\u0159ipojit se p\u0159es USB typu C a nechat SD1 pozvednout va\u0161e hran\u00ed do nov\u00fdch v\u00fd\u0161in.   <\/p>\n\n<h4 class=\"wp-block-heading\"><strong>Bleskurychl\u00fd v\u00fdkon internetu<\/strong><\/h4>\n\n<p>Z\u00edskejte n\u00e1skok v ka\u017ed\u00e9 bitv\u011b d\u00edky <strong>gigabitov\u00e9mu ethernetov\u00e9mu portu RJ45<\/strong> v za\u0159\u00edzen\u00ed SD1, kter\u00fd poskytuje obrovskou rychlost a\u017e <strong>1000M<\/strong>. Rozlu\u010dte se se zpo\u017ed\u011bn\u00edm a p\u0159iv\u00edtejte plynul\u00e9 hran\u00ed v re\u00e1ln\u00e9m \u010dase. A\u0165 u\u017e prozkoum\u00e1v\u00e1te rozs\u00e1hl\u00e9 sv\u011bty, nebo sout\u011b\u017e\u00edte v z\u00e1pasech pro v\u00edce hr\u00e1\u010d\u016f s vysok\u00fdmi s\u00e1zkami, SD1 zaru\u010duje <strong>stabiln\u00ed p\u0159ipojen\u00ed bez p\u0159eru\u0161en\u00ed<\/strong>, kdy\u017e na tom nejv\u00edce z\u00e1le\u017e\u00ed.  <\/p>\n\n<h4 class=\"wp-block-heading\"><strong>Poutav\u00fd obraz 4K<\/strong><\/h4>\n\n<p>Pono\u0159te se do ohromuj\u00edc\u00edch detail\u016f a \u017eiv\u00fdch barev d\u00edky <strong>v\u00fdstupu HDMI 2.0<\/strong> na SD1. Tato dokovac\u00ed stanice podporuje <strong>rozli\u0161en\u00ed<\/strong> a\u017e <strong>4096 \u00d7 2160 p\u0159i 60 Hz<\/strong> a prom\u011bn\u00ed va\u0161e hry v dechberouc\u00ed vizu\u00e1ln\u00ed z\u00e1\u017eitky. Ka\u017ed\u00fd sn\u00edmek je ostr\u00fd, plynul\u00fd a p\u0159ekypuje \u017eivotem, tak\u017ee va\u0161e obl\u00edben\u00e9 tituly budou je\u0161t\u011b \u00fachvatn\u011bj\u0161\u00ed.  <\/p>\n\n<h4 class=\"wp-block-heading\"><strong>V\u00fdkon, kter\u00fd v\u00e1s udr\u017e\u00ed ve h\u0159e<\/strong><\/h4>\n\n<p>U\u017e \u017e\u00e1dn\u00e9 p\u0159eru\u0161en\u00ed uprost\u0159ed hry! D\u00edky <strong>100W nab\u00edjen\u00ed Power Delivery (PD)<\/strong> zajist\u00ed SD1, \u017ee va\u0161e za\u0159\u00edzen\u00ed z\u016fstane nap\u00e1jeno i b\u011bhem hern\u00edch maraton\u016f. Hrajte bez obav s v\u011bdom\u00edm, \u017ee je v\u00e1\u0161 kapesn\u00ed hern\u00ed po\u010d\u00edta\u010d neust\u00e1le nabit\u00fd a p\u0159ipraven\u00fd k v\u00fdkonu.  <\/p>\n\n<h4 class=\"wp-block-heading\"><strong>Roz\u0161i\u0159te svou konfiguraci o v\u00edce port\u016f<\/strong><\/h4>\n\n<p>P\u0159ipojte se jako profesion\u00e1l! SD1 je vybaven <strong>t\u0159emi porty USB typu A 3.0,<\/strong> kter\u00e9 umo\u017e\u0148uj\u00ed p\u0159ipojit perifern\u00ed za\u0159\u00edzen\u00ed, jako jsou ovlada\u010de, n\u00e1hlavn\u00ed soupravy nebo extern\u00ed \u00falo\u017ei\u0161t\u011b. U\u017e\u00edvejte si <strong>bleskurychl\u00e9 p\u0159enosy dat<\/strong> a bezprobl\u00e9mov\u00fd multitasking bez zbyte\u010dn\u00fdch adapt\u00e9r\u016f.  <\/p>\n\n<h4 class=\"wp-block-heading\"><strong>P\u0159ipojen\u00ed na nov\u00e9 \u00farovni<\/strong><\/h4>\n\n<p>Za\u017eijte stabiln\u00ed a vysokorychlostn\u00ed p\u0159ipojen\u00ed d\u00edky <strong>rozhran\u00ed USB typu C,<\/strong> kter\u00e9 je u modelu SD1 navr\u017eeno pro univerz\u00e1ln\u00ed kompatibilitu a efektivitu. A\u0165 u\u017e p\u0159en\u00e1\u0161\u00edte data nebo nap\u00e1j\u00edte za\u0159\u00edzen\u00ed, SD1 nab\u00edz\u00ed univerz\u00e1ln\u00ed \u0159e\u0161en\u00ed pro nejnov\u011bj\u0161\u00ed kapesn\u00ed hern\u00ed za\u0159\u00edzen\u00ed. <\/p>\n\n<h4 class=\"wp-block-heading\"><strong>Pr\u00e9miov\u00fd design vyroben\u00fd na dlouhou dobu<\/strong><\/h4>\n\n<p>Dokovac\u00ed stanice SD1 je vyrobena z <strong>odoln\u00e9ho \u0161ed\u00e9ho hlin\u00edku<\/strong> a je stejn\u011b stylov\u00e1 jako robustn\u00ed. Jej\u00ed elegantn\u00ed design dokonale lad\u00ed s jakoukoli sestavou, zat\u00edmco <strong>\u010dern\u00e9 silikonov\u00e9 podlo\u017eky<\/strong> poskytuj\u00ed dodate\u010dnou ochranu, zabra\u0148uj\u00ed po\u0161kr\u00e1b\u00e1n\u00ed a zaji\u0161\u0165uj\u00ed, \u017ee va\u0161e za\u0159\u00edzen\u00ed z\u016fstane bezpe\u010dn\u011b na m\u00edst\u011b. <\/p>\n\n<h4 class=\"wp-block-heading\"><strong>V\u0161estrann\u00e1 kompatibilita<\/strong><\/h4>\n\n<p>Dokovac\u00ed stanice SD1 je zkonstruov\u00e1na tak, aby podporovala \u0161irokou \u0161k\u00e1lu kapesn\u00edch hern\u00edch po\u010d\u00edta\u010d\u016f, co\u017e z n\u00ed \u010din\u00ed dokonal\u00e9 p\u0159\u00edslu\u0161enstv\u00ed pro ka\u017ed\u00e9ho hr\u00e1\u010de. A\u0165 u\u017e hrajete na <strong>Steam Deck<\/strong>, <strong>GPD WIN 4 2023<\/strong> nebo <strong>ONEXPLAYER 2<\/strong>, SD1 zaji\u0161\u0165uje bezprobl\u00e9movou integraci a vy\u0161\u0161\u00ed v\u00fdkon. Byl d\u016fkladn\u011b testov\u00e1n se \u0161pi\u010dkov\u00fdmi za\u0159\u00edzen\u00edmi, v\u010detn\u011b nap\u0159. <strong>ROG Ally<\/strong>, <strong>AYA NEO 2S<\/strong> a dal\u0161\u00edmi.  <\/p>\n\n<hr class=\"wp-block-separator has-alpha-channel-opacity\"\/>\n\n<h3 class=\"wp-block-heading\"><strong>Pro\u010d si vybrat dokovac\u00ed stanici SD1?<\/strong><\/h3>\n\n<ul class=\"wp-block-list\">\n<li><strong>Nep\u0159etr\u017eit\u00fd internet<\/strong>: Vychutnejte si ultrarychl\u00e9 a stabiln\u00ed p\u0159ipojen\u00ed.<\/li>\n\n\n\n<li><strong>Ohromuj\u00edc\u00ed v\u00fdstup 4K<\/strong>: Pono\u0159te se do \u017eiv\u00e9ho a plynul\u00e9ho obrazu.<\/li>\n\n\n\n<li><strong>Efektivn\u00ed nab\u00edjen\u00ed<\/strong>: Hrajte dlouh\u00e9 hodiny se spolehliv\u00fdm nap\u00e1jen\u00edm.<\/li>\n\n\n\n<li><strong>Roz\u0161\u00ed\u0159en\u00e9 mo\u017enosti portu<\/strong>: Snadn\u00e9 p\u0159ipojen\u00ed v\u00edce perifern\u00edch za\u0159\u00edzen\u00ed.<\/li>\n\n\n\n<li><strong>Univerz\u00e1ln\u00ed kompatibilita<\/strong>: Funguje se v\u0161emi va\u0161imi obl\u00edben\u00fdmi kapesn\u00edmi hern\u00edmi po\u010d\u00edta\u010di.<\/li>\n<\/ul>\n\n<hr class=\"wp-block-separator has-alpha-channel-opacity\"\/>\n\n<h3 class=\"wp-block-heading\"><strong>Posu\u0148te sv\u00e9 hran\u00ed na vy\u0161\u0161\u00ed \u00farove\u0148<\/strong><\/h3>\n\n<p>S <strong>dokovac\u00ed stanic\u00ed SD1<\/strong> se ka\u017ed\u00e1 hra stane nezapomenuteln\u00fdm z\u00e1\u017eitkem. A\u0165 u\u017e sout\u011b\u017e\u00edte, prozkoum\u00e1v\u00e1te nebo streamujete, tato dokovac\u00ed stanice v\u00e1m poskytne n\u00e1stroje, abyste podali co nejlep\u0161\u00ed v\u00fdkon.   <strong>Vylep\u0161ete svou sestavu je\u0161t\u011b dnes a p\u0159ijm\u011bte novou \u00e9ru kapesn\u00edho hran\u00ed.<\/strong><\/p>\n","protected":false},"excerpt":{"rendered":"<ul>\n<li>Dokovac\u00ed stanice <strong>SD1 <\/strong><\/li>\n<li>Gigabitov\u00fd Ethernet<\/li>\n<li>100W PD USB-C<\/li>\n<li>V\u00fdstup HDMI<\/li>\n<li><strong>Kompatibiln\u00ed s<\/strong> AYANEO Handhelds &amp; Many More<\/li>\n<\/ul>\n[cg_accordion title=\"INFORMACE O PLATB\u011a\"]<\/p>\n<p>Pou\u017e\u00edv\u00e1me nejnov\u011bj\u0161\u00ed technologie zpracov\u00e1n\u00ed plateb, kter\u00e9 v\u00e1m umo\u017e\u0148uj\u00ed prov\u00e9st platbu prost\u0159ednictv\u00edm Apple Pay, Google Pay, va\u0161\u00ed debetn\u00ed\/kreditn\u00ed karty, PayPal nebo metod BNPL, jako jsou Klarna, Affirm nebo AfterPay, a zajistit tak rychl\u00e9 a bezpe\u010dn\u00e9 zpracov\u00e1n\u00ed.[\/cg_accordion]\n[cg_accordion title=\"Z\u00c1RUKA\"]<\/p>\n<p>1 rok z\u00e1ruky od spole\u010dnosti <a href=\"https:\/\/droix.net\/\" target=\"_blank\" rel=\"nofollow noopener\">DROIX Global<\/a> pro v\u00e1\u0161 klid na du\u0161i[\/cg_accordion]\n[cg_accordion title=\"CENY, DAN\u011a A DOPRAVA\"]<\/p>\n<p><strong><u>Pozn\u00e1mka:<\/u><\/strong><\/p>\n<ul>\n<li>Z\u00e1kazn\u00edci ze Spojen\u00fdch st\u00e1t\u016f: Z\u00e1kazn\u00edci: Zobrazen\u00e1 cena NEZAHRNUJE DAN\u011a ani cla. Odpov\u011bdnost za celn\u00ed odbaven\u00ed a zaplacen\u00ed souvisej\u00edc\u00ed dan\u011b\/celn\u00ed sazby nese z\u00e1kazn\u00edk. <\/li>\n<li>Z\u00e1kazn\u00edci z EU: V zobrazen\u00e9 cen\u011b je zahrnuta p\u0159\u00edslu\u0161n\u00e1 DA\u0147, kter\u00e1 m\u016f\u017ee \u010dinit a\u017e 25 % v z\u00e1vislosti na va\u0161\u00ed zemi.<\/li>\n<li>Z\u00e1kazn\u00edci z Kanady: V z\u00e1vislosti na va\u0161\u00ed provincii m\u016f\u017ee zobrazen\u00e1 cena zahrnovat p\u0159\u00edslu\u0161n\u00e9 dan\u011b, kter\u00e9 mohou zahrnovat 5% GST a dal\u0161\u00ed provin\u010dn\u00ed dan\u011b z prodeje (PST), harmonizovanou da\u0148 z prodeje (HST) nebo quebeckou da\u0148 z prodeje (QST).<\/li>\n<\/ul>\n<p><strong>Pouze pro z\u00e1kazn\u00edky z EU:<\/strong> Expresn\u00ed DDP (Delivered Duty Paid). To znamen\u00e1: <\/p>\n<ul>\n<li>Ve\u0161ker\u00e1 cla a dan\u011b jsou zahrnuty v cen\u011b uveden\u00e9 na str\u00e1nce produktu.<\/li>\n<li>P\u0159i doru\u010den\u00ed nemus\u00edte platit \u017e\u00e1dn\u00e9 dal\u0161\u00ed poplatky.<\/li>\n<li>Ve v\u00fdjime\u010dn\u00fdch p\u0159\u00edpadech, kdy se vyskytnou probl\u00e9my souvisej\u00edc\u00ed s celn\u00edm \u0159\u00edzen\u00edm, se n\u00e1\u0161 t\u00fdm postar\u00e1 o celn\u00ed odbaven\u00ed va\u0161\u00edm jm\u00e9nem, aby bylo doru\u010den\u00ed bezprobl\u00e9mov\u00e9.<\/li>\n<p>D\u016fle\u017eit\u00e9 informace o vr\u00e1cen\u00ed zbo\u017e\u00ed:<\/p>\n<li>Pokud se rozhodnete objedn\u00e1vku vr\u00e1tit nebo po\u017e\u00e1dat o vr\u00e1cen\u00ed pen\u011bz, m\u011bjte na pam\u011bti, \u017ee dan\u011b a cla zaplacen\u00e9 za v\u00e1s podle podm\u00ednek DDP nelze vr\u00e1tit.<\/li>\n<p>Podrobn\u00e9 informace naleznete v na\u0161ich <a href=\"https:\/\/ayaneo.co\/terms-of-service-2\/\" target=\"_blank\" rel=\"nofollow noopener\">smluvn\u00edch podm\u00ednk\u00e1ch<\/a>.\n<\/ul>\n<p>[\/cg_accordion]\n[cg_accordion title=\"Z\u00c1KAZNICK\u00c1 PODPORA\"]<\/p>\n<p>M\u00e1te dotaz? V\u00e1\u0161 probl\u00e9m vy\u0159e\u0161\u00edme kr\u00e1tkou textovou zpr\u00e1vou!<br \/>\n[\/cg_accordion]\n","protected":false},"featured_media":15771,"template":"","meta":{"_acf_changed":false},"product_brand":[],"product_cat":[1147],"product_tag":[],"class_list":{"0":"post-15764","1":"product","2":"type-product","3":"status-publish","4":"has-post-thumbnail","6":"product_cat-prislusenstvi","7":"product_shipping_class-low-end","8":"pa_accessory-type-docking-station-cs","9":"pa_brand-droix","11":"first","12":"outofstock","13":"sale","14":"taxable","15":"shipping-taxable","16":"purchasable","17":"product-type-simple"},"acf":[],"_links":{"self":[{"href":"https:\/\/ayaneo.co\/cs\/wp-json\/wp\/v2\/product\/15764","targetHints":{"allow":["GET"]}}],"collection":[{"href":"https:\/\/ayaneo.co\/cs\/wp-json\/wp\/v2\/product"}],"about":[{"href":"https:\/\/ayaneo.co\/cs\/wp-json\/wp\/v2\/types\/product"}],"wp:featuredmedia":[{"embeddable":true,"href":"https:\/\/ayaneo.co\/cs\/wp-json\/wp\/v2\/media\/15771"}],"wp:attachment":[{"href":"https:\/\/ayaneo.co\/cs\/wp-json\/wp\/v2\/media?parent=15764"}],"wp:term":[{"taxonomy":"product_brand","embeddable":true,"href":"https:\/\/ayaneo.co\/cs\/wp-json\/wp\/v2\/product_brand?post=15764"},{"taxonomy":"product_cat","embeddable":true,"href":"https:\/\/ayaneo.co\/cs\/wp-json\/wp\/v2\/product_cat?post=15764"},{"taxonomy":"product_tag","embeddable":true,"href":"https:\/\/ayaneo.co\/cs\/wp-json\/wp\/v2\/product_tag?post=15764"}],"curies":[{"name":"wp","href":"https:\/\/api.w.org\/{rel}","templated":true}]}}