{"id":15835,"date":"2025-01-29T11:53:38","date_gmt":"2025-01-29T11:53:38","guid":{"rendered":"https:\/\/ayaneo.co\/product\/kabel-usb-4-0-typu-c\/"},"modified":"2025-05-30T15:54:51","modified_gmt":"2025-05-30T15:54:51","slug":"kabel-usb-4-0-typu-c","status":"publish","type":"product","link":"https:\/\/ayaneo.co\/cs\/product\/kabel-usb-4-0-typu-c\/","title":{"rendered":"Kabel USB 4.0 typu C"},"content":{"rendered":"\n<h3 class=\"wp-block-heading\"><strong>Za\u017eijte bezkonkuren\u010dn\u00ed p\u0159ipojen\u00ed s kabelem USB 4.0 typu C<\/strong><\/h3>\n\n<h4 class=\"wp-block-heading\"><strong>Revolu\u010dn\u00ed rychlost, v\u00fdkon a p\u0159esnost<\/strong><\/h4>\n\n<h4 class=\"wp-block-heading\"><strong>Bleskov\u00fd p\u0159enos dat rychlost\u00ed 40 Gb\/s<\/strong><\/h4>\n\n<p>Odemkn\u011bte si jedine\u010dn\u00fd v\u00fdkon s na\u0161\u00edm <strong>kabelem USB 4.0 typu C,<\/strong> kter\u00fd dok\u00e1\u017ee <strong>p\u0159en\u00e1\u0161et data bleskovou rychlost\u00ed 40 Gb\/s<\/strong>. Rozlu\u010dte se se zpo\u017ed\u011bn\u00edm a p\u0159iv\u00edtejte rychl\u00e9 a bezprobl\u00e9mov\u00e9 sd\u00edlen\u00ed soubor\u016f - ide\u00e1ln\u00ed pro n\u00e1ro\u010dnou pr\u00e1ci, videa v rozli\u0161en\u00ed 4K a vysokorychlostn\u00ed z\u00e1lohov\u00e1n\u00ed. <\/p>\n\n<h4 class=\"wp-block-heading\"><strong>Kompatibilita s rozhran\u00edm Thunderbolt 3 a 4<\/strong><\/h4>\n\n<p><strong>Kompatibilita s rozhran\u00edm Thunderbolt 3 a 4<\/strong> v\u00e1m zajist\u00ed bezprobl\u00e9movou integraci s nejmodern\u011bj\u0161\u00edmi za\u0159\u00edzen\u00edmi. A\u0165 u\u017e p\u0159ipojujete notebooky, monitory nebo \u00falo\u017en\u00e1 \u0159e\u0161en\u00ed, n\u00e1\u0161 kabel v\u00e1m zajist\u00ed n\u00e1skok. <\/p>\n\n<h4 class=\"wp-block-heading\"><strong>V\u00fdkon za hranicemi mo\u017enost\u00ed: 240W PD<\/strong><\/h4>\n\n<p>Nab\u00edjejte rychleji, pracujte d\u00e9le. Tento kabel s p\u016fsobiv\u00fdm <strong>v\u00fdkonem 240 W Power Delivery<\/strong> zaru\u010duje rychl\u00e9 nab\u00edjen\u00ed i t\u011bch nejn\u00e1ro\u010dn\u011bj\u0161\u00edch za\u0159\u00edzen\u00ed. Od notebook\u016f a\u017e po hern\u00ed sestavy - u\u017eijte si nep\u0159eru\u0161ovan\u00fd v\u00fdkon a prodlou\u017eenou dobu provozu.  <\/p>\n\n<h4 class=\"wp-block-heading\"><strong>Vizu\u00e1ln\u00ed brilance 8K<\/strong><\/h4>\n\n<p>Pono\u0159te se do ohromuj\u00edc\u00ed \u010distoty d\u00edky podpo\u0159e <strong>rozli\u0161en\u00ed 8K p\u0159i 60 Hz<\/strong>. A\u0165 u\u017e hrajete hry, upravujete obsah ve vysok\u00e9m rozli\u0161en\u00ed nebo sledujete z\u00e1bavu v ultra HD rozli\u0161en\u00ed, ka\u017ed\u00fd sn\u00edmek se vyzna\u010duje realistick\u00fdmi detaily a \u017eiv\u00fdmi barvami. <\/p>\n\n<h4 class=\"wp-block-heading\"><strong>Inovativn\u00ed monitorov\u00e1n\u00ed nap\u00e1jen\u00ed v re\u00e1ln\u00e9m \u010dase<\/strong><\/h4>\n\n<p>M\u011bjte v\u0161e pod kontrolou d\u00edky <strong>integrovan\u00e9mu displeji spot\u0159eby energie<\/strong>. Tato praktick\u00e1 funkce poskytuje <strong>\u00fadaje o spot\u0159eb\u011b energie v re\u00e1ln\u00e9m \u010dase<\/strong> a umo\u017e\u0148uje v\u00e1m sledovat spot\u0159ebu energie va\u0161eho za\u0159\u00edzen\u00ed pro chyt\u0159ej\u0161\u00ed a efektivn\u011bj\u0161\u00ed nab\u00edjen\u00ed. <\/p>\n\n<h4 class=\"wp-block-heading\"><strong>Navr\u017eeno pro va\u0161e nastaven\u00ed<\/strong><\/h4>\n\n<p>D\u00edky na\u0161im flexibiln\u00edm mo\u017enostem d\u00e9lky si m\u016f\u017eete zvolit ide\u00e1ln\u00ed variantu pro sv\u00e9 pot\u0159eby:<\/p>\n\n<ul class=\"wp-block-list\">\n<li><strong>P\u0159\u00edm\u00fd kabel<\/strong>: K dispozici v <strong>d\u00e9lk\u00e1ch 0,8 m<\/strong> a <strong>1,5 m<\/strong>.<\/li>\n\n\n\n<li><strong>Kabel ve tvaru p\u00edsmene L<\/strong>: K dispozici tak\u00e9 v d\u00e9lk\u00e1ch <strong>0,8 m<\/strong> a <strong>1,5 m<\/strong>.<\/li>\n<\/ul>\n\n<p>A\u0165 u\u017e pot\u0159ebujete volnost pohybu nebo prostorov\u011b \u00fasporn\u00e9 \u0159e\u0161en\u00ed, n\u00e1\u0161 kabel USB 4.0 typu C se p\u0159izp\u016fsob\u00ed jak\u00e9mukoli prost\u0159ed\u00ed.<\/p>\n\n<h4 class=\"wp-block-heading\"><strong>Prvot\u0159\u00eddn\u00ed \u0159emesln\u00e9 zpracov\u00e1n\u00ed, nekompromisn\u00ed v\u00fdkon<\/strong><\/h4>\n\n<p>Tento kabel je vyroben s precizn\u00ed konstrukc\u00ed a kombinuje <strong>odolnost, flexibilitu a nejmodern\u011bj\u0161\u00ed technologie<\/strong>. Je to nejlep\u0161\u00ed volba pro technick\u00e9 nad\u0161ence, profesion\u00e1ly a hr\u00e1\u010de, kte\u0159\u00ed vy\u017eaduj\u00ed nejlep\u0161\u00ed konektivitu. <\/p>\n\n<h3 class=\"wp-block-heading\"><strong>Zlep\u0161ete sv\u00e9 p\u0159ipojen\u00ed je\u0161t\u011b dnes<\/strong><\/h3>\n\n<p>S <strong>kabelem USB 4.0 typu C<\/strong> nep\u0159ipojujete jen za\u0159\u00edzen\u00ed - otev\u00edr\u00e1te sv\u011bt mo\u017enost\u00ed. <strong>Upgradujte na budoucnost rychlosti, v\u00fdkonu a p\u0159ehlednosti je\u0161t\u011b dnes!<\/strong><\/p>\n","protected":false},"excerpt":{"rendered":"<ul>\n<li>Rychlost p\u0159enosu dat <strong>40 Gb\/s<\/strong> <\/li>\n<li>Thunderbolt <strong>3<\/strong> a <strong>4<\/strong><\/li>\n<li>Nap\u00e1jen\u00ed a\u017e <strong>240 W<\/strong> <\/li>\n<li>Podpora v\u00fdstupu videa a\u017e <strong>8K @ 60Hz<\/strong> <\/li>\n<li>Vestav\u011bn\u00fd <strong>ukazatel p\u0159\u00edkonu<\/strong><\/li>\n<\/ul>\n[cg_accordion title=\"INFORMACE O PLATB\u011a\"]<\/p>\n<p>Pou\u017e\u00edv\u00e1me nejnov\u011bj\u0161\u00ed technologie zpracov\u00e1n\u00ed plateb, kter\u00e9 v\u00e1m umo\u017e\u0148uj\u00ed prov\u00e9st platbu prost\u0159ednictv\u00edm Apple Pay, Google Pay, va\u0161\u00ed debetn\u00ed\/kreditn\u00ed karty, PayPal nebo metod BNPL, jako jsou Klarna, Affirm nebo AfterPay, a zajistit tak rychl\u00e9 a bezpe\u010dn\u00e9 zpracov\u00e1n\u00ed.[\/cg_accordion]\n[cg_accordion title=\"Z\u00c1RUKA\"]<\/p>\n<p>1 rok z\u00e1ruky od spole\u010dnosti <a href=\"https:\/\/droix.net\/\" target=\"_blank\" rel=\"nofollow noopener\">DROIX Global<\/a> pro v\u00e1\u0161 klid na du\u0161i[\/cg_accordion]\n[cg_accordion title=\"CENY, DAN\u011a A DOPRAVA\"]<\/p>\n<p><strong><u>Pozn\u00e1mka:<\/u><\/strong><\/p>\n<ul>\n<li>Z\u00e1kazn\u00edci ze Spojen\u00fdch st\u00e1t\u016f: Z\u00e1kazn\u00edci: Zobrazen\u00e1 cena NEZAHRNUJE DAN\u011a ani cla. Odpov\u011bdnost za celn\u00ed odbaven\u00ed a zaplacen\u00ed souvisej\u00edc\u00ed dan\u011b\/celn\u00ed sazby nese z\u00e1kazn\u00edk. <\/li>\n<li>Z\u00e1kazn\u00edci z EU: V zobrazen\u00e9 cen\u011b je zahrnuta p\u0159\u00edslu\u0161n\u00e1 DA\u0147, kter\u00e1 m\u016f\u017ee \u010dinit a\u017e 25 % v z\u00e1vislosti na va\u0161\u00ed zemi.<\/li>\n<li>Z\u00e1kazn\u00edci z Kanady: V z\u00e1vislosti na va\u0161\u00ed provincii m\u016f\u017ee zobrazen\u00e1 cena zahrnovat p\u0159\u00edslu\u0161n\u00e9 dan\u011b, kter\u00e9 mohou zahrnovat 5% GST a dal\u0161\u00ed provin\u010dn\u00ed dan\u011b z prodeje (PST), harmonizovanou da\u0148 z prodeje (HST) nebo quebeckou da\u0148 z prodeje (QST).<\/li>\n<\/ul>\n<p><strong>Pouze pro z\u00e1kazn\u00edky z EU:<\/strong> Expresn\u00ed DDP (Delivered Duty Paid). To znamen\u00e1: <\/p>\n<ul>\n<li>Ve\u0161ker\u00e1 cla a dan\u011b jsou zahrnuty v cen\u011b uveden\u00e9 na str\u00e1nce produktu.<\/li>\n<li>P\u0159i doru\u010den\u00ed nemus\u00edte platit \u017e\u00e1dn\u00e9 dal\u0161\u00ed poplatky.<\/li>\n<li>Ve v\u00fdjime\u010dn\u00fdch p\u0159\u00edpadech, kdy se vyskytnou probl\u00e9my souvisej\u00edc\u00ed s celn\u00edm \u0159\u00edzen\u00edm, se n\u00e1\u0161 t\u00fdm postar\u00e1 o celn\u00ed odbaven\u00ed va\u0161\u00edm jm\u00e9nem, aby bylo doru\u010den\u00ed bezprobl\u00e9mov\u00e9.<\/li>\n<p>D\u016fle\u017eit\u00e9 informace o vr\u00e1cen\u00ed zbo\u017e\u00ed:<\/p>\n<li>Pokud se rozhodnete objedn\u00e1vku vr\u00e1tit nebo po\u017e\u00e1dat o vr\u00e1cen\u00ed pen\u011bz, m\u011bjte na pam\u011bti, \u017ee dan\u011b a cla zaplacen\u00e9 za v\u00e1s podle podm\u00ednek DDP nelze vr\u00e1tit.<\/li>\n<p>Podrobn\u00e9 informace naleznete v na\u0161ich <a href=\"https:\/\/ayaneo.co\/terms-of-service-2\/\" target=\"_blank\" rel=\"nofollow noopener\">smluvn\u00edch podm\u00ednk\u00e1ch<\/a>.\n<\/ul>\n<p>[\/cg_accordion]\n[cg_accordion title=\"Z\u00c1KAZNICK\u00c1 PODPORA\"]<\/p>\n<p>M\u00e1te dotaz? V\u00e1\u0161 probl\u00e9m vy\u0159e\u0161\u00edme kr\u00e1tkou textovou zpr\u00e1vou!<br \/>\n[\/cg_accordion]\n","protected":false},"featured_media":15840,"template":"","meta":{"_acf_changed":false},"product_brand":[],"product_cat":[1147],"product_tag":[],"class_list":{"0":"post-15835","1":"product","2":"type-product","3":"status-publish","4":"has-post-thumbnail","6":"product_cat-prislusenstvi","7":"product_shipping_class-low-end","8":"pa_accessory-type-cable-cs","9":"pa_brand-droix","11":"first","12":"outofstock","13":"sale","14":"taxable","15":"shipping-taxable","16":"purchasable","17":"product-type-variable"},"acf":[],"_links":{"self":[{"href":"https:\/\/ayaneo.co\/cs\/wp-json\/wp\/v2\/product\/15835","targetHints":{"allow":["GET"]}}],"collection":[{"href":"https:\/\/ayaneo.co\/cs\/wp-json\/wp\/v2\/product"}],"about":[{"href":"https:\/\/ayaneo.co\/cs\/wp-json\/wp\/v2\/types\/product"}],"wp:featuredmedia":[{"embeddable":true,"href":"https:\/\/ayaneo.co\/cs\/wp-json\/wp\/v2\/media\/15840"}],"wp:attachment":[{"href":"https:\/\/ayaneo.co\/cs\/wp-json\/wp\/v2\/media?parent=15835"}],"wp:term":[{"taxonomy":"product_brand","embeddable":true,"href":"https:\/\/ayaneo.co\/cs\/wp-json\/wp\/v2\/product_brand?post=15835"},{"taxonomy":"product_cat","embeddable":true,"href":"https:\/\/ayaneo.co\/cs\/wp-json\/wp\/v2\/product_cat?post=15835"},{"taxonomy":"product_tag","embeddable":true,"href":"https:\/\/ayaneo.co\/cs\/wp-json\/wp\/v2\/product_tag?post=15835"}],"curies":[{"name":"wp","href":"https:\/\/api.w.org\/{rel}","templated":true}]}}