{"id":16049,"date":"2025-02-27T10:35:12","date_gmt":"2025-02-27T10:35:12","guid":{"rendered":"https:\/\/ayaneo.co\/product\/ayaneo-kouzelne-moduly\/"},"modified":"2025-12-11T00:10:40","modified_gmt":"2025-12-11T00:10:40","slug":"ayaneo-kouzelne-moduly","status":"publish","type":"product","link":"https:\/\/ayaneo.co\/cs\/product\/ayaneo-kouzelne-moduly\/","title":{"rendered":"AYANEO Kouzeln\u00e9 moduly"},"content":{"rendered":"\n<h2 class=\"wp-block-heading\">AYANEO Magick\u00e9 moduly - budoucnost modul\u00e1rn\u00edch kapesn\u00edch po\u010d\u00edta\u010d\u016f<\/h2>\n\n<p><strong>ModulyAYANEO Magic Modules<\/strong> nov\u011b definuj\u00ed kapesn\u00ed hran\u00ed t\u00edm, \u017ee p\u0159edstavuj\u00ed <strong>skute\u010dn\u011b modul\u00e1rn\u00ed ekosyst\u00e9m,<\/strong> kter\u00fd u\u017eivatel\u016fm umo\u017e\u0148uje <strong>vylep\u0161it a p\u0159izp\u016fsobit si z\u00e1\u017eitek z hran\u00ed na AYANEO 3<\/strong> pomoc\u00ed vym\u011bniteln\u00e9ho, magneticky p\u0159ipojen\u00e9ho p\u0159\u00edslu\u0161enstv\u00ed. Tyto moduly, navr\u017een\u00e9 pro flexibilitu, <strong>roz\u0161i\u0159uj\u00ed funk\u010dnost, ani\u017e by byla ohro\u017eena p\u0159enosnost<\/strong>, a t\u00edm m\u011bn\u00ed pravidla hry pro technick\u00e9 nad\u0161ence i hr\u00e1\u010de. <\/p>\n\n<h2 class=\"wp-block-heading\"><strong>Bezprobl\u00e9mov\u00e1 magnetick\u00e1 modularita<\/strong><\/h2>\n\n<p>D\u00edky <strong>inovativn\u00edmu magnetick\u00e9mu rozhran\u00edAYANEO<\/strong> je v\u00fdm\u011bna modul\u016f bezprobl\u00e9mov\u00e1 a umo\u017e\u0148uje <strong>zapojen\u00ed a p\u0159ehr\u00e1v\u00e1n\u00ed<\/strong> podle va\u0161ich pot\u0159eb. Magick\u00e9 moduly prvn\u00ed generace nab\u00edzej\u00ed \u0159adu funkc\u00ed, od <strong>vylep\u0161en\u00fdch vstupn\u00edch mo\u017enost\u00ed<\/strong> a\u017e po <strong>roz\u0161\u00ed\u0159enou konektivitu<\/strong>. <\/p>\n\n<h2 class=\"wp-block-heading\"><strong>Vytvo\u0159eno pro budoucnost<\/strong><\/h2>\n\n<p>AYANEO je pr\u016fkopn\u00edkem <strong>prvn\u00edho skute\u010dn\u011b modul\u00e1rn\u00edho hern\u00edho kapesn\u00edho po\u010d\u00edta\u010de<\/strong>, kter\u00fd d\u00edky rozv\u00edjej\u00edc\u00edmu se ekosyst\u00e9mu modul\u016f Magic Modules zaji\u0161\u0165uje <strong>dlouhodobou v\u0161estrannost<\/strong>. A\u0165 u\u017e jste <strong>n\u00e1ru\u017eiv\u00fd hr\u00e1\u010d<\/strong>, <strong>kreativn\u00ed profesion\u00e1l<\/strong> nebo <strong>technick\u00fd nad\u0161enec<\/strong>, tato p\u0159\u00edslu\u0161enstv\u00ed v\u00e1m umo\u017en\u00ed <strong>p\u0159izp\u016fsobit za\u0159\u00edzen\u00ed r\u016fzn\u00fdm sc\u00e9n\u00e1\u0159\u016fm, ani\u017e by do\u0161lo ke sn\u00ed\u017een\u00ed v\u00fdkonu<\/strong>. <\/p>\n\n<h3 class=\"wp-block-heading\"><strong>P\u0159evezm\u011bte kontrolu nad hran\u00edm na kapesn\u00edch po\u010d\u00edta\u010d\u00edch s moduly AYANEO Magic Modules!<\/strong><\/h3>\n\n<p><\/p>\n","protected":false},"excerpt":{"rendered":"<ul>\n<li><strong>Modul\u00e1rn\u00ed konstrukce<\/strong> - vym\u011b\u0148ujte p\u0159\u00edslu\u0161enstv\u00ed bez n\u00e1mahy.<\/li>\n<li><strong>Magnetick\u00e9 uchycen\u00ed<\/strong> - snadn\u00e1 v\u00fdm\u011bna plug-and-play.<\/li>\n<li><strong>Vylep\u0161en\u00e9 funkce<\/strong> - Upgrade vstup\u016f a p\u0159ipojen\u00ed.<\/li>\n<li><strong>Odolnost v\u016f\u010di budoucnosti<\/strong> - mo\u017enost roz\u0161\u00ed\u0159en\u00ed o nov\u00e9 moduly.<\/li>\n<li><strong>P\u0159enosn\u00e9 a univerz\u00e1ln\u00ed<\/strong> - p\u0159izp\u016fsoben\u00ed bez velk\u00e9ho objemu.<\/li>\n<\/ul>\n[cg_accordion title=\"INFORMACE O PLATB\u011a\"]<\/p>\n<p>Pou\u017e\u00edv\u00e1me nejnov\u011bj\u0161\u00ed technologie zpracov\u00e1n\u00ed plateb, kter\u00e9 v\u00e1m umo\u017e\u0148uj\u00ed prov\u00e9st platbu prost\u0159ednictv\u00edm Apple Pay, Google Pay, va\u0161\u00ed debetn\u00ed\/kreditn\u00ed karty, PayPal nebo metod BNPL, jako je Klarna, Affirm nebo AfterPay, a zajistit tak rychl\u00e9 a bezpe\u010dn\u00e9 zpracov\u00e1n\u00ed.[\/cg_accordion]\n[cg_accordion title=\"Z\u00c1RUKA\"]<\/p>\n<p>1 rok z\u00e1ruky od spole\u010dnosti <a href=\"https:\/\/droix.net\/\" target=\"_blank\" rel=\"nofollow noopener\">DROIX Global pro<\/a> v\u00e1\u0161 klid.[\/cg_accordion]\n[cg_accordion title=\"ZAJI\u0160T\u011aN\u00cd KVALITY A P\u0158EDEXPEDI\u010cN\u00cd TESTOV\u00c1N\u00cd\"]<\/p>\n<p>Zaji\u0161t\u011bn\u00ed spokojenosti z\u00e1kazn\u00edk\u016f na nejvy\u0161\u0161\u00ed \u00farovni: P\u0159ed odesl\u00e1n\u00edm proch\u00e1z\u00ed ka\u017ed\u00e9 za\u0159\u00edzen\u00ed p\u0159\u00edsn\u00fdm testov\u00e1n\u00edm a v\u00edcebodovou kontrolou kvality. N\u00e1\u0161 specializovan\u00fd t\u00fdm ov\u011b\u0159uje v\u00fdkon, funk\u010dnost a integritu komponent, aby bylo zaru\u010deno, \u017ee va\u0161e za\u0159\u00edzen\u00ed AYANEO bude p\u0159i p\u0159\u00edchodu v perfektn\u00edm stavu, co\u017e v\u00e1m poskytne jistotu a klid. [\/cg_accordion]\n[cg_accordion title=\"CENY, DAN\u011a A DOPRAVA\"]<\/p>\n<p><strong><u>Pozn\u00e1mka:<\/u><\/strong><\/p>\n<ul>\n<li>Z\u00e1kazn\u00edci ze Spojen\u00fdch st\u00e1t\u016f: Z\u00e1kazn\u00edci: Zobrazen\u00e1 cena NEZAHRNUJE DAN\u011a ani cla. Odpov\u011bdnost za celn\u00ed odbaven\u00ed a zaplacen\u00ed souvisej\u00edc\u00ed dan\u011b\/celn\u00ed sazby nese z\u00e1kazn\u00edk. <\/li>\n<li>Z\u00e1kazn\u00edci z EU: V zobrazen\u00e9 cen\u011b je zahrnuta p\u0159\u00edslu\u0161n\u00e1 DA\u0147, kter\u00e1 m\u016f\u017ee \u010dinit a\u017e 25 % v z\u00e1vislosti na va\u0161\u00ed zemi.<\/li>\n<li>Z\u00e1kazn\u00edci z Kanady: V z\u00e1vislosti na va\u0161\u00ed provincii m\u016f\u017ee zobrazen\u00e1 cena zahrnovat p\u0159\u00edslu\u0161n\u00e9 dan\u011b, kter\u00e9 mohou zahrnovat 5% GST a dal\u0161\u00ed provin\u010dn\u00ed dan\u011b z prodeje (PST), harmonizovanou da\u0148 z prodeje (HST) nebo quebeckou da\u0148 z prodeje (QST).<\/li>\n<\/ul>\n<p><strong>Pouze pro z\u00e1kazn\u00edky z EU:<\/strong> Expresn\u00ed DDP (Delivered Duty Paid). To znamen\u00e1: <\/p>\n<ul>\n<li>Ve\u0161ker\u00e1 cla a dan\u011b jsou zahrnuty v cen\u011b uveden\u00e9 na str\u00e1nce produktu.<\/li>\n<li>P\u0159i doru\u010den\u00ed nemus\u00edte platit \u017e\u00e1dn\u00e9 dal\u0161\u00ed poplatky.<\/li>\n<li>Ve v\u00fdjime\u010dn\u00fdch p\u0159\u00edpadech, kdy se vyskytnou probl\u00e9my souvisej\u00edc\u00ed s celn\u00edm \u0159\u00edzen\u00edm, se n\u00e1\u0161 t\u00fdm postar\u00e1 o celn\u00ed odbaven\u00ed va\u0161\u00edm jm\u00e9nem, aby bylo doru\u010den\u00ed bezprobl\u00e9mov\u00e9.<\/li>\n<p>D\u016fle\u017eit\u00e9 informace o vr\u00e1cen\u00ed zbo\u017e\u00ed:<\/p>\n<li>Pokud se rozhodnete objedn\u00e1vku vr\u00e1tit nebo po\u017e\u00e1dat o vr\u00e1cen\u00ed pen\u011bz, m\u011bjte na pam\u011bti, \u017ee dan\u011b a cla zaplacen\u00e9 za v\u00e1s podle podm\u00ednek DDP nelze vr\u00e1tit.<\/li>\n<p>Podrobn\u00e9 informace naleznete v na\u0161ich <a href=\"https:\/\/ayaneo.co\/cs\/podminky-sluzby\/\" target=\"_blank\" rel=\"nofollow noopener\">smluvn\u00edch podm\u00ednk\u00e1ch<\/a>.\n<\/ul>\n<p>[\/cg_accordion]\n[cg_accordion title=\"Z\u00c1KAZNICK\u00c1 PODPORA\"]<\/p>\n<p>M\u00e1te dotaz? V\u00e1\u0161 probl\u00e9m vy\u0159e\u0161\u00edme kr\u00e1tkou textovou zpr\u00e1vou! [\/cg_accordion]\n[cg_accordion title=\"BAL\u00cd\u010cEK OBSAHUJE\"]\n","protected":false},"featured_media":16060,"template":"","meta":{"_acf_changed":false},"product_brand":[],"product_cat":[1147],"product_tag":[],"class_list":{"0":"post-16049","1":"product","2":"type-product","3":"status-publish","4":"has-post-thumbnail","6":"product_cat-prislusenstvi","7":"product_shipping_class-low-end","8":"pa_brand-ayaneo","9":"pa_compatible-with-ayaneo-3-cs","11":"first","12":"instock","13":"sale","14":"taxable","15":"shipping-taxable","16":"purchasable","17":"product-type-variable","18":"has-default-attributes"},"acf":[],"_links":{"self":[{"href":"https:\/\/ayaneo.co\/cs\/wp-json\/wp\/v2\/product\/16049","targetHints":{"allow":["GET"]}}],"collection":[{"href":"https:\/\/ayaneo.co\/cs\/wp-json\/wp\/v2\/product"}],"about":[{"href":"https:\/\/ayaneo.co\/cs\/wp-json\/wp\/v2\/types\/product"}],"wp:featuredmedia":[{"embeddable":true,"href":"https:\/\/ayaneo.co\/cs\/wp-json\/wp\/v2\/media\/16060"}],"wp:attachment":[{"href":"https:\/\/ayaneo.co\/cs\/wp-json\/wp\/v2\/media?parent=16049"}],"wp:term":[{"taxonomy":"product_brand","embeddable":true,"href":"https:\/\/ayaneo.co\/cs\/wp-json\/wp\/v2\/product_brand?post=16049"},{"taxonomy":"product_cat","embeddable":true,"href":"https:\/\/ayaneo.co\/cs\/wp-json\/wp\/v2\/product_cat?post=16049"},{"taxonomy":"product_tag","embeddable":true,"href":"https:\/\/ayaneo.co\/cs\/wp-json\/wp\/v2\/product_tag?post=16049"}],"curies":[{"name":"wp","href":"https:\/\/api.w.org\/{rel}","templated":true}]}}