{"id":16080,"date":"2025-03-17T09:44:54","date_gmt":"2025-03-17T09:44:54","guid":{"rendered":"https:\/\/ayaneo.co\/product\/ayaneo-multi-station-grafitove-cerna\/"},"modified":"2026-01-06T00:28:00","modified_gmt":"2026-01-06T00:28:00","slug":"ayaneo-multi-station-grafitove-cerna","status":"publish","type":"product","link":"https:\/\/ayaneo.co\/cs\/product\/ayaneo-multi-station-grafitove-cerna\/","title":{"rendered":"AYANEO MULTI STATION - Grafitov\u011b \u010dern\u00e1"},"content":{"rendered":"\n<p><span data-contrast=\"none\"><strong>Dokovac\u00ed staniceAYANEO Multi<\/strong> uvol\u0148uje pln\u00fd potenci\u00e1l va\u0161eho za\u0159\u00edzen\u00ed AYA NEO d\u00edky snadno pou\u017eiteln\u00e9mu dokovac\u00edmu syst\u00e9mu s n\u011bkolika roz\u0161i\u0159uj\u00edc\u00edmi porty.  <\/span><\/p>\n\n<p><span data-contrast=\"none\"><strong>Dokovac\u00ed stanice<\/strong> AYANEO Multi <strong>je k dispozici v<\/strong> grafitov\u011b \u010dern\u00e9 <strong>barv\u011b<\/strong>. <strong>Podporuje v\u0161echny modely AYANEO <\/strong> d\u00edky patentovan\u00e9mu z\u00e1kladn\u00edmu konektoru, kter\u00fd lze posunout tak, aby se p\u0159izp\u016fsobil m\u00edrn\u011b odli\u0161n\u00e9mu um\u00edst\u011bn\u00ed portu USB typu C na ka\u017ed\u00e9m modelu.   <\/span><\/p>\n\n<p><span data-contrast=\"none\">Dokovac\u00ed stanice AYANEO Multi zab\u00edr\u00e1 minim\u00e1ln\u00ed prostor na pracovn\u00edm stole, je bezpe\u010dn\u011b um\u00edst\u011bna na stole a podporuje osm roz\u0161i\u0159uj\u00edc\u00edch port\u016f.Rozm\u011bry dokovac\u00ed stanice jsou p\u0159ibli\u017en\u011b<strong> 15,1 x 7,0 x 3,7 cm (5,9 x 2,7 x 1,45 palce) a v\u00e1\u017e\u00ed p\u0159ibli\u017en\u011b 200 g<\/strong>.<\/span><span data-ccp-props=\"{\"> <\/span><\/p>\n\n<p><span data-contrast=\"none\">Na zadn\u00ed stran\u011b AYANEO Multi Docking Station je zleva doprava um\u00edst\u011bn <\/span><a href=\"https:\/\/en.wikipedia.org\/wiki\/USB-C\" target=\"_blank\" rel=\"noopener\"><span data-contrast=\"none\">USB typu C<\/span><\/a><span data-contrast=\"none\">  port, kter\u00fd lze pou\u017e\u00edt pro perifern\u00ed za\u0159\u00edzen\u00ed, nap\u0159\u00edklad extern\u00ed pevn\u00fd disk. K dispozici jsou dva   <\/span><a href=\"https:\/\/www.viewsonic.com\/library\/tech\/usb-c-usb-b-and-usb-a-whats-the-difference\/\" target=\"_blank\" rel=\"noopener\"><span data-contrast=\"none\">USB-A<\/span><\/a><span data-contrast=\"none\">  porty, kter\u00e9 lze pou\u017e\u00edt nap\u0159\u00edklad pro my\u0161 a kl\u00e1vesnici. Druh\u00fd port USB typu C slou\u017e\u00ed k nap\u00e1jen\u00ed dokovac\u00ed stanice a m\u016f\u017ee tak\u00e9 nab\u00edjet p\u0159ipojen\u00e9 modely AYANEO. <\/span><span data-ccp-props=\"{\"> <\/span><\/p>\n\n<p><span data-contrast=\"none\">Na str\u00e1nk\u00e1ch <\/span><a href=\"https:\/\/en.wikipedia.org\/wiki\/HDMI\" target=\"_blank\" rel=\"noopener\"><span data-contrast=\"none\">HDMI<\/span><\/a><span data-contrast=\"none\">  Port 2.0b lze pou\u017e\u00edt pro v\u00fdstup videa z webu AYANEO na televizor nebo monitor. <strong>Podporuje rozli\u0161en\u00ed a\u017e 4K p\u0159i 60 Hz<\/strong>. Gigabitov\u00fd   <\/span><a href=\"https:\/\/en.wikipedia.org\/wiki\/Ethernet\" target=\"_blank\" rel=\"noopener\"><span data-contrast=\"none\">ethernet<\/span><\/a><span data-contrast=\"none\"> zaji\u0161\u0165uje bezpe\u010dn\u00fd a vysokorychlostn\u00ed p\u0159enos dat z dokovac\u00ed stanice AYANEO Multi.<\/span><span data-ccp-props=\"{\"> <\/span><\/p>\n\n<p><span data-contrast=\"none\">Na prav\u00e9 stran\u011b dokovac\u00ed stanice AYANEO Multi jsou sloty pro kartu Micro SD a SD.<\/span><span data-ccp-props=\"{\"> <\/span><\/p>\n\n<p><span data-contrast=\"none\">Dokovac\u00ed stanice AYANEO Multi je kompatibiln\u00ed se <strong>v\u0161emi modely AYANEO v\u010detn\u011b. <\/strong><\/span><strong><a href=\"https:\/\/droix.co.uk\/product\/ayaneo-2\/\" target=\"_blank\" rel=\"noopener\">AYANEO 2<\/a>, AYANEO Geek, <a href=\"https:\/\/droix.co.uk\/product\/ayaneo-air\/\" target=\"_blank\" rel=\"noopener\">AYANEO Air PRO<\/a>, <a href=\"https:\/\/droix.co.uk\/product\/ayaneo-next\/\" target=\"_blank\" rel=\"noopener\">AYANEO NEXT<\/a>, <a href=\"https:\/\/droix.co.uk\/product\/ayaneo-next-pro\/\" target=\"_blank\" rel=\"noopener\">AYANEO Next PRO<\/a>, <a href=\"https:\/\/droix.co.uk\/product\/ayaneo-next\/\" target=\"_blank\" rel=\"noopener\">AYANEO 2021<\/a> a <a href=\"https:\/\/droix.co.uk\/product\/ayaneo-next-pro\/\" target=\"_blank\" rel=\"noopener\">AYANEO 2021 Pro<\/a>. <\/strong> <\/p>\n\n<p><span data-contrast=\"none\"><strong>Dokovac\u00ed staniceAYANEO Multi Docking Station je dokonal\u00fdm dopl\u0148kem pro v\u00e1\u0161 AYAYNEO<\/strong>, kter\u00fd se z hern\u00edho kapesn\u00edho po\u010d\u00edta\u010de prom\u011bn\u00ed ve v\u00fdkonn\u00e9 \u0159e\u0161en\u00ed podobn\u00e9 stoln\u00edmu po\u010d\u00edta\u010di s ve\u0161kerou pot\u0159ebnou konektivitou.<\/span><span data-ccp-props=\"{\"> <\/span><\/p>\n\n<p>Na\u0161i <a href=\"https:\/\/droix.co.uk\/blogs\/ayaneo-docking-station-review\/\" target=\"_blank\" rel=\"noopener\">recenziAYANEO Multi Docking Station si m\u016f\u017eete p\u0159e\u010d\u00edst zde.<\/a><\/p>\n\n<figure class=\"wp-block-image aligncenter\"><img decoding=\"async\" src=\"https:\/\/droix.net\/wp-content\/uploads\/2022\/12\/8fb77202211071909143194ready.jpg\" alt=\"\" class=\"wp-image-88164\"\/><\/figure>\n\n<figure class=\"wp-block-image aligncenter\"><img decoding=\"async\" src=\"https:\/\/droix.net\/wp-content\/uploads\/2022\/12\/ea565202211071908508498ready.jpg\" alt=\"\" class=\"wp-image-88174\"\/><\/figure>\n\n<p><\/p>\n","protected":false},"excerpt":{"rendered":"<ul>\n<li><b>Ofici\u00e1ln\u00ed produkt AYANEO <\/b><\/li>\n<li><strong>Kompatibiln\u00ed se<\/strong> <strong>v\u0161emi kapesn\u00edmi po\u010d\u00edta\u010di AYANEO <\/strong><\/li>\n<li><b>Exkluzivn\u00ed patentovan\u00e1 z\u00e1kladn\u00ed z\u00e1str\u010dka<\/b><\/li>\n<li><strong>A\u017e 8<\/strong> roz\u0161i\u0159uj\u00edc\u00edch port\u016f<\/li>\n<li>Slot pro kartu MicroSD<\/li>\n<\/ul>\n[cg_accordion title=\"INFORMACE O PLATB\u011a\"]<\/p>\n<p>Pou\u017e\u00edv\u00e1me nejnov\u011bj\u0161\u00ed technologie zpracov\u00e1n\u00ed plateb, kter\u00e9 v\u00e1m umo\u017e\u0148uj\u00ed prov\u00e9st platbu prost\u0159ednictv\u00edm Apple Pay, Google Pay, va\u0161\u00ed debetn\u00ed\/kreditn\u00ed karty, PayPal nebo metod BNPL, jako je Klarna, Affirm nebo AfterPay, a zajistit tak rychl\u00e9 a bezpe\u010dn\u00e9 zpracov\u00e1n\u00ed.[\/cg_accordion]\n[cg_accordion title=\"Z\u00c1RUKA\"]<\/p>\n<p>1 rok z\u00e1ruky od spole\u010dnosti <a href=\"https:\/\/droix.net\/\" target=\"_blank\" rel=\"nofollow noopener\">DROIX Global pro<\/a> v\u00e1\u0161 klid.[\/cg_accordion]\n[cg_accordion title=\"ZAJI\u0160T\u011aN\u00cd KVALITY A P\u0158EDEXPEDI\u010cN\u00cd TESTOV\u00c1N\u00cd\"]<\/p>\n<p>Zaji\u0161t\u011bn\u00ed spokojenosti z\u00e1kazn\u00edk\u016f na nejvy\u0161\u0161\u00ed \u00farovni: P\u0159ed odesl\u00e1n\u00edm proch\u00e1z\u00ed ka\u017ed\u00e9 za\u0159\u00edzen\u00ed p\u0159\u00edsn\u00fdm testov\u00e1n\u00edm a v\u00edcebodovou kontrolou kvality. N\u00e1\u0161 specializovan\u00fd t\u00fdm ov\u011b\u0159uje v\u00fdkon, funk\u010dnost a integritu komponent, aby bylo zaru\u010deno, \u017ee va\u0161e za\u0159\u00edzen\u00ed AYANEO bude p\u0159i p\u0159\u00edchodu v perfektn\u00edm stavu, co\u017e v\u00e1m poskytne jistotu a klid. [\/cg_accordion]\n[cg_accordion title=\"CENY, DAN\u011a A DOPRAVA\"]<\/p>\n<p><strong><u>Pozn\u00e1mka:<\/u><\/strong><\/p>\n<ul>\n<li>Z\u00e1kazn\u00edci ze Spojen\u00fdch st\u00e1t\u016f: Z\u00e1kazn\u00edci: Zobrazen\u00e1 cena NEZAHRNUJE DAN\u011a ani cla. Odpov\u011bdnost za celn\u00ed odbaven\u00ed a zaplacen\u00ed souvisej\u00edc\u00ed dan\u011b\/celn\u00ed sazby nese z\u00e1kazn\u00edk. <\/li>\n<li>Z\u00e1kazn\u00edci z EU: V zobrazen\u00e9 cen\u011b je zahrnuta p\u0159\u00edslu\u0161n\u00e1 DA\u0147, kter\u00e1 m\u016f\u017ee \u010dinit a\u017e 25 % v z\u00e1vislosti na va\u0161\u00ed zemi.<\/li>\n<li>Z\u00e1kazn\u00edci z Kanady: V z\u00e1vislosti na va\u0161\u00ed provincii m\u016f\u017ee zobrazen\u00e1 cena zahrnovat p\u0159\u00edslu\u0161n\u00e9 dan\u011b, kter\u00e9 mohou zahrnovat 5% GST a dal\u0161\u00ed provin\u010dn\u00ed dan\u011b z prodeje (PST), harmonizovanou da\u0148 z prodeje (HST) nebo quebeckou da\u0148 z prodeje (QST).<\/li>\n<\/ul>\n<p><strong>Pouze pro z\u00e1kazn\u00edky z EU:<\/strong> Expresn\u00ed DDP (Delivered Duty Paid). To znamen\u00e1: <\/p>\n<ul>\n<li>Ve\u0161ker\u00e1 cla a dan\u011b jsou zahrnuty v cen\u011b uveden\u00e9 na str\u00e1nce produktu.<\/li>\n<li>P\u0159i doru\u010den\u00ed nemus\u00edte platit \u017e\u00e1dn\u00e9 dal\u0161\u00ed poplatky.<\/li>\n<li>Ve v\u00fdjime\u010dn\u00fdch p\u0159\u00edpadech, kdy se vyskytnou probl\u00e9my souvisej\u00edc\u00ed s celn\u00edm \u0159\u00edzen\u00edm, se n\u00e1\u0161 t\u00fdm postar\u00e1 o celn\u00ed odbaven\u00ed va\u0161\u00edm jm\u00e9nem, aby bylo doru\u010den\u00ed bezprobl\u00e9mov\u00e9.<\/li>\n<p>D\u016fle\u017eit\u00e9 informace o vr\u00e1cen\u00ed zbo\u017e\u00ed:<\/p>\n<li>Pokud se rozhodnete objedn\u00e1vku vr\u00e1tit nebo po\u017e\u00e1dat o vr\u00e1cen\u00ed pen\u011bz, m\u011bjte na pam\u011bti, \u017ee dan\u011b a cla zaplacen\u00e9 za v\u00e1s podle podm\u00ednek DDP nelze vr\u00e1tit.<\/li>\n<p>Podrobn\u00e9 informace naleznete v na\u0161ich <a href=\"https:\/\/ayaneo.co\/cs\/podminky-sluzby\/\" target=\"_blank\" rel=\"nofollow noopener\">smluvn\u00edch podm\u00ednk\u00e1ch<\/a>.\n<\/ul>\n<p>[\/cg_accordion]\n[cg_accordion title=\"Z\u00c1KAZNICK\u00c1 PODPORA\"]<\/p>\n<p>M\u00e1te dotaz? V\u00e1\u0161 probl\u00e9m vy\u0159e\u0161\u00edme kr\u00e1tkou textovou zpr\u00e1vou! [\/cg_accordion]\n[cg_accordion title=\"BAL\u00cd\u010cEK OBSAHUJE\"]<\/p>\n<ul>\n<li>1x AYANEO Dokovac\u00ed stanice<\/li>\n<\/ul>\n<p>[\/cg_accordion]\n","protected":false},"featured_media":16090,"template":"","meta":{"_acf_changed":false},"product_brand":[],"product_cat":[1147],"product_tag":[],"class_list":{"0":"post-16080","1":"product","2":"type-product","3":"status-publish","4":"has-post-thumbnail","6":"product_cat-prislusenstvi","7":"product_shipping_class-low-end","8":"pa_accessory-type-docking-station-cs","9":"pa_brand-ayaneo","10":"pa_compatible-with-ayaneo-2-cs","11":"pa_compatible-with-ayaneo-2021-cs","12":"pa_compatible-with-ayaneo-3-cs","13":"pa_compatible-with-ayaneo-air-cs","14":"pa_compatible-with-ayaneo-geek-cs","16":"first","17":"instock","18":"taxable","19":"shipping-taxable","20":"purchasable","21":"product-type-simple"},"acf":[],"_links":{"self":[{"href":"https:\/\/ayaneo.co\/cs\/wp-json\/wp\/v2\/product\/16080","targetHints":{"allow":["GET"]}}],"collection":[{"href":"https:\/\/ayaneo.co\/cs\/wp-json\/wp\/v2\/product"}],"about":[{"href":"https:\/\/ayaneo.co\/cs\/wp-json\/wp\/v2\/types\/product"}],"wp:featuredmedia":[{"embeddable":true,"href":"https:\/\/ayaneo.co\/cs\/wp-json\/wp\/v2\/media\/16090"}],"wp:attachment":[{"href":"https:\/\/ayaneo.co\/cs\/wp-json\/wp\/v2\/media?parent=16080"}],"wp:term":[{"taxonomy":"product_brand","embeddable":true,"href":"https:\/\/ayaneo.co\/cs\/wp-json\/wp\/v2\/product_brand?post=16080"},{"taxonomy":"product_cat","embeddable":true,"href":"https:\/\/ayaneo.co\/cs\/wp-json\/wp\/v2\/product_cat?post=16080"},{"taxonomy":"product_tag","embeddable":true,"href":"https:\/\/ayaneo.co\/cs\/wp-json\/wp\/v2\/product_tag?post=16080"}],"curies":[{"name":"wp","href":"https:\/\/api.w.org\/{rel}","templated":true}]}}