{"id":16174,"date":"2025-03-27T09:55:33","date_gmt":"2025-03-27T09:55:33","guid":{"rendered":"https:\/\/ayaneo.co\/product\/ayaneo-air-pro\/"},"modified":"2025-05-30T15:55:52","modified_gmt":"2025-05-30T15:55:52","slug":"ayaneo-air-pro","status":"publish","type":"product","link":"https:\/\/ayaneo.co\/cs\/product\/ayaneo-air-pro\/","title":{"rendered":"AYANEO AIR PRO"},"content":{"rendered":"\n<h2 class=\"wp-block-heading\">AYANEO Vzduch<\/h2>\n\n<figure class=\"wp-block-image\"><img decoding=\"async\" src=\"https:\/\/droix.net\/wp-content\/uploads\/2022\/10\/TEXT.png\" alt=\"\" title=\"AYA NEO AIR PRO 1\"\/><\/figure>\n\n<figure class=\"wp-block-image\"><img decoding=\"async\" src=\"https:\/\/droix.net\/wp-content\/uploads\/2022\/10\/cpu-perf.png\" alt=\"\" title=\"AYA NEO AIR PRO 2\"\/><\/figure>\n\n<h2 class=\"wp-block-heading\">V\u00fdkonn\u00fd procesor<\/h2>\n\n<figure class=\"wp-block-image\"><img decoding=\"async\" src=\"https:\/\/droix.net\/wp-content\/uploads\/2022\/10\/oled.png\" alt=\"\" title=\"AYA NEO AIR PRO 3\"\/><\/figure>\n\n<h2 class=\"wp-block-heading\">Crisp OLED Screen<\/h2>\n\n<figure class=\"wp-block-image\"><img decoding=\"async\" src=\"https:\/\/droix.net\/wp-content\/uploads\/2022\/10\/controller.png\" alt=\"\" title=\"AYA NEO AIR PRO 4\"\/><\/figure>\n\n<h2 class=\"wp-block-heading\">Hern\u00ed ovlada\u010de<\/h2>\n\n<figure class=\"wp-block-image\"><img decoding=\"async\" src=\"https:\/\/droix.net\/wp-content\/uploads\/2022\/10\/hall-joystick.png\" alt=\"\" title=\"AYA NEO AIR PRO 5\"\/><\/figure>\n\n<h2 class=\"wp-block-heading\">Joysticky HALL<\/h2>\n\n<figure class=\"wp-block-image\"><img decoding=\"async\" src=\"https:\/\/droix.net\/wp-content\/uploads\/2022\/10\/light.png\" alt=\"\" title=\"AYA NEO AIR PRO 6\"\/><\/figure>\n\n<h2 class=\"wp-block-heading\">Lehk\u00e9<\/h2>\n\n<figure class=\"wp-block-image\"><img decoding=\"async\" src=\"https:\/\/droix.net\/wp-content\/uploads\/2022\/10\/lightweight.png\" alt=\"\" title=\"AYA NEO AIR PRO 7\"\/><\/figure>\n\n<h2 class=\"wp-block-heading\">P\u0159enosn\u00fd<\/h2>\n\n<figure class=\"wp-block-image\"><img decoding=\"async\" src=\"https:\/\/droix.net\/wp-content\/uploads\/2022\/10\/ayaspace.png\" alt=\"\" title=\"AYA NEO AIR PRO 8\"\/><\/figure>\n\n<h2 class=\"wp-block-heading\">AYASpace<\/h2>\n\n<figure class=\"wp-block-image\"><img decoding=\"async\" src=\"https:\/\/droix.net\/wp-content\/uploads\/2022\/10\/storage-expansion.png\" alt=\"\" title=\"AYA NEO AIR PRO 9\"\/><\/figure>\n\n<h2 class=\"wp-block-heading\">Roz\u0161i\u0159iteln\u00e9 \u00falo\u017ei\u0161t\u011b<\/h2>\n\n<h2 class=\"wp-block-heading\">AYANEO Vzduch<\/h2>\n\n<h2 class=\"wp-block-heading\">18mm<\/h2>\n\n<h2 class=\"wp-block-heading\">AYANEO Air Pro<\/h2>\n\n<h2 class=\"wp-block-heading\">21,6 mm<\/h2>\n\n<figure class=\"wp-block-image\"><img decoding=\"async\" src=\"https:\/\/droix.net\/wp-content\/uploads\/2022\/10\/1.png\" alt=\"\" title=\"AYA NEO AIR PRO 10\"\/><\/figure>\n\n<figure class=\"wp-block-image\"><img decoding=\"async\" src=\"https:\/\/droix.net\/wp-content\/uploads\/2022\/10\/2.png\" alt=\"\" title=\"AYA NEO AIR PRO 11\"\/><\/figure>\n\n<figure class=\"wp-block-image\"><img decoding=\"async\" src=\"https:\/\/droix.net\/wp-content\/uploads\/2022\/10\/6.png\" alt=\"\" title=\"AYA NEO AIR PRO 12\"\/><\/figure>\n\n<figure class=\"wp-block-image\"><img decoding=\"async\" src=\"https:\/\/droix.net\/wp-content\/uploads\/2022\/10\/3.png\" alt=\"\" title=\"AYA NEO AIR PRO 13\"\/><\/figure>\n\n<figure class=\"wp-block-image\"><img decoding=\"async\" src=\"https:\/\/droix.net\/wp-content\/uploads\/2022\/10\/8.png\" alt=\"\" title=\"AYA NEO AIR PRO 14\"\/><\/figure>\n\n<figure class=\"wp-block-image\"><img decoding=\"async\" src=\"https:\/\/droix.net\/wp-content\/uploads\/2022\/10\/4.png\" alt=\"\" title=\"AYA NEO AIR PRO 15\"\/><\/figure>\n\n<figure class=\"wp-block-image\"><img decoding=\"async\" src=\"https:\/\/droix.net\/wp-content\/uploads\/2022\/10\/5.png\" alt=\"\" title=\"AYA NEO AIR PRO 16\"\/><\/figure>\n\n<figure class=\"wp-block-image\"><img decoding=\"async\" src=\"https:\/\/droix.net\/wp-content\/uploads\/elementor\/thumbs\/7-q8z5dcnq498hbirw1mfy0omf1l06qm1syszlslccn4.png\" alt=\"7.png\" title=\"7.png\"\/><\/figure>\n\n<figure class=\"wp-block-image\"><img decoding=\"async\" src=\"https:\/\/droix.net\/wp-content\/uploads\/elementor\/thumbs\/9-q8z5dcnq498hbirw1mfy0omf1l06qm1syszlslccn4.png\" alt=\"9.png\" title=\"9.png\"\/><\/figure>\n\n<h2 class=\"wp-block-heading\">Za\u017eijte hry na ostr\u00e9m displeji OLED <\/h2>\n\n<h2 class=\"wp-block-heading\">S 5,5\u2033 obrazovkou AMOLED s vysok\u00fdm barevn\u00fdm gamutem.<\/h2>\n\n<h2 class=\"wp-block-heading\">D\u00edky efektu \u0161irok\u00e9ho barevn\u00e9ho gamutu NTSC 109 % je zobrazen\u00ed realisti\u010dt\u011bj\u0161\u00ed.<br\/>S kontrastn\u00edm pom\u011brem a\u017e 100 000:1 jsou barvy syt\u011bj\u0161\u00ed a \u017eiv\u011bj\u0161\u00ed.<br\/>Vychutnejte si \u010distou \u010dernou a vysoce kontrastn\u00ed obraz sv\u00fdch obl\u00edben\u00fdch titul\u016f. AYANEO Air m\u00e1 nejvy\u0161\u0161\u00ed PPI, kter\u00e9 lze nal\u00e9zt v hern\u00edm handheldu se syst\u00e9mem Windows, a to 404 pixel\u016f na palec. <\/h2>\n\n<figure class=\"wp-block-image\"><img decoding=\"async\" src=\"https:\/\/droix.net\/wp-content\/uploads\/2022\/10\/oled-info-1024x309.png\" alt=\"\" title=\"AYA NEO AIR PRO 17\"\/><\/figure>\n\n<h2 class=\"wp-block-heading\">Ultra tenk\u00e9 a lehk\u00e9<\/h2>\n\n<h2 class=\"wp-block-heading\">AYANEO Air byl vyvinut s ohledem na p\u0159enosnost, a abychom toho dos\u00e1hli, museli jsme do tohoto hern\u00edho kapesn\u00edho po\u010d\u00edta\u010de se syst\u00e9mem Windows zkombinovat a zkomprimovat zhruba 3500 komponent.<br\/>V tomto ultrap\u0159enosn\u00e9m hern\u00edm kapesn\u00edm po\u010d\u00edta\u010di najdete hardware, kter\u00fd je pova\u017eov\u00e1n za hardware hodn\u00fd notebooku.<br\/>A abychom toto kr\u00e1sn\u00e9 balen\u00ed uzav\u0159eli, koncov\u00e9mu u\u017eivateli jsou viditeln\u00e9 pouze 2 \u0161roubky.<\/h2>\n\n<h2 class=\"wp-block-heading\">Nov\u00fd pohled na p\u0159enosn\u00e9 kapesn\u00ed po\u010d\u00edta\u010de<\/h2>\n\n<h2 class=\"wp-block-heading\">Hmotnost pouh\u00fdch 398 g*<\/h2>\n\n<figure class=\"wp-block-image\"><img decoding=\"async\" src=\"https:\/\/droix.net\/wp-content\/uploads\/2022\/10\/ayaneo_air-vs-switch.png\" alt=\"\" title=\"AYA NEO AIR PRO 18\"\/><\/figure>\n\n<h2 class=\"wp-block-heading\">AYANEO Air Lite* - 398 g<br\/>AYANEO Air Standard - 398 g<br\/>AYANEO Air Pro - 440 g<\/h2>\n\n<h2 class=\"wp-block-heading\">V\u00fdrazn\u011b men\u0161\u00ed ne\u017e Steam Deck<br\/> A je\u0161t\u011b men\u0161\u00ed ne\u017e Switch.<\/h2>\n\n<figure class=\"wp-block-image\"><img decoding=\"async\" src=\"https:\/\/droix.net\/wp-content\/uploads\/2022\/10\/ayaneo-sd-switch.png\" alt=\"\" title=\"AYA NEO AIR PRO 19\"\/><\/figure>\n\n<h2 class=\"wp-block-heading\">398g AYANEO Air<\/h2>\n\n<h2 class=\"wp-block-heading\">223,9 \u00d7 89,4 \u00d7 18 mm<\/h2>\n\n<h2 class=\"wp-block-heading\">420g Nintendo Switch<\/h2>\n\n<h2 class=\"wp-block-heading\">242x102x13,9 mm<\/h2>\n\n<h2 class=\"wp-block-heading\">669g Steam Deck<\/h2>\n\n<h2 class=\"wp-block-heading\">298x117x20mm<\/h2>\n\n<h2 class=\"wp-block-heading\">Hry AAA na cest\u00e1ch?<\/h2>\n\n<h2 class=\"wp-block-heading\">AYANEO Air p\u0159ich\u00e1z\u00ed s v\u00fdkonem RED a je vybaven bu\u010f procesorem AMD Ryzen 5 5560U, nebo 5825U (k dispozici pouze v modelu AYANEO Air Pro).<br\/>Tyto procesory APU jsou nejen skv\u011bl\u00e9 pro hran\u00ed her, ale nab\u00edzej\u00ed i ni\u017e\u0161\u00ed spot\u0159ebu energie, tak\u017ee m\u016f\u017eete hr\u00e1t sv\u00e9 obl\u00edben\u00e9 hry d\u00e9le.<\/h2>\n\n<figure class=\"wp-block-image\"><img decoding=\"async\" src=\"https:\/\/droix.net\/wp-content\/uploads\/2022\/10\/cpu-1-1-300x300.png\" alt=\"\" title=\"AYA NEO AIR PRO 20\"\/><\/figure>\n\n<h2 class=\"wp-block-heading\">D\u00edky procesu 7nn od spole\u010dnosti TSMC je AYANEO Air \u00fasporn\u00fd a z\u00e1rove\u0148 si zachov\u00e1v\u00e1 vysok\u00fd v\u00fdkon v obl\u00edben\u00fdch titulech.<\/h2>\n\n<figure class=\"wp-block-image\"><img decoding=\"async\" src=\"https:\/\/droix.net\/wp-content\/uploads\/2022\/10\/cpu-2-1-300x300.png\" alt=\"\" title=\"AYA NEO AIR PRO 21\"\/><\/figure>\n\n<h2 class=\"wp-block-heading\">APU AMD Ryzen 7 5825U, kter\u00fd je k dispozici pouze v notebooku AYANEO Air Pro, pracuje na frekvenci o 100 MHz vy\u0161\u0161\u00ed ne\u017e APU 5800U a je ide\u00e1ln\u00ed pro hran\u00ed her na cest\u00e1ch.<\/h2>\n\n<h2 class=\"wp-block-heading\">Zjist\u011bte v\u00edce o sv\u00fdch obl\u00edben\u00fdch hr\u00e1ch<\/h2>\n\n<figure class=\"wp-block-image\"><img decoding=\"async\" src=\"https:\/\/droix.net\/wp-content\/uploads\/2022\/08\/games-1.png\" alt=\"hry-1\" title=\"AYA NEO AIR PRO 22\"\/><\/figure>\n\n<figure class=\"wp-block-image\"><img decoding=\"async\" src=\"https:\/\/droix.net\/wp-content\/uploads\/2022\/08\/games-2.png\" alt=\"hry-2\" title=\"AYA NEO AIR PRO 23\"\/><\/figure>\n\n<figure class=\"wp-block-image\"><img decoding=\"async\" src=\"https:\/\/droix.net\/wp-content\/uploads\/elementor\/thumbs\/ayaneo-master-q8z5dcnq497mmmrgjif980vegtbvts312kqur5jx8g.png\" alt=\"ayaneo-master.png\" title=\"ayaneo-master.png\"\/><\/figure>\n\n<h2 class=\"wp-block-heading\">Sta\u0148te se mistrem na boji\u0161ti se sadou GuliKit.<\/h2>\n\n<h2 class=\"wp-block-heading\">AYANEO, ve spolupr\u00e1ci se spole\u010dnost\u00ed GuliKit se sna\u017e\u00ed poskytnout v\u00e1m ty nejlep\u0161\u00ed hern\u00ed z\u00e1\u017eitky. Tento hern\u00ed handheld pro PC je prvn\u00edm modelem, kter\u00fd je vybaven vysoce kvalitn\u00edmi joysticky GuliKit. <\/h2>\n\n<figure class=\"wp-block-image\"><img decoding=\"async\" src=\"https:\/\/droix.net\/wp-content\/uploads\/elementor\/thumbs\/gulikit-logo-q8z5dcnq497ijbaloaorilpee1n1klosjvnack8xkw.png\" alt=\"gulikit-logo.png\" title=\"gulikit-logo.png\"\/><\/figure>\n\n<figure class=\"wp-block-image\"><img decoding=\"async\" src=\"https:\/\/droix.net\/wp-content\/uploads\/2022\/10\/ayaneo-joystick-device.png\" alt=\"\" title=\"AYA NEO AIR PRO 24\"\/><\/figure>\n\n<h2 class=\"wp-block-heading\">Joysticky bez mrtv\u00e9 z\u00f3ny<\/h2>\n\n<h2 class=\"wp-block-heading\">Vnit\u0159n\u00ed a vn\u011bj\u0161\u00ed kruhy jsou 100% bez \u201emrtv\u00e9 z\u00f3ny\u201c<br\/>To je ide\u00e1ln\u00ed pro hry FPS.<\/h2>\n\n<h2 class=\"wp-block-heading\">Nastaven\u00ed citlivosti spou\u0161t\u011b<\/h2>\n\n<h2 class=\"wp-block-heading\">Pomoc\u00ed aplikace AYA Space m\u016f\u017eete snadno ovl\u00e1dat zdvih spou\u0161t\u011b. To v\u00e1m umo\u017en\u00ed stisknout spou\u0161t\u011b na 50 %, abyste dos\u00e1hli pln\u00e9ho \u00fa\u010dinku. <\/h2>\n\n<h2 class=\"wp-block-heading\">Pohotovostn\u00ed re\u017eim s nulovou spot\u0159ebou<\/h2>\n\n<h2 class=\"wp-block-heading\">Ovlada\u010de m\u016f\u017eete v aplikaci AYA Space vypnout, \u010d\u00edm\u017e u\u0161et\u0159\u00edte energii.<\/h2>\n\n<h2 class=\"wp-block-heading\">V\u00fdm\u011bna kl\u00e1ves A-B X-Y<\/h2>\n\n<h2 class=\"wp-block-heading\">Jste zvykl\u00ed na japonsk\u00e9 rozlo\u017een\u00ed? \u017d\u00e1dn\u00fd probl\u00e9m! S aplikac\u00ed AYA Space si m\u016f\u017eete rozvr\u017een\u00ed vym\u011bnit.  <\/h2>\n\n<figure class=\"wp-block-image\"><img decoding=\"async\" src=\"https:\/\/droix.net\/wp-content\/uploads\/2022\/10\/11.png\" alt=\"\" title=\"AYA NEO AIR PRO 25\"\/><\/figure>\n\n<h2 class=\"wp-block-heading\">\u017d\u00e1dn\u00fd drift<\/h2>\n\n<h2 class=\"wp-block-heading\">AYANEO Joysticky Air vyu\u017e\u00edvaj\u00ed elektromagnetick\u00e9 kol\u00e9bky, kter\u00e9 zaji\u0161\u0165uj\u00ed, \u017ee nedoch\u00e1z\u00ed ke sn\u00e1\u0161en\u00ed joysticku.<\/h2>\n\n<figure class=\"wp-block-image\"><img decoding=\"async\" src=\"https:\/\/droix.net\/wp-content\/uploads\/2022\/10\/22.png\" alt=\"\" title=\"AYA NEO AIR PRO 26\"\/><\/figure>\n\n<h2 class=\"wp-block-heading\">\u017d\u00e1dn\u00e1 mrtv\u00e1 z\u00f3na<\/h2>\n\n<h2 class=\"wp-block-heading\">Joysticky AYANEO Air nemaj\u00ed mrtvou z\u00f3nu ve st\u0159edov\u00e9m a vn\u011bj\u0161\u00edm prstenci joystick\u016f.<\/h2>\n\n<figure class=\"wp-block-image\"><img decoding=\"async\" src=\"https:\/\/droix.net\/wp-content\/uploads\/2022\/10\/33.png\" alt=\"\" title=\"AYA NEO AIR PRO 27\"\/><\/figure>\n\n<h2 class=\"wp-block-heading\">Vysok\u00e1 p\u0159esnost<\/h2>\n\n<h2 class=\"wp-block-heading\">Umo\u017e\u0148uje v\u00e1m z\u00edskat t\u011b\u017eko dosa\u017eiteln\u00e9 z\u00e1b\u011bry ve hr\u00e1ch FPS a plynule ovl\u00e1dat vozidlo v \u0159idi\u010dsk\u00fdch hr\u00e1ch.<\/h2>\n\n<figure class=\"wp-block-image\"><img decoding=\"async\" src=\"https:\/\/droix.net\/wp-content\/uploads\/2022\/10\/44.png\" alt=\"\" title=\"AYA NEO AIR PRO 28\"\/><\/figure>\n\n<h2 class=\"wp-block-heading\">Dlouh\u00e1 \u017eivotnost<\/h2>\n\n<h2 class=\"wp-block-heading\">\u017divotnost joystick\u016f Hall je 5 milion\u016f pou\u017eit\u00ed. To zajist\u00ed, \u017ee se v\u00e1\u0161 AYANEO Air bude chovat <\/h2>\n\n<h2 class=\"wp-block-heading\">EXKLUZIVN\u011a pro AYANEO Devices<\/h2>\n\n<h2 class=\"wp-block-heading\">AYA Space<\/h2>\n\n<h2 class=\"wp-block-heading\">AYA Space v\u00e1m umo\u017en\u00ed spravovat a spou\u0161t\u011bt va\u0161e obl\u00edben\u00e9 hry b\u011bhem n\u011bkolika sekund.<br\/>Pomoc\u00ed AYA Space m\u016f\u017eete nastavit profily v\u00fdkonu pro jednotliv\u00e9 hry a ovl\u00e1dat hlavn\u00ed funkce za\u0159\u00edzen\u00ed.<br\/> AYANEO Air je vybaven speci\u00e1ln\u00edm tla\u010d\u00edtkem AYA Space, kter\u00fdm lze snadno vyvolat p\u0159ekryvn\u00e9 okno a nastavit jas, hlasitost a TDP - to v\u0161e stiskem jedin\u00e9ho tla\u010d\u00edtka.<\/h2>\n\n<figure class=\"wp-block-image\"><img decoding=\"async\" src=\"https:\/\/droix.net\/wp-content\/uploads\/2022\/10\/ayaspace-ui-768x625.png\" alt=\"\" title=\"AYA NEO AIR PRO 29\"\/><\/figure>\n\n<h2 class=\"wp-block-heading\">Vysokorychlostn\u00ed \u00falo\u017ei\u0161t\u011b, a\u0165 u\u017e intern\u00ed nebo extern\u00ed<\/h2>\n\n<h2 class=\"wp-block-heading\">Intern\u00ed SSD<\/h2>\n\n<h2 class=\"wp-block-heading\">Vestav\u011bn\u00e1 vysokorychlostn\u00ed pam\u011b\u0165 NVMe SSD s kapacitou a\u017e 2 TB<\/h2>\n\n<figure class=\"wp-block-image\"><img decoding=\"async\" src=\"https:\/\/droix.net\/wp-content\/uploads\/2022\/10\/storage-1.png\" alt=\"\" title=\"AYA NEO AIR PRO 30\"\/><\/figure>\n\n<h2 class=\"wp-block-heading\">Slot pro kartu TF\/Micro SD<\/h2>\n\n<h2 class=\"wp-block-heading\">Umo\u017e\u0148uje snadn\u00fd upgrade intern\u00ed pam\u011bti.<\/h2>\n\n<figure class=\"wp-block-image\"><img decoding=\"async\" src=\"https:\/\/droix.net\/wp-content\/uploads\/2022\/10\/storage-2.png\" alt=\"\" title=\"AYA NEO AIR PRO 31\"\/><\/figure>\n\n<figure class=\"wp-block-image\"><img decoding=\"async\" src=\"https:\/\/droix.net\/wp-content\/uploads\/2022\/10\/multi-use.jpg\" alt=\"\" title=\"AYA NEO AIR PRO 32\"\/><\/figure>\n","protected":false},"excerpt":{"rendered":"<ul>\n<li>AMD <strong>Ryzen 5 5560U<\/strong> \/ AMD <strong>Ryzen 7 5825U<\/strong><\/li>\n<li><strong>16GB<\/strong> LPDDR4x @ 4266Mhz<\/li>\n<li><strong>a\u017e 1 TB<\/strong> vysokorychlostn\u00ed PCI-E <strong>M.2<\/strong> 2280 SSD<\/li>\n<li><strong>5,5<\/strong> &#8220; dotykov\u00fd displej <strong> OLED<\/strong> <\/li>\n<li>Podpora <strong>WiFi 6<\/strong> a <strong>Bluetooth 5.2<\/strong> <\/li>\n<\/ul>\n[cg_accordion title=\"Z\u00e1ruka\"]<\/p>\n<p>Na za\u0159\u00edzen\u00ed AYANEO AIR PRO poskytuje spole\u010dnost <a href=\"https:\/\/droix.net\/\">DROIX Global<\/a> z\u00e1ruku 1 rok. [\/cg_accordion]\n[cg_accordion title=\"Ceny, dan\u011b a doprava\"]<\/p>\n<p><strong><u>Pozn\u00e1mka:<\/u><\/strong><\/p>\n<ul>\n<li>Z\u00e1kazn\u00edci ze Spojen\u00fdch st\u00e1t\u016f: V zobrazen\u00e9 cen\u011b je zahrnuta p\u0159\u00edslu\u0161n\u00e1 DA\u0147 podle va\u0161eho st\u00e1tu.<\/li>\n<li>Z\u00e1kazn\u00edci z EU: V zobrazen\u00e9 cen\u011b je zahrnuta p\u0159\u00edslu\u0161n\u00e1 DA\u0147, kter\u00e1 m\u016f\u017ee \u010dinit a\u017e 25 % v z\u00e1vislosti na va\u0161\u00ed zemi.<\/li>\n<li>Z\u00e1kazn\u00edci z Kanady: V z\u00e1vislosti na va\u0161\u00ed provincii m\u016f\u017ee zobrazen\u00e1 cena zahrnovat p\u0159\u00edslu\u0161n\u00e9 dan\u011b, kter\u00e9 mohou zahrnovat 5% GST a dal\u0161\u00ed provin\u010dn\u00ed dan\u011b z prodeje (PST), harmonizovanou da\u0148 z prodeje (HST) nebo quebeckou da\u0148 z prodeje (QST).<\/li>\n<\/ul>\n<p>[\/cg_accordion]\n[cg_accordion title=\"P\u0159eprava a vr\u00e1cen\u00ed zbo\u017e\u00ed\"]<\/p>\n<p>Zas\u00edl\u00e1n\u00ed zaji\u0161\u0165uje spole\u010dnost <a href=\"https:\/\/droix.net\/\" target=\"_blank\" rel=\"nofollow noopener\">DROIX<\/a>, ofici\u00e1ln\u00ed distributor AYANEO, a to prost\u0159ednictv\u00edm slu\u017eby DHL Express DDP (Delivered Duty Paid). To znamen\u00e1, \u017ee: <\/p>\n<p>Expresn\u00ed DDP (Delivered Duty Paid). To znamen\u00e1: <\/p>\n<ul>\n<li>Ve\u0161ker\u00e1 cla a dan\u011b jsou zahrnuty v cen\u011b uveden\u00e9 na str\u00e1nce produktu.<\/li>\n<li>P\u0159i doru\u010den\u00ed nemus\u00edte platit \u017e\u00e1dn\u00e9 dal\u0161\u00ed poplatky.<\/li>\n<li>Ve v\u00fdjime\u010dn\u00fdch p\u0159\u00edpadech, kdy se vyskytnou probl\u00e9my souvisej\u00edc\u00ed s celn\u00edm \u0159\u00edzen\u00edm, se n\u00e1\u0161 t\u00fdm postar\u00e1 o celn\u00ed odbaven\u00ed va\u0161\u00edm jm\u00e9nem, aby bylo doru\u010den\u00ed bezprobl\u00e9mov\u00e9.<\/li>\n<p>D\u016fle\u017eit\u00e9 informace o vr\u00e1cen\u00ed zbo\u017e\u00ed:<\/p>\n<li>Pokud se rozhodnete objedn\u00e1vku vr\u00e1tit nebo po\u017e\u00e1dat o vr\u00e1cen\u00ed pen\u011bz, m\u011bjte na pam\u011bti, \u017ee dan\u011b a cla zaplacen\u00e9 za v\u00e1s podle podm\u00ednek DDP nelze vr\u00e1tit.<\/li>\n<p>Podrobn\u00e9 informace naleznete v na\u0161ich <a href=\"https:\/\/ayaneo.co\/terms-of-service-2\/\" target=\"_blank\" rel=\"nofollow noopener\">smluvn\u00edch podm\u00ednk\u00e1ch<\/a>.\n<\/ul>\n<p>[\/cg_accordion]\n[cg_accordion title=\"Z\u00e1kaznick\u00e1 podpora\"]<\/p>\n<p>M\u00e1te dotaz? V\u00e1\u0161 probl\u00e9m vy\u0159e\u0161\u00edme kr\u00e1tkou textovou zpr\u00e1vou! [\/cg_accordion]\n[cg_accordion title=\"Balen\u00ed obsahuje\"]<\/p>\n<ul>\n<li>1x AYANEO AIR PRO Hern\u00ed handheld<\/li>\n<li>1x kabel USB typu C<\/li>\n<li>1x nap\u00e1jec\u00ed adapt\u00e9r<\/li>\n<li>1x u\u017eivatelsk\u00e1 p\u0159\u00edru\u010dka<\/li>\n<\/ul>\n<p>[\/cg_accordion]\n","protected":false},"featured_media":16176,"template":"","meta":{"_acf_changed":false},"product_brand":[],"product_cat":[1169],"product_tag":[],"class_list":{"0":"post-16174","1":"product","2":"type-product","3":"status-publish","4":"has-post-thumbnail","6":"product_cat-kapesni-herni-pocitace","7":"product_shipping_class-premium","8":"pa_brand-ayaneo","9":"pa_graphics-gpu-model-radeon-graphics","10":"pa_operating-system-windows-11-home","11":"pa_processor-cpu-brand-amd","13":"first","14":"outofstock","15":"taxable","16":"shipping-taxable","17":"purchasable","18":"product-type-variable","19":"has-default-attributes"},"acf":[],"_links":{"self":[{"href":"https:\/\/ayaneo.co\/cs\/wp-json\/wp\/v2\/product\/16174","targetHints":{"allow":["GET"]}}],"collection":[{"href":"https:\/\/ayaneo.co\/cs\/wp-json\/wp\/v2\/product"}],"about":[{"href":"https:\/\/ayaneo.co\/cs\/wp-json\/wp\/v2\/types\/product"}],"wp:featuredmedia":[{"embeddable":true,"href":"https:\/\/ayaneo.co\/cs\/wp-json\/wp\/v2\/media\/16176"}],"wp:attachment":[{"href":"https:\/\/ayaneo.co\/cs\/wp-json\/wp\/v2\/media?parent=16174"}],"wp:term":[{"taxonomy":"product_brand","embeddable":true,"href":"https:\/\/ayaneo.co\/cs\/wp-json\/wp\/v2\/product_brand?post=16174"},{"taxonomy":"product_cat","embeddable":true,"href":"https:\/\/ayaneo.co\/cs\/wp-json\/wp\/v2\/product_cat?post=16174"},{"taxonomy":"product_tag","embeddable":true,"href":"https:\/\/ayaneo.co\/cs\/wp-json\/wp\/v2\/product_tag?post=16174"}],"curies":[{"name":"wp","href":"https:\/\/api.w.org\/{rel}","templated":true}]}}