{"id":16235,"date":"2025-05-02T12:08:14","date_gmt":"2025-05-02T12:08:14","guid":{"rendered":"https:\/\/ayaneo.co\/product\/ayaneo-kapesni-ace\/"},"modified":"2025-12-11T00:13:22","modified_gmt":"2025-12-11T00:13:22","slug":"ayaneo-pocket-ace","status":"publish","type":"product","link":"https:\/\/ayaneo.co\/cs\/product\/ayaneo-pocket-ace\/","title":{"rendered":"AYANEO Pocket ACE"},"content":{"rendered":"\n<figure class=\"wp-block-video\"><video height=\"720\" style=\"aspect-ratio: 1280 \/ 720;\" width=\"1280\" controls=\"\" poster=\"https:\/\/ayaneo.co\/wp-content\/uploads\/2025\/05\/maxresdefault-5.jpg\" src=\"https:\/\/ayaneo.co\/wp-content\/uploads\/2025\/05\/ace.mp4\"><\/video><\/figure>\n\n<div class=\"wp-block-columns is-layout-flex wp-container-core-columns-is-layout-28f84493 wp-block-columns-is-layout-flex\">\n<div class=\"wp-block-column is-layout-flow wp-block-column-is-layout-flow\" style=\"flex-basis:33.33%\">\n<figure class=\"wp-block-image size-full\"><a href=\"https:\/\/ayaneo.co\/wp-content\/uploads\/2025\/05\/AYANEO-POCKET-ACE-MARKETING-DONE-01-1024x837-1.jpg\"><img fetchpriority=\"high\" decoding=\"async\" width=\"1024\" height=\"837\" src=\"https:\/\/ayaneo.co\/wp-content\/uploads\/2025\/05\/AYANEO-POCKET-ACE-MARKETING-DONE-01-1024x837-1.jpg\" alt=\"Kapesn&#xED; hern&#xED; konzole AYANEO Pocket ACE vystaven&#xE1; na stole s barevn&#xFD;m gradientn&#xED;m logem na obrazovce. Za&#x159;&#xED;zen&#xED; je vybaveno D-padem, analogov&#xFD;mi p&#xE1;&#x10D;kami a ak&#x10D;n&#xED;mi tla&#x10D;&#xED;tky, kter&#xE9; jsou osv&#x11B;tleny v tepl&#xE9;m prost&#x159;ed&#xED; s rozmazan&#xFD;m oran&#x17E;ov&#xFD;m pozad&#xED;m. \" class=\"wp-image-37460\" srcset=\"https:\/\/ayaneo.co\/wp-content\/uploads\/2025\/05\/AYANEO-POCKET-ACE-MARKETING-DONE-01-1024x837-1.jpg 1024w, https:\/\/ayaneo.co\/wp-content\/uploads\/2025\/05\/AYANEO-POCKET-ACE-MARKETING-DONE-01-1024x837-1-300x245.jpg 300w, https:\/\/ayaneo.co\/wp-content\/uploads\/2025\/05\/AYANEO-POCKET-ACE-MARKETING-DONE-01-1024x837-1-768x628.jpg 768w, https:\/\/ayaneo.co\/wp-content\/uploads\/2025\/05\/AYANEO-POCKET-ACE-MARKETING-DONE-01-1024x837-1-990x809.jpg 990w, https:\/\/ayaneo.co\/wp-content\/uploads\/2025\/05\/AYANEO-POCKET-ACE-MARKETING-DONE-01-1024x837-1-441x360.jpg 441w, https:\/\/ayaneo.co\/wp-content\/uploads\/2025\/05\/AYANEO-POCKET-ACE-MARKETING-DONE-01-1024x837-1-600x490.jpg 600w, https:\/\/ayaneo.co\/wp-content\/uploads\/2025\/05\/AYANEO-POCKET-ACE-MARKETING-DONE-01-1024x837-1-150x123.jpg 150w\" sizes=\"(max-width: 1024px) 100vw, 1024px\" \/><\/a><\/figure>\n<\/div>\n\n\n\n<div class=\"wp-block-column is-layout-flow wp-block-column-is-layout-flow\" style=\"flex-basis:66.66%\">\n<h3 class=\"wp-block-heading\">Za\u017eijte retro hran\u00ed jako nikdy p\u0159edt\u00edm s AYANEO Pocket ACE<\/h3>\n\n\n\n<p>AYANEO Pocket ACE je revolu\u010dn\u00ed kapesn\u00ed hern\u00ed za\u0159\u00edzen\u00ed, kter\u00e9 dokonale spojuje kouzlo retro her se \u0161pi\u010dkovou modern\u00ed technologi\u00ed. Toto za\u0159\u00edzen\u00ed \u010derp\u00e1 inspiraci z klasick\u00fdch horizont\u00e1ln\u00edch kapesn\u00edch konzol\u00ed a nab\u00edz\u00ed nostalgickou estetiku ve spojen\u00ed se siln\u00fdm v\u00fdkonem, co\u017e z n\u011bj \u010din\u00ed vynikaj\u00edc\u00ed volbu jak pro milovn\u00edky retro her, tak pro modern\u00ed hr\u00e1\u010de. <\/p>\n<\/div>\n<\/div>\n\n<hr class=\"wp-block-separator has-alpha-channel-opacity\"\/>\n\n<div class=\"wp-block-columns is-layout-flex wp-container-core-columns-is-layout-28f84493 wp-block-columns-is-layout-flex\">\n<div class=\"wp-block-column is-layout-flow wp-block-column-is-layout-flow\">\n<figure class=\"wp-block-image size-full\"><a href=\"https:\/\/ayaneo.co\/wp-content\/uploads\/2025\/05\/snapdragon_g3x_gen2_rounded-1024x837-1.png\"><img decoding=\"async\" width=\"1024\" height=\"837\" src=\"https:\/\/ayaneo.co\/wp-content\/uploads\/2025\/05\/snapdragon_g3x_gen2_rounded-1024x837-1.png\" alt=\"Odznak procesoru Snapdragon G3x Gen 2 v zaoblen&#xE9;m zlat&#xE9;m &#x10D;tverci s &#x10D;erven&#xFD;m embl&#xE9;mem plamene vpravo a tu&#x10D;n&#xFD;m &#x10D;erven&#xFD;m textem &quot;Snapdragon G3x Gen 2&quot; vlevo.\" class=\"wp-image-37462\" srcset=\"https:\/\/ayaneo.co\/wp-content\/uploads\/2025\/05\/snapdragon_g3x_gen2_rounded-1024x837-1.png 1024w, https:\/\/ayaneo.co\/wp-content\/uploads\/2025\/05\/snapdragon_g3x_gen2_rounded-1024x837-1-300x245.png 300w, https:\/\/ayaneo.co\/wp-content\/uploads\/2025\/05\/snapdragon_g3x_gen2_rounded-1024x837-1-768x628.png 768w, https:\/\/ayaneo.co\/wp-content\/uploads\/2025\/05\/snapdragon_g3x_gen2_rounded-1024x837-1-990x809.png 990w, https:\/\/ayaneo.co\/wp-content\/uploads\/2025\/05\/snapdragon_g3x_gen2_rounded-1024x837-1-441x360.png 441w, https:\/\/ayaneo.co\/wp-content\/uploads\/2025\/05\/snapdragon_g3x_gen2_rounded-1024x837-1-600x490.png 600w, https:\/\/ayaneo.co\/wp-content\/uploads\/2025\/05\/snapdragon_g3x_gen2_rounded-1024x837-1-150x123.png 150w\" sizes=\"(max-width: 1024px) 100vw, 1024px\" \/><\/a><\/figure>\n\n\n\n<h3 class=\"wp-block-heading\">V\u00fdkon<\/h3>\n\n\n\n<p>J\u00e1drem Pocket ACE je hern\u00ed platforma Snapdragon G3x Gen 2, kter\u00e1 poskytuje a\u017e 15W trval\u00fd v\u00fdkon. Tento v\u00fdkonn\u00fd procesor zaji\u0161\u0165uje plynulou emulaci retro titul\u016f a efektivn\u00ed zpracov\u00e1n\u00ed modern\u00edch her pro Android. Za\u0159\u00edzen\u00ed nab\u00edz\u00ed n\u011bkolik v\u00fdkonnostn\u00edch re\u017eim\u016f - \u00fasporn\u00fd, vyv\u00e1\u017een\u00fd, hern\u00ed a maxim\u00e1ln\u00ed - kter\u00e9 u\u017eivatel\u016fm umo\u017e\u0148uj\u00ed optimalizovat v\u00fdkon podle jejich hern\u00edch pot\u0159eb.  <\/p>\n<\/div>\n\n\n\n<div class=\"wp-block-column is-layout-flow wp-block-column-is-layout-flow\">\n<figure class=\"wp-block-image size-full\"><a href=\"https:\/\/ayaneo.co\/wp-content\/uploads\/2025\/05\/AYANEO-POCKET-ACE-MARKETING-DONE-02-1024x837-1.jpg\"><img decoding=\"async\" width=\"1024\" height=\"837\" src=\"https:\/\/ayaneo.co\/wp-content\/uploads\/2025\/05\/AYANEO-POCKET-ACE-MARKETING-DONE-02-1024x837-1.jpg\" alt=\"Dv&#x11B; kapesn&#xED; hern&#xED; konzole AYANEO Pocket ACE vedle sebe - jedna b&#xED;l&#xE1; s &#x10D;erven&#xFD;mi tla&#x10D;&#xED;tky s n&#xE1;pisem &quot;Retro Power&quot; a druh&#xE1; &#x10D;ern&#xE1; s tmav&#xFD;mi ovl&#xE1;dac&#xED;mi prvky. Ob&#x11B; zobrazuj&#xED; barevnou pruhovanou grafiku obrazovky, kter&#xE1; p&#x159;edv&#xE1;d&#xED; r&#x16F;zn&#xE1; barevn&#xE1; sch&#xE9;mata. Podsv&#xED;cen&#xE9; tepl&#xFD;mi a studen&#xFD;mi t&#xF3;ny, kter&#xE9; zv&#xFD;raz&#x148;uj&#xED; design hardwaru a ramenn&#xED;ch tla&#x10D;&#xED;tek.  \" class=\"wp-image-37463\" srcset=\"https:\/\/ayaneo.co\/wp-content\/uploads\/2025\/05\/AYANEO-POCKET-ACE-MARKETING-DONE-02-1024x837-1.jpg 1024w, https:\/\/ayaneo.co\/wp-content\/uploads\/2025\/05\/AYANEO-POCKET-ACE-MARKETING-DONE-02-1024x837-1-300x245.jpg 300w, https:\/\/ayaneo.co\/wp-content\/uploads\/2025\/05\/AYANEO-POCKET-ACE-MARKETING-DONE-02-1024x837-1-768x628.jpg 768w, https:\/\/ayaneo.co\/wp-content\/uploads\/2025\/05\/AYANEO-POCKET-ACE-MARKETING-DONE-02-1024x837-1-990x809.jpg 990w, https:\/\/ayaneo.co\/wp-content\/uploads\/2025\/05\/AYANEO-POCKET-ACE-MARKETING-DONE-02-1024x837-1-441x360.jpg 441w, https:\/\/ayaneo.co\/wp-content\/uploads\/2025\/05\/AYANEO-POCKET-ACE-MARKETING-DONE-02-1024x837-1-600x490.jpg 600w, https:\/\/ayaneo.co\/wp-content\/uploads\/2025\/05\/AYANEO-POCKET-ACE-MARKETING-DONE-02-1024x837-1-150x123.jpg 150w\" sizes=\"(max-width: 1024px) 100vw, 1024px\" \/><\/a><\/figure>\n\n\n\n<h3 class=\"wp-block-heading\">Ovl\u00e1dac\u00ed prvky a vstupy<\/h3>\n\n\n\n<p>Pocket ACE je vybaven v\u0161estrann\u00fdm rozlo\u017een\u00edm ovl\u00e1dac\u00edch prvk\u016f, kter\u00e9 je navr\u017eeno tak, aby vyhovovalo r\u016fzn\u00fdm hern\u00edm \u017e\u00e1nr\u016fm. Mezi kl\u00ed\u010dov\u00e9 funkce pat\u0159\u00ed. <\/p>\n\n\n\n<ul class=\"wp-block-list\">\n<li>St\u0159edn\u00ed analogov\u00e9 joysticky s Hallov\u00fdm efektem pro p\u0159esn\u00e9 zad\u00e1v\u00e1n\u00ed dat<\/li>\n\n\n\n<li>Line\u00e1rn\u00ed Hallovy spou\u0161t\u011b\u010de pro citliv\u00e9 ovl\u00e1d\u00e1n\u00ed<\/li>\n\n\n\n<li>D-pad v retro stylu um\u00edst\u011bn\u00fd v horn\u00ed \u010d\u00e1sti pro klasick\u00fd hern\u00ed pocit<\/li>\n\n\n\n<li>Tla\u010d\u00edtka ABXY s p\u0159izp\u016fsobiteln\u00fdm rozvr\u017een\u00edm<\/li>\n\n\n\n<li>Dal\u0161\u00ed tla\u010d\u00edtka v\u010detn\u011b kl\u00e1ves Home, Turbo a zkratek emul\u00e1toru<\/li>\n<\/ul>\n<\/div>\n\n\n\n<div class=\"wp-block-column is-layout-flow wp-block-column-is-layout-flow\">\n<figure class=\"wp-block-image size-full\"><a href=\"https:\/\/ayaneo.co\/wp-content\/uploads\/2025\/05\/seamless_power_combination_rounded-1024x837-1.png\"><img loading=\"lazy\" decoding=\"async\" width=\"1024\" height=\"837\" src=\"https:\/\/ayaneo.co\/wp-content\/uploads\/2025\/05\/seamless_power_combination_rounded-1024x837-1.png\" alt=\"Infografika propaguj&#xED;c&#xED; v&#xFD;konnostn&#xED; vlastnosti kapesn&#xED; hern&#xED; konzole. Mezi hlavn&#xED; v&#xFD;hody pat&#x159;&#xED; pam&#x11B;&#x165; LPDDR5X s rychlost&#xED; 8533 Mb\/s, &#xFA;lo&#x17E;i&#x161;t&#x11B; UFS 4.0 s rychlost&#xED; &#x10D;ten&#xED; v&#xED;ce ne&#x17E; 4000 MB\/s a podpora velk&#xE9; &#xFA;lo&#x17E;n&#xE9; kapacity pro mno&#x17E;stv&#xED; her. T&#x159;i panely ilustruj&#xED; pam&#x11B;&#x165;, &#xFA;lo&#x17E;i&#x161;t&#x11B; a hern&#xED; knihovnu pomoc&#xED; pixelov&#xE9; grafiky a miniatur ob&#xE1;lek her.  \" class=\"wp-image-37464\" srcset=\"https:\/\/ayaneo.co\/wp-content\/uploads\/2025\/05\/seamless_power_combination_rounded-1024x837-1.png 1024w, https:\/\/ayaneo.co\/wp-content\/uploads\/2025\/05\/seamless_power_combination_rounded-1024x837-1-300x245.png 300w, https:\/\/ayaneo.co\/wp-content\/uploads\/2025\/05\/seamless_power_combination_rounded-1024x837-1-768x628.png 768w, https:\/\/ayaneo.co\/wp-content\/uploads\/2025\/05\/seamless_power_combination_rounded-1024x837-1-990x809.png 990w, https:\/\/ayaneo.co\/wp-content\/uploads\/2025\/05\/seamless_power_combination_rounded-1024x837-1-441x360.png 441w, https:\/\/ayaneo.co\/wp-content\/uploads\/2025\/05\/seamless_power_combination_rounded-1024x837-1-600x490.png 600w, https:\/\/ayaneo.co\/wp-content\/uploads\/2025\/05\/seamless_power_combination_rounded-1024x837-1-150x123.png 150w\" sizes=\"(max-width: 1024px) 100vw, 1024px\" \/><\/a><\/figure>\n\n\n\n<h3 class=\"wp-block-heading\">\u00dalo\u017ei\u0161t\u011b a p\u0159ipojen\u00ed<\/h3>\n\n\n\n<p>AYANEO Pocket ACE nab\u00edz\u00ed flexibiln\u00ed mo\u017enosti ukl\u00e1d\u00e1n\u00ed, kter\u00e9 vyhovuj\u00ed r\u016fzn\u00fdm pot\u0159eb\u00e1m u\u017eivatel\u016f.<\/p>\n\n\n\n<ul class=\"wp-block-list\">\n<li>8 GB RAM + 128GB \u00falo\u017ei\u0161t\u011b<\/li>\n\n\n\n<li>12 GB RAM + 256GB \u00falo\u017ei\u0161t\u011b<\/li>\n\n\n\n<li>16 GB RAM + 512GB \u00falo\u017ei\u0161t\u011b<\/li>\n\n\n\n<li>16 GB RAM + 1 TB \u00falo\u017ei\u0161t\u011b<\/li>\n<\/ul>\n\n\n\n<p>K dispozici je tak\u00e9 slot na kartu microSD pro snadn\u00e9 roz\u0161\u00ed\u0159en\u00ed \u00falo\u017en\u00e9 kapacity. Pokud jde o konektivitu, za\u0159\u00edzen\u00ed je vybaveno vysokorychlostn\u00ed Wi-Fi, Bluetooth 5.3 a portem USB 3.2 Gen 2 Type-C, kter\u00fd podporuje p\u0159enos dat rychlost\u00ed 10 Gb\/s a obrazov\u00fd v\u00fdstup DP 1.4. <\/p>\n<\/div>\n<\/div>\n\n<hr class=\"wp-block-separator has-alpha-channel-opacity\"\/>\n\n<div class=\"wp-block-columns is-layout-flex wp-container-core-columns-is-layout-28f84493 wp-block-columns-is-layout-flex\">\n<div class=\"wp-block-column is-layout-flow wp-block-column-is-layout-flow\">\n<figure class=\"wp-block-image size-full\"><a href=\"https:\/\/ayaneo.co\/wp-content\/uploads\/2025\/05\/ips_screen_rounded-1-1024x837-1.png\"><img loading=\"lazy\" decoding=\"async\" width=\"1024\" height=\"837\" src=\"https:\/\/ayaneo.co\/wp-content\/uploads\/2025\/05\/ips_screen_rounded-1-1024x837-1.png\" alt=\"Propaga&#x10D;n&#xED; grafika b&#xED;l&#xE9; kapesn&#xED; hern&#xED; konzole (AYNNO Pocket ACE). Na obr&#xE1;zku jsou dv&#x11B; konzole plovouc&#xED; na sv&#x11B;tl&#xE9;m pozad&#xED; s modro-&#x17E;lut&#xFD;m p&#x159;echodem. Na obrazovce konzole je zobrazen barevn&#xFD; retro design duhov&#xFD;ch pruh&#x16F; s textem &quot;AYNNO Pocket ACE&quot;. V horn&#xED; &#x10D;&#xE1;sti je b&#xED;l&#xFD; text: &quot;4,5&quot; IPS obrazovka s origin&#xE1;ln&#xED;mi barvami a n&#xE1;dhern&#xFD;m obrazem, kter&#xFD; o&#x17E;&#xED;v&#xE1;.   \" class=\"wp-image-37465\" style=\"object-fit:cover\" srcset=\"https:\/\/ayaneo.co\/wp-content\/uploads\/2025\/05\/ips_screen_rounded-1-1024x837-1.png 1024w, https:\/\/ayaneo.co\/wp-content\/uploads\/2025\/05\/ips_screen_rounded-1-1024x837-1-300x245.png 300w, https:\/\/ayaneo.co\/wp-content\/uploads\/2025\/05\/ips_screen_rounded-1-1024x837-1-768x628.png 768w, https:\/\/ayaneo.co\/wp-content\/uploads\/2025\/05\/ips_screen_rounded-1-1024x837-1-990x809.png 990w, https:\/\/ayaneo.co\/wp-content\/uploads\/2025\/05\/ips_screen_rounded-1-1024x837-1-441x360.png 441w, https:\/\/ayaneo.co\/wp-content\/uploads\/2025\/05\/ips_screen_rounded-1-1024x837-1-600x490.png 600w, https:\/\/ayaneo.co\/wp-content\/uploads\/2025\/05\/ips_screen_rounded-1-1024x837-1-150x123.png 150w\" sizes=\"(max-width: 1024px) 100vw, 1024px\" \/><\/a><\/figure>\n\n\n\n<h3 class=\"wp-block-heading\">Design a zobrazen\u00ed<\/h3>\n\n\n\n<p>AYANEO Pocket ACE m\u00e1 elegantn\u00ed a kompaktn\u00ed design p\u0159ipom\u00ednaj\u00edc\u00ed tradi\u010dn\u00ed horizont\u00e1ln\u00ed kapesn\u00ed konzole. Jeho 4,5palcov\u00fd IPS displej se m\u016f\u017ee pochlubit rozli\u0161en\u00edm 1620 \u00d7 1080 pixel\u016f s pom\u011brem stran 3:2, co\u017e p\u0159in\u00e1\u0161\u00ed \u017eiv\u00e9 barvy a ostr\u00fd obraz, kter\u00fd o\u017eiv\u00ed retro i modern\u00ed hry. Za\u0159\u00edzen\u00ed je k dispozici ve t\u0159ech r\u016fzn\u00fdch barevn\u00fdch variant\u00e1ch.  <\/p>\n\n\n\n<ul class=\"wp-block-list\">\n<li>St\u00ednov\u00fd tanec Black<\/li>\n\n\n\n<li>Lehk\u00e1 \u010depel b\u00edl\u00e1<\/li>\n\n\n\n<li>Retro Power (limitovan\u00e1 edice)<\/li>\n<\/ul>\n\n\n\n<p>\u010cty\u0159n\u00e1sobn\u011b zak\u0159iven\u00e9 hrany a pokro\u010dil\u00fd UV povlak poskytuj\u00ed pohodln\u00e9 uchopen\u00ed a prvot\u0159\u00eddn\u00ed pocit, tak\u017ee i del\u0161\u00ed hern\u00ed seance jsou p\u0159\u00edjemn\u00e9.<\/p>\n<\/div>\n\n\n\n<div class=\"wp-block-column is-layout-flow wp-block-column-is-layout-flow\">\n<figure class=\"wp-block-image size-full\"><a href=\"https:\/\/ayaneo.co\/wp-content\/uploads\/2025\/05\/battery_6000mah_rounded-1024x837-1.png\"><img loading=\"lazy\" decoding=\"async\" width=\"1024\" height=\"837\" src=\"https:\/\/ayaneo.co\/wp-content\/uploads\/2025\/05\/battery_6000mah_rounded-1024x837-1.png\" alt=\"Propaga&#x10D;n&#xED; grafika zd&#x16F;raz&#x148;uj&#xED;c&#xED; kapacitu baterie. Na tmav&#xE9;m, &#x10D;ernozelen&#xE9;m pozad&#xED; s gradientem je zobrazena velk&#xE1; stylizovan&#xE1; ikona baterie s modro-zelenou gradientn&#xED; v&#xFD;pln&#xED;. Pod ikonou je v&#xFD;razn&#x11B; zobrazeno &#x10D;&#xED;slo &quot;6000 mAh&quot;. V horn&#xED; &#x10D;&#xE1;sti je b&#xED;l&#xFD; text: &quot;Velk&#xE1; baterie s kapacitou 6000 mAh pro vytrval&#xE9; hran&#xED; kdykoli a kdekoli.&quot;   \" class=\"wp-image-37466\" srcset=\"https:\/\/ayaneo.co\/wp-content\/uploads\/2025\/05\/battery_6000mah_rounded-1024x837-1.png 1024w, https:\/\/ayaneo.co\/wp-content\/uploads\/2025\/05\/battery_6000mah_rounded-1024x837-1-300x245.png 300w, https:\/\/ayaneo.co\/wp-content\/uploads\/2025\/05\/battery_6000mah_rounded-1024x837-1-768x628.png 768w, https:\/\/ayaneo.co\/wp-content\/uploads\/2025\/05\/battery_6000mah_rounded-1024x837-1-990x809.png 990w, https:\/\/ayaneo.co\/wp-content\/uploads\/2025\/05\/battery_6000mah_rounded-1024x837-1-441x360.png 441w, https:\/\/ayaneo.co\/wp-content\/uploads\/2025\/05\/battery_6000mah_rounded-1024x837-1-600x490.png 600w, https:\/\/ayaneo.co\/wp-content\/uploads\/2025\/05\/battery_6000mah_rounded-1024x837-1-150x123.png 150w\" sizes=\"(max-width: 1024px) 100vw, 1024px\" \/><\/a><\/figure>\n\n\n\n<h3 class=\"wp-block-heading\">Baterie a dal\u0161\u00ed funkce<\/h3>\n\n\n\n<p>Pocket ACE je nap\u00e1jen bateri\u00ed s kapacitou 6 000 mAh, kter\u00e1 podporuje 40W rychl\u00e9 nab\u00edjen\u00ed PD, abyste mohli hr\u00e1t d\u00e9le. Mezi dal\u0161\u00ed pozoruhodn\u00e9 funkce pat\u0159\u00ed. <\/p>\n\n\n\n<ul class=\"wp-block-list\">\n<li>0916B Line\u00e1rn\u00ed motor Surge pro pohlcuj\u00edc\u00ed haptickou zp\u011btnou vazbu<\/li>\n\n\n\n<li>\u0160estios\u00fd gyroskop pro ovl\u00e1d\u00e1n\u00ed pohybu<\/li>\n\n\n\n<li>Pokro\u010dil\u00fd syst\u00e9m chlazen\u00ed s ultratenk\u00fdm ventil\u00e1torem, \u017eebry pro odvod tepla a m\u011bd\u011bn\u00fdm plechem<\/li>\n\n\n\n<li>Rozpozn\u00e1v\u00e1n\u00ed otisk\u016f prst\u016f integrovan\u00e9 do tla\u010d\u00edtka nap\u00e1jen\u00ed<\/li>\n<\/ul>\n\n\n\n<p>Tyto funkce zaji\u0161\u0165uj\u00ed optim\u00e1ln\u00ed v\u00fdkon a lep\u0161\u00ed hern\u00ed z\u00e1\u017eitek.<\/p>\n<\/div>\n<\/div>\n\n<hr class=\"wp-block-separator has-alpha-channel-opacity\"\/>\n\n<h3 class=\"wp-block-heading\">Zku\u0161enosti u\u017eivatel\u016f a z\u00e1v\u011br<\/h3>\n\n<p>AYANEO Pocket ACE je \u0161pi\u010dkov\u00e9 kapesn\u00ed hern\u00ed za\u0159\u00edzen\u00ed, kter\u00e9 zachycuje podstatu klasick\u00e9ho retro hran\u00ed a z\u00e1rove\u0148 nab\u00edz\u00ed v\u00fdkon a v\u0161estrannost modern\u00edch technologi\u00ed. Jeho kompaktn\u00ed design, siln\u00fd v\u00fdkon a p\u0159izp\u016fsobiteln\u00e9 ovl\u00e1d\u00e1n\u00ed z n\u011bj \u010din\u00ed v\u00fdjime\u010dnou volbu pro hr\u00e1\u010de, kte\u0159\u00ed hledaj\u00ed p\u0159enosn\u00e9 a pohlcuj\u00edc\u00ed hern\u00ed z\u00e1\u017eitky. <\/p>\n\n<p>Pod\u00edvejte se na na\u0161i recenzi <a href=\"https:\/\/droix.net\/blogs\/ayaneo-pocket-ace-review\/\" target=\"_blank\" rel=\"noreferrer noopener nofollow\">zde.<\/a><\/p>\n\n<p><\/p>\n","protected":false},"excerpt":{"rendered":"<ul>\n<li>Procesor: Qualcomm<strong> G3x Gen 2<\/strong><\/li>\n<li>Zobrazen\u00ed: 4,5&#8243; IPS<strong> bezokrajov\u00fd dotykov\u00fd displej<\/strong> <\/li>\n<li>Opera\u010dn\u00ed pam\u011b\u0165: A\u017e 16 GB<strong> LPDDR5X<\/strong> @ 8533 <strong>MT\/s<\/strong><\/li>\n<li>Skladov\u00e1n\u00ed: A\u017e<strong> 1 TB UFS<\/strong> 4.0<\/li>\n<li>P\u0159ipojen\u00ed: Wi-Fi<strong> 7 a<\/strong> Bluetooth <strong> 5.3<\/strong><\/li>\n<\/ul>\n<p><img loading=\"lazy\" decoding=\"async\" src=\"https:\/\/ayaneo.co\/wp-content\/uploads\/2025\/05\/acegifts2.jpg\" alt=\"Propaga\u010dn\u00ed banner pro  \" free=\"\" gifts=\"\" that=\"\" are=\"\" added=\"\" to=\"\" cart=\"\" for=\"\" a=\"\" handheld=\"\" gaming=\"\" console.=\"\" the=\"\" text=\"\" is=\"\" in=\"\" large=\"\" dark=\"\" grey=\"\" font=\"\" on=\"\" light=\"\" background.=\"\" image=\"\" displays=\"\" grid=\"\" of=\"\" product=\"\" accessories=\"\" with=\"\" case=\"\" protector=\"\" and=\"\" caps=\"\" width=\"1000\" height=\"140\" class=\"alignnone size-full wp-image-30151\" labels:=\"\" srcset=\"https:\/\/ayaneo.co\/wp-content\/uploads\/2025\/05\/acegifts2.jpg 1000w, https:\/\/ayaneo.co\/wp-content\/uploads\/2025\/05\/acegifts2-300x42.jpg 300w, https:\/\/ayaneo.co\/wp-content\/uploads\/2025\/05\/acegifts2-768x108.jpg 768w, https:\/\/ayaneo.co\/wp-content\/uploads\/2025\/05\/acegifts2-990x139.jpg 990w, https:\/\/ayaneo.co\/wp-content\/uploads\/2025\/05\/acegifts2-441x62.jpg 441w, https:\/\/ayaneo.co\/wp-content\/uploads\/2025\/05\/acegifts2-600x84.jpg 600w, https:\/\/ayaneo.co\/wp-content\/uploads\/2025\/05\/acegifts2-150x21.jpg 150w\" sizes=\"(max-width: 1000px) 100vw, 1000px\" \/><\/p>\n[cg_accordion title=\"INFORMACE O PLATB\u011a\"]<\/p>\n<p>Pou\u017e\u00edv\u00e1me nejnov\u011bj\u0161\u00ed technologie zpracov\u00e1n\u00ed plateb, kter\u00e9 v\u00e1m umo\u017e\u0148uj\u00ed prov\u00e9st platbu prost\u0159ednictv\u00edm Apple Pay, Google Pay, va\u0161\u00ed debetn\u00ed\/kreditn\u00ed karty, PayPal nebo metod BNPL, jako je Klarna, Affirm nebo AfterPay, a zajistit tak rychl\u00e9 a bezpe\u010dn\u00e9 zpracov\u00e1n\u00ed.[\/cg_accordion]\n[cg_accordion title=\"Z\u00c1RUKA\"]<\/p>\n<p>1 rok z\u00e1ruky od spole\u010dnosti <a href=\"https:\/\/droix.net\/\" target=\"_blank\" rel=\"nofollow noopener\">DROIX Global pro<\/a> v\u00e1\u0161 klid.[\/cg_accordion]\n[cg_accordion title=\"ZAJI\u0160T\u011aN\u00cd KVALITY A P\u0158EDEXPEDI\u010cN\u00cd TESTOV\u00c1N\u00cd\"]<\/p>\n<p>Zaji\u0161t\u011bn\u00ed spokojenosti z\u00e1kazn\u00edk\u016f na nejvy\u0161\u0161\u00ed \u00farovni: P\u0159ed odesl\u00e1n\u00edm proch\u00e1z\u00ed ka\u017ed\u00e9 za\u0159\u00edzen\u00ed p\u0159\u00edsn\u00fdm testov\u00e1n\u00edm a v\u00edcebodovou kontrolou kvality. N\u00e1\u0161 specializovan\u00fd t\u00fdm ov\u011b\u0159uje v\u00fdkon, funk\u010dnost a integritu komponent, aby bylo zaru\u010deno, \u017ee va\u0161e za\u0159\u00edzen\u00ed AYANEO bude p\u0159i p\u0159\u00edchodu v perfektn\u00edm stavu, co\u017e v\u00e1m poskytne jistotu a klid. [\/cg_accordion]\n[cg_accordion title=\"CENY, DAN\u011a A DOPRAVA\"]<\/p>\n<p><strong><u>Pozn\u00e1mka:<\/u><\/strong><\/p>\n<ul>\n<li>Z\u00e1kazn\u00edci ze Spojen\u00fdch st\u00e1t\u016f: Z\u00e1kazn\u00edci: Zobrazen\u00e1 cena NEZAHRNUJE DAN\u011a ani cla. Odpov\u011bdnost za celn\u00ed odbaven\u00ed a zaplacen\u00ed souvisej\u00edc\u00ed dan\u011b\/celn\u00ed sazby nese z\u00e1kazn\u00edk. <\/li>\n<li>Z\u00e1kazn\u00edci z EU: V zobrazen\u00e9 cen\u011b je zahrnuta p\u0159\u00edslu\u0161n\u00e1 DA\u0147, kter\u00e1 m\u016f\u017ee \u010dinit a\u017e 25 % v z\u00e1vislosti na va\u0161\u00ed zemi.<\/li>\n<li>Z\u00e1kazn\u00edci z Kanady: V z\u00e1vislosti na va\u0161\u00ed provincii m\u016f\u017ee zobrazen\u00e1 cena zahrnovat p\u0159\u00edslu\u0161n\u00e9 dan\u011b, kter\u00e9 mohou zahrnovat 5% GST a dal\u0161\u00ed provin\u010dn\u00ed dan\u011b z prodeje (PST), harmonizovanou da\u0148 z prodeje (HST) nebo quebeckou da\u0148 z prodeje (QST).<\/li>\n<\/ul>\n<p><strong>Pouze pro z\u00e1kazn\u00edky z EU:<\/strong> Expresn\u00ed DDP (Delivered Duty Paid). To znamen\u00e1: <\/p>\n<ul>\n<li>Ve\u0161ker\u00e1 cla a dan\u011b jsou zahrnuty v cen\u011b uveden\u00e9 na str\u00e1nce produktu.<\/li>\n<li>P\u0159i doru\u010den\u00ed nemus\u00edte platit \u017e\u00e1dn\u00e9 dal\u0161\u00ed poplatky.<\/li>\n<li>Ve v\u00fdjime\u010dn\u00fdch p\u0159\u00edpadech, kdy se vyskytnou probl\u00e9my souvisej\u00edc\u00ed s celn\u00edm \u0159\u00edzen\u00edm, se n\u00e1\u0161 t\u00fdm postar\u00e1 o celn\u00ed odbaven\u00ed va\u0161\u00edm jm\u00e9nem, aby bylo doru\u010den\u00ed bezprobl\u00e9mov\u00e9.<\/li>\n<p>D\u016fle\u017eit\u00e9 informace o vr\u00e1cen\u00ed zbo\u017e\u00ed:<\/p>\n<li>Pokud se rozhodnete objedn\u00e1vku vr\u00e1tit nebo po\u017e\u00e1dat o vr\u00e1cen\u00ed pen\u011bz, m\u011bjte na pam\u011bti, \u017ee dan\u011b a cla zaplacen\u00e9 za v\u00e1s podle podm\u00ednek DDP nelze vr\u00e1tit.<\/li>\n<p>Podrobn\u00e9 informace naleznete v na\u0161ich <a href=\"https:\/\/ayaneo.co\/terms-of-service-2\/\" target=\"_blank\" rel=\"nofollow noopener\">smluvn\u00edch podm\u00ednk\u00e1ch<\/a>.\n<\/ul>\n<p>[\/cg_accordion]\n[cg_accordion title=\"Z\u00c1KAZNICK\u00c1 PODPORA\"]<\/p>\n<p>M\u00e1te dotaz? V\u00e1\u0161 probl\u00e9m vy\u0159e\u0161\u00edme kr\u00e1tkou textovou zpr\u00e1vou! [\/cg_accordion]\n[cg_accordion title=\"BAL\u00cd\u010cEK OBSAHUJE\"]<\/p>\n<ul>\n<li>1x AYANEO Pocket ACE<\/li>\n<li>1x kabel USB typu C<\/li>\n<li>1x u\u017eivatelsk\u00e1 p\u0159\u00edru\u010dka<\/li>\n<\/ul>\n<p>[\/cg_accordion]\n","protected":false},"featured_media":16248,"template":"","meta":{"_acf_changed":false},"product_brand":[],"product_cat":[1183],"product_tag":[],"class_list":{"0":"post-16235","1":"product","2":"type-product","3":"status-publish","4":"has-post-thumbnail","6":"product_cat-android-herni-kapesni-pocitac","7":"product_shipping_class-premium","8":"pa_brand-ayaneo","9":"pa_graphics-gpu-model-adreno-a32","10":"pa_operating-system-android-13","11":"pa_processor-cpu-brand-qualcomm","13":"first","14":"instock","15":"taxable","16":"shipping-taxable","17":"purchasable","18":"product-type-variable","19":"has-default-attributes"},"acf":[],"_links":{"self":[{"href":"https:\/\/ayaneo.co\/cs\/wp-json\/wp\/v2\/product\/16235","targetHints":{"allow":["GET"]}}],"collection":[{"href":"https:\/\/ayaneo.co\/cs\/wp-json\/wp\/v2\/product"}],"about":[{"href":"https:\/\/ayaneo.co\/cs\/wp-json\/wp\/v2\/types\/product"}],"wp:featuredmedia":[{"embeddable":true,"href":"https:\/\/ayaneo.co\/cs\/wp-json\/wp\/v2\/media\/16248"}],"wp:attachment":[{"href":"https:\/\/ayaneo.co\/cs\/wp-json\/wp\/v2\/media?parent=16235"}],"wp:term":[{"taxonomy":"product_brand","embeddable":true,"href":"https:\/\/ayaneo.co\/cs\/wp-json\/wp\/v2\/product_brand?post=16235"},{"taxonomy":"product_cat","embeddable":true,"href":"https:\/\/ayaneo.co\/cs\/wp-json\/wp\/v2\/product_cat?post=16235"},{"taxonomy":"product_tag","embeddable":true,"href":"https:\/\/ayaneo.co\/cs\/wp-json\/wp\/v2\/product_tag?post=16235"}],"curies":[{"name":"wp","href":"https:\/\/api.w.org\/{rel}","templated":true}]}}