{"id":16300,"date":"2025-05-08T13:01:34","date_gmt":"2025-05-08T13:01:34","guid":{"rendered":"https:\/\/ayaneo.co\/product\/ayaneo-ag01-graficky-dok-starship\/"},"modified":"2026-01-06T00:31:02","modified_gmt":"2026-01-06T00:31:02","slug":"ayaneo-ag01","status":"publish","type":"product","link":"https:\/\/ayaneo.co\/cs\/product\/ayaneo-ag01\/","title":{"rendered":"AYANEO AG01 Grafick\u00fd dok Starship"},"content":{"rendered":"\n<figure class=\"wp-block-video\"><video height=\"1080\" style=\"aspect-ratio: 1920 \/ 1080;\" width=\"1920\" controls=\"\" poster=\"https:\/\/ayaneo.co\/wp-content\/uploads\/2025\/05\/maxresdefault-4.jpg\" src=\"https:\/\/ayaneo.co\/wp-content\/uploads\/2025\/05\/AYANEO-AG01-Starship-Graphic-Dock_-Salute-to-The-Era-of-Space-Science-Explore-The-Gaming-World.mp4\"><\/video><\/figure>\n\n<h2 class=\"wp-block-heading\" id=\"h-introducing-the-ayaneo-ag01-starship-graphics-dock-power-precision-and-portability-redefined\">P\u0159edstavujeme grafickou dokovac\u00ed stanici AYANEO AG01 Starship: V\u00fdkon, p\u0159esnost a p\u0159enosnost v nov\u00e9m pojet\u00ed<\/h2>\n\n<p><strong>Grafick\u00e1 dokovac\u00ed staniceAYANEO AG01 Starship Graphics Dock<\/strong> zahajuje novou \u00e9ru extern\u00edch GPU \u0159e\u0161en\u00ed, kter\u00e1 jsou p\u0159izp\u016fsobena pro hr\u00e1\u010de, tv\u016frce a profesion\u00e1ly, kte\u0159\u00ed nevy\u017eaduj\u00ed nic jin\u00e9ho ne\u017e hv\u011bzdn\u00fd v\u00fdkon. D\u00edky futuristick\u00e9mu pr\u016fmyslov\u00e9mu designu, \u0161pi\u010dkov\u00e9mu grafick\u00e9mu procesoru AMD Radeon RX 7600M XT a robustn\u00ed kompatibilit\u011b nap\u0159\u00ed\u010d syst\u00e9my Windows a Linux nen\u00ed AG01 pouh\u00fdm p\u0159\u00edslu\u0161enstv\u00edm - je to startovac\u00ed plocha pro nekompromisn\u00ed v\u00fdkon stoln\u00ed t\u0159\u00eddy na cest\u00e1ch.   <\/p>\n\n<figure class=\"wp-block-image size-full\"><a href=\"https:\/\/ayaneo.co\/wp-content\/uploads\/2025\/05\/AYANEO-AG01-GRAPHICS_DOCK-MARKETING-IMAGE-DONE-1-1024x576-1.jpg\"><img fetchpriority=\"high\" decoding=\"async\" width=\"1024\" height=\"576\" src=\"https:\/\/ayaneo.co\/wp-content\/uploads\/2025\/05\/AYANEO-AG01-GRAPHICS_DOCK-MARKETING-IMAGE-DONE-1-1024x576-1.jpg\" alt=\"Temn&#xFD; propaga&#x10D;n&#xED; obr&#xE1;zek AYANEO AG01 s motivem sci-fi, na kter&#xE9;m horn&#xED; prstenec ventil&#xE1;toru sv&#xED;t&#xED; oran&#x17E;ov&#x11B; a silueta za&#x159;&#xED;zen&#xED; je &#x10D;&#xE1;ste&#x10D;n&#x11B; osv&#x11B;tlen&#xE1;, co&#x17E; nazna&#x10D;uje, &#x17E;e se jedn&#xE1; o vesm&#xED;rn&#xFD; obraz.\" class=\"wp-image-37414\" srcset=\"https:\/\/ayaneo.co\/wp-content\/uploads\/2025\/05\/AYANEO-AG01-GRAPHICS_DOCK-MARKETING-IMAGE-DONE-1-1024x576-1.jpg 1024w, https:\/\/ayaneo.co\/wp-content\/uploads\/2025\/05\/AYANEO-AG01-GRAPHICS_DOCK-MARKETING-IMAGE-DONE-1-1024x576-1-300x169.jpg 300w, https:\/\/ayaneo.co\/wp-content\/uploads\/2025\/05\/AYANEO-AG01-GRAPHICS_DOCK-MARKETING-IMAGE-DONE-1-1024x576-1-768x432.jpg 768w, https:\/\/ayaneo.co\/wp-content\/uploads\/2025\/05\/AYANEO-AG01-GRAPHICS_DOCK-MARKETING-IMAGE-DONE-1-1024x576-1-990x557.jpg 990w, https:\/\/ayaneo.co\/wp-content\/uploads\/2025\/05\/AYANEO-AG01-GRAPHICS_DOCK-MARKETING-IMAGE-DONE-1-1024x576-1-441x248.jpg 441w, https:\/\/ayaneo.co\/wp-content\/uploads\/2025\/05\/AYANEO-AG01-GRAPHICS_DOCK-MARKETING-IMAGE-DONE-1-1024x576-1-600x338.jpg 600w, https:\/\/ayaneo.co\/wp-content\/uploads\/2025\/05\/AYANEO-AG01-GRAPHICS_DOCK-MARKETING-IMAGE-DONE-1-1024x576-1-150x84.jpg 150w\" sizes=\"(max-width: 1024px) 100vw, 1024px\" \/><\/a><\/figure>\n\n<p>D\u00edky \u0161pi\u010dkov\u00e9 integraci rozhran\u00ed OCuLink a USB4 se jedn\u00e1 o jednu z nejv\u0161estrann\u011bj\u0161\u00edch dokovac\u00edch stanic pro eGPU, kter\u00e9 jsou dnes k dispozici. A\u0165 u\u017e chcete odemknout vy\u0161\u0161\u00ed sn\u00edmkovou frekvenci na kapesn\u00ed konzoli, nebo zv\u00fd\u0161it produktivitu na kompaktn\u00edm notebooku, kompaktn\u00ed rozm\u011bry dokovac\u00ed stanice AG01 zaji\u0161\u0165uj\u00ed \u0161pi\u010dkov\u00fd grafick\u00fd v\u00fdkon, ani\u017e byste museli ob\u011btovat mobilitu. V\u00edtejte v nov\u00e9 generaci extern\u00edch grafick\u00fdch procesor\u016f - odv\u00e1\u017en\u00fdch, kr\u00e1sn\u00fdch a p\u0159ipraven\u00fdch na bitvy.  <\/p>\n\n<hr class=\"wp-block-separator has-alpha-channel-opacity\"\/>\n\n<h2 class=\"wp-block-heading\" id=\"h-ayaneo-ag01-starship-grade-external-gpu-dock\">AYANEO AG01 - Extern\u00ed dokovac\u00ed stanice pro GPU hv\u011bzdn\u00e9 lodi<\/h2>\n\n<p><strong>Grafick\u00fd dok AG01 Starship<\/strong> je mistrovsk\u00fdm d\u00edlem modern\u00ed techniky a um\u011bleck\u00e9ho designu. Je inspirov\u00e1n futuristickou estetikou vesm\u00edrn\u00fdch lod\u00ed a kombinuje p\u0159enosnost a v\u00fdkon v \u0161asi \u0161irok\u00e9m pouh\u00fdch 18 cm a v\u00e1\u017e\u00edc\u00edm m\u00e9n\u011b ne\u017e 900 g. Jeho vysoce \u00fa\u010dinn\u00e1 tepeln\u00e1 konstrukce, vyztu\u017een\u00e1 chladic\u00edm syst\u00e9mem ve stylu turb\u00edny a vzduchov\u00fdmi kan\u00e1ly, zaji\u0161\u0165uje dlouhotrvaj\u00edc\u00ed v\u00fdkon bez \u0161krcen\u00ed, a to i b\u011bhem intenzivn\u00edho hran\u00ed nebo renderov\u00e1n\u00ed.  <\/p>\n\n<figure class=\"wp-block-image size-full\"><a href=\"https:\/\/ayaneo.co\/wp-content\/uploads\/2025\/05\/AYANEO-AG01-GRAPHICS_DOCK-MARKETING-IMAGE-DONE-2-1024x855-1.jpg\"><img decoding=\"async\" width=\"1024\" height=\"855\" src=\"https:\/\/ayaneo.co\/wp-content\/uploads\/2025\/05\/AYANEO-AG01-GRAPHICS_DOCK-MARKETING-IMAGE-DONE-2-1024x855-1.jpg\" alt=\"Hlavn&#xED; funkce AYANEO AG01 zobrazen&#xE9; ve futuristick&#xE9;m m&#x159;&#xED;&#x17E;kov&#xE9;m uspo&#x159;&#xE1;d&#xE1;n&#xED;, v&#x10D;etn&#x11B; &#x10D;ipu RX 7600M XT, osv&#x11B;tlen&#xED; RGB, p&#x159;izp&#x16F;sobiteln&#xE9;ho &#x161;t&#xED;tku, syst&#xE9;mu chlazen&#xED; a mo&#x17E;nost&#xED; roz&#x161;&#xED;&#x159;en&#xED; I\/O.\" class=\"wp-image-37415\" srcset=\"https:\/\/ayaneo.co\/wp-content\/uploads\/2025\/05\/AYANEO-AG01-GRAPHICS_DOCK-MARKETING-IMAGE-DONE-2-1024x855-1.jpg 1024w, https:\/\/ayaneo.co\/wp-content\/uploads\/2025\/05\/AYANEO-AG01-GRAPHICS_DOCK-MARKETING-IMAGE-DONE-2-1024x855-1-300x250.jpg 300w, https:\/\/ayaneo.co\/wp-content\/uploads\/2025\/05\/AYANEO-AG01-GRAPHICS_DOCK-MARKETING-IMAGE-DONE-2-1024x855-1-768x641.jpg 768w, https:\/\/ayaneo.co\/wp-content\/uploads\/2025\/05\/AYANEO-AG01-GRAPHICS_DOCK-MARKETING-IMAGE-DONE-2-1024x855-1-990x827.jpg 990w, https:\/\/ayaneo.co\/wp-content\/uploads\/2025\/05\/AYANEO-AG01-GRAPHICS_DOCK-MARKETING-IMAGE-DONE-2-1024x855-1-441x368.jpg 441w, https:\/\/ayaneo.co\/wp-content\/uploads\/2025\/05\/AYANEO-AG01-GRAPHICS_DOCK-MARKETING-IMAGE-DONE-2-1024x855-1-600x501.jpg 600w, https:\/\/ayaneo.co\/wp-content\/uploads\/2025\/05\/AYANEO-AG01-GRAPHICS_DOCK-MARKETING-IMAGE-DONE-2-1024x855-1-150x125.jpg 150w\" sizes=\"(max-width: 1024px) 100vw, 1024px\" \/><\/a><\/figure>\n\n<p>Model AG01 je vybaven grafick\u00fdm procesorem <strong>AMD Radeon RX 7600M XT<\/strong> zalo\u017een\u00fdm na architektu\u0159e RDNA3 a podporuje \u0161pi\u010dkov\u00e9 hry AAA, st\u0159ih videa a 3D vykreslov\u00e1n\u00ed s mimo\u0159\u00e1dnou \u00fa\u010dinnost\u00ed. Je ide\u00e1ln\u00edm spole\u010dn\u00edkem pro p\u0159enosn\u00e1 hern\u00ed za\u0159\u00edzen\u00ed, jako je AYANEO 2S, KUN, a dokonce i pro za\u0159\u00edzen\u00ed jin\u00e1 ne\u017eAYANEO prost\u0159ednictv\u00edm OCuLink a USB4, v\u010detn\u011b Steam Deck, ROG Ally a dal\u0161\u00edch. <\/p>\n\n<hr class=\"wp-block-separator has-alpha-channel-opacity\"\/>\n\n<h2 class=\"wp-block-heading\" id=\"h-performance-that-launches-beyond-limits\">V\u00fdkon, kter\u00fd p\u0159ekra\u010duje hranice mo\u017enost\u00ed<\/h2>\n\n<p><strong>Grafick\u00e1 s\u00edla:<\/strong> Srdcem AG01 je grafick\u00fd procesor <strong>AMD Radeon RX 7600M XT<\/strong> s 32 v\u00fdpo\u010detn\u00edmi jednotkami, 8 GB pam\u011bti GDDR6 a maxim\u00e1ln\u00edm taktem 2300 MHz. Tento v\u00fdkonn\u00fd procesor zaji\u0161\u0165uje plynul\u00e9 hran\u00ed v rozli\u0161en\u00ed 1080p a dokonce 1440p a vynik\u00e1 ve v\u00fdkonn\u00fdch aplikac\u00edch od titul\u016f AAA a\u017e po kreativn\u00ed pracovn\u00ed postupy akcelerovan\u00e9 GPU. <\/p>\n\n<p><strong>Pokro\u010dil\u00fd chladic\u00ed syst\u00e9m:<\/strong> Na rozd\u00edl od b\u011b\u017en\u00fdch eGPU je AG01 vybaven unik\u00e1tn\u00edm chladic\u00edm syst\u00e9mem se dv\u011bma p\u0159\u00edvody vzduchu a vysoce \u00fa\u010dinn\u00fdm ventil\u00e1torem. Tato konstrukce maximalizuje pr\u016ftok vzduchu p\u0159i zachov\u00e1n\u00ed n\u00edzk\u00e9 hlu\u010dnosti, co\u017e umo\u017e\u0148uje trval\u00fd v\u00fdkon i p\u0159i dlouhodob\u00e9m sezen\u00ed. <\/p>\n\n<hr class=\"wp-block-separator has-alpha-channel-opacity\"\/>\n\n<h2 class=\"wp-block-heading\" id=\"h-seamless-connectivity\">Bezprobl\u00e9mov\u00e9 p\u0159ipojen\u00ed<\/h2>\n\n<figure class=\"wp-block-image size-full\"><a href=\"https:\/\/ayaneo.co\/wp-content\/uploads\/2025\/05\/AYANEO-AG01-GRAPHICS_DOCK-MARKETING-IMAGE-DONE-3-1024x576-1.jpg\"><img decoding=\"async\" width=\"1024\" height=\"576\" src=\"https:\/\/ayaneo.co\/wp-content\/uploads\/2025\/05\/AYANEO-AG01-GRAPHICS_DOCK-MARKETING-IMAGE-DONE-3-1024x576-1.jpg\" alt=\"Sch&#xE9;ma zn&#xE1;zor&#x148;uj&#xED;c&#xED; rozlo&#x17E;en&#xED; zadn&#xED;ch vstup&#x16F; a v&#xFD;stup&#x16F; grafick&#xE9; dokovac&#xED; stanice AYANEO AG01 s ozna&#x10D;en&#xED;m port&#x16F; v&#x10D;etn&#x11B; DP 2.0, HDMI 2.1, OCuLink, USB4, DC, RJ45 a USB 3.2 Gen 2.\" class=\"wp-image-37416\" srcset=\"https:\/\/ayaneo.co\/wp-content\/uploads\/2025\/05\/AYANEO-AG01-GRAPHICS_DOCK-MARKETING-IMAGE-DONE-3-1024x576-1.jpg 1024w, https:\/\/ayaneo.co\/wp-content\/uploads\/2025\/05\/AYANEO-AG01-GRAPHICS_DOCK-MARKETING-IMAGE-DONE-3-1024x576-1-300x169.jpg 300w, https:\/\/ayaneo.co\/wp-content\/uploads\/2025\/05\/AYANEO-AG01-GRAPHICS_DOCK-MARKETING-IMAGE-DONE-3-1024x576-1-768x432.jpg 768w, https:\/\/ayaneo.co\/wp-content\/uploads\/2025\/05\/AYANEO-AG01-GRAPHICS_DOCK-MARKETING-IMAGE-DONE-3-1024x576-1-990x557.jpg 990w, https:\/\/ayaneo.co\/wp-content\/uploads\/2025\/05\/AYANEO-AG01-GRAPHICS_DOCK-MARKETING-IMAGE-DONE-3-1024x576-1-441x248.jpg 441w, https:\/\/ayaneo.co\/wp-content\/uploads\/2025\/05\/AYANEO-AG01-GRAPHICS_DOCK-MARKETING-IMAGE-DONE-3-1024x576-1-600x338.jpg 600w, https:\/\/ayaneo.co\/wp-content\/uploads\/2025\/05\/AYANEO-AG01-GRAPHICS_DOCK-MARKETING-IMAGE-DONE-3-1024x576-1-150x84.jpg 150w\" sizes=\"(max-width: 1024px) 100vw, 1024px\" \/><\/a><\/figure>\n\n<p><strong>P\u0159ipraveno na OCuLink a USB4:<\/strong> Pro p\u0159ipojen\u00ed s n\u00edzkou latenc\u00ed a vysokou \u0161\u00ed\u0159kou p\u00e1sma podporuje AG01 <strong>rozhran\u00ed OCuLink SFF-8612<\/strong> a <strong>USB4<\/strong> a nab\u00edz\u00ed tak \u0161irokou kompatibilitu s kapesn\u00edmi po\u010d\u00edta\u010di a notebooky. Rozhran\u00ed OCuLink poskytuje vynikaj\u00edc\u00ed v\u00fdkon GPU t\u00edm, \u017ee obch\u00e1z\u00ed \u00fazk\u00e1 m\u00edsta tradi\u010dn\u00edch p\u0159ipojen\u00ed Thunderbolt, co\u017e z n\u011bj \u010din\u00ed nejlep\u0161\u00ed volbu pro n\u00e1ro\u010dn\u00e9 hr\u00e1\u010de a tv\u016frce. <\/p>\n\n<p><strong>V\u0161estrann\u00e1 podpora za\u0159\u00edzen\u00ed:<\/strong> AG01 se snadno p\u0159izp\u016fsob\u00ed, a\u0165 u\u017e se p\u0159ipojujete k AYANEO handheldu, Steam Deck, nebo kompaktn\u00edmu po\u010d\u00edta\u010di s Windows\/Linux. Podporuje funkci plug-and-play bez nutnosti \u00faprav syst\u00e9mu BIOS pro v\u011bt\u0161inu syst\u00e9m\u016f. <\/p>\n\n<hr class=\"wp-block-separator has-alpha-channel-opacity\"\/>\n\n<h2 class=\"wp-block-heading\" id=\"h-built-to-travel-designed-to-impress\">Vytvo\u0159eno pro cestov\u00e1n\u00ed, navr\u017eeno tak, aby ud\u011blalo dojem<\/h2>\n\n<p><strong>Kompaktn\u00ed a lehk\u00fd:<\/strong> AG01 m\u00e1 rozm\u011bry pouh\u00fdch 18 cm x 6,3 cm x 3 cm a v\u00e1\u017e\u00ed 869 g, a je tak jednou z nejmen\u0161\u00edch vysoce v\u00fdkonn\u00fdch dokovac\u00edch stanic pro eGPU na sv\u011bt\u011b. Jeho prostorov\u00fd design se zdvojn\u00e1sob\u00ed jako v\u00fdrazn\u00fd kousek na va\u0161em stole nebo v technick\u00e9 bra\u0161n\u011b. <\/p>\n\n<p><strong>Pr\u00e9miov\u00e9 materi\u00e1ly:<\/strong> \u0160asi je vyrobeno z hlin\u00edkov\u00e9 slitiny leteck\u00e9 kvality, kter\u00e1 kombinuje odolnost s tepelnou \u00fa\u010dinnost\u00ed a elegantn\u00ed estetikou.<\/p>\n\n<figure class=\"wp-block-image size-full\"><a href=\"https:\/\/ayaneo.co\/wp-content\/uploads\/2025\/05\/AYANEO-AG01-GRAPHICS_DOCK-MARKETING-IMAGE-DONE-8-1024x576-1.jpg\"><img loading=\"lazy\" decoding=\"async\" width=\"1024\" height=\"576\" src=\"https:\/\/ayaneo.co\/wp-content\/uploads\/2025\/05\/AYANEO-AG01-GRAPHICS_DOCK-MARKETING-IMAGE-DONE-8-1024x576-1.jpg\" alt=\"Dramatick&#xFD; vizu&#xE1;l dvou kovov&#xFD;ch &#x10D;&#xE1;st&#xED; &#x161;asi AYANEO AG01 v polovin&#x11B; rozd&#x11B;len&#xED;, kter&#xFD; zd&#x16F;raz&#x148;uje jeho precizn&#x11B; zpracovan&#xE9; kovov&#xE9; t&#x11B;lo na hv&#x11B;zdn&#xE9;m vesm&#xED;rn&#xE9;m pozad&#xED;.\" class=\"wp-image-37417\" srcset=\"https:\/\/ayaneo.co\/wp-content\/uploads\/2025\/05\/AYANEO-AG01-GRAPHICS_DOCK-MARKETING-IMAGE-DONE-8-1024x576-1.jpg 1024w, https:\/\/ayaneo.co\/wp-content\/uploads\/2025\/05\/AYANEO-AG01-GRAPHICS_DOCK-MARKETING-IMAGE-DONE-8-1024x576-1-300x169.jpg 300w, https:\/\/ayaneo.co\/wp-content\/uploads\/2025\/05\/AYANEO-AG01-GRAPHICS_DOCK-MARKETING-IMAGE-DONE-8-1024x576-1-768x432.jpg 768w, https:\/\/ayaneo.co\/wp-content\/uploads\/2025\/05\/AYANEO-AG01-GRAPHICS_DOCK-MARKETING-IMAGE-DONE-8-1024x576-1-990x557.jpg 990w, https:\/\/ayaneo.co\/wp-content\/uploads\/2025\/05\/AYANEO-AG01-GRAPHICS_DOCK-MARKETING-IMAGE-DONE-8-1024x576-1-441x248.jpg 441w, https:\/\/ayaneo.co\/wp-content\/uploads\/2025\/05\/AYANEO-AG01-GRAPHICS_DOCK-MARKETING-IMAGE-DONE-8-1024x576-1-600x338.jpg 600w, https:\/\/ayaneo.co\/wp-content\/uploads\/2025\/05\/AYANEO-AG01-GRAPHICS_DOCK-MARKETING-IMAGE-DONE-8-1024x576-1-150x84.jpg 150w\" sizes=\"(max-width: 1024px) 100vw, 1024px\" \/><\/a><\/figure>\n\n<hr class=\"wp-block-separator has-alpha-channel-opacity\"\/>\n\n<h2 class=\"wp-block-heading\" id=\"h-user-experience\">Zku\u0161enosti u\u017eivatel\u016f<\/h2>\n\n<p>Model AG01 nastavuje novou la\u0165ku u\u017eivatelsky p\u0159\u00edv\u011btiv\u00e9ho v\u00fdkonu. D\u00edky podpo\u0159e bez ovlada\u010d\u016f pro syst\u00e9my Windows a Linux, bezprobl\u00e9mov\u00e9 kompatibilit\u011b se za\u0159\u00edzen\u00edmi a nastaven\u00ed plug-and-play je ide\u00e1ln\u00ed jak pro nov\u00e1\u010dky, tak pro technicky zdatn\u00e9 nad\u0161ence. A\u0165 u\u017e streamujete, navrhujete, hrajete hry nebo prov\u00e1d\u00edte multitasking na r\u016fzn\u00fdch displej\u00edch, AG01 v\u00e1m poskytne plynul\u00fd a pohlcuj\u00edc\u00ed z\u00e1\u017eitek.  <\/p>\n\n<hr class=\"wp-block-separator has-alpha-channel-opacity\"\/>\n\n<h2 class=\"wp-block-heading\" id=\"h-conclusion\">Z\u00e1v\u011br<\/h2>\n\n<p><strong>Grafick\u00e1 dokovac\u00ed staniceAYANEO AG01 Starship<\/strong> je v\u00edc ne\u017e jen extern\u00ed grafick\u00fd procesor - je to skok do budoucnosti, kde se p\u0159enosnost setk\u00e1v\u00e1 s v\u00fdkonem na \u00farovni stoln\u00edho po\u010d\u00edta\u010de. D\u00edky grafick\u00e9 kart\u011b Radeon RX 7600M XT, mo\u017enosti p\u0159ipojen\u00ed p\u0159es dv\u011b rozhran\u00ed a d\u016fmysln\u00e9mu designu AG01 nov\u011b definuje mo\u017enosti p\u0159enosn\u00fdch po\u010d\u00edta\u010d\u016f. <\/p>\n\n<p>P\u0159edobjednejte si AG01 nyn\u00ed a sta\u0148te se sou\u010d\u00e1st\u00ed nov\u00e9 generace hr\u00e1\u010d\u016f a tv\u016frc\u016f, kte\u0159\u00ed vyu\u017e\u00edvaj\u00ed nekompromisn\u00ed v\u00fdkon, a\u0165 u\u017e jdou kamkoli.  <strong>Na str\u00e1nk\u00e1ch AYANEO jsou hv\u011bzdy jen za\u010d\u00e1tkem.<\/strong><\/p>\n","protected":false},"excerpt":{"rendered":"<ul>\n<li>Grafick\u00fd procesor <strong>Radeon\u2122 RX 7600M XT<\/strong> s architekturou RDNA 3<\/li>\n<li><strong>Du\u00e1ln\u00ed rozhran\u00ed:<\/strong> OCuLink a USB 4.0 (Type-C, 65W PD)<\/li>\n<li><strong>Kompaktn\u00ed a lehk\u00fd:<\/strong> P\u0159enosn\u00fd design inspirovan\u00fd hv\u011bzdnou lod\u00ed<\/li>\n<li><strong>Optimalizovan\u00e9 chlazen\u00ed:<\/strong> Vysoce \u00fa\u010dinn\u00fd turb\u00ednov\u00fd ventil\u00e1tor<\/li>\n<li><strong>Kompatibiln\u00ed s:<\/strong> AYANEO 2S, KUN, FLIP DS, ROG Ally, Steam Deck<\/li>\n<\/ul>\n[cg_accordion title=\"INFORMACE O PLATB\u011a\"]<\/p>\n<p>Pou\u017e\u00edv\u00e1me nejnov\u011bj\u0161\u00ed technologie zpracov\u00e1n\u00ed plateb, kter\u00e9 v\u00e1m umo\u017e\u0148uj\u00ed prov\u00e9st platbu prost\u0159ednictv\u00edm Apple Pay, Google Pay, va\u0161\u00ed debetn\u00ed\/kreditn\u00ed karty, PayPal nebo metod BNPL, jako je Klarna, Affirm nebo AfterPay, a zajistit tak rychl\u00e9 a bezpe\u010dn\u00e9 zpracov\u00e1n\u00ed.[\/cg_accordion]\n[cg_accordion title=\"Z\u00c1RUKA\"]<\/p>\n<p>1 rok z\u00e1ruky od spole\u010dnosti <a href=\"https:\/\/droix.net\/\" target=\"_blank\" rel=\"nofollow noopener\">DROIX Global pro<\/a> v\u00e1\u0161 klid.[\/cg_accordion]\n[cg_accordion title=\"ZAJI\u0160T\u011aN\u00cd KVALITY A P\u0158EDEXPEDI\u010cN\u00cd TESTOV\u00c1N\u00cd\"]<\/p>\n<p>Zaji\u0161t\u011bn\u00ed spokojenosti z\u00e1kazn\u00edk\u016f na nejvy\u0161\u0161\u00ed \u00farovni: P\u0159ed odesl\u00e1n\u00edm proch\u00e1z\u00ed ka\u017ed\u00e9 za\u0159\u00edzen\u00ed p\u0159\u00edsn\u00fdm testov\u00e1n\u00edm a v\u00edcebodovou kontrolou kvality. N\u00e1\u0161 specializovan\u00fd t\u00fdm ov\u011b\u0159uje v\u00fdkon, funk\u010dnost a integritu komponent, aby bylo zaru\u010deno, \u017ee va\u0161e za\u0159\u00edzen\u00ed AYANEO bude p\u0159i p\u0159\u00edchodu v perfektn\u00edm stavu, co\u017e v\u00e1m poskytne jistotu a klid. [\/cg_accordion]\n[cg_accordion title=\"CENY, DAN\u011a A DOPRAVA\"]<\/p>\n<p><strong><u>Pozn\u00e1mka:<\/u><\/strong><\/p>\n<ul>\n<li>Z\u00e1kazn\u00edci ze Spojen\u00fdch st\u00e1t\u016f: Z\u00e1kazn\u00edci: Zobrazen\u00e1 cena NEZAHRNUJE DAN\u011a ani cla. Odpov\u011bdnost za celn\u00ed odbaven\u00ed a zaplacen\u00ed souvisej\u00edc\u00ed dan\u011b\/celn\u00ed sazby nese z\u00e1kazn\u00edk. <\/li>\n<li>Z\u00e1kazn\u00edci z EU: V zobrazen\u00e9 cen\u011b je zahrnuta p\u0159\u00edslu\u0161n\u00e1 DA\u0147, kter\u00e1 m\u016f\u017ee \u010dinit a\u017e 25 % v z\u00e1vislosti na va\u0161\u00ed zemi.<\/li>\n<li>Z\u00e1kazn\u00edci z Kanady: V z\u00e1vislosti na va\u0161\u00ed provincii m\u016f\u017ee zobrazen\u00e1 cena zahrnovat p\u0159\u00edslu\u0161n\u00e9 dan\u011b, kter\u00e9 mohou zahrnovat 5% GST a dal\u0161\u00ed provin\u010dn\u00ed dan\u011b z prodeje (PST), harmonizovanou da\u0148 z prodeje (HST) nebo quebeckou da\u0148 z prodeje (QST).<\/li>\n<\/ul>\n<p><strong>Pouze pro z\u00e1kazn\u00edky z EU:<\/strong> Expresn\u00ed DDP (Delivered Duty Paid). To znamen\u00e1: <\/p>\n<ul>\n<li>Ve\u0161ker\u00e1 cla a dan\u011b jsou zahrnuty v cen\u011b uveden\u00e9 na str\u00e1nce produktu.<\/li>\n<li>P\u0159i doru\u010den\u00ed nemus\u00edte platit \u017e\u00e1dn\u00e9 dal\u0161\u00ed poplatky.<\/li>\n<li>Ve v\u00fdjime\u010dn\u00fdch p\u0159\u00edpadech, kdy se vyskytnou probl\u00e9my souvisej\u00edc\u00ed s celn\u00edm \u0159\u00edzen\u00edm, se n\u00e1\u0161 t\u00fdm postar\u00e1 o celn\u00ed odbaven\u00ed va\u0161\u00edm jm\u00e9nem, aby bylo doru\u010den\u00ed bezprobl\u00e9mov\u00e9.<\/li>\n<p>D\u016fle\u017eit\u00e9 informace o vr\u00e1cen\u00ed zbo\u017e\u00ed:<\/p>\n<li>Pokud se rozhodnete objedn\u00e1vku vr\u00e1tit nebo po\u017e\u00e1dat o vr\u00e1cen\u00ed pen\u011bz, m\u011bjte na pam\u011bti, \u017ee dan\u011b a cla zaplacen\u00e9 za v\u00e1s podle podm\u00ednek DDP nelze vr\u00e1tit.<\/li>\n<p>Podrobn\u00e9 informace naleznete v na\u0161ich <a href=\"https:\/\/ayaneo.co\/terms-of-service-2\/\" target=\"_blank\" rel=\"nofollow noopener\">smluvn\u00edch podm\u00ednk\u00e1ch<\/a>.\n<\/ul>\n<p>[\/cg_accordion]\n[cg_accordion title=\"Z\u00c1KAZNICK\u00c1 PODPORA\"]<\/p>\n<p>M\u00e1te dotaz? V\u00e1\u0161 probl\u00e9m vy\u0159e\u0161\u00edme kr\u00e1tkou textovou zpr\u00e1vou! [\/cg_accordion]\n[cg_accordion title=\"BAL\u00cd\u010cEK OBSAHUJE\"]<\/p>\n<ul>\n<li>1x AYANEO AG01 Starship Graphics Dock<\/li>\n<li>1x kabel USB typu C<\/li>\n<li>1x u\u017eivatelsk\u00e1 p\u0159\u00edru\u010dka<\/li>\n<\/ul>\n<p>[\/cg_accordion]\n","protected":false},"featured_media":16312,"template":"","meta":{"_acf_changed":false},"product_brand":[],"product_cat":[1147],"product_tag":[],"class_list":{"0":"post-16300","1":"product","2":"type-product","3":"status-publish","4":"has-post-thumbnail","6":"product_cat-prislusenstvi","7":"product_shipping_class-premium","8":"pa_brand-ayaneo","9":"pa_graphics-gpu-model-radeon-rx-7600m-xt","11":"first","12":"outofstock","13":"sale","14":"taxable","15":"shipping-taxable","16":"purchasable","17":"product-type-variable","18":"has-default-attributes"},"acf":[],"_links":{"self":[{"href":"https:\/\/ayaneo.co\/cs\/wp-json\/wp\/v2\/product\/16300","targetHints":{"allow":["GET"]}}],"collection":[{"href":"https:\/\/ayaneo.co\/cs\/wp-json\/wp\/v2\/product"}],"about":[{"href":"https:\/\/ayaneo.co\/cs\/wp-json\/wp\/v2\/types\/product"}],"wp:featuredmedia":[{"embeddable":true,"href":"https:\/\/ayaneo.co\/cs\/wp-json\/wp\/v2\/media\/16312"}],"wp:attachment":[{"href":"https:\/\/ayaneo.co\/cs\/wp-json\/wp\/v2\/media?parent=16300"}],"wp:term":[{"taxonomy":"product_brand","embeddable":true,"href":"https:\/\/ayaneo.co\/cs\/wp-json\/wp\/v2\/product_brand?post=16300"},{"taxonomy":"product_cat","embeddable":true,"href":"https:\/\/ayaneo.co\/cs\/wp-json\/wp\/v2\/product_cat?post=16300"},{"taxonomy":"product_tag","embeddable":true,"href":"https:\/\/ayaneo.co\/cs\/wp-json\/wp\/v2\/product_tag?post=16300"}],"curies":[{"name":"wp","href":"https:\/\/api.w.org\/{rel}","templated":true}]}}