{"id":18181,"date":"2024-08-15T15:04:41","date_gmt":"2024-08-15T15:04:41","guid":{"rendered":"https:\/\/ayaneo.co\/product\/ayaneo-kapesni-dmg\/"},"modified":"2025-12-11T00:11:28","modified_gmt":"2025-12-11T00:11:28","slug":"ayaneo-pocket-dmg","status":"publish","type":"product","link":"https:\/\/ayaneo.co\/cs\/product\/ayaneo-pocket-dmg\/","title":{"rendered":"AYANEO Pocket DMG"},"content":{"rendered":"\n<figure class=\"wp-block-video\"><video controls=\"\" src=\"https:\/\/droix.net\/wp-content\/uploads\/2024\/08\/AYANEO-Pocket-DMG&#xFF1A;The-Pinnacle-of-Retro-Vertical-Handhelds.mp4\"><\/video><\/figure>\n\n<div class=\"wp-block-columns is-layout-flex wp-container-core-columns-is-layout-28f84493 wp-block-columns-is-layout-flex\">\n<div class=\"wp-block-column is-layout-flow wp-block-column-is-layout-flow\" style=\"flex-basis:33.33%\">\n<figure class=\"wp-block-image size-large\"><a href=\"https:\/\/droix.net\/wp-content\/uploads\/2024\/08\/AYANEO-POCKET-DMG-ARTIC-BLACK-DONE-01.png\" target=\"_blank\" rel=\"noopener\"><img decoding=\"async\" src=\"https:\/\/droix.net\/wp-content\/uploads\/2024\/08\/AYANEO-POCKET-DMG-ARTIC-BLACK-DONE-01-1024x1024.png\" alt=\"Pohled zep&#x159;edu na AYANEO Pocket DMG v &#x10D;ern&#xE9; barv&#x11B; Arctic Black, kter&#xFD; ukazuje retro design s 3,92palcov&#xFD;m displejem OLED, D-padem, analogov&#xFD;m joystickem a tla&#x10D;&#xED;tky.\" class=\"wp-image-184226\"\/><\/a><\/figure>\n<\/div>\n\n\n\n<div class=\"wp-block-column is-layout-flow wp-block-column-is-layout-flow\" style=\"flex-basis:66.66%\">\n<h3 class=\"wp-block-heading\" id=\"h-experience-retro-gaming-like-never-before-with-the-ayaneo-pocket-dmg\">Za\u017eijte retro hran\u00ed jako nikdy p\u0159edt\u00edm s AYANEO Pocket DMG<\/h3>\n\n\n\n<p><strong> AYANEO Pocket DMG<\/strong> je p\u0159elomov\u00e9 <strong>kapesn\u00ed<\/strong> <strong>hern\u00ed<\/strong> za\u0159\u00edzen\u00ed, kter\u00e9 mistrovsky kombinuje nostalgii <strong>retro<\/strong> her s pokro\u010dilou modern\u00ed technologi\u00ed. Tento <strong>vertik\u00e1ln\u00ed handheld,<\/strong> kter\u00fd vzd\u00e1v\u00e1 hold kultovn\u00edmu Game Boy, nab\u00edz\u00ed zn\u00e1mou estetiku i siln\u00fd v\u00fdkon, tak\u017ee je ide\u00e1ln\u00ed volbou pro fanou\u0161ky <strong>retro her<\/strong> i modern\u00edch her. <\/p>\n<\/div>\n<\/div>\n\n<p><strong> AYANEO Pocket DMG<\/strong> je p\u0159elomov\u00e9 <strong>kapesn\u00ed<\/strong> <strong>hern\u00ed<\/strong> za\u0159\u00edzen\u00ed, kter\u00e9 mistrovsky kombinuje nostalgii <strong>retro<\/strong> her s pokro\u010dilou modern\u00ed technologi\u00ed. Tento <strong>vertik\u00e1ln\u00ed handheld,<\/strong> kter\u00fd vzd\u00e1v\u00e1 hold kultovn\u00edmu Game Boy, nab\u00edz\u00ed zn\u00e1mou estetiku i siln\u00fd v\u00fdkon, tak\u017ee je ide\u00e1ln\u00ed volbou pro fanou\u0161ky <strong>retro her<\/strong> i modern\u00edch her. <\/p>\n\n<h3 class=\"wp-block-heading\" id=\"h-design-and-display\">Design a zobrazen\u00ed<\/h3>\n\n<p><strong>AYANEO Pocket DMG<\/strong> vynik\u00e1 kompaktn\u00edm a nostalgick\u00fdm designem, kter\u00fd p\u0159ipom\u00edn\u00e1 klasick\u00e9 <strong>retro kapesn\u00ed<\/strong> konzole. \u00dast\u0159edn\u00edm prvkem jeho p\u0159ita\u017elivosti je 3,92palcov\u00fd <strong>displejOLED <\/strong>, kter\u00fd nab\u00edz\u00ed ostr\u00e9 rozli\u0161en\u00ed 1240&#215;1080 a hustotu pixel\u016f 419 PPI. Tato <strong>obrazovkaOLED <\/strong> zaji\u0161\u0165uje \u017eiv\u00e9 barvy a ostr\u00fd obraz, d\u00edky \u010demu\u017e retro i modern\u00ed hry o\u017e\u00edvaj\u00ed s ohromuj\u00edc\u00ed \u010distotou. Za\u0159\u00edzen\u00ed je k dispozici ve dvou r\u016fzn\u00fdch barv\u00e1ch:   <\/p>\n\n<ul class=\"wp-block-list\">\n<li>Arktick\u00e1 \u010dern\u00e1<\/li>\n\n\n\n<li>M\u011bs\u00ed\u010dn\u00ed b\u00edl\u00e1<\/li>\n<\/ul>\n\n<div class=\"wp-block-columns is-layout-flex wp-container-core-columns-is-layout-28f84493 wp-block-columns-is-layout-flex\">\n<div class=\"wp-block-column is-layout-flow wp-block-column-is-layout-flow\">\n<figure class=\"wp-block-image size-large\"><a href=\"https:\/\/droix.net\/wp-content\/uploads\/2024\/08\/AYANEO-POCKET-DMG-MARKETING-DONE-14.jpg\" target=\"_blank\" rel=\"noopener\"><img decoding=\"async\" src=\"https:\/\/droix.net\/wp-content\/uploads\/2024\/08\/AYANEO-POCKET-DMG-MARKETING-DONE-14-1024x1024.jpg\" alt=\"Propaga&#x10D;n&#xED; obr&#xE1;zek pro AYANEO Pocket DMG s hern&#xED; platformou Snapdragon G3x Gen 2. Zd&#x16F;raz&#x148;uje, &#x17E;e je prvn&#xED;m vertik&#xE1;ln&#xED;m kapesn&#xED;m po&#x10D;&#xED;ta&#x10D;em s t&#xED;mto procesorem, a prezentuje jeho architekturu 1+4+3 Octa-Core s j&#xE1;dry Kryo Prime Ultra na frekvenci 3,36 GHz, grafick&#xFD; procesor Adreno A32 na frekvenci 816 Hz a uvoln&#x11B;n&#xED; v&#xFD;konu 15 W. \" class=\"wp-image-184229\"\/><\/a><\/figure>\n\n\n\n<h3 class=\"wp-block-heading\" id=\"h-performance\">V\u00fdkon<\/h3>\n\n\n\n<p>Srdcem <strong>Pocket DMG<\/strong> je procesor <strong>Snapdragon G3x Gen 2<\/strong>, v\u00fdkonn\u00fd \u010dip p\u0159izp\u016fsoben\u00fd speci\u00e1ln\u011b pro <strong>kapesn\u00ed<\/strong> <strong>hry<\/strong>. Tento <strong>procesor<\/strong> zaji\u0161\u0165uje bezprobl\u00e9movou emulaci retro titul\u016f a plynul\u00fd v\u00fdkon v modern\u00edch mobiln\u00edch hr\u00e1ch. Za\u0159\u00edzen\u00ed b\u011b\u017e\u00ed na webu Android 13 a poskytuje p\u0159\u00edstup k rozs\u00e1hl\u00e9mu ekosyst\u00e9mu aplikac\u00ed a emul\u00e1tor\u016f, co\u017e z n\u011bj \u010din\u00ed univerz\u00e1ln\u00ed platformu pro v\u0161echny va\u0161e <strong>hern\u00ed<\/strong> pot\u0159eby.  <\/p>\n<\/div>\n\n\n\n<div class=\"wp-block-column is-layout-flow wp-block-column-is-layout-flow\">\n<figure class=\"wp-block-image size-large\"><a href=\"https:\/\/droix.net\/wp-content\/uploads\/2024\/08\/AYANEO-POCKET-DMG-MARKETING-DONE-19.jpg\" target=\"_blank\" rel=\"noopener\"><img decoding=\"async\" src=\"https:\/\/droix.net\/wp-content\/uploads\/2024\/08\/AYANEO-POCKET-DMG-MARKETING-DONE-19-1024x1024.jpg\" alt=\"Infografika p&#x159;edstavuj&#xED;c&#xED; &#x159;adu funkc&#xED; AYANEO Pocket DMG srovnateln&#xFD;ch s profesion&#xE1;ln&#xED;mi ovlada&#x10D;i. Mezi funkce pat&#x159;&#xED; vysoce p&#x159;esn&#xFD; joystick, nastaviteln&#xE1; citlivost, pohotovostn&#xED; re&#x17E;im s nulovou spot&#x159;ebou, zam&#x11B;&#x159;ov&#xE1;n&#xED; s pomoc&#xED; gyroskopu, funkce burst tla&#x10D;&#xED;tek, v&#xFD;m&#x11B;na hodnot kl&#xE1;ves A-B-X-Y a nastaviteln&#xE1; intenzita vibrac&#xED; motoru. Dole ruka dr&#x17E;&#xED; b&#xED;l&#xE9; za&#x159;&#xED;zen&#xED; a zobrazuje barevnou hern&#xED; obrazovku.  \" class=\"wp-image-184232\"\/><\/a><\/figure>\n\n\n\n<h3 class=\"wp-block-heading\" id=\"h-controls-and-inputs\">Ovl\u00e1dac\u00ed prvky a vstupy<\/h3>\n\n\n\n<p><strong>Kapesn\u00ed DMG<\/strong> nab\u00edz\u00ed v\u0161estrann\u00e9 a inovativn\u00ed rozlo\u017een\u00ed ovl\u00e1d\u00e1n\u00ed, kter\u00e9 vyhovuje \u0161irok\u00e9 \u0161k\u00e1le <strong>hern\u00edch<\/strong> \u017e\u00e1nr\u016f. Mezi kl\u00ed\u010dov\u00e9 funkce pat\u0159\u00ed: <\/p>\n\n\n\n<ul class=\"wp-block-list\">\n<li>Tradi\u010dn\u00ed D-pad pro p\u0159esn\u00e9 sm\u011brov\u00e9 zad\u00e1v\u00e1n\u00ed<\/li>\n\n\n\n<li>Tla\u010d\u00edtka ABXY na obli\u010deji pro klasick\u00e9 <strong>hry<\/strong><\/li>\n\n\n\n<li>Jedin\u00fd analogov\u00fd <strong>joystick<\/strong> vylep\u0161en\u00fd technologi\u00ed Hallova jevu pro p\u0159esnost a odolnost.<\/li>\n\n\n\n<li>Inovativn\u00ed <strong>touchpad<\/strong>, kter\u00fd slou\u017e\u00ed jako druh\u00fd analogov\u00fd vstup<\/li>\n\n\n\n<li>Ramenn\u00ed tla\u010d\u00edtka pro dal\u0161\u00ed mo\u017enosti ovl\u00e1d\u00e1n\u00ed<\/li>\n<\/ul>\n\n\n\n<p>D\u00edky t\u00e9to kombinaci ovl\u00e1dac\u00edch prvk\u016f zvl\u00e1dne <strong>kapesn\u00ed DMG<\/strong> bez probl\u00e9m\u016f v\u0161e od retro plo\u0161inovek a\u017e po modern\u00ed ak\u010dn\u00ed hry.<\/p>\n<\/div>\n\n\n\n<div class=\"wp-block-column is-layout-flow wp-block-column-is-layout-flow\">\n<figure class=\"wp-block-image size-large\"><a href=\"https:\/\/droix.net\/wp-content\/uploads\/2024\/08\/AYANEO-POCKET-DMG-MARKETING-DONE-16.jpg\" target=\"_blank\" rel=\"noopener\"><img decoding=\"async\" src=\"https:\/\/droix.net\/wp-content\/uploads\/2024\/08\/AYANEO-POCKET-DMG-MARKETING-DONE-16-1024x1024.jpg\" alt=\"Infografika s podrobnostmi o &#x201E;bezprobl&#xE9;mov&#xE9; kombinaci v&#xFD;konu&#x201C; AYANEO Pocket DMG, kter&#xE1; zd&#x16F;raz&#x148;uje jeho vysokorychlostn&#xED; pam&#x11B;&#x165; (LPDDR5X s rychlost&#xED; 8533 Mb\/s), rychl&#xE9; &#xFA;lo&#x17E;i&#x161;t&#x11B; (UFS 4.0 s rychlost&#xED; &#x10D;ten&#xED; p&#x159;es 4000 MB\/s) a velkou kapacitu pro ukl&#xE1;d&#xE1;n&#xED; her a aplikac&#xED;. Uv&#xE1;d&#xED; a&#x17E; 16 GB RAM a 1 TB &#xFA;lo&#x17E;n&#xE9;ho prostoru. \" class=\"wp-image-184230\"\/><\/a><\/figure>\n\n\n\n<h3 class=\"wp-block-heading\" id=\"h-storage-and-connectivity\">\u00dalo\u017ei\u0161t\u011b a p\u0159ipojen\u00ed<\/h3>\n\n\n\n<p><strong>AYANEO Pocket DMG<\/strong> nab\u00edz\u00ed flexibiln\u00ed \u0159e\u0161en\u00ed \u00falo\u017ei\u0161t\u011b, kter\u00e9 vyhov\u00ed pot\u0159eb\u00e1m r\u016fzn\u00fdch <strong>p\u0159\u00edru\u010dn\u00edch<\/strong> <strong>hern\u00edch<\/strong> nad\u0161enc\u016f:<\/p>\n\n\n\n<ul class=\"wp-block-list\">\n<li>8 GB RAM + 128GB \u00falo\u017ei\u0161t\u011b<\/li>\n<\/ul>\n\n\n\n<p>Slot na kartu microSD nav\u00edc umo\u017e\u0148uje snadn\u00e9 roz\u0161\u00ed\u0159en\u00ed \u00falo\u017en\u00e9 kapacity. Pokud jde o konektivitu, za\u0159\u00edzen\u00ed zahrnuje: <\/p>\n\n\n\n<ul class=\"wp-block-list\">\n<li>Wi-Fi a Bluetooth 5.3 pro bezdr\u00e1tovou komunikaci<\/li>\n\n\n\n<li>Port USB-C pro nab\u00edjen\u00ed a p\u0159ipojen\u00ed p\u0159\u00edslu\u0161enstv\u00ed<\/li>\n<\/ul>\n<\/div>\n<\/div>\n\n<h3 class=\"wp-block-heading\" id=\"h-battery-and-additional-features\">Baterie a dal\u0161\u00ed funkce<\/h3>\n\n<p><strong>Pocket DMG<\/strong> je nap\u00e1jen bateri\u00ed s kapacitou 6 000 mAh, kter\u00e1 podporuje 25W rychl\u00e9 nab\u00edjen\u00ed PD, abyste mohli hr\u00e1t d\u00e9le. Mezi dal\u0161\u00ed pozoruhodn\u00e9 funkce pat\u0159\u00ed: <\/p>\n\n<figure class=\"wp-block-image size-large\"><a href=\"https:\/\/droix.net\/wp-content\/uploads\/2024\/08\/AYANEO-POCKET-DMG-MARKETING-DONE-18.jpg\" target=\"_blank\" rel=\"noopener\"><img decoding=\"async\" src=\"https:\/\/droix.net\/wp-content\/uploads\/2024\/08\/AYANEO-POCKET-DMG-MARKETING-DONE-18-1024x1024.jpg\" alt=\"Marketingov&#xFD; obr&#xE1;zek p&#x159;edstavuj&#xED;c&#xED; baterii AYANEO Pocket DMG s kapacitou 6000 mAh, zd&#x16F;raz&#x148;uj&#xED;c&#xED; dlouhou v&#xFD;dr&#x17E; baterie a podporu rychl&#xE9;ho nab&#xED;jen&#xED; PD. Spodn&#xED; &#x10D;&#xE1;st p&#x159;edstavuje joystick Hall Medium a zd&#x16F;raz&#x148;uje jeho p&#x159;esnost, odolnost (5 milion&#x16F; pou&#x17E;it&#xED;) a vylep&#x161;en&#xE9; ovl&#xE1;dac&#xED; funkce. \" class=\"wp-image-184231\"\/><\/a><\/figure>\n\n<ul class=\"wp-block-list\">\n<li>\u0160estios\u00fd gyroskop pro \u0159\u00edzen\u00ed pohybu<\/li>\n\n\n\n<li>Aktivn\u00ed chladic\u00ed syst\u00e9m s vestav\u011bn\u00fdm ventil\u00e1torem pro udr\u017een\u00ed optim\u00e1ln\u00edho v\u00fdkonu<\/li>\n\n\n\n<li>Kompaktn\u00ed pouzdro pro snadn\u00e9 p\u0159en\u00e1\u0161en\u00ed<\/li>\n<\/ul>\n\n<h3 class=\"wp-block-heading\" id=\"h-user-experience-and-conclusion\">Zku\u0161enosti u\u017eivatel\u016f a z\u00e1v\u011br<\/h3>\n\n<p><strong>AYANEO Pocket DMG<\/strong> je v\u00fdjime\u010dnou volbou pro milovn\u00edky <strong>retro her<\/strong> a sb\u011bratele, kte\u0159\u00ed cht\u011bj\u00ed za\u0159\u00edzen\u00ed, kter\u00e9 zachycuje podstatu klasick\u00e9ho <strong>retro<\/strong> hran\u00ed z <strong>kapesn\u00edho po\u010d\u00edta\u010de<\/strong> a z\u00e1rove\u0148 nab\u00edz\u00ed v\u00fdkon a v\u0161estrannost modern\u00edch technologi\u00ed. Tento <strong>kapesn\u00ed po\u010d\u00edta\u010d<\/strong> v\u00e1m poskytne pohlcuj\u00edc\u00ed a p\u0159\u00edjemn\u00fd <strong>hern\u00ed<\/strong> z\u00e1\u017eitek, a\u0165 u\u017e si budete p\u0159ipom\u00ednat klasick\u00e9 hry, nebo objevovat nov\u00e9. <\/p>\n","protected":false},"excerpt":{"rendered":"<ul>\n<li>Procesor: Qualcomm <strong>Snapdragon G3x Gen 2<\/strong><\/li>\n<li>Zobrazen\u00ed: <strong>3,92palcov\u00fd OLED<\/strong>, rozli\u0161en\u00ed 1240&#215;1080<\/li>\n<li>Opera\u010dn\u00ed pam\u011b\u0165: <strong>8 GB<\/strong> LPDDR5X @ <strong>8533 MT\/s<\/strong><\/li>\n<li>Skladov\u00e1n\u00ed: <strong>128 GB<\/strong> UFS 3.1<\/li>\n<li>P\u0159ipojen\u00ed: Wi-Fi <strong>6<\/strong> a Bluetooth <strong>5.3<\/strong><\/li>\n<\/ul>\n<p><img fetchpriority=\"high\" decoding=\"async\" src=\"https:\/\/ayaneo.co\/wp-content\/uploads\/2024\/08\/DMG-FREEBIES1.jpg\" alt=\"Propaga\u010dn\u00ed obr\u00e1zek se sv\u011btle \u0161ed\u00fdm pozad\u00edm uv\u00e1d\u00ed.  \" free=\"\" gifts=\"\" in=\"\" large=\"\" dark=\"\" gray=\"\" letters=\"\" at=\"\" the=\"\" top.=\"\" below=\"\" this=\"\" smaller=\"\" text=\"\" it=\"\" lists=\"\" case=\"\" and=\"\" caps=\"\" followed=\"\" by=\"\" added=\"\" to=\"\" cart=\"\" a=\"\" slightly=\"\" larger=\"\" font.=\"\" right=\"\" there=\"\" are=\"\" two=\"\" product=\"\" square=\"\" white=\"\" rainbow-colored=\"\" package=\"\" containing=\"\" four=\"\" black=\"\" thumbstick=\"\" mesh=\"\" protective=\"\" identical=\"\" one=\"\" previous=\"\" image=\"\" with=\"\" logo=\"\" bottom.=\"\" width=\"550\" height=\"140\" class=\"alignnone size-full wp-image-25170\" images:=\"\" srcset=\"https:\/\/ayaneo.co\/wp-content\/uploads\/2024\/08\/DMG-FREEBIES1.jpg 550w, https:\/\/ayaneo.co\/wp-content\/uploads\/2024\/08\/DMG-FREEBIES1-300x76.jpg 300w, https:\/\/ayaneo.co\/wp-content\/uploads\/2024\/08\/DMG-FREEBIES1-441x112.jpg 441w, https:\/\/ayaneo.co\/wp-content\/uploads\/2024\/08\/DMG-FREEBIES1-150x38.jpg 150w\" sizes=\"(max-width: 550px) 100vw, 550px\" \/><\/p>\n[cg_accordion title=\"INFORMACE O PLATB\u011a\"] <\/p>\n<p>Pou\u017e\u00edv\u00e1me nejnov\u011bj\u0161\u00ed technologie zpracov\u00e1n\u00ed plateb, kter\u00e9 v\u00e1m umo\u017e\u0148uj\u00ed prov\u00e9st platbu prost\u0159ednictv\u00edm Apple Pay, Google Pay, va\u0161\u00ed debetn\u00ed\/kreditn\u00ed karty, PayPal nebo metod BNPL, jako jsou Klarna, Affirm nebo AfterPay, a zajistit tak rychl\u00e9 a bezpe\u010dn\u00e9 zpracov\u00e1n\u00ed.[\/cg_accordion]\n[cg_accordion title=\"Z\u00c1RUKA\"] <\/p>\n<p>1 rok z\u00e1ruky od spole\u010dnosti <a href=\"https:\/\/droix.net\/\" target=\"_blank\" rel=\"nofollow noopener\">DROIX Global<\/a> pro v\u00e1\u0161 klid na du\u0161i[\/cg_accordion]\n[cg_accordion title=\"CENY, DAN\u011a A DOPRAVA\"] <\/p>\n<p><strong><u>Pozn\u00e1mka:<\/u><\/strong><\/p>\n<ul>\n<li>Z\u00e1kazn\u00edci ze Spojen\u00fdch st\u00e1t\u016f: Z\u00e1kazn\u00edci: Zobrazen\u00e1 cena NEZAHRNUJE DAN\u011a ani cla. Odpov\u011bdnost za celn\u00ed odbaven\u00ed a zaplacen\u00ed souvisej\u00edc\u00ed dan\u011b\/celn\u00ed sazby nese z\u00e1kazn\u00edk. <\/li>\n<li>Z\u00e1kazn\u00edci z EU: V zobrazen\u00e9 cen\u011b je zahrnuta p\u0159\u00edslu\u0161n\u00e1 DA\u0147, kter\u00e1 m\u016f\u017ee \u010dinit a\u017e 25 % v z\u00e1vislosti na va\u0161\u00ed zemi.<\/li>\n<li>Z\u00e1kazn\u00edci z Kanady: V z\u00e1vislosti na va\u0161\u00ed provincii m\u016f\u017ee zobrazen\u00e1 cena zahrnovat p\u0159\u00edslu\u0161n\u00e9 dan\u011b, kter\u00e9 mohou zahrnovat 5% GST a dal\u0161\u00ed provin\u010dn\u00ed dan\u011b z prodeje (PST), harmonizovanou da\u0148 z prodeje (HST) nebo quebeckou da\u0148 z prodeje (QST).<\/li>\n<\/ul>\n<p><strong>Pouze pro z\u00e1kazn\u00edky z EU:<\/strong> Expresn\u00ed DDP (Delivered Duty Paid). To znamen\u00e1: <\/p>\n<ul>\n<li>Ve\u0161ker\u00e1 cla a dan\u011b jsou zahrnuty v cen\u011b uveden\u00e9 na str\u00e1nce produktu.<\/li>\n<li>P\u0159i doru\u010den\u00ed nemus\u00edte platit \u017e\u00e1dn\u00e9 dal\u0161\u00ed poplatky.<\/li>\n<li>Ve v\u00fdjime\u010dn\u00fdch p\u0159\u00edpadech, kdy se vyskytnou probl\u00e9my souvisej\u00edc\u00ed s celn\u00edm \u0159\u00edzen\u00edm, se n\u00e1\u0161 t\u00fdm postar\u00e1 o celn\u00ed odbaven\u00ed va\u0161\u00edm jm\u00e9nem, aby bylo doru\u010den\u00ed bezprobl\u00e9mov\u00e9.<\/li>\n<p>D\u016fle\u017eit\u00e9 informace o vr\u00e1cen\u00ed zbo\u017e\u00ed:<\/p>\n<li>Pokud se rozhodnete objedn\u00e1vku vr\u00e1tit nebo po\u017e\u00e1dat o vr\u00e1cen\u00ed pen\u011bz, m\u011bjte na pam\u011bti, \u017ee dan\u011b a cla zaplacen\u00e9 za v\u00e1s podle podm\u00ednek DDP nelze vr\u00e1tit.<\/li>\n<p>Pod\u00edvejte se pros\u00edm na na\u0161e<\/ul>\n<\/li>\n<\/ul>\n<p><a href=\"https:\/\/ayaneo.co\/cs\/podminky-sluzby\/\" target=\"_blank\" rel=\"nofollow noopener\">Podm\u00ednky a pravidla<\/a><\/p>\n<ul>podrobn\u00e9 informace.<\/ul>\n<p>[\/cg_accordion]\n[cg_accordion title=\"Z\u00c1KAZNICK\u00c1 PODPORA\"] <\/p>\n<p>M\u00e1te dotaz? V\u00e1\u0161 probl\u00e9m vy\u0159e\u0161\u00edme kr\u00e1tkou textovou zpr\u00e1vou!   [\/cg_accordion]\n[cg_accordion title=\"Balen\u00ed obsahuje\"]<\/p>\n<ul>\n<li>1x AYANEO Kapesn\u00ed DMG<\/li>\n<li>1x kabel USB typu C<\/li>\n<li>1x u\u017eivatelsk\u00e1 p\u0159\u00edru\u010dka<\/li>\n<\/ul>\n<p>[\/cg_accordion]\n","protected":false},"featured_media":18189,"template":"","meta":{"_acf_changed":false},"product_brand":[],"product_cat":[1183],"product_tag":[],"class_list":{"0":"post-18181","1":"product","2":"type-product","3":"status-publish","4":"has-post-thumbnail","6":"product_cat-android-herni-kapesni-pocitac","7":"product_shipping_class-standard","8":"pa_brand-ayaneo","10":"first","11":"instock","12":"taxable","13":"shipping-taxable","14":"purchasable","15":"product-type-variable","16":"has-default-attributes"},"acf":[],"_links":{"self":[{"href":"https:\/\/ayaneo.co\/cs\/wp-json\/wp\/v2\/product\/18181","targetHints":{"allow":["GET"]}}],"collection":[{"href":"https:\/\/ayaneo.co\/cs\/wp-json\/wp\/v2\/product"}],"about":[{"href":"https:\/\/ayaneo.co\/cs\/wp-json\/wp\/v2\/types\/product"}],"wp:featuredmedia":[{"embeddable":true,"href":"https:\/\/ayaneo.co\/cs\/wp-json\/wp\/v2\/media\/18189"}],"wp:attachment":[{"href":"https:\/\/ayaneo.co\/cs\/wp-json\/wp\/v2\/media?parent=18181"}],"wp:term":[{"taxonomy":"product_brand","embeddable":true,"href":"https:\/\/ayaneo.co\/cs\/wp-json\/wp\/v2\/product_brand?post=18181"},{"taxonomy":"product_cat","embeddable":true,"href":"https:\/\/ayaneo.co\/cs\/wp-json\/wp\/v2\/product_cat?post=18181"},{"taxonomy":"product_tag","embeddable":true,"href":"https:\/\/ayaneo.co\/cs\/wp-json\/wp\/v2\/product_tag?post=18181"}],"curies":[{"name":"wp","href":"https:\/\/api.w.org\/{rel}","templated":true}]}}