{"id":18259,"date":"2024-08-02T09:33:01","date_gmt":"2024-08-02T09:33:01","guid":{"rendered":"https:\/\/ayaneo.co\/product\/ayaneo-pocket-s\/"},"modified":"2026-01-30T00:54:47","modified_gmt":"2026-01-30T00:54:47","slug":"ayaneo-pocket-s","status":"publish","type":"product","link":"https:\/\/ayaneo.co\/cs\/product\/ayaneo-pocket-s\/","title":{"rendered":"AYANEO Pocket S"},"content":{"rendered":"\n<h3 class=\"wp-block-heading\" id=\"h-ayaneo-pocket-s-the-ultimate-retro-gaming-handheld\"><strong>AYANEO Pocket S: Nejdokonalej\u0161\u00ed kapesn\u00ed po\u010d\u00edta\u010d pro retro hry<\/strong><\/h3>\n\n<h3 class=\"wp-block-heading\" id=\"h-introduction\">\u00davod<\/h3>\n\n<p>AYANEO Pocket S p\u0159edstavuje pro fanou\u0161ky retro her p\u0159evratn\u00fd pokrok v dynamick\u00e9m hern\u00edm sv\u011bt\u011b. Toto za\u0159\u00edzen\u00ed p\u0159ekra\u010duje r\u00e1mec pouh\u00e9 hern\u00ed konzole; je oslavou v\u00fdvoje tohoto odv\u011btv\u00ed a plynule spojuje nostalgii s nejmodern\u011bj\u0161\u00edmi technologiemi. AYANEO Pocket S vynik\u00e1 jako technick\u00fd z\u00e1zrak, nab\u00edz\u00ed v\u00fdjime\u010dnou p\u0159enosnost, siln\u00fd v\u00fdkon a jedine\u010dn\u00fd design, kter\u00fd jej odli\u0161uje od v\u0161eho ostatn\u00edho, co je k dispozici. Vych\u00e1z\u00ed vst\u0159\u00edc hr\u00e1\u010d\u016fm, kte\u0159\u00ed si v\u00e1\u017e\u00ed klasick\u00fdch titul\u016f, ale tou\u017e\u00ed po modern\u00edch mo\u017enostech, a p\u0159etv\u00e1\u0159\u00ed tak hranice p\u0159enosn\u00e9ho hran\u00ed.   <\/p>\n\n<h3 class=\"wp-block-heading\" id=\"h-product-overview\">P\u0159ehled produkt\u016f<\/h3>\n\n<p>AYANEO Pocket S z\u00e1\u0159\u00ed jako symbol inovace v p\u0159enosn\u00e9m hran\u00ed. Je poh\u00e1n\u011bn hern\u00ed platformou Snapdragon G3x Gen 2 a zaji\u0161\u0165uje vysok\u00fd v\u00fdkon p\u0159i n\u00edzk\u00e9 spot\u0159eb\u011b energie. Jeho p\u016fsobiv\u00e1 6\u2033 bezr\u00e1me\u010dkov\u00e1 zrcadlov\u00e1 dotykov\u00e1 obrazovka IPS s rozli\u0161en\u00edm 1080P nebo 1440P o\u017eivuje obl\u00edben\u00e9 klasick\u00e9 hry s pozoruhodnou \u010distotou.  <\/p>\n\n<p>Za\u0159\u00edzen\u00ed je navr\u017eeno s ohledem na pohodl\u00ed a obsahuje joysticky s RGB hallov\u00fdmi senzory, line\u00e1rn\u00ed hallov\u00e9 spou\u0161t\u011b a vodiv\u00e1 gumov\u00e1 tla\u010d\u00edtka pro plynulej\u0161\u00ed a citliv\u011bj\u0161\u00ed hran\u00ed. Tento handheld nen\u00ed ur\u010den pouze pro hran\u00ed her; d\u00edky sv\u00e9 v\u0161estrann\u00e9 konstrukci je ide\u00e1ln\u00ed pro konzumaci m\u00e9di\u00ed doma nebo na cest\u00e1ch, a to d\u00edky p\u0159enosn\u00e9 a odoln\u00e9 konstrukci. <\/p>\n\n<h3 class=\"wp-block-heading\" id=\"h-detailed-features\">Podrobn\u00e9 funkce<\/h3>\n\n<p><strong>V\u00fdkonnost:<\/strong> Srdcem AYANEO Pocket S je 8j\u00e1drov\u00fd procesor Kyro a grafick\u00fd procesor Adreno A32, optimalizovan\u00fd pro vynikaj\u00edc\u00ed v\u00fdkon p\u0159i zachov\u00e1n\u00ed skromn\u00e9 spot\u0159eby 15 W TDP. To zaji\u0161\u0165uje dlouh\u00e9 hern\u00ed seance bez p\u0159eh\u0159\u00edv\u00e1n\u00ed nebo nadm\u011brn\u00e9ho vyb\u00edjen\u00ed baterie. Hardware je vylad\u011bn\u00fd pro plynul\u00fd b\u011bh klasick\u00fdch her a zaji\u0161\u0165uje, \u017ee ka\u017ed\u00e1 akce reaguje stejn\u011b rychle jako na p\u016fvodn\u00edch konzol\u00edch.  <\/p>\n\n<p><strong>Pam\u011b\u0165 a \u00falo\u017ei\u0161t\u011b:<\/strong> AYANEO Pocket S nab\u00edz\u00ed dostatek pam\u011bti pro multitasking a plynul\u00fd v\u00fdkon ve v\u0161ech hr\u00e1ch a aplikac\u00edch. Za\u0159\u00edzen\u00ed nab\u00edz\u00ed a\u017e 1 TB \u00falo\u017ei\u0161t\u011b UFS 4.0 (UFS 3.1 u 128GB verze), co\u017e hr\u00e1\u010d\u016fm umo\u017e\u0148uje nosit rozs\u00e1hlou knihovnu klasick\u00fdch titul\u016f bez obav o dobu na\u010d\u00edt\u00e1n\u00ed nebo \u00falo\u017en\u00fd prostor. <\/p>\n\n<h3 class=\"wp-block-heading\" id=\"h-user-experience\">Zku\u0161enosti u\u017eivatel\u016f<\/h3>\n\n<p>Po\u010d\u00edta\u010d AYANEO Pocket S b\u011b\u017e\u00ed na vlastn\u00edm opera\u010dn\u00edm syst\u00e9mu Android p\u0159izp\u016fsoben\u00e9m pro hry a podporuje \u0161irokou \u0161k\u00e1lu syst\u00e9m\u016f z 8bitov\u00e9 a 16bitov\u00e9 \u00e9ry, co\u017e zaji\u0161\u0165uje kompatibilitu s tis\u00edci klasick\u00fdch her. Jeho mo\u017enosti p\u0159ipojen\u00ed Wi-Fi 7 a Bluetooth 5.3 usnad\u0148uj\u00ed hran\u00ed pro v\u00edce hr\u00e1\u010d\u016f, tak\u017ee se m\u016f\u017eete spojit s p\u0159\u00e1teli a dal\u0161\u00edmi hr\u00e1\u010di po cel\u00e9m sv\u011bt\u011b. Software AYA SPACE umoc\u0148uje z\u00e1\u017eitek intuitivn\u00edm rozhran\u00edm pro proch\u00e1zen\u00ed her a spr\u00e1vu syst\u00e9mu.  <\/p>\n\n<h3 class=\"wp-block-heading\" id=\"h-conclusion\">Z\u00e1v\u011br<\/h3>\n\n<p>AYANEO Pocket S je v\u00edc ne\u017e jen dal\u0161\u00ed retro hern\u00ed handheld; je to komplexn\u00ed z\u00e1bavn\u00ed syst\u00e9m, kter\u00fd propojuje nostalgick\u00e9 hran\u00ed s modern\u00edmi technologiemi. D\u00edky solidn\u00edmu v\u00fdkonu, inovativn\u00edmu designu a d\u016frazu na u\u017eivatelsk\u00fd komfort je toto za\u0159\u00edzen\u00ed l\u00eddrem na trhu p\u0159enosn\u00fdch her a zve zku\u0161en\u00e9 hr\u00e1\u010de i nov\u00e1\u010dky k objevov\u00e1n\u00ed bohat\u00e9 historie videoher v nov\u00e9m sv\u011btle. <\/p>\n\n<p>Nenech si uj\u00edt p\u0159\u00edle\u017eitost vlastnit kus hern\u00ed historie p\u0159epracovan\u00fd pro modern\u00ed dobu. P\u0159edobjednejte si AYANEO Pocket S je\u0161t\u011b dnes a bu\u010fte mezi prvn\u00edmi, kdo si vyzkou\u0161\u00ed vrchol retro hern\u00edch handheld\u016f. Vzhledem k omezen\u00e9 dostupnosti je to p\u0159\u00edle\u017eitost, kterou si nesm\u00edte nechat uj\u00edt. P\u0159ijm\u011bte budoucnost z\u00e1bavy s AYANEO Pocket S .   <\/p>\n\n<figure class=\"wp-block-image\"><a href=\"https:\/\/droix.net\/wp-content\/uploads\/2024\/05\/AYANEO-POCKET-S-MARKETING-DONE-01.jpg\" target=\"_blank\" rel=\"noopener\"><img decoding=\"async\" src=\"https:\/\/droix.net\/wp-content\/uploads\/2024\/05\/AYANEO-POCKET-S-MARKETING-DONE-01.jpg\" alt=\"AYANEO Pocket S Marketing\" class=\"wp-image-178865\"\/><\/a><\/figure>\n\n<figure class=\"wp-block-image\"><a href=\"https:\/\/droix.net\/wp-content\/uploads\/2024\/05\/AYANEO-POCKET-S-MARKETING-DONE-02.jpg\" target=\"_blank\" rel=\"noopener\"><img decoding=\"async\" src=\"https:\/\/droix.net\/wp-content\/uploads\/2024\/05\/AYANEO-POCKET-S-MARKETING-DONE-02.jpg\" alt=\"AYANEO Pocket S Marketing\" class=\"wp-image-178866\"\/><\/a><\/figure>\n\n<figure class=\"wp-block-image\"><a href=\"https:\/\/droix.net\/wp-content\/uploads\/2024\/05\/AYANEO-POCKET-S-MARKETING-DONE-03.jpg\" target=\"_blank\" rel=\"noopener\"><img decoding=\"async\" src=\"https:\/\/droix.net\/wp-content\/uploads\/2024\/05\/AYANEO-POCKET-S-MARKETING-DONE-03.jpg\" alt=\"AYANEO Pocket S Marketing\" class=\"wp-image-178867\"\/><\/a><\/figure>\n\n<figure class=\"wp-block-image\"><a href=\"https:\/\/droix.net\/wp-content\/uploads\/2024\/05\/AYANEO-POCKET-S-MARKETING-DONE-04.jpg\" target=\"_blank\" rel=\"noopener\"><img decoding=\"async\" src=\"https:\/\/droix.net\/wp-content\/uploads\/2024\/05\/AYANEO-POCKET-S-MARKETING-DONE-04.jpg\" alt=\"AYANEO Pocket S Marketing\" class=\"wp-image-178868\"\/><\/a><\/figure>\n\n<figure class=\"wp-block-image\"><a href=\"https:\/\/droix.net\/wp-content\/uploads\/2024\/05\/AYANEO-POCKET-S-MARKETING-DONE-05.jpg\" target=\"_blank\" rel=\"noopener\"><img decoding=\"async\" src=\"https:\/\/droix.net\/wp-content\/uploads\/2024\/05\/AYANEO-POCKET-S-MARKETING-DONE-05.jpg\" alt=\"AYANEO Pocket S Marketing\" class=\"wp-image-178869\"\/><\/a><\/figure>\n\n<figure class=\"wp-block-image\"><a href=\"https:\/\/droix.net\/wp-content\/uploads\/2024\/05\/AYANEO-POCKET-S-MARKETING-DONE-06.jpg\" target=\"_blank\" rel=\"noopener\"><img decoding=\"async\" src=\"https:\/\/droix.net\/wp-content\/uploads\/2024\/05\/AYANEO-POCKET-S-MARKETING-DONE-06.jpg\" alt=\"AYANEO Pocket S Marketing\" class=\"wp-image-178870\"\/><\/a><\/figure>\n\n<figure class=\"wp-block-image\"><a href=\"https:\/\/droix.net\/wp-content\/uploads\/2024\/05\/AYANEO-POCKET-S-MARKETING-DONE-07.jpg\" target=\"_blank\" rel=\"noopener\"><img decoding=\"async\" src=\"https:\/\/droix.net\/wp-content\/uploads\/2024\/05\/AYANEO-POCKET-S-MARKETING-DONE-07.jpg\" alt=\"AYANEO Pocket S Marketing\" class=\"wp-image-178871\"\/><\/a><\/figure>\n\n<figure class=\"wp-block-image\"><a href=\"https:\/\/droix.net\/wp-content\/uploads\/2024\/05\/AYANEO-POCKET-S-MARKETING-DONE-08.jpg\" target=\"_blank\" rel=\"noopener\"><img decoding=\"async\" src=\"https:\/\/droix.net\/wp-content\/uploads\/2024\/05\/AYANEO-POCKET-S-MARKETING-DONE-08.jpg\" alt=\"AYANEO Pocket S Marketing\" class=\"wp-image-178872\"\/><\/a><\/figure>\n\n<figure class=\"wp-block-image\"><a href=\"https:\/\/droix.net\/wp-content\/uploads\/2024\/05\/AYANEO-POCKET-S-MARKETING-DONE-09.jpg\" target=\"_blank\" rel=\"noopener\"><img decoding=\"async\" src=\"https:\/\/droix.net\/wp-content\/uploads\/2024\/05\/AYANEO-POCKET-S-MARKETING-DONE-09.jpg\" alt=\"AYANEO Pocket S Marketing\" class=\"wp-image-178873\"\/><\/a><\/figure>\n\n<figure class=\"wp-block-image\"><a href=\"https:\/\/droix.net\/wp-content\/uploads\/2024\/05\/AYANEO-POCKET-S-MARKETING-DONE-10.jpg\" target=\"_blank\" rel=\"noopener\"><img decoding=\"async\" src=\"https:\/\/droix.net\/wp-content\/uploads\/2024\/05\/AYANEO-POCKET-S-MARKETING-DONE-10.jpg\" alt=\"AYANEO Pocket S Marketing\" class=\"wp-image-178874\"\/><\/a><\/figure>\n\n<figure class=\"wp-block-image\"><a href=\"https:\/\/droix.net\/wp-content\/uploads\/2024\/05\/AYANEO-POCKET-S-MARKETING-DONE-11.jpg\" target=\"_blank\" rel=\"noopener\"><img decoding=\"async\" src=\"https:\/\/droix.net\/wp-content\/uploads\/2024\/05\/AYANEO-POCKET-S-MARKETING-DONE-11.jpg\" alt=\"AYANEO Pocket S Marketing\" class=\"wp-image-178875\"\/><\/a><\/figure>\n\n<figure class=\"wp-block-image\"><a href=\"https:\/\/droix.net\/wp-content\/uploads\/2024\/05\/AYANEO-POCKET-S-MARKETING-DONE-12.jpg\" target=\"_blank\" rel=\"noopener\"><img decoding=\"async\" src=\"https:\/\/droix.net\/wp-content\/uploads\/2024\/05\/AYANEO-POCKET-S-MARKETING-DONE-12.jpg\" alt=\"AYANEO Pocket S Marketing\" class=\"wp-image-178876\"\/><\/a><\/figure>\n","protected":false},"excerpt":{"rendered":"<ul>\n<li>Procesor: Qualcomm<strong> G3x Gen 2<\/strong><\/li>\n<li>Zobrazen\u00ed: 1440P\/1080P 6&#8243;<strong> IPS Bezokrajov\u00fd<\/strong> dotykov\u00fd displej<\/li>\n<li>Opera\u010dn\u00ed pam\u011b\u0165: A\u017e<strong> 16 GB<\/strong> LPDDR5X @ <strong>8533 MT\/s<\/strong><\/li>\n<li>Skladov\u00e1n\u00ed: A\u017e<strong> 1 TB<\/strong> UFS 4.0<\/li>\n<li>P\u0159ipojen\u00ed: Wi-Fi<strong> 7<\/strong> a Bluetooth <strong> 5.3<\/strong><\/li>\n<\/ul>\n<p><img fetchpriority=\"high\" decoding=\"async\" src=\"https:\/\/ayaneo.co\/wp-content\/uploads\/2024\/08\/AYANEO-POCKET-S-FREE-GIFTS.jpg\" alt=\"D\u00e1rkov\u00fd banner zdarma - AYANEO pouzdro\/dr\u017e\u00e1k, krytky joysticku, ochrann\u00fd kryt displeje\" width=\"2000\" height=\"500\" class=\"alignnone size-full wp-image-847\" srcset=\"https:\/\/ayaneo.co\/wp-content\/uploads\/2024\/08\/AYANEO-POCKET-S-FREE-GIFTS.jpg 2000w, https:\/\/ayaneo.co\/wp-content\/uploads\/2024\/08\/AYANEO-POCKET-S-FREE-GIFTS-150x38.jpg 150w, https:\/\/ayaneo.co\/wp-content\/uploads\/2024\/08\/AYANEO-POCKET-S-FREE-GIFTS-600x150.jpg 600w, https:\/\/ayaneo.co\/wp-content\/uploads\/2024\/08\/AYANEO-POCKET-S-FREE-GIFTS-300x75.jpg 300w, https:\/\/ayaneo.co\/wp-content\/uploads\/2024\/08\/AYANEO-POCKET-S-FREE-GIFTS-1024x256.jpg 1024w, https:\/\/ayaneo.co\/wp-content\/uploads\/2024\/08\/AYANEO-POCKET-S-FREE-GIFTS-768x192.jpg 768w, https:\/\/ayaneo.co\/wp-content\/uploads\/2024\/08\/AYANEO-POCKET-S-FREE-GIFTS-1536x384.jpg 1536w, https:\/\/ayaneo.co\/wp-content\/uploads\/2024\/08\/AYANEO-POCKET-S-FREE-GIFTS-990x248.jpg 990w, https:\/\/ayaneo.co\/wp-content\/uploads\/2024\/08\/AYANEO-POCKET-S-FREE-GIFTS-441x110.jpg 441w\" sizes=\"(max-width: 2000px) 100vw, 2000px\" \/><\/p>\n[cg_accordion title=\"INFORMACE O PLATB\u011a\"]<\/p>\n<p>Pou\u017e\u00edv\u00e1me nejnov\u011bj\u0161\u00ed technologie zpracov\u00e1n\u00ed plateb, kter\u00e9 v\u00e1m umo\u017e\u0148uj\u00ed prov\u00e9st platbu prost\u0159ednictv\u00edm Apple Pay, Google Pay, va\u0161\u00ed debetn\u00ed\/kreditn\u00ed karty, PayPal nebo metod BNPL, jako jsou Klarna, Affirm nebo AfterPay, a zajistit tak rychl\u00e9 a bezpe\u010dn\u00e9 zpracov\u00e1n\u00ed.[\/cg_accordion]\n[cg_accordion title=\"Z\u00c1RUKA\"]<\/p>\n<p>1 rok z\u00e1ruky od spole\u010dnosti <a href=\"https:\/\/droix.net\/\" target=\"_blank\" rel=\"nofollow noopener\">DROIX Global<\/a> pro v\u00e1\u0161 klid na du\u0161i[\/cg_accordion]\n[cg_accordion title=\"CENY, DAN\u011a A DOPRAVA\"]<\/p>\n<p><strong><u>Pozn\u00e1mka:<\/u><\/strong><\/p>\n<ul>\n<li>Z\u00e1kazn\u00edci ze Spojen\u00fdch st\u00e1t\u016f: Z\u00e1kazn\u00edci: Zobrazen\u00e1 cena NEZAHRNUJE DAN\u011a ani cla. Odpov\u011bdnost za celn\u00ed odbaven\u00ed a zaplacen\u00ed souvisej\u00edc\u00ed dan\u011b\/celn\u00ed sazby nese z\u00e1kazn\u00edk. <\/li>\n<li>Z\u00e1kazn\u00edci z EU: V zobrazen\u00e9 cen\u011b je zahrnuta p\u0159\u00edslu\u0161n\u00e1 DA\u0147, kter\u00e1 m\u016f\u017ee \u010dinit a\u017e 25 % v z\u00e1vislosti na va\u0161\u00ed zemi.<\/li>\n<li>Z\u00e1kazn\u00edci z Kanady: V z\u00e1vislosti na va\u0161\u00ed provincii m\u016f\u017ee zobrazen\u00e1 cena zahrnovat p\u0159\u00edslu\u0161n\u00e9 dan\u011b, kter\u00e9 mohou zahrnovat 5% GST a dal\u0161\u00ed provin\u010dn\u00ed dan\u011b z prodeje (PST), harmonizovanou da\u0148 z prodeje (HST) nebo quebeckou da\u0148 z prodeje (QST).<\/li>\n<\/ul>\n<p><strong>Pouze pro z\u00e1kazn\u00edky z EU:<\/strong> Expresn\u00ed DDP (Delivered Duty Paid). To znamen\u00e1: <\/p>\n<ul>\n<li>Ve\u0161ker\u00e1 cla a dan\u011b jsou zahrnuty v cen\u011b uveden\u00e9 na str\u00e1nce produktu.<\/li>\n<li>P\u0159i doru\u010den\u00ed nemus\u00edte platit \u017e\u00e1dn\u00e9 dal\u0161\u00ed poplatky.<\/li>\n<li>Ve v\u00fdjime\u010dn\u00fdch p\u0159\u00edpadech, kdy se vyskytnou probl\u00e9my souvisej\u00edc\u00ed s celn\u00edm \u0159\u00edzen\u00edm, se n\u00e1\u0161 t\u00fdm postar\u00e1 o celn\u00ed odbaven\u00ed va\u0161\u00edm jm\u00e9nem, aby bylo doru\u010den\u00ed bezprobl\u00e9mov\u00e9.<\/li>\n<p>D\u016fle\u017eit\u00e9 informace o vr\u00e1cen\u00ed zbo\u017e\u00ed:<\/p>\n<li>Pokud se rozhodnete objedn\u00e1vku vr\u00e1tit nebo po\u017e\u00e1dat o vr\u00e1cen\u00ed pen\u011bz, m\u011bjte na pam\u011bti, \u017ee dan\u011b a cla zaplacen\u00e9 za v\u00e1s podle podm\u00ednek DDP nelze vr\u00e1tit.<\/li>\n<p>Podrobn\u00e9 informace naleznete v na\u0161ich <a href=\"https:\/\/ayaneo.co\/cs\/podminky-sluzby\/\" target=\"_blank\" rel=\"nofollow noopener\">smluvn\u00edch podm\u00ednk\u00e1ch<\/a>.\n<\/ul>\n<p>[\/cg_accordion]\n[cg_accordion title=\"Z\u00c1KAZNICK\u00c1 PODPORA\"]<\/p>\n<p>M\u00e1te dotaz? V\u00e1\u0161 probl\u00e9m vy\u0159e\u0161\u00edme kr\u00e1tkou textovou zpr\u00e1vou!<br \/>\n[\/cg_accordion]\n[cg_accordion title=\"Balen\u00ed obsahuje\"]<\/p>\n<ul>\n<li>1x AYANEO Pocket S<\/li>\n<li>1x kabel USB typu C<\/li>\n<li>1x u\u017eivatelsk\u00e1 p\u0159\u00edru\u010dka<\/li>\n<li>1x AYANEO Pocket S Pouzdro<\/li>\n<li>1x krytky JoyStick<\/li>\n<li>1x ochrann\u00fd kryt obrazovky<\/li>\n<\/ul>\n<p>[\/cg_accordion]\n","protected":false},"featured_media":30396,"template":"","meta":{"_acf_changed":false},"product_brand":[],"product_cat":[1183],"product_tag":[],"class_list":{"0":"post-18259","1":"product","2":"type-product","3":"status-publish","4":"has-post-thumbnail","6":"product_cat-android-herni-kapesni-pocitac","7":"product_shipping_class-premium","8":"pa_brand-ayaneo","9":"pa_graphics-gpu-model-adreno-a32","10":"pa_operating-system-android-13","11":"pa_processor-cpu-brand-qualcomm","13":"first","14":"instock","15":"sale","16":"taxable","17":"shipping-taxable","18":"purchasable","19":"product-type-variable","20":"has-default-attributes"},"acf":[],"_links":{"self":[{"href":"https:\/\/ayaneo.co\/cs\/wp-json\/wp\/v2\/product\/18259","targetHints":{"allow":["GET"]}}],"collection":[{"href":"https:\/\/ayaneo.co\/cs\/wp-json\/wp\/v2\/product"}],"about":[{"href":"https:\/\/ayaneo.co\/cs\/wp-json\/wp\/v2\/types\/product"}],"wp:featuredmedia":[{"embeddable":true,"href":"https:\/\/ayaneo.co\/cs\/wp-json\/wp\/v2\/media\/30396"}],"wp:attachment":[{"href":"https:\/\/ayaneo.co\/cs\/wp-json\/wp\/v2\/media?parent=18259"}],"wp:term":[{"taxonomy":"product_brand","embeddable":true,"href":"https:\/\/ayaneo.co\/cs\/wp-json\/wp\/v2\/product_brand?post=18259"},{"taxonomy":"product_cat","embeddable":true,"href":"https:\/\/ayaneo.co\/cs\/wp-json\/wp\/v2\/product_cat?post=18259"},{"taxonomy":"product_tag","embeddable":true,"href":"https:\/\/ayaneo.co\/cs\/wp-json\/wp\/v2\/product_tag?post=18259"}],"curies":[{"name":"wp","href":"https:\/\/api.w.org\/{rel}","templated":true}]}}