{"id":19221,"date":"2024-09-20T09:49:52","date_gmt":"2024-09-20T09:49:52","guid":{"rendered":"https:\/\/ayaneo.co\/product\/ayaneo-pocket-s-prislusenstvi\/"},"modified":"2025-12-09T00:25:46","modified_gmt":"2025-12-09T00:25:46","slug":"ayaneo-pocket-s-prislusenstvi","status":"publish","type":"product","link":"https:\/\/ayaneo.co\/cs\/product\/ayaneo-pocket-s-prislusenstvi\/","title":{"rendered":"AYANEO Pocket S P\u0159\u00edslu\u0161enstv\u00ed"},"content":{"rendered":"\n<p>Vylep\u0161ete sv\u016fj hern\u00ed z\u00e1\u017eitek na AYANEO Pocket S t\u00edmto nezbytn\u00fdm bal\u00ed\u010dkem p\u0159\u00edslu\u0161enstv\u00ed, kter\u00fd je navr\u017een pro ochranu, pohodl\u00ed a lep\u0161\u00ed hran\u00ed.<\/p>\n\n<ul class=\"wp-block-list\">\n<li><strong>Magnetick\u00e9 flipov\u00e9 ochrann\u00e9 pouzdro 2 v 1<\/strong>: Toto pouzdro je vyrobeno v inovativn\u00edm ergonomick\u00e9m designu a kombinuje styl a funk\u010dnost. Ochrann\u00e9 pouzdro je vybaveno magnetick\u00fdm flipov\u00fdm krytem, kter\u00fd zaji\u0161\u0165uje za\u0159\u00edzen\u00ed a z\u00e1rove\u0148 umo\u017e\u0148uje snadn\u00fd p\u0159\u00edstup. Protiskluzov\u00e1 textura zaji\u0161\u0165uje pevn\u00e9 uchopen\u00ed a velk\u00e1 rukoje\u0165 nab\u00edz\u00ed pohodln\u00e9 dr\u017een\u00ed p\u0159i dlouh\u00fdch hern\u00edch seanc\u00edch. A\u0165 u\u017e jste doma nebo na cest\u00e1ch, toto ochrann\u00e9 pouzdro je dokonal\u00fdm spole\u010dn\u00edkem, kter\u00fd ochr\u00e1n\u00ed v\u00e1\u0161 AYANEO Pocket S p\u0159ed ka\u017edodenn\u00edm opot\u0159eben\u00edm.   <\/li>\n\n\n\n<li><strong>Ochrann\u00fd kryt obrazovky<\/strong>: Chra\u0148te obrazovku vysoce kvalitn\u00edm, mimo\u0159\u00e1dn\u011b pr\u016fhledn\u00fdm ochrann\u00fdm krytem obrazovky. Je navr\u017een tak, aby odol\u00e1val \u0161kr\u00e1banc\u016fm, \u0161mouh\u00e1m a otisk\u016fm prst\u016f, a zaji\u0161\u0165uje, \u017ee v\u00e1\u0161 displej z\u016fstane stejn\u011b \u017eiv\u00fd a citliv\u00fd jako d\u0159\u00edve. Jeho snadno aplikovateln\u00e1 konstrukce zaru\u010duje instalaci bez bublinek, tak\u017ee obrazovka z\u016fstane nedot\u010den\u00e1 a z\u00e1rove\u0148 bude zachov\u00e1na citlivost na dotyk pro plynul\u00e9 a nep\u0159eru\u0161ovan\u00e9 hran\u00ed.  <\/li>\n\n\n\n<li><strong>Rukojeti pro palce<\/strong>: Zlep\u0161ete sv\u00e9 ovl\u00e1d\u00e1n\u00ed pomoc\u00ed prvot\u0159\u00eddn\u00edch rukojet\u00ed pro palce. Tyto silikonov\u00e9 kryty pro analogov\u00e9 p\u00e1\u010dky nab\u00edzej\u00ed vynikaj\u00edc\u00ed p\u0159ilnavost a p\u0159esnost a pom\u00e1haj\u00ed v\u00e1m udr\u017eet kontrolu i v t\u011bch nejintenzivn\u011bj\u0161\u00edch hern\u00edch momentech. Tyto gripy na palce jsou navr\u017eeny tak, aby sni\u017eovaly \u00fanavu a zvy\u0161ovaly pohodl\u00ed, a umo\u017e\u0148uj\u00ed p\u0159esn\u011bj\u0161\u00ed pohyby, \u010d\u00edm\u017e v\u00e1m poskytuj\u00ed pot\u0159ebnou konkuren\u010dn\u00ed v\u00fdhodu.  <\/li>\n<\/ul>\n\n<p>Tato sada p\u0159\u00edslu\u0161enstv\u00ed zaji\u0161\u0165uje, \u017ee v\u00e1\u0161 AYANEO Pocket S z\u016fstane chr\u00e1n\u011bn\u00fd a p\u0159ipraven\u00fd k akci, a z\u00e1rove\u0148 zlep\u0161uje hern\u00ed z\u00e1\u017eitek d\u00edky ergonomick\u00fdm vylep\u0161en\u00edm.<\/p>\n","protected":false},"excerpt":{"rendered":"[cg_accordion title=\"INFORMACE O PLATB\u011a\"]<\/p>\n<p>Pou\u017e\u00edv\u00e1me nejnov\u011bj\u0161\u00ed technologie zpracov\u00e1n\u00ed plateb, kter\u00e9 v\u00e1m umo\u017e\u0148uj\u00ed prov\u00e9st platbu prost\u0159ednictv\u00edm Apple Pay, Google Pay, va\u0161\u00ed debetn\u00ed\/kreditn\u00ed karty, PayPal nebo metod BNPL, jako jsou Klarna, Affirm nebo AfterPay, a zajistit tak rychl\u00e9 a bezpe\u010dn\u00e9 zpracov\u00e1n\u00ed.[\/cg_accordion]\n[cg_accordion title=\"Z\u00c1RUKA\"]<\/p>\n<p>1 rok z\u00e1ruky od spole\u010dnosti <a href=\"https:\/\/droix.net\/\" target=\"_blank\" rel=\"nofollow noopener\">DROIX Global<\/a> pro v\u00e1\u0161 klid na du\u0161i[\/cg_accordion]\n[cg_accordion title=\"CENY, DAN\u011a A DOPRAVA\"]<\/p>\n<p><strong><u>Pozn\u00e1mka:<\/u><\/strong><\/p>\n<ul>\n<li>Z\u00e1kazn\u00edci ze Spojen\u00fdch st\u00e1t\u016f: Z\u00e1kazn\u00edci: Zobrazen\u00e1 cena NEZAHRNUJE DAN\u011a ani cla. Odpov\u011bdnost za celn\u00ed odbaven\u00ed a zaplacen\u00ed souvisej\u00edc\u00ed dan\u011b\/celn\u00ed sazby nese z\u00e1kazn\u00edk. <\/li>\n<li>Z\u00e1kazn\u00edci z EU: V zobrazen\u00e9 cen\u011b je zahrnuta p\u0159\u00edslu\u0161n\u00e1 DA\u0147, kter\u00e1 m\u016f\u017ee \u010dinit a\u017e 25 % v z\u00e1vislosti na va\u0161\u00ed zemi.<\/li>\n<li>Z\u00e1kazn\u00edci z Kanady: V z\u00e1vislosti na va\u0161\u00ed provincii m\u016f\u017ee zobrazen\u00e1 cena zahrnovat p\u0159\u00edslu\u0161n\u00e9 dan\u011b, kter\u00e9 mohou zahrnovat 5% GST a dal\u0161\u00ed provin\u010dn\u00ed dan\u011b z prodeje (PST), harmonizovanou da\u0148 z prodeje (HST) nebo quebeckou da\u0148 z prodeje (QST).<\/li>\n<\/ul>\n<p><strong>Pouze pro z\u00e1kazn\u00edky z EU:<\/strong> Expresn\u00ed DDP (Delivered Duty Paid). To znamen\u00e1: <\/p>\n<ul>\n<li>Ve\u0161ker\u00e1 cla a dan\u011b jsou zahrnuty v cen\u011b uveden\u00e9 na str\u00e1nce produktu.<\/li>\n<li>P\u0159i doru\u010den\u00ed nemus\u00edte platit \u017e\u00e1dn\u00e9 dal\u0161\u00ed poplatky.<\/li>\n<li>Ve v\u00fdjime\u010dn\u00fdch p\u0159\u00edpadech, kdy se vyskytnou probl\u00e9my souvisej\u00edc\u00ed s celn\u00edm \u0159\u00edzen\u00edm, se n\u00e1\u0161 t\u00fdm postar\u00e1 o celn\u00ed odbaven\u00ed va\u0161\u00edm jm\u00e9nem, aby bylo doru\u010den\u00ed bezprobl\u00e9mov\u00e9.<\/li>\n<p>D\u016fle\u017eit\u00e9 informace o vr\u00e1cen\u00ed zbo\u017e\u00ed:<\/p>\n<li>Pokud se rozhodnete objedn\u00e1vku vr\u00e1tit nebo po\u017e\u00e1dat o vr\u00e1cen\u00ed pen\u011bz, m\u011bjte na pam\u011bti, \u017ee dan\u011b a cla zaplacen\u00e9 za v\u00e1s podle podm\u00ednek DDP nelze vr\u00e1tit.<\/li>\n<p>Podrobn\u00e9 informace naleznete v na\u0161ich <a href=\"https:\/\/ayaneo.co\/terms-of-service-2\/\" target=\"_blank\" rel=\"nofollow noopener\">smluvn\u00edch podm\u00ednk\u00e1ch<\/a>.\n<\/ul>\n<p>[\/cg_accordion]\n[cg_accordion title=\"Z\u00c1KAZNICK\u00c1 PODPORA\"]<\/p>\n<p>M\u00e1te dotaz? V\u00e1\u0161 probl\u00e9m vy\u0159e\u0161\u00edme kr\u00e1tkou textovou zpr\u00e1vou!<br \/>\n[\/cg_accordion]\n","protected":false},"featured_media":19250,"template":"","meta":{"_acf_changed":false},"product_brand":[],"product_cat":[1147],"product_tag":[],"class_list":{"0":"post-19221","1":"product","2":"type-product","3":"status-publish","4":"has-post-thumbnail","6":"product_cat-prislusenstvi","7":"product_shipping_class-low-end","8":"pa_accessory-type-grip-cs","9":"pa_accessory-type-protective-case-cs","10":"pa_accessory-type-screen-protector-cs","11":"pa_brand-ayaneo","13":"first","14":"instock","15":"sale","16":"taxable","17":"shipping-taxable","18":"purchasable","19":"product-type-simple"},"acf":[],"_links":{"self":[{"href":"https:\/\/ayaneo.co\/cs\/wp-json\/wp\/v2\/product\/19221","targetHints":{"allow":["GET"]}}],"collection":[{"href":"https:\/\/ayaneo.co\/cs\/wp-json\/wp\/v2\/product"}],"about":[{"href":"https:\/\/ayaneo.co\/cs\/wp-json\/wp\/v2\/types\/product"}],"wp:featuredmedia":[{"embeddable":true,"href":"https:\/\/ayaneo.co\/cs\/wp-json\/wp\/v2\/media\/19250"}],"wp:attachment":[{"href":"https:\/\/ayaneo.co\/cs\/wp-json\/wp\/v2\/media?parent=19221"}],"wp:term":[{"taxonomy":"product_brand","embeddable":true,"href":"https:\/\/ayaneo.co\/cs\/wp-json\/wp\/v2\/product_brand?post=19221"},{"taxonomy":"product_cat","embeddable":true,"href":"https:\/\/ayaneo.co\/cs\/wp-json\/wp\/v2\/product_cat?post=19221"},{"taxonomy":"product_tag","embeddable":true,"href":"https:\/\/ayaneo.co\/cs\/wp-json\/wp\/v2\/product_tag?post=19221"}],"curies":[{"name":"wp","href":"https:\/\/api.w.org\/{rel}","templated":true}]}}