{"id":19227,"date":"2024-08-16T09:46:32","date_gmt":"2024-08-16T09:46:32","guid":{"rendered":"https:\/\/ayaneo.co\/product\/ayaneo-pocket-micro\/"},"modified":"2025-08-31T00:02:08","modified_gmt":"2025-08-31T00:02:08","slug":"ayaneo-pocket-micro","status":"publish","type":"product","link":"https:\/\/ayaneo.co\/cs\/product\/ayaneo-pocket-micro\/","title":{"rendered":"AYANEO Pocket Micro"},"content":{"rendered":"\n<figure class=\"wp-block-video\"><video controls=\"\" poster=\"https:\/\/droix.net\/wp-content\/uploads\/2024\/08\/AYANEO-Pocket-MICRO-announced-1.webp\" src=\"https:\/\/droix.net\/wp-content\/uploads\/2024\/08\/AYANEO-Pocket-MICRO-Gaming-Experience-&#x2014;&#x2014;-Dungreed.mp4\"><\/video><\/figure>\n\n<div class=\"wp-block-columns is-layout-flex wp-container-core-columns-is-layout-28f84493 wp-block-columns-is-layout-flex\">\n<div class=\"wp-block-column is-layout-flow wp-block-column-is-layout-flow\" style=\"flex-basis:33.33%\">\n<figure class=\"wp-block-image size-large\"><a href=\"https:\/\/droix.net\/wp-content\/uploads\/2024\/08\/AYANEO-POCKET-MICRO-MARKETING-DONE-01.jpg\" target=\"_blank\" rel=\"noopener\"><img decoding=\"async\" src=\"https:\/\/droix.net\/wp-content\/uploads\/2024\/08\/AYANEO-POCKET-MICRO-MARKETING-DONE-01-1024x1024.jpg\" alt=\"Bo&#x10D;n&#xED; pohled na AYANEO Pocket Micro v &#x10D;ern&#xE9; barv&#x11B;, kter&#xFD; ukazuje jeho tenk&#xFD; profil s viditeln&#xFD;mi tla&#x10D;&#xED;tky a v&#x11B;trac&#xED;mi otvory. Na displeji se zobrazuj&#xED; barevn&#xE9; linky. Text vpravo &#x159;&#xED;k&#xE1; &#x201E;AYANEO POCKET MICRO: Pr&#xE9;miov&#xE1; horizont&#xE1;ln&#xED; retro kapesn&#xED; konzole. K&#x159;ehk&#xE1; hra&#x10D;ka, kterou nebudete cht&#xED;t odlo&#x17E;it.&#x201C;  \" class=\"wp-image-184281\"\/><\/a><\/figure>\n<\/div>\n\n\n\n<div class=\"wp-block-column is-layout-flow wp-block-column-is-layout-flow\" style=\"flex-basis:66.66%\">\n<h3 class=\"wp-block-heading\" id=\"h-ayaneo-pocket-micro-a-premium-handheld-gaming-experience\"><strong>AYANEO Kapesn\u00ed mikrosyst\u00e9m: Pr\u00e9miov\u00fd hern\u00ed z\u00e1\u017eitek pro kapesn\u00ed po\u010d\u00edta\u010de<\/strong><\/h3>\n\n\n\n<p>AYANEO Pocket Micro p\u0159edstavuje spojen\u00ed retro estetiky s nejmodern\u011bj\u0161\u00edmi technologiemi a nab\u00edz\u00ed jedine\u010dn\u00fd hern\u00ed z\u00e1\u017eitek z kapesn\u00edho po\u010d\u00edta\u010de. Toto za\u0159\u00edzen\u00ed kombinuje kompaktn\u00ed tvar s pokro\u010dil\u00fdmi funkcemi a vych\u00e1z\u00ed vst\u0159\u00edc jak nostalgick\u00fdm hr\u00e1\u010d\u016fm, tak modern\u00edm technologick\u00fdm nad\u0161enc\u016fm. D\u00edky r\u00e1mu z hlin\u00edkov\u00e9 slitiny CNC, displeji bez okraj\u016f IPS a vysoce v\u00fdkonn\u00fdm vnit\u0159n\u00edm sou\u010d\u00e1stem p\u0159in\u00e1\u0161\u00ed Pocket Micro v\u00fdjime\u010dn\u00fd hern\u00ed z\u00e1\u017eitek ve stylov\u00e9m a odoln\u00e9m balen\u00ed.  <\/p>\n<\/div>\n<\/div>\n\n<div class=\"wp-block-columns is-layout-flex wp-container-core-columns-is-layout-28f84493 wp-block-columns-is-layout-flex\">\n<div class=\"wp-block-column is-layout-flow wp-block-column-is-layout-flow\">\n<figure class=\"wp-block-image size-large\"><a href=\"https:\/\/droix.net\/wp-content\/uploads\/2024\/08\/AYANEO-POCKET-MICRO-MARKETING-DONE-08.jpg\" target=\"_blank\" rel=\"noopener\"><img decoding=\"async\" src=\"https:\/\/droix.net\/wp-content\/uploads\/2024\/08\/AYANEO-POCKET-MICRO-MARKETING-DONE-08-1024x1024.jpg\" alt=\"Bo&#x10D;n&#xED; pohled na AYANEO Pocket Micro, kter&#xFD; ukazuje r&#xE1;m z hlin&#xED;kov&#xE9; slitiny CNC s viditeln&#xFD;mi tla&#x10D;&#xED;tky L1 a L2 a v&#x11B;trac&#xED;mi otvory. Text vyzdvihuje &#x161;pi&#x10D;kovou texturu a vynikaj&#xED;c&#xED; pocit ze za&#x159;&#xED;zen&#xED; a zmi&#x148;uje jedine&#x10D;nou kovovou texturu, proces anodick&#xE9; oxidace a vysoce odoln&#xE9; t&#x11B;lo. \" class=\"wp-image-184277\"\/><\/a><\/figure>\n\n\n\n<h3 class=\"wp-block-heading\" id=\"h-design-and-build\"><strong>N\u00e1vrh a konstrukce<\/strong><\/h3>\n\n\n\n<p>Model Pocket Micro m\u00e1 r\u00e1m z hlin\u00edkov\u00e9 slitiny CNC, kter\u00fd zaji\u0161\u0165uje vy\u0161\u0161\u00ed odolnost a prvot\u0159\u00eddn\u00ed pocit. Jeho elegantn\u00ed celoplo\u0161n\u00fd design bez okraj\u016f poskytuje pohlcuj\u00edc\u00ed z\u00e1\u017eitek ze sledov\u00e1n\u00ed. Za\u0159\u00edzen\u00ed je k dispozici v barv\u00e1ch Obsidian Black, Charm Red a Vintage Grey a vyzna\u010duje se leskl\u00fdmi sklen\u011bn\u00fdmi panely a r\u00e1mem z eloxovan\u00e9ho hlin\u00edku, co\u017e mu dod\u00e1v\u00e1 sofistikovan\u00fd, \u0161pi\u010dkov\u00fd vzhled.  <\/p>\n<\/div>\n\n\n\n<div class=\"wp-block-column is-layout-flow wp-block-column-is-layout-flow\">\n<figure class=\"wp-block-image size-large\"><a href=\"https:\/\/droix.net\/wp-content\/uploads\/2024\/08\/AYANEO-POCKET-MICRO-MARKETING-DONE-02.jpg\" target=\"_blank\" rel=\"noopener\"><img decoding=\"async\" src=\"https:\/\/droix.net\/wp-content\/uploads\/2024\/08\/AYANEO-POCKET-MICRO-MARKETING-DONE-02-1024x1024.jpg\" alt=\"Detailn&#xED; z&#xE1;b&#x11B;r na AYANEO Pocket Micro v &#x10D;ern&#xE9; barv&#x11B;, na kter&#xE9;m je vid&#x11B;t D-pad, ak&#x10D;n&#xED; tla&#x10D;&#xED;tka a obrazovka s barevn&#xFD;mi linkami. Text ve spodn&#xED; &#x10D;&#xE1;sti popisuje inovace konceptu AYANEO REMAKE a zd&#x16F;raz&#x148;uje vlastnosti, jako je 3,5&quot; obrazovka 640P, r&#xE1;m z CNC hlin&#xED;kov&#xE9; slitiny a vynikaj&#xED;c&#xED; &#x159;emesln&#xE9; zpracov&#xE1;n&#xED;. V lev&#xE9;m horn&#xED;m rohu je vid&#x11B;t logo &quot;REMAKE&quot;. \" class=\"wp-image-184278\"\/><\/a><\/figure>\n\n\n\n<h3 class=\"wp-block-heading\" id=\"h-display\"><strong>Zobrazit<\/strong><\/h3>\n\n\n\n<p>Za\u0159\u00edzen\u00ed je vybaveno 3,5palcov\u00fdm displejem bez okraj\u016f IPS s rozli\u0161en\u00edm 960 x 640 a pom\u011brem stran 3:2. D\u00edky hustot\u011b pixel\u016f 330 PPI a 100% pokryt\u00ed sRGB poskytuje displej \u017eiv\u00fd obraz ve vysok\u00e9m rozli\u0161en\u00ed. \u010cty\u0159n\u00e1sobn\u00e9 nativn\u00ed rozli\u0161en\u00ed GBA zaji\u0161\u0165uje, \u017ee klasick\u00e9 hry si zachovaj\u00ed jasnost a barvy bez zkreslen\u00ed.  <\/p>\n<\/div>\n\n\n\n<div class=\"wp-block-column is-layout-flow wp-block-column-is-layout-flow\">\n<figure class=\"wp-block-image size-large\"><a href=\"https:\/\/droix.net\/wp-content\/uploads\/2024\/08\/AYANEO-POCKET-MICRO-MARKETING-DONE-13.jpg\" target=\"_blank\" rel=\"noopener\"><img decoding=\"async\" src=\"https:\/\/droix.net\/wp-content\/uploads\/2024\/08\/AYANEO-POCKET-MICRO-MARKETING-DONE-13-1024x1024.jpg\" alt=\"Grafika p&#x159;edstavuj&#xED;c&#xED; procesor MediaTek Helio G99 v telefonu AYANEO Pocket Micro. Textov&#xE9; r&#xE1;me&#x10D;ky upozor&#x148;uj&#xED; na osmij&#xE1;drov&#xFD; procesor, kter&#xFD; dok&#xE1;&#x17E;e spustit hry pro PS2, aktivn&#xED; chlazen&#xED; pro dlouh&#xE9; hran&#xED; a v&#xFD;dr&#x17E; baterie a&#x17E; 6 hodin. Logo Helio G99 je v&#xFD;razn&#x11B; zobrazeno na barevn&#xE9;m pozad&#xED;.  \" class=\"wp-image-184267\"\/><\/a><\/figure>\n\n\n\n<h3 class=\"wp-block-heading\" id=\"h-performance\"><strong>V\u00fdkon<\/strong><\/h3>\n\n\n\n<p>Pocket Micro je poh\u00e1n\u011bn procesorem MediaTek Helio G99 a zaji\u0161\u0165uje plynul\u00e9 hran\u00ed a\u017e her pro PS2. Je vybaven pam\u011bt\u00ed LPDDR4X 4266 Mb\/s a nab\u00edz\u00ed dv\u011b mo\u017enosti ukl\u00e1d\u00e1n\u00ed: 6 GB + 128 GB nebo 8 GB + 256 GB. Tato konfigurace nab\u00edz\u00ed dostatek prostoru pro r\u016fznorodou hern\u00ed knihovnu p\u0159i zachov\u00e1n\u00ed vysok\u00e9ho v\u00fdkonu.  <\/p>\n<\/div>\n<\/div>\n\n<div class=\"wp-block-columns is-layout-flex wp-container-core-columns-is-layout-28f84493 wp-block-columns-is-layout-flex\">\n<div class=\"wp-block-column is-layout-flow wp-block-column-is-layout-flow\">\n<figure class=\"wp-block-image size-large\"><a href=\"https:\/\/droix.net\/wp-content\/uploads\/2024\/08\/AYANEO-POCKET-MICRO-MARKETING-DONE-15.jpg\" target=\"_blank\" rel=\"noopener\"><img decoding=\"async\" src=\"https:\/\/droix.net\/wp-content\/uploads\/2024\/08\/AYANEO-POCKET-MICRO-MARKETING-DONE-15-1024x1024.jpg\" alt=\"Ruce dr&#x17E;&#xED;c&#xED; AYANEO Pocket Micro, na kter&#xFD;ch je vid&#x11B;t zadn&#xED; strana za&#x159;&#xED;zen&#xED; s ramenn&#xED;mi tla&#x10D;&#xED;tky a v&#x11B;trac&#xED;mi otvory. N&#xED;&#x17E;e je sch&#xE9;ma p&#x159;edn&#xED; strany za&#x159;&#xED;zen&#xED;, kter&#xE9; zobrazuje rozlo&#x17E;en&#xED; tla&#x10D;&#xED;tek a obrazovku. Text popisuje jedine&#x10D;n&#xFD; design tla&#x10D;&#xED;tek a kreativn&#xED; hmatov&#xFD; z&#xE1;&#x17E;itek, v&#x10D;etn&#x11B; podrobnost&#xED; o ramenn&#xED;ch tla&#x10D;&#xED;tk&#xE1;ch L1, L2, R1, R2 a k&#x159;&#xED;&#x17E;ov&#xFD;ch kl&#xED;&#x10D;ov&#xFD;ch funkc&#xED;ch.  \" class=\"wp-image-184279\"\/><\/a><\/figure>\n\n\n\n<h3 class=\"wp-block-heading\" id=\"h-controls-and-features\"><strong>Ovl\u00e1d\u00e1n\u00ed a funkce<\/strong><\/h3>\n\n\n\n<p>Za\u0159\u00edzen\u00ed m\u00e1 inovativn\u00ed uspo\u0159\u00e1d\u00e1n\u00ed ovl\u00e1dac\u00edch prvk\u016f, kter\u00e9 zaji\u0161\u0165uje pohodl\u00ed a rychlou odezvu. Obsahuje halov\u00e9 joysticky, ramenn\u00ed kl\u00e1vesy L1\/L2\/R1\/R2 s r\u016fznou v\u00fd\u0161kou a tla\u010d\u00edtko pro p\u0159ep\u00edn\u00e1n\u00ed klepnut\u00edm. Dal\u0161\u00ed ovl\u00e1dac\u00ed prvky zahrnuj\u00ed hlavn\u00ed v\u0161estrannou rukoje\u0165, line\u00e1rn\u00ed motor v ose X pro vibra\u010dn\u00ed zp\u011btnou vazbu a \u0161estios\u00fd gyroskop pro lep\u0161\u00ed ovl\u00e1d\u00e1n\u00ed her.  <\/p>\n<\/div>\n\n\n\n<div class=\"wp-block-column is-layout-flow wp-block-column-is-layout-flow\">\n<figure class=\"wp-block-image size-large\"><a href=\"https:\/\/droix.net\/wp-content\/uploads\/2024\/08\/AYANEO-POCKET-MICRO-MARKETING-DONE-16.jpg\" target=\"_blank\" rel=\"noopener\"><img decoding=\"async\" src=\"https:\/\/droix.net\/wp-content\/uploads\/2024\/08\/AYANEO-POCKET-MICRO-MARKETING-DONE-16-1024x1024.jpg\" alt=\"Detailn&#xED; z&#xE1;b&#x11B;r na ruce dr&#x17E;&#xED;c&#xED; AYANEO Pocket Micro, na obrazovce se zobrazuje hra &#x201E;Balatro&#x201C;. Naho&#x159;e ikony p&#x159;edstavuj&#xED; funkce p&#x159;ipojen&#xED;: dvoup&#xE1;smov&#xE9; WiFi 5 a BT 5.2, rozhran&#xED; USB typu C a slot na kartu Micro SD se stru&#x10D;n&#xFD;m popisem v&#xFD;hod ka&#x17E;d&#xE9; funkce. \" class=\"wp-image-184269\"\/><\/a><\/figure>\n\n\n\n<h3 class=\"wp-block-heading\" id=\"h-connectivity-and-software\"><strong>P\u0159ipojen\u00ed a software<\/strong><\/h3>\n\n\n\n<p>Pocket Micro b\u011b\u017e\u00ed na webu Android 13 a podporuje dvoup\u00e1smovou WiFi 5 a Bluetooth 5.2 pro spolehliv\u00e9 bezdr\u00e1tov\u00e9 p\u0159ipojen\u00ed. Je vybaven portem USB typu C s podporou USB 2.0 OTG a slotem pro kartu Micro SD (SD 3.0) pro roz\u0161\u00ed\u0159en\u00ed \u00falo\u017ei\u0161t\u011b. Za\u0159\u00edzen\u00ed se spravuje prost\u0159ednictv\u00edm AYASpace Management Front-end a AYAHome Desktop Launcher, co\u017e zaji\u0161\u0165uje u\u017eivatelsky p\u0159\u00edv\u011btiv\u00e9 prost\u0159ed\u00ed.  <\/p>\n<\/div>\n\n\n\n<div class=\"wp-block-column is-layout-flow wp-block-column-is-layout-flow\">\n<figure class=\"wp-block-image size-large\"><a href=\"https:\/\/droix.net\/wp-content\/uploads\/2024\/08\/AYANEO-POCKET-MICRO-MARKETING-DONE-14.jpg\" target=\"_blank\" rel=\"noopener\"><img decoding=\"async\" src=\"https:\/\/droix.net\/wp-content\/uploads\/2024\/08\/AYANEO-POCKET-MICRO-MARKETING-DONE-14-1024x1024.jpg\" alt=\"Elegantn&#xED; &#x10D;ern&#xE9; kapesn&#xED; hern&#xED; za&#x159;&#xED;zen&#xED; AYANEO Pocket Micro zobrazen&#xE9; pod &#xFA;hlem, kter&#xFD; zd&#x16F;raz&#x148;uje jeho tenk&#xFD; profil a rozlo&#x17E;en&#xED; tla&#x10D;&#xED;tek. Dole jsou ikony p&#x159;edstavuj&#xED;c&#xED; r&#x16F;zn&#xE9; funkce, jako je zam&#x11B;&#x159;ov&#xE1;n&#xED; pomoc&#xED; gyroskopu, vysoce p&#x159;esn&#xE9; joysticky a mo&#x17E;nosti p&#x159;izp&#x16F;soben&#xED; tla&#x10D;&#xED;tek. \" class=\"wp-image-184268\"\/><\/a><\/figure>\n\n\n\n<h3 class=\"wp-block-heading\" id=\"h-innovative-button-design\"><strong>Inovativn\u00ed design tla\u010d\u00edtek<\/strong><\/h3>\n\n\n\n<p>Pocket Micro m\u00e1 jedine\u010dn\u00e9 rozlo\u017een\u00ed tla\u010d\u00edtek s k\u0159\u00ed\u017eov\u00fdmi kl\u00e1vesami a tla\u010d\u00edtky ABXY vyu\u017e\u00edvaj\u00edc\u00edmi technologii vodiv\u00e9ho lepidla pro hladkou hmatovou odezvu. Ramenn\u00ed kl\u00e1vesy jsou navr\u017eeny pro vysokofrekven\u010dn\u00ed pou\u017eit\u00ed, p\u0159i\u010dem\u017e prost\u0159ednictv\u00edm aplikace AYASpace je k dispozici p\u0159izp\u016fsobiteln\u00e1 v\u00fdm\u011bna hodnot kl\u00e1ves. <\/p>\n<\/div>\n<\/div>\n\n<h3 class=\"wp-block-heading\" id=\"h-battery-and-cooling\"><strong>Baterie a chlazen\u00ed<\/strong><\/h3>\n\n<p>Pocket Micro obsahuje baterii s kapacitou 2600 mAh, kter\u00e1 vydr\u017e\u00ed a\u017e 6 hodin nep\u0159etr\u017eit\u00e9ho hran\u00ed. Pokro\u010dil\u00fd syst\u00e9m aktivn\u00edho rozptylu tepla chlazen\u00fd vzduchem pom\u00e1h\u00e1 zabr\u00e1nit sni\u017eov\u00e1n\u00ed v\u00fdkonu p\u0159i del\u0161\u00edm hran\u00ed a zaji\u0161\u0165uje konzistentn\u00ed v\u00fdkon. <\/p>\n\n<h3 class=\"wp-block-heading\" id=\"h-additional-features\"><strong>Dal\u0161\u00ed funkce<\/strong><\/h3>\n\n<p>Za\u0159\u00edzen\u00ed integruje biometrick\u00e9 ov\u011b\u0159ov\u00e1n\u00ed pomoc\u00ed nap\u00e1jec\u00edho kl\u00ed\u010de se zvukov\u00fdm rozpozn\u00e1v\u00e1n\u00edm otisk\u016f prst\u016f. Nab\u00edz\u00ed tak\u00e9 zvukov\u00e9 vibrace SoundTAP Magic Sound Vibration, vibrace Xinput Vibration, re\u017eimy v\u00fdkonu s v\u00edce sc\u00e9nami a p\u0159izp\u016fsobiteln\u00e9 mapov\u00e1n\u00ed kl\u00e1ves pro personalizovan\u00fd hern\u00ed z\u00e1\u017eitek. <\/p>\n\n<h3 class=\"wp-block-heading\" id=\"h-visual-appeal\"><strong>Vizu\u00e1ln\u00ed p\u0159ita\u017elivost<\/strong><\/h3>\n\n<p>Pocket Micro je navr\u017een tak, aby byl vizu\u00e1ln\u011b n\u00e1padn\u00fd, m\u00e1 tenk\u00fd profil a estetiku inspirovanou retro stylem. Jeho \u017eiv\u00fd displej a vysoce kvalitn\u00ed kovov\u00e1 textura umoc\u0148uj\u00ed jeho vzhled a \u010din\u00ed z n\u011bj atraktivn\u00ed volbu pro sb\u011bratele i hr\u00e1\u010de. <\/p>\n\n<h3 class=\"wp-block-heading\" id=\"h-conclusion\">Z\u00e1v\u011br<\/h3>\n\n<p>AYANEO Pocket Micro je pe\u010dliv\u011b zpracovan\u00e1 kapesn\u00ed konzole, kter\u00e1 kombinuje retro \u0161arm s modern\u00ed funk\u010dnost\u00ed. Jej\u00ed promy\u0161len\u00fd design a vysoce kvalitn\u00ed konstrukce zaji\u0161\u0165uj\u00ed v\u00fdjime\u010dn\u00fd hern\u00ed z\u00e1\u017eitek v kompaktn\u00edm a stylov\u00e9m balen\u00ed. A\u0165 u\u017e se vrac\u00edte ke klasick\u00fdm hr\u00e1m, nebo objevujete nov\u00e9, Pocket Micro p\u0159edstavuje \u00fachvatn\u00fd dopln\u011bk ka\u017ed\u00e9 hern\u00ed sestavy.  <\/p>\n","protected":false},"excerpt":{"rendered":"<ul>\n<li>Procesor: MediaTek <strong>Helio G99<\/strong><\/li>\n<li>Zobrazen\u00ed: 3,5&#8243; <strong>bez r\u00e1me\u010dk\u016f<\/strong> <strong> IPS<\/strong><\/li>\n<li>Opera\u010dn\u00ed pam\u011b\u0165: A\u017e <strong>8 GB<\/strong> LPDDR4X @ <strong>4266 MT\/s<\/strong><\/li>\n<li>Skladov\u00e1n\u00ed: A\u017e <strong>256 GB<\/strong> UFS 2.2<\/li>\n<li>P\u0159ipojen\u00ed: Podpora Wi-Fi <strong>5<\/strong> a Bluetooth <strong>5.2<\/strong> <\/li>\n<\/ul>\n<p><img fetchpriority=\"high\" decoding=\"async\" src=\"https:\/\/ayaneo.co\/wp-content\/uploads\/2024\/08\/MICRO-GIFTS-NEW-NOGRIPS.jpg\" alt=\"Vedle textu s n\u00e1pisem \"\u010cern\u00e9 ochrann\u00e9 pouzdro a mal\u00e1 obd\u00e9ln\u00edkov\u00e1 krabi\u010dka (pravd\u011bpodobn\u011b ochrana obrazovky)\" je zobrazen text s n\u00e1pisem  \" free=\"\" gifts=\"\" protective=\"\" case=\"\" screen=\"\" protector=\"\" automatically=\"\" added=\"\" to=\"\" cart.=\"\" the=\"\" box=\"\" has=\"\" pocket=\"\" micro=\"\" visible=\"\" on=\"\" it.=\"\" width=\"550\" height=\"140\" class=\"alignnone size-full wp-image-24520\" srcset=\"https:\/\/ayaneo.co\/wp-content\/uploads\/2024\/08\/MICRO-GIFTS-NEW-NOGRIPS.jpg 550w, https:\/\/ayaneo.co\/wp-content\/uploads\/2024\/08\/MICRO-GIFTS-NEW-NOGRIPS-300x76.jpg 300w, https:\/\/ayaneo.co\/wp-content\/uploads\/2024\/08\/MICRO-GIFTS-NEW-NOGRIPS-441x112.jpg 441w, https:\/\/ayaneo.co\/wp-content\/uploads\/2024\/08\/MICRO-GIFTS-NEW-NOGRIPS-150x38.jpg 150w\" sizes=\"(max-width: 550px) 100vw, 550px\" \/><\/p>\n[cg_accordion title=\"INFORMACE O PLATB\u011a\"]<\/p>\n<p>Pou\u017e\u00edv\u00e1me nejnov\u011bj\u0161\u00ed technologie zpracov\u00e1n\u00ed plateb, kter\u00e9 v\u00e1m umo\u017e\u0148uj\u00ed prov\u00e9st platbu prost\u0159ednictv\u00edm Apple Pay, Google Pay, va\u0161\u00ed debetn\u00ed\/kreditn\u00ed karty, PayPal nebo metod BNPL, jako jsou Klarna, Affirm nebo AfterPay, a zajistit tak rychl\u00e9 a bezpe\u010dn\u00e9 zpracov\u00e1n\u00ed.[\/cg_accordion]\n[cg_accordion title=\"Z\u00c1RUKA\"]<\/p>\n<p>1 rok z\u00e1ruky od spole\u010dnosti <a href=\"https:\/\/droix.net\/\" target=\"_blank\" rel=\"nofollow noopener\">DROIX Global<\/a> pro v\u00e1\u0161 klid na du\u0161i[\/cg_accordion]\n[cg_accordion title=\"CENY, DAN\u011a A DOPRAVA\"]<\/p>\n<p><strong><u>Pozn\u00e1mka:<\/u><\/strong><\/p>\n<ul>\n<li>Z\u00e1kazn\u00edci ze Spojen\u00fdch st\u00e1t\u016f: Z\u00e1kazn\u00edci: Zobrazen\u00e1 cena NEZAHRNUJE DAN\u011a ani cla. Odpov\u011bdnost za celn\u00ed odbaven\u00ed a zaplacen\u00ed souvisej\u00edc\u00ed dan\u011b\/celn\u00ed sazby nese z\u00e1kazn\u00edk. <\/li>\n<li>Z\u00e1kazn\u00edci z EU: V zobrazen\u00e9 cen\u011b je zahrnuta p\u0159\u00edslu\u0161n\u00e1 DA\u0147, kter\u00e1 m\u016f\u017ee \u010dinit a\u017e 25 % v z\u00e1vislosti na va\u0161\u00ed zemi.<\/li>\n<li>Z\u00e1kazn\u00edci z Kanady: V z\u00e1vislosti na va\u0161\u00ed provincii m\u016f\u017ee zobrazen\u00e1 cena zahrnovat p\u0159\u00edslu\u0161n\u00e9 dan\u011b, kter\u00e9 mohou zahrnovat 5% GST a dal\u0161\u00ed provin\u010dn\u00ed dan\u011b z prodeje (PST), harmonizovanou da\u0148 z prodeje (HST) nebo quebeckou da\u0148 z prodeje (QST).<\/li>\n<\/ul>\n<p><strong>Pouze pro z\u00e1kazn\u00edky z EU:<\/strong> Expresn\u00ed DDP (Delivered Duty Paid). To znamen\u00e1: <\/p>\n<ul>\n<li>Ve\u0161ker\u00e1 cla a dan\u011b jsou zahrnuty v cen\u011b uveden\u00e9 na str\u00e1nce produktu.<\/li>\n<li>P\u0159i doru\u010den\u00ed nemus\u00edte platit \u017e\u00e1dn\u00e9 dal\u0161\u00ed poplatky.<\/li>\n<li>Ve v\u00fdjime\u010dn\u00fdch p\u0159\u00edpadech, kdy se vyskytnou probl\u00e9my souvisej\u00edc\u00ed s celn\u00edm \u0159\u00edzen\u00edm, se n\u00e1\u0161 t\u00fdm postar\u00e1 o celn\u00ed odbaven\u00ed va\u0161\u00edm jm\u00e9nem, aby bylo doru\u010den\u00ed bezprobl\u00e9mov\u00e9.<\/li>\n<p>D\u016fle\u017eit\u00e9 informace o vr\u00e1cen\u00ed zbo\u017e\u00ed:<\/p>\n<li>Pokud se rozhodnete objedn\u00e1vku vr\u00e1tit nebo po\u017e\u00e1dat o vr\u00e1cen\u00ed pen\u011bz, m\u011bjte na pam\u011bti, \u017ee dan\u011b a cla zaplacen\u00e9 za v\u00e1s podle podm\u00ednek DDP nelze vr\u00e1tit.<\/li>\n<p>Podrobn\u00e9 informace naleznete v na\u0161ich <a href=\"https:\/\/ayaneo.co\/cs\/podminky-sluzby\/\" target=\"_blank\" rel=\"nofollow noopener\">smluvn\u00edch podm\u00ednk\u00e1ch<\/a>.\n<\/ul>\n<p>[\/cg_accordion]\n[cg_accordion title=\"Z\u00c1KAZNICK\u00c1 PODPORA\"]<\/p>\n<p>M\u00e1te dotaz? V\u00e1\u0161 probl\u00e9m vy\u0159e\u0161\u00edme kr\u00e1tkou textovou zpr\u00e1vou!<br \/>\n[\/cg_accordion]\n[cg_accordion title=\"Balen\u00ed obsahuje\"]<\/p>\n<ul>\n<li>1x AYANEO Pocket Micro<\/li>\n<li>1x kabel USB typu C<\/li>\n<li>1x u\u017eivatelsk\u00e1 p\u0159\u00edru\u010dka<\/li>\n<\/ul>\n<p>[\/cg_accordion]\n","protected":false},"featured_media":19251,"template":"","meta":{"_acf_changed":false},"product_brand":[],"product_cat":[1183],"product_tag":[],"class_list":{"0":"post-19227","1":"product","2":"type-product","3":"status-publish","4":"has-post-thumbnail","6":"product_cat-android-herni-kapesni-pocitac","7":"product_shipping_class-standard","8":"pa_brand-ayaneo","9":"pa_graphics-gpu-model-g57","10":"pa_operating-system-android-13","11":"pa_processor-cpu-brand-mediatek","13":"first","14":"outofstock","15":"taxable","16":"shipping-taxable","17":"purchasable","18":"product-type-variable","19":"has-default-attributes"},"acf":[],"_links":{"self":[{"href":"https:\/\/ayaneo.co\/cs\/wp-json\/wp\/v2\/product\/19227","targetHints":{"allow":["GET"]}}],"collection":[{"href":"https:\/\/ayaneo.co\/cs\/wp-json\/wp\/v2\/product"}],"about":[{"href":"https:\/\/ayaneo.co\/cs\/wp-json\/wp\/v2\/types\/product"}],"wp:featuredmedia":[{"embeddable":true,"href":"https:\/\/ayaneo.co\/cs\/wp-json\/wp\/v2\/media\/19251"}],"wp:attachment":[{"href":"https:\/\/ayaneo.co\/cs\/wp-json\/wp\/v2\/media?parent=19227"}],"wp:term":[{"taxonomy":"product_brand","embeddable":true,"href":"https:\/\/ayaneo.co\/cs\/wp-json\/wp\/v2\/product_brand?post=19227"},{"taxonomy":"product_cat","embeddable":true,"href":"https:\/\/ayaneo.co\/cs\/wp-json\/wp\/v2\/product_cat?post=19227"},{"taxonomy":"product_tag","embeddable":true,"href":"https:\/\/ayaneo.co\/cs\/wp-json\/wp\/v2\/product_tag?post=19227"}],"curies":[{"name":"wp","href":"https:\/\/api.w.org\/{rel}","templated":true}]}}