{"id":28476,"date":"2025-07-15T11:52:07","date_gmt":"2025-07-15T11:52:07","guid":{"rendered":"https:\/\/ayaneo.co\/?post_type=product&#038;p=28476"},"modified":"2025-12-09T00:24:08","modified_gmt":"2025-12-09T00:24:08","slug":"ayaneo-krytky-rukojeti-pocket-micro-dmg-thumb-stick-zvysene-pohodli-a-ovladani-copy","status":"publish","type":"product","link":"https:\/\/ayaneo.co\/cs\/product\/ayaneo-krytky-rukojeti-pocket-micro-dmg-thumb-stick-zvysene-pohodli-a-ovladani-copy\/","title":{"rendered":"AYANEO Pocket S, AIR &amp; SLIDE Krytky na palec - zv\u00fd\u0161en\u00e9 pohodl\u00ed a ovl\u00e1d\u00e1n\u00ed!"},"content":{"rendered":"\n<p><strong>Vylep\u0161ete sv\u016fj hern\u00ed z\u00e1\u017eitek s krytkami na palec AYANEO Pocket S, AIR &amp; SLIDE!<\/strong>  Tyto krytky rukojeti, navr\u017een\u00e9 pro p\u0159esnost, pohodl\u00ed a odolnost, poskytuj\u00ed lep\u0161\u00ed ovl\u00e1d\u00e1n\u00ed a lep\u0161\u00ed \u00fachop a zaji\u0161\u0165uj\u00ed plynulej\u0161\u00ed hran\u00ed pro za\u0159\u00edzen\u00ed AYANEO Pocket S, AIR a SLIDE.<\/p>\n\n<h2 class=\"wp-block-heading\"><strong>Kl\u00ed\u010dov\u00e9 vlastnosti:<\/strong><\/h2>\n\n<p><strong>Vylep\u0161en\u00fd \u00fachop a ovl\u00e1d\u00e1n\u00ed -<\/strong> rozlu\u010dte se s kluzk\u00fdmi palci! Vychutnejte si zv\u00fd\u0161enou p\u0159esnost p\u0159i ka\u017ed\u00e9m pohybu na AYANEO Pocket S, AIR nebo SLIDE. <\/p>\n\n<p><strong>Pohodln\u00fd a ergonomick\u00fd design<\/strong> - M\u011bkk\u00fd materi\u00e1l na dotek sni\u017euje n\u00e1mahu b\u011bhem dlouh\u00fdch hern\u00edch seanc\u00ed.  <\/p>\n\n<p><strong>Materi\u00e1l prvot\u0159\u00eddn\u00ed kvality -<\/strong> Odoln\u00fd, vysoce kvalitn\u00ed silikon zaji\u0161\u0165uje dlouhotrvaj\u00edc\u00ed v\u00fdkon.  <\/p>\n\n<p><strong>Snadn\u00e1 instalace a bezpe\u010dn\u00e9 uchycen\u00ed -<\/strong> Navr\u017eeno speci\u00e1ln\u011b pro AYANEO Pocket S, AIR &amp; SLIDE, co\u017e zaji\u0161\u0165uje pevn\u00e9 a neklouzav\u00e9 uchycen\u00ed.  <\/p>\n\n<p><strong>Stylov\u00e9 a funk\u010dn\u00ed<\/strong> - dod\u00e1v\u00e1 elegantn\u00ed estetick\u00fd vzhled a z\u00e1rove\u0148 chr\u00e1n\u00ed palce p\u0159ed opot\u0159eben\u00edm.  <\/p>\n\n<p>Posu\u0148te sv\u016fj hern\u00ed z\u00e1\u017eitek z AYANEO na vy\u0161\u0161\u00ed \u00farove\u0148 s t\u011bmito nezbytn\u00fdmi krytkami na rukojeti!  <\/p>\n\n<p><\/p>\n","protected":false},"excerpt":{"rendered":"<ul>\n<li><strong>Ofici\u00e1ln\u00ed<\/strong> krytky rukojet\u00ed palc\u016f <strong>AYANEO<\/strong> Pocket S, AIR &amp; SLIDE<\/li>\n<li><strong>Lep\u0161\u00ed \u00fachop a ovl\u00e1d\u00e1n\u00ed<\/strong> - Zlep\u0161uje p\u0159esnost a ovladatelnost.<\/li>\n<li><strong>M\u011bkk\u00e9 a pohodln\u00e9<\/strong> - sni\u017euj\u00ed \u00fanavu p\u0159i del\u0161\u00edm hran\u00ed.<\/li>\n<li><strong>Odoln\u00fd silikonov\u00fd materi\u00e1l<\/strong> - dlouhotrvaj\u00edc\u00ed a odoln\u00fd proti opot\u0159eben\u00ed.<\/li>\n<li><strong>Perfektn\u00ed p\u0159izp\u016fsoben\u00ed -<\/strong> navr\u017eeno v\u00fdhradn\u011b pro AYANEO Pocket S, AIR &amp; SLIDE.<\/li>\n<\/ul>\n[cg_accordion title=\"INFORMACE O PLATB\u011a\"]<\/p>\n<p>Pou\u017e\u00edv\u00e1me nejnov\u011bj\u0161\u00ed technologie zpracov\u00e1n\u00ed plateb, kter\u00e9 v\u00e1m umo\u017e\u0148uj\u00ed prov\u00e9st platbu prost\u0159ednictv\u00edm Apple Pay, Google Pay, va\u0161\u00ed debetn\u00ed\/kreditn\u00ed karty, PayPal nebo metod BNPL, jako je Klarna, Affirm nebo AfterPay, a zajistit tak rychl\u00e9 a bezpe\u010dn\u00e9 zpracov\u00e1n\u00ed.[\/cg_accordion]\n[cg_accordion title=\"Z\u00c1RUKA\"]<\/p>\n<p>1 rok z\u00e1ruky od spole\u010dnosti <a href=\"https:\/\/droix.net\/\" target=\"_blank\" rel=\"nofollow noopener\">DROIX Global pro<\/a> v\u00e1\u0161 klid.[\/cg_accordion]\n[cg_accordion title=\"ZAJI\u0160T\u011aN\u00cd KVALITY A P\u0158EDEXPEDI\u010cN\u00cd TESTOV\u00c1N\u00cd\"]<\/p>\n<p>Zaji\u0161t\u011bn\u00ed spokojenosti z\u00e1kazn\u00edk\u016f na nejvy\u0161\u0161\u00ed \u00farovni: P\u0159ed odesl\u00e1n\u00edm proch\u00e1z\u00ed ka\u017ed\u00e9 za\u0159\u00edzen\u00ed p\u0159\u00edsn\u00fdm testov\u00e1n\u00edm a v\u00edcebodovou kontrolou kvality. N\u00e1\u0161 specializovan\u00fd t\u00fdm ov\u011b\u0159uje v\u00fdkon, funk\u010dnost a integritu komponent, aby bylo zaru\u010deno, \u017ee va\u0161e za\u0159\u00edzen\u00ed AYANEO bude p\u0159i p\u0159\u00edchodu v perfektn\u00edm stavu, co\u017e v\u00e1m poskytne jistotu a klid. [\/cg_accordion]\n[cg_accordion title=\"CENY, DAN\u011a A DOPRAVA\"]<\/p>\n<p><strong><u>Pozn\u00e1mka:<\/u><\/strong><\/p>\n<ul>\n<li>Z\u00e1kazn\u00edci ze Spojen\u00fdch st\u00e1t\u016f: Z\u00e1kazn\u00edci: Zobrazen\u00e1 cena NEZAHRNUJE DAN\u011a ani cla. Odpov\u011bdnost za celn\u00ed odbaven\u00ed a zaplacen\u00ed souvisej\u00edc\u00ed dan\u011b\/celn\u00ed sazby nese z\u00e1kazn\u00edk. <\/li>\n<li>Z\u00e1kazn\u00edci z EU: V zobrazen\u00e9 cen\u011b je zahrnuta p\u0159\u00edslu\u0161n\u00e1 DA\u0147, kter\u00e1 m\u016f\u017ee \u010dinit a\u017e 25 % v z\u00e1vislosti na va\u0161\u00ed zemi.<\/li>\n<li>Z\u00e1kazn\u00edci z Kanady: V z\u00e1vislosti na va\u0161\u00ed provincii m\u016f\u017ee zobrazen\u00e1 cena zahrnovat p\u0159\u00edslu\u0161n\u00e9 dan\u011b, kter\u00e9 mohou zahrnovat 5% GST a dal\u0161\u00ed provin\u010dn\u00ed dan\u011b z prodeje (PST), harmonizovanou da\u0148 z prodeje (HST) nebo quebeckou da\u0148 z prodeje (QST).<\/li>\n<\/ul>\n<p><strong>Pouze pro z\u00e1kazn\u00edky z EU:<\/strong> Expresn\u00ed DDP (Delivered Duty Paid). To znamen\u00e1: <\/p>\n<ul>\n<li>Ve\u0161ker\u00e1 cla a dan\u011b jsou zahrnuty v cen\u011b uveden\u00e9 na str\u00e1nce produktu.<\/li>\n<li>P\u0159i doru\u010den\u00ed nemus\u00edte platit \u017e\u00e1dn\u00e9 dal\u0161\u00ed poplatky.<\/li>\n<li>Ve v\u00fdjime\u010dn\u00fdch p\u0159\u00edpadech, kdy se vyskytnou probl\u00e9my souvisej\u00edc\u00ed s celn\u00edm \u0159\u00edzen\u00edm, se n\u00e1\u0161 t\u00fdm postar\u00e1 o celn\u00ed odbaven\u00ed va\u0161\u00edm jm\u00e9nem, aby bylo doru\u010den\u00ed bezprobl\u00e9mov\u00e9.<\/li>\n<p>D\u016fle\u017eit\u00e9 informace o vr\u00e1cen\u00ed zbo\u017e\u00ed:<\/p>\n<li>Pokud se rozhodnete objedn\u00e1vku vr\u00e1tit nebo po\u017e\u00e1dat o vr\u00e1cen\u00ed pen\u011bz, m\u011bjte na pam\u011bti, \u017ee dan\u011b a cla zaplacen\u00e9 za v\u00e1s podle podm\u00ednek DDP nelze vr\u00e1tit.<\/li>\n<p>Podrobn\u00e9 informace naleznete v na\u0161ich <a href=\"https:\/\/ayaneo.co\/cs\/podminky-sluzby\/\" target=\"_blank\" rel=\"nofollow noopener\">smluvn\u00edch podm\u00ednk\u00e1ch<\/a>.\n<\/ul>\n<p>[\/cg_accordion]\n[cg_accordion title=\"Z\u00c1KAZNICK\u00c1 PODPORA\"]<\/p>\n<p>M\u00e1te dotaz? V\u00e1\u0161 probl\u00e9m vy\u0159e\u0161\u00edme kr\u00e1tkou textovou zpr\u00e1vou! [\/cg_accordion]\n[cg_accordion title=\"BAL\u00cd\u010cEK OBSAHUJE\"]<\/p>\n<ul>\n<li>1x AYANEO Pocket S, AIR &amp; SLIDE Krytky rukojeti pro palec<\/li>\n<\/ul>\n<p>[\/cg_accordion]\n","protected":false},"featured_media":28489,"template":"","meta":{"_acf_changed":false},"product_brand":[],"product_cat":[1147],"product_tag":[],"class_list":{"0":"post-28476","1":"product","2":"type-product","3":"status-publish","4":"has-post-thumbnail","6":"product_cat-prislusenstvi","7":"product_shipping_class-low-end","9":"first","10":"instock","11":"sale","12":"taxable","13":"shipping-taxable","14":"purchasable","15":"product-type-simple"},"acf":[],"_links":{"self":[{"href":"https:\/\/ayaneo.co\/cs\/wp-json\/wp\/v2\/product\/28476","targetHints":{"allow":["GET"]}}],"collection":[{"href":"https:\/\/ayaneo.co\/cs\/wp-json\/wp\/v2\/product"}],"about":[{"href":"https:\/\/ayaneo.co\/cs\/wp-json\/wp\/v2\/types\/product"}],"wp:featuredmedia":[{"embeddable":true,"href":"https:\/\/ayaneo.co\/cs\/wp-json\/wp\/v2\/media\/28489"}],"wp:attachment":[{"href":"https:\/\/ayaneo.co\/cs\/wp-json\/wp\/v2\/media?parent=28476"}],"wp:term":[{"taxonomy":"product_brand","embeddable":true,"href":"https:\/\/ayaneo.co\/cs\/wp-json\/wp\/v2\/product_brand?post=28476"},{"taxonomy":"product_cat","embeddable":true,"href":"https:\/\/ayaneo.co\/cs\/wp-json\/wp\/v2\/product_cat?post=28476"},{"taxonomy":"product_tag","embeddable":true,"href":"https:\/\/ayaneo.co\/cs\/wp-json\/wp\/v2\/product_tag?post=28476"}],"curies":[{"name":"wp","href":"https:\/\/api.w.org\/{rel}","templated":true}]}}