{"id":29311,"date":"2025-01-20T12:04:53","date_gmt":"2025-01-20T12:04:53","guid":{"rendered":"https:\/\/ayaneo.co\/product\/ayaneo-next\/"},"modified":"2025-08-01T10:28:40","modified_gmt":"2025-08-01T10:28:40","slug":"ayaneo-next","status":"publish","type":"product","link":"https:\/\/ayaneo.co\/cs\/product\/ayaneo-next\/","title":{"rendered":"AYANEO NEXT"},"content":{"rendered":"\n<figure class=\"wp-block-image\"><img decoding=\"async\" src=\"https:\/\/droix.net\/wp-content\/uploads\/2022\/01\/product-overview-1024x584.png\" alt=\"\" title=\"AYA NEO NEXT 1\" \/><\/figure>\n\n<h2 class=\"wp-block-heading\">Konzole AMD Ryzen Zen 3<\/h2>\n\n<p>Hrub\u00fd v\u00fdkon a\u017e 4,5 GHz<\/p>\n\n<p>Co se t\u00fd\u010de v\u00fdkonu zpracov\u00e1n\u00ed, nen\u00ed AYANEO Next PC Gaming Handheld na gau\u010di \u017e\u00e1dn\u00fdm propad\u00e1kem.<\/p>\n\n<p>&#8222;V\u00fdkon&#8220; zaji\u0161\u0165uje procesor AMD Ryzen 7 5825U zalo\u017een\u00fd na nejnov\u011bj\u0161\u00ed architektu\u0159e ZEN 3. Ten zaji\u0161\u0165uje plynul\u00fd hern\u00ed z\u00e1\u017eitek p\u0159i zachov\u00e1n\u00ed minim\u00e1ln\u00ed spot\u0159eby baterie. APU Ryzen 7, kter\u00fd se nach\u00e1z\u00ed v modelu AYANEO Next, je zalo\u017een na 7nm litografii FinFET spole\u010dnosti TSMC.  <\/p>\n\n<p>Procesor 5825U Ryzen 7 je osmij\u00e1drov\u00fd procesor s 16 vl\u00e1kny. M\u016f\u017ee b\u011b\u017eet v klidu na frekvenci 2,0 GHz a p\u0159i velk\u00e9m zat\u00ed\u017een\u00ed zv\u00fd\u0161it frekvenci a\u017e na 4,5 GHz. Ve spojen\u00ed se softwarem AYA Space m\u016f\u017eete nakonfigurovat TDP kapesn\u00edho po\u010d\u00edta\u010de AYANEO Next a\u017e na 32 W pro je\u0161t\u011b vy\u0161\u0161\u00ed v\u00fdkon.  <\/p>\n\n<p>Va\u0161e hry budou ve srovn\u00e1n\u00ed s nejnov\u011bj\u0161\u00ed generac\u00ed hern\u00edch konzol\u00ed PC v\u00fdrazn\u011b rychlej\u0161\u00ed.  <\/p>\n\n<p>Na palub\u011b najdete tak\u00e9 16 GB dvoukan\u00e1lov\u00e9 opera\u010dn\u00ed pam\u011bti LPDDR4x, kter\u00e1 udr\u017e\u00ed krok se st\u00e1le rostouc\u00edmi n\u00e1roky syst\u00e9mu. Kdy\u017e u\u017e jsme u syst\u00e9mov\u00fdch n\u00e1rok\u016f, k dispozici jsou dv\u011b mo\u017enosti \u00falo\u017ei\u0161t\u011b: 1 TB a 2 TB - to v\u00e1m zajist\u00ed dostatek m\u00edsta pro nejnov\u011bj\u0161\u00ed po\u010d\u00edta\u010dov\u00e9 hry. (D\u00edv\u00e1me se na tebe, Call of Duty) j  <\/p>\n\n<figure class=\"wp-block-image\"><img decoding=\"async\" src=\"https:\/\/droix.net\/wp-content\/uploads\/elementor\/thumbs\/processor-q8z5das1ql6n9ve6zhwvyxoict8wyvevo2ttgvwkqo.png\" alt=\"procesor\" title=\"procesor\" \/><\/figure>\n\n<h2 class=\"wp-block-heading\">AYANEO Dal\u0161\u00ed GPU AMD<\/h2>\n\n<p>Hrajte nejnov\u011bj\u0161\u00ed hry AAA<\/p>\n\n<p>Grafika AMD v notebooku AYANEO Next je ide\u00e1ln\u00ed pro hran\u00ed her na cest\u00e1ch. V hern\u00ed komunit\u011b je dob\u0159e zn\u00e1mo, \u017ee spole\u010dnost AMD v\u011bnuje mimo\u0159\u00e1dn\u00e9 \u00fasil\u00ed integraci a kompatibilit\u011b s nejnov\u011bj\u0161\u00edmi hrami na trhu. <\/p>\n\n<p>Grafick\u00e1 \u010dipov\u00e1 sada AYANEO Next je v porovn\u00e1n\u00ed se starou generac\u00ed grafiky AMD o 17 % rychlej\u0161\u00ed v benchmarc\u00edch. Ve spojen\u00ed se softwarem AYA Space, kter\u00fd umo\u017e\u0148uje ovl\u00e1dat TDP konzole, a skv\u011bl\u00fdm \u0159e\u0161en\u00edm chlazen\u00ed je AYANEO Next hern\u00ed bestie. <\/p>\n\n<h2 class=\"wp-block-heading\">Odv\u00e1\u017en\u00fd a jasn\u00fd<\/h2>\n\n<p>7\u2033 IPS-Monitor<\/p>\n\n<p>P\u0159i hran\u00ed her nen\u00ed rychlost a FPS v\u0161e (dob\u0159e, je to asi 90 % z\u00e1\u017eitku), ale velmi d\u016fle\u017eit\u00e9 je m\u00e9dium, prost\u0159ednictv\u00edm kter\u00e9ho z\u00e1\u017eitek vst\u0159eb\u00e1v\u00e1te.<\/p>\n\n<p>Proto je AYANEO Next vybaven kr\u00e1sn\u00fdm dotykov\u00fdm displejem H-IPS s rozli\u0161en\u00edm 1280*800.<\/p>\n\n<figure class=\"wp-block-image\"><img decoding=\"async\" src=\"https:\/\/droix.net\/wp-content\/uploads\/2022\/01\/AYANEO-NEXT-BRIGHT-WHITE-MARKETING-PICTURE-2-scaled.jpg\" alt=\"AYANEO-NEXT-BRIGHT-WHITE-MARKETING-PICTURE-2\" title=\"AYA NEO NEXT 2\" \/><\/figure>\n\n<figure class=\"wp-block-image\"><img decoding=\"async\" src=\"https:\/\/droix.net\/wp-content\/uploads\/2022\/01\/AYANEO-NEXT-JET-BLACK-MARKETING-PICTURE-2-scaled.jpg\" alt=\"AYANEO-NEXT-JET-BLACK-MARKETING-PICTURE-2\" title=\"AYA NEO NEXT 3\" \/><\/figure>\n\n<figure class=\"wp-block-image\"><img decoding=\"async\" src=\"https:\/\/droix.net\/wp-content\/uploads\/2022\/01\/AYANEO-NEXT-MIDNIGHT-BLUE-MARKETING-PICTURE-4-scaled.jpg\" alt=\"AYANEO-NEXT-MIDNIGHT-BLUE-MARKETING-PICTURE-4\" title=\"AYA NEO NEXT 4\" \/><\/figure>\n\n<figure class=\"wp-block-image\"><img decoding=\"async\" src=\"https:\/\/droix.net\/wp-content\/uploads\/2022\/01\/AYANEO-NEXT-PASTEL-BLUE-MARKETING-PICTURE-7-scaled.jpg\" alt=\"AYANEO-NEXT-PASTEL-BLUE-MARKETING-PICTURE-7\" title=\"AYA NEO NEXT 5\" \/><\/figure>\n\n<h2 class=\"wp-block-heading\">Hry od A do Z<\/h2>\n\n<p>Hern\u00ed kapesn\u00ed po\u010d\u00edta\u010d AYANEO Next PC spl\u0148uje v\u0161echny po\u017eadavky - je vybaven t\u00edm nejlep\u0161\u00edm hardwarem, aby va\u0161e hran\u00ed bylo co nejpohodln\u011bj\u0161\u00ed.<\/p>\n\n<figure class=\"wp-block-image\"><img decoding=\"async\" src=\"https:\/\/droix.net\/wp-content\/uploads\/2022\/01\/high-quality-build.png\" alt=\"\" title=\"AYA NEO NEXT 6\" \/><\/figure>\n\n<figure class=\"wp-block-image\"><img decoding=\"async\" src=\"https:\/\/droix.net\/wp-content\/uploads\/2022\/01\/shoulder-buttons.png\" alt=\"\" title=\"AYA NEO NEXT 7\" \/><\/figure>\n\n<figure class=\"wp-block-image\"><img decoding=\"async\" src=\"https:\/\/droix.net\/wp-content\/uploads\/2022\/01\/fingerprint.png\" alt=\"\" title=\"AYA NEO NEXT 8\" \/><\/figure>\n","protected":false},"excerpt":{"rendered":"<ul>\n<li>AMD\u00ae <strong>Ryzen\u2122 7 5825U s<\/strong> grafikou AMD Radeon\u2122 Vega 8<\/li>\n<li><strong>16 GB dvoukan\u00e1lov\u00e9<\/strong> pam\u011bti LPDDR4x @ 4266 MHz<\/li>\n<li><strong>2TB\/2TB vysokorychlostn\u00ed<\/strong> SSD PCI-E NVMe<\/li>\n<li><strong>7\u2033<\/strong> dotykov\u00fd displej <strong>H-IPS<\/strong> <\/li>\n<li><strong>Podpora<\/strong> <strong>WiFi 6 IEEE<\/strong> a <strong>Bluetooth 5.2<\/strong> <\/li>\n<\/ul>\n[cg_accordion title=\"INFORMACE O PLATB\u011a\"]<\/p>\n<p>Pou\u017e\u00edv\u00e1me nejnov\u011bj\u0161\u00ed technologie zpracov\u00e1n\u00ed plateb, kter\u00e9 v\u00e1m umo\u017e\u0148uj\u00ed prov\u00e9st platbu prost\u0159ednictv\u00edm Apple Pay, Google Pay, va\u0161\u00ed debetn\u00ed\/kreditn\u00ed karty, PayPal nebo metod BNPL, jako jsou Klarna, Affirm nebo AfterPay, a zajistit tak rychl\u00e9 a bezpe\u010dn\u00e9 zpracov\u00e1n\u00ed.[\/cg_accordion]\n[cg_accordion title=\"Z\u00c1RUKA\"]<\/p>\n<p>1 rok z\u00e1ruky od spole\u010dnosti <a href=\"https:\/\/droix.net\/\" target=\"_blank\" rel=\"nofollow noopener\">DROIX Global<\/a> pro v\u00e1\u0161 klid na du\u0161i[\/cg_accordion]\n[cg_accordion title=\"CENY, DAN\u011a A DOPRAVA\"]<\/p>\n<p><strong><u>Pozn\u00e1mka:<\/u><\/strong><\/p>\n<ul>\n<li>Z\u00e1kazn\u00edci ze Spojen\u00fdch st\u00e1t\u016f: Z\u00e1kazn\u00edci: Zobrazen\u00e1 cena NEZAHRNUJE DAN\u011a ani cla. Odpov\u011bdnost za celn\u00ed odbaven\u00ed a zaplacen\u00ed souvisej\u00edc\u00ed dan\u011b\/celn\u00ed sazby nese z\u00e1kazn\u00edk. <\/li>\n<li>Z\u00e1kazn\u00edci z EU: V zobrazen\u00e9 cen\u011b je zahrnuta p\u0159\u00edslu\u0161n\u00e1 DA\u0147, kter\u00e1 m\u016f\u017ee \u010dinit a\u017e 25 % v z\u00e1vislosti na va\u0161\u00ed zemi.<\/li>\n<li>Z\u00e1kazn\u00edci z Kanady: V z\u00e1vislosti na va\u0161\u00ed provincii m\u016f\u017ee zobrazen\u00e1 cena zahrnovat p\u0159\u00edslu\u0161n\u00e9 dan\u011b, kter\u00e9 mohou zahrnovat 5% GST a dal\u0161\u00ed provin\u010dn\u00ed dan\u011b z prodeje (PST), harmonizovanou da\u0148 z prodeje (HST) nebo quebeckou da\u0148 z prodeje (QST).<\/li>\n<\/ul>\n<p><strong>Pouze pro z\u00e1kazn\u00edky z EU:<\/strong> Expresn\u00ed DDP (Delivered Duty Paid). To znamen\u00e1: <\/p>\n<ul>\n<li>Ve\u0161ker\u00e1 cla a dan\u011b jsou zahrnuty v cen\u011b uveden\u00e9 na str\u00e1nce produktu.<\/li>\n<li>P\u0159i doru\u010den\u00ed nemus\u00edte platit \u017e\u00e1dn\u00e9 dal\u0161\u00ed poplatky.<\/li>\n<li>Ve v\u00fdjime\u010dn\u00fdch p\u0159\u00edpadech, kdy se vyskytnou probl\u00e9my souvisej\u00edc\u00ed s celn\u00edm \u0159\u00edzen\u00edm, se n\u00e1\u0161 t\u00fdm postar\u00e1 o celn\u00ed odbaven\u00ed va\u0161\u00edm jm\u00e9nem, aby bylo doru\u010den\u00ed bezprobl\u00e9mov\u00e9.<\/li>\n<p>D\u016fle\u017eit\u00e9 informace o vr\u00e1cen\u00ed zbo\u017e\u00ed:<\/p>\n<li>Pokud se rozhodnete objedn\u00e1vku vr\u00e1tit nebo po\u017e\u00e1dat o vr\u00e1cen\u00ed pen\u011bz, m\u011bjte na pam\u011bti, \u017ee dan\u011b a cla zaplacen\u00e9 za v\u00e1s podle podm\u00ednek DDP nelze vr\u00e1tit.<\/li>\n<p>Podrobn\u00e9 informace naleznete v na\u0161ich <a href=\"https:\/\/ayaneo.co\/terms-of-service-2\/\" target=\"_blank\" rel=\"nofollow noopener\">smluvn\u00edch podm\u00ednk\u00e1ch<\/a>.\n<\/ul>\n<p>[\/cg_accordion]\n[cg_accordion title=\"Z\u00c1KAZNICK\u00c1 PODPORA\"]<\/p>\n<p>M\u00e1te dotaz? V\u00e1\u0161 probl\u00e9m vy\u0159e\u0161\u00edme kr\u00e1tkou textovou zpr\u00e1vou!<br \/>\n[\/cg_accordion]\n[cg_accordion title=\"Balen\u00ed obsahuje\"]<\/p>\n<ul>\n<li>1x AYANEO NEXT<\/li>\n<li>1x kabel USB typu C<\/li>\n<li>1x u\u017eivatelsk\u00e1 p\u0159\u00edru\u010dka<\/li>\n<\/ul>\n<p>[\/cg_accordion]\n","protected":false},"featured_media":29312,"template":"","meta":{"_acf_changed":false},"product_brand":[],"product_cat":[1169],"product_tag":[],"class_list":{"0":"post-29311","1":"product","2":"type-product","3":"status-publish","4":"has-post-thumbnail","6":"product_cat-kapesni-herni-pocitace","7":"product_shipping_class-premium","8":"pa_brand-ayaneo","9":"pa_graphics-gpu-model-radeon-graphics","10":"pa_operating-system-windows-11-home","11":"pa_processor-cpu-brand-amd","13":"first","14":"outofstock","15":"sale","16":"taxable","17":"shipping-taxable","18":"purchasable","19":"product-type-variable","20":"has-default-attributes"},"acf":[],"_links":{"self":[{"href":"https:\/\/ayaneo.co\/cs\/wp-json\/wp\/v2\/product\/29311","targetHints":{"allow":["GET"]}}],"collection":[{"href":"https:\/\/ayaneo.co\/cs\/wp-json\/wp\/v2\/product"}],"about":[{"href":"https:\/\/ayaneo.co\/cs\/wp-json\/wp\/v2\/types\/product"}],"wp:featuredmedia":[{"embeddable":true,"href":"https:\/\/ayaneo.co\/cs\/wp-json\/wp\/v2\/media\/29312"}],"wp:attachment":[{"href":"https:\/\/ayaneo.co\/cs\/wp-json\/wp\/v2\/media?parent=29311"}],"wp:term":[{"taxonomy":"product_brand","embeddable":true,"href":"https:\/\/ayaneo.co\/cs\/wp-json\/wp\/v2\/product_brand?post=29311"},{"taxonomy":"product_cat","embeddable":true,"href":"https:\/\/ayaneo.co\/cs\/wp-json\/wp\/v2\/product_cat?post=29311"},{"taxonomy":"product_tag","embeddable":true,"href":"https:\/\/ayaneo.co\/cs\/wp-json\/wp\/v2\/product_tag?post=29311"}],"curies":[{"name":"wp","href":"https:\/\/api.w.org\/{rel}","templated":true}]}}