{"id":44738,"date":"2026-02-03T13:07:54","date_gmt":"2026-02-03T13:07:54","guid":{"rendered":"https:\/\/ayaneo.co\/product\/biwin-mini-ssd\/"},"modified":"2026-02-12T09:55:44","modified_gmt":"2026-02-12T09:55:44","slug":"biwin-mini-ssd","status":"publish","type":"product","link":"https:\/\/ayaneo.co\/cs\/product\/biwin-mini-ssd\/","title":{"rendered":"BIWIN Mini SSD"},"content":{"rendered":"\n<h2 class=\"wp-block-heading\">BIWIN Mini SSD: Nov\u00e1 \u00e9ra v\u00fdkonu \u00falo\u017ei\u0161t\u011b<\/h2>\n\n<p>Ve vysoce konkuren\u010dn\u00edm sv\u011bt\u011b p\u0159enosn\u00fdch \u00falo\u017ei\u0161\u0165 <strong>je<\/strong> BIWIN <strong>Mini SSD<\/strong> opravdovou \u0161pi\u010dkou, kter\u00e1 nab\u00edz\u00ed elitn\u00ed v\u00fdkon a odolnost, je\u017e uspokoj\u00ed ka\u017ed\u00e9ho n\u00e1ro\u010dn\u00e9ho u\u017eivatele. Toto za\u0159\u00edzen\u00ed je vyj\u00e1d\u0159en\u00edm nekompromisn\u00ed rychlosti a p\u0159edstavuje skok vp\u0159ed v technologii ultrakompaktn\u00edch \u00falo\u017ei\u0161\u0165. BIWIN Mini SSD je z\u00e1zrakem designu a v\u00fdkonu, kter\u00fd nab\u00edz\u00ed datov\u00e9 z\u00e1\u017eitky na \u00farovni vlajkov\u00e9 lodi, bezkonkuren\u010dn\u00ed p\u0159enosnost a sadu inovativn\u00edch funkc\u00ed, kter\u00e9 jej \u0159ad\u00ed na \u0161pi\u010dku trhu. Tento disk byl vytvo\u0159en pro profesion\u00e1ly a nad\u0161ence, kte\u0159\u00ed vy\u017eaduj\u00ed elitn\u00ed rychlost a pr\u00e9miov\u00e9 \u0159e\u0161en\u00ed s bohatou v\u00fdbavou, a bo\u0159\u00ed tak hranice pr\u00e1ce s daty na cest\u00e1ch.   <\/p>\n\n<p>Disk BIWIN Mini SSD je tit\u00e1nem inovac\u00ed v oblasti \u0161pi\u010dkov\u00fdch kompaktn\u00edch \u00falo\u017en\u00fdch za\u0159\u00edzen\u00ed. D\u00edky \u0161pi\u010dkov\u00e9 <strong>technologii<\/strong> <strong>PCIe Gen4x2 a<\/strong> <strong>NVMe 1.4<\/strong> poskytuje Mini SSD dechberouc\u00ed v\u00fdkon s rychlost\u00ed sekven\u010dn\u00edho \u010dten\u00ed a\u017e 3 700 MB\/s <strong>a rychlost\u00ed z\u00e1pisu a\u017e<\/strong> 3 400 MB\/s. Tato rychlost p\u0159ekon\u00e1v\u00e1 v\u00fdkonnostn\u00ed strop tradi\u010dn\u00edch karet microSD a stav\u00ed SSD Mini do pozice vynikaj\u00edc\u00ed vysokorychlostn\u00ed n\u00e1hrady. Tento v\u00fdkon je ulo\u017een v ultrakompaktn\u00edm t\u011ble o rozm\u011brech pouh\u00fdch <strong>15,0 mm \u00d7 17,0 mm \u00d7 1,4 mm, co\u017e je mo\u017en\u00e9 d\u00edky pokro\u010dil\u00e9mu<\/strong> <a href=\"https:\/\/en.wikipedia.org\/wiki\/Land_grid_array\" target=\"_blank\" rel=\"noopener nofollow\" title=\"\">balen\u00ed LGA (Land Grid Array) .<\/a>    <\/p>\n\n<p><strong>SSD Mini<\/strong> je k dispozici ve velkokapacitn\u00edch variant\u00e1ch <strong>512 GB, 1 TB a 2 TB a<\/strong> poskytuje v\u00fdjime\u010dn\u00fd \u00falo\u017en\u00fd prostor pro n\u00e1ro\u010dn\u00e9 pracovn\u00ed \u00falohy <strong>,<\/strong> jako je cloudov\u00e1 spolupr\u00e1ce a zpracov\u00e1n\u00ed dat v re\u00e1ln\u00e9m \u010dase.<\/p>\n\n<h2 class=\"wp-block-heading\"><strong>Pozn\u00e1mka k v\u00fdkonu kapesn\u00edho po\u010d\u00edta\u010de<\/strong><\/h2>\n\n<p>Pro u\u017eivatele specifick\u00fdch hostitelsk\u00fdch za\u0159\u00edzen\u00ed je d\u016fle\u017eit\u00e9 si uv\u011bdomit, \u017ee a\u010dkoli SSD Mini nab\u00edz\u00ed \u0161pi\u010dkovou teoretickou rychlost 3700 MB\/s, jeho re\u00e1ln\u00fd v\u00fdkon bude omezen specifikacemi slotu hostitelsk\u00e9ho za\u0159\u00edzen\u00ed. Nap\u0159\u00edklad p\u0159i instalaci do kompatibiln\u00edch hern\u00edch kapesn\u00edch po\u010d\u00edta\u010d\u016f je rychlost disku obvykle omezena, proto\u017ee za\u0159\u00edzen\u00ed pou\u017e\u00edv\u00e1 <strong>konfiguraci<\/strong> mini PCIe 4&#215;1 <strong>(nam\u00edsto<\/strong> pln\u00e9 specifikace 4&#215;2). Na z\u00e1klad\u011b test\u016f CrystalDiskMark mohou u\u017eivatel\u00e9 o\u010dek\u00e1vat pr\u016fm\u011brn\u00e9 rychlosti \u010dten\u00ed a z\u00e1pisu kolem 1 700 <strong>MB\/s.<\/strong> To st\u00e1le zaji\u0161\u0165uje spolehliv\u00fd, vysokorychlostn\u00ed v\u00fdkon daleko p\u0159evy\u0161uj\u00edc\u00ed alternativy microSD, i kdy\u017e nemus\u00ed odr\u00e1\u017eet absolutn\u00ed maxim\u00e1ln\u00ed teoretick\u00fd potenci\u00e1l disku.   <\/p>\n\n<p>Za\u0159\u00edzen\u00ed je navr\u017eeno pro nekompromisn\u00ed spolehlivost a m\u00e1 robustn\u00ed konstrukci s <strong>kryt\u00edm<\/strong> IP68 <strong>pro komplexn\u00ed<\/strong> ochranu proti prachu a vod\u011b, tak\u017ee vydr\u017e\u00ed i ty nejn\u00e1ro\u010dn\u011bj\u0161\u00ed podm\u00ednky. \u00da\u017easnou spolehlivost dat zaji\u0161\u0165uje pokro\u010dil\u00fd firmware v\u010detn\u011b dynamick\u00e9ho ukl\u00e1d\u00e1n\u00ed do mezipam\u011bti SLC a vyrovn\u00e1v\u00e1n\u00ed opot\u0159eben\u00ed, zat\u00edmco jeho odolnost je pos\u00edlena balen\u00edm LGA, kter\u00e9 umo\u017e\u0148uje p\u0159e\u017e\u00edt p\u00e1d z v\u00fd\u0161ky a\u017e 3 metr\u016f. D\u00edky v\u0161estrann\u00e9mu modul\u00e1rn\u00edmu proveden\u00ed slot\u016f se jedn\u00e1 o odoln\u00e9ho a na budoucnost p\u0159ipraven\u00e9ho spole\u010dn\u00edka pro aplikace v mobiln\u00edch za\u0159\u00edzen\u00edch, hern\u00edch handheldech (nap\u0159\u00edklad GPD WIN 5 a ONEXPLAYER Super X) a edge computingu.  <\/p>\n","protected":false},"excerpt":{"rendered":"\n<ul>\n<li>Rozhran\u00ed: <strong>PCIe Gen4x2 s<\/strong> protokolem **NVMe 1.4**<\/li>\n<li>Form\u00e1ln\u00ed faktor: <strong>(<\/strong> 15,0 mm \u00d7 17,0 mm \u00d7 1,4 mm)<\/li>\n<li>V\u00fdkonnost: A\u017e **3 700 MB\/s p\u0159i \u010dten\u00ed** \/ a\u017e **3 400 MB\/s p\u0159i z\u00e1pisu**<\/li>\n<li>Kapacita: 512 GB, 1 TB nebo 2 TB 3D TLC NAND<\/li>\n<li>Odolnost: <strong>IP68<\/strong> Odolnost proti <strong>prachu<\/strong> a vod\u011b \/ **p\u00e1d z v\u00fd\u0161ky 3 metr\u016f** P\u0159e\u017eit\u00ed<\/li>\n<li>Technologie: Dynamick\u00e1 mezipam\u011b\u0165 **SLC Caching** a **Wear Leveling**<\/li>\n<\/ul>\n[cg_accordion title=\"INFORMACE O PLATB\u011a\"]<\/p>\n<p>Pou\u017e\u00edv\u00e1me nejnov\u011bj\u0161\u00ed technologie zpracov\u00e1n\u00ed plateb, kter\u00e9 v\u00e1m umo\u017e\u0148uj\u00ed prov\u00e9st platbu prost\u0159ednictv\u00edm Apple Pay, Google Pay, va\u0161\u00ed debetn\u00ed\/kreditn\u00ed karty, PayPal nebo metod BNPL, jako je Klarna, Affirm nebo AfterPay, a zajistit tak rychl\u00e9 a bezpe\u010dn\u00e9 zpracov\u00e1n\u00ed.[\/cg_accordion]\n[cg_accordion title=\"Z\u00c1RUKA\"]<\/p>\n<p>1 rok z\u00e1ruky od spole\u010dnosti <a href=\"https:\/\/droix.net\/\" target=\"_blank\" rel=\"nofollow noopener\">DROIX Global pro<\/a> v\u00e1\u0161 klid.[\/cg_accordion]\n[cg_accordion title=\"ZAJI\u0160T\u011aN\u00cd KVALITY A P\u0158EDEXPEDI\u010cN\u00cd TESTOV\u00c1N\u00cd\"]<\/p>\n<p>Zaji\u0161t\u011bn\u00ed spokojenosti z\u00e1kazn\u00edk\u016f na nejvy\u0161\u0161\u00ed \u00farovni: P\u0159ed odesl\u00e1n\u00edm proch\u00e1z\u00ed ka\u017ed\u00e9 za\u0159\u00edzen\u00ed p\u0159\u00edsn\u00fdm testov\u00e1n\u00edm a v\u00edcebodovou kontrolou kvality. N\u00e1\u0161 specializovan\u00fd t\u00fdm ov\u011b\u0159uje v\u00fdkon, funk\u010dnost a integritu komponent, aby bylo zaru\u010deno, \u017ee va\u0161e za\u0159\u00edzen\u00ed AYANEO bude p\u0159i p\u0159\u00edchodu v perfektn\u00edm stavu, co\u017e v\u00e1m poskytne jistotu a klid. [\/cg_accordion]\n[cg_accordion title=\"CENY, DAN\u011a A DOPRAVA\"]<\/p>\n<p><strong><u>Pozn\u00e1mka:<\/u><\/strong><\/p>\n<ul>\n<li>Z\u00e1kazn\u00edci ze Spojen\u00fdch st\u00e1t\u016f: Z\u00e1kazn\u00edci: Zobrazen\u00e1 cena NEZAHRNUJE DAN\u011a ani cla. Odpov\u011bdnost za celn\u00ed odbaven\u00ed a zaplacen\u00ed souvisej\u00edc\u00ed dan\u011b\/celn\u00ed sazby nese z\u00e1kazn\u00edk. <\/li>\n<li>Z\u00e1kazn\u00edci z EU: V zobrazen\u00e9 cen\u011b je zahrnuta p\u0159\u00edslu\u0161n\u00e1 DA\u0147, kter\u00e1 m\u016f\u017ee \u010dinit a\u017e 25 % v z\u00e1vislosti na va\u0161\u00ed zemi.<\/li>\n<li>Z\u00e1kazn\u00edci z Kanady: V z\u00e1vislosti na va\u0161\u00ed provincii m\u016f\u017ee zobrazen\u00e1 cena zahrnovat p\u0159\u00edslu\u0161n\u00e9 dan\u011b, kter\u00e9 mohou zahrnovat 5% GST a dal\u0161\u00ed provin\u010dn\u00ed dan\u011b z prodeje (PST), harmonizovanou da\u0148 z prodeje (HST) nebo quebeckou da\u0148 z prodeje (QST).<\/li>\n<\/ul>\n<p>Pro na\u0161e z\u00e1kazn\u00edky v USA: Objedn\u00e1vky jsou odes\u00edl\u00e1ny DAP (Delivered At Place). Z\u00e1kazn\u00edci jsou sice zodpov\u011bdn\u00ed za \u00fahradu v\u0161ech platn\u00fdch tarif\u016f, ale my \u010derp\u00e1me z na\u0161ich bohat\u00fdch zku\u0161enost\u00ed s p\u0159epravou ze Spojen\u00e9ho kr\u00e1lovstv\u00ed, abychom zajistili, \u017ee zaplat\u00edte co nejmen\u0161\u00ed poplatky. Podle na\u0161ich z\u00e1znam\u016f tyto poplatky obvykle nep\u0159esahuj\u00ed 10 % hodnoty zbo\u017e\u00ed.  <\/p>\n<p><strong>Pouze pro z\u00e1kazn\u00edky z EU:<\/strong> Expresn\u00ed DDP (Delivered Duty Paid). To znamen\u00e1: <\/p>\n<ul>\n<li>Ve\u0161ker\u00e1 cla a dan\u011b jsou zahrnuty v cen\u011b uveden\u00e9 na str\u00e1nce produktu.<\/li>\n<li>P\u0159i doru\u010den\u00ed nemus\u00edte platit \u017e\u00e1dn\u00e9 dal\u0161\u00ed poplatky.<\/li>\n<li>Ve v\u00fdjime\u010dn\u00fdch p\u0159\u00edpadech, kdy se vyskytnou probl\u00e9my souvisej\u00edc\u00ed s celn\u00edm \u0159\u00edzen\u00edm, se n\u00e1\u0161 t\u00fdm postar\u00e1 o celn\u00ed odbaven\u00ed va\u0161\u00edm jm\u00e9nem, aby bylo doru\u010den\u00ed bezprobl\u00e9mov\u00e9.<\/li>\n<p>D\u016fle\u017eit\u00e9 informace o vr\u00e1cen\u00ed zbo\u017e\u00ed:<\/p>\n<li>Pokud se rozhodnete objedn\u00e1vku vr\u00e1tit nebo po\u017e\u00e1dat o vr\u00e1cen\u00ed pen\u011bz, m\u011bjte na pam\u011bti, \u017ee dan\u011b a cla zaplacen\u00e9 za v\u00e1s podle podm\u00ednek DDP nelze vr\u00e1tit.<\/li>\n<p>Podrobn\u00e9 informace naleznete v na\u0161ich <a href=\"https:\/\/ayaneo.co\/cs\/podminky-sluzby\/\" target=\"_blank\" rel=\"nofollow noopener\">smluvn\u00edch podm\u00ednk\u00e1ch<\/a>.\n<\/ul>\n<p>[\/cg_accordion]\n[cg_accordion title=\"Z\u00c1KAZNICK\u00c1 PODPORA\"]<\/p>\n<p>M\u00e1te dotaz? V\u00e1\u0161 probl\u00e9m vy\u0159e\u0161\u00edme kr\u00e1tkou textovou zpr\u00e1vou! [\/cg_accordion]\n[cg_accordion title=\"BAL\u00cd\u010cEK OBSAHUJE\"]<\/p>\n<ul>\n<li>1x BIWIN Mini SSD<\/li>\n<\/ul>\n<p>[\/cg_accordion]\n","protected":false},"featured_media":44128,"template":"","meta":{"_acf_changed":false},"product_brand":[],"product_cat":[1147],"product_tag":[],"class_list":{"0":"post-44738","1":"product","2":"type-product","3":"status-publish","4":"has-post-thumbnail","6":"product_cat-prislusenstvi","7":"product_shipping_class-low-end","8":"pa_brand-biwin","10":"first","11":"instock","12":"taxable","13":"shipping-taxable","14":"purchasable","15":"product-type-variable","16":"has-default-attributes"},"acf":[],"_links":{"self":[{"href":"https:\/\/ayaneo.co\/cs\/wp-json\/wp\/v2\/product\/44738","targetHints":{"allow":["GET"]}}],"collection":[{"href":"https:\/\/ayaneo.co\/cs\/wp-json\/wp\/v2\/product"}],"about":[{"href":"https:\/\/ayaneo.co\/cs\/wp-json\/wp\/v2\/types\/product"}],"wp:featuredmedia":[{"embeddable":true,"href":"https:\/\/ayaneo.co\/cs\/wp-json\/wp\/v2\/media\/44128"}],"wp:attachment":[{"href":"https:\/\/ayaneo.co\/cs\/wp-json\/wp\/v2\/media?parent=44738"}],"wp:term":[{"taxonomy":"product_brand","embeddable":true,"href":"https:\/\/ayaneo.co\/cs\/wp-json\/wp\/v2\/product_brand?post=44738"},{"taxonomy":"product_cat","embeddable":true,"href":"https:\/\/ayaneo.co\/cs\/wp-json\/wp\/v2\/product_cat?post=44738"},{"taxonomy":"product_tag","embeddable":true,"href":"https:\/\/ayaneo.co\/cs\/wp-json\/wp\/v2\/product_tag?post=44738"}],"curies":[{"name":"wp","href":"https:\/\/api.w.org\/{rel}","templated":true}]}}