{"id":47631,"date":"2026-03-06T12:40:46","date_gmt":"2026-03-06T12:40:46","guid":{"rendered":"https:\/\/ayaneo.co\/product\/premiovy-kabel-adapteru-usb-typu-c-na-hdmi-s-rozlisenim-4k-60-hz\/"},"modified":"2026-04-25T23:13:27","modified_gmt":"2026-04-25T23:13:27","slug":"premiovy-kabel-adapteru-usb-typu-c-na-hdmi-s-rozlisenim-4k-60-hz","status":"publish","type":"product","link":"https:\/\/ayaneo.co\/cs\/product\/premiovy-kabel-adapteru-usb-typu-c-na-hdmi-s-rozlisenim-4k-60-hz\/","title":{"rendered":"Pr\u00e9miov\u00fd kabel adapt\u00e9ru USB typu C na HDMI s rozli\u0161en\u00edm 4K 60 Hz"},"content":{"rendered":"\n<h2 class=\"wp-block-heading\">Dokonal\u00e9 \u0159e\u0161en\u00ed s vysok\u00fdm rozli\u0161en\u00edm<\/h2>\n\n<p>Za\u017eijte bezprobl\u00e9mov\u00e9 p\u0159ipojen\u00ed s adapt\u00e9rem 4K 60Hz USB typu C na HDMI, prvot\u0159\u00eddn\u00edm \u0159e\u0161en\u00edm navr\u017een\u00fdm pro k\u0159i\u0161\u0165\u00e1lov\u011b \u010dist\u00fd obrazov\u00fd v\u00fdstup. Tento vysoce v\u00fdkonn\u00fd kabel umo\u017e\u0148uje p\u0159ipojit modern\u00ed za\u0159\u00edzen\u00ed USB-C p\u0159\u00edmo k displej\u016fm s podporou HDMI bez nutnosti pou\u017eit\u00ed dal\u0161\u00edch ovlada\u010d\u016f. A\u0165 u\u017e pou\u017e\u00edv\u00e1te chytr\u00fd telefon, tablet nebo notebook, tento adapt\u00e9r zaji\u0161\u0165uje jednoduch\u00e9 a pohodln\u00e9 zapojen\u00ed.  <\/p>\n\n<h2 class=\"wp-block-heading\">Pro\u010d si pro sv\u00e9 nastaven\u00ed vybrat kabel adapt\u00e9ru 4K 60Hz USB typu C na HDMI?<\/h2>\n\n<p>Hlavn\u00ed v\u00fdhodou tohoto kabelu usb c na hdmi je jeho podpora standard\u016f HDMI 2.0. Proto\u017ee podporuje rozli\u0161en\u00ed 4K s obnovovac\u00ed frekvenc\u00ed 60 Hz, mohou si u\u017eivatel\u00e9 vychutnat neuv\u011b\u0159iteln\u011b plynul\u00fd pohyb a ostr\u00fd obraz. Zat\u00edmco standardn\u00ed adapt\u00e9ry v\u00e1s \u010dasto omezuj\u00ed na 30 Hz, tento kabel 4K 60 Hz poskytuje plynul\u00fd v\u00fdkon pot\u0159ebn\u00fd pro hran\u00ed her a profesion\u00e1ln\u00ed st\u0159ih videa. Elegantn\u00ed hlin\u00edkov\u00e9 pouzdro nav\u00edc zaji\u0161\u0165uje vynikaj\u00edc\u00ed odvod tepla a udr\u017euje tak stabiln\u00ed p\u0159ipojen\u00ed b\u011bhem dlouh\u00fdch relac\u00ed.   <\/p>\n\n<h2 class=\"wp-block-heading\">Pokro\u010dil\u00e9 technick\u00e9 specifikace a kompatibilita s rozhran\u00edm Thunderbolt<\/h2>\n\n<p>Pokud jde o technickou zdatnost, kabel adapt\u00e9ru 4K 60Hz USB typu C na HDMI je vybaven vysoce kvalitn\u00edm <a href=\"https:\/\/en.wikipedia.org\/wiki\/HDMI\" target=\"_blank\" rel=\"noopener nofollow\" title=\"\">rozhran\u00edm HDMI 2.0 a<\/a> robustn\u00edm konektorem typu C. Tento kabel 4K 60hz je pln\u011b kompatibiln\u00ed s porty Thunderbolt 4 a Thunderbolt 3, tak\u017ee bez probl\u00e9m\u016f funguje s nejnov\u011bj\u0161\u00edmi MacBooky Pro a \u0161pi\u010dkov\u00fdmi notebooky se syst\u00e9mem Windows. Proto\u017ee kabel podporuje re\u017eim DP Alt, poskytuje p\u0159\u00edm\u00fd obrazov\u00fd sign\u00e1l bez objemn\u00e9ho multiportov\u00e9ho adapt\u00e9ru usb c na hdmi.  <\/p>\n\n<p>Nav\u00edc d\u00edky kompatibilit\u011b s HDCP 2.2 m\u016f\u017eete bez p\u0159eru\u0161en\u00ed streamovat \u0161ifrovan\u00fd obsah 4K ze slu\u017eeb, jako je Netflix nebo Disney+. Kabel adapt\u00e9ru 4K 60Hz USB typu C na HDMI tak\u00e9 podporuje HDR10 pro lep\u0161\u00ed barevnou hloubku a kontrast. Jeho fyzick\u00e1 konstrukce zahrnuje 50mm vn\u011bj\u0161\u00ed pr\u016fm\u011br pro zv\u00fd\u0161enou odolnost, zat\u00edmco hlin\u00edkov\u00fd kryt pom\u00e1h\u00e1 s regulac\u00ed tepla b\u011bhem intenzivn\u00edch relac\u00ed.  <\/p>\n\n<h2 class=\"wp-block-heading\">\u0160irok\u00e1 kompatibilita za\u0159\u00edzen\u00ed a po\u017eadavky na p\u0159ipojen\u00ed<\/h2>\n\n<p>Kabel adapt\u00e9ru 4K 60Hz USB typu C na HDMI je navr\u017een tak, aby byl v\u0161estrann\u00fd, a funguje s \u0161irokou \u0161k\u00e1lou modern\u00edho hardwaru. M\u016f\u017eete jej pou\u017e\u00edvat s po\u010d\u00edta\u010di Apple MacBook, modely iPad Pro a \u0159adou Microsoft Surface. Krom\u011b toho podporuje \u0161pi\u010dkov\u00e1 za\u0159\u00edzen\u00ed se syst\u00e9mem Android, jako jsou Samsung Galaxy S22 a Note 20. Kabel adapt\u00e9ru USB typu C na HDMI s rozli\u0161en\u00edm 4K 60 Hz v\u0161ak vy\u017eaduje hostitelsk\u00fd port, kter\u00fd podporuje v\u00fdstup videa. Nen\u00ed kompatibiln\u00ed se za\u0159\u00edzen\u00edmi, jako je \u0159ada Samsung A nebo star\u0161\u00ed iPhony, kter\u00e9 nemaj\u00ed podporu re\u017eimu DP Alt.    <\/p>\n\n<h2 class=\"wp-block-heading\">Optimalizujte sv\u00e9 profesion\u00e1ln\u00ed prezentace a dom\u00e1c\u00ed kino<\/h2>\n\n<p>Pou\u017eit\u00ed kabelu adapt\u00e9ru 4K 60Hz USB typu C na HDMI jako asistenta pro sch\u016fzky umo\u017e\u0148uje snadn\u00e9 sd\u00edlen\u00ed obrazovky na velk\u00fdch displej\u00edch. V d\u016fsledku toho budou va\u0161e zpr\u00e1vy a vizualizace dat vypadat pro va\u0161e publikum ost\u0159eji a profesion\u00e1ln\u011bji. V dom\u00e1c\u00edm prost\u0159ed\u00ed kabel adapt\u00e9ru 4K 60Hz USB typu C na HDMI prom\u011bn\u00ed va\u0161e z\u00e1\u017eitky z mobiln\u00edho hran\u00ed. Prom\u00edt\u00e1 mobiln\u00ed grafiku na televizor v re\u00e1ln\u00e9m \u010dase, co\u017e poskytuje \u0161ir\u0161\u00ed vizu\u00e1ln\u00ed rozsah bez jak\u00e9hokoli zadrh\u00e1v\u00e1n\u00ed.   <\/p>\n\n<hr class=\"wp-block-separator has-alpha-channel-opacity\"\/>\n\n<h2 class=\"wp-block-heading\">Zajist\u011bte si kabel adapt\u00e9ru 4K 60Hz USB typu C na HDMI je\u0161t\u011b dnes!<\/h2>\n\n<p>Nespokojte se s rozmazan\u00fdm rozli\u0161en\u00edm nebo pomalou obnovovac\u00ed frekvenc\u00ed, kdy\u017e m\u016f\u017eete sv\u016fj digit\u00e1ln\u00ed \u017eivot vylep\u0161it hned te\u010f. Popt\u00e1vka po adapt\u00e9rov\u00e9m kabelu 4K 60Hz USB typu C na HDMI je neuv\u011b\u0159iteln\u011b vysok\u00e1 d\u00edky jeho spolehlivosti a vynikaj\u00edc\u00edmu v\u00fdstupu 4K. Objednejte si sv\u016fj je\u0161t\u011b dnes, abyste m\u011bli z\u00e1ruku, \u017ee toto nezbytn\u00e9 technick\u00e9 p\u0159\u00edslu\u0161enstv\u00ed obdr\u017e\u00edte v\u010das, a za\u010dn\u011bte si u\u017e\u00edvat vrcholn\u00e9 mo\u017enosti p\u0159ipojen\u00ed ve vysok\u00e9m rozli\u0161en\u00ed. Nav\u0161tivte n\u00e1\u0161 obchod nyn\u00ed a vyu\u017eijte tuto nab\u00eddku d\u0159\u00edve, ne\u017e dojdou z\u00e1soby!   <\/p>\n","protected":false},"excerpt":{"rendered":"<ul>\n<li><strong>4K 60Hz UHD -<\/strong> K\u0159i\u0161\u0165\u00e1lov\u011b \u010dist\u00e9 rozli\u0161en\u00ed 4K p\u0159i 60 sn\u00edmc\u00edch za sekundu pro plynul\u00e9 sledov\u00e1n\u00ed bez zpo\u017ed\u011bn\u00ed.<\/li>\n<li><strong>Podpora HDMI 2.0 -<\/strong> rozhran\u00ed <strong>s vysokou \u0161\u00ed\u0159kou p\u00e1sma<\/strong> pro HDR10 a digit\u00e1ln\u00ed zvuk.<\/li>\n<li><strong>Plug &amp; Play -<\/strong> okam\u017eit\u00e9 p\u0159ipojen\u00ed pro notebooky a telefony bez ovlada\u010d\u016f.<\/li>\n<li><strong>Kompatibiln\u00ed s HDCP 2.2 -<\/strong> Bezpe\u010dn\u00e9 <strong>streamov\u00e1n\u00ed<\/strong> obsahu 4K z Netflixu a Disney+.<\/li>\n<li><strong>Hlin\u00edkov\u00fd pl\u00e1\u0161\u0165 -<\/strong> odoln\u00fd kryt navr\u017een\u00fd pro optim\u00e1ln\u00ed odvod tepla.<\/li>\n<\/ul>\n[cg_accordion title=\"INFORMACE O PLATB\u011a\"]<\/p>\n<p>Pou\u017e\u00edv\u00e1me nejnov\u011bj\u0161\u00ed technologie zpracov\u00e1n\u00ed plateb, kter\u00e9 v\u00e1m umo\u017e\u0148uj\u00ed prov\u00e9st platbu prost\u0159ednictv\u00edm Apple Pay, Google Pay, va\u0161\u00ed debetn\u00ed\/kreditn\u00ed karty, PayPal nebo metod BNPL, jako je Klarna, Affirm nebo AfterPay, a zajistit tak rychl\u00e9 a bezpe\u010dn\u00e9 zpracov\u00e1n\u00ed.[\/cg_accordion]\n[cg_accordion title=\"Z\u00c1RUKA\"]<\/p>\n<p>1 rok z\u00e1ruky od spole\u010dnosti <a href=\"https:\/\/droix.net\/\" target=\"_blank\" rel=\"nofollow noopener\">DROIX Global pro<\/a> v\u00e1\u0161 klid.[\/cg_accordion]\n[cg_accordion title=\"ZAJI\u0160T\u011aN\u00cd KVALITY A P\u0158EDEXPEDI\u010cN\u00cd TESTOV\u00c1N\u00cd\"]<\/p>\n<p>Zaji\u0161t\u011bn\u00ed spokojenosti z\u00e1kazn\u00edk\u016f na nejvy\u0161\u0161\u00ed \u00farovni: P\u0159ed odesl\u00e1n\u00edm proch\u00e1z\u00ed ka\u017ed\u00e9 za\u0159\u00edzen\u00ed p\u0159\u00edsn\u00fdm testov\u00e1n\u00edm a v\u00edcebodovou kontrolou kvality. N\u00e1\u0161 specializovan\u00fd t\u00fdm ov\u011b\u0159uje v\u00fdkon, funk\u010dnost a integritu komponent, aby bylo zaru\u010deno, \u017ee va\u0161e za\u0159\u00edzen\u00ed AYANEO bude p\u0159i p\u0159\u00edchodu v perfektn\u00edm stavu, co\u017e v\u00e1m poskytne jistotu a klid. [\/cg_accordion]\n[cg_accordion title=\"CENY, DAN\u011a A DOPRAVA\"]<\/p>\n<p><strong><u>Pozn\u00e1mka:<\/u><\/strong><\/p>\n<ul>\n<li>Z\u00e1kazn\u00edci ze Spojen\u00fdch st\u00e1t\u016f: Z\u00e1kazn\u00edci: Zobrazen\u00e1 cena NEZAHRNUJE DAN\u011a ani cla. Odpov\u011bdnost za celn\u00ed odbaven\u00ed a zaplacen\u00ed souvisej\u00edc\u00ed dan\u011b\/celn\u00ed sazby nese z\u00e1kazn\u00edk. <\/li>\n<li>Z\u00e1kazn\u00edci z EU: V zobrazen\u00e9 cen\u011b je zahrnuta p\u0159\u00edslu\u0161n\u00e1 DA\u0147, kter\u00e1 m\u016f\u017ee \u010dinit a\u017e 25 % v z\u00e1vislosti na va\u0161\u00ed zemi.<\/li>\n<li>Z\u00e1kazn\u00edci z Kanady: V z\u00e1vislosti na va\u0161\u00ed provincii m\u016f\u017ee zobrazen\u00e1 cena zahrnovat p\u0159\u00edslu\u0161n\u00e9 dan\u011b, kter\u00e9 mohou zahrnovat 5% GST a dal\u0161\u00ed provin\u010dn\u00ed dan\u011b z prodeje (PST), harmonizovanou da\u0148 z prodeje (HST) nebo quebeckou da\u0148 z prodeje (QST).<\/li>\n<\/ul>\n<p>Pro na\u0161e z\u00e1kazn\u00edky v USA: Objedn\u00e1vky jsou odes\u00edl\u00e1ny DAP (Delivered At Place). Z\u00e1kazn\u00edci jsou sice zodpov\u011bdn\u00ed za \u00fahradu v\u0161ech platn\u00fdch tarif\u016f, ale my \u010derp\u00e1me z na\u0161ich bohat\u00fdch zku\u0161enost\u00ed s p\u0159epravou ze Spojen\u00e9ho kr\u00e1lovstv\u00ed, abychom zajistili, \u017ee zaplat\u00edte co nejmen\u0161\u00ed poplatky. Podle na\u0161ich z\u00e1znam\u016f tyto poplatky obvykle nep\u0159esahuj\u00ed 10 % hodnoty zbo\u017e\u00ed.  <\/p>\n<p><strong>Pouze pro z\u00e1kazn\u00edky z EU:<\/strong> Expresn\u00ed DDP (Delivered Duty Paid). To znamen\u00e1: <\/p>\n<ul>\n<li>Ve\u0161ker\u00e1 cla a dan\u011b jsou zahrnuty v cen\u011b uveden\u00e9 na str\u00e1nce produktu.<\/li>\n<li>P\u0159i doru\u010den\u00ed nemus\u00edte platit \u017e\u00e1dn\u00e9 dal\u0161\u00ed poplatky.<\/li>\n<li>Ve v\u00fdjime\u010dn\u00fdch p\u0159\u00edpadech, kdy se vyskytnou probl\u00e9my souvisej\u00edc\u00ed s celn\u00edm \u0159\u00edzen\u00edm, se n\u00e1\u0161 t\u00fdm postar\u00e1 o celn\u00ed odbaven\u00ed va\u0161\u00edm jm\u00e9nem, aby bylo doru\u010den\u00ed bezprobl\u00e9mov\u00e9.<\/li>\n<p>D\u016fle\u017eit\u00e9 informace o vr\u00e1cen\u00ed zbo\u017e\u00ed:<\/p>\n<li>Pokud se rozhodnete objedn\u00e1vku vr\u00e1tit nebo po\u017e\u00e1dat o vr\u00e1cen\u00ed pen\u011bz, m\u011bjte na pam\u011bti, \u017ee dan\u011b a cla zaplacen\u00e9 za v\u00e1s podle podm\u00ednek DDP nelze vr\u00e1tit.<\/li>\n<p>Podrobn\u00e9 informace naleznete v na\u0161ich <a href=\"https:\/\/ayaneo.co\/cs\/podminky-sluzby\/\" target=\"_blank\" rel=\"nofollow noopener\">smluvn\u00edch podm\u00ednk\u00e1ch<\/a>.\n<\/ul>\n<p>[\/cg_accordion]\n[cg_accordion title=\"Z\u00c1KAZNICK\u00c1 PODPORA\"]<\/p>\n<p>M\u00e1te dotaz? V\u00e1\u0161 probl\u00e9m vy\u0159e\u0161\u00edme kr\u00e1tkou textovou zpr\u00e1vou! [\/cg_accordion]\n[cg_accordion title=\"BAL\u00cd\u010cEK OBSAHUJE\"]<\/p>\n<ul>\n<li>1x pr\u00e9miov\u00fd kabel adapt\u00e9ru USB typu C na HDMI 4K 60Hz<\/li>\n<\/ul>\n<p>[\/cg_accordion]\n","protected":false},"featured_media":45454,"template":"","meta":{"_acf_changed":false},"product_brand":[],"product_cat":[1147],"product_tag":[],"class_list":{"0":"post-47631","1":"product","2":"type-product","3":"status-publish","4":"has-post-thumbnail","6":"product_cat-prislusenstvi","7":"product_shipping_class-low-end","9":"first","10":"outofstock","11":"sale","12":"taxable","13":"shipping-taxable","14":"purchasable","15":"product-type-simple"},"acf":[],"_links":{"self":[{"href":"https:\/\/ayaneo.co\/cs\/wp-json\/wp\/v2\/product\/47631","targetHints":{"allow":["GET"]}}],"collection":[{"href":"https:\/\/ayaneo.co\/cs\/wp-json\/wp\/v2\/product"}],"about":[{"href":"https:\/\/ayaneo.co\/cs\/wp-json\/wp\/v2\/types\/product"}],"wp:featuredmedia":[{"embeddable":true,"href":"https:\/\/ayaneo.co\/cs\/wp-json\/wp\/v2\/media\/45454"}],"wp:attachment":[{"href":"https:\/\/ayaneo.co\/cs\/wp-json\/wp\/v2\/media?parent=47631"}],"wp:term":[{"taxonomy":"product_brand","embeddable":true,"href":"https:\/\/ayaneo.co\/cs\/wp-json\/wp\/v2\/product_brand?post=47631"},{"taxonomy":"product_cat","embeddable":true,"href":"https:\/\/ayaneo.co\/cs\/wp-json\/wp\/v2\/product_cat?post=47631"},{"taxonomy":"product_tag","embeddable":true,"href":"https:\/\/ayaneo.co\/cs\/wp-json\/wp\/v2\/product_tag?post=47631"}],"curies":[{"name":"wp","href":"https:\/\/api.w.org\/{rel}","templated":true}]}}