{"id":47639,"date":"2026-03-23T10:44:43","date_gmt":"2026-03-23T10:44:43","guid":{"rendered":"https:\/\/ayaneo.co\/product\/kabel-usb5-80gbps-240w-8k-60hz-thunderbolt-5-kompatibilni\/"},"modified":"2026-04-24T10:35:14","modified_gmt":"2026-04-24T10:35:14","slug":"kabel-usb5-80gbps-240w-8k-60hz-thunderbolt-5-kompatibilni","status":"publish","type":"product","link":"https:\/\/ayaneo.co\/cs\/product\/kabel-usb5-80gbps-240w-8k-60hz-thunderbolt-5-kompatibilni\/","title":{"rendered":"Kabel USB5 80Gbps 240W | 8K 60Hz Thunderbolt 5 Kompatibiln\u00ed"},"content":{"rendered":"\n<h2 class=\"wp-block-heading\">Kabel USB5 80Gb\/s 240W: dokonal\u00e9 \u0159e\u0161en\u00ed Thunderbolt 5 pro profesion\u00e1ln\u00ed pracovn\u00ed postupy<\/h2>\n\n<p id=\"p-rc_98f34dcd8f33ef71-24\"><strong>Kabel USB5 80Gb\/s 240W p\u0159edstavuje<\/strong> monument\u00e1ln\u00ed skok v technologii p\u0159ipojen\u00ed pro n\u00e1ro\u010dn\u00e9 u\u017eivatele. Proto\u017ee modern\u00ed hardware vy\u017eaduje neb\u00fdval\u00e9 rychlosti, byl tento kabel navr\u017een tak, aby spl\u0148oval nejnov\u011bj\u0161\u00ed standardy Thunderbolt 5 a USB4 2.0. Poskytuje masivn\u00ed obousm\u011brnou \u0161\u00ed\u0159ku p\u00e1sma 80 Gb\/s, co\u017e efektivn\u011b zdvojn\u00e1sobuje v\u00fdkon p\u0159edchoz\u00edch generac\u00ed.  <sup><\/sup>  D\u00edky tomu m\u016f\u017eete nyn\u00ed p\u0159en\u00e1\u0161et rozs\u00e1hl\u00e9 video soubory 8K nebo knihovny projekt\u016f za zlomek \u010dasu, kter\u00fd byl d\u0159\u00edve pot\u0159eba.<\/p>\n\n<h2 class=\"wp-block-heading\">Jak kabel USB5 80Gb\/s 240W optimalizuje va\u0161e nastaven\u00ed displeje?<\/h2>\n\n<p id=\"p-rc_98f34dcd8f33ef71-25\">Profesion\u00e1lov\u00e9 v oblasti vizu\u00e1ln\u00ed komunikace zjist\u00ed, \u017ee <strong>kabel USB5 80Gb\/s 240W je<\/strong> nezbytn\u00fdm n\u00e1strojem pro multitasking s vysok\u00fdm rozli\u0161en\u00edm. Tento kabel podporuje pokro\u010dil\u00fd protokol DisplayPort 2.1, kter\u00fd umo\u017e\u0148uje jeden v\u00fdstup 8K 60Hz nebo dokonce dv\u011b konfigurace 8K. <sup><\/sup>  Inovativn\u00ed technologie &#8222;Bandwidth Boost&#8220; nav\u00edc dok\u00e1\u017ee zm\u011bnit konfiguraci datov\u00fdch pruh\u016f.<sup><\/sup>  D\u00edky tomu m\u016f\u017ee kabel poskytovat rychlost a\u017e 120 Gb\/s pro \u00falohy n\u00e1ro\u010dn\u00e9 na zobrazen\u00ed p\u0159i zachov\u00e1n\u00ed robustn\u00ed rychlosti 40 Gb\/s pro zp\u011btn\u00e9 p\u0159enosy dat.<sup><\/sup><\/p>\n\n<p>Tato flexibilita v\u00fdrazn\u011b zlep\u0161uje profesion\u00e1ln\u00ed pracovn\u00ed postupy. Zat\u00edmco je monitor \u0159\u00edzen vysokou obnovovac\u00ed frekvenc\u00ed, <strong>kabel<\/strong> USB5 <strong>80Gb\/s 240W zaji\u0161\u0165uje<\/strong>, \u017ee extern\u00ed \u00falo\u017ei\u0161t\u011b z\u016fst\u00e1v\u00e1 citliv\u00e9. D\u00edky za\u010dlen\u011bn\u00ed k\u00f3dov\u00e1n\u00ed sign\u00e1lu PAM3 je zachov\u00e1na integrita dat i p\u0159i t\u011bchto ohromuj\u00edc\u00edch rychlostech. Blik\u00e1n\u00ed obrazovky a po\u0161kozen\u00ed dat se proto st\u00e1vaj\u00ed probl\u00e9mem minulosti.   <\/p>\n\n<h2 class=\"wp-block-heading\">Bezkonkuren\u010dn\u00ed v\u00fdkon 240 W a kvalita proveden\u00ed<\/h2>\n\n<p id=\"p-rc_98f34dcd8f33ef71-26\">Mo\u017enosti nab\u00edjen\u00ed se d\u00edky tomuto nov\u00e9mu standardu radik\u00e1ln\u011b zlep\u0161ily. <strong>Kabel USB5 80Gbps 240W podporuje<\/strong> nejnov\u011bj\u0161\u00ed specifikace PD 3.1 Extended Power Range (EPR).<sup><\/sup> To znamen\u00e1, \u017ee kabelem lze do za\u0159\u00edzen\u00ed bezpe\u010dn\u011b p\u0159iv\u00e9st a\u017e 240 W energie. D\u00edky tomu lze i ty energeticky nejn\u00e1ro\u010dn\u011bj\u0161\u00ed hern\u00ed notebooky nab\u00edjet plnou rychlost\u00ed, ani\u017e by bylo nutn\u00e9 pou\u017e\u00edvat propriet\u00e1rn\u00ed &#8222;cihlov\u00fd&#8220; konektor.  <\/p>\n\n<p id=\"p-rc_98f34dcd8f33ef71-27\">P\u0159i n\u00e1vrhu <strong>kabelu USB5 80Gb\/s 240W<\/strong> byla zjevn\u011b prioritou odolnost <strong>.<\/strong> Vnit\u0159n\u00ed veden\u00ed je chr\u00e1n\u011bno st\u00edn\u011bn\u00edm z opleten\u00e9 slitiny s vysokou hustotou, aby se minimalizovalo elektromagnetick\u00e9 ru\u0161en\u00ed. <sup><\/sup>  Vn\u011bj\u0161\u00ed pl\u00e1\u0161\u0165 je nav\u00edc vyroben z pru\u017en\u00e9ho TPE, kter\u00fd byl testov\u00e1n na odolnost v\u016f\u010di v\u00edce ne\u017e 2 000 cykl\u016fm ohybu.<sup><\/sup>  Konektory jsou poniklovan\u00e9 a jsou dimenzov\u00e1ny na v\u00edce ne\u017e 10 000 zasunut\u00ed, co\u017e zaru\u010duje spolehliv\u00e9 p\u0159ipojen\u00ed po dlouh\u00e1 l\u00e9ta.<\/p>\n\n<h2 class=\"wp-block-heading\">Zabezpe\u010dte svou sestavu do budoucna pomoc\u00ed kabelu USB5 80Gb\/s 240W<\/h2>\n\n<p id=\"p-rc_98f34dcd8f33ef71-28\">S t\u00edmto univerz\u00e1ln\u00edm p\u0159\u00edslu\u0161enstv\u00edm nen\u00ed kompatibilita nikdy probl\u00e9m. P\u0159esto\u017ee je <strong>kabel<\/strong> USB5 <strong>80Gb\/s 240W<\/strong> vytvo\u0159en pro budoucnost, <strong>je pln\u011b<\/strong> zp\u011btn\u011b kompatibiln\u00ed se<a href=\"https:\/\/www.thunderbolttechnology.net\/blog\/thunderbolt-3-usb-c-does-it-all\" target=\"_blank\" rel=\"noopener nofollow\" title=\"\"> za\u0159\u00edzen\u00edmi<\/a> <a href=\"https:\/\/www.intel.com\/content\/www\/us\/en\/gaming\/resources\/upgrade-gaming-accessories-thunderbolt-4.html\" target=\"_blank\" rel=\"noopener nofollow\" title=\"\">Thunderbolt 4 a<\/a> Thunderbolt 3. Perfektn\u011b funguje tak\u00e9 s porty USB4, USB 3.2 a standardn\u00edmi porty USB-C. A\u0165 u\u017e p\u0159ipojujete nejmodern\u011bj\u0161\u00ed eGPU p\u0159es PCIe 4.0, nebo jen synchronizujete mobiln\u00ed telefon, v\u00fdkon je v\u017edy optimalizovan\u00fd.   <\/p>\n\n<p>Nedovolte, aby hor\u0161\u00ed kabel\u00e1\u017e omezovala v\u00e1\u0161 \u0161pi\u010dkov\u00fd hardware a zpomalovala v\u00e1\u0161 tv\u016fr\u010d\u00ed proces. M\u011bli byste si zajistit <strong>kabel USB5 80Gbps 240W je\u0161t\u011b dnes<\/strong>, abyste si zajistili n\u00e1skok. Z\u00e1soby t\u00e9to technologie nov\u00e9 generace se rychle pohybuj\u00ed, tak\u017ee jednejte nyn\u00ed, abyste zajistili, \u017ee va\u0161e pracovn\u00ed stanice bude p\u0159ipravena na revoluci 80 Gb\/s. Vyzkou\u0161ejte si vrchol rychlosti a v\u00fdkonu t\u00edm, \u017ee si jej objedn\u00e1te v na\u0161em obchod\u011b je\u0161t\u011b dnes!   <\/p>\n\n<p><\/p>\n","protected":false},"excerpt":{"rendered":"<ul>\n<li><strong>80Gb\/s Pro Data -<\/strong> bleskurychl\u00e9 obousm\u011brn\u00e9 p\u0159enosy pro obrovsk\u00e9 soubory.<\/li>\n<li><strong>240W nab\u00edjen\u00ed EPR -<\/strong> pln\u00e1 podpora PD 3.1 pro v\u00fdkonn\u00e9 notebooky.<\/li>\n<li><strong>8K@60Hz obraz -<\/strong> pohlcuj\u00edc\u00ed 8K nebo du\u00e1ln\u00ed 4K zobrazen\u00ed p\u0159es DisplayPort 2.1.<\/li>\n<li><strong>Bezpe\u010dnostn\u00ed \u010dipov\u00e1 sada E-Mark -<\/strong> Inteligentn\u00ed \u010dipov\u00e1 sada zaji\u0161\u0165uje stabiln\u00ed nap\u00e1jen\u00ed s regulac\u00ed tepla.<\/li>\n<li><strong>Zinkov\u00e1 slitina a opleten\u00e1 konstrukce -<\/strong> pr\u00e9miov\u00e1 vyztu\u017een\u00e1 konstrukce pro maxim\u00e1ln\u00ed odolnost.<\/li>\n<\/ul>\n[cg_accordion title=\"INFORMACE O PLATB\u011a\"]<\/p>\n<p>Pou\u017e\u00edv\u00e1me nejnov\u011bj\u0161\u00ed technologie zpracov\u00e1n\u00ed plateb, kter\u00e9 v\u00e1m umo\u017e\u0148uj\u00ed prov\u00e9st platbu prost\u0159ednictv\u00edm Apple Pay, Google Pay, va\u0161\u00ed debetn\u00ed\/kreditn\u00ed karty, PayPal nebo metod BNPL, jako je Klarna, Affirm nebo AfterPay, a zajistit tak rychl\u00e9 a bezpe\u010dn\u00e9 zpracov\u00e1n\u00ed.[\/cg_accordion]\n[cg_accordion title=\"Z\u00c1RUKA\"]<\/p>\n<p>1 rok z\u00e1ruky od spole\u010dnosti <a href=\"https:\/\/droix.net\/\" target=\"_blank\" rel=\"nofollow noopener\">DROIX Global pro<\/a> v\u00e1\u0161 klid.[\/cg_accordion]\n[cg_accordion title=\"ZAJI\u0160T\u011aN\u00cd KVALITY A P\u0158EDEXPEDI\u010cN\u00cd TESTOV\u00c1N\u00cd\"]<\/p>\n<p>Zaji\u0161t\u011bn\u00ed spokojenosti z\u00e1kazn\u00edk\u016f na nejvy\u0161\u0161\u00ed \u00farovni: P\u0159ed odesl\u00e1n\u00edm proch\u00e1z\u00ed ka\u017ed\u00e9 za\u0159\u00edzen\u00ed p\u0159\u00edsn\u00fdm testov\u00e1n\u00edm a v\u00edcebodovou kontrolou kvality. N\u00e1\u0161 specializovan\u00fd t\u00fdm ov\u011b\u0159uje v\u00fdkon, funk\u010dnost a integritu komponent, aby bylo zaru\u010deno, \u017ee va\u0161e za\u0159\u00edzen\u00ed AYANEO bude p\u0159i p\u0159\u00edchodu v perfektn\u00edm stavu, co\u017e v\u00e1m poskytne jistotu a klid. [\/cg_accordion]\n[cg_accordion title=\"CENY, DAN\u011a A DOPRAVA\"]<\/p>\n<p><strong><u>Pozn\u00e1mka:<\/u><\/strong><\/p>\n<ul>\n<li>Z\u00e1kazn\u00edci ze Spojen\u00fdch st\u00e1t\u016f: Z\u00e1kazn\u00edci: Zobrazen\u00e1 cena NEZAHRNUJE DAN\u011a ani cla. Odpov\u011bdnost za celn\u00ed odbaven\u00ed a zaplacen\u00ed souvisej\u00edc\u00ed dan\u011b\/celn\u00ed sazby nese z\u00e1kazn\u00edk. <\/li>\n<li>Z\u00e1kazn\u00edci z EU: V zobrazen\u00e9 cen\u011b je zahrnuta p\u0159\u00edslu\u0161n\u00e1 DA\u0147, kter\u00e1 m\u016f\u017ee \u010dinit a\u017e 25 % v z\u00e1vislosti na va\u0161\u00ed zemi.<\/li>\n<li>Z\u00e1kazn\u00edci z Kanady: V z\u00e1vislosti na va\u0161\u00ed provincii m\u016f\u017ee zobrazen\u00e1 cena zahrnovat p\u0159\u00edslu\u0161n\u00e9 dan\u011b, kter\u00e9 mohou zahrnovat 5% GST a dal\u0161\u00ed provin\u010dn\u00ed dan\u011b z prodeje (PST), harmonizovanou da\u0148 z prodeje (HST) nebo quebeckou da\u0148 z prodeje (QST).<\/li>\n<\/ul>\n<p>Pro na\u0161e z\u00e1kazn\u00edky v USA: Objedn\u00e1vky jsou odes\u00edl\u00e1ny DAP (Delivered At Place). Z\u00e1kazn\u00edci jsou sice zodpov\u011bdn\u00ed za \u00fahradu v\u0161ech platn\u00fdch tarif\u016f, ale my \u010derp\u00e1me z na\u0161ich bohat\u00fdch zku\u0161enost\u00ed s p\u0159epravou ze Spojen\u00e9ho kr\u00e1lovstv\u00ed, abychom zajistili, \u017ee zaplat\u00edte co nejmen\u0161\u00ed poplatky. Podle na\u0161ich z\u00e1znam\u016f tyto poplatky obvykle nep\u0159esahuj\u00ed 10 % hodnoty zbo\u017e\u00ed.  <\/p>\n<p><strong>Pouze pro z\u00e1kazn\u00edky z EU:<\/strong> Expresn\u00ed DDP (Delivered Duty Paid). To znamen\u00e1: <\/p>\n<ul>\n<li>Ve\u0161ker\u00e1 cla a dan\u011b jsou zahrnuty v cen\u011b uveden\u00e9 na str\u00e1nce produktu.<\/li>\n<li>P\u0159i doru\u010den\u00ed nemus\u00edte platit \u017e\u00e1dn\u00e9 dal\u0161\u00ed poplatky.<\/li>\n<li>Ve v\u00fdjime\u010dn\u00fdch p\u0159\u00edpadech, kdy se vyskytnou probl\u00e9my souvisej\u00edc\u00ed s celn\u00edm \u0159\u00edzen\u00edm, se n\u00e1\u0161 t\u00fdm postar\u00e1 o celn\u00ed odbaven\u00ed va\u0161\u00edm jm\u00e9nem, aby bylo doru\u010den\u00ed bezprobl\u00e9mov\u00e9.<\/li>\n<p>D\u016fle\u017eit\u00e9 informace o vr\u00e1cen\u00ed zbo\u017e\u00ed:<\/p>\n<li>Pokud se rozhodnete objedn\u00e1vku vr\u00e1tit nebo po\u017e\u00e1dat o vr\u00e1cen\u00ed pen\u011bz, m\u011bjte na pam\u011bti, \u017ee dan\u011b a cla zaplacen\u00e9 za v\u00e1s podle podm\u00ednek DDP nelze vr\u00e1tit.<\/li>\n<p>Podrobn\u00e9 informace naleznete v na\u0161ich <a href=\"https:\/\/ayaneo.co\/cs\/podminky-sluzby\/\" target=\"_blank\" rel=\"nofollow noopener\">smluvn\u00edch podm\u00ednk\u00e1ch<\/a>.\n<\/ul>\n<p>[\/cg_accordion]\n[cg_accordion title=\"Z\u00c1KAZNICK\u00c1 PODPORA\"]<\/p>\n<p>M\u00e1te dotaz? V\u00e1\u0161 probl\u00e9m vy\u0159e\u0161\u00edme kr\u00e1tkou textovou zpr\u00e1vou! [\/cg_accordion]\n[cg_accordion title=\"BAL\u00cd\u010cEK OBSAHUJE\"]<\/p>\n<ul>\n<li>1x kabel USB5 typu C | 80Gbps 240W (1m)<\/li>\n<\/ul>\n<p>[\/cg_accordion]\n","protected":false},"featured_media":45891,"template":"","meta":{"_acf_changed":false},"product_brand":[],"product_cat":[1147],"product_tag":[],"class_list":{"0":"post-47639","1":"product","2":"type-product","3":"status-publish","4":"has-post-thumbnail","6":"product_cat-prislusenstvi","7":"product_shipping_class-low-end","9":"first","10":"instock","11":"sale","12":"taxable","13":"shipping-taxable","14":"purchasable","15":"product-type-simple"},"acf":[],"_links":{"self":[{"href":"https:\/\/ayaneo.co\/cs\/wp-json\/wp\/v2\/product\/47639","targetHints":{"allow":["GET"]}}],"collection":[{"href":"https:\/\/ayaneo.co\/cs\/wp-json\/wp\/v2\/product"}],"about":[{"href":"https:\/\/ayaneo.co\/cs\/wp-json\/wp\/v2\/types\/product"}],"wp:featuredmedia":[{"embeddable":true,"href":"https:\/\/ayaneo.co\/cs\/wp-json\/wp\/v2\/media\/45891"}],"wp:attachment":[{"href":"https:\/\/ayaneo.co\/cs\/wp-json\/wp\/v2\/media?parent=47639"}],"wp:term":[{"taxonomy":"product_brand","embeddable":true,"href":"https:\/\/ayaneo.co\/cs\/wp-json\/wp\/v2\/product_brand?post=47639"},{"taxonomy":"product_cat","embeddable":true,"href":"https:\/\/ayaneo.co\/cs\/wp-json\/wp\/v2\/product_cat?post=47639"},{"taxonomy":"product_tag","embeddable":true,"href":"https:\/\/ayaneo.co\/cs\/wp-json\/wp\/v2\/product_tag?post=47639"}],"curies":[{"name":"wp","href":"https:\/\/api.w.org\/{rel}","templated":true}]}}