{"id":17713,"date":"2023-03-11T09:26:01","date_gmt":"2023-03-11T09:26:01","guid":{"rendered":"https:\/\/ayaneo.co\/politik-for-beskyttelse-af-personlige-oplysninger\/"},"modified":"2025-05-30T16:15:30","modified_gmt":"2025-05-30T16:15:30","slug":"politik-for-beskyttelse-af-personlige-oplysninger","status":"publish","type":"page","link":"https:\/\/ayaneo.co\/da\/politik-for-beskyttelse-af-personlige-oplysninger\/","title":{"rendered":"Politik for beskyttelse af personlige oplysninger"},"content":{"rendered":"\n<p>F\u00f8lgende privatlivspolitik skal ses i sammenh\u00e6ng med (parret med), \u00bbsom \u00e9n\u00ab med <a href=\"https:\/\/ayaneo.co.uk\/terms-of-service\/\" target=\"_blank\" rel=\"noreferrer noopener\">vilk\u00e5r og betingelser<\/a>, <a href=\"https:\/\/ayaneo.co.uk\/refund_returns\/\" target=\"_blank\" rel=\"noreferrer noopener\">retur- og tilbagebetalingspolitik<\/a> og <a href=\"https:\/\/ayaneo.co.uk\/cookies-policy\/\" target=\"_blank\" rel=\"noreferrer noopener\">cookiepolitik<\/a>.<\/p>\n\n<ol class=\"wp-block-list\">\n<li>Disse salgsbetingelser g\u00e6lder for alle varer, der leveres af DroiX US Corp (leverand\u00f8ren).\n<ol class=\"wp-block-list\">\n<li>I den angivne kontrakt er referencer til: Vi (DroiX US Corp) er leverand\u00f8ren, og du (kunden)<\/li>\n<\/ol>\n<\/li>\n<\/ol>\n\n<h2 class=\"wp-block-heading\" id=\"h-navigation\">Navigation<\/h2>\n\n<ul class=\"wp-block-list\">\n<li>DATAINDSAMLING<\/li>\n\n\n\n<li>DATABEHANDLING<\/li>\n\n\n\n<li>DATABESKYTTELSE<\/li>\n\n\n\n<li>POLITIK FOR BESKYTTELSE AF PERSONLIGE OPLYSNINGER<\/li>\n<\/ul>\n\n<h2 class=\"wp-block-heading\" id=\"h-data-collection\">DATAINDSAMLING<\/h2>\n\n<ol class=\"wp-block-list\">\n<li>Leverand\u00f8ren indsamler personlige oplysninger fra dig, n\u00e5r du k\u00f8ber leverand\u00f8rens produkter.<\/li>\n\n\n\n<li>Leverand\u00f8ren indsamler personlige oplysninger fra dig og alle enheder (herunder mobile enheder), du bruger, n\u00e5r du: opretter en konto hos os, giver leverand\u00f8ren oplysninger p\u00e5 en webformular, opdaterer eller tilf\u00f8jer oplysninger til din konto, deltager i et supportforum, eller n\u00e5r du p\u00e5 anden m\u00e5de korresponderer med leverand\u00f8ren.\n<ol class=\"wp-block-list\">\n<li>Nogle af disse personlige oplysninger, s\u00e5som en m\u00e5de at identificere dig p\u00e5, er n\u00f8dvendige for at acceptere leverand\u00f8rens vilk\u00e5r og betingelser for service. Det er frivilligt at afgive alle andre personlige oplysninger, men det kan v\u00e6re n\u00f8dvendigt for at bruge vores tjenester, f.eks. deltagelse i konkurrencer, lodtr\u00e6kninger eller oplysninger, der er n\u00f8dvendige for at gennemf\u00f8re en transaktion. <\/li>\n<\/ol>\n<\/li>\n\n\n\n<li>Personlige oplysninger, som du giver til leverand\u00f8ren, n\u00e5r du foretager et k\u00f8b eller opretter en konto hos leverand\u00f8ren:\n<ol class=\"wp-block-list\">\n<li>Identificerende oplysninger som f.eks. navn, adresse, telefonnummer eller e-mailadresse, n\u00e5r du opretter en konto hos os.<\/li>\n\n\n\n<li>Ordreoplysninger, der er knyttet til din konto som f\u00f8lge af en transaktion, du er involveret i.<\/li>\n\n\n\n<li>Andet indhold, som du genererer, eller som er forbundet med din konto (f.eks. tilf\u00f8jelse af varer til din kurv).<\/li>\n\n\n\n<li>Finansielle oplysninger (f.eks. kreditkort- eller bankkontonumre) i forbindelse med en transaktion.<\/li>\n\n\n\n<li>Porto-, fakturerings- og andre oplysninger, der bruges til at k\u00f8be eller sende en vare, samt relevante portooplysninger (f.eks. sporingsnumre og sporingsopdateringer).<\/li>\n\n\n\n<li>Du kan ogs\u00e5 give leverand\u00f8ren andre oplysninger via en webformular, ved at opdatere eller tilf\u00f8je oplysninger til din konto, gennem din deltagelse i forumdiskussioner, supportanmodninger, eller n\u00e5r du p\u00e5 anden m\u00e5de kommunikerer med leverand\u00f8ren vedr\u00f8rende leverand\u00f8rens varer og tjenester.<\/li>\n\n\n\n<li>Yderligere oplysninger, som leverand\u00f8ren er forpligtet eller autoriseret til at indsamle og behandle i henhold til g\u00e6ldende national lovgivning for at autentificere eller identificere dig eller for at verificere de oplysninger, som leverand\u00f8ren har indsamlet.<\/li>\n<\/ol>\n<\/li>\n\n\n\n<li>Personlige oplysninger, som leverand\u00f8ren indsamler automatisk, n\u00e5r du bruger til at foretage et k\u00f8b eller oprette en konto hos leverand\u00f8ren:\n<ol class=\"wp-block-list\">\n<li>Leverand\u00f8ren indsamler oplysninger om din interaktion med webstedet, dine reklamepr\u00e6ferencer og din kommunikation med leverand\u00f8ren. Dette er oplysninger, som leverand\u00f8ren modtager fra enheder (herunder mobile enheder), som du bruger, n\u00e5r du g\u00e5r ind p\u00e5 dele af leverand\u00f8rens websted. Disse oplysninger kan omfatte f\u00f8lgende: Enheds-ID eller unik identifikator, enhedstype, ID til annoncering og unik enhedstoken.  <\/li>\n\n\n\n<li>Placeringsoplysninger, herunder placeringsoplysninger fra din mobilenhed. Husk, at de fleste mobile enheder giver dig mulighed for at kontrollere eller deaktivere brugen af lokationstjenester af ethvert program p\u00e5 din mobile enhed i enhedens indstillingsmenu. <\/li>\n\n\n\n<li>Computer- og forbindelsesoplysninger som f.eks. statistik over dine sidevisninger, trafik til og fra webstederne, henvisnings-URL, annoncedata, din IP-adresse, din browserhistorik og dine weblogoplysninger.<\/li>\n<\/ol>\n<\/li>\n\n\n\n<li>Personlige oplysninger, som leverand\u00f8ren indsamler ved hj\u00e6lp af cookies og lignende teknologier\n<ol class=\"wp-block-list\">\n<li>Leverand\u00f8ren bruger cookies, web beacons, unikke identifikatorer og lignende teknologier til at indsamle oplysninger om de sider, du ser, de links, du klikker p\u00e5, og andre handlinger, du foretager, n\u00e5r du surfer p\u00e5 leverand\u00f8rens websted, i leverand\u00f8rens reklamer eller e-mailindhold. For mere information om brugen af disse teknologier, og hvordan du kontrollerer dem, se vores cookiepolitik. <\/li>\n<\/ol>\n<\/li>\n\n\n\n<li>Personlige oplysninger indsamlet fra andre kilder\n<ol class=\"wp-block-list\">\n<li>Leverand\u00f8ren supplerer de personlige oplysninger, som leverand\u00f8ren indsamler direkte, med oplysninger indsamlet fra tredjeparter og f\u00f8jer dem til dine kontooplysninger. For eksempel indsamler og bruger leverand\u00f8ren demografiske og andre oplysninger, der er offentligt tilg\u00e6ngelige i en g\u00e6ldende jurisdiktion, yderligere kontaktoplysninger, oplysninger om kreditkontrol og oplysninger fra kreditbureauer, som det er tilladt i henhold til g\u00e6ldende national lovgivning. <\/li>\n\n\n\n<li>Sociale medier - Leverand\u00f8ren giver dig mulighed for at dele oplysninger med sociale mediesider eller bruge sociale mediesider til at oprette din konto eller forbinde din konto med den respektive sociale medieside. Disse sociale mediesider kan give leverand\u00f8ren automatisk adgang til visse personlige oplysninger, som de opbevarer om dig (f.eks. indhold, som du har set, indhold, som du synes godt om, og oplysninger om de reklamer, du har f\u00e5et vist eller har klikket p\u00e5 osv.) Hvis du giver leverand\u00f8ren adgang til et websted med videoindhold, accepterer du, at leverand\u00f8ren kan dele din videovisning med eller indhente oplysninger om din videovisning fra tredjeparts sociale mediesider i mindst to \u00e5r, eller indtil du tr\u00e6kker tilladelsen eller forbindelsen til det sociale medieside tilbage. Du kontrollerer de personlige oplysninger, du giver leverand\u00f8ren adgang til via privatlivsindstillingerne p\u00e5 det relevante sociale mediesite og de tilladelser, du giver leverand\u00f8ren, n\u00e5r du giver leverand\u00f8ren adgang til de personlige oplysninger, der opbevares af det respektive sociale mediesite om dig. Ved at knytte en konto, der administreres af et socialt medie, til din konto og give leverand\u00f8ren adgang til disse oplysninger, accepterer du, at leverand\u00f8ren kan indsamle, bruge og opbevare de oplysninger, der leveres af disse sociale medier, i overensstemmelse med denne meddelelse om beskyttelse af personlige oplysninger. Leverand\u00f8ren kan ogs\u00e5 bruge plugins eller andre teknologier fra forskellige sociale mediesider. Hvis du klikker p\u00e5 et link, der leveres via et plugin til et socialt medie, opretter du frivilligt en forbindelse til det p\u00e5g\u00e6ldende sociale medieside.      <\/li>\n\n\n\n<li>Hvis du giver leverand\u00f8ren personlige oplysninger om en anden person, m\u00e5 du kun g\u00f8re det med denne persons tilladelse. Du b\u00f8r informere dem om, hvordan leverand\u00f8ren indsamler, bruger, videregiver og opbevarer deres personlige oplysninger i henhold til leverand\u00f8rens vilk\u00e5r og betingelser. <\/li>\n<\/ol>\n<\/li>\n\n\n\n<li>Oplysninger, der hj\u00e6lper leverand\u00f8ren med at levere leverand\u00f8rens service til dig.\n<ol class=\"wp-block-list\">\n<li>Leverand\u00f8ren arbejder t\u00e6t sammen med tredjeparter for at hj\u00e6lpe leverand\u00f8ren med at levere tjenester til dig. Disse tredjeparter er forretningspartnere inden for tekniske tjenester, betalings- og leveringstjenester, reklamenetv\u00e6rk, analyseudbydere, udbydere af s\u00f8geoplysninger, kreditoplysningsbureauer, bureauer til forebyggelse af bedrageri og udviklere. Oplysninger, som leverand\u00f8ren kan indsamle om dig fra s\u00e5danne parter, kan omfatte kredits\u00f8gningsoplysninger, oplysninger, der hj\u00e6lper leverand\u00f8ren med at verificere din identitet eller oplysninger vedr\u00f8rende dine betalingstransaktioner.  <\/li>\n\n\n\n<li>Hvis du giver leverand\u00f8ren lov til det, vil leverand\u00f8ren indsamle vennelister fra Facebook og lignende oplysninger fra andre tredjeparter s\u00e5som Twitter og Google, og leverand\u00f8ren kan med j\u00e6vne mellemrum indsamle disse oplysninger igen for at holde sig opdateret.<\/li>\n<\/ol>\n<\/li>\n<\/ol>\n\n<h2 class=\"wp-block-heading\" id=\"h-data-processing\">DATABEHANDLING<\/h2>\n\n<ol class=\"wp-block-list\">\n<li>Leverand\u00f8ren vil kun bruge dine personlige data, n\u00e5r loven tillader det. Oftest kan leverand\u00f8ren bruge dine personoplysninger (f.eks. dine indsendte oplysninger, placeringsoplysninger eller transaktionsoplysninger) til at danne sig et overblik over, hvad leverand\u00f8ren tror, du \u00f8nsker eller har brug for, eller hvad der kan v\u00e6re af interesse for dig. <\/li>\n\n\n\n<li>Leverand\u00f8ren vil kun bruge dine personoplysninger til de form\u00e5l, som leverand\u00f8ren indsamlede dem til, medmindre leverand\u00f8ren med rimelighed vurderer, at leverand\u00f8ren har brug for at bruge dem til et andet form\u00e5l, og at dette form\u00e5l er foreneligt med det oprindelige form\u00e5l.<\/li>\n\n\n\n<li>Hvis du giver dit udtrykkelige samtykke, kan leverand\u00f8ren bruge dine identitets-, kontakt-, tekniske, brugs- og\/eller profildata til at danne sig et overblik over, hvad leverand\u00f8ren tror, du \u00f8nsker eller har brug for, eller hvad der kan v\u00e6re af interesse for dig. Du kan til enhver tid tr\u00e6kke dit samtykke tilbage. Under visse begr\u00e6nsede omst\u00e6ndigheder kan leverand\u00f8ren kontakte dig om lignende produkter, hvor du har k\u00f8bt produkter fra leverand\u00f8ren, og du ikke har fravalgt at modtage disse oplysninger.  <\/li>\n\n\n\n<li>Fravalg\/afmelding - Du kan til enhver tid bede leverand\u00f8ren om at stoppe med at sende dig markedsf\u00f8ringsmeddelelser ved at f\u00f8lge afmeldingslinkene i enhver markedsf\u00f8ringsmeddelelse, der sendes til dig, eller ved at kontakte leverand\u00f8ren til enhver tid. Hvis du frav\u00e6lger at modtage disse markedsf\u00f8ringsmeddelelser, kan du stadig modtage meddelelser til andre form\u00e5l (s\u00e5som at give dig den relevante ordre eller produktrelaterede oplysninger). <\/li>\n\n\n\n<li>Leverand\u00f8ren kan videregive de data, som leverand\u00f8ren indsamler fra dig, til visse tredjeparter, der bruger personlige data til at levere deres tjenester til leverand\u00f8ren, de bruger data sikkert og fortroligt og under streng kontraktlig kontrol i overensstemmelse med databeskyttelseslove.<\/li>\n\n\n\n<li>Du kan til enhver tid tr\u00e6kke dit samtykke tilbage efter at have givet dit udtrykkelige samtykke ved at kontakte leverand\u00f8ren.<\/li>\n<\/ol>\n\n<h2 class=\"wp-block-heading\" id=\"h-data-protection\">DATABESKYTTELSE<\/h2>\n\n<ol class=\"wp-block-list\">\n<li>Leverand\u00f8ren vil tage alle rimelige forholdsregler for at holde oplysningerne om din ordre og betaling sikre, men medmindre leverand\u00f8ren er uagtsom, er leverand\u00f8ren ikke ansvarlig for uautoriseret adgang til oplysninger leveret af dig.<\/li>\n\n\n\n<li>Leverand\u00f8ren begr\u00e6nser adgangen til dine personoplysninger til de medarbejdere, agenter, entrepren\u00f8rer og andre tredjeparter, der har et forretningsm\u00e6ssigt behov for at vide det. De vil kun behandle dine personoplysninger efter leverand\u00f8rens anvisninger, og de er underlagt tavshedspligt. <\/li>\n\n\n\n<li>Leverand\u00f8ren har indf\u00f8rt procedurer til at h\u00e5ndtere enhver mistanke om brud p\u00e5 persondatasikkerheden og vil underrette dig og enhver relevant tilsynsmyndighed om et brud, hvor leverand\u00f8ren er lovm\u00e6ssigt forpligtet til at g\u00f8re det.<\/li>\n<\/ol>\n\n<h2 class=\"wp-block-heading\" id=\"h-privacy-policy\">POLITIK FOR BESKYTTELSE AF PERSONLIGE OPLYSNINGER<\/h2>\n\n<ol class=\"wp-block-list\">\n<li>Leverand\u00f8ren opbevarer ikke kreditkortoplysninger og deler heller ikke kundeoplysninger med ulovlige tredjeparter.<\/li>\n\n\n\n<li>Leverand\u00f8ren opbevarer kun dine personoplysninger, s\u00e5 l\u00e6nge det er n\u00f8dvendigt for at opfylde de form\u00e5l, som leverand\u00f8ren indsamlede dem til, herunder med henblik p\u00e5 at opfylde eventuelle juridiske, regnskabsm\u00e6ssige eller rapporteringsm\u00e6ssige krav.<\/li>\n\n\n\n<li>Leverand\u00f8ren vil generelt opbevare vores kunders data i en periode p\u00e5 6 (seks) \u00e5r efter, at en kontrakt er afsluttet, for at sikre, at leverand\u00f8ren er i stand til at hj\u00e6lpe dig, hvis du har sp\u00f8rgsm\u00e5l eller feedback i forhold til leverand\u00f8rens produkter eller for at beskytte eller forsvare vores juridiske rettigheder eller til skatteform\u00e5l.<\/li>\n\n\n\n<li>Hvis leverand\u00f8ren har behandlet dine personoplysninger for at give dig markedsf\u00f8ringskommunikation med samtykke, kan leverand\u00f8ren kontakte dig mindst hver tolvte (12.) m\u00e5ned for at sikre, at du gerne vil forts\u00e6tte med at modtage s\u00e5dan kommunikation. Hvis du fort\u00e6ller leverand\u00f8ren, at du ikke l\u00e6ngere \u00f8nsker at modtage s\u00e5danne meddelelser, vil dine personoplysninger blive fjernet fra leverand\u00f8rens markedsf\u00f8ringslister (men vil blive f\u00f8jet til en \u00bbkontakt ikke\u00ab-liste). <\/li>\n\n\n\n<li>Hvis leverand\u00f8ren har behandlet dine data af andre \u00e5rsager (f.eks. hvis du har kontaktet leverand\u00f8ren med et sp\u00f8rgsm\u00e5l i forbindelse med produkter eller tjenester), vil leverand\u00f8ren opbevare dine data i tolv (12) m\u00e5neder.<\/li>\n\n\n\n<li>Under visse omst\u00e6ndigheder kan leverand\u00f8ren anonymisere dine persondata (s\u00e5 de ikke l\u00e6ngere kan forbindes med dig) til forsknings- eller statistiske form\u00e5l, og i s\u00e5 fald kan leverand\u00f8ren bruge disse oplysninger p\u00e5 ubestemt tid uden yderligere varsel til dig.<\/li>\n\n\n\n<li>Under visse omst\u00e6ndigheder har du rettigheder i henhold til databeskyttelseslovgivningen i forhold til dine personoplysninger. Disse rettigheder er beskrevet nedenfor: \n<ol class=\"wp-block-list\">\n<li>Anmod om adgang til dine personoplysninger (almindeligvis kendt som en \u00bbanmodning om adgang til den registrerede\u00ab). Dette giver dig mulighed for at modtage en kopi af de personoplysninger, som leverand\u00f8ren har om dig, og for at kontrollere, at leverand\u00f8ren behandler dem lovligt. <\/li>\n\n\n\n<li>Anmod om rettelse af de personoplysninger, som leverand\u00f8ren har om dig. Dette giver dig mulighed for at f\u00e5 rettet eventuelle ufuldst\u00e6ndige eller un\u00f8jagtige data, som leverand\u00f8ren har om dig, selvom leverand\u00f8ren muligvis er n\u00f8dt til at kontrollere n\u00f8jagtigheden af de nye data, du giver til leverand\u00f8ren. <\/li>\n\n\n\n<li>Anmod om sletning af dine personoplysninger. Dette giver dig mulighed for at bede leverand\u00f8ren om at slette eller fjerne personoplysninger, hvor der ikke er nogen god grund til, at leverand\u00f8ren forts\u00e6tter med at behandle dem. Du har ogs\u00e5 ret til at bede leverand\u00f8ren om at slette eller fjerne dine persondata, hvis du har ud\u00f8vet din ret til at g\u00f8re indsigelse mod behandlingen, hvis leverand\u00f8ren har behandlet dine oplysninger ulovligt, eller hvis leverand\u00f8ren er forpligtet til at slette dine persondata for at overholde lokal lovgivning. Bem\u00e6rk dog, at leverand\u00f8ren muligvis ikke altid er i stand til at efterkomme din anmodning om sletning af specifikke juridiske \u00e5rsager, som vil blive meddelt dig, hvis det er relevant, p\u00e5 tidspunktet for din anmodning.   <\/li>\n\n\n\n<li>G\u00f8r indsigelse mod behandling af dine personoplysninger, hvis leverand\u00f8ren p\u00e5ber\u00e5ber sig en legitim interesse (eller en tredjeparts), og der er noget ved din s\u00e6rlige situation, der g\u00f8r, at du \u00f8nsker at g\u00f8re indsigelse mod behandling af denne grund, da du f\u00f8ler, at det p\u00e5virker dine grundl\u00e6ggende rettigheder og friheder. Du har ogs\u00e5 ret til at g\u00f8re indsigelse, hvis leverand\u00f8ren behandler dine personoplysninger med henblik p\u00e5 direkte markedsf\u00f8ring. I nogle tilf\u00e6lde kan leverand\u00f8ren p\u00e5vise, at leverand\u00f8ren har overbevisende legitime grunde til at behandle dine oplysninger, som tilsides\u00e6tter dine rettigheder og friheder.  <\/li>\n\n\n\n<li>Anmod om begr\u00e6nsning af behandlingen af dine personoplysninger. Dette giver dig mulighed for at bede leverand\u00f8ren om at suspendere behandlingen af dine personoplysninger i f\u00f8lgende scenarier: hvis du \u00f8nsker, at leverand\u00f8ren skal fastsl\u00e5 oplysningernes n\u00f8jagtighed; hvor leverand\u00f8rens brug af oplysningerne er ulovlig, men du ikke \u00f8nsker, at leverand\u00f8ren sletter dem; hvor du har brug for, at leverand\u00f8ren opbevarer oplysningerne, selvom leverand\u00f8ren ikke l\u00e6ngere har brug for dem, da du har brug for dem til at etablere, ud\u00f8ve eller forsvare juridiske krav; eller du har gjort indsigelse mod leverand\u00f8rens brug af dine oplysninger, men leverand\u00f8ren har brug for at kontrollere, om leverand\u00f8ren har overordnede legitime grunde til at bruge dem. <\/li>\n\n\n\n<li>Anmode om overf\u00f8rsel af dine personoplysninger (som registreret) til dig eller til en tredjepart. Tilbagekalde samtykke til enhver tid, hvor leverand\u00f8ren er afh\u00e6ngig af samtykke til at behandle dine personoplysninger. Dette vil dog ikke p\u00e5virke lovligheden af enhver behandling, der er udf\u00f8rt, f\u00f8r du tr\u00e6kker dit samtykke tilbage. Hvis du tr\u00e6kker dit samtykke tilbage, er leverand\u00f8ren muligvis ikke i stand til at levere visse produkter eller tjenester til dig. Leverand\u00f8ren vil r\u00e5dgive dig, hvis dette er tilf\u00e6ldet p\u00e5 det tidspunkt, hvor du tr\u00e6kker dit samtykke tilbage. Hvis du \u00f8nsker at ud\u00f8ve nogen af de rettigheder, der er beskrevet ovenfor, bedes du kontakte leverand\u00f8ren direkte via deres kontaktoplysninger.     <\/li>\n\n\n\n<li>Der kr\u00e6ves normalt ikke noget gebyr, og du skal ikke betale et gebyr for at f\u00e5 adgang til dine personoplysninger (eller for at ud\u00f8ve nogen af de andre rettigheder). Leverand\u00f8ren kan dog opkr\u00e6ve et rimeligt gebyr, hvis din anmodning er klart ubegrundet, gentagen eller overdreven. Alternativt kan leverand\u00f8ren n\u00e6gte at efterkomme din anmodning under disse omst\u00e6ndigheder.  <\/li>\n<\/ol>\n<\/li>\n\n\n\n<li>Leverand\u00f8ren kan v\u00e6re n\u00f8dt til at anmode om specifikke oplysninger fra dig for at hj\u00e6lpe leverand\u00f8ren med at bekr\u00e6fte din identitet og sikre din ret til at f\u00e5 adgang til dine personlige data (eller til at ud\u00f8ve nogen af dine andre rettigheder). Dette er en sikkerhedsforanstaltning for at sikre, at personoplysninger ikke videregives til personer, der ikke har ret til at modtage dem. Leverand\u00f8ren kan ogs\u00e5 kontakte dig for at bede dig om yderligere oplysninger i forbindelse med din anmodning for at fremskynde leverand\u00f8rens svar.  <\/li>\n\n\n\n<li>Du har til enhver tid ret til at indgive en klage til ICO, den britiske tilsynsmyndighed for databeskyttelse (p\u00e5 www.ico.org.uk). Leverand\u00f8ren vil dog s\u00e6tte pris p\u00e5 muligheden for at h\u00e5ndtere dine bekymringer, f\u00f8r du henvender dig til ICO, s\u00e5 kontakt os venligst i f\u00f8rste omgang. <\/li>\n<\/ol>\n\n<p>Fortrolighedspolitik sidst opdateret: 11. marts 2023 - 9:25PM.<\/p>\n","protected":false},"excerpt":{"rendered":"<p>F\u00f8lgende privatlivspolitik skal ses i sammenh\u00e6ng med (parret med), \u00bbsom \u00e9n\u00ab med vilk\u00e5r og betingelser, retur- og tilbagebetalingspolitik og cookiepolitik. Navigation DATAINDSAMLING DATABEHANDLING DATABESKYTTELSE POLITIK FOR BESKYTTELSE AF PERSONLIGE OPLYSNINGER Fortrolighedspolitik sidst opdateret: 11. marts 2023 - 9:25PM.<\/p>\n","protected":false},"author":1,"featured_media":0,"parent":0,"menu_order":0,"comment_status":"closed","ping_status":"closed","template":"","meta":{"_acf_changed":false,"footnotes":""},"class_list":["post-17713","page","type-page","status-publish","hentry"],"acf":[],"_links":{"self":[{"href":"https:\/\/ayaneo.co\/da\/wp-json\/wp\/v2\/pages\/17713","targetHints":{"allow":["GET"]}}],"collection":[{"href":"https:\/\/ayaneo.co\/da\/wp-json\/wp\/v2\/pages"}],"about":[{"href":"https:\/\/ayaneo.co\/da\/wp-json\/wp\/v2\/types\/page"}],"author":[{"embeddable":true,"href":"https:\/\/ayaneo.co\/da\/wp-json\/wp\/v2\/users\/1"}],"replies":[{"embeddable":true,"href":"https:\/\/ayaneo.co\/da\/wp-json\/wp\/v2\/comments?post=17713"}],"version-history":[{"count":0,"href":"https:\/\/ayaneo.co\/da\/wp-json\/wp\/v2\/pages\/17713\/revisions"}],"wp:attachment":[{"href":"https:\/\/ayaneo.co\/da\/wp-json\/wp\/v2\/media?parent=17713"}],"curies":[{"name":"wp","href":"https:\/\/api.w.org\/{rel}","templated":true}]}}