{"id":15571,"date":"2025-01-23T13:59:52","date_gmt":"2025-01-23T13:59:52","guid":{"rendered":"https:\/\/ayaneo.co\/product\/ayaneo-pocket-evo-skaermbeskyttelse\/"},"modified":"2025-12-09T00:38:27","modified_gmt":"2025-12-09T00:38:27","slug":"ayaneo-pocket-evo-skaermbeskyttelse","status":"publish","type":"product","link":"https:\/\/ayaneo.co\/da\/product\/ayaneo-pocket-evo-skaermbeskyttelse\/","title":{"rendered":"AYANEO Pocket EVO sk\u00e6rmbeskytter"},"content":{"rendered":"\n<h2 class=\"wp-block-heading\">Produktoversigt:<\/h2>\n\n<p><strong>AYANEO Pocket EVO Screen Protector<\/strong> er designet til at beskytte din konsols sk\u00e6rm og samtidig sikre overlegen klarhed. Denne sk\u00e6rmbeskytter er fremstillet af h\u00e6rdet glas af h\u00f8j kvalitet og giver fremragende modstandsdygtighed over for ridser og pletter, s\u00e5 din enheds sk\u00e6rm forbliver uber\u00f8rt og dine billeder fejlfri.<\/p>\n\n<ol class=\"wp-block-list\">\n<li><strong>Skr\u00e6ddersyet pasform<\/strong> til AYANEO Pocket EVO.<\/li>\n\n\n\n<li>Holdbar og <strong>ridsefast overflade<\/strong>.<\/li>\n\n\n\n<li>Ultraklart materiale giver <strong>levende spilbilleder<\/strong>.<\/li>\n\n\n\n<li>Smudsafvisende bel\u00e6gning for <strong>et rent og klart display<\/strong>.<\/li>\n\n\n\n<li>Nem, boblefri installation for <strong>problemfri anvendelse<\/strong>.<\/li>\n<\/ol>\n\n<h2 class=\"wp-block-heading\">Hvorfor v\u00e6lge AYANEO Pocket EVO sk\u00e6rmbeskytter?<\/h2>\n\n<p>AYANEO Pocket EVO Screen Protector kombinerer f\u00f8rsteklasses materialer og pr\u00e6cist design for at levere enest\u00e5ende beskyttelse og visuel klarhed. Uanset om du spiller derhjemme eller p\u00e5 farten, sikrer denne sk\u00e6rmbeskyttelse, at din enhed forbliver ridsefri, samtidig med at den bevarer levende, krystalklare billeder.<\/p>\n\n<hr class=\"wp-block-separator has-alpha-channel-opacity\"\/>\n\n<h4 class=\"wp-block-heading\">Specifikationer:<\/h4>\n\n<ul class=\"wp-block-list\">\n<li><strong>Materiale:<\/strong> H\u00e6rdet glas<\/li>\n\n\n\n<li><strong>Kompatibilitet:<\/strong> AYANEO Pocket EVO-konsol<\/li>\n\n\n\n<li><strong>Funktioner:<\/strong> Ridsefast, smudsafvisende, ultraklar og boblefri p\u00e5f\u00f8ring<\/li>\n<\/ul>\n\n<p>Opgrader din spiloplevelse med AYANEO Pocket EVO Screen Protector - det ultimative skjold til din konsols sk\u00e6rm!  <\/p>\n","protected":false},"excerpt":{"rendered":"<ul>\n<li><strong>Skr\u00e6ddersyet pasform<\/strong> til AYANEO Pocket EVO.<\/li>\n<li>Holdbar og <strong>ridsefast overflade<\/strong>.<\/li>\n<li>Ultraklart materiale giver <strong>levende spilbilleder<\/strong>.<\/li>\n<li>Smudsafvisende bel\u00e6gning for <strong>et rent og klart display<\/strong>.<\/li>\n<li>Nem, boblefri installation for <strong>problemfri anvendelse<\/strong>.<\/li>\n<\/ul>\n[cg_accordion title=\"INFO OM BETALING\"]<\/p>\n<p>Vi bruger den nyeste teknologi inden for betalingsbehandling, som giver dig mulighed for at betale via Apple Pay, Google Pay, dit betalings-\/kreditkort, PayPal eller BNPL-metoder som Klarna, Affirm eller AfterPay for en hurtig og sikker oplevelse.[\/cg_accordion]\n[cg_accordion title=\"GARANTI\"]<\/p>\n<p>1 \u00e5rs garanti fra <a href=\"https:\/\/droix.net\/\" target=\"_blank\" rel=\"nofollow noopener\">DROIX Global<\/a> for at give dig ro i sindet[\/cg_accordion]\n[cg_accordion title=\"KVALITETSSIKRING OG TEST F\u00d8R AFSENDELSE\"]<\/p>\n<p>Sikrer kundetilfredshed p\u00e5 h\u00f8jeste niveau: Hver enhed gennemg\u00e5r strenge tests og en flerpunkts kvalitetssikringskontrol, f\u00f8r den sendes. Vores dedikerede team verificerer ydeevne, funktionalitet og komponentintegritet for at garantere, at din AYANEO-enhed er i perfekt stand ved ankomsten, hvilket giver dig tillid og ro i sindet. [\/cg_accordion]\n[cg_accordion title=\"PRISER, AFGIFTER OG FORSENDELSE\"]<\/p>\n<p><strong><u>Bem\u00e6rk:<\/u><\/strong><\/p>\n<ul>\n<li>Kunder i USA: Den viste pris inkluderer IKKE SKAT eller afgifter. Ansvaret for at toldbehandle og betale eventuelle tilknyttede skatter\/afgifter ligger hos kunden. <\/li>\n<li>EU-kunder: Den viste pris inkluderer g\u00e6ldende SKAT, som kan v\u00e6re op til 25% afh\u00e6ngigt af dit land.<\/li>\n<li>Kunder i Canada: Den viste pris inkluderer g\u00e6ldende skatter, som kan omfatte 5% GST og yderligere provinsielle salgsafgifter (PST), harmoniseret salgsafgift (HST) eller Quebec Sales Tax (QST), afh\u00e6ngigt af din provins.<\/li>\n<\/ul>\n<p><strong>KUN for EU-kunder:<\/strong> Express DDP (Delivered Duty Paid). Dette betyder: <\/p>\n<ul>\n<li>Alle toldafgifter og skatter er inkluderet i den pris, der vises p\u00e5 produktsiden.<\/li>\n<li>Du skal ikke betale yderligere gebyrer ved levering.<\/li>\n<li>I sj\u00e6ldne tilf\u00e6lde af toldrelaterede problemer vil vores team h\u00e5ndtere fortoldningsprocessen p\u00e5 dine vegne for at sikre en problemfri leveringsoplevelse.<\/li>\n<p>Vigtig information om returnering:<\/p>\n<li>Hvis du beslutter at returnere din ordre eller anmode om refusion, skal du v\u00e6re opm\u00e6rksom p\u00e5, at skatter og afgifter, der er betalt p\u00e5 dine vegne i henhold til DDP-vilk\u00e5r, ikke kan refunderes.<\/li>\n<p>Se vores <a href=\"https:\/\/ayaneo.co\/da\/vilkaar-for-service\/\" target=\"_blank\" rel=\"nofollow noopener\">vilk\u00e5r og betingelser<\/a> for detaljerede oplysninger.\n<\/ul>\n<p>[\/cg_accordion]\n[cg_accordion title=\"KUNDESUPPORT\"]<\/p>\n<p>Har du et sp\u00f8rgsm\u00e5l? Vi er kun en kort sms v\u00e6k fra at have l\u00f8st dit problem! [\/cg_accordion]\n[cg_accordion title=\"PAKKEN INDEHOLDER\"]<\/p>\n<ul>\n<li>1x AYANEO Pocket EVO sk\u00e6rmbeskytter<\/li>\n<\/ul>\n<p>[\/cg_accordion]\n","protected":false},"featured_media":15575,"template":"","meta":{"_acf_changed":false},"product_brand":[],"product_cat":[1143],"product_tag":[],"class_list":{"0":"post-15571","1":"product","2":"type-product","3":"status-publish","4":"has-post-thumbnail","6":"product_cat-tilbehor","7":"product_shipping_class-low-end","8":"pa_accessory-type-screen-protector-da","9":"pa_brand-ayaneo","11":"first","12":"instock","13":"sale","14":"taxable","15":"shipping-taxable","16":"purchasable","17":"product-type-simple"},"acf":[],"_links":{"self":[{"href":"https:\/\/ayaneo.co\/da\/wp-json\/wp\/v2\/product\/15571","targetHints":{"allow":["GET"]}}],"collection":[{"href":"https:\/\/ayaneo.co\/da\/wp-json\/wp\/v2\/product"}],"about":[{"href":"https:\/\/ayaneo.co\/da\/wp-json\/wp\/v2\/types\/product"}],"wp:featuredmedia":[{"embeddable":true,"href":"https:\/\/ayaneo.co\/da\/wp-json\/wp\/v2\/media\/15575"}],"wp:attachment":[{"href":"https:\/\/ayaneo.co\/da\/wp-json\/wp\/v2\/media?parent=15571"}],"wp:term":[{"taxonomy":"product_brand","embeddable":true,"href":"https:\/\/ayaneo.co\/da\/wp-json\/wp\/v2\/product_brand?post=15571"},{"taxonomy":"product_cat","embeddable":true,"href":"https:\/\/ayaneo.co\/da\/wp-json\/wp\/v2\/product_cat?post=15571"},{"taxonomy":"product_tag","embeddable":true,"href":"https:\/\/ayaneo.co\/da\/wp-json\/wp\/v2\/product_tag?post=15571"}],"curies":[{"name":"wp","href":"https:\/\/api.w.org\/{rel}","templated":true}]}}