{"id":15614,"date":"2025-01-28T11:05:14","date_gmt":"2025-01-28T11:05:14","guid":{"rendered":"https:\/\/ayaneo.co\/product\/droix-pm14-4k-baerbar-skaerm\/"},"modified":"2025-06-06T10:40:53","modified_gmt":"2025-06-06T10:40:53","slug":"droix-pm14-4k-baerbar-skaerm","status":"publish","type":"product","link":"https:\/\/ayaneo.co\/da\/product\/droix-pm14-4k-baerbar-skaerm\/","title":{"rendered":"DroiX PM14 4K b\u00e6rbar sk\u00e6rm"},"content":{"rendered":"\n<div class=\"wp-block-columns is-layout-flex wp-container-core-columns-is-layout-28f84493 wp-block-columns-is-layout-flex\">\n<div class=\"wp-block-column is-layout-flow wp-block-column-is-layout-flow\" style=\"flex-basis:33.33%\">\n<figure class=\"wp-block-image size-large\"><a href=\"https:\/\/droix.net\/wp-content\/uploads\/2024\/05\/DROIX-PM14-LISTING-V2-DONE-01-NON-TOUCH.png\" target=\"_blank\" rel=\"noopener\"><img decoding=\"async\" src=\"https:\/\/droix.net\/wp-content\/uploads\/2024\/05\/DROIX-PM14-LISTING-V2-DONE-01-NON-TOUCH-1024x1024.png\" alt=\"Billede af DroiX b&#xE6;rbar sk&#xE6;rm, 14 tommer, 4K, ultratynd&quot;\" class=\"wp-image-179745\"\/><\/a><\/figure>\n<\/div>\n\n\n\n<div class=\"wp-block-column is-layout-flow wp-block-column-is-layout-flow\" style=\"flex-basis:66.66%\">\n<h3 class=\"wp-block-heading\"><strong>DroiX PM14 - 14,0 tommer 4K ultratynd b\u00e6rbar sk\u00e6rm<\/strong><\/h3>\n\n\n\n<p>Oplev de banebrydende fremskridt inden for sk\u00e6rmteknologi med DroiX PM14, en 14,0&#8243; ultratynd b\u00e6rbar sk\u00e6rm, der f\u00e5s b\u00e5de med og uden ber\u00f8ringssk\u00e6rm. Denne innovative enhed s\u00e6tter en ny standard inden for mobil computerbrug ved at kombinere robust ydeevne med enest\u00e5ende b\u00e6rbarhed og et moderne design. Uanset om du er professionel eller underholdningsentusiast, er den b\u00e6rbare DroiX PM14 4K-sk\u00e6rm skabt til problemfrit at kunne integreres i din dynamiske livsstil og giver vigtig alsidighed, uanset om du er hjemme, p\u00e5 kontoret eller p\u00e5 farten.  <\/p>\n<\/div>\n<\/div>\n\n<h3 class=\"wp-block-heading\"><strong>Produktoversigt<\/strong><\/h3>\n\n<figure class=\"wp-block-image aligncenter size-large\"><a href=\"https:\/\/droix.net\/wp-content\/uploads\/2024\/04\/1080P-FHD.jpg\" target=\"_blank\" rel=\"noopener\"><img decoding=\"async\" src=\"https:\/\/droix.net\/wp-content\/uploads\/2024\/04\/1080P-FHD-1024x420.jpg\" alt=\"Billede af DroiX b&#xE6;rbar sk&#xE6;rm, 14&quot;, 4K, ultratynd, med en skarp 3840x2160 UHD-opl&#xF8;sning med levende farver og utrolige detaljer, DCI-P3 100% farveskala og HDR400-underst&#xF8;ttelse\" class=\"wp-image-178360\"\/><\/a><\/figure>\n\n<p>Den b\u00e6rbare DroiX PM14-sk\u00e6rm viser moderne teknik, n\u00e5r den er bedst, med en levende 3840&#215;2160 UHD-opl\u00f8sning, der v\u00e6kker indhold til live med levende farver og enest\u00e5ende detaljer. Med en DCI-P3 100% farveskala og HDR400-underst\u00f8ttelse leverer den fantastiske billeder, der er kendetegnet ved dybe sorte og lyse hvide. Dens slanke profil og lette design sikrer ultimativ b\u00e6rbarhed uden at g\u00e5 p\u00e5 kompromis med kvalitet eller ydeevne.  <\/p>\n\n<figure class=\"wp-block-image aligncenter size-large\"><a href=\"https:\/\/droix.net\/wp-content\/uploads\/2024\/04\/Color.jpg\" target=\"_blank\" rel=\"noopener\"><img decoding=\"async\" src=\"https:\/\/droix.net\/wp-content\/uploads\/2024\/04\/Color-1024x406.jpg\" alt=\"Billede af DroiX Portable Monitor, 14&quot;, 4K, Ultra Thin, med DCI-P3 100% farveskala og HDR400-underst&#xF8;ttelse for fantastiske billeder med dybe sorte og lyse hvide. Slank profil og letv&#xE6;gtsdesign giver ultimativ b&#xE6;rbarhed uden at g&#xE5; p&#xE5; kompromis med kvalitet eller ydeevne. \" class=\"wp-image-178361\"\/><\/a><\/figure>\n\n<p>DroiX PM14 er designet med ergonomisk ekspertise og har et brugervenligt kontrolhjul og alsidige tilslutningsmuligheder som Mini HDMI og flere USB-C-porte. Det g\u00f8r den velegnet til alle dine enheder, uanset om du spiller p\u00e5 PlayStation, redigerer videoer p\u00e5 Mac eller pr\u00e6senterer fra din b\u00e6rbare computer. PM14 integreres problemfrit i enhver ops\u00e6tning og tilbyder lavt str\u00f8mforbrug og h\u00f8jeffektiv ydeevne, s\u00e5 du kan arbejde l\u00e6ngere uden at bekymre dig om at dr\u00e6ne dine enheders batterier.  <\/p>\n\n<figure class=\"wp-block-image aligncenter size-large\"><a href=\"https:\/\/droix.net\/wp-content\/uploads\/2024\/04\/Modes.jpg\" target=\"_blank\" rel=\"noopener\"><img decoding=\"async\" src=\"https:\/\/droix.net\/wp-content\/uploads\/2024\/04\/Modes-1024x419.jpg\" alt=\"Billede af DroiX b&#xE6;rbar sk&#xE6;rm, 14 tommer, 4K, ultratynd, kompatibel med b&#xE6;rbare computere, Mac, smartphones, tablets, pc'er, PS3\/4\/5, Xbox og Switc\" class=\"wp-image-178357\"\/><\/a><\/figure>\n\n<h3 class=\"wp-block-heading\"><strong>Detaljerede funktioner<\/strong><\/h3>\n\n<ul class=\"wp-block-list\">\n<li>Ydeevne: Den b\u00e6rbare DroiX PM14 4K-sk\u00e6rm udm\u00e6rker sig ved at give en responsiv og fordybende seeroplevelse med en opdateringshastighed p\u00e5 60 Hz og en responstid p\u00e5 2,5 ms, hvilket sikrer j\u00e6vn bev\u00e6gelse og skarpe billeder, selv i scener med h\u00f8j hastighed. Den har en luminans p\u00e5 500 cd\/m\u00b2 og et kontrastforhold p\u00e5 1500:1, hvilket sikrer fremragende synlighed under forskellige lysforhold. <\/li>\n\n\n\n<li>Tilslutningsmuligheder: DroiX PM14 tilbyder alsidige tilslutningsmuligheder med to USB-C-porte til str\u00f8m og overf\u00f8rsel af videodata, en ekstra USB-C-port til eksterne enheder som tastaturer og mus, en Mini HDMI-port til konventionelle videoforbindelser og et lydstik til privat lytning.<\/li>\n<\/ul>\n\n<figure class=\"wp-block-image aligncenter size-large\"><a href=\"https:\/\/droix.net\/wp-content\/uploads\/2024\/04\/interface.jpg\" target=\"_blank\" rel=\"noopener\"><img decoding=\"async\" src=\"https:\/\/droix.net\/wp-content\/uploads\/2024\/04\/interface-1024x1024.jpg\" alt=\"Billede af DroiX PM14 Portable Monitor, der underst&#xF8;tter en bred vifte af HDMI- og Type-C-enheder, hvilket forbedrer kompatibiliteten p&#xE5; tv&#xE6;rs af digitale &#xF8;kosystemer. Ideel til gamere, kreative fagfolk p&#xE5; Mac og forretningsfolk, der har brug for en ekstra sk&#xE6;rm. Brugervenlig til Windows med plug-and-play-ops&#xE6;tning til problemfri brug  \" class=\"wp-image-178362\"\/><\/a><\/figure>\n\n<h3 class=\"wp-block-heading\"><strong>Brugeroplevelse<\/strong><\/h3>\n\n<p>DroiX PM14 underst\u00f8tter et omfattende udvalg af HDMI- og Type-C-enheder, hvilket sikrer kompatibilitet p\u00e5 tv\u00e6rs af forskellige digitale \u00f8kosystemer. Uanset om du er en gamer, der leder efter en b\u00e6rbar sk\u00e6rm, en kreativ professionel, der bruger en Mac, eller en virksomhedsleder, der har brug for en ekstra sk\u00e6rm til pr\u00e6sentationer, tilpasser PM14 sig ubesv\u00e6ret til at opfylde dine behov. Den udm\u00e6rker sig i Windows-milj\u00f8er med sin brugervenlige plug-and-play-ops\u00e6tning, s\u00e5 du problemfrit kan g\u00e5 i gang med at arbejde eller spille uden besv\u00e6r.  <\/p>\n\n<figure class=\"wp-block-image aligncenter size-large\"><a href=\"https:\/\/droix.net\/wp-content\/uploads\/2024\/04\/portable1.jpg\" target=\"_blank\" rel=\"noopener\"><img decoding=\"async\" src=\"https:\/\/droix.net\/wp-content\/uploads\/2024\/04\/portable1-1024x483.jpg\" alt=\"Billede af DroiX b&#xE6;rbar sk&#xE6;rm, 14 tommer, 4K, ultratynd, let og b&#xE6;rbar\" class=\"wp-image-178358\"\/><\/a><\/figure>\n\n<h3 class=\"wp-block-heading\"><strong>Konklusion<\/strong><\/h3>\n\n<p>Den b\u00e6rbare DroiX PM14-sk\u00e6rm er en banebrydende l\u00f8sning, der kombinerer fremragende funktionalitet, enest\u00e5ende design og friheden ved at v\u00e6re b\u00e6rbar. Det er mere end bare en sk\u00e6rm; det er en gateway til at forbedre din produktivitet og dine underholdningsoplevelser, uanset hvor du er. <\/p>\n\n<p>Oplev fremtiden for b\u00e6rbare sk\u00e6rme til laptops med DroiX PM14. G\u00e5 ikke glip af det - reserver din nu for at sikre dig din enhed, og v\u00e6r blandt de f\u00f8rste til at forbedre din seeroplevelse p\u00e5 farten! <\/p>\n","protected":false},"excerpt":{"rendered":"<ul>\n<li>4K 14&#8243;<strong> HDR400-sk\u00e6rm<\/strong> <\/li>\n<li>100%<strong> DCI-P3-d\u00e6kning<\/strong> <\/li>\n<li>500 <strong>Nits<\/strong> lysstyrke<\/li>\n<li><strong> Indbygget<\/strong> st\u00f8ttefod<\/li>\n<li> <strong> Indbyggede<\/strong> h\u00f8jttalere<\/li>\n<\/ul>\n[cg_accordion title=\"INFO OM BETALING\"]<\/p>\n<p>Vi bruger den nyeste teknologi inden for betalingsbehandling, som giver dig mulighed for at betale via Apple Pay, Google Pay, dit betalings-\/kreditkort, PayPal eller BNPL-metoder som Klarna, Affirm eller AfterPay for en hurtig og sikker oplevelse.[\/cg_accordion]\n[cg_accordion title=\"GARANTI\"]<\/p>\n<p>1 \u00e5rs garanti fra <a href=\"https:\/\/droix.net\/\" target=\"_blank\" rel=\"nofollow noopener\">DROIX Global<\/a> for at give dig ro i sindet[\/cg_accordion]\n[cg_accordion title=\"PRISER, AFGIFTER OG FORSENDELSE\"]<\/p>\n<p><strong><u>Bem\u00e6rk:<\/u><\/strong><\/p>\n<ul>\n<li>Kunder i USA: Den viste pris inkluderer IKKE SKAT eller afgifter. Ansvaret for at toldbehandle og betale eventuelle tilknyttede skatter\/afgifter ligger hos kunden. <\/li>\n<li>EU-kunder: Den viste pris inkluderer g\u00e6ldende SKAT, som kan v\u00e6re op til 25% afh\u00e6ngigt af dit land.<\/li>\n<li>Kunder i Canada: Den viste pris inkluderer g\u00e6ldende skatter, som kan omfatte 5% GST og yderligere Provincial Sales Taxes (PST), Harmonized Sales Tax (HST) eller Quebec Sales Tax (QST), afh\u00e6ngigt af din provins.<\/li>\n<\/ul>\n<p><strong>KUN for EU-kunder:<\/strong> Express DDP (Delivered Duty Paid). Dette betyder: <\/p>\n<ul>\n<li>Alle toldafgifter og skatter er inkluderet i den pris, der vises p\u00e5 produktsiden.<\/li>\n<li>Du skal ikke betale yderligere gebyrer ved levering.<\/li>\n<li>I sj\u00e6ldne tilf\u00e6lde af toldrelaterede problemer vil vores team h\u00e5ndtere fortoldningsprocessen p\u00e5 dine vegne for at sikre en problemfri leveringsoplevelse.<\/li>\n<p>Vigtig information om returnering:<\/p>\n<li>Hvis du beslutter at returnere din ordre eller anmode om refusion, skal du v\u00e6re opm\u00e6rksom p\u00e5, at skatter og afgifter, der er betalt p\u00e5 dine vegne i henhold til DDP-vilk\u00e5r, ikke kan refunderes.<\/li>\n<p>Se vores <a href=\"https:\/\/ayaneo.co\/da\/vilkaar-for-service\/\" target=\"_blank\" rel=\"nofollow noopener\">vilk\u00e5r og betingelser<\/a> for detaljerede oplysninger.\n<\/ul>\n<p>[\/cg_accordion]\n[cg_accordion title=\"KUNDESUPPORT\"]<\/p>\n<p>Har du et sp\u00f8rgsm\u00e5l? Vi er kun en kort sms v\u00e6k fra at have l\u00f8st dit problem!<br \/>\n[\/cg_accordion]\n","protected":false},"featured_media":15626,"template":"","meta":{"_acf_changed":false},"product_brand":[],"product_cat":[1162],"product_tag":[],"class_list":{"0":"post-15614","1":"product","2":"type-product","3":"status-publish","4":"has-post-thumbnail","6":"product_cat-baerbare-skaerme","7":"product_shipping_class-standard","8":"pa_brand-droix","10":"first","11":"outofstock","12":"sale","13":"taxable","14":"shipping-taxable","15":"purchasable","16":"product-type-variable","17":"has-default-attributes"},"acf":[],"_links":{"self":[{"href":"https:\/\/ayaneo.co\/da\/wp-json\/wp\/v2\/product\/15614","targetHints":{"allow":["GET"]}}],"collection":[{"href":"https:\/\/ayaneo.co\/da\/wp-json\/wp\/v2\/product"}],"about":[{"href":"https:\/\/ayaneo.co\/da\/wp-json\/wp\/v2\/types\/product"}],"wp:featuredmedia":[{"embeddable":true,"href":"https:\/\/ayaneo.co\/da\/wp-json\/wp\/v2\/media\/15626"}],"wp:attachment":[{"href":"https:\/\/ayaneo.co\/da\/wp-json\/wp\/v2\/media?parent=15614"}],"wp:term":[{"taxonomy":"product_brand","embeddable":true,"href":"https:\/\/ayaneo.co\/da\/wp-json\/wp\/v2\/product_brand?post=15614"},{"taxonomy":"product_cat","embeddable":true,"href":"https:\/\/ayaneo.co\/da\/wp-json\/wp\/v2\/product_cat?post=15614"},{"taxonomy":"product_tag","embeddable":true,"href":"https:\/\/ayaneo.co\/da\/wp-json\/wp\/v2\/product_tag?post=15614"}],"curies":[{"name":"wp","href":"https:\/\/api.w.org\/{rel}","templated":true}]}}