{"id":15866,"date":"2025-02-10T12:11:02","date_gmt":"2025-02-10T12:11:02","guid":{"rendered":"https:\/\/ayaneo.co\/product\/ayaneo-3\/"},"modified":"2025-12-02T18:22:12","modified_gmt":"2025-12-02T18:22:12","slug":"ayaneo-3","status":"publish","type":"product","link":"https:\/\/ayaneo.co\/da\/product\/ayaneo-3\/","title":{"rendered":"AYANEO 3"},"content":{"rendered":"\n<figure class=\"wp-block-video\"><video height=\"360\" style=\"aspect-ratio: 640 \/ 360;\" width=\"640\" controls=\"\" poster=\"https:\/\/ayaneo.co\/wp-content\/uploads\/2025\/02\/maxresdefault-1.jpg\" src=\"https:\/\/ayaneo.co\/wp-content\/uploads\/2025\/02\/videoplayback-1.mp4\"><\/video><\/figure>\n\n<div class=\"wp-block-columns is-layout-flex wp-container-core-columns-is-layout-28f84493 wp-block-columns-is-layout-flex\">\n<div class=\"wp-block-column is-layout-flow wp-block-column-is-layout-flow\">\n<p>Vi pr\u00e6senterer AYANEO 3, verdens f\u00f8rste modul\u00e6re h\u00e5ndholdte spillekonsol, der omdefinerer b\u00e6rbar gaming med uovertruffen tilpasning og ydeevne. AYANEO 3 er designet til gamere, der \u00f8nsker en personlig oplevelse, og tilbyder innovative funktioner og specifikationer i topklasse, der henvender sig til b\u00e5de casual og hardcore gaming-entusiaster. <\/p>\n\n\n\n<h2 class=\"wp-block-heading\"><strong>Innovativt modul\u00e6rt design<\/strong><\/h2>\n\n\n\n<p>AYANEO 3 er pioner inden for et banebrydende modul\u00e6rt controllersystem, der giver brugerne mulighed for frit at kombinere og tilpasse controllermoduler, s\u00e5 de passer til deres spilpr\u00e6ferencer. Med aftagelige og udskiftelige ABXY-knapper kan spillerne konfigurere op til 56 unikke layoutkombinationer, hvilket sikrer optimal komfort og kontrol til enhver spilgenre. Modulerne omfatter standard joystick-ops\u00e6tninger, touchpad-moduler til forbedret FPS-gameplay og kampmoduler med seks knapper til pr\u00e6cis    <\/p>\n<\/div>\n<\/div>\n\n<div class=\"wp-block-columns is-layout-flex wp-container-core-columns-is-layout-28f84493 wp-block-columns-is-layout-flex\">\n<div class=\"wp-block-column is-layout-flow wp-block-column-is-layout-flow\" style=\"flex-basis:33.33%\">\n<figure class=\"wp-block-image size-full\"><a href=\"https:\/\/ayaneo.co\/wp-content\/uploads\/2025\/02\/4-1-1024x1024-1.jpg\"><img fetchpriority=\"high\" decoding=\"async\" width=\"1024\" height=\"1024\" src=\"https:\/\/ayaneo.co\/wp-content\/uploads\/2025\/02\/4-1-1024x1024-1.jpg\" alt=\"OLED-sk&#xE6;rm:&#10;OLED-sk&#xE6;rmen har en hurtig opdateringshastighed p&#xE5; 144 Hz, hvilket sikrer us&#xE6;dvanligt glatte og flydende bev&#xE6;gelser i spil og reducerer sl&#xF8;r. Med 800 nits lysstyrke leverer den utroligt levende og klare billeder, selv i lyse omgivelser. Dens 110% DCI-P3-farveskala giver et stort spektrum af rige, n&#xF8;jagtige farver for en virkelig fordybende oplevelse. Dette f&#xF8;rsteklasses panel er ideelt til dem, der s&#xF8;ger visuel trov&#xE6;rdighed og reaktionsevne i topklasse.   &#10;&#10;LCD-sk&#xE6;rm:&#10;LCD-sk&#xE6;rmen har en j&#xE6;vn opdateringshastighed p&#xE5; 120 Hz, der giver fremragende flydende spil og reduceret ghosting. Den har 500 nits lysstyrke og 100 % sRGB-d&#xE6;kning, hvilket sikrer klare og farven&#xF8;jagtige billeder til det meste indhold. Afg&#xF8;rende er, at den inkluderer VRR med AMD FreeSync Premium, som dynamisk synkroniserer sk&#xE6;rmen med billedfrekvensen. Dette eliminerer screen tearing og stuttering, hvilket giver en konsekvent j&#xE6;vn og engagerende spiloplevelse.   \" class=\"wp-image-37427\" srcset=\"https:\/\/ayaneo.co\/wp-content\/uploads\/2025\/02\/4-1-1024x1024-1.jpg 1024w, https:\/\/ayaneo.co\/wp-content\/uploads\/2025\/02\/4-1-1024x1024-1-300x300.jpg 300w, https:\/\/ayaneo.co\/wp-content\/uploads\/2025\/02\/4-1-1024x1024-1-150x150.jpg 150w, https:\/\/ayaneo.co\/wp-content\/uploads\/2025\/02\/4-1-1024x1024-1-768x768.jpg 768w, https:\/\/ayaneo.co\/wp-content\/uploads\/2025\/02\/4-1-1024x1024-1-65x65.jpg 65w, https:\/\/ayaneo.co\/wp-content\/uploads\/2025\/02\/4-1-1024x1024-1-990x990.jpg 990w, https:\/\/ayaneo.co\/wp-content\/uploads\/2025\/02\/4-1-1024x1024-1-441x441.jpg 441w, https:\/\/ayaneo.co\/wp-content\/uploads\/2025\/02\/4-1-1024x1024-1-100x100.jpg 100w, https:\/\/ayaneo.co\/wp-content\/uploads\/2025\/02\/4-1-1024x1024-1-600x600.jpg 600w\" sizes=\"(max-width: 1024px) 100vw, 1024px\" \/><\/a><\/figure>\n<\/div>\n\n\n\n<div class=\"wp-block-column is-layout-flow wp-block-column-is-layout-flow\" style=\"flex-basis:66.66%\">\n<h2 class=\"wp-block-heading\"><strong>Fantastiske billeder<\/strong><\/h2>\n\n\n\n<ul class=\"wp-block-list\">\n<li><strong>OLED-sk\u00e6rm<\/strong><br\/><strong><br\/><\/strong>OLED-sk\u00e6rmen p\u00e5 AYANEO 3 er en 7-tommers touchscreen med en opl\u00f8sning p\u00e5 1080P og et billedformat p\u00e5 16:9. Den har en opdateringsfrekvens, der kan tilpasses, s\u00e5 brugerne kan v\u00e6lge mellem 144 Hz, 120 Hz, 90 Hz og 60 Hz. Sk\u00e6rmen har en maksimal global lysstyrke p\u00e5 800 nits og underst\u00f8tter HDR \u00e6gte farvekvalitet for realistisk lys og skygge. Den d\u00e6kker 110 % af DCI-P3-farveskalaen og har en sRGB-farveskala p\u00e5 150 %, hvilket giver levende og skarpe billeder.   <\/li>\n\n\n\n<li><strong>LCD-sk\u00e6rm<\/strong><br\/><strong><br\/><\/strong>LCD-sk\u00e6rmen er ogs\u00e5 en 7-tommers ber\u00f8ringssk\u00e6rm med en opl\u00f8sning p\u00e5 1080P og et billedformat p\u00e5 16:9. Den tilbyder opdateringshastigheder p\u00e5 120 Hz og 60 Hz. Med en maksimal global lysstyrke p\u00e5 500 nits giver den 100 % sRGB-d\u00e6kning. LCD&#8217;en har en hurtig responstid p\u00e5 7 ms og underst\u00f8tter VRR (Variable Refresh Rate) med AMD FreeSync Premium, hvilket sikrer en klar, levende og t\u00e5refri spiloplevelse. Det er ogs\u00e5 en indbygget landskabssk\u00e6rm.    <\/li>\n<\/ul>\n\n\n\n<p><br\/>B\u00e5de LCD og OLED sk\u00e6rme giver en fordybende visuel oplevelse, s\u00e5 spillere kan nyde fantastisk grafik med enest\u00e5ende klarhed.<\/p>\n<\/div>\n<\/div>\n\n<h2 class=\"wp-block-heading has-text-align-center\"><strong>H\u00f8jtydende ydeevne<\/strong><\/h2>\n\n<p class=\"has-text-align-center\">Under motorhjelmen byder AYANEO 3 p\u00e5 to kraftfulde processormuligheder:<\/p>\n\n<div class=\"wp-block-columns is-layout-flex wp-container-core-columns-is-layout-28f84493 wp-block-columns-is-layout-flex\">\n<div class=\"wp-block-column is-layout-flow wp-block-column-is-layout-flow\">\n<figure class=\"wp-block-image size-full\"><a href=\"https:\/\/ayaneo.co\/wp-content\/uploads\/2025\/02\/3-370-1-1024x1024-1.jpg\"><img decoding=\"async\" width=\"1024\" height=\"1024\" src=\"https:\/\/ayaneo.co\/wp-content\/uploads\/2025\/02\/3-370-1-1024x1024-1.jpg\" alt=\"En grafik, der viser &quot;Powerful Core, Versatile Capabilities&quot; i en enhed, der drives af &quot;AMD Ryzen AI 9 HX 370&quot;-processoren. Billedet viser forskellige komponenter og specifikationer: &quot;Zen5 New Zen 5 CPU&quot;, &quot;12 kerner 24 tr&#xE5;de&quot;, &quot;5,1 GHz maksimal single-core frekvens&quot;, &quot;AMD Radeon 890M&quot; (GPU med &quot;RDNA 3.5 16CU 2,9 GHz&quot;) og &quot;AMD XDNA 2 NPU 50TOPS&quot;. Den fremh&#xE6;ver &quot;12 MB L2 + 24 MB L3 h&#xF8;jhastighedscache&quot; og bem&#xE6;rker, at CPU-, GPU- og NPU-arkitekturen er blevet opgraderet for at &#xF8;ge ydeevnen og effektiviteten, hvilket g&#xF8;r den velegnet til spil og AI-opgaver. En lille tekst i bunden sammenligner den med den tidligere generation af AMD AI-processorer og n&#xE6;vner forbedringer i NPU-computerkraft, CPU-kernebehandling, NPU-energieffektivitet, AI-responshastighed for store sprogmodeller og L3-cache.   \" class=\"wp-image-37428\" srcset=\"https:\/\/ayaneo.co\/wp-content\/uploads\/2025\/02\/3-370-1-1024x1024-1.jpg 1024w, https:\/\/ayaneo.co\/wp-content\/uploads\/2025\/02\/3-370-1-1024x1024-1-300x300.jpg 300w, https:\/\/ayaneo.co\/wp-content\/uploads\/2025\/02\/3-370-1-1024x1024-1-150x150.jpg 150w, https:\/\/ayaneo.co\/wp-content\/uploads\/2025\/02\/3-370-1-1024x1024-1-768x768.jpg 768w, https:\/\/ayaneo.co\/wp-content\/uploads\/2025\/02\/3-370-1-1024x1024-1-65x65.jpg 65w, https:\/\/ayaneo.co\/wp-content\/uploads\/2025\/02\/3-370-1-1024x1024-1-990x990.jpg 990w, https:\/\/ayaneo.co\/wp-content\/uploads\/2025\/02\/3-370-1-1024x1024-1-441x441.jpg 441w, https:\/\/ayaneo.co\/wp-content\/uploads\/2025\/02\/3-370-1-1024x1024-1-100x100.jpg 100w, https:\/\/ayaneo.co\/wp-content\/uploads\/2025\/02\/3-370-1-1024x1024-1-600x600.jpg 600w\" sizes=\"(max-width: 1024px) 100vw, 1024px\" \/><\/a><\/figure>\n\n\n\n<p><strong>AMD Ryzen\u2122 AI 9 HX 370<\/strong>: Udstyret med 12 kerner og 24 tr\u00e5de leverer denne processor topydelse til kr\u00e6vende AAA-titler og multitasking.<\/p>\n<\/div>\n\n\n\n<div class=\"wp-block-column is-layout-flow wp-block-column-is-layout-flow\">\n<figure class=\"wp-block-image size-full\"><a href=\"https:\/\/ayaneo.co\/wp-content\/uploads\/2025\/02\/3-8840u-1-1024x1024-1.jpg\"><img decoding=\"async\" width=\"1024\" height=\"1024\" src=\"https:\/\/ayaneo.co\/wp-content\/uploads\/2025\/02\/3-8840u-1-1024x1024-1.jpg\" alt=\"En infografik med m&#xF8;rkt tema, der fremh&#xE6;ver specifikationerne for &quot;AMD Ryzen&#x2122; 7 8840U&quot;-processoren. Den &#xF8;verste sektion viser detaljer om CPU'en, GPU'en og NPU'en: &quot;Zen4 CPU&quot;, &quot;4nm&quot;-proces, &quot;5,1GHz maksimal frekvens&quot;, &quot;AMD Radeon&#x2122; 780M&quot; grafik med &quot;RDNA 3 12CU 2,7GHz&quot; og &quot;AMD Ryzen&#x2122; AI NPU 16TOPS&quot;. En central blok viser &quot;AMD Ryzen&#x2122; 7 8840U&quot;-chippen med bem&#xE6;rkningen &quot;38TOPS samlet ydelse&quot;. Den nederste sektion beskriver hukommelse og lagring: &quot;LPDDR5X 7500MT\/s Memory&quot; (op til 64 GB til r&#xE5;dighed til tunge opgaver) og &quot;M.2 2280 PCIe 4.0 SSD&quot; (ultrahurtig, mainstream og kan udvides).    \" class=\"wp-image-37429\" srcset=\"https:\/\/ayaneo.co\/wp-content\/uploads\/2025\/02\/3-8840u-1-1024x1024-1.jpg 1024w, https:\/\/ayaneo.co\/wp-content\/uploads\/2025\/02\/3-8840u-1-1024x1024-1-300x300.jpg 300w, https:\/\/ayaneo.co\/wp-content\/uploads\/2025\/02\/3-8840u-1-1024x1024-1-150x150.jpg 150w, https:\/\/ayaneo.co\/wp-content\/uploads\/2025\/02\/3-8840u-1-1024x1024-1-768x768.jpg 768w, https:\/\/ayaneo.co\/wp-content\/uploads\/2025\/02\/3-8840u-1-1024x1024-1-65x65.jpg 65w, https:\/\/ayaneo.co\/wp-content\/uploads\/2025\/02\/3-8840u-1-1024x1024-1-990x990.jpg 990w, https:\/\/ayaneo.co\/wp-content\/uploads\/2025\/02\/3-8840u-1-1024x1024-1-441x441.jpg 441w, https:\/\/ayaneo.co\/wp-content\/uploads\/2025\/02\/3-8840u-1-1024x1024-1-100x100.jpg 100w, https:\/\/ayaneo.co\/wp-content\/uploads\/2025\/02\/3-8840u-1-1024x1024-1-600x600.jpg 600w\" sizes=\"(max-width: 1024px) 100vw, 1024px\" \/><\/a><\/figure>\n\n\n\n<p><strong>AMD Ryzen\u2122 7 8840U<\/strong>: En afbalanceret processor med p\u00e5lidelig ydeevne til b\u00e5de kr\u00e6vende og afslappede gaming-sessioner.<\/p>\n<\/div>\n<\/div>\n\n<p>Sammen med op til 64 GB LPDDR5X RAM og op til 4 TB PCIe 4.0 SSD lagerplads sikrer AYANEO 3 hurtige indl\u00e6sningstider og rigelig plads til dit spilbibliotek.<\/p>\n\n<h3 class=\"wp-block-heading\"><strong>Forbedrede kontroller<\/strong><\/h3>\n\n<p>Oplev overlegen kontrol med AYANEO 3&#8217;s avancerede funktioner:<\/p>\n\n<div class=\"wp-block-columns is-layout-flex wp-container-core-columns-is-layout-28f84493 wp-block-columns-is-layout-flex\">\n<div class=\"wp-block-column is-layout-flow wp-block-column-is-layout-flow\">\n<figure class=\"wp-block-image size-full\"><a href=\"https:\/\/ayaneo.co\/wp-content\/uploads\/2025\/02\/Dual-Stage-Hall-Effect-Triggers-1024x1024-1.jpg\"><img loading=\"lazy\" decoding=\"async\" width=\"1024\" height=\"1024\" src=\"https:\/\/ayaneo.co\/wp-content\/uploads\/2025\/02\/Dual-Stage-Hall-Effect-Triggers-1024x1024-1.jpg\" alt=\"Et n&#xE6;rbillede af en h&#xE5;nd, der holder en m&#xF8;rkfarvet spilcontroller eller h&#xE5;ndholdt enhed, med s&#xE6;rligt fokus p&#xE5; skulderudl&#xF8;serknappen. Billedet er badet i et bl&#xE5;t lys, og i den hvide tekst &#xF8;verst st&#xE5;r der &quot;Agile Hall Triggers&quot;. \" class=\"wp-image-37430\" srcset=\"https:\/\/ayaneo.co\/wp-content\/uploads\/2025\/02\/Dual-Stage-Hall-Effect-Triggers-1024x1024-1.jpg 1024w, https:\/\/ayaneo.co\/wp-content\/uploads\/2025\/02\/Dual-Stage-Hall-Effect-Triggers-1024x1024-1-300x300.jpg 300w, https:\/\/ayaneo.co\/wp-content\/uploads\/2025\/02\/Dual-Stage-Hall-Effect-Triggers-1024x1024-1-150x150.jpg 150w, https:\/\/ayaneo.co\/wp-content\/uploads\/2025\/02\/Dual-Stage-Hall-Effect-Triggers-1024x1024-1-768x768.jpg 768w, https:\/\/ayaneo.co\/wp-content\/uploads\/2025\/02\/Dual-Stage-Hall-Effect-Triggers-1024x1024-1-65x65.jpg 65w, https:\/\/ayaneo.co\/wp-content\/uploads\/2025\/02\/Dual-Stage-Hall-Effect-Triggers-1024x1024-1-990x990.jpg 990w, https:\/\/ayaneo.co\/wp-content\/uploads\/2025\/02\/Dual-Stage-Hall-Effect-Triggers-1024x1024-1-441x441.jpg 441w, https:\/\/ayaneo.co\/wp-content\/uploads\/2025\/02\/Dual-Stage-Hall-Effect-Triggers-1024x1024-1-100x100.jpg 100w, https:\/\/ayaneo.co\/wp-content\/uploads\/2025\/02\/Dual-Stage-Hall-Effect-Triggers-1024x1024-1-600x600.jpg 600w\" sizes=\"(max-width: 1024px) 100vw, 1024px\" \/><\/a><\/figure>\n\n\n\n<h3 class=\"wp-block-heading\"><strong>Hall-effekt-udl\u00f8sere med to trin<\/strong> <\/h3>\n\n\n\n<p>Skift mellem en 7,5 mm lang vandring for pr\u00e6cis kontrol og en 3 mm kort vandring for hurtige input, s\u00e5 du kan tilpasse dig forskellige spilscenarier.<\/p>\n<\/div>\n\n\n\n<div class=\"wp-block-column is-layout-flow wp-block-column-is-layout-flow\">\n<figure class=\"wp-block-image size-full\"><a href=\"https:\/\/ayaneo.co\/wp-content\/uploads\/2025\/02\/Magnetic-Suspension-Motor.jpg\"><img loading=\"lazy\" decoding=\"async\" width=\"1500\" height=\"1500\" src=\"https:\/\/ayaneo.co\/wp-content\/uploads\/2025\/02\/Magnetic-Suspension-Motor.jpg\" alt=\"Et indre billede af en enhed, der viser en &quot;Magnetic Suspension Motor&quot;. Motoren er en cylindrisk komponent med en klar bl&#xE5; gl&#xF8;d i midten, placeret i et komplekst printkort eller en intern struktur, der er gengivet i m&#xF8;rke toner. \" class=\"wp-image-37431\" srcset=\"https:\/\/ayaneo.co\/wp-content\/uploads\/2025\/02\/Magnetic-Suspension-Motor.jpg 1500w, https:\/\/ayaneo.co\/wp-content\/uploads\/2025\/02\/Magnetic-Suspension-Motor-300x300.jpg 300w, https:\/\/ayaneo.co\/wp-content\/uploads\/2025\/02\/Magnetic-Suspension-Motor-1024x1024.jpg 1024w, https:\/\/ayaneo.co\/wp-content\/uploads\/2025\/02\/Magnetic-Suspension-Motor-150x150.jpg 150w, https:\/\/ayaneo.co\/wp-content\/uploads\/2025\/02\/Magnetic-Suspension-Motor-768x768.jpg 768w, https:\/\/ayaneo.co\/wp-content\/uploads\/2025\/02\/Magnetic-Suspension-Motor-65x65.jpg 65w, https:\/\/ayaneo.co\/wp-content\/uploads\/2025\/02\/Magnetic-Suspension-Motor-990x990.jpg 990w, https:\/\/ayaneo.co\/wp-content\/uploads\/2025\/02\/Magnetic-Suspension-Motor-441x441.jpg 441w, https:\/\/ayaneo.co\/wp-content\/uploads\/2025\/02\/Magnetic-Suspension-Motor-100x100.jpg 100w, https:\/\/ayaneo.co\/wp-content\/uploads\/2025\/02\/Magnetic-Suspension-Motor-600x600.jpg 600w\" sizes=\"(max-width: 1500px) 100vw, 1500px\" \/><\/a><\/figure>\n\n\n\n<h3 class=\"wp-block-heading\"><strong>Motor til magnetisk affjedring<\/strong> <\/h3>\n\n\n\n<p>Denne funktion er udviklet i samarbejde med GuliKit Technology og underst\u00f8tter b\u00e5de line\u00e6re og rotormotoriske vibrationstilstande, hvilket giver realistisk og medrivende haptisk feedback.<\/p>\n<\/div>\n\n\n\n<div class=\"wp-block-column is-layout-flow wp-block-column-is-layout-flow\">\n<figure class=\"wp-block-image size-full\"><a href=\"https:\/\/ayaneo.co\/wp-content\/uploads\/2025\/02\/Keyboard-and-Mouse-Mode-1024x1024-1.jpg\"><img loading=\"lazy\" decoding=\"async\" width=\"1024\" height=\"1024\" src=\"https:\/\/ayaneo.co\/wp-content\/uploads\/2025\/02\/Keyboard-and-Mouse-Mode-1024x1024-1.jpg\" alt=\"H&#xE6;nder, der holder en sort h&#xE5;ndholdt spilleenhed med en sk&#xE6;rm, der viser en brugergr&#xE6;nseflade til indstillinger eller konfiguration. Den hvide tekst &#xF8;verst i billedet lyder &quot;Hardware-Level Keyboard-Mouse Mode&quot;, hvilket indikerer en funktion i enheden. \" class=\"wp-image-37432\" srcset=\"https:\/\/ayaneo.co\/wp-content\/uploads\/2025\/02\/Keyboard-and-Mouse-Mode-1024x1024-1.jpg 1024w, https:\/\/ayaneo.co\/wp-content\/uploads\/2025\/02\/Keyboard-and-Mouse-Mode-1024x1024-1-300x300.jpg 300w, https:\/\/ayaneo.co\/wp-content\/uploads\/2025\/02\/Keyboard-and-Mouse-Mode-1024x1024-1-150x150.jpg 150w, https:\/\/ayaneo.co\/wp-content\/uploads\/2025\/02\/Keyboard-and-Mouse-Mode-1024x1024-1-768x768.jpg 768w, https:\/\/ayaneo.co\/wp-content\/uploads\/2025\/02\/Keyboard-and-Mouse-Mode-1024x1024-1-65x65.jpg 65w, https:\/\/ayaneo.co\/wp-content\/uploads\/2025\/02\/Keyboard-and-Mouse-Mode-1024x1024-1-990x990.jpg 990w, https:\/\/ayaneo.co\/wp-content\/uploads\/2025\/02\/Keyboard-and-Mouse-Mode-1024x1024-1-441x441.jpg 441w, https:\/\/ayaneo.co\/wp-content\/uploads\/2025\/02\/Keyboard-and-Mouse-Mode-1024x1024-1-100x100.jpg 100w, https:\/\/ayaneo.co\/wp-content\/uploads\/2025\/02\/Keyboard-and-Mouse-Mode-1024x1024-1-600x600.jpg 600w\" sizes=\"(max-width: 1024px) 100vw, 1024px\" \/><\/a><\/figure>\n\n\n\n<h3 class=\"wp-block-heading\"><strong>Tastatur- og musetilstand<\/strong><\/h3>\n\n\n\n<p>Skift problemfrit mellem controller- og tastatur\/mus-input, hvilket \u00f8ger alsidigheden p\u00e5 tv\u00e6rs af forskellige spil- og produktivitetsapplikationer.<\/p>\n<\/div>\n<\/div>\n\n<h3 class=\"wp-block-heading\"><strong>Fordybende lyd<\/strong><\/h3>\n\n<p>AYANEO 3 leverer en sp\u00e6ndende lydoplevelse med sine HyperSound 2.0 symmetriske dobbelth\u00f8jttalere, der giver klar og kraftfuld lyd, som forbedrer indlevelsen i spillet.<\/p>\n\n<h3 class=\"wp-block-heading\"><strong>Brugeroplevelse<\/strong><\/h3>\n\n<p>AYANEO 3 k\u00f8rer p\u00e5 Windows 11 og underst\u00f8tter forskellige applikationer, fra kr\u00e6vende AAA-titler til vigtige produktivitetsv\u00e6rkt\u00f8jer, hvilket g\u00f8r den til en alsidig f\u00f8lgesvend til b\u00e5de arbejde og leg. Enheden har et ergonomisk design med kontroller, der kan tilpasses, hvilket sikrer komfort under lange spilsessioner. Robuste tilslutningsmuligheder, herunder to USB4-porte og en OCuLink-gr\u00e6nseflade til h\u00f8jhastighedsforbindelser, letter problemfri integration i ethvert milj\u00f8.  <\/p>\n\n<h3 class=\"wp-block-heading\"><strong>Konklusion<\/strong><\/h3>\n\n<p>AYANEO 3 s\u00e6tter en ny standard for h\u00e5ndholdt gaming ved at kombinere innovativt modul\u00e6rt design med h\u00f8jtydende hardware. Dens brugerdefinerede kontrol, fantastiske grafik og kraftfulde processorkapacitet g\u00f8r den til det ultimative valg for spillere, der s\u00f8ger en personlig og fordybende spiloplevelse. Omfavn fremtiden for h\u00e5ndholdt gaming med AYANEO 3.  <\/p>\n","protected":false},"excerpt":{"rendered":"<ul>\n<li>AMD <strong>Ryzen\u2122 AI 9 HX 370<\/strong> \/ <strong>Ryzen\u2122 7 8840U<\/strong><\/li>\n<li>AMD Radeon <strong>890M<\/strong> \/ <strong>780M<\/strong> \/ 2900 \/ 2700 Mhz<\/li>\n<li>op til<strong> 64GB LPDDR5X @ 7500 MT\/s<\/strong><\/li>\n<li>op til<strong> 4 TB<\/strong> <strong>h\u00f8jhastigheds<\/strong> PCI-E 4.0 NVMe SSD<\/li>\n<li>Underst\u00f8ttelse af WiFi <strong>6E<\/strong> og Bluetooth <strong>5.3<\/strong> <\/li>\n<\/ul>\n<p><img loading=\"lazy\" decoding=\"async\" class=\"alignnone size-full wp-image-12494\" src=\"https:\/\/ayaneo.co\/wp-content\/uploads\/2025\/02\/AYANEO-3-FREE-GIFTS.jpg\" alt=\"Reklamebanner for AYANEO 3 gratis gaver med billeder af et sort og beige beskyttelsesetui, en sk\u00e6rmbeskytter og grebsh\u00e6tter til thumbsticks. Teksten fremh\u00e6ver \u00bbGratis gaver\u00ab, herunder et beskyttende etui, en sk\u00e6rmbeskytter og thumbsticks, som automatisk l\u00e6gges i indk\u00f8bskurven. Etuiets farve er baseret p\u00e5 den valgte enhed.\" width=\"550\" height=\"140\" srcset=\"https:\/\/ayaneo.co\/wp-content\/uploads\/2025\/02\/AYANEO-3-FREE-GIFTS.jpg 550w, https:\/\/ayaneo.co\/wp-content\/uploads\/2025\/02\/AYANEO-3-FREE-GIFTS-300x76.jpg 300w, https:\/\/ayaneo.co\/wp-content\/uploads\/2025\/02\/AYANEO-3-FREE-GIFTS-441x112.jpg 441w, https:\/\/ayaneo.co\/wp-content\/uploads\/2025\/02\/AYANEO-3-FREE-GIFTS-150x38.jpg 150w\" sizes=\"(max-width: 550px) 100vw, 550px\" \/>  [cg_accordion title=\"INFO OM BETALING\"] Vi bruger den nyeste teknologi inden for betalingsbehandling, som giver dig mulighed for at betale via Apple Pay, Google Pay, dit betalings-\/kreditkort, PayPal eller BNPL-metoder som Klarna, Affirm eller AfterPay for en hurtig og sikker oplevelse.[\/cg_accordion] [cg_accordion title=\"GARANTI\"] 1 \u00e5rs garanti fra <a href=\"https:\/\/droix.net\/\" target=\"_blank\" rel=\"nofollow noopener\">DROIX Global<\/a> for at give dig ro i sindet[\/cg_accordion] [cg_accordion title=\"KVALITETSSIKRING OG TEST F\u00d8R AFSENDELSE\"]  Sikrer kundetilfredshed p\u00e5 h\u00f8jeste niveau: Hver enhed gennemg\u00e5r strenge tests og en flerpunkts kvalitetssikringskontrol, f\u00f8r den sendes. Vores dedikerede team verificerer ydeevne, funktionalitet og komponentintegritet for at garantere, at din AYANEO-enhed er i perfekt stand ved ankomsten, hvilket giver dig tillid og ro i sindet. [\/cg_accordion] [cg_accordion title=\"PRICING, TAXES AND SHIPPING\"] <strong><u>Bem\u00e6rk:<\/u><\/strong><\/p>\n<ul>\n<li>Kunder i USA: Den viste pris inkluderer IKKE SKAT eller afgifter. Ansvaret for at toldbehandle og betale eventuelle tilknyttede skatter\/afgifter ligger hos kunden. <\/li>\n<li>EU-kunder: Den viste pris inkluderer g\u00e6ldende SKAT, som kan v\u00e6re op til 25% afh\u00e6ngigt af dit land.<\/li>\n<li>Kunder i Canada: Den viste pris inkluderer g\u00e6ldende skatter, som kan omfatte 5% GST og yderligere provinsielle salgsafgifter (PST), harmoniseret salgsafgift (HST) eller Quebec Sales Tax (QST), afh\u00e6ngigt af din provins.<\/li>\n<\/ul>\n<p><strong>KUN for EU-kunder:<\/strong> Express DDP (Delivered Duty Paid). Dette betyder: <\/p>\n<ul>\n<li style=\"list-style-type: none;\">\n<ul>\n<li>Alle toldafgifter og skatter er inkluderet i den pris, der vises p\u00e5 produktsiden.<\/li>\n<li>Du skal ikke betale yderligere gebyrer ved levering.<\/li>\n<li>I sj\u00e6ldne tilf\u00e6lde af toldrelaterede problemer vil vores team h\u00e5ndtere fortoldningsprocessen p\u00e5 dine vegne for at sikre en problemfri leveringsoplevelse.<\/li>\n<p>Vigtig information om returnering:<\/p>\n<li>Hvis du beslutter at returnere din ordre eller anmode om refusion, skal du v\u00e6re opm\u00e6rksom p\u00e5, at skatter og afgifter, der er betalt p\u00e5 dine vegne i henhold til DDP-vilk\u00e5r, ikke kan refunderes.<\/li>\n<p>Se venligst vores<\/ul>\n<\/li>\n<\/ul>\n<p><a href=\"https:\/\/ayaneo.co\/da\/vilkaar-for-service\/\" target=\"_blank\" rel=\"nofollow noopener\">Vilk\u00e5r og betingelser<\/a><\/p>\n<ul>for detaljeret information.<\/ul>\n<p>[\/cg_accordion] [cg_accordion title=\"KUNDESUPPORT\"]  Har du et sp\u00f8rgsm\u00e5l? Vi er kun en kort sms v\u00e6k fra at have l\u00f8st dit problem! [\/cg_accordion] [cg_accordion title=\"PACKAGE INCLUDES\"]<\/p>\n<ul>\n<li>1x AYANEO 3<\/li>\n<li>1x str\u00f8mstik (EU\/US)<\/li>\n<li>1x USB Type-C-kabel<\/li>\n<li>1x brugervejledning<\/li>\n<\/ul>\n<p>[\/cg_accordion]<\/p>\n","protected":false},"featured_media":37575,"template":"","meta":{"_acf_changed":false},"product_brand":[],"product_cat":[1172],"product_tag":[1174],"class_list":{"0":"post-15866","1":"product","2":"type-product","3":"status-publish","4":"has-post-thumbnail","6":"product_cat-handholdte-gaming-pcer","7":"product_tag-pc-spil-handholdt","8":"pa_brand-ayaneo","9":"pa_graphics-gpu-model-ryzen-7-8840u-radeon-780m","10":"pa_graphics-gpu-model-ryzen-ai-9-hx-370-radeon-890m","11":"pa_operating-system-windows-11","12":"pa_processor-cpu-brand-amd","14":"first","15":"instock","16":"taxable","17":"shipping-taxable","18":"purchasable","19":"product-type-variable","20":"has-default-attributes"},"acf":[],"_links":{"self":[{"href":"https:\/\/ayaneo.co\/da\/wp-json\/wp\/v2\/product\/15866","targetHints":{"allow":["GET"]}}],"collection":[{"href":"https:\/\/ayaneo.co\/da\/wp-json\/wp\/v2\/product"}],"about":[{"href":"https:\/\/ayaneo.co\/da\/wp-json\/wp\/v2\/types\/product"}],"wp:featuredmedia":[{"embeddable":true,"href":"https:\/\/ayaneo.co\/da\/wp-json\/wp\/v2\/media\/37575"}],"wp:attachment":[{"href":"https:\/\/ayaneo.co\/da\/wp-json\/wp\/v2\/media?parent=15866"}],"wp:term":[{"taxonomy":"product_brand","embeddable":true,"href":"https:\/\/ayaneo.co\/da\/wp-json\/wp\/v2\/product_brand?post=15866"},{"taxonomy":"product_cat","embeddable":true,"href":"https:\/\/ayaneo.co\/da\/wp-json\/wp\/v2\/product_cat?post=15866"},{"taxonomy":"product_tag","embeddable":true,"href":"https:\/\/ayaneo.co\/da\/wp-json\/wp\/v2\/product_tag?post=15866"}],"curies":[{"name":"wp","href":"https:\/\/api.w.org\/{rel}","templated":true}]}}