{"id":15976,"date":"2025-02-27T10:35:12","date_gmt":"2025-02-27T10:35:12","guid":{"rendered":"https:\/\/ayaneo.co\/product\/ayaneo-magiske-moduler\/"},"modified":"2025-12-11T00:10:40","modified_gmt":"2025-12-11T00:10:40","slug":"ayaneo-magiske-moduler","status":"publish","type":"product","link":"https:\/\/ayaneo.co\/da\/product\/ayaneo-magiske-moduler\/","title":{"rendered":"AYANEO Magiske moduler"},"content":{"rendered":"\n<h2 class=\"wp-block-heading\">AYANEO Magic Modules - fremtiden for modul\u00e6re h\u00e5ndholdte enheder<\/h2>\n\n<p><strong>AYANEO Magic Modules<\/strong> omdefinerer h\u00e5ndholdt gaming ved at introducere <strong>et \u00e6gte modul\u00e6rt \u00f8kosystem<\/strong>, der giver brugerne mulighed for <strong>at forbedre og tilpasse deres AYANEO 3-oplevelse<\/strong> med udskifteligt, magnetisk fastgjort tilbeh\u00f8r. Disse moduler er designet til fleksibilitet <strong>og udvider funktionaliteten uden at g\u00e5 p\u00e5 kompromis med b\u00e6rbarhed<\/strong>, hvilket g\u00f8r dem til en game-changer for b\u00e5de teknologientusiaster og gamere. <\/p>\n\n<h2 class=\"wp-block-heading\"><strong>S\u00f8ml\u00f8s magnetisk modularitet<\/strong><\/h2>\n\n<p>Med <strong>AYANEO&#8217;s innovative magnetiske interface<\/strong> er det nemt at udskifte moduler, hvilket giver en <strong>plug-and-play-oplevelse<\/strong>, der er skr\u00e6ddersyet til dine behov. Den f\u00f8rste generation af Magic Modules tilbyder en r\u00e6kke funktioner, fra <strong>forbedrede inputmuligheder<\/strong> til <strong>udvidede tilslutningsmuligheder<\/strong>. <\/p>\n\n<h2 class=\"wp-block-heading\"><strong>Bygget til fremtiden<\/strong><\/h2>\n\n<p>AYANEO er banebrydende for den <strong>f\u00f8rste virkelig modul\u00e6re gaming-h\u00e5ndholdte<\/strong>, der sikrer <strong>langsigtet alsidighed<\/strong> med et udviklende \u00f8kosystem af Magic Modules. Uanset om du er <strong>hardcore gamer<\/strong>, <strong>kreativ professionel<\/strong> eller <strong>teknologientusiast<\/strong>, giver disse tilbeh\u00f8r dig mulighed for at <strong>tilpasse din enhed til forskellige scenarier uden at g\u00e5 p\u00e5 kompromis med ydeevnen<\/strong>. <\/p>\n\n<h3 class=\"wp-block-heading\"><strong>Tag kontrol over din h\u00e5ndholdte spiloplevelse med AYANEO Magic Modules!<\/strong><\/h3>\n\n<p><\/p>\n","protected":false},"excerpt":{"rendered":"<ul>\n<li><strong>Modul\u00e6rt design<\/strong> - udskift tilbeh\u00f8r uden besv\u00e6r.<\/li>\n<li><strong>Magnetisk fastg\u00f8relse<\/strong> - nem plug-and-play-udskiftning.<\/li>\n<li><strong>Forbedrede funktioner<\/strong> - Opgrader indgange og tilslutningsmuligheder.<\/li>\n<li><strong>Fremtidssikret<\/strong> - kan udvides med nye moduler.<\/li>\n<li><strong>B\u00e6rbar<\/strong> og alsidig - Tilpasning uden at fylde for meget.<\/li>\n<\/ul>\n[cg_accordion title=\"INFO OM BETALING\"]<\/p>\n<p>Vi bruger den nyeste teknologi inden for betalingsbehandling, som giver dig mulighed for at betale via Apple Pay, Google Pay, dit betalings-\/kreditkort, PayPal eller BNPL-metoder som Klarna, Affirm eller AfterPay for en hurtig og sikker oplevelse.[\/cg_accordion]\n[cg_accordion title=\"GARANTI\"]<\/p>\n<p>1 \u00e5rs garanti fra <a href=\"https:\/\/droix.net\/\" target=\"_blank\" rel=\"nofollow noopener\">DROIX Global<\/a> for at give dig ro i sindet[\/cg_accordion]\n[cg_accordion title=\"KVALITETSSIKRING OG TEST F\u00d8R AFSENDELSE\"]<\/p>\n<p>Sikrer kundetilfredshed p\u00e5 h\u00f8jeste niveau: Hver enhed gennemg\u00e5r strenge tests og en flerpunkts kvalitetssikringskontrol, f\u00f8r den sendes. Vores dedikerede team verificerer ydeevne, funktionalitet og komponentintegritet for at garantere, at din AYANEO-enhed er i perfekt stand ved ankomsten, hvilket giver dig tillid og ro i sindet. [\/cg_accordion]\n[cg_accordion title=\"PRISER, AFGIFTER OG FORSENDELSE\"]<\/p>\n<p><strong><u>Bem\u00e6rk:<\/u><\/strong><\/p>\n<ul>\n<li>Kunder i USA: Den viste pris inkluderer IKKE SKAT eller afgifter. Ansvaret for at toldbehandle og betale eventuelle tilknyttede skatter\/afgifter ligger hos kunden. <\/li>\n<li>EU-kunder: Den viste pris inkluderer g\u00e6ldende SKAT, som kan v\u00e6re op til 25% afh\u00e6ngigt af dit land.<\/li>\n<li>Kunder i Canada: Den viste pris inkluderer g\u00e6ldende skatter, som kan omfatte 5% GST og yderligere provinsielle salgsafgifter (PST), harmoniseret salgsafgift (HST) eller Quebec Sales Tax (QST), afh\u00e6ngigt af din provins.<\/li>\n<\/ul>\n<p><strong>KUN for EU-kunder:<\/strong> Express DDP (Delivered Duty Paid). Dette betyder: <\/p>\n<ul>\n<li>Alle toldafgifter og skatter er inkluderet i den pris, der vises p\u00e5 produktsiden.<\/li>\n<li>Du skal ikke betale yderligere gebyrer ved levering.<\/li>\n<li>I sj\u00e6ldne tilf\u00e6lde af toldrelaterede problemer vil vores team h\u00e5ndtere fortoldningsprocessen p\u00e5 dine vegne for at sikre en problemfri leveringsoplevelse.<\/li>\n<p>Vigtig information om returnering:<\/p>\n<li>Hvis du beslutter at returnere din ordre eller anmode om refusion, skal du v\u00e6re opm\u00e6rksom p\u00e5, at skatter og afgifter, der er betalt p\u00e5 dine vegne i henhold til DDP-vilk\u00e5r, ikke kan refunderes.<\/li>\n<p>Se vores <a href=\"https:\/\/ayaneo.co\/da\/vilkaar-for-service\/\" target=\"_blank\" rel=\"nofollow noopener\">vilk\u00e5r og betingelser<\/a> for detaljerede oplysninger.\n<\/ul>\n<p>[\/cg_accordion]\n[cg_accordion title=\"KUNDESUPPORT\"]<\/p>\n<p>Har du et sp\u00f8rgsm\u00e5l? Vi er kun en kort sms v\u00e6k fra at have l\u00f8st dit problem! [\/cg_accordion]\n[cg_accordion title=\"PAKKEN INDEHOLDER\"]\n","protected":false},"featured_media":15987,"template":"","meta":{"_acf_changed":false},"product_brand":[],"product_cat":[1143],"product_tag":[],"class_list":{"0":"post-15976","1":"product","2":"type-product","3":"status-publish","4":"has-post-thumbnail","6":"product_cat-tilbehor","7":"product_shipping_class-low-end","8":"pa_brand-ayaneo","9":"pa_compatible-with-ayaneo-3-da","11":"first","12":"instock","13":"sale","14":"taxable","15":"shipping-taxable","16":"purchasable","17":"product-type-variable","18":"has-default-attributes"},"acf":[],"_links":{"self":[{"href":"https:\/\/ayaneo.co\/da\/wp-json\/wp\/v2\/product\/15976","targetHints":{"allow":["GET"]}}],"collection":[{"href":"https:\/\/ayaneo.co\/da\/wp-json\/wp\/v2\/product"}],"about":[{"href":"https:\/\/ayaneo.co\/da\/wp-json\/wp\/v2\/types\/product"}],"wp:featuredmedia":[{"embeddable":true,"href":"https:\/\/ayaneo.co\/da\/wp-json\/wp\/v2\/media\/15987"}],"wp:attachment":[{"href":"https:\/\/ayaneo.co\/da\/wp-json\/wp\/v2\/media?parent=15976"}],"wp:term":[{"taxonomy":"product_brand","embeddable":true,"href":"https:\/\/ayaneo.co\/da\/wp-json\/wp\/v2\/product_brand?post=15976"},{"taxonomy":"product_cat","embeddable":true,"href":"https:\/\/ayaneo.co\/da\/wp-json\/wp\/v2\/product_cat?post=15976"},{"taxonomy":"product_tag","embeddable":true,"href":"https:\/\/ayaneo.co\/da\/wp-json\/wp\/v2\/product_tag?post=15976"}],"curies":[{"name":"wp","href":"https:\/\/api.w.org\/{rel}","templated":true}]}}