{"id":16091,"date":"2025-03-17T09:44:54","date_gmt":"2025-03-17T09:44:54","guid":{"rendered":"https:\/\/ayaneo.co\/product\/ayaneo-multi-station-grafit-sort\/"},"modified":"2026-01-06T00:28:02","modified_gmt":"2026-01-06T00:28:02","slug":"ayaneo-multi-station-grafit-sort","status":"publish","type":"product","link":"https:\/\/ayaneo.co\/da\/product\/ayaneo-multi-station-grafit-sort\/","title":{"rendered":"AYANEO MULTI STATION - grafit sort"},"content":{"rendered":"\n<p><span data-contrast=\"none\"><strong>AYANEO Multi Docking Station<\/strong> frig\u00f8r det fulde potentiale i din AYA NEO med et brugervenligt docking-system med flere udvidelsesporte.  <\/span><\/p>\n\n<p><span data-contrast=\"none\">AYANEO Multi <strong>Docking Station f\u00e5s i<\/strong> Graphite Black. Den <strong>underst\u00f8tter alle AYANEO -modeller<\/strong> med et patenteret basisstik, der kan flyttes, s\u00e5 det passer til de lidt forskellige placeringer af USB Type-C-porten p\u00e5 hver model.   <\/span><\/p>\n\n<p><span data-contrast=\"none\">AYANEO Multi Docking Station m\u00e5ler ca.<strong> 15,1 x 7,0 x 3,7 cm (5,9 x 2,7 x 1,45 tommer) og vejer ca. 200 g.<\/strong> Den optager minimal plads p\u00e5 skrivebordet og st\u00e5r sikkert p\u00e5 skrivebordet, samtidig med at den underst\u00f8tter otte udvidelsesporte.<\/span><span data-ccp-props=\"{\"> <\/span><\/p>\n\n<p><span data-contrast=\"none\">P\u00e5 bagsiden af AYANEO Multi Docking Station fra venstre mod h\u00f8jre er der en <\/span><a href=\"https:\/\/en.wikipedia.org\/wiki\/USB-C\" target=\"_blank\" rel=\"noopener\"><span data-contrast=\"none\">USB Type-C<\/span><\/a><span data-contrast=\"none\">  port, der kan bruges til eksterne enheder som f.eks. en ekstern harddisk. Der er to   <\/span><a href=\"https:\/\/www.viewsonic.com\/library\/tech\/usb-c-usb-b-and-usb-a-whats-the-difference\/\" target=\"_blank\" rel=\"noopener\"><span data-contrast=\"none\">USB-A<\/span><\/a><span data-contrast=\"none\">  porte, som f.eks. kan bruges til mus og tastatur. Den anden USB Type-C-port bruges til at forsyne dockingstationen med str\u00f8m og kan ogs\u00e5 oplade tilsluttede AYANEO -modeller. <\/span><span data-ccp-props=\"{\"> <\/span><\/p>\n\n<p><span data-contrast=\"none\">Den <\/span><a href=\"https:\/\/en.wikipedia.org\/wiki\/HDMI\" target=\"_blank\" rel=\"noopener\"><span data-contrast=\"none\">HDMI<\/span><\/a><span data-contrast=\"none\">  2.0b-port kan bruges til videoudgang fra din AYANEO til dit tv eller din sk\u00e6rm. <strong>Den underst\u00f8tter op til 4K ved 60 Hz.<\/strong> Gigabit   <\/span><a href=\"https:\/\/en.wikipedia.org\/wiki\/Ethernet\" target=\"_blank\" rel=\"noopener\"><span data-contrast=\"none\">ethernet<\/span><\/a><span data-contrast=\"none\"> port sikrer, at du f\u00e5r sikker og hurtig dataoverf\u00f8rsel til og fra AYANEO Multi Docking Station.<\/span><span data-ccp-props=\"{\"> <\/span><\/p>\n\n<p><span data-contrast=\"none\">P\u00e5 h\u00f8jre side af AYANEO Multi Docking Station er der plads til et Micro SD-kort og et SD-kort.<\/span><span data-ccp-props=\"{\"> <\/span><\/p>\n\n<p><span data-contrast=\"none\">AYANEO Multi Docking Station er kompatibel med <strong>alle AYANEO -modeller, herunder <\/strong><\/span><strong><a href=\"https:\/\/droix.co.uk\/product\/ayaneo-2\/\" target=\"_blank\" rel=\"noopener\">AYANEO 2<\/a>, AYANEO Geek, <a href=\"https:\/\/droix.co.uk\/product\/ayaneo-air\/\" target=\"_blank\" rel=\"noopener\">AYANEO Air PRO<\/a>, <a href=\"https:\/\/droix.co.uk\/product\/ayaneo-next\/\" target=\"_blank\" rel=\"noopener\">AYANEO NEXT<\/a>, <a href=\"https:\/\/droix.co.uk\/product\/ayaneo-next-pro\/\" target=\"_blank\" rel=\"noopener\">AYANEO Next PRO<\/a>, <a href=\"https:\/\/droix.co.uk\/product\/ayaneo-next\/\" target=\"_blank\" rel=\"noopener\">AYANEO 2021<\/a> og <a href=\"https:\/\/droix.co.uk\/product\/ayaneo-next-pro\/\" target=\"_blank\" rel=\"noopener\">AYANEO 2021 Pro.<\/a><\/strong> <\/p>\n\n<p><span data-contrast=\"none\"><strong>AYANEO Multi Docking Station er den perfekte ledsager til din AYAYNEO<\/strong> og forvandler den fra en h\u00e5ndholdt spilmaskine til en kraftfuld station\u00e6r pc-lignende l\u00f8sning med alle de tilslutningsmuligheder, du har brug for.<\/span><span data-ccp-props=\"{\"> <\/span><\/p>\n\n<p>Du kan l\u00e6se vores <a href=\"https:\/\/droix.co.uk\/blogs\/ayaneo-docking-station-review\/\" target=\"_blank\" rel=\"noopener\">anmeldelse afAYANEO Multi Docking Station her.<\/a><\/p>\n\n<figure class=\"wp-block-image aligncenter\"><img decoding=\"async\" src=\"https:\/\/droix.net\/wp-content\/uploads\/2022\/12\/8fb77202211071909143194ready.jpg\" alt=\"\" class=\"wp-image-88164\"\/><\/figure>\n\n<figure class=\"wp-block-image aligncenter\"><img decoding=\"async\" src=\"https:\/\/droix.net\/wp-content\/uploads\/2022\/12\/ea565202211071908508498ready.jpg\" alt=\"\" class=\"wp-image-88174\"\/><\/figure>\n\n<p><\/p>\n","protected":false},"excerpt":{"rendered":"<ul>\n<li><b>Officielt AYANEO produkt<\/b><\/li>\n<li><strong>Kompatibel<\/strong> med <strong>alle AYANEO h\u00e5ndholdte computer<\/strong>e<\/li>\n<li><b>Eksklusivt patenteret bundprop<\/b><\/li>\n<li><strong>Op til 8<\/strong> udvidelsesporte<\/li>\n<li>Slot til MicroSD-kort<\/li>\n<\/ul>\n[cg_accordion title=\"INFO OM BETALING\"]<\/p>\n<p>Vi bruger den nyeste teknologi inden for betalingsbehandling, som giver dig mulighed for at betale via Apple Pay, Google Pay, dit betalings-\/kreditkort, PayPal eller BNPL-metoder som Klarna, Affirm eller AfterPay for en hurtig og sikker oplevelse.[\/cg_accordion]\n[cg_accordion title=\"GARANTI\"]<\/p>\n<p>1 \u00e5rs garanti fra <a href=\"https:\/\/droix.net\/\" target=\"_blank\" rel=\"nofollow noopener\">DROIX Global<\/a> for at give dig ro i sindet[\/cg_accordion]\n[cg_accordion title=\"KVALITETSSIKRING OG TEST F\u00d8R AFSENDELSE\"]<\/p>\n<p>Sikrer kundetilfredshed p\u00e5 h\u00f8jeste niveau: Hver enhed gennemg\u00e5r strenge tests og en flerpunkts kvalitetssikringskontrol, f\u00f8r den sendes. Vores dedikerede team verificerer ydeevne, funktionalitet og komponentintegritet for at garantere, at din AYANEO-enhed er i perfekt stand ved ankomsten, hvilket giver dig tillid og ro i sindet. [\/cg_accordion]\n[cg_accordion title=\"PRISER, AFGIFTER OG FORSENDELSE\"]<\/p>\n<p><strong><u>Bem\u00e6rk:<\/u><\/strong><\/p>\n<ul>\n<li>Kunder i USA: Den viste pris inkluderer IKKE SKAT eller afgifter. Ansvaret for at toldbehandle og betale eventuelle tilknyttede skatter\/afgifter ligger hos kunden. <\/li>\n<li>EU-kunder: Den viste pris inkluderer g\u00e6ldende SKAT, som kan v\u00e6re op til 25% afh\u00e6ngigt af dit land.<\/li>\n<li>Kunder i Canada: Den viste pris inkluderer g\u00e6ldende skatter, som kan omfatte 5% GST og yderligere provinsielle salgsafgifter (PST), harmoniseret salgsafgift (HST) eller Quebec Sales Tax (QST), afh\u00e6ngigt af din provins.<\/li>\n<\/ul>\n<p><strong>KUN for EU-kunder:<\/strong> Express DDP (Delivered Duty Paid). Dette betyder: <\/p>\n<ul>\n<li>Alle toldafgifter og skatter er inkluderet i den pris, der vises p\u00e5 produktsiden.<\/li>\n<li>Du skal ikke betale yderligere gebyrer ved levering.<\/li>\n<li>I sj\u00e6ldne tilf\u00e6lde af toldrelaterede problemer vil vores team h\u00e5ndtere fortoldningsprocessen p\u00e5 dine vegne for at sikre en problemfri leveringsoplevelse.<\/li>\n<p>Vigtig information om returnering:<\/p>\n<li>Hvis du beslutter at returnere din ordre eller anmode om refusion, skal du v\u00e6re opm\u00e6rksom p\u00e5, at skatter og afgifter, der er betalt p\u00e5 dine vegne i henhold til DDP-vilk\u00e5r, ikke kan refunderes.<\/li>\n<p>Se vores <a href=\"https:\/\/ayaneo.co\/da\/vilkaar-for-service\/\" target=\"_blank\" rel=\"nofollow noopener\">vilk\u00e5r og betingelser<\/a> for detaljerede oplysninger.\n<\/ul>\n<p>[\/cg_accordion]\n[cg_accordion title=\"KUNDESUPPORT\"]<\/p>\n<p>Har du et sp\u00f8rgsm\u00e5l? Vi er kun en kort sms v\u00e6k fra at have l\u00f8st dit problem! [\/cg_accordion]\n[cg_accordion title=\"PAKKEN INDEHOLDER\"]<\/p>\n<ul>\n<li>1x AYANEO Dockingstation<\/li>\n<\/ul>\n<p>[\/cg_accordion]\n","protected":false},"featured_media":16092,"template":"","meta":{"_acf_changed":false},"product_brand":[],"product_cat":[1143],"product_tag":[],"class_list":{"0":"post-16091","1":"product","2":"type-product","3":"status-publish","4":"has-post-thumbnail","6":"product_cat-tilbehor","7":"product_shipping_class-low-end","8":"pa_accessory-type-docking-station-da","9":"pa_brand-ayaneo","10":"pa_compatible-with-ayaneo-2-da","11":"pa_compatible-with-ayaneo-2021-da","12":"pa_compatible-with-ayaneo-3-da","13":"pa_compatible-with-ayaneo-air-da","14":"pa_compatible-with-ayaneo-geek-da","16":"first","17":"instock","18":"taxable","19":"shipping-taxable","20":"purchasable","21":"product-type-simple"},"acf":[],"_links":{"self":[{"href":"https:\/\/ayaneo.co\/da\/wp-json\/wp\/v2\/product\/16091","targetHints":{"allow":["GET"]}}],"collection":[{"href":"https:\/\/ayaneo.co\/da\/wp-json\/wp\/v2\/product"}],"about":[{"href":"https:\/\/ayaneo.co\/da\/wp-json\/wp\/v2\/types\/product"}],"wp:featuredmedia":[{"embeddable":true,"href":"https:\/\/ayaneo.co\/da\/wp-json\/wp\/v2\/media\/16092"}],"wp:attachment":[{"href":"https:\/\/ayaneo.co\/da\/wp-json\/wp\/v2\/media?parent=16091"}],"wp:term":[{"taxonomy":"product_brand","embeddable":true,"href":"https:\/\/ayaneo.co\/da\/wp-json\/wp\/v2\/product_brand?post=16091"},{"taxonomy":"product_cat","embeddable":true,"href":"https:\/\/ayaneo.co\/da\/wp-json\/wp\/v2\/product_cat?post=16091"},{"taxonomy":"product_tag","embeddable":true,"href":"https:\/\/ayaneo.co\/da\/wp-json\/wp\/v2\/product_tag?post=16091"}],"curies":[{"name":"wp","href":"https:\/\/api.w.org\/{rel}","templated":true}]}}