{"id":16107,"date":"2025-03-18T15:51:48","date_gmt":"2025-03-18T15:51:48","guid":{"rendered":"https:\/\/ayaneo.co\/product\/ayaneo-pocket-micro-laederetui\/"},"modified":"2025-12-02T18:18:36","modified_gmt":"2025-12-02T18:18:36","slug":"ayaneo-pocket-micro-laederetui","status":"publish","type":"product","link":"https:\/\/ayaneo.co\/da\/product\/ayaneo-pocket-micro-laederetui\/","title":{"rendered":"AYANEO Pocket Micro l\u00e6deretui"},"content":{"rendered":"\n<p>Giv din <strong>AYANEO Pocket Micro<\/strong> den beskyttelse, den fortjener, med dette <strong>luksuri\u00f8se l\u00e6deretui<\/strong>! Etuiet er designet til at <strong>passe perfekt<\/strong> og kombinerer <strong>elegance, holdbarhed og b\u00e6rbarhed<\/strong> for at beskytte din enhed og samtidig bevare et elegant, professionelt look.<\/p>\n\n<h2 class=\"wp-block-heading\" id=\"h-key-features\"><strong>Vigtige funktioner:<\/strong><\/h2>\n\n<p><strong>F\u00f8rsteklasses l\u00e6dermateriale<\/strong> - Fremstillet af l\u00e6der i h\u00f8j kvalitet for en sofistikeret, holdbar finish.<\/p>\n\n<p><strong>Perfekt pasform og sikker beskyttelse<\/strong> - Skr\u00e6ddersyet til AYANEO Pocket Micro, hvilket sikrer en <strong>t\u00e6t pasform<\/strong>, der beskytter din enhed mod ridser, st\u00f8v og mindre slag.<\/p>\n\n<p><strong>Bl\u00f8d inderforing<\/strong> - sk\u00e5nsom mod enhedens sk\u00e6rm og krop, s\u00e5 du undg\u00e5r u\u00f8nskede m\u00e6rker.<\/p>\n\n<p><strong>Let og b\u00e6rbar<\/strong> - Det slanke design g\u00f8r den nem at b\u00e6re og giver samtidig maksimal beskyttelse.<\/p>\n\n<p><strong>Magnetisk lukning for ekstra sikkerhed<\/strong> - sikrer, at din enhed forbliver sikkert p\u00e5 plads, samtidig med at den giver hurtig adgang.<\/p>\n\n<p>Opgrader din <strong>AYANEO Pocket Micro<\/strong> med dette <strong>stilfulde og funktionelle l\u00e6deretui<\/strong> - <strong>beskyttelse med et strejf af elegance<\/strong>! <\/p>\n\n<p><\/p>\n","protected":false},"excerpt":{"rendered":"<ul>\n<li><strong>Officiel<\/strong> AYANEO Pocket Micro beskyttende l\u00e6dertaske<\/li>\n<li><strong>F\u00f8rsteklasses l\u00e6der<\/strong> - Elegant, slidst\u00e6rkt og langtidsholdbart.<\/li>\n<li><strong>Bl\u00f8dt inderfor<\/strong> - beskytter mod ridser og st\u00f8v.<\/li>\n<li><strong>Let og b\u00e6rbar<\/strong> - nem at b\u00e6re uden at fylde for meget.<\/li>\n<li><strong>Magnetisk lukning<\/strong> - sikker og bekvem adgang.<\/li>\n<\/ul>\n[cg_accordion title=\"INFO OM BETALING\"]<\/p>\n<p>Vi bruger den nyeste teknologi inden for betalingsbehandling, som giver dig mulighed for at betale via Apple Pay, Google Pay, dit betalings-\/kreditkort, PayPal eller BNPL-metoder som Klarna, Affirm eller AfterPay for en hurtig og sikker oplevelse.[\/cg_accordion]\n[cg_accordion title=\"GARANTI\"]<\/p>\n<p>1 \u00e5rs garanti fra <a href=\"https:\/\/droix.net\/\" target=\"_blank\" rel=\"nofollow noopener\">DROIX Global<\/a> for at give dig ro i sindet[\/cg_accordion]\n[cg_accordion title=\"KVALITETSSIKRING OG TEST F\u00d8R AFSENDELSE\"]<\/p>\n<p>Sikrer kundetilfredshed p\u00e5 h\u00f8jeste niveau: Hver enhed gennemg\u00e5r strenge tests og en flerpunkts kvalitetssikringskontrol, f\u00f8r den sendes. Vores dedikerede team verificerer ydeevne, funktionalitet og komponentintegritet for at garantere, at din AYANEO-enhed er i perfekt stand ved ankomsten, hvilket giver dig tillid og ro i sindet. [\/cg_accordion]\n[cg_accordion title=\"PRISER, AFGIFTER OG FORSENDELSE\"]<\/p>\n<p><strong><u>Bem\u00e6rk:<\/u><\/strong><\/p>\n<ul>\n<li>Kunder i USA: Den viste pris inkluderer IKKE SKAT eller afgifter. Ansvaret for at toldbehandle og betale eventuelle tilknyttede skatter\/afgifter ligger hos kunden. <\/li>\n<li>EU-kunder: Den viste pris inkluderer g\u00e6ldende SKAT, som kan v\u00e6re op til 25% afh\u00e6ngigt af dit land.<\/li>\n<li>Kunder i Canada: Den viste pris inkluderer g\u00e6ldende skatter, som kan omfatte 5% GST og yderligere provinsielle salgsafgifter (PST), harmoniseret salgsafgift (HST) eller Quebec Sales Tax (QST), afh\u00e6ngigt af din provins.<\/li>\n<\/ul>\n<p><strong>KUN for EU-kunder:<\/strong> Express DDP (Delivered Duty Paid). Dette betyder: <\/p>\n<ul>\n<li>Alle toldafgifter og skatter er inkluderet i den pris, der vises p\u00e5 produktsiden.<\/li>\n<li>Du skal ikke betale yderligere gebyrer ved levering.<\/li>\n<li>I sj\u00e6ldne tilf\u00e6lde af toldrelaterede problemer vil vores team h\u00e5ndtere fortoldningsprocessen p\u00e5 dine vegne for at sikre en problemfri leveringsoplevelse.<\/li>\n<p>Vigtig information om returnering:<\/p>\n<li>Hvis du beslutter at returnere din ordre eller anmode om refusion, skal du v\u00e6re opm\u00e6rksom p\u00e5, at skatter og afgifter, der er betalt p\u00e5 dine vegne i henhold til DDP-vilk\u00e5r, ikke kan refunderes.<\/li>\n<p>Se vores <a href=\"https:\/\/ayaneo.co\/da\/vilkaar-for-service\/\" target=\"_blank\" rel=\"nofollow noopener\">vilk\u00e5r og betingelser<\/a> for detaljerede oplysninger.\n<\/ul>\n<p>[\/cg_accordion]\n[cg_accordion title=\"KUNDESUPPORT\"]<\/p>\n<p>Har du et sp\u00f8rgsm\u00e5l? Vi er kun en kort sms v\u00e6k fra at have l\u00f8st dit problem! [\/cg_accordion]\n[cg_accordion title=\"PAKKEN INDEHOLDER\"]<\/p>\n<ul>\n<li>1x AYANEO Pocket Micro l\u00e6deretui<\/li>\n<\/ul>\n<p>[\/cg_accordion]\n","protected":false},"featured_media":16108,"template":"","meta":{"_acf_changed":false},"product_brand":[],"product_cat":[1143],"product_tag":[],"class_list":{"0":"post-16107","1":"product","2":"type-product","3":"status-publish","4":"has-post-thumbnail","6":"product_cat-tilbehor","7":"product_shipping_class-low-end","8":"pa_accessory-type-protective-case-da","9":"pa_brand-ayaneo","11":"first","12":"outofstock","13":"sale","14":"taxable","15":"shipping-taxable","16":"purchasable","17":"product-type-variable","18":"has-default-attributes"},"acf":[],"_links":{"self":[{"href":"https:\/\/ayaneo.co\/da\/wp-json\/wp\/v2\/product\/16107","targetHints":{"allow":["GET"]}}],"collection":[{"href":"https:\/\/ayaneo.co\/da\/wp-json\/wp\/v2\/product"}],"about":[{"href":"https:\/\/ayaneo.co\/da\/wp-json\/wp\/v2\/types\/product"}],"wp:featuredmedia":[{"embeddable":true,"href":"https:\/\/ayaneo.co\/da\/wp-json\/wp\/v2\/media\/16108"}],"wp:attachment":[{"href":"https:\/\/ayaneo.co\/da\/wp-json\/wp\/v2\/media?parent=16107"}],"wp:term":[{"taxonomy":"product_brand","embeddable":true,"href":"https:\/\/ayaneo.co\/da\/wp-json\/wp\/v2\/product_brand?post=16107"},{"taxonomy":"product_cat","embeddable":true,"href":"https:\/\/ayaneo.co\/da\/wp-json\/wp\/v2\/product_cat?post=16107"},{"taxonomy":"product_tag","embeddable":true,"href":"https:\/\/ayaneo.co\/da\/wp-json\/wp\/v2\/product_tag?post=16107"}],"curies":[{"name":"wp","href":"https:\/\/api.w.org\/{rel}","templated":true}]}}