{"id":16140,"date":"2025-03-24T16:59:01","date_gmt":"2025-03-24T16:59:01","guid":{"rendered":"https:\/\/ayaneo.co\/product\/ayaneo-3-baeretaske-foersteklasses-beskyttelse-til-din-haandholdte\/"},"modified":"2025-12-02T18:04:24","modified_gmt":"2025-12-02T18:04:24","slug":"ayaneo-3-baeretaske-foersteklasses-beskyttelse-til-din-haandholdte","status":"publish","type":"product","link":"https:\/\/ayaneo.co\/da\/product\/ayaneo-3-baeretaske-foersteklasses-beskyttelse-til-din-haandholdte\/","title":{"rendered":"AYANEO 3 B\u00e6retaske - f\u00f8rsteklasses beskyttelse til din h\u00e5ndholdte!"},"content":{"rendered":"\n<p><strong>Hold<\/strong> din <strong>AYANEO 3<\/strong> tryg og sikker med dette <strong>holdbare og stilfulde<\/strong> etui. Tasken er designet til <strong>maksimal beskyttelse og b\u00e6rbarhed<\/strong> og sikrer, at din enhed <strong>altid er klar til brug<\/strong>, uanset hvor du er. <\/p>\n\n<h3 class=\"wp-block-heading\"><strong>Vigtige funktioner:<\/strong><\/h3>\n\n<p><strong>Robust og beskyttende skal - beskytter<\/strong> din enhed mod fald, st\u00f8d og ridser.<\/p>\n\n<p><strong>Perfekt pasform og ergonomisk design<\/strong> - Specielt formet til <strong>AYANEO 3,<\/strong> hvilket sikrer en <strong>t\u00e6t og sikker pasform<\/strong>.<\/p>\n\n<p><strong>Bl\u00f8d indvendig foring<\/strong> - Forhindrer ridser og holder din enhed i perfekt stand.  <\/p>\n\n<p><strong>Sikker lynl\u00e5slukning<\/strong> - Giver <strong>fuld beskyttelse<\/strong> og samtidig nem adgang.<\/p>\n\n<p><strong>B\u00e6rbar og let<\/strong> - B\u00e6r din AYANEO 3 ubesv\u00e6ret med den <strong>aftagelige h\u00e5ndledsrem<\/strong> for nemheds skyld.<\/p>\n\n<p>Opgrader dit <strong>AYANEO 3<\/strong> gaming-setup med denne <strong>uundv\u00e6rlige b\u00e6retaske<\/strong> - den <strong>perfekte balance mellem stil og beskyttelse<\/strong>!<\/p>\n\n<p><\/p>\n","protected":false},"excerpt":{"rendered":"<ul>\n<li><strong>Officiel<\/strong> AYANEO 3 b\u00e6retaske<\/li>\n<li><strong>Holdbar og st\u00f8dsikker<\/strong> - Beskytter mod fald og ridser.<\/li>\n<li><strong>Bl\u00f8dt inderfor<\/strong> - holder din enhed i perfekt stand.<\/li>\n<li><strong>Sikker lynl\u00e5s og strop<\/strong> - sikrer nem transport og sikker opbevaring.<\/li>\n<li><strong>Perfekt pasform<\/strong> - specialfremstillet til AYANEO 3.<\/li>\n<\/ul>\n[cg_accordion title=\"INFO OM BETALING\"]<\/p>\n<p>Vi bruger den nyeste teknologi inden for betalingsbehandling, som giver dig mulighed for at betale via Apple Pay, Google Pay, dit betalings-\/kreditkort, PayPal eller BNPL-metoder som Klarna, Affirm eller AfterPay for en hurtig og sikker oplevelse.[\/cg_accordion]\n[cg_accordion title=\"GARANTI\"]<\/p>\n<p>1 \u00e5rs garanti fra <a href=\"https:\/\/droix.net\/\" target=\"_blank\" rel=\"nofollow noopener\">DROIX Global<\/a> for at give dig ro i sindet[\/cg_accordion]\n[cg_accordion title=\"KVALITETSSIKRING OG TEST F\u00d8R AFSENDELSE\"]<\/p>\n<p>Sikrer kundetilfredshed p\u00e5 h\u00f8jeste niveau: Hver enhed gennemg\u00e5r strenge tests og en flerpunkts kvalitetssikringskontrol, f\u00f8r den sendes. Vores dedikerede team verificerer ydeevne, funktionalitet og komponentintegritet for at garantere, at din AYANEO-enhed er i perfekt stand ved ankomsten, hvilket giver dig tillid og ro i sindet. [\/cg_accordion]\n[cg_accordion title=\"PRISER, AFGIFTER OG FORSENDELSE\"]<\/p>\n<p><strong><u>Bem\u00e6rk:<\/u><\/strong><\/p>\n<ul>\n<li>Kunder i USA: Den viste pris inkluderer IKKE SKAT eller afgifter. Ansvaret for at toldbehandle og betale eventuelle tilknyttede skatter\/afgifter ligger hos kunden. <\/li>\n<li>EU-kunder: Den viste pris inkluderer g\u00e6ldende SKAT, som kan v\u00e6re op til 25% afh\u00e6ngigt af dit land.<\/li>\n<li>Kunder i Canada: Den viste pris inkluderer g\u00e6ldende skatter, som kan omfatte 5% GST og yderligere provinsielle salgsafgifter (PST), harmoniseret salgsafgift (HST) eller Quebec Sales Tax (QST), afh\u00e6ngigt af din provins.<\/li>\n<\/ul>\n<p><strong>KUN for EU-kunder:<\/strong> Express DDP (Delivered Duty Paid). Dette betyder: <\/p>\n<ul>\n<li>Alle toldafgifter og skatter er inkluderet i den pris, der vises p\u00e5 produktsiden.<\/li>\n<li>Du skal ikke betale yderligere gebyrer ved levering.<\/li>\n<li>I sj\u00e6ldne tilf\u00e6lde af toldrelaterede problemer vil vores team h\u00e5ndtere fortoldningsprocessen p\u00e5 dine vegne for at sikre en problemfri leveringsoplevelse.<\/li>\n<p>Vigtig information om returnering:<\/p>\n<li>Hvis du beslutter at returnere din ordre eller anmode om refusion, skal du v\u00e6re opm\u00e6rksom p\u00e5, at skatter og afgifter, der er betalt p\u00e5 dine vegne i henhold til DDP-vilk\u00e5r, ikke kan refunderes.<\/li>\n<p>Se vores <a href=\"https:\/\/ayaneo.co\/da\/vilkaar-for-service\/\" target=\"_blank\" rel=\"nofollow noopener\">vilk\u00e5r og betingelser<\/a> for detaljerede oplysninger.\n<\/ul>\n<p>[\/cg_accordion]\n[cg_accordion title=\"KUNDESUPPORT\"]<\/p>\n<p>Har du et sp\u00f8rgsm\u00e5l? Vi er kun en kort sms v\u00e6k fra at have l\u00f8st dit problem! [\/cg_accordion]\n[cg_accordion title=\"PAKKEN INDEHOLDER\"]<\/p>\n<ul>\n<li>1x AYANEO 3 Etui<\/li>\n<\/ul>\n<p>[\/cg_accordion]\n","protected":false},"featured_media":16146,"template":"","meta":{"_acf_changed":false},"product_brand":[],"product_cat":[1143],"product_tag":[],"class_list":{"0":"post-16140","1":"product","2":"type-product","3":"status-publish","4":"has-post-thumbnail","6":"product_cat-tilbehor","7":"product_shipping_class-low-end","8":"pa_accessory-type-protective-case-da","9":"pa_brand-ayaneo","11":"first","12":"instock","13":"sale","14":"taxable","15":"shipping-taxable","16":"purchasable","17":"product-type-variable","18":"has-default-attributes"},"acf":[],"_links":{"self":[{"href":"https:\/\/ayaneo.co\/da\/wp-json\/wp\/v2\/product\/16140","targetHints":{"allow":["GET"]}}],"collection":[{"href":"https:\/\/ayaneo.co\/da\/wp-json\/wp\/v2\/product"}],"about":[{"href":"https:\/\/ayaneo.co\/da\/wp-json\/wp\/v2\/types\/product"}],"wp:featuredmedia":[{"embeddable":true,"href":"https:\/\/ayaneo.co\/da\/wp-json\/wp\/v2\/media\/16146"}],"wp:attachment":[{"href":"https:\/\/ayaneo.co\/da\/wp-json\/wp\/v2\/media?parent=16140"}],"wp:term":[{"taxonomy":"product_brand","embeddable":true,"href":"https:\/\/ayaneo.co\/da\/wp-json\/wp\/v2\/product_brand?post=16140"},{"taxonomy":"product_cat","embeddable":true,"href":"https:\/\/ayaneo.co\/da\/wp-json\/wp\/v2\/product_cat?post=16140"},{"taxonomy":"product_tag","embeddable":true,"href":"https:\/\/ayaneo.co\/da\/wp-json\/wp\/v2\/product_tag?post=16140"}],"curies":[{"name":"wp","href":"https:\/\/api.w.org\/{rel}","templated":true}]}}