{"id":16160,"date":"2025-03-24T16:59:03","date_gmt":"2025-03-24T16:59:03","guid":{"rendered":"https:\/\/ayaneo.co\/product\/ayaneo-3-screen-protector-krystalklar-beskyttelse-af-din-skaerm\/"},"modified":"2025-12-09T00:33:49","modified_gmt":"2025-12-09T00:33:49","slug":"ayaneo-3-screen-protector-krystalklar-beskyttelse-af-din-skaerm","status":"publish","type":"product","link":"https:\/\/ayaneo.co\/da\/product\/ayaneo-3-screen-protector-krystalklar-beskyttelse-af-din-skaerm\/","title":{"rendered":"AYANEO 3 Screen Protector - krystalklar beskyttelse af din sk\u00e6rm!"},"content":{"rendered":"\n<p>Hold din <strong>AYANEO 3-sk\u00e6rm<\/strong> fejlfri med denne <strong>sk\u00e6rmbeskytter i h\u00f8j kvalitet<\/strong>! Beskyttelsen er designet til at give <strong>maksimal klarhed, ridsefasthed og nem p\u00e5s\u00e6tning<\/strong> og sikrer, at din spiloplevelse forbliver j\u00e6vn og uafbrudt.<\/p>\n\n<h2 class=\"wp-block-heading\"><strong>Vigtige funktioner:<\/strong><\/h2>\n\n<p><strong>Ultraklar HD-sk\u00e6rm<\/strong> - Opretholder <strong>\u00e6gte farven\u00f8jagtighed<\/strong> og skarpe billeder for en medrivende oplevelse.<\/p>\n\n<p><strong>Ridse- og slagfast<\/strong> - Beskytter din sk\u00e6rm mod ridser, fald og hverdagsslitage.  <\/p>\n\n<p><strong>Pr\u00e6cis pasform og nem montering<\/strong> - Designet specielt til <strong>AYANEO 3<\/strong>, hvilket sikrer en problemfri, boblefri montering.<\/p>\n\n<p><strong>Modstandsdygtig over for fingeraftryk<\/strong> og pletter - Oleofobisk bel\u00e6gning afviser fingeraftryk og pletter og giver et rent look.<\/p>\n\n<p><strong>Boblefri vedh\u00e6ftning<\/strong> - Let at p\u00e5f\u00f8re uden luftbobler, hvilket sikrer en <strong>glat finish<\/strong> hver gang.<\/p>\n\n<p>Beskyt din <strong>AYANEO 3<\/strong> med denne <strong>f\u00f8rsteklasses sk\u00e6rmbeskyttelse<\/strong>, og <strong>spil med selvtillid<\/strong>!<\/p>\n\n<p><\/p>\n","protected":false},"excerpt":{"rendered":"<ul>\n<li><strong>Officiel<\/strong> AYANEO 3 sk\u00e6rmbeskytter<\/li>\n<li><strong>Ultra-Clear HD<\/strong> - Bevarer sk\u00e6rmkvalitet og farven\u00f8jagtighed.<\/li>\n<li><strong>Ridse- og slagfast<\/strong> - beskytter mod skader.<\/li>\n<li><strong>Modstandsdygtig over for pletter og fingeraftryk<\/strong> - holder sk\u00e6rmen ren.<\/li>\n<li><strong>Perfekt pasform<\/strong> - designet udelukkende til AYANEO 3.<\/li>\n<\/ul>\n[cg_accordion title=\"INFO OM BETALING\"]<\/p>\n<p>Vi bruger den nyeste teknologi inden for betalingsbehandling, som giver dig mulighed for at betale via Apple Pay, Google Pay, dit betalings-\/kreditkort, PayPal eller BNPL-metoder som Klarna, Affirm eller AfterPay for en hurtig og sikker oplevelse.[\/cg_accordion]\n[cg_accordion title=\"GARANTI\"]<\/p>\n<p>1 \u00e5rs garanti fra <a href=\"https:\/\/droix.net\/\" target=\"_blank\" rel=\"nofollow noopener\">DROIX Global<\/a> for at give dig ro i sindet[\/cg_accordion]\n[cg_accordion title=\"KVALITETSSIKRING OG TEST F\u00d8R AFSENDELSE\"]<\/p>\n<p>Sikrer kundetilfredshed p\u00e5 h\u00f8jeste niveau: Hver enhed gennemg\u00e5r strenge tests og en flerpunkts kvalitetssikringskontrol, f\u00f8r den sendes. Vores dedikerede team verificerer ydeevne, funktionalitet og komponentintegritet for at garantere, at din AYANEO-enhed er i perfekt stand ved ankomsten, hvilket giver dig tillid og ro i sindet. [\/cg_accordion]\n[cg_accordion title=\"PRISER, AFGIFTER OG FORSENDELSE\"]<\/p>\n<p><strong><u>Bem\u00e6rk:<\/u><\/strong><\/p>\n<ul>\n<li>Kunder i USA: Den viste pris inkluderer IKKE SKAT eller afgifter. Ansvaret for at toldbehandle og betale eventuelle tilknyttede skatter\/afgifter ligger hos kunden. <\/li>\n<li>EU-kunder: Den viste pris inkluderer g\u00e6ldende SKAT, som kan v\u00e6re op til 25% afh\u00e6ngigt af dit land.<\/li>\n<li>Kunder i Canada: Den viste pris inkluderer g\u00e6ldende skatter, som kan omfatte 5% GST og yderligere provinsielle salgsafgifter (PST), harmoniseret salgsafgift (HST) eller Quebec Sales Tax (QST), afh\u00e6ngigt af din provins.<\/li>\n<\/ul>\n<p><strong>KUN for EU-kunder:<\/strong> Express DDP (Delivered Duty Paid). Dette betyder: <\/p>\n<ul>\n<li>Alle toldafgifter og skatter er inkluderet i den pris, der vises p\u00e5 produktsiden.<\/li>\n<li>Du skal ikke betale yderligere gebyrer ved levering.<\/li>\n<li>I sj\u00e6ldne tilf\u00e6lde af toldrelaterede problemer vil vores team h\u00e5ndtere fortoldningsprocessen p\u00e5 dine vegne for at sikre en problemfri leveringsoplevelse.<\/li>\n<p>Vigtig information om returnering:<\/p>\n<li>Hvis du beslutter at returnere din ordre eller anmode om refusion, skal du v\u00e6re opm\u00e6rksom p\u00e5, at skatter og afgifter, der er betalt p\u00e5 dine vegne i henhold til DDP-vilk\u00e5r, ikke kan refunderes.<\/li>\n<p>Se vores <a href=\"https:\/\/ayaneo.co\/da\/vilkaar-for-service\/\" target=\"_blank\" rel=\"nofollow noopener\">vilk\u00e5r og betingelser<\/a> for detaljerede oplysninger.\n<\/ul>\n<p>[\/cg_accordion]\n[cg_accordion title=\"KUNDESUPPORT\"]<\/p>\n<p>Har du et sp\u00f8rgsm\u00e5l? Vi er kun en kort sms v\u00e6k fra at have l\u00f8st dit problem! [\/cg_accordion]\n[cg_accordion title=\"PAKKEN INDEHOLDER\"]<\/p>\n<ul>\n<li>1x AYANEO 3 Sk\u00e6rmbeskyttelse<\/li>\n<\/ul>\n<p>[\/cg_accordion]\n","protected":false},"featured_media":45852,"template":"","meta":{"_acf_changed":false},"product_brand":[],"product_cat":[1143],"product_tag":[],"class_list":{"0":"post-16160","1":"product","2":"type-product","3":"status-publish","4":"has-post-thumbnail","6":"product_cat-tilbehor","7":"product_shipping_class-low-end","8":"pa_accessory-type-screen-protector-da","9":"pa_brand-ayaneo","11":"first","12":"instock","13":"sale","14":"taxable","15":"shipping-taxable","16":"purchasable","17":"product-type-simple"},"acf":[],"_links":{"self":[{"href":"https:\/\/ayaneo.co\/da\/wp-json\/wp\/v2\/product\/16160","targetHints":{"allow":["GET"]}}],"collection":[{"href":"https:\/\/ayaneo.co\/da\/wp-json\/wp\/v2\/product"}],"about":[{"href":"https:\/\/ayaneo.co\/da\/wp-json\/wp\/v2\/types\/product"}],"wp:featuredmedia":[{"embeddable":true,"href":"https:\/\/ayaneo.co\/da\/wp-json\/wp\/v2\/media\/45852"}],"wp:attachment":[{"href":"https:\/\/ayaneo.co\/da\/wp-json\/wp\/v2\/media?parent=16160"}],"wp:term":[{"taxonomy":"product_brand","embeddable":true,"href":"https:\/\/ayaneo.co\/da\/wp-json\/wp\/v2\/product_brand?post=16160"},{"taxonomy":"product_cat","embeddable":true,"href":"https:\/\/ayaneo.co\/da\/wp-json\/wp\/v2\/product_cat?post=16160"},{"taxonomy":"product_tag","embeddable":true,"href":"https:\/\/ayaneo.co\/da\/wp-json\/wp\/v2\/product_tag?post=16160"}],"curies":[{"name":"wp","href":"https:\/\/api.w.org\/{rel}","templated":true}]}}