{"id":16325,"date":"2025-05-08T13:01:34","date_gmt":"2025-05-08T13:01:34","guid":{"rendered":"https:\/\/ayaneo.co\/product\/ayaneo-ag01-starship-graphics-dock\/"},"modified":"2026-01-06T00:31:05","modified_gmt":"2026-01-06T00:31:05","slug":"ayaneo-ag01","status":"publish","type":"product","link":"https:\/\/ayaneo.co\/da\/product\/ayaneo-ag01\/","title":{"rendered":"AYANEO AG01 Starship Graphics Dock"},"content":{"rendered":"\n<figure class=\"wp-block-video\"><video height=\"1080\" style=\"aspect-ratio: 1920 \/ 1080;\" width=\"1920\" controls=\"\" poster=\"https:\/\/ayaneo.co\/wp-content\/uploads\/2025\/05\/maxresdefault-4.jpg\" src=\"https:\/\/ayaneo.co\/wp-content\/uploads\/2025\/05\/AYANEO-AG01-Starship-Graphic-Dock_-Salute-to-The-Era-of-Space-Science-Explore-The-Gaming-World.mp4\"><\/video><\/figure>\n\n<h2 class=\"wp-block-heading\" id=\"h-introducing-the-ayaneo-ag01-starship-graphics-dock-power-precision-and-portability-redefined\">Vi pr\u00e6senterer AYANEO AG01 Starship Graphics Dock: Kraft, pr\u00e6cision og b\u00e6rbarhed omdefineret<\/h2>\n\n<p><strong>AYANEO AG01 Starship Graphics Dock<\/strong> indvarsler en ny \u00e6ra for eksterne GPU-l\u00f8sninger, skr\u00e6ddersyet til gamere, skabere og professionelle, der kr\u00e6ver intet mindre end fantastisk ydeevne. Med et futuristisk industrielt design, high-end AMD Radeon RX 7600M XT GPU og robust kompatibilitet p\u00e5 tv\u00e6rs af Windows- og Linux -systemer er AG01 ikke bare et tilbeh\u00f8r - det er en affyringsrampe for kompromisl\u00f8s kraft i desktop-klassen p\u00e5 farten.   <\/p>\n\n<figure class=\"wp-block-image size-full\"><a href=\"https:\/\/ayaneo.co\/wp-content\/uploads\/2025\/05\/AYANEO-AG01-GRAPHICS_DOCK-MARKETING-IMAGE-DONE-1-1024x576-1.jpg\"><img fetchpriority=\"high\" decoding=\"async\" width=\"1024\" height=\"576\" src=\"https:\/\/ayaneo.co\/wp-content\/uploads\/2025\/05\/AYANEO-AG01-GRAPHICS_DOCK-MARKETING-IMAGE-DONE-1-1024x576-1.jpg\" alt=\"Et m&#xF8;rkt reklamebillede med sci-fi-tema af AYANEO AG01, hvor den &#xF8;verste bl&#xE6;serring lyser orange, og enhedens silhuet er delvist oplyst, hvilket antyder, at den befinder sig i rummet.\" class=\"wp-image-37414\" srcset=\"https:\/\/ayaneo.co\/wp-content\/uploads\/2025\/05\/AYANEO-AG01-GRAPHICS_DOCK-MARKETING-IMAGE-DONE-1-1024x576-1.jpg 1024w, https:\/\/ayaneo.co\/wp-content\/uploads\/2025\/05\/AYANEO-AG01-GRAPHICS_DOCK-MARKETING-IMAGE-DONE-1-1024x576-1-300x169.jpg 300w, https:\/\/ayaneo.co\/wp-content\/uploads\/2025\/05\/AYANEO-AG01-GRAPHICS_DOCK-MARKETING-IMAGE-DONE-1-1024x576-1-768x432.jpg 768w, https:\/\/ayaneo.co\/wp-content\/uploads\/2025\/05\/AYANEO-AG01-GRAPHICS_DOCK-MARKETING-IMAGE-DONE-1-1024x576-1-990x557.jpg 990w, https:\/\/ayaneo.co\/wp-content\/uploads\/2025\/05\/AYANEO-AG01-GRAPHICS_DOCK-MARKETING-IMAGE-DONE-1-1024x576-1-441x248.jpg 441w, https:\/\/ayaneo.co\/wp-content\/uploads\/2025\/05\/AYANEO-AG01-GRAPHICS_DOCK-MARKETING-IMAGE-DONE-1-1024x576-1-600x338.jpg 600w, https:\/\/ayaneo.co\/wp-content\/uploads\/2025\/05\/AYANEO-AG01-GRAPHICS_DOCK-MARKETING-IMAGE-DONE-1-1024x576-1-150x84.jpg 150w\" sizes=\"(max-width: 1024px) 100vw, 1024px\" \/><\/a><\/figure>\n\n<p>Den banebrydende integration af OCuLink og USB4-gr\u00e6nseflader g\u00f8r den til en af de mest alsidige eGPU-docks, der findes i dag. Uanset om du l\u00e5ser op for h\u00f8jere billedhastigheder p\u00e5 din h\u00e5ndholdte konsol eller \u00f8ger produktiviteten p\u00e5 en kompakt b\u00e6rbar computer, sikrer AG01 \u00bbs kompakte fodaftryk f\u00f8rsteklasses grafikkraft uden at g\u00e5 p\u00e5 kompromis med mobiliteten. Velkommen til den n\u00e6ste generation af eksterne GPU\u00ab er - flotte, smukke og kampklare.  <\/p>\n\n<hr class=\"wp-block-separator has-alpha-channel-opacity\"\/>\n\n<h2 class=\"wp-block-heading\" id=\"h-ayaneo-ag01-starship-grade-external-gpu-dock\">AYANEO AG01 - Ekstern GPU-dockingstation i rumskibskvalitet<\/h2>\n\n<p><strong>AG01 Starship Graphics Dock<\/strong> er et mesterv\u00e6rk af moderne teknik og kunstnerisk design. Inspireret af futuristisk rumskibs\u00e6stetik kombinerer den b\u00e6rbarhed og ydeevne i et chassis, der kun er 18 cm bredt og vejer under 900 g. Det meget effektive termiske design, forst\u00e6rket med et turbinelignende k\u00f8lesystem og luftkanaler, sikrer langvarig ydeevne uden neddrosling, selv under intense spil- eller renderingssessioner.  <\/p>\n\n<figure class=\"wp-block-image size-full\"><a href=\"https:\/\/ayaneo.co\/wp-content\/uploads\/2025\/05\/AYANEO-AG01-GRAPHICS_DOCK-MARKETING-IMAGE-DONE-2-1024x855-1.jpg\"><img decoding=\"async\" width=\"1024\" height=\"855\" src=\"https:\/\/ayaneo.co\/wp-content\/uploads\/2025\/05\/AYANEO-AG01-GRAPHICS_DOCK-MARKETING-IMAGE-DONE-2-1024x855-1.jpg\" alt=\"H&#xF8;jdepunkterne i AYANEO AG01 vises i et futuristisk gitterlayout, herunder RX 7600M XT-chippen, RGB-belysning, navneplade, der kan tilpasses, k&#xF8;lesystem og I\/O-udvidelsesmuligheder.\" class=\"wp-image-37415\" srcset=\"https:\/\/ayaneo.co\/wp-content\/uploads\/2025\/05\/AYANEO-AG01-GRAPHICS_DOCK-MARKETING-IMAGE-DONE-2-1024x855-1.jpg 1024w, https:\/\/ayaneo.co\/wp-content\/uploads\/2025\/05\/AYANEO-AG01-GRAPHICS_DOCK-MARKETING-IMAGE-DONE-2-1024x855-1-300x250.jpg 300w, https:\/\/ayaneo.co\/wp-content\/uploads\/2025\/05\/AYANEO-AG01-GRAPHICS_DOCK-MARKETING-IMAGE-DONE-2-1024x855-1-768x641.jpg 768w, https:\/\/ayaneo.co\/wp-content\/uploads\/2025\/05\/AYANEO-AG01-GRAPHICS_DOCK-MARKETING-IMAGE-DONE-2-1024x855-1-990x827.jpg 990w, https:\/\/ayaneo.co\/wp-content\/uploads\/2025\/05\/AYANEO-AG01-GRAPHICS_DOCK-MARKETING-IMAGE-DONE-2-1024x855-1-441x368.jpg 441w, https:\/\/ayaneo.co\/wp-content\/uploads\/2025\/05\/AYANEO-AG01-GRAPHICS_DOCK-MARKETING-IMAGE-DONE-2-1024x855-1-600x501.jpg 600w, https:\/\/ayaneo.co\/wp-content\/uploads\/2025\/05\/AYANEO-AG01-GRAPHICS_DOCK-MARKETING-IMAGE-DONE-2-1024x855-1-150x125.jpg 150w\" sizes=\"(max-width: 1024px) 100vw, 1024px\" \/><\/a><\/figure>\n\n<p>Udstyret med <strong>AMD Radeon RX 7600M XT<\/strong> GPU baseret p\u00e5 RDNA3-arkitekturen underst\u00f8tter AG01 high-end AAA-spil, videoredigering og 3D-rendering med enest\u00e5ende effektivitet. Det er den ideelle ledsager til b\u00e6rbare gaming-enheder som AYANEO 2S, KUN og endda enheder, der ikke erAYANEO via OCuLink og USB4, herunder Steam Deck, ROG Ally og flere. <\/p>\n\n<hr class=\"wp-block-separator has-alpha-channel-opacity\"\/>\n\n<h2 class=\"wp-block-heading\" id=\"h-performance-that-launches-beyond-limits\">Performance, der overskrider gr\u00e6nserne<\/h2>\n\n<p><strong>Grafisk kraftv\u00e6rk:<\/strong> Hjertet i AG01 er <strong>AMD Radeon RX 7600M XT<\/strong> GPU&#8217;en med 32 beregningsenheder, 8 GB GDDR6-hukommelse og en maksimal boost clock p\u00e5 2300 MHz. Dette kraftv\u00e6rk leverer flydende 1080p- og endda 1440p-spil og udm\u00e6rker sig i h\u00f8jtydende applikationer lige fra AAA-titler til GPU-accelererede kreative workflows. <\/p>\n\n<p><strong>Avanceret k\u00f8lesystem:<\/strong> I mods\u00e6tning til konventionelle eGPU&#8217;er har AG01 et unikt udviklet k\u00f8lesystem med dobbelte luftindtag og en h\u00f8jeffektiv bl\u00e6ser. Dette design maksimerer luftstr\u00f8mmen, samtidig med at det er st\u00f8jsvagt, hvilket giver mulighed for vedvarende ydeevne selv under l\u00e6ngerevarende sessioner. <\/p>\n\n<hr class=\"wp-block-separator has-alpha-channel-opacity\"\/>\n\n<h2 class=\"wp-block-heading\" id=\"h-seamless-connectivity\">S\u00f8ml\u00f8s forbindelse<\/h2>\n\n<figure class=\"wp-block-image size-full\"><a href=\"https:\/\/ayaneo.co\/wp-content\/uploads\/2025\/05\/AYANEO-AG01-GRAPHICS_DOCK-MARKETING-IMAGE-DONE-3-1024x576-1.jpg\"><img decoding=\"async\" width=\"1024\" height=\"576\" src=\"https:\/\/ayaneo.co\/wp-content\/uploads\/2025\/05\/AYANEO-AG01-GRAPHICS_DOCK-MARKETING-IMAGE-DONE-3-1024x576-1.jpg\" alt=\"Diagrammet viser I\/O-layoutet p&#xE5; bagsiden af AYANEO AG01 Graphics Dock med angivelse af porte som DP 2.0, HDMI 2.1, OCuLink, USB4, DC, RJ45 og USB 3.2 Gen 2.\" class=\"wp-image-37416\" srcset=\"https:\/\/ayaneo.co\/wp-content\/uploads\/2025\/05\/AYANEO-AG01-GRAPHICS_DOCK-MARKETING-IMAGE-DONE-3-1024x576-1.jpg 1024w, https:\/\/ayaneo.co\/wp-content\/uploads\/2025\/05\/AYANEO-AG01-GRAPHICS_DOCK-MARKETING-IMAGE-DONE-3-1024x576-1-300x169.jpg 300w, https:\/\/ayaneo.co\/wp-content\/uploads\/2025\/05\/AYANEO-AG01-GRAPHICS_DOCK-MARKETING-IMAGE-DONE-3-1024x576-1-768x432.jpg 768w, https:\/\/ayaneo.co\/wp-content\/uploads\/2025\/05\/AYANEO-AG01-GRAPHICS_DOCK-MARKETING-IMAGE-DONE-3-1024x576-1-990x557.jpg 990w, https:\/\/ayaneo.co\/wp-content\/uploads\/2025\/05\/AYANEO-AG01-GRAPHICS_DOCK-MARKETING-IMAGE-DONE-3-1024x576-1-441x248.jpg 441w, https:\/\/ayaneo.co\/wp-content\/uploads\/2025\/05\/AYANEO-AG01-GRAPHICS_DOCK-MARKETING-IMAGE-DONE-3-1024x576-1-600x338.jpg 600w, https:\/\/ayaneo.co\/wp-content\/uploads\/2025\/05\/AYANEO-AG01-GRAPHICS_DOCK-MARKETING-IMAGE-DONE-3-1024x576-1-150x84.jpg 150w\" sizes=\"(max-width: 1024px) 100vw, 1024px\" \/><\/a><\/figure>\n\n<p><strong>Klar til OCuLink og USB4:<\/strong> For forbindelser med lav latenstid og h\u00f8j b\u00e5ndbredde underst\u00f8tter AG01 <strong>OCuLink SFF-8612<\/strong> og <strong>USB4<\/strong>, hvilket giver bred kompatibilitet p\u00e5 tv\u00e6rs af h\u00e5ndholdte pc&#8217;er og b\u00e6rbare computere. OCuLink giver overlegen GPU-ydeevne ved at omg\u00e5 flaskehalsene i traditionelle Thunderbolt-forbindelser, hvilket g\u00f8r det til det bedste valg for seri\u00f8se gamere og skabere. <\/p>\n\n<p><strong>Alsidig underst\u00f8ttelse af enheder:<\/strong> Uanset om du skal tilslutte en AYANEO h\u00e5ndholdt, Steam Deck eller en kompakt Windows\/Linux maskine, tilpasser AG01 sig nemt. Den underst\u00f8tter plug-and-play-funktionalitet uden behov for BIOS-tilpasninger til de fleste systemer. <\/p>\n\n<hr class=\"wp-block-separator has-alpha-channel-opacity\"\/>\n\n<h2 class=\"wp-block-heading\" id=\"h-built-to-travel-designed-to-impress\">Bygget til at rejse, designet til at imponere<\/h2>\n\n<p><strong>Kompakt og let:<\/strong> Med sine 18 cm x 6,3 cm x 3 cm og en v\u00e6gt p\u00e5 869 g er AG01 en af de mindste h\u00f8jtydende eGPU-docks i verden. Dens space-age-design fungerer ogs\u00e5 som et statement p\u00e5 skrivebordet eller i din tech-taske. <\/p>\n\n<p><strong>F\u00f8rsteklasses materialer:<\/strong> Kabinettet er konstrueret af en aluminiumslegering af luftfartskvalitet, der kombinerer holdbarhed med termisk effektivitet og elegant \u00e6stetik.<\/p>\n\n<figure class=\"wp-block-image size-full\"><a href=\"https:\/\/ayaneo.co\/wp-content\/uploads\/2025\/05\/AYANEO-AG01-GRAPHICS_DOCK-MARKETING-IMAGE-DONE-8-1024x576-1.jpg\"><img loading=\"lazy\" decoding=\"async\" width=\"1024\" height=\"576\" src=\"https:\/\/ayaneo.co\/wp-content\/uploads\/2025\/05\/AYANEO-AG01-GRAPHICS_DOCK-MARKETING-IMAGE-DONE-8-1024x576-1.jpg\" alt=\"Dramatisk billede af AYANEO AG01's dobbelte metalliske chassisdele midt i adskillelsen, hvilket fremh&#xE6;ver dens fint forarbejdede metalkrop mod en stjerneklar rumbaggrund.\" class=\"wp-image-37417\" srcset=\"https:\/\/ayaneo.co\/wp-content\/uploads\/2025\/05\/AYANEO-AG01-GRAPHICS_DOCK-MARKETING-IMAGE-DONE-8-1024x576-1.jpg 1024w, https:\/\/ayaneo.co\/wp-content\/uploads\/2025\/05\/AYANEO-AG01-GRAPHICS_DOCK-MARKETING-IMAGE-DONE-8-1024x576-1-300x169.jpg 300w, https:\/\/ayaneo.co\/wp-content\/uploads\/2025\/05\/AYANEO-AG01-GRAPHICS_DOCK-MARKETING-IMAGE-DONE-8-1024x576-1-768x432.jpg 768w, https:\/\/ayaneo.co\/wp-content\/uploads\/2025\/05\/AYANEO-AG01-GRAPHICS_DOCK-MARKETING-IMAGE-DONE-8-1024x576-1-990x557.jpg 990w, https:\/\/ayaneo.co\/wp-content\/uploads\/2025\/05\/AYANEO-AG01-GRAPHICS_DOCK-MARKETING-IMAGE-DONE-8-1024x576-1-441x248.jpg 441w, https:\/\/ayaneo.co\/wp-content\/uploads\/2025\/05\/AYANEO-AG01-GRAPHICS_DOCK-MARKETING-IMAGE-DONE-8-1024x576-1-600x338.jpg 600w, https:\/\/ayaneo.co\/wp-content\/uploads\/2025\/05\/AYANEO-AG01-GRAPHICS_DOCK-MARKETING-IMAGE-DONE-8-1024x576-1-150x84.jpg 150w\" sizes=\"(max-width: 1024px) 100vw, 1024px\" \/><\/a><\/figure>\n\n<hr class=\"wp-block-separator has-alpha-channel-opacity\"\/>\n\n<h2 class=\"wp-block-heading\" id=\"h-user-experience\">Brugeroplevelse<\/h2>\n\n<p>AG01 s\u00e6tter en ny standard for brugervenlig ydeevne. Dens driverl\u00f8se underst\u00f8ttelse af Windows og Linux, s\u00f8ml\u00f8se enhedskompatibilitet og plug-and-play-ops\u00e6tning g\u00f8r den ideel til b\u00e5de nybegyndere og teknisk kyndige entusiaster. Uanset om du streamer, designer, spiller eller multitasker p\u00e5 tv\u00e6rs af sk\u00e6rme, leverer AG01 en j\u00e6vn og fordybende oplevelse.  <\/p>\n\n<hr class=\"wp-block-separator has-alpha-channel-opacity\"\/>\n\n<h2 class=\"wp-block-heading\" id=\"h-conclusion\">Konklusion<\/h2>\n\n<p><strong>AYANEO AG01 Starship Graphics Dock<\/strong> er mere end bare en ekstern GPU - det er et spring ind i en fremtid, hvor b\u00e6rbarhed m\u00f8der \u00e6gte ydeevne p\u00e5 skrivebordsniveau. Med sin Radeon RX 7600M XT-motor, dual-interface-tilslutning og kunstneriske design omdefinerer AG01, hvad der er muligt inden for b\u00e6rbar computerbrug. <\/p>\n\n<p>Forudbestil din AG01 nu, og bliv en del af en ny generation af gamere og skabere, der omfavner kompromisl\u00f8s kraft, uanset hvor de g\u00e5r hen.  <strong>Med AYANEO er stjernerne kun begyndelsen.<\/strong><\/p>\n","protected":false},"excerpt":{"rendered":"<ul>\n<li><strong>Radeon\u2122 RX 7600M XT<\/strong> GPU med RDNA 3-arkitektur<\/li>\n<li><strong>Dobbelt gr\u00e6nseflade:<\/strong> OCuLink &amp; USB 4.0 (Type-C, 65W PD)<\/li>\n<li><strong>Kompakt og let:<\/strong> B\u00e6rbart rumskibsinspireret design<\/li>\n<li><strong>Optimeret k\u00f8ling:<\/strong> H\u00f8jeffektivt turbinebl\u00e6sersystem<\/li>\n<li><strong>Kompatibel med:<\/strong> AYANEO 2S, KUN, FLIP DS, ROG Ally, Steam Deck<\/li>\n<\/ul>\n[cg_accordion title=\"INFO OM BETALING\"]<\/p>\n<p>Vi bruger den nyeste teknologi inden for betalingsbehandling, som giver dig mulighed for at betale via Apple Pay, Google Pay, dit betalings-\/kreditkort, PayPal eller BNPL-metoder som Klarna, Affirm eller AfterPay for en hurtig og sikker oplevelse.[\/cg_accordion]\n[cg_accordion title=\"GARANTI\"]<\/p>\n<p>1 \u00e5rs garanti fra <a href=\"https:\/\/droix.net\/\" target=\"_blank\" rel=\"nofollow noopener\">DROIX Global<\/a> for at give dig ro i sindet[\/cg_accordion]\n[cg_accordion title=\"KVALITETSSIKRING OG TEST F\u00d8R AFSENDELSE\"]<\/p>\n<p>Sikrer kundetilfredshed p\u00e5 h\u00f8jeste niveau: Hver enhed gennemg\u00e5r strenge tests og en flerpunkts kvalitetssikringskontrol, f\u00f8r den sendes. Vores dedikerede team verificerer ydeevne, funktionalitet og komponentintegritet for at garantere, at din AYANEO-enhed er i perfekt stand ved ankomsten, hvilket giver dig tillid og ro i sindet. [\/cg_accordion]\n[cg_accordion title=\"PRISER, AFGIFTER OG FORSENDELSE\"]<\/p>\n<p><strong><u>Bem\u00e6rk:<\/u><\/strong><\/p>\n<ul>\n<li>Kunder i USA: Den viste pris inkluderer IKKE SKAT eller afgifter. Ansvaret for at toldbehandle og betale eventuelle tilknyttede skatter\/afgifter ligger hos kunden. <\/li>\n<li>EU-kunder: Den viste pris inkluderer g\u00e6ldende SKAT, som kan v\u00e6re op til 25% afh\u00e6ngigt af dit land.<\/li>\n<li>Kunder i Canada: Den viste pris inkluderer g\u00e6ldende skatter, som kan omfatte 5% GST og yderligere provinsielle salgsafgifter (PST), harmoniseret salgsafgift (HST) eller Quebec Sales Tax (QST), afh\u00e6ngigt af din provins.<\/li>\n<\/ul>\n<p><strong>KUN for EU-kunder:<\/strong> Express DDP (Delivered Duty Paid). Dette betyder: <\/p>\n<ul>\n<li>Alle toldafgifter og skatter er inkluderet i den pris, der vises p\u00e5 produktsiden.<\/li>\n<li>Du skal ikke betale yderligere gebyrer ved levering.<\/li>\n<li>I sj\u00e6ldne tilf\u00e6lde af toldrelaterede problemer vil vores team h\u00e5ndtere fortoldningsprocessen p\u00e5 dine vegne for at sikre en problemfri leveringsoplevelse.<\/li>\n<p>Vigtig information om returnering:<\/p>\n<li>Hvis du beslutter at returnere din ordre eller anmode om refusion, skal du v\u00e6re opm\u00e6rksom p\u00e5, at skatter og afgifter, der er betalt p\u00e5 dine vegne i henhold til DDP-vilk\u00e5r, ikke kan refunderes.<\/li>\n<p>Se vores <a href=\"https:\/\/ayaneo.co\/terms-of-service-2\/\" target=\"_blank\" rel=\"nofollow noopener\">vilk\u00e5r og betingelser<\/a> for detaljerede oplysninger.\n<\/ul>\n<p>[\/cg_accordion]\n[cg_accordion title=\"KUNDESUPPORT\"]<\/p>\n<p>Har du et sp\u00f8rgsm\u00e5l? Vi er kun en kort sms v\u00e6k fra at have l\u00f8st dit problem! [\/cg_accordion]\n[cg_accordion title=\"PAKKEN INDEHOLDER\"]<\/p>\n<ul>\n<li>1x AYANEO AG01 Starship Graphics Dock<\/li>\n<li>1x USB Type-C-kabel<\/li>\n<li>1x brugervejledning<\/li>\n<\/ul>\n<p>[\/cg_accordion]\n","protected":false},"featured_media":16326,"template":"","meta":{"_acf_changed":false},"product_brand":[],"product_cat":[1143],"product_tag":[],"class_list":{"0":"post-16325","1":"product","2":"type-product","3":"status-publish","4":"has-post-thumbnail","6":"product_cat-tilbehor","7":"product_shipping_class-premium","8":"pa_brand-ayaneo","9":"pa_graphics-gpu-model-radeon-rx-7600m-xt","11":"first","12":"outofstock","13":"sale","14":"taxable","15":"shipping-taxable","16":"purchasable","17":"product-type-variable","18":"has-default-attributes"},"acf":[],"_links":{"self":[{"href":"https:\/\/ayaneo.co\/da\/wp-json\/wp\/v2\/product\/16325","targetHints":{"allow":["GET"]}}],"collection":[{"href":"https:\/\/ayaneo.co\/da\/wp-json\/wp\/v2\/product"}],"about":[{"href":"https:\/\/ayaneo.co\/da\/wp-json\/wp\/v2\/types\/product"}],"wp:featuredmedia":[{"embeddable":true,"href":"https:\/\/ayaneo.co\/da\/wp-json\/wp\/v2\/media\/16326"}],"wp:attachment":[{"href":"https:\/\/ayaneo.co\/da\/wp-json\/wp\/v2\/media?parent=16325"}],"wp:term":[{"taxonomy":"product_brand","embeddable":true,"href":"https:\/\/ayaneo.co\/da\/wp-json\/wp\/v2\/product_brand?post=16325"},{"taxonomy":"product_cat","embeddable":true,"href":"https:\/\/ayaneo.co\/da\/wp-json\/wp\/v2\/product_cat?post=16325"},{"taxonomy":"product_tag","embeddable":true,"href":"https:\/\/ayaneo.co\/da\/wp-json\/wp\/v2\/product_tag?post=16325"}],"curies":[{"name":"wp","href":"https:\/\/api.w.org\/{rel}","templated":true}]}}