{"id":18091,"date":"2025-01-17T11:00:37","date_gmt":"2025-01-17T11:00:37","guid":{"rendered":"https:\/\/ayaneo.co\/product\/ayaneo-pocket-evo\/"},"modified":"2026-02-12T10:15:04","modified_gmt":"2026-02-12T10:15:04","slug":"ayaneo-pocket-evo","status":"publish","type":"product","link":"https:\/\/ayaneo.co\/da\/product\/ayaneo-pocket-evo\/","title":{"rendered":"AYANEO Pocket EVO"},"content":{"rendered":"\n<div class=\"wp-block-columns is-layout-flex wp-container-core-columns-is-layout-28f84493 wp-block-columns-is-layout-flex\">\n<div class=\"wp-block-column is-layout-flow wp-block-column-is-layout-flow\" style=\"flex-basis:33.33%\">\n<figure class=\"wp-block-image size-full\"><a href=\"https:\/\/ayaneo.co\/wp-content\/uploads\/2025\/01\/AYANEO-POCKET-EVO-MARKETING-DONE-28-1024x1024-1.jpg\"><img fetchpriority=\"high\" decoding=\"async\" width=\"1024\" height=\"1024\" src=\"https:\/\/ayaneo.co\/wp-content\/uploads\/2025\/01\/AYANEO-POCKET-EVO-MARKETING-DONE-28-1024x1024-1.jpg\" alt=\"AYANEO Pocket EVO i hvid med en 7-tommers OLED HDR 120Hz-sk&#xE6;rm og Snapdragon G3x Gen 2-gamingplatform, vist mod en gradient af bl&#xE5; til orange baggrund.\" class=\"wp-image-37442\" srcset=\"https:\/\/ayaneo.co\/wp-content\/uploads\/2025\/01\/AYANEO-POCKET-EVO-MARKETING-DONE-28-1024x1024-1.jpg 1024w, https:\/\/ayaneo.co\/wp-content\/uploads\/2025\/01\/AYANEO-POCKET-EVO-MARKETING-DONE-28-1024x1024-1-300x300.jpg 300w, https:\/\/ayaneo.co\/wp-content\/uploads\/2025\/01\/AYANEO-POCKET-EVO-MARKETING-DONE-28-1024x1024-1-150x150.jpg 150w, https:\/\/ayaneo.co\/wp-content\/uploads\/2025\/01\/AYANEO-POCKET-EVO-MARKETING-DONE-28-1024x1024-1-768x768.jpg 768w, https:\/\/ayaneo.co\/wp-content\/uploads\/2025\/01\/AYANEO-POCKET-EVO-MARKETING-DONE-28-1024x1024-1-65x65.jpg 65w, https:\/\/ayaneo.co\/wp-content\/uploads\/2025\/01\/AYANEO-POCKET-EVO-MARKETING-DONE-28-1024x1024-1-990x990.jpg 990w, https:\/\/ayaneo.co\/wp-content\/uploads\/2025\/01\/AYANEO-POCKET-EVO-MARKETING-DONE-28-1024x1024-1-441x441.jpg 441w, https:\/\/ayaneo.co\/wp-content\/uploads\/2025\/01\/AYANEO-POCKET-EVO-MARKETING-DONE-28-1024x1024-1-100x100.jpg 100w, https:\/\/ayaneo.co\/wp-content\/uploads\/2025\/01\/AYANEO-POCKET-EVO-MARKETING-DONE-28-1024x1024-1-600x600.jpg 600w\" sizes=\"(max-width: 1024px) 100vw, 1024px\" \/><\/a><\/figure>\n<\/div>\n\n\n\n<div class=\"wp-block-column is-layout-flow wp-block-column-is-layout-flow\" style=\"flex-basis:66.66%\">\n<h2 class=\"wp-block-heading\"><strong><strong>Omdefiner h\u00e5ndholdt gaming med AYANEO Pocket EVO<\/strong><\/strong><\/h2>\n\n\n\n<p><strong>AYANEO Pocket EVO<\/strong> er en banebrydende h\u00e5ndholdt spillekonsol, der er designet til at flytte gr\u00e6nserne for b\u00e6rbar gaming. Den kombinerer banebrydende teknologi med et ergonomisk, slankt design og er bygget til gamere, der \u00f8nsker kraft, pr\u00e6cision og b\u00e6rbarhed. Uanset om du kaster dig ud i AAA-blockbusters eller opdager indie-skatte, er du d\u00e6kket ind med Pocket EVO.  <\/p>\n<\/div>\n<\/div>\n\n<hr class=\"wp-block-separator has-alpha-channel-opacity\"\/>\n\n<h2 class=\"wp-block-heading has-text-align-center\"><strong>AYANEO Pocket EVO: De tre s\u00f8jler i pr\u00e6cisionskontrol, ydeevne og ergonomi<\/strong><\/h2>\n\n<div class=\"wp-block-columns is-layout-flex wp-container-core-columns-is-layout-28f84493 wp-block-columns-is-layout-flex\">\n<div class=\"wp-block-column is-layout-flow wp-block-column-is-layout-flow\">\n<figure class=\"wp-block-image size-full\"><a href=\"https:\/\/ayaneo.co\/wp-content\/uploads\/2025\/01\/AYANEO-POCKET-EVO-MARKETING-DONE-34-1024x1024-1.jpg\"><img decoding=\"async\" width=\"1024\" height=\"1024\" src=\"https:\/\/ayaneo.co\/wp-content\/uploads\/2025\/01\/AYANEO-POCKET-EVO-MARKETING-DONE-34-1024x1024-1.jpg\" alt=\"Sammenligning side om side af den hvide og den sorte variant af AYANEO Pocket EVO, der fremh&#xE6;ver det moderne og slanke design med en levende sk&#xE6;rm.\" class=\"wp-image-37443\" srcset=\"https:\/\/ayaneo.co\/wp-content\/uploads\/2025\/01\/AYANEO-POCKET-EVO-MARKETING-DONE-34-1024x1024-1.jpg 1024w, https:\/\/ayaneo.co\/wp-content\/uploads\/2025\/01\/AYANEO-POCKET-EVO-MARKETING-DONE-34-1024x1024-1-300x300.jpg 300w, https:\/\/ayaneo.co\/wp-content\/uploads\/2025\/01\/AYANEO-POCKET-EVO-MARKETING-DONE-34-1024x1024-1-150x150.jpg 150w, https:\/\/ayaneo.co\/wp-content\/uploads\/2025\/01\/AYANEO-POCKET-EVO-MARKETING-DONE-34-1024x1024-1-768x768.jpg 768w, https:\/\/ayaneo.co\/wp-content\/uploads\/2025\/01\/AYANEO-POCKET-EVO-MARKETING-DONE-34-1024x1024-1-65x65.jpg 65w, https:\/\/ayaneo.co\/wp-content\/uploads\/2025\/01\/AYANEO-POCKET-EVO-MARKETING-DONE-34-1024x1024-1-990x990.jpg 990w, https:\/\/ayaneo.co\/wp-content\/uploads\/2025\/01\/AYANEO-POCKET-EVO-MARKETING-DONE-34-1024x1024-1-441x441.jpg 441w, https:\/\/ayaneo.co\/wp-content\/uploads\/2025\/01\/AYANEO-POCKET-EVO-MARKETING-DONE-34-1024x1024-1-100x100.jpg 100w, https:\/\/ayaneo.co\/wp-content\/uploads\/2025\/01\/AYANEO-POCKET-EVO-MARKETING-DONE-34-1024x1024-1-600x600.jpg 600w\" sizes=\"(max-width: 1024px) 100vw, 1024px\" \/><\/a><\/figure>\n\n\n\n<h3 class=\"wp-block-heading\"><strong>Ergonomi og \u00e6stetik: Sofistikeret design til lange gaming-sessioner<\/strong><\/h3>\n\n\n\n<p>AYANEO Pocket EVO kombinerer sofistikeret \u00e6stetik med funktionelt design. Den f\u00e5s i to i\u00f8jnefaldende farveskemaer: <\/p>\n\n\n\n<ul class=\"wp-block-list\">\n<li><strong>Stjerneklar sort<\/strong><\/li>\n\n\n\n<li><strong>Sky Mirror Hvid<\/strong><\/li>\n<\/ul>\n\n\n\n<p>Dens kompakte og ergonomiske opbygning sikrer komfort under l\u00e6ngerevarende gaming-sessioner. Enheden er omhyggeligt udstyret med varmeafledningsfinner (20193 mm\u00b2) for optimal ydeevne, selv under intensivt spil. <\/p>\n<\/div>\n\n\n\n<div class=\"wp-block-column is-layout-flow wp-block-column-is-layout-flow\">\n<figure class=\"wp-block-image size-full\"><a href=\"https:\/\/ayaneo.co\/wp-content\/uploads\/2025\/01\/AYANEO-POCKET-EVO-MARKETING-DONE-17-1024x1024-1.jpg\"><img decoding=\"async\" width=\"1024\" height=\"1024\" src=\"https:\/\/ayaneo.co\/wp-content\/uploads\/2025\/01\/AYANEO-POCKET-EVO-MARKETING-DONE-17-1024x1024-1.jpg\" alt=\"Splitbillede, der viser Snapdragon G3x Gen 2-gamingplatformen til venstre og AYANEO Pocket EVO i brug til h&#xF8;jre, hvilket understreger kraftig ydeevne og alsidigt gameplay.\" class=\"wp-image-37444\" srcset=\"https:\/\/ayaneo.co\/wp-content\/uploads\/2025\/01\/AYANEO-POCKET-EVO-MARKETING-DONE-17-1024x1024-1.jpg 1024w, https:\/\/ayaneo.co\/wp-content\/uploads\/2025\/01\/AYANEO-POCKET-EVO-MARKETING-DONE-17-1024x1024-1-300x300.jpg 300w, https:\/\/ayaneo.co\/wp-content\/uploads\/2025\/01\/AYANEO-POCKET-EVO-MARKETING-DONE-17-1024x1024-1-150x150.jpg 150w, https:\/\/ayaneo.co\/wp-content\/uploads\/2025\/01\/AYANEO-POCKET-EVO-MARKETING-DONE-17-1024x1024-1-768x768.jpg 768w, https:\/\/ayaneo.co\/wp-content\/uploads\/2025\/01\/AYANEO-POCKET-EVO-MARKETING-DONE-17-1024x1024-1-65x65.jpg 65w, https:\/\/ayaneo.co\/wp-content\/uploads\/2025\/01\/AYANEO-POCKET-EVO-MARKETING-DONE-17-1024x1024-1-990x990.jpg 990w, https:\/\/ayaneo.co\/wp-content\/uploads\/2025\/01\/AYANEO-POCKET-EVO-MARKETING-DONE-17-1024x1024-1-441x441.jpg 441w, https:\/\/ayaneo.co\/wp-content\/uploads\/2025\/01\/AYANEO-POCKET-EVO-MARKETING-DONE-17-1024x1024-1-100x100.jpg 100w, https:\/\/ayaneo.co\/wp-content\/uploads\/2025\/01\/AYANEO-POCKET-EVO-MARKETING-DONE-17-1024x1024-1-600x600.jpg 600w\" sizes=\"(max-width: 1024px) 100vw, 1024px\" \/><\/a><\/figure>\n\n\n\n<h3 class=\"wp-block-heading\"><strong>Det centrale gaming-OS: Kraft og pr\u00e6cision med Master Controller og Android 13<\/strong><\/h3>\n\n\n\n<p>AYANEO Pocket EVO er drevet af <strong>Master Controller<\/strong> og Android 13-operativsystemet og leverer uovertruffen ydeevne. <strong>RGB Hall Big Joystick<\/strong> og <strong>Linear Hall Trigger<\/strong> giver 250 Hz returhastighed, hvilket giver uovertruffen pr\u00e6cision og reaktionsevne. Systemet har ogs\u00e5 avancerede tilpasningsmuligheder, herunder:  <\/p>\n\n\n\n<ul class=\"wp-block-list\">\n<li><strong>SoundTAP Magic Sound Vibration<\/strong><\/li>\n\n\n\n<li><strong>XInput-vibration<\/strong> og knap-vibration<\/li>\n\n\n\n<li><strong>Tilpassede pr\u00e6stationstilstande<\/strong><\/li>\n<\/ul>\n\n\n\n<p>Disse funktioner sikrer en alsidig spiloplevelse, der er skr\u00e6ddersyet til dine pr\u00e6ferencer.<\/p>\n<\/div>\n\n\n\n<div class=\"wp-block-column is-layout-flow wp-block-column-is-layout-flow\">\n<figure class=\"wp-block-image size-full\"><a href=\"https:\/\/ayaneo.co\/wp-content\/uploads\/2025\/01\/AYANEO-POCKET-EVO-MARKETING-DONE-20-1-1024x1024-1.jpg\"><img loading=\"lazy\" decoding=\"async\" width=\"1024\" height=\"1024\" src=\"https:\/\/ayaneo.co\/wp-content\/uploads\/2025\/01\/AYANEO-POCKET-EVO-MARKETING-DONE-20-1-1024x1024-1.jpg\" alt=\"N&#xE6;rbillede af AYANEO Pocket EVO Master Controller i sort med h&#xF8;jpr&#xE6;cisionsjoysticks, udl&#xF8;serknapper og otte funktioner, der kan tilpasses, for en professionel spiloplevelse.\" class=\"wp-image-37445\" srcset=\"https:\/\/ayaneo.co\/wp-content\/uploads\/2025\/01\/AYANEO-POCKET-EVO-MARKETING-DONE-20-1-1024x1024-1.jpg 1024w, https:\/\/ayaneo.co\/wp-content\/uploads\/2025\/01\/AYANEO-POCKET-EVO-MARKETING-DONE-20-1-1024x1024-1-300x300.jpg 300w, https:\/\/ayaneo.co\/wp-content\/uploads\/2025\/01\/AYANEO-POCKET-EVO-MARKETING-DONE-20-1-1024x1024-1-150x150.jpg 150w, https:\/\/ayaneo.co\/wp-content\/uploads\/2025\/01\/AYANEO-POCKET-EVO-MARKETING-DONE-20-1-1024x1024-1-768x768.jpg 768w, https:\/\/ayaneo.co\/wp-content\/uploads\/2025\/01\/AYANEO-POCKET-EVO-MARKETING-DONE-20-1-1024x1024-1-65x65.jpg 65w, https:\/\/ayaneo.co\/wp-content\/uploads\/2025\/01\/AYANEO-POCKET-EVO-MARKETING-DONE-20-1-1024x1024-1-990x990.jpg 990w, https:\/\/ayaneo.co\/wp-content\/uploads\/2025\/01\/AYANEO-POCKET-EVO-MARKETING-DONE-20-1-1024x1024-1-441x441.jpg 441w, https:\/\/ayaneo.co\/wp-content\/uploads\/2025\/01\/AYANEO-POCKET-EVO-MARKETING-DONE-20-1-1024x1024-1-100x100.jpg 100w, https:\/\/ayaneo.co\/wp-content\/uploads\/2025\/01\/AYANEO-POCKET-EVO-MARKETING-DONE-20-1-1024x1024-1-600x600.jpg 600w\" sizes=\"(max-width: 1024px) 100vw, 1024px\" \/><\/a><\/figure>\n\n\n\n<h3 class=\"wp-block-heading\"><strong>Professionel pr\u00e6cision: RGB Hall Effect-joysticks giver p\u00e5lideligt og pr\u00e6cist input<\/strong><\/h3>\n\n\n\n<p>Pocket EVO har et intuitivt og innovativt kontrollayout:<\/p>\n\n\n\n<ul class=\"wp-block-list\">\n<li><strong>RGB Hall Effect Joystick<\/strong> for pr\u00e6cist og p\u00e5lideligt input<\/li>\n\n\n\n<li><strong>Line\u00e6re Hall-triggere<\/strong> med en returfrekvens p\u00e5 250 Hz<\/li>\n\n\n\n<li><strong>HD Linear Motor<\/strong> for forbedret taktil feedback<\/li>\n\n\n\n<li><strong>Seks-akset gyroskop<\/strong> til bev\u00e6gelsesf\u00f8lsom gaming<\/li>\n\n\n\n<li><strong>Hjem-knap<\/strong> med emulator-genvejsfunktioner og Xbox-streamingopkaldsmenu<\/li>\n<\/ul>\n\n\n\n<p>Derudover giver <strong>Turbo Key<\/strong> mulighed for hurtigt at skifte mellem ydelsestilstande, og t\u00e6nd\/sluk-knappen integrerer fingeraftryksgenkendelse for sikker adgang.<\/p>\n<\/div>\n<\/div>\n\n<hr class=\"wp-block-separator has-alpha-channel-opacity\"\/>\n\n<div class=\"wp-block-columns is-layout-flex wp-container-core-columns-is-layout-28f84493 wp-block-columns-is-layout-flex\">\n<div class=\"wp-block-column is-layout-flow wp-block-column-is-layout-flow\" style=\"flex-basis:33.33%\">\n<figure class=\"wp-block-image size-full\"><a href=\"https:\/\/ayaneo.co\/wp-content\/uploads\/2025\/01\/AYANEO-POCKET-EVO-MARKETING-DONE-26-1024x1024-1.jpg\"><img loading=\"lazy\" decoding=\"async\" width=\"1024\" height=\"1024\" src=\"https:\/\/ayaneo.co\/wp-content\/uploads\/2025\/01\/AYANEO-POCKET-EVO-MARKETING-DONE-26-1024x1024-1.jpg\" alt=\"AYANEO Pocket EVO's ultrahurtige dataoverf&#xF8;rselsfunktioner, der fremh&#xE6;ver funktioner som USB 3.2 Gen 2 Type-C, LPDDR5X-h&#xF8;jhastighedshukommelse og et microSD-slot til udvidet lagerplads\" class=\"wp-image-37446\" srcset=\"https:\/\/ayaneo.co\/wp-content\/uploads\/2025\/01\/AYANEO-POCKET-EVO-MARKETING-DONE-26-1024x1024-1.jpg 1024w, https:\/\/ayaneo.co\/wp-content\/uploads\/2025\/01\/AYANEO-POCKET-EVO-MARKETING-DONE-26-1024x1024-1-300x300.jpg 300w, https:\/\/ayaneo.co\/wp-content\/uploads\/2025\/01\/AYANEO-POCKET-EVO-MARKETING-DONE-26-1024x1024-1-150x150.jpg 150w, https:\/\/ayaneo.co\/wp-content\/uploads\/2025\/01\/AYANEO-POCKET-EVO-MARKETING-DONE-26-1024x1024-1-768x768.jpg 768w, https:\/\/ayaneo.co\/wp-content\/uploads\/2025\/01\/AYANEO-POCKET-EVO-MARKETING-DONE-26-1024x1024-1-65x65.jpg 65w, https:\/\/ayaneo.co\/wp-content\/uploads\/2025\/01\/AYANEO-POCKET-EVO-MARKETING-DONE-26-1024x1024-1-990x990.jpg 990w, https:\/\/ayaneo.co\/wp-content\/uploads\/2025\/01\/AYANEO-POCKET-EVO-MARKETING-DONE-26-1024x1024-1-441x441.jpg 441w, https:\/\/ayaneo.co\/wp-content\/uploads\/2025\/01\/AYANEO-POCKET-EVO-MARKETING-DONE-26-1024x1024-1-100x100.jpg 100w, https:\/\/ayaneo.co\/wp-content\/uploads\/2025\/01\/AYANEO-POCKET-EVO-MARKETING-DONE-26-1024x1024-1-600x600.jpg 600w\" sizes=\"(max-width: 1024px) 100vw, 1024px\" \/><\/a><\/figure>\n<\/div>\n\n\n\n<div class=\"wp-block-column is-layout-flow wp-block-column-is-layout-flow\" style=\"flex-basis:66.66%\">\n<h2 class=\"wp-block-heading\"><strong>Opbevaring og tilslutningsmuligheder<\/strong><\/h2>\n\n\n\n<p>AYANEO Pocket EVO tilbyder robuste tilslutnings- og opbevaringsmuligheder:<\/p>\n\n\n\n<ul class=\"wp-block-list\">\n<li><strong>1x USB 3.2 Gen 2 Type-C<\/strong> med <strong>fuld funktion<\/strong> og 10 Gbps overf\u00f8rselshastighed<\/li>\n\n\n\n<li><strong>1x Micro SD-kortplads<\/strong> med op til 100 MB\/s overf\u00f8rselshastighed<\/li>\n\n\n\n<li><strong>H\u00f8jhastigheds-WiFi og Bluetooth 5.3<\/strong><\/li>\n<\/ul>\n<\/div>\n<\/div>\n\n<hr class=\"wp-block-separator has-alpha-channel-opacity\"\/>\n\n<div class=\"wp-block-columns is-layout-flex wp-container-core-columns-is-layout-28f84493 wp-block-columns-is-layout-flex\">\n<div class=\"wp-block-column is-layout-flow wp-block-column-is-layout-flow\">\n<figure class=\"wp-block-image size-full\"><a href=\"https:\/\/ayaneo.co\/wp-content\/uploads\/2025\/01\/AYANEO-POCKET-EVO-MARKETING-DONE-12-1024x1024-1.jpg\"><img loading=\"lazy\" decoding=\"async\" width=\"1024\" height=\"1024\" src=\"https:\/\/ayaneo.co\/wp-content\/uploads\/2025\/01\/AYANEO-POCKET-EVO-MARKETING-DONE-12-1024x1024-1.jpg\" alt=\"Sammenligning fra siden af de hvide og sorte AYANEO Pocket EVO-modeller, der understreger den ultratynde tykkelse p&#xE5; 17 mm og det lette design p&#xE5; 478 g sammenlignet med andre h&#xE5;ndholdte enheder.\" class=\"wp-image-37447\" srcset=\"https:\/\/ayaneo.co\/wp-content\/uploads\/2025\/01\/AYANEO-POCKET-EVO-MARKETING-DONE-12-1024x1024-1.jpg 1024w, https:\/\/ayaneo.co\/wp-content\/uploads\/2025\/01\/AYANEO-POCKET-EVO-MARKETING-DONE-12-1024x1024-1-300x300.jpg 300w, https:\/\/ayaneo.co\/wp-content\/uploads\/2025\/01\/AYANEO-POCKET-EVO-MARKETING-DONE-12-1024x1024-1-150x150.jpg 150w, https:\/\/ayaneo.co\/wp-content\/uploads\/2025\/01\/AYANEO-POCKET-EVO-MARKETING-DONE-12-1024x1024-1-768x768.jpg 768w, https:\/\/ayaneo.co\/wp-content\/uploads\/2025\/01\/AYANEO-POCKET-EVO-MARKETING-DONE-12-1024x1024-1-65x65.jpg 65w, https:\/\/ayaneo.co\/wp-content\/uploads\/2025\/01\/AYANEO-POCKET-EVO-MARKETING-DONE-12-1024x1024-1-990x990.jpg 990w, https:\/\/ayaneo.co\/wp-content\/uploads\/2025\/01\/AYANEO-POCKET-EVO-MARKETING-DONE-12-1024x1024-1-441x441.jpg 441w, https:\/\/ayaneo.co\/wp-content\/uploads\/2025\/01\/AYANEO-POCKET-EVO-MARKETING-DONE-12-1024x1024-1-100x100.jpg 100w, https:\/\/ayaneo.co\/wp-content\/uploads\/2025\/01\/AYANEO-POCKET-EVO-MARKETING-DONE-12-1024x1024-1-600x600.jpg 600w\" sizes=\"(max-width: 1024px) 100vw, 1024px\" \/><\/a><\/figure>\n<\/div>\n\n\n\n<div class=\"wp-block-column is-layout-flow wp-block-column-is-layout-flow\">\n<figure class=\"wp-block-image size-full\"><a href=\"https:\/\/ayaneo.co\/wp-content\/uploads\/2025\/01\/AYANEO-POCKET-EVO-MARKETING-DONE-27-1024x1024-1.jpg\"><img loading=\"lazy\" decoding=\"async\" width=\"1024\" height=\"1024\" src=\"https:\/\/ayaneo.co\/wp-content\/uploads\/2025\/01\/AYANEO-POCKET-EVO-MARKETING-DONE-27-1024x1024-1.jpg\" alt=\"AYASpace og AYAHome launcher-interface, der viser tilpassede pr&#xE6;stationstilstande, optimeret styring af spilbiblioteket og problemfri brugeroplevelse p&#xE5; AYANEO Pocket EVO.\" class=\"wp-image-37448\" srcset=\"https:\/\/ayaneo.co\/wp-content\/uploads\/2025\/01\/AYANEO-POCKET-EVO-MARKETING-DONE-27-1024x1024-1.jpg 1024w, https:\/\/ayaneo.co\/wp-content\/uploads\/2025\/01\/AYANEO-POCKET-EVO-MARKETING-DONE-27-1024x1024-1-300x300.jpg 300w, https:\/\/ayaneo.co\/wp-content\/uploads\/2025\/01\/AYANEO-POCKET-EVO-MARKETING-DONE-27-1024x1024-1-150x150.jpg 150w, https:\/\/ayaneo.co\/wp-content\/uploads\/2025\/01\/AYANEO-POCKET-EVO-MARKETING-DONE-27-1024x1024-1-768x768.jpg 768w, https:\/\/ayaneo.co\/wp-content\/uploads\/2025\/01\/AYANEO-POCKET-EVO-MARKETING-DONE-27-1024x1024-1-65x65.jpg 65w, https:\/\/ayaneo.co\/wp-content\/uploads\/2025\/01\/AYANEO-POCKET-EVO-MARKETING-DONE-27-1024x1024-1-990x990.jpg 990w, https:\/\/ayaneo.co\/wp-content\/uploads\/2025\/01\/AYANEO-POCKET-EVO-MARKETING-DONE-27-1024x1024-1-441x441.jpg 441w, https:\/\/ayaneo.co\/wp-content\/uploads\/2025\/01\/AYANEO-POCKET-EVO-MARKETING-DONE-27-1024x1024-1-100x100.jpg 100w, https:\/\/ayaneo.co\/wp-content\/uploads\/2025\/01\/AYANEO-POCKET-EVO-MARKETING-DONE-27-1024x1024-1-600x600.jpg 600w\" sizes=\"(max-width: 1024px) 100vw, 1024px\" \/><\/a><\/figure>\n<\/div>\n<\/div>\n\n<h2 class=\"wp-block-heading\"><strong>Batteri og yderligere funktioner<\/strong><\/h2>\n\n<p>Pocket EVO drives af et <strong>batteri p\u00e5 8600 mAh<\/strong> med underst\u00f8ttelse af <strong>PD-hurtigopladning<\/strong> (oplader medf\u00f8lger ikke). Dens kompakte dimensioner p\u00e5 <strong>260,5 x 100 x 17 mm<\/strong> (33,9 mm grebstykkelse) og lette design p\u00e5 <strong>478 g<\/strong> g\u00f8r den meget b\u00e6rbar. <\/p>\n\n<p>Yderligere funktioner omfatter:<\/p>\n\n<ul class=\"wp-block-list\">\n<li><strong>AYASpace System<\/strong> og <strong>AYAHome Launcher<\/strong> til problemfri navigation<\/li>\n\n\n\n<li>Avanceret k\u00f8lesystem for at bevare ydeevnen<\/li>\n<\/ul>\n\n<hr class=\"wp-block-separator has-alpha-channel-opacity\"\/>\n\n<p>AYANEO Pocket EVO er et mesterv\u00e6rk af teknik og design, der giver gamere en f\u00f8rsteklasses h\u00e5ndholdt oplevelse. Uanset om du er hjemme eller p\u00e5 farten, leverer Pocket EVO ydeevne og b\u00e6rbarhed uden at g\u00e5 p\u00e5 kompromis. <\/p>\n\n<figure class=\"wp-block-image size-full\"><a href=\"https:\/\/ayaneo.co\/wp-content\/uploads\/2025\/01\/AYANEO-POCKET-EVO-MARKETING-DONE-30-1024x1024-1.jpg\"><img loading=\"lazy\" decoding=\"async\" width=\"1024\" height=\"1024\" src=\"https:\/\/ayaneo.co\/wp-content\/uploads\/2025\/01\/AYANEO-POCKET-EVO-MARKETING-DONE-30-1024x1024-1.jpg\" alt=\"Specifikationer for AYANEO Pocket EVO, der beskriver funktioner som Snapdragon G3x Gen 2-platformen, 7-tommer 1080p OLED HDR 120Hz-sk&#xE6;rm, ergonomisk design og 8600mAh batterikapacitet.\" class=\"wp-image-37449\" srcset=\"https:\/\/ayaneo.co\/wp-content\/uploads\/2025\/01\/AYANEO-POCKET-EVO-MARKETING-DONE-30-1024x1024-1.jpg 1024w, https:\/\/ayaneo.co\/wp-content\/uploads\/2025\/01\/AYANEO-POCKET-EVO-MARKETING-DONE-30-1024x1024-1-300x300.jpg 300w, https:\/\/ayaneo.co\/wp-content\/uploads\/2025\/01\/AYANEO-POCKET-EVO-MARKETING-DONE-30-1024x1024-1-150x150.jpg 150w, https:\/\/ayaneo.co\/wp-content\/uploads\/2025\/01\/AYANEO-POCKET-EVO-MARKETING-DONE-30-1024x1024-1-768x768.jpg 768w, https:\/\/ayaneo.co\/wp-content\/uploads\/2025\/01\/AYANEO-POCKET-EVO-MARKETING-DONE-30-1024x1024-1-65x65.jpg 65w, https:\/\/ayaneo.co\/wp-content\/uploads\/2025\/01\/AYANEO-POCKET-EVO-MARKETING-DONE-30-1024x1024-1-990x990.jpg 990w, https:\/\/ayaneo.co\/wp-content\/uploads\/2025\/01\/AYANEO-POCKET-EVO-MARKETING-DONE-30-1024x1024-1-441x441.jpg 441w, https:\/\/ayaneo.co\/wp-content\/uploads\/2025\/01\/AYANEO-POCKET-EVO-MARKETING-DONE-30-1024x1024-1-100x100.jpg 100w, https:\/\/ayaneo.co\/wp-content\/uploads\/2025\/01\/AYANEO-POCKET-EVO-MARKETING-DONE-30-1024x1024-1-600x600.jpg 600w\" sizes=\"(max-width: 1024px) 100vw, 1024px\" \/><\/a><\/figure>\n","protected":false},"excerpt":{"rendered":"<ul>\n<li>Processor: Qualcomm <strong>Snapdragon G3x Gen 2<\/strong><\/li>\n<li>Sk\u00e6rm: <strong>7 tommer OLED<\/strong>, 1920&#215;1080 opl\u00f8sning<\/li>\n<li>RAM: Op til <strong>12 GB<\/strong> LPDDR5X @ <strong>8533 MT\/s<\/strong><\/li>\n<li>Lagerplads: Op til <strong>256 GB<\/strong> UFS<\/li>\n<li>Tilslutningsmuligheder: Wi-Fi <strong>6E<\/strong> &amp; Bluetooth <strong>5.3<\/strong><\/li>\n<\/ul>\n<p><img loading=\"lazy\" decoding=\"async\" src=\"https:\/\/ayaneo.co\/wp-content\/uploads\/2025\/01\/EVO-FREE-GIFTS-NEW.png\" alt=\"Reklamebanner, der tilbyder gratis gaver ved k\u00f8b af AYANEO Pocket EVO, herunder et beskyttende etui og en sk\u00e6rmbeskytter. Etuiets farve passer til enheden, og varerne l\u00e6gges automatisk i indk\u00f8bskurven. Banneret indeholder billeder af enheden, sort-hvide beskyttelsesetuier og en sk\u00e6rmbeskytter.\" width=\"550\" height=\"140\" class=\"alignnone size-full wp-image-11050\" srcset=\"https:\/\/ayaneo.co\/wp-content\/uploads\/2025\/01\/EVO-FREE-GIFTS-NEW.png 550w, https:\/\/ayaneo.co\/wp-content\/uploads\/2025\/01\/EVO-FREE-GIFTS-NEW-300x76.png 300w, https:\/\/ayaneo.co\/wp-content\/uploads\/2025\/01\/EVO-FREE-GIFTS-NEW-441x112.png 441w, https:\/\/ayaneo.co\/wp-content\/uploads\/2025\/01\/EVO-FREE-GIFTS-NEW-150x38.png 150w\" sizes=\"(max-width: 550px) 100vw, 550px\" \/><\/p>\n[cg_accordion title=\"INFO OM BETALING\"]<\/p>\n<p>Vi bruger den nyeste teknologi inden for betalingsbehandling, som giver dig mulighed for at betale via Apple Pay, Google Pay, dit betalings-\/kreditkort, PayPal eller BNPL-metoder som Klarna, Affirm eller AfterPay for en hurtig og sikker oplevelse.[\/cg_accordion]\n[cg_accordion title=\"GARANTI\"]<\/p>\n<p>1 \u00e5rs garanti fra <a href=\"https:\/\/droix.net\/\" target=\"_blank\" rel=\"nofollow noopener\">DROIX Global<\/a> for at give dig ro i sindet[\/cg_accordion]\n[cg_accordion title=\"KVALITETSSIKRING OG TEST F\u00d8R AFSENDELSE\"]<\/p>\n<p>Sikrer kundetilfredshed p\u00e5 h\u00f8jeste niveau: Hver enhed gennemg\u00e5r strenge tests og en flerpunkts kvalitetssikringskontrol, f\u00f8r den sendes. Vores dedikerede team verificerer ydeevne, funktionalitet og komponentintegritet for at garantere, at din AYANEO-enhed er i perfekt stand ved ankomsten, hvilket giver dig tillid og ro i sindet. [\/cg_accordion]\n[cg_accordion title=\"PRISER, AFGIFTER OG FORSENDELSE\"]<\/p>\n<p><strong><u>Bem\u00e6rk:<\/u><\/strong><\/p>\n<ul>\n<li>Kunder i USA: Den viste pris inkluderer IKKE SKAT eller afgifter. Ansvaret for at toldbehandle og betale eventuelle tilknyttede skatter\/afgifter ligger hos kunden. <\/li>\n<li>EU-kunder: Den viste pris inkluderer g\u00e6ldende SKAT, som kan v\u00e6re op til 25% afh\u00e6ngigt af dit land.<\/li>\n<li>Kunder i Canada: Den viste pris inkluderer g\u00e6ldende skatter, som kan omfatte 5% GST og yderligere provinsielle salgsafgifter (PST), harmoniseret salgsafgift (HST) eller Quebec Sales Tax (QST), afh\u00e6ngigt af din provins.<\/li>\n<\/ul>\n<p>For vores kunder i USA: Ordrer afsendes DAP (Delivered At Place). Kunderne er ansvarlige for at betale alle g\u00e6ldende afgifter, men vi tr\u00e6kker p\u00e5 vores omfattende erfaring med forsendelse fra Storbritannien for at sikre, at du betaler mindst muligt. Baseret p\u00e5 vores registreringer overstiger disse gebyrer typisk ikke 10 % af varens v\u00e6rdi.  <\/p>\n<p><strong>KUN for EU-kunder:<\/strong> Express DDP (Delivered Duty Paid). Dette betyder: <\/p>\n<ul>\n<li>Alle toldafgifter og skatter er inkluderet i den pris, der vises p\u00e5 produktsiden.<\/li>\n<li>Du skal ikke betale yderligere gebyrer ved levering.<\/li>\n<li>I sj\u00e6ldne tilf\u00e6lde af toldrelaterede problemer vil vores team h\u00e5ndtere fortoldningsprocessen p\u00e5 dine vegne for at sikre en problemfri leveringsoplevelse.<\/li>\n<p>Vigtig information om returnering:<\/p>\n<li>Hvis du beslutter at returnere din ordre eller anmode om refusion, skal du v\u00e6re opm\u00e6rksom p\u00e5, at skatter og afgifter, der er betalt p\u00e5 dine vegne i henhold til DDP-vilk\u00e5r, ikke kan refunderes.<\/li>\n<p>Se vores <a href=\"https:\/\/ayaneo.co\/da\/vilkaar-for-service\/\" target=\"_blank\" rel=\"nofollow noopener\">vilk\u00e5r og betingelser<\/a> for detaljerede oplysninger.\n<\/ul>\n<p>[\/cg_accordion]\n[cg_accordion title=\"KUNDESUPPORT\"]<\/p>\n<p>Har du et sp\u00f8rgsm\u00e5l? Vi er kun en kort sms v\u00e6k fra at have l\u00f8st dit problem! [\/cg_accordion]\n[cg_accordion title=\"PAKKEN INDEHOLDER\"]<\/p>\n<ul>\n<li>1x AYANEO Pocket EVO<\/li>\n<li>1x USB Type-C-kabel<\/li>\n<li>1x brugervejledning<\/li>\n<\/ul>\n<p>[\/cg_accordion]\n","protected":false},"featured_media":18094,"template":"","meta":{"_acf_changed":false},"product_brand":[],"product_cat":[1184],"product_tag":[],"class_list":{"0":"post-18091","1":"product","2":"type-product","3":"status-publish","4":"has-post-thumbnail","6":"product_cat-android-handholdt-gaming","7":"pa_brand-ayaneo","8":"pa_graphics-gpu-model-adreno-a32","9":"pa_operating-system-android-13","10":"pa_processor-cpu-brand-qualcomm","12":"first","13":"instock","14":"taxable","15":"shipping-taxable","16":"purchasable","17":"product-type-variable","18":"has-default-attributes"},"acf":[],"_links":{"self":[{"href":"https:\/\/ayaneo.co\/da\/wp-json\/wp\/v2\/product\/18091","targetHints":{"allow":["GET"]}}],"collection":[{"href":"https:\/\/ayaneo.co\/da\/wp-json\/wp\/v2\/product"}],"about":[{"href":"https:\/\/ayaneo.co\/da\/wp-json\/wp\/v2\/types\/product"}],"wp:featuredmedia":[{"embeddable":true,"href":"https:\/\/ayaneo.co\/da\/wp-json\/wp\/v2\/media\/18094"}],"wp:attachment":[{"href":"https:\/\/ayaneo.co\/da\/wp-json\/wp\/v2\/media?parent=18091"}],"wp:term":[{"taxonomy":"product_brand","embeddable":true,"href":"https:\/\/ayaneo.co\/da\/wp-json\/wp\/v2\/product_brand?post=18091"},{"taxonomy":"product_cat","embeddable":true,"href":"https:\/\/ayaneo.co\/da\/wp-json\/wp\/v2\/product_cat?post=18091"},{"taxonomy":"product_tag","embeddable":true,"href":"https:\/\/ayaneo.co\/da\/wp-json\/wp\/v2\/product_tag?post=18091"}],"curies":[{"name":"wp","href":"https:\/\/api.w.org\/{rel}","templated":true}]}}