{"id":18231,"date":"2024-08-15T15:04:41","date_gmt":"2024-08-15T15:04:41","guid":{"rendered":"https:\/\/ayaneo.co\/product\/ayaneo-dmg-i-lommen\/"},"modified":"2025-12-11T00:11:30","modified_gmt":"2025-12-11T00:11:30","slug":"ayaneo-pocket-dmg","status":"publish","type":"product","link":"https:\/\/ayaneo.co\/da\/product\/ayaneo-pocket-dmg\/","title":{"rendered":"AYANEO Pocket DMG"},"content":{"rendered":"\n<figure class=\"wp-block-video\"><video controls=\"\" src=\"https:\/\/droix.net\/wp-content\/uploads\/2024\/08\/AYANEO-Pocket-DMG&#xFF1A;The-Pinnacle-of-Retro-Vertical-Handhelds.mp4\"><\/video><\/figure>\n\n<div class=\"wp-block-columns is-layout-flex wp-container-core-columns-is-layout-28f84493 wp-block-columns-is-layout-flex\">\n<div class=\"wp-block-column is-layout-flow wp-block-column-is-layout-flow\" style=\"flex-basis:33.33%\">\n<figure class=\"wp-block-image size-large\"><a href=\"https:\/\/droix.net\/wp-content\/uploads\/2024\/08\/AYANEO-POCKET-DMG-ARTIC-BLACK-DONE-01.png\" target=\"_blank\" rel=\"noopener\"><img decoding=\"async\" src=\"https:\/\/droix.net\/wp-content\/uploads\/2024\/08\/AYANEO-POCKET-DMG-ARTIC-BLACK-DONE-01-1024x1024.png\" alt=\"Forsiden af AYANEO Pocket DMG i Arctic Black viser det retroinspirerede design med en 3,92&quot; OLED -sk&#xE6;rm, D-pad, analogt joystick og knapper.\" class=\"wp-image-184226\"\/><\/a><\/figure>\n<\/div>\n\n\n\n<div class=\"wp-block-column is-layout-flow wp-block-column-is-layout-flow\" style=\"flex-basis:66.66%\">\n<h3 class=\"wp-block-heading\" id=\"h-experience-retro-gaming-like-never-before-with-the-ayaneo-pocket-dmg\">Oplev retrospil som aldrig f\u00f8r med AYANEO Pocket DMG<\/h3>\n\n\n\n<p><strong> AYANEO Pocket DMG<\/strong> er en banebrydende <strong>h\u00e5ndholdt<\/strong> <strong>spilleenhed<\/strong>, der p\u00e5 mesterlig vis kombinerer nostalgien ved <strong>retrospil<\/strong> med avanceret moderne teknologi. Denne <strong>lodrette h\u00e5nd<\/strong> holdte enhed er en hyldest til den ikoniske Game Boy og leverer b\u00e5de en velkendt \u00e6stetik og en st\u00e6rk ydeevne, hvilket g\u00f8r den til et ideelt valg for b\u00e5de fans af <strong>retrospil<\/strong> og moderne spil. <\/p>\n<\/div>\n<\/div>\n\n<p><strong> AYANEO Pocket DMG<\/strong> er en banebrydende <strong>h\u00e5ndholdt<\/strong> <strong>spilleenhed<\/strong>, der p\u00e5 mesterlig vis kombinerer nostalgien ved <strong>retrospil<\/strong> med avanceret moderne teknologi. Denne <strong>lodrette h\u00e5nd<\/strong> holdte enhed er en hyldest til den ikoniske Game Boy og leverer b\u00e5de en velkendt \u00e6stetik og en st\u00e6rk ydeevne, hvilket g\u00f8r den til et ideelt valg for b\u00e5de fans af <strong>retrospil<\/strong> og moderne spil. <\/p>\n\n<h3 class=\"wp-block-heading\" id=\"h-design-and-display\">Design og udstilling<\/h3>\n\n<p><strong>AYANEO Pocket DMG<\/strong> skiller sig ud med sit kompakte og nostalgiske design, der minder om klassiske <strong>retro-h\u00e5ndholdte<\/strong> konsoller. Det centrale element er en 3,92&#8243; <strong>OLED -sk\u00e6rm<\/strong> med en skarp opl\u00f8sning p\u00e5 1240&#215;1080 og en pixelt\u00e6thed p\u00e5 419 PPI. Denne <strong>OLED -sk\u00e6rm<\/strong> sikrer levende farver og skarpe billeder, der bringer b\u00e5de retro- og moderne spil til live med fantastisk klarhed. Enheden f\u00e5s i to forskellige farver:   <\/p>\n\n<ul class=\"wp-block-list\">\n<li>Arktisk sort<\/li>\n\n\n\n<li>M\u00e5nehvid<\/li>\n<\/ul>\n\n<div class=\"wp-block-columns is-layout-flex wp-container-core-columns-is-layout-28f84493 wp-block-columns-is-layout-flex\">\n<div class=\"wp-block-column is-layout-flow wp-block-column-is-layout-flow\">\n<figure class=\"wp-block-image size-large\"><a href=\"https:\/\/droix.net\/wp-content\/uploads\/2024\/08\/AYANEO-POCKET-DMG-MARKETING-DONE-14.jpg\" target=\"_blank\" rel=\"noopener\"><img decoding=\"async\" src=\"https:\/\/droix.net\/wp-content\/uploads\/2024\/08\/AYANEO-POCKET-DMG-MARKETING-DONE-14-1024x1024.jpg\" alt=\"Reklamebillede for AYANEO Pocket DMG med Snapdragon G3x Gen 2 Gaming Platform. Den understreger, at den er den f&#xF8;rste vertikale h&#xE5;ndholdte med denne processor, og viser dens 1+4+3 Octa-Core-arkitektur med Kryo Prime Ultra-kerner ved 3,36 GHz, Adreno A32 GPU ved 816 Hz og 15 W performance release. \" class=\"wp-image-184229\"\/><\/a><\/figure>\n\n\n\n<h3 class=\"wp-block-heading\" id=\"h-performance\">Pr\u00e6station<\/h3>\n\n\n\n<p>Hjertet i <strong>Pocket DMG<\/strong> er <strong>Snapdragon G3x Gen 2-processoren<\/strong>, en kraftfuld chip, der er skr\u00e6ddersyet specielt til <strong>h\u00e5ndholdte<\/strong> <strong>spil<\/strong>. Denne <strong>processor<\/strong> sikrer problemfri emulering af retrotitler og j\u00e6vn ydeevne i moderne mobilspil. Enheden k\u00f8rer p\u00e5 Android 13 og giver adgang til et stort \u00f8kosystem af apps og emulatorer, hvilket g\u00f8r den til en alsidig platform til alle dine <strong>spilbehov<\/strong>.  <\/p>\n<\/div>\n\n\n\n<div class=\"wp-block-column is-layout-flow wp-block-column-is-layout-flow\">\n<figure class=\"wp-block-image size-large\"><a href=\"https:\/\/droix.net\/wp-content\/uploads\/2024\/08\/AYANEO-POCKET-DMG-MARKETING-DONE-19.jpg\" target=\"_blank\" rel=\"noopener\"><img decoding=\"async\" src=\"https:\/\/droix.net\/wp-content\/uploads\/2024\/08\/AYANEO-POCKET-DMG-MARKETING-DONE-19-1024x1024.jpg\" alt=\"Infografik, der viser flere funktioner i AYANEO Pocket DMG, som kan sammenlignes med professionelle controllere. Funktionerne omfatter joystick med h&#xF8;j pr&#xE6;cision, justerbar f&#xF8;lsomhed, standby uden str&#xF8;mforbrug, gyroskop-assisteret sigte, knapburst-funktion, A-B-X-Y-tastev&#xE6;rdiudveksling og justerbar motorvibrationsintensitet. Nedenfor holder en h&#xE5;nd den hvide enhed, der viser en farverig spilsk&#xE6;rm.  \" class=\"wp-image-184232\"\/><\/a><\/figure>\n\n\n\n<h3 class=\"wp-block-heading\" id=\"h-controls-and-inputs\">Kontroller og indgange<\/h3>\n\n\n\n<p><strong>Pocket DMG<\/strong> har et alsidigt og innovativt kontrollayout, der passer til en bred vifte af <strong>spilgenrer<\/strong>. N\u00f8glefunktionerne omfatter: <\/p>\n\n\n\n<ul class=\"wp-block-list\">\n<li>Et traditionelt D-pad til pr\u00e6cist retningsinput<\/li>\n\n\n\n<li>ABXY-ansigtsknapper til klassisk <strong>gaming<\/strong><\/li>\n\n\n\n<li>Et enkelt analogt <strong>joystick<\/strong> forbedret med Hall Effect-teknologi for n\u00f8jagtighed og holdbarhed<\/li>\n\n\n\n<li>En innovativ <strong>touchpad<\/strong>, der fungerer som en ekstra analog indgang<\/li>\n\n\n\n<li>Skulderknapper til ekstra kontrolmuligheder<\/li>\n<\/ul>\n\n\n\n<p>Denne kombination af kontroller sikrer, at <strong>Pocket DMG<\/strong> nemt kan h\u00e5ndtere alt fra retro-platforme til moderne actionspil.<\/p>\n<\/div>\n\n\n\n<div class=\"wp-block-column is-layout-flow wp-block-column-is-layout-flow\">\n<figure class=\"wp-block-image size-large\"><a href=\"https:\/\/droix.net\/wp-content\/uploads\/2024\/08\/AYANEO-POCKET-DMG-MARKETING-DONE-16.jpg\" target=\"_blank\" rel=\"noopener\"><img decoding=\"async\" src=\"https:\/\/droix.net\/wp-content\/uploads\/2024\/08\/AYANEO-POCKET-DMG-MARKETING-DONE-16-1024x1024.jpg\" alt=\"Infografik, der beskriver &#xBB;Seamless Power Combination&#xAB; i AYANEO Pocket DMG og fremh&#xE6;ver dens h&#xF8;jhastighedshukommelse (LPDDR5X ved 8533 Mbps), hurtige lagerplads (UFS 4.0 med 4000+ MB\/s l&#xE6;sehastighed) og store kapacitet til lagring af spil og apps. Der n&#xE6;vnes op til 16 GB RAM og 1 TB lagerplads. \" class=\"wp-image-184230\"\/><\/a><\/figure>\n\n\n\n<h3 class=\"wp-block-heading\" id=\"h-storage-and-connectivity\">Opbevaring og tilslutningsmuligheder<\/h3>\n\n\n\n<p><strong>AYANEO Pocket DMG<\/strong> giver fleksible lagringsl\u00f8sninger, der opfylder behovene hos forskellige <strong>h\u00e5ndholdte<\/strong> <strong>spilentusiaster<\/strong>:<\/p>\n\n\n\n<ul class=\"wp-block-list\">\n<li>8 GB RAM + 128 GB lagerplads<\/li>\n<\/ul>\n\n\n\n<p>Derudover giver et microSD-kortspor mulighed for nem udvidelse af lagerkapaciteten. Med hensyn til tilslutningsmuligheder inkluderer enheden: <\/p>\n\n\n\n<ul class=\"wp-block-list\">\n<li>Wi-Fi og Bluetooth 5.3 til tr\u00e5dl\u00f8s kommunikation<\/li>\n\n\n\n<li>En USB-C-port til opladning og tilslutning af tilbeh\u00f8r<\/li>\n<\/ul>\n<\/div>\n<\/div>\n\n<h3 class=\"wp-block-heading\" id=\"h-battery-and-additional-features\">Batteri og yderligere funktioner<\/h3>\n\n<p><strong>Pocket DMG<\/strong> drives af et 6.000 mAh batteri, der underst\u00f8tter 25W PD-hurtigopladning, s\u00e5 du kan spille l\u00e6ngere. Andre bem\u00e6rkelsesv\u00e6rdige funktioner omfatter: <\/p>\n\n<figure class=\"wp-block-image size-large\"><a href=\"https:\/\/droix.net\/wp-content\/uploads\/2024\/08\/AYANEO-POCKET-DMG-MARKETING-DONE-18.jpg\" target=\"_blank\" rel=\"noopener\"><img decoding=\"async\" src=\"https:\/\/droix.net\/wp-content\/uploads\/2024\/08\/AYANEO-POCKET-DMG-MARKETING-DONE-18-1024x1024.jpg\" alt=\"Markedsf&#xF8;ringsbillede, der viser AYANEO Pocket DMG's 6000 mAh-batteri og fremh&#xE6;ver den lange batterilevetid og underst&#xF8;ttelse af hurtig PD-opladning. Den nederste del introducerer Hall Medium-joysticket og fremh&#xE6;ver dets pr&#xE6;cision, holdbarhed (5 millioner anvendelser) og forbedrede kontrolfunktioner. \" class=\"wp-image-184231\"\/><\/a><\/figure>\n\n<ul class=\"wp-block-list\">\n<li>Et gyroskop med seks akser til bev\u00e6gelseskontrol<\/li>\n\n\n\n<li>Et aktivt k\u00f8lesystem med indbygget bl\u00e6ser for at opretholde optimal ydeevne<\/li>\n\n\n\n<li>En kompakt b\u00e6retaske til nem transport<\/li>\n<\/ul>\n\n<h3 class=\"wp-block-heading\" id=\"h-user-experience-and-conclusion\">Brugeroplevelse og konklusion<\/h3>\n\n<p><strong>AYANEO Pocket DMG<\/strong> er et enest\u00e5ende valg for <strong>retrospilentusiaster<\/strong> og -samlere, som \u00f8nsker en enhed, der indfanger essensen af klassiske <strong>retroh\u00e5ndholdte<\/strong> spil og samtidig tilbyder den moderne teknologis kraft og alsidighed. Uanset om du genoplever klassiske spil eller udforsker nye, giver denne <strong>h\u00e5ndholdte<\/strong> en fordybende og forn\u00f8jelig <strong>spiloplevelse<\/strong>. <\/p>\n","protected":false},"excerpt":{"rendered":"<ul>\n<li>Processor: Qualcomm <strong>Snapdragon G3x Gen 2<\/strong><\/li>\n<li>Sk\u00e6rm: <strong>3,92 tommer OLED<\/strong>, 1240&#215;1080 opl\u00f8sning<\/li>\n<li>RAM: <strong>8GB<\/strong> LPDDR5X @ <strong>8533 MT\/s<\/strong><\/li>\n<li>Lagerplads: <strong>128 GB<\/strong> UFS 3.1<\/li>\n<li>Tilslutningsmuligheder: Wi-Fi <strong>6<\/strong> &#038; Bluetooth <strong>5.3<\/strong><\/li>\n<\/ul>\n<p><img fetchpriority=\"high\" decoding=\"async\" src=\"https:\/\/ayaneo.co\/wp-content\/uploads\/2024\/08\/DMG-FREEBIES1.jpg\" alt=\"Et reklamebillede med en lysegr\u00e5 baggrund siger  \" free=\"\" gifts=\"\" in=\"\" large=\"\" dark=\"\" gray=\"\" letters=\"\" at=\"\" the=\"\" top.=\"\" below=\"\" this=\"\" smaller=\"\" text=\"\" it=\"\" lists=\"\" case=\"\" and=\"\" caps=\"\" followed=\"\" by=\"\" added=\"\" to=\"\" cart=\"\" a=\"\" slightly=\"\" larger=\"\" font.=\"\" right=\"\" there=\"\" are=\"\" two=\"\" product=\"\" square=\"\" white=\"\" rainbow-colored=\"\" package=\"\" containing=\"\" four=\"\" black=\"\" thumbstick=\"\" mesh=\"\" protective=\"\" identical=\"\" one=\"\" previous=\"\" image=\"\" with=\"\" logo=\"\" bottom.=\"\" width=\"550\" height=\"140\" class=\"alignnone size-full wp-image-25170\" images:=\"\" srcset=\"https:\/\/ayaneo.co\/wp-content\/uploads\/2024\/08\/DMG-FREEBIES1.jpg 550w, https:\/\/ayaneo.co\/wp-content\/uploads\/2024\/08\/DMG-FREEBIES1-300x76.jpg 300w, https:\/\/ayaneo.co\/wp-content\/uploads\/2024\/08\/DMG-FREEBIES1-441x112.jpg 441w, https:\/\/ayaneo.co\/wp-content\/uploads\/2024\/08\/DMG-FREEBIES1-150x38.jpg 150w\" sizes=\"(max-width: 550px) 100vw, 550px\" \/><\/p>\n[cg_accordion title=\"INFO OM BETALING\"] <\/p>\n<p>Vi bruger den nyeste teknologi inden for betalingsbehandling, som giver dig mulighed for at betale via Apple Pay, Google Pay, dit betalings-\/kreditkort, PayPal eller BNPL-metoder som Klarna, Affirm eller AfterPay for en hurtig og sikker oplevelse.[\/cg_accordion]\n[cg_accordion title=\"GARANTI\"] <\/p>\n<p>1 \u00e5rs garanti fra <a href=\"https:\/\/droix.net\/\" target=\"_blank\" rel=\"nofollow noopener\">DROIX Global<\/a> for at give dig ro i sindet[\/cg_accordion]\n[cg_accordion title=\"PRISER, AFGIFTER OG FORSENDELSE\"] <\/p>\n<p><strong><u>Bem\u00e6rk:<\/u><\/strong><\/p>\n<ul>\n<li>Kunder i USA: Den viste pris inkluderer IKKE SKAT eller afgifter. Ansvaret for at toldbehandle og betale eventuelle tilknyttede skatter\/afgifter ligger hos kunden. <\/li>\n<li>EU-kunder: Den viste pris inkluderer g\u00e6ldende SKAT, som kan v\u00e6re op til 25% afh\u00e6ngigt af dit land.<\/li>\n<li>Kunder i Canada: Den viste pris inkluderer g\u00e6ldende skatter, som kan omfatte 5% GST og yderligere Provincial Sales Taxes (PST), Harmonized Sales Tax (HST) eller Quebec Sales Tax (QST), afh\u00e6ngigt af din provins.<\/li>\n<\/ul>\n<p><strong>KUN for EU-kunder:<\/strong> Express DDP (Delivered Duty Paid). Dette betyder: <\/p>\n<ul>\n<li>Alle toldafgifter og skatter er inkluderet i den pris, der vises p\u00e5 produktsiden.<\/li>\n<li>Du skal ikke betale yderligere gebyrer ved levering.<\/li>\n<li>I sj\u00e6ldne tilf\u00e6lde af toldrelaterede problemer vil vores team h\u00e5ndtere fortoldningsprocessen p\u00e5 dine vegne for at sikre en problemfri leveringsoplevelse.<\/li>\n<p>Vigtig information om returnering:<\/p>\n<li>Hvis du beslutter at returnere din ordre eller anmode om refusion, skal du v\u00e6re opm\u00e6rksom p\u00e5, at skatter og afgifter, der er betalt p\u00e5 dine vegne i henhold til DDP-vilk\u00e5r, ikke kan refunderes.<\/li>\n<p>Se venligst vores<\/ul>\n<\/li>\n<\/ul>\n<p><a href=\"https:\/\/ayaneo.co\/da\/vilkaar-for-service\/\" target=\"_blank\" rel=\"nofollow noopener\">Vilk\u00e5r og betingelser<\/a><\/p>\n<ul>for detaljeret information.<\/ul>\n<p>[\/cg_accordion]\n[cg_accordion title=\"KUNDESUPPORT\"] <\/p>\n<p>Har du et sp\u00f8rgsm\u00e5l? Vi er kun en kort sms v\u00e6k fra at have l\u00f8st dit problem!   [\/cg_accordion]\n[cg_accordion title=\"Pakken indeholder\"]<\/p>\n<ul>\n<li>1x AYANEO Pocket DMG<\/li>\n<li>1x USB Type-C-kabel<\/li>\n<li>1x brugervejledning<\/li>\n<\/ul>\n<p>[\/cg_accordion]\n","protected":false},"featured_media":18233,"template":"","meta":{"_acf_changed":false},"product_brand":[],"product_cat":[1184],"product_tag":[],"class_list":{"0":"post-18231","1":"product","2":"type-product","3":"status-publish","4":"has-post-thumbnail","6":"product_cat-android-handholdt-gaming","7":"product_shipping_class-standard","8":"pa_brand-ayaneo","10":"first","11":"instock","12":"taxable","13":"shipping-taxable","14":"purchasable","15":"product-type-variable","16":"has-default-attributes"},"acf":[],"_links":{"self":[{"href":"https:\/\/ayaneo.co\/da\/wp-json\/wp\/v2\/product\/18231","targetHints":{"allow":["GET"]}}],"collection":[{"href":"https:\/\/ayaneo.co\/da\/wp-json\/wp\/v2\/product"}],"about":[{"href":"https:\/\/ayaneo.co\/da\/wp-json\/wp\/v2\/types\/product"}],"wp:featuredmedia":[{"embeddable":true,"href":"https:\/\/ayaneo.co\/da\/wp-json\/wp\/v2\/media\/18233"}],"wp:attachment":[{"href":"https:\/\/ayaneo.co\/da\/wp-json\/wp\/v2\/media?parent=18231"}],"wp:term":[{"taxonomy":"product_brand","embeddable":true,"href":"https:\/\/ayaneo.co\/da\/wp-json\/wp\/v2\/product_brand?post=18231"},{"taxonomy":"product_cat","embeddable":true,"href":"https:\/\/ayaneo.co\/da\/wp-json\/wp\/v2\/product_cat?post=18231"},{"taxonomy":"product_tag","embeddable":true,"href":"https:\/\/ayaneo.co\/da\/wp-json\/wp\/v2\/product_tag?post=18231"}],"curies":[{"name":"wp","href":"https:\/\/api.w.org\/{rel}","templated":true}]}}