{"id":19241,"date":"2024-09-20T09:49:52","date_gmt":"2024-09-20T09:49:52","guid":{"rendered":"https:\/\/ayaneo.co\/product\/ayaneo-pocket-s-tilbehoer\/"},"modified":"2025-12-09T00:25:47","modified_gmt":"2025-12-09T00:25:47","slug":"ayaneo-pocket-s-tilbehoer","status":"publish","type":"product","link":"https:\/\/ayaneo.co\/da\/product\/ayaneo-pocket-s-tilbehoer\/","title":{"rendered":"AYANEO Pocket S Tilbeh\u00f8r"},"content":{"rendered":"\n<p>L\u00f8ft din AYANEO Pocket S spiloplevelse med dette must-have tilbeh\u00f8rsbundt, der er designet til beskyttelse, komfort og forbedret gameplay.<\/p>\n\n<ul class=\"wp-block-list\">\n<li><strong>2-i-1 magnetisk flip-beskyttelsesetui<\/strong>: Dette etui har et innovativt ergonomisk design og kombinerer stil og funktionalitet. Beskyttelsesetuiet har et magnetisk flipcover, der sikrer din enhed og samtidig giver nem adgang. Den skridsikre tekstur sikrer et fast greb, og det store h\u00e5ndtag giver et behageligt greb til lange spilsessioner. Uanset om du er hjemme eller p\u00e5 farten, er dette beskyttelsesetui den perfekte ledsager til at beskytte din AYANEO Pocket S mod daglig slitage.   <\/li>\n\n\n\n<li><strong>Sk\u00e6rmbeskytter<\/strong>: Beskyt din sk\u00e6rm med en ultraklar sk\u00e6rmbeskytter af h\u00f8j kvalitet. Den er udviklet til at modst\u00e5 ridser, pletter og fingeraftryk og sikrer, at din sk\u00e6rm forbliver s\u00e5 levende og responsiv som nogensinde. Dens letanvendelige design garanterer boblefri installation og holder din sk\u00e6rm uber\u00f8rt, samtidig med at ber\u00f8ringsf\u00f8lsomheden opretholdes, s\u00e5 du kan spille uden afbrydelser.  <\/li>\n\n\n\n<li><strong>Tommelfingergreb<\/strong>: Forbedr din kontrol med f\u00f8rsteklasses tommelfingergreb. Disse silikoneovertr\u00e6k til de analoge pinde giver et overlegen greb og pr\u00e6cision og hj\u00e6lper dig med at bevare kontrollen i selv de mest intense spil\u00f8jeblikke. Disse tommelfingergreb er designet til at reducere tr\u00e6thed og forbedre komforten og giver mulighed for mere pr\u00e6cise bev\u00e6gelser, hvilket giver dig den konkurrencefordel, du har brug for.  <\/li>\n<\/ul>\n\n<p>Dette tilbeh\u00f8rss\u00e6t sikrer, at din AYANEO Pocket S forbliver beskyttet og klar til action, samtidig med at den forbedrer spiloplevelsen med ergonomiske forbedringer.<\/p>\n","protected":false},"excerpt":{"rendered":"[cg_accordion title=\"INFO OM BETALING\"]<\/p>\n<p>Vi bruger den nyeste teknologi inden for betalingsbehandling, som giver dig mulighed for at betale via Apple Pay, Google Pay, dit betalings-\/kreditkort, PayPal eller BNPL-metoder som Klarna, Affirm eller AfterPay for en hurtig og sikker oplevelse.[\/cg_accordion]\n[cg_accordion title=\"GARANTI\"]<\/p>\n<p>1 \u00e5rs garanti fra <a href=\"https:\/\/droix.net\/\" target=\"_blank\" rel=\"nofollow noopener\">DROIX Global<\/a> for at give dig ro i sindet[\/cg_accordion]\n[cg_accordion title=\"PRISER, AFGIFTER OG FORSENDELSE\"]<\/p>\n<p><strong><u>Bem\u00e6rk:<\/u><\/strong><\/p>\n<ul>\n<li>Kunder i USA: Den viste pris inkluderer IKKE SKAT eller afgifter. Ansvaret for at toldbehandle og betale eventuelle tilknyttede skatter\/afgifter ligger hos kunden. <\/li>\n<li>EU-kunder: Den viste pris inkluderer g\u00e6ldende SKAT, som kan v\u00e6re op til 25% afh\u00e6ngigt af dit land.<\/li>\n<li>Kunder i Canada: Den viste pris inkluderer g\u00e6ldende skatter, som kan omfatte 5% GST og yderligere Provincial Sales Taxes (PST), Harmonized Sales Tax (HST) eller Quebec Sales Tax (QST), afh\u00e6ngigt af din provins.<\/li>\n<\/ul>\n<p><strong>KUN for EU-kunder:<\/strong> Express DDP (Delivered Duty Paid). Dette betyder: <\/p>\n<ul>\n<li>Alle toldafgifter og skatter er inkluderet i den pris, der vises p\u00e5 produktsiden.<\/li>\n<li>Du skal ikke betale yderligere gebyrer ved levering.<\/li>\n<li>I sj\u00e6ldne tilf\u00e6lde af toldrelaterede problemer vil vores team h\u00e5ndtere fortoldningsprocessen p\u00e5 dine vegne for at sikre en problemfri leveringsoplevelse.<\/li>\n<p>Vigtig information om returnering:<\/p>\n<li>Hvis du beslutter at returnere din ordre eller anmode om refusion, skal du v\u00e6re opm\u00e6rksom p\u00e5, at skatter og afgifter, der er betalt p\u00e5 dine vegne i henhold til DDP-vilk\u00e5r, ikke kan refunderes.<\/li>\n<p>Se vores <a href=\"https:\/\/ayaneo.co\/terms-of-service-2\/\" target=\"_blank\" rel=\"nofollow noopener\">vilk\u00e5r og betingelser<\/a> for detaljerede oplysninger.\n<\/ul>\n<p>[\/cg_accordion]\n[cg_accordion title=\"KUNDESUPPORT\"]<\/p>\n<p>Har du et sp\u00f8rgsm\u00e5l? Vi er kun en kort sms v\u00e6k fra at have l\u00f8st dit problem!<br \/>\n[\/cg_accordion]\n","protected":false},"featured_media":19258,"template":"","meta":{"_acf_changed":false},"product_brand":[],"product_cat":[1143],"product_tag":[],"class_list":{"0":"post-19241","1":"product","2":"type-product","3":"status-publish","4":"has-post-thumbnail","6":"product_cat-tilbehor","7":"product_shipping_class-low-end","8":"pa_accessory-type-grip-da","9":"pa_accessory-type-protective-case-da","10":"pa_accessory-type-screen-protector-da","11":"pa_brand-ayaneo","13":"first","14":"instock","15":"sale","16":"taxable","17":"shipping-taxable","18":"purchasable","19":"product-type-simple"},"acf":[],"_links":{"self":[{"href":"https:\/\/ayaneo.co\/da\/wp-json\/wp\/v2\/product\/19241","targetHints":{"allow":["GET"]}}],"collection":[{"href":"https:\/\/ayaneo.co\/da\/wp-json\/wp\/v2\/product"}],"about":[{"href":"https:\/\/ayaneo.co\/da\/wp-json\/wp\/v2\/types\/product"}],"wp:featuredmedia":[{"embeddable":true,"href":"https:\/\/ayaneo.co\/da\/wp-json\/wp\/v2\/media\/19258"}],"wp:attachment":[{"href":"https:\/\/ayaneo.co\/da\/wp-json\/wp\/v2\/media?parent=19241"}],"wp:term":[{"taxonomy":"product_brand","embeddable":true,"href":"https:\/\/ayaneo.co\/da\/wp-json\/wp\/v2\/product_brand?post=19241"},{"taxonomy":"product_cat","embeddable":true,"href":"https:\/\/ayaneo.co\/da\/wp-json\/wp\/v2\/product_cat?post=19241"},{"taxonomy":"product_tag","embeddable":true,"href":"https:\/\/ayaneo.co\/da\/wp-json\/wp\/v2\/product_tag?post=19241"}],"curies":[{"name":"wp","href":"https:\/\/api.w.org\/{rel}","templated":true}]}}