{"id":25135,"date":"2025-06-27T08:57:04","date_gmt":"2025-06-27T08:57:04","guid":{"rendered":"https:\/\/ayaneo.co\/?post_type=product&#038;p=25135"},"modified":"2025-12-09T00:29:30","modified_gmt":"2025-12-09T00:29:30","slug":"ayaneo-lomme-mikro-etui-copy","status":"publish","type":"product","link":"https:\/\/ayaneo.co\/da\/product\/ayaneo-lomme-mikro-etui-copy\/","title":{"rendered":"AYANEO Pocket DMG-etui"},"content":{"rendered":"\n<h2 class=\"wp-block-heading\" id=\"h-product-overview\">Produktoversigt:<\/h2>\n\n<p><strong>AYANEO Pocket DMG Case<\/strong> er det perfekte tilbeh\u00f8r til gamere, der s\u00e6tter pris p\u00e5 stil og beskyttelse. Dette etui er designet til at passe perfekt til AYANEO Pocket DMG-konsollen og kombinerer f\u00f8rsteklasses materialer med en kompakt formfaktor, s\u00e5 din spilleenhed er sikker, uanset hvor du g\u00e5r. <\/p>\n\n<hr class=\"wp-block-separator has-alpha-channel-opacity\"\/>\n\n<h2 class=\"wp-block-heading\" id=\"h-key-features\">Vigtige funktioner:<\/h2>\n\n<p><strong>Kompakt design<\/strong> skr\u00e6ddersyet til AYANEO Pocket DMG.<\/p>\n\n<p>Slidst\u00e6rke materialer giver <strong>bedre beskyttelse<\/strong>.<\/p>\n\n<p>Let og b\u00e6rbar, s\u00e5 den <strong>er nem at have med p\u00e5 farten.<\/strong><\/p>\n\n<p>Bl\u00f8dt for indvendigt for at <strong>undg\u00e5 ridser<\/strong>.<\/p>\n\n<p>Elegant og stilfuldt ydre til <strong>moderne \u00e6stetik<\/strong>.<\/p>\n\n<hr class=\"wp-block-separator has-alpha-channel-opacity\"\/>\n\n<h2 class=\"wp-block-heading\" id=\"h-why-choose-the-ayaneo-pocket-micro-case\">Hvorfor v\u00e6lge AYANEO Pocket DMG Case?<\/h2>\n\n<p>Beskyt din investering med AYANEO Pocket DMG Case, der er designet til at beskytte din konsol mod ridser, st\u00f8v og mindre slag. Det lette og kompakte design g\u00f8r det til den ideelle rejsekammerat, uanset om du er p\u00e5 vej til en spilsession med vennerne eller tager din konsol med p\u00e5 farten. <\/p>\n\n<hr class=\"wp-block-separator has-alpha-channel-opacity\"\/>\n\n<h3 class=\"wp-block-heading\" id=\"h-specifications\">Specifikationer:<\/h3>\n\n<ul class=\"wp-block-list\">\n<li><strong>Materiale:<\/strong> Slidst\u00e6rkt stof eller syntetisk l\u00e6der<\/li>\n\n\n\n<li><strong>Kompatibilitet:<\/strong> AYANEO Pocket DMG-konsol<\/li>\n\n\n\n<li><strong>Funktioner:<\/strong> Ridsefast, let og b\u00e6rbar<\/li>\n<\/ul>\n\n<p>L\u00f8ft din spiloplevelse med AYANEO Pocket DMG Case - den perfekte blanding af beskyttelse og b\u00e6rbarhed!<\/p>\n\n<p><\/p>\n","protected":false},"excerpt":{"rendered":"<ul>\n<li><strong>Kompakt design<\/strong> skr\u00e6ddersyet til AYANEO Pocket DMG.<\/li>\n<li>Slidst\u00e6rke materialer giver <strong>bedre beskyttelse<\/strong>.<\/li>\n<li>Let og b\u00e6rbar, s\u00e5 den <strong>er nem at have med p\u00e5 farten.<\/strong><\/li>\n<li>Bl\u00f8dt for indvendigt for at <strong>undg\u00e5 ridser<\/strong>.<\/li>\n<li>Elegant og stilfuldt ydre til <strong>moderne \u00e6stetik<\/strong>.<\/li>\n<\/ul>\n[cg_accordion title=\"INFO OM BETALING\"]<\/p>\n<p>Vi bruger den nyeste teknologi inden for betalingsbehandling, som giver dig mulighed for at betale via Apple Pay, Google Pay, dit betalings-\/kreditkort, PayPal eller BNPL-metoder som Klarna, Affirm eller AfterPay for en hurtig og sikker oplevelse.[\/cg_accordion]\n[cg_accordion title=\"GARANTI\"]<\/p>\n<p>1 \u00e5rs garanti fra <a href=\"https:\/\/droix.net\/\" target=\"_blank\" rel=\"nofollow noopener\">DROIX Global<\/a> for at give dig ro i sindet[\/cg_accordion]\n[cg_accordion title=\"PRISER, AFGIFTER OG FORSENDELSE\"]<\/p>\n<p><strong><u>Bem\u00e6rk:<\/u><\/strong><\/p>\n<ul>\n<li>Kunder i USA: Den viste pris inkluderer IKKE SKAT eller afgifter. Ansvaret for at toldbehandle og betale eventuelle tilknyttede skatter\/afgifter ligger hos kunden. <\/li>\n<li>EU-kunder: Den viste pris inkluderer g\u00e6ldende SKAT, som kan v\u00e6re op til 25% afh\u00e6ngigt af dit land.<\/li>\n<li>Kunder i Canada: Den viste pris inkluderer g\u00e6ldende skatter, som kan omfatte 5% GST og yderligere provinsielle salgsafgifter (PST), harmoniseret salgsafgift (HST) eller Quebec Sales Tax (QST), afh\u00e6ngigt af din provins.<\/li>\n<\/ul>\n<p><strong>KUN for EU-kunder:<\/strong> Express DDP (Delivered Duty Paid). Dette betyder: <\/p>\n<ul>\n<li>Alle toldafgifter og skatter er inkluderet i den pris, der vises p\u00e5 produktsiden.<\/li>\n<li>Du skal ikke betale yderligere gebyrer ved levering.<\/li>\n<li>I sj\u00e6ldne tilf\u00e6lde af toldrelaterede problemer vil vores team h\u00e5ndtere fortoldningsprocessen p\u00e5 dine vegne for at sikre en problemfri leveringsoplevelse.<\/li>\n<p>Vigtig information om returnering:<\/p>\n<li>Hvis du beslutter at returnere din ordre eller anmode om refusion, skal du v\u00e6re opm\u00e6rksom p\u00e5, at skatter og afgifter, der er betalt p\u00e5 dine vegne i henhold til DDP-vilk\u00e5r, ikke kan refunderes.<\/li>\n<p>Se vores <a href=\"https:\/\/ayaneo.co\/da\/vilkaar-for-service\/\" target=\"_blank\" rel=\"nofollow noopener\">vilk\u00e5r og betingelser<\/a> for detaljerede oplysninger.\n<\/ul>\n<p>[\/cg_accordion]\n[cg_accordion title=\"KUNDESUPPORT\"]<\/p>\n<p>Har du et sp\u00f8rgsm\u00e5l? Vi er kun en kort sms v\u00e6k fra at have l\u00f8st dit problem!<br \/>\n[\/cg_accordion]\n[cg_accordion title=\"Pakken indeholder\"]<\/p>\n<ul>\n<li>1x AYANEO Pocket DMG-etui<\/li>\n<\/ul>\n<p>[\/cg_accordion]\n","protected":false},"featured_media":25148,"template":"","meta":{"_acf_changed":false},"product_brand":[],"product_cat":[1143],"product_tag":[],"class_list":{"0":"post-25135","1":"product","2":"type-product","3":"status-publish","4":"has-post-thumbnail","6":"product_cat-tilbehor","7":"product_shipping_class-low-end","8":"pa_accessory-type-protective-case-da","9":"pa_brand-ayaneo","11":"first","12":"instock","13":"sale","14":"taxable","15":"shipping-taxable","16":"purchasable","17":"product-type-simple"},"acf":[],"_links":{"self":[{"href":"https:\/\/ayaneo.co\/da\/wp-json\/wp\/v2\/product\/25135","targetHints":{"allow":["GET"]}}],"collection":[{"href":"https:\/\/ayaneo.co\/da\/wp-json\/wp\/v2\/product"}],"about":[{"href":"https:\/\/ayaneo.co\/da\/wp-json\/wp\/v2\/types\/product"}],"wp:featuredmedia":[{"embeddable":true,"href":"https:\/\/ayaneo.co\/da\/wp-json\/wp\/v2\/media\/25148"}],"wp:attachment":[{"href":"https:\/\/ayaneo.co\/da\/wp-json\/wp\/v2\/media?parent=25135"}],"wp:term":[{"taxonomy":"product_brand","embeddable":true,"href":"https:\/\/ayaneo.co\/da\/wp-json\/wp\/v2\/product_brand?post=25135"},{"taxonomy":"product_cat","embeddable":true,"href":"https:\/\/ayaneo.co\/da\/wp-json\/wp\/v2\/product_cat?post=25135"},{"taxonomy":"product_tag","embeddable":true,"href":"https:\/\/ayaneo.co\/da\/wp-json\/wp\/v2\/product_tag?post=25135"}],"curies":[{"name":"wp","href":"https:\/\/api.w.org\/{rel}","templated":true}]}}