{"id":28477,"date":"2025-07-15T11:52:07","date_gmt":"2025-07-15T11:52:07","guid":{"rendered":"https:\/\/ayaneo.co\/?post_type=product&#038;p=28477"},"modified":"2025-12-09T00:24:09","modified_gmt":"2025-12-09T00:24:09","slug":"ayaneo-pocket-micro-dmg-thumb-stick-grip-caps-forbedret-komfort-og-kontrol-copy","status":"publish","type":"product","link":"https:\/\/ayaneo.co\/da\/product\/ayaneo-pocket-micro-dmg-thumb-stick-grip-caps-forbedret-komfort-og-kontrol-copy\/","title":{"rendered":"AYANEO Pocket S, AIR &amp; SLIDE Thumb Stick Grip Caps - Forbedret komfort og kontrol!"},"content":{"rendered":"\n<p><strong>Opgrader din spiloplevelse med AYANEO Pocket S, AIR &amp; SLIDE Thumb Stick Grip Caps!<\/strong>  Disse grebsh\u00e6tter er designet til pr\u00e6cision, komfort og holdbarhed og giver forbedret kontrol og et bedre greb, hvilket sikrer j\u00e6vnere spil p\u00e5 dine AYANEO Pocket S-, AIR- og SLIDE-enheder.<\/p>\n\n<h2 class=\"wp-block-heading\"><strong>Vigtige funktioner:<\/strong><\/h2>\n\n<p><strong>Forbedret greb og kontrol<\/strong> - Sig farvel til glatte tommelfingerpinde! Nyd forbedret pr\u00e6cision i hver eneste bev\u00e6gelse p\u00e5 din AYANEO Pocket S, AIR eller SLIDE. <\/p>\n\n<p><strong>Komfortabelt og ergonomisk design<\/strong> - Soft-touch-materiale reducerer belastningen under lange gaming-sessioner.  <\/p>\n\n<p><strong>F\u00f8rsteklasses materiale<\/strong> - Holdbar silikone af h\u00f8j kvalitet sikrer langvarig ydeevne.  <\/p>\n\n<p><strong>Let at installere og sikker pasform<\/strong> - Designet specielt til AYANEO Pocket S, AIR &amp; SLIDE, hvilket sikrer en t\u00e6t og skridsikker pasform.  <\/p>\n\n<p><strong>Stilfuld og funktionel<\/strong> - Tilf\u00f8rer en elegant \u00e6stetik og beskytter samtidig dine thumbsticks mod slitage.  <\/p>\n\n<p>Tag din AYANEO-spiloplevelse til n\u00e6ste niveau med disse must-have grebsh\u00e6tter!  <\/p>\n\n<p><\/p>\n","protected":false},"excerpt":{"rendered":"<ul>\n<li><strong>Officielle<\/strong> AYANEO Pocket S, AIR &amp; SLIDE Thumb Stick Grip Caps<\/li>\n<li>Forbedret <strong>greb og kontrol<\/strong> - Forbedrer pr\u00e6cision og h\u00e5ndtering.<\/li>\n<li><strong>Bl\u00f8d og behagelig<\/strong> - Reducerer tr\u00e6thed ved l\u00e6ngerevarende spil.<\/li>\n<li><strong>Holdbart silikonemateriale<\/strong> - langtidsholdbart og slidst\u00e6rkt.<\/li>\n<li><strong>Perfekt pasform<\/strong> - Designet eksklusivt til AYANEO Pocket S, AIR &amp; SLIDE.<\/li>\n<\/ul>\n[cg_accordion title=\"INFO OM BETALING\"]<\/p>\n<p>Vi bruger den nyeste teknologi inden for betalingsbehandling, som giver dig mulighed for at betale via Apple Pay, Google Pay, dit betalings-\/kreditkort, PayPal eller BNPL-metoder som Klarna, Affirm eller AfterPay for en hurtig og sikker oplevelse.[\/cg_accordion]\n[cg_accordion title=\"GARANTI\"]<\/p>\n<p>1 \u00e5rs garanti fra <a href=\"https:\/\/droix.net\/\" target=\"_blank\" rel=\"nofollow noopener\">DROIX Global<\/a> for at give dig ro i sindet[\/cg_accordion]\n[cg_accordion title=\"KVALITETSSIKRING OG TEST F\u00d8R AFSENDELSE\"]<\/p>\n<p>Sikrer kundetilfredshed p\u00e5 h\u00f8jeste niveau: Hver enhed gennemg\u00e5r strenge tests og en flerpunkts kvalitetssikringskontrol, f\u00f8r den sendes. Vores dedikerede team verificerer ydeevne, funktionalitet og komponentintegritet for at garantere, at din AYANEO-enhed er i perfekt stand ved ankomsten, hvilket giver dig tillid og ro i sindet. [\/cg_accordion]\n[cg_accordion title=\"PRISER, AFGIFTER OG FORSENDELSE\"]<\/p>\n<p><strong><u>Bem\u00e6rk:<\/u><\/strong><\/p>\n<ul>\n<li>Kunder i USA: Den viste pris inkluderer IKKE SKAT eller afgifter. Ansvaret for at toldbehandle og betale eventuelle tilknyttede skatter\/afgifter ligger hos kunden. <\/li>\n<li>EU-kunder: Den viste pris inkluderer g\u00e6ldende SKAT, som kan v\u00e6re op til 25% afh\u00e6ngigt af dit land.<\/li>\n<li>Kunder i Canada: Den viste pris inkluderer g\u00e6ldende skatter, som kan omfatte 5% GST og yderligere provinsielle salgsafgifter (PST), harmoniseret salgsafgift (HST) eller Quebec Sales Tax (QST), afh\u00e6ngigt af din provins.<\/li>\n<\/ul>\n<p><strong>KUN for EU-kunder:<\/strong> Express DDP (Delivered Duty Paid). Dette betyder: <\/p>\n<ul>\n<li>Alle toldafgifter og skatter er inkluderet i den pris, der vises p\u00e5 produktsiden.<\/li>\n<li>Du skal ikke betale yderligere gebyrer ved levering.<\/li>\n<li>I sj\u00e6ldne tilf\u00e6lde af toldrelaterede problemer vil vores team h\u00e5ndtere fortoldningsprocessen p\u00e5 dine vegne for at sikre en problemfri leveringsoplevelse.<\/li>\n<p>Vigtig information om returnering:<\/p>\n<li>Hvis du beslutter at returnere din ordre eller anmode om refusion, skal du v\u00e6re opm\u00e6rksom p\u00e5, at skatter og afgifter, der er betalt p\u00e5 dine vegne i henhold til DDP-vilk\u00e5r, ikke kan refunderes.<\/li>\n<p>Se vores <a href=\"https:\/\/ayaneo.co\/da\/vilkaar-for-service\/\" target=\"_blank\" rel=\"nofollow noopener\">vilk\u00e5r og betingelser<\/a> for detaljerede oplysninger.\n<\/ul>\n<p>[\/cg_accordion]\n[cg_accordion title=\"KUNDESUPPORT\"]<\/p>\n<p>Har du et sp\u00f8rgsm\u00e5l? Vi er kun en kort sms v\u00e6k fra at have l\u00f8st dit problem! [\/cg_accordion]\n[cg_accordion title=\"PAKKEN INDEHOLDER\"]<\/p>\n<ul>\n<li>1x AYANEO Pocket S, AIR &amp; SLIDE Thumb Stick Grip Caps<\/li>\n<\/ul>\n<p>[\/cg_accordion]\n","protected":false},"featured_media":28490,"template":"","meta":{"_acf_changed":false},"product_brand":[],"product_cat":[1143],"product_tag":[],"class_list":{"0":"post-28477","1":"product","2":"type-product","3":"status-publish","4":"has-post-thumbnail","6":"product_cat-tilbehor","7":"product_shipping_class-low-end","9":"first","10":"instock","11":"sale","12":"taxable","13":"shipping-taxable","14":"purchasable","15":"product-type-simple"},"acf":[],"_links":{"self":[{"href":"https:\/\/ayaneo.co\/da\/wp-json\/wp\/v2\/product\/28477","targetHints":{"allow":["GET"]}}],"collection":[{"href":"https:\/\/ayaneo.co\/da\/wp-json\/wp\/v2\/product"}],"about":[{"href":"https:\/\/ayaneo.co\/da\/wp-json\/wp\/v2\/types\/product"}],"wp:featuredmedia":[{"embeddable":true,"href":"https:\/\/ayaneo.co\/da\/wp-json\/wp\/v2\/media\/28490"}],"wp:attachment":[{"href":"https:\/\/ayaneo.co\/da\/wp-json\/wp\/v2\/media?parent=28477"}],"wp:term":[{"taxonomy":"product_brand","embeddable":true,"href":"https:\/\/ayaneo.co\/da\/wp-json\/wp\/v2\/product_brand?post=28477"},{"taxonomy":"product_cat","embeddable":true,"href":"https:\/\/ayaneo.co\/da\/wp-json\/wp\/v2\/product_cat?post=28477"},{"taxonomy":"product_tag","embeddable":true,"href":"https:\/\/ayaneo.co\/da\/wp-json\/wp\/v2\/product_tag?post=28477"}],"curies":[{"name":"wp","href":"https:\/\/api.w.org\/{rel}","templated":true}]}}