{"id":29305,"date":"2025-01-20T12:04:53","date_gmt":"2025-01-20T12:04:53","guid":{"rendered":"https:\/\/ayaneo.co\/product\/ayaneo-next\/"},"modified":"2025-08-01T10:28:36","modified_gmt":"2025-08-01T10:28:36","slug":"ayaneo-next","status":"publish","type":"product","link":"https:\/\/ayaneo.co\/da\/product\/ayaneo-next\/","title":{"rendered":"AYANEO NEXT"},"content":{"rendered":"\n<figure class=\"wp-block-image\"><img decoding=\"async\" src=\"https:\/\/droix.net\/wp-content\/uploads\/2022\/01\/product-overview-1024x584.png\" alt=\"\" title=\"AYA NEO NEXT 1\" \/><\/figure>\n\n<h2 class=\"wp-block-heading\">AMD Ryzen Zen 3-konsol<\/h2>\n\n<p>Op til 4,5 GHz r\u00e5 kraft<\/p>\n\n<p>N\u00e5r det kommer til processorkraft, er AYANEO Next PC Gaming Handheld ikke noget at kimse af i sofaen.<\/p>\n\n<p>&#8220;Hestekr\u00e6fterne\" leveres af en AMD Ryzen 7 5825U-processor, der er baseret p\u00e5 den nyeste ZEN 3-arkitektur. Det giver en j\u00e6vn spiloplevelse, samtidig med at batteriforbruget holdes p\u00e5 et minimum. Ryzen 7 APU&#8217;en i AYANEO Next er baseret p\u00e5 TSMC&#8217;s 7nm FinFET-litografi.  <\/p>\n\n<p>5825U Ryzen 7-processoren er en octa-core processor med 16 udf\u00f8relsestr\u00e5de. Den kan g\u00e5 i tomgang ved 2,0 GHz og booste op til 4,5 GHz under tung belastning. Sammen med AYA Space-softwaren kan du konfigurere TDP for AYANEO Next Handheld op til 32W for at f\u00e5 endnu mere ydelse.  <\/p>\n\n<p>Dine spil bliver betydeligt hurtigere sammenlignet med den nyeste generation af pc-spilkonsoller.  <\/p>\n\n<p>For at hj\u00e6lpe med processorkraften finder du ogs\u00e5 16 GB Dual-Channel LPDDR4x RAM om bord, hvilket vil holde trit med de stadigt voksende systemkrav. N\u00e5r vi taler om systemkrav, er der to lagringsmuligheder: 1 TB og 2 TB - det sikrer, at du har plads nok til de nyeste pc-spil. (Jeg kigger p\u00e5 dig, Call of Duty) j  <\/p>\n\n<figure class=\"wp-block-image\"><img decoding=\"async\" src=\"https:\/\/droix.net\/wp-content\/uploads\/elementor\/thumbs\/processor-q8z5das1ql6n9ve6zhwvyxoict8wyvevo2ttgvwkqo.png\" alt=\"processor\" title=\"processor\" \/><\/figure>\n\n<h2 class=\"wp-block-heading\">AYANEO n\u00e6ste AMD GPU<\/h2>\n\n<p>Spil de nyeste AAA-spil<\/p>\n\n<p>AMD-grafikken i AYANEO Next er perfekt til spil p\u00e5 farten. Det er velkendt i gaming-samfundet, at AMD g\u00f8r en ekstra indsats for at integrere og g\u00f8re dem kompatible med de nyeste spil p\u00e5 markedet. <\/p>\n\n<p>Grafikchips\u00e6ttet i AYANEO Next er 17% hurtigere i benchmarks sammenlignet med den gamle generation af AMD-grafik. Sammen med AYA Space-softwaren, som giver dig mulighed for at styre din konsols TDP, og den fantastiske k\u00f8lel\u00f8sning er AYANEO Next et gaming-dyr. <\/p>\n\n<h2 class=\"wp-block-heading\">Fed og lys<\/h2>\n\n<p>7\u2033 H-IPS-sk\u00e6rm<\/p>\n\n<p>N\u00e5r du spiller, er hastighed og FPS ikke alt (ok, det er ca. 90 % af oplevelsen), men det medie, som du absorberer oplevelsen gennem, er meget vigtigt.<\/p>\n\n<p>Det er grunden til, at AYANEO Next kommer med en smuk 1280*800 H-IPS touchscreen-sk\u00e6rm.<\/p>\n\n<figure class=\"wp-block-image\"><img decoding=\"async\" src=\"https:\/\/droix.net\/wp-content\/uploads\/2022\/01\/AYANEO-NEXT-BRIGHT-WHITE-MARKETING-PICTURE-2-scaled.jpg\" alt=\"AYANEO-NEXT-BRIGHT-WHITE-MARKETING-PICTURE-2\" title=\"AYA NEO NEXT 2\" \/><\/figure>\n\n<figure class=\"wp-block-image\"><img decoding=\"async\" src=\"https:\/\/droix.net\/wp-content\/uploads\/2022\/01\/AYANEO-NEXT-JET-BLACK-MARKETING-PICTURE-2-scaled.jpg\" alt=\"AYANEO-NEXT-JET-BLACK-MARKETING-PICTURE-2\" title=\"AYA NEO NEXT 3\" \/><\/figure>\n\n<figure class=\"wp-block-image\"><img decoding=\"async\" src=\"https:\/\/droix.net\/wp-content\/uploads\/2022\/01\/AYANEO-NEXT-MIDNIGHT-BLUE-MARKETING-PICTURE-4-scaled.jpg\" alt=\"AYANEO-NEXT-MIDNIGHT-BLUE-MARKETING-PICTURE-4\" title=\"AYA NEO NEXT 4\" \/><\/figure>\n\n<figure class=\"wp-block-image\"><img decoding=\"async\" src=\"https:\/\/droix.net\/wp-content\/uploads\/2022\/01\/AYANEO-NEXT-PASTEL-BLUE-MARKETING-PICTURE-7-scaled.jpg\" alt=\"AYANEO-NEXT-PASTEL-BLUE-MARKETING-BILLEDE-7\" title=\"AYA NEO NEXT 5\" \/><\/figure>\n\n<h2 class=\"wp-block-heading\">Gaming A-Z<\/h2>\n\n<p>AYANEO Next PC Gaming Handheld opfylder alle krav - den kommer med den bedste hardware for at g\u00f8re dine spilsessioner s\u00e5 behagelige som muligt.<\/p>\n\n<figure class=\"wp-block-image\"><img decoding=\"async\" src=\"https:\/\/droix.net\/wp-content\/uploads\/2022\/01\/high-quality-build.png\" alt=\"\" title=\"AYA NEO NEXT 6\" \/><\/figure>\n\n<figure class=\"wp-block-image\"><img decoding=\"async\" src=\"https:\/\/droix.net\/wp-content\/uploads\/2022\/01\/shoulder-buttons.png\" alt=\"\" title=\"AYA NEO NEXT 7\" \/><\/figure>\n\n<figure class=\"wp-block-image\"><img decoding=\"async\" src=\"https:\/\/droix.net\/wp-content\/uploads\/2022\/01\/fingerprint.png\" alt=\"\" title=\"AYA NEO NEXT 8\" \/><\/figure>\n","protected":false},"excerpt":{"rendered":"<ul>\n<li>AMD\u00ae <strong>Ryzen\u2122 7 5825U<\/strong> med AMD Radeon\u2122 Vega 8-grafik<\/li>\n<li><strong>16 GB<\/strong> LPDDR4x med to kanaler ved 4266 MHz<\/li>\n<li><strong>2<\/strong><strong>TB\/2<\/strong> <strong>TB<\/strong> h\u00f8jhastigheds PCI-E NVMe SSD<\/li>\n<li><strong>7\u2033<\/strong> H-IPS-ber\u00f8ringssk\u00e6rm<\/li>\n<li>Underst\u00f8ttelse af <strong>WiFi 6<\/strong> IEEE og <strong>Bluetooth 5.2<\/strong> <\/li>\n<\/ul>\n[cg_accordion title=\"INFO OM BETALING\"]<\/p>\n<p>Vi bruger den nyeste teknologi inden for betalingsbehandling, som giver dig mulighed for at betale via Apple Pay, Google Pay, dit betalings-\/kreditkort, PayPal eller BNPL-metoder som Klarna, Affirm eller AfterPay for en hurtig og sikker oplevelse.[\/cg_accordion]\n[cg_accordion title=\"GARANTI\"]<\/p>\n<p>1 \u00e5rs garanti fra <a href=\"https:\/\/droix.net\/\" target=\"_blank\" rel=\"nofollow noopener\">DROIX Global<\/a> for at give dig ro i sindet[\/cg_accordion]\n[cg_accordion title=\"PRISER, AFGIFTER OG FORSENDELSE\"]<\/p>\n<p><strong><u>Bem\u00e6rk:<\/u><\/strong><\/p>\n<ul>\n<li>Kunder i USA: Den viste pris inkluderer IKKE SKAT eller afgifter. Ansvaret for at toldbehandle og betale eventuelle tilknyttede skatter\/afgifter ligger hos kunden. <\/li>\n<li>EU-kunder: Den viste pris inkluderer g\u00e6ldende SKAT, som kan v\u00e6re op til 25% afh\u00e6ngigt af dit land.<\/li>\n<li>Kunder i Canada: Den viste pris inkluderer g\u00e6ldende skatter, som kan omfatte 5% GST og yderligere Provincial Sales Taxes (PST), Harmonized Sales Tax (HST) eller Quebec Sales Tax (QST), afh\u00e6ngigt af din provins.<\/li>\n<\/ul>\n<p><strong>KUN for EU-kunder:<\/strong> Express DDP (Delivered Duty Paid). Dette betyder: <\/p>\n<ul>\n<li>Alle toldafgifter og skatter er inkluderet i den pris, der vises p\u00e5 produktsiden.<\/li>\n<li>Du skal ikke betale yderligere gebyrer ved levering.<\/li>\n<li>I sj\u00e6ldne tilf\u00e6lde af toldrelaterede problemer vil vores team h\u00e5ndtere fortoldningsprocessen p\u00e5 dine vegne for at sikre en problemfri leveringsoplevelse.<\/li>\n<p>Vigtig information om returnering:<\/p>\n<li>Hvis du beslutter at returnere din ordre eller anmode om refusion, skal du v\u00e6re opm\u00e6rksom p\u00e5, at skatter og afgifter, der er betalt p\u00e5 dine vegne i henhold til DDP-vilk\u00e5r, ikke kan refunderes.<\/li>\n<p>Se vores <a href=\"https:\/\/ayaneo.co\/terms-of-service-2\/\" target=\"_blank\" rel=\"nofollow noopener\">vilk\u00e5r og betingelser<\/a> for detaljerede oplysninger.\n<\/ul>\n<p>[\/cg_accordion]\n[cg_accordion title=\"KUNDESUPPORT\"]<\/p>\n<p>Har du et sp\u00f8rgsm\u00e5l? Vi er kun en kort sms v\u00e6k fra at have l\u00f8st dit problem!<br \/>\n[\/cg_accordion]\n[cg_accordion title=\"Pakken indeholder\"]<\/p>\n<ul>\n<li>1x AYANEO NEXT<\/li>\n<li>1x USB Type-C-kabel<\/li>\n<li>1x brugervejledning<\/li>\n<\/ul>\n<p>[\/cg_accordion]\n","protected":false},"featured_media":29306,"template":"","meta":{"_acf_changed":false},"product_brand":[],"product_cat":[1172],"product_tag":[],"class_list":{"0":"post-29305","1":"product","2":"type-product","3":"status-publish","4":"has-post-thumbnail","6":"product_cat-handholdte-gaming-pcer","7":"product_shipping_class-premium","8":"pa_brand-ayaneo","9":"pa_graphics-gpu-model-radeon-graphics","10":"pa_operating-system-windows-11-home","11":"pa_processor-cpu-brand-amd","13":"first","14":"outofstock","15":"sale","16":"taxable","17":"shipping-taxable","18":"purchasable","19":"product-type-variable","20":"has-default-attributes"},"acf":[],"_links":{"self":[{"href":"https:\/\/ayaneo.co\/da\/wp-json\/wp\/v2\/product\/29305","targetHints":{"allow":["GET"]}}],"collection":[{"href":"https:\/\/ayaneo.co\/da\/wp-json\/wp\/v2\/product"}],"about":[{"href":"https:\/\/ayaneo.co\/da\/wp-json\/wp\/v2\/types\/product"}],"wp:featuredmedia":[{"embeddable":true,"href":"https:\/\/ayaneo.co\/da\/wp-json\/wp\/v2\/media\/29306"}],"wp:attachment":[{"href":"https:\/\/ayaneo.co\/da\/wp-json\/wp\/v2\/media?parent=29305"}],"wp:term":[{"taxonomy":"product_brand","embeddable":true,"href":"https:\/\/ayaneo.co\/da\/wp-json\/wp\/v2\/product_brand?post=29305"},{"taxonomy":"product_cat","embeddable":true,"href":"https:\/\/ayaneo.co\/da\/wp-json\/wp\/v2\/product_cat?post=29305"},{"taxonomy":"product_tag","embeddable":true,"href":"https:\/\/ayaneo.co\/da\/wp-json\/wp\/v2\/product_tag?post=29305"}],"curies":[{"name":"wp","href":"https:\/\/api.w.org\/{rel}","templated":true}]}}