{"id":32341,"date":"2025-08-20T13:35:38","date_gmt":"2025-08-20T13:35:38","guid":{"rendered":"https:\/\/ayaneo.co\/product\/ayaneo-pocket-s2-skaermbeskytter\/"},"modified":"2026-01-06T00:30:10","modified_gmt":"2026-01-06T00:30:10","slug":"ayaneo-pocket-s2-skaermbeskytter","status":"publish","type":"product","link":"https:\/\/ayaneo.co\/da\/product\/ayaneo-pocket-s2-skaermbeskytter\/","title":{"rendered":"AYANEO Pocket S2 sk\u00e6rmbeskytter"},"content":{"rendered":"\n<h2 class=\"wp-block-heading\">Produktoversigt:<\/h2>\n\n<p><strong>AYANEO Pocket S2-sk\u00e6rmbeskytteren<\/strong> er et must-have-tilbeh\u00f8r til at holde din Pocket S2-konsols sk\u00e6rm i uber\u00f8rt stand. Sk\u00e6rmbeskytteren er designet til perfekt klarhed og pr\u00e6cision og sikrer en uafbrudt spiloplevelse, samtidig med at den beskytter din enhed mod hverdagens slitage. <\/p>\n\n<h2 class=\"wp-block-heading\">Hvorfor v\u00e6lge AYANEO Pocket S2 sk\u00e6rmbeskytter?<\/h2>\n\n<p>Uanset om du er en casual gamer eller en hardcore entusiast, giver AYANEO S2 Screen Protector uovertruffen klarhed og beskyttelse af din konsols sk\u00e6rm. Med sin pr\u00e6cise pasform, ridsefaste overflade og smudsafvisende bel\u00e6gning forbliver dine spilbilleder krystalklare, mens din enhed forbliver beskyttet. <\/p>\n\n<hr class=\"wp-block-separator has-alpha-channel-opacity\"\/>\n\n<h2 class=\"wp-block-heading\">Specifikationer:<\/h2>\n\n<ul class=\"wp-block-list\">\n<li><strong>Materiale:<\/strong> H\u00e6rdet glas eller premium-film<\/li>\n\n\n\n<li><strong>Kompatibilitet:<\/strong> AYANEO Pocket S2-konsol<\/li>\n\n\n\n<li><strong>Funktioner:<\/strong> Anti-ridse, smudsafvisende og boblefri installation<\/li>\n<\/ul>\n\n<p>Opgrader din AYANEO Pocket S2 med en sk\u00e6rmbeskytter, der er designet til at holde din konsol flot og yde sit bedste!<\/p>\n\n<p><\/p>\n","protected":false},"excerpt":{"rendered":"<ul>\n<li><strong>Passer perfekt<\/strong> til AYANEO Pocket S2-sk\u00e6rmens dimensioner.<\/li>\n<li><strong>Ridsefast<\/strong> overflade for langvarig beskyttelse.<\/li>\n<li>Ultraklart materiale til <strong>uber\u00f8rte spilbilleder<\/strong>.<\/li>\n<li>Nem installation med en <strong>boblefri p\u00e5f\u00f8ring<\/strong>.<\/li>\n<li><strong>Smudsafvisende bel\u00e6gning<\/strong>, der holder din sk\u00e6rm ren og klar.<\/li>\n<\/ul>\n[cg_accordion title=\"INFO OM BETALING\"]<\/p>\n<p>Vi bruger den nyeste teknologi inden for betalingsbehandling, som giver dig mulighed for at betale via Apple Pay, Google Pay, dit betalings-\/kreditkort, PayPal eller BNPL-metoder som Klarna, Affirm eller AfterPay for en hurtig og sikker oplevelse.[\/cg_accordion]\n[cg_accordion title=\"GARANTI\"]<\/p>\n<p>1 \u00e5rs garanti fra <a href=\"https:\/\/droix.net\/\" target=\"_blank\" rel=\"nofollow noopener\">DROIX Global<\/a> for at give dig ro i sindet[\/cg_accordion]\n[cg_accordion title=\"KVALITETSSIKRING OG TEST F\u00d8R AFSENDELSE\"]<\/p>\n<p>Sikrer kundetilfredshed p\u00e5 h\u00f8jeste niveau: Hver enhed gennemg\u00e5r strenge tests og en flerpunkts kvalitetssikringskontrol, f\u00f8r den sendes. Vores dedikerede team verificerer ydeevne, funktionalitet og komponentintegritet for at garantere, at din AYANEO-enhed er i perfekt stand ved ankomsten, hvilket giver dig tillid og ro i sindet. [\/cg_accordion]\n[cg_accordion title=\"PRISER, AFGIFTER OG FORSENDELSE\"]<\/p>\n<p><strong><u>Bem\u00e6rk:<\/u><\/strong><\/p>\n<ul>\n<li>Kunder i USA: Den viste pris inkluderer IKKE SKAT eller afgifter. Ansvaret for at toldbehandle og betale eventuelle tilknyttede skatter\/afgifter ligger hos kunden. <\/li>\n<li>EU-kunder: Den viste pris inkluderer g\u00e6ldende SKAT, som kan v\u00e6re op til 25% afh\u00e6ngigt af dit land.<\/li>\n<li>Kunder i Canada: Den viste pris inkluderer g\u00e6ldende skatter, som kan omfatte 5% GST og yderligere provinsielle salgsafgifter (PST), harmoniseret salgsafgift (HST) eller Quebec Sales Tax (QST), afh\u00e6ngigt af din provins.<\/li>\n<\/ul>\n<p><strong>KUN for EU-kunder:<\/strong> Express DDP (Delivered Duty Paid). Dette betyder: <\/p>\n<ul>\n<li>Alle toldafgifter og skatter er inkluderet i den pris, der vises p\u00e5 produktsiden.<\/li>\n<li>Du skal ikke betale yderligere gebyrer ved levering.<\/li>\n<li>I sj\u00e6ldne tilf\u00e6lde af toldrelaterede problemer vil vores team h\u00e5ndtere fortoldningsprocessen p\u00e5 dine vegne for at sikre en problemfri leveringsoplevelse.<\/li>\n<p>Vigtig information om returnering:<\/p>\n<li>Hvis du beslutter at returnere din ordre eller anmode om refusion, skal du v\u00e6re opm\u00e6rksom p\u00e5, at skatter og afgifter, der er betalt p\u00e5 dine vegne i henhold til DDP-vilk\u00e5r, ikke kan refunderes.<\/li>\n<p>Se vores <a href=\"https:\/\/ayaneo.co\/da\/vilkaar-for-service\/\" target=\"_blank\" rel=\"nofollow noopener\">vilk\u00e5r og betingelser<\/a> for detaljerede oplysninger.\n<\/ul>\n<p>[\/cg_accordion]\n[cg_accordion title=\"KUNDESUPPORT\"]<\/p>\n<p>Har du et sp\u00f8rgsm\u00e5l? Vi er kun en kort sms v\u00e6k fra at have l\u00f8st dit problem! [\/cg_accordion]\n[cg_accordion title=\"PAKKEN INDEHOLDER\"]<\/p>\n<ul>\n<li>1x AYANEO Pocket S2 sk\u00e6rmbeskytter<\/li>\n<\/ul>\n<p>[\/cg_accordion]\n","protected":false},"featured_media":30509,"template":"","meta":{"_acf_changed":false},"product_brand":[],"product_cat":[1143],"product_tag":[],"class_list":{"0":"post-32341","1":"product","2":"type-product","3":"status-publish","4":"has-post-thumbnail","6":"product_cat-tilbehor","7":"product_shipping_class-low-end","9":"first","10":"instock","11":"sale","12":"taxable","13":"shipping-taxable","14":"purchasable","15":"product-type-simple"},"acf":[],"_links":{"self":[{"href":"https:\/\/ayaneo.co\/da\/wp-json\/wp\/v2\/product\/32341","targetHints":{"allow":["GET"]}}],"collection":[{"href":"https:\/\/ayaneo.co\/da\/wp-json\/wp\/v2\/product"}],"about":[{"href":"https:\/\/ayaneo.co\/da\/wp-json\/wp\/v2\/types\/product"}],"wp:featuredmedia":[{"embeddable":true,"href":"https:\/\/ayaneo.co\/da\/wp-json\/wp\/v2\/media\/30509"}],"wp:attachment":[{"href":"https:\/\/ayaneo.co\/da\/wp-json\/wp\/v2\/media?parent=32341"}],"wp:term":[{"taxonomy":"product_brand","embeddable":true,"href":"https:\/\/ayaneo.co\/da\/wp-json\/wp\/v2\/product_brand?post=32341"},{"taxonomy":"product_cat","embeddable":true,"href":"https:\/\/ayaneo.co\/da\/wp-json\/wp\/v2\/product_cat?post=32341"},{"taxonomy":"product_tag","embeddable":true,"href":"https:\/\/ayaneo.co\/da\/wp-json\/wp\/v2\/product_tag?post=32341"}],"curies":[{"name":"wp","href":"https:\/\/api.w.org\/{rel}","templated":true}]}}