{"id":33732,"date":"2025-08-26T13:19:39","date_gmt":"2025-08-26T13:19:39","guid":{"rendered":"https:\/\/ayaneo.co\/product\/ayaneo-pocket-ds\/"},"modified":"2026-01-06T00:35:56","modified_gmt":"2026-01-06T00:35:56","slug":"ayaneo-pocket-ds","status":"publish","type":"product","link":"https:\/\/ayaneo.co\/da\/product\/ayaneo-pocket-ds\/","title":{"rendered":"AYANEO Pocket DS"},"content":{"rendered":"\n<figure class=\"wp-block-video\"><video height=\"720\" style=\"aspect-ratio: 1280 \/ 720;\" width=\"1280\" controls=\"\" src=\"https:\/\/ayaneo.co\/wp-content\/uploads\/2025\/08\/The-worlds-first-dual-screen-flip-Android-handheld-device-AYANEO-Pocket-DS-1.mp4\"><\/video><\/figure>\n\n<div class=\"wp-block-columns is-layout-flex wp-container-core-columns-is-layout-28f84493 wp-block-columns-is-layout-flex\">\n<div class=\"wp-block-column is-layout-flow wp-block-column-is-layout-flow\" style=\"flex-basis:33.33%\">\n<figure class=\"wp-block-image size-full\"><a href=\"https:\/\/ayaneo.co\/wp-content\/uploads\/2025\/08\/AYANEO-POCKET-RG-MARKETING-DONE-35-1024x1024-1.jpg\"><img fetchpriority=\"high\" decoding=\"async\" width=\"1024\" height=\"1024\" src=\"https:\/\/ayaneo.co\/wp-content\/uploads\/2025\/08\/AYANEO-POCKET-RG-MARKETING-DONE-35-1024x1024-1.jpg\" alt=\"En persons h&#xE6;nder, der holder AYANEO Pocket DS, demonstrerer dobbeltsk&#xE6;rmsfunktionaliteten ved at spille to forskellige spil p&#xE5; &#xE9;n gang p&#xE5; den h&#xE5;ndholdte Android.\" class=\"wp-image-37367\" style=\"aspect-ratio:4\/3;object-fit:cover\" srcset=\"https:\/\/ayaneo.co\/wp-content\/uploads\/2025\/08\/AYANEO-POCKET-RG-MARKETING-DONE-35-1024x1024-1.jpg 1024w, https:\/\/ayaneo.co\/wp-content\/uploads\/2025\/08\/AYANEO-POCKET-RG-MARKETING-DONE-35-1024x1024-1-300x300.jpg 300w, https:\/\/ayaneo.co\/wp-content\/uploads\/2025\/08\/AYANEO-POCKET-RG-MARKETING-DONE-35-1024x1024-1-150x150.jpg 150w, https:\/\/ayaneo.co\/wp-content\/uploads\/2025\/08\/AYANEO-POCKET-RG-MARKETING-DONE-35-1024x1024-1-768x768.jpg 768w, https:\/\/ayaneo.co\/wp-content\/uploads\/2025\/08\/AYANEO-POCKET-RG-MARKETING-DONE-35-1024x1024-1-65x65.jpg 65w, https:\/\/ayaneo.co\/wp-content\/uploads\/2025\/08\/AYANEO-POCKET-RG-MARKETING-DONE-35-1024x1024-1-990x990.jpg 990w, https:\/\/ayaneo.co\/wp-content\/uploads\/2025\/08\/AYANEO-POCKET-RG-MARKETING-DONE-35-1024x1024-1-441x441.jpg 441w, https:\/\/ayaneo.co\/wp-content\/uploads\/2025\/08\/AYANEO-POCKET-RG-MARKETING-DONE-35-1024x1024-1-100x100.jpg 100w, https:\/\/ayaneo.co\/wp-content\/uploads\/2025\/08\/AYANEO-POCKET-RG-MARKETING-DONE-35-1024x1024-1-600x600.jpg 600w\" sizes=\"(max-width: 1024px) 100vw, 1024px\" \/><\/a><\/figure>\n<\/div>\n\n\n\n<div class=\"wp-block-column is-layout-flow wp-block-column-is-layout-flow\" style=\"flex-basis:66.66%\">\n<h2 class=\"wp-block-heading\"><strong>AYANEO Pocket DS: Verdens f\u00f8rste h\u00e5ndholdte Android-konsol med to sk\u00e6rme og muslingeskal<\/strong><\/h2>\n\n\n\n<p>Guldalderen for spil med to sk\u00e6rme er tilbage, og den er mere kraftfuld end nogensinde. AYANEO Pocket DS kombinerer p\u00e5 mesterlig vis det ikoniske, lommevenlige muslingeskalsdesign med en avanceret Snapdragon G3x Gen 2-processor. Denne unikke fusion skaber den ultimative b\u00e6rbare konsol for b\u00e5de retro-purister og Android-brugere. Oplev fejlfri emulering af klassiske systemer med to sk\u00e6rme, eller udnyt det fulde potentiale i moderne mobilspil p\u00e5 to levende sk\u00e6rme. Pocket DS er ikke bare endnu en h\u00e5ndholdt konsol; den er et dristigt statement, der tilbyder en taktil, alsidig og dybt tilfredsstillende spiloplevelse, som du simpelthen ikke kan f\u00e5 andre steder.    <\/p>\n<\/div>\n<\/div>\n\n<h2 class=\"wp-block-heading has-text-align-center\">Gaming med to sk\u00e6rme vender tilbage: En moderne klassiker<\/h2>\n\n<div class=\"wp-block-columns is-layout-flex wp-container-core-columns-is-layout-28f84493 wp-block-columns-is-layout-flex\">\n<div class=\"wp-block-column is-layout-flow wp-block-column-is-layout-flow\">\n<figure class=\"wp-block-image size-full\"><a href=\"https:\/\/ayaneo.co\/wp-content\/uploads\/2025\/08\/AYANEO-POCKET-RG-MARKETING-DONE-9-1.jpg\"><img decoding=\"async\" width=\"1500\" height=\"1500\" src=\"https:\/\/ayaneo.co\/wp-content\/uploads\/2025\/08\/AYANEO-POCKET-RG-MARKETING-DONE-9-1.jpg\" alt=\"En infografik, der beskriver flagskibsydelsen og specifikationerne for Snapdragon G3x Gen 2 Gaming Platform, processoren til AYANEO Pocket DS. Den viser 4nm-processen, octa-core Kryo CPU, Adreno A32 GPU og 15W max performance. \" class=\"wp-image-37368\" srcset=\"https:\/\/ayaneo.co\/wp-content\/uploads\/2025\/08\/AYANEO-POCKET-RG-MARKETING-DONE-9-1.jpg 1500w, https:\/\/ayaneo.co\/wp-content\/uploads\/2025\/08\/AYANEO-POCKET-RG-MARKETING-DONE-9-1-300x300.jpg 300w, https:\/\/ayaneo.co\/wp-content\/uploads\/2025\/08\/AYANEO-POCKET-RG-MARKETING-DONE-9-1-1024x1024.jpg 1024w, https:\/\/ayaneo.co\/wp-content\/uploads\/2025\/08\/AYANEO-POCKET-RG-MARKETING-DONE-9-1-150x150.jpg 150w, https:\/\/ayaneo.co\/wp-content\/uploads\/2025\/08\/AYANEO-POCKET-RG-MARKETING-DONE-9-1-768x768.jpg 768w, https:\/\/ayaneo.co\/wp-content\/uploads\/2025\/08\/AYANEO-POCKET-RG-MARKETING-DONE-9-1-65x65.jpg 65w, https:\/\/ayaneo.co\/wp-content\/uploads\/2025\/08\/AYANEO-POCKET-RG-MARKETING-DONE-9-1-990x990.jpg 990w, https:\/\/ayaneo.co\/wp-content\/uploads\/2025\/08\/AYANEO-POCKET-RG-MARKETING-DONE-9-1-441x441.jpg 441w, https:\/\/ayaneo.co\/wp-content\/uploads\/2025\/08\/AYANEO-POCKET-RG-MARKETING-DONE-9-1-100x100.jpg 100w, https:\/\/ayaneo.co\/wp-content\/uploads\/2025\/08\/AYANEO-POCKET-RG-MARKETING-DONE-9-1-600x600.jpg 600w\" sizes=\"(max-width: 1500px) 100vw, 1500px\" \/><\/a><\/figure>\n\n\n\n<h3 class=\"wp-block-heading\">Den indre mester: Snapdragon G3x Gen 2 gaming-platform<\/h3>\n\n\n\n<p>AYANEO Pocket DS fremst\u00e5r som et mesterv\u00e6rk af <strong>nostalgisk innovation<\/strong>, bygget til den sande h\u00e5ndholdte kender. Den er drevet af den formidable <g id=\"gid_1\">Qualcomm Snapdragon G3x Gen 2<\/g>, en banebrydende spilplatform, der puster moderne liv i den klassiske muslingeskalformfaktor. I stedet for en enkelt glasrude har Pocket DS en <strong>alsidig konfiguration med to sk\u00e6rme<\/strong>: en levende prim\u00e6r <strong>IPS-sk\u00e6rm<\/strong> til medrivende action, parret med en sekund\u00e6r IPS-ber\u00f8ringssk\u00e6rm nedenunder. Denne ops\u00e6tning er perfekt til at styre inventar, se kort eller opn\u00e5 <strong>fejlfri, autentisk emulering af ikoniske konsoller med to sk\u00e6rme<\/strong>- et problemfrit \u00e6gteskab mellem fortid og fremtid, der giver en <strong>taktil og dybt engagerende spiloplevelse<\/strong>, som h\u00e5ndholdte med en enkelt sk\u00e6rm simpelthen ikke kan matche.   <\/p>\n<\/div>\n\n\n\n<div class=\"wp-block-column is-layout-flow wp-block-column-is-layout-flow\">\n<figure class=\"wp-block-image size-full\"><a href=\"https:\/\/ayaneo.co\/wp-content\/uploads\/2025\/08\/AYANEO-POCKET-RG-MARKETING-DONE-4-1.jpg\"><img decoding=\"async\" width=\"1500\" height=\"1500\" src=\"https:\/\/ayaneo.co\/wp-content\/uploads\/2025\/08\/AYANEO-POCKET-RG-MARKETING-DONE-4-1.jpg\" alt=\"Et marketingbillede, der viser to AYANEO Pocket DS-h&#xE5;ndholdte med dobbelt sk&#xE6;rm, en &#xE5;ben og en lukket, med en infografik nedenfor, der beskriver specifikationerne for den h&#xF8;jtydende OLED-sk&#xE6;rm som 1080p-opl&#xF8;sning, justerbar 165Hz opdateringsfrekvens, 800 nits lysstyrke og HDR-funktioner.\" class=\"wp-image-37369\" srcset=\"https:\/\/ayaneo.co\/wp-content\/uploads\/2025\/08\/AYANEO-POCKET-RG-MARKETING-DONE-4-1.jpg 1500w, https:\/\/ayaneo.co\/wp-content\/uploads\/2025\/08\/AYANEO-POCKET-RG-MARKETING-DONE-4-1-300x300.jpg 300w, https:\/\/ayaneo.co\/wp-content\/uploads\/2025\/08\/AYANEO-POCKET-RG-MARKETING-DONE-4-1-1024x1024.jpg 1024w, https:\/\/ayaneo.co\/wp-content\/uploads\/2025\/08\/AYANEO-POCKET-RG-MARKETING-DONE-4-1-150x150.jpg 150w, https:\/\/ayaneo.co\/wp-content\/uploads\/2025\/08\/AYANEO-POCKET-RG-MARKETING-DONE-4-1-768x768.jpg 768w, https:\/\/ayaneo.co\/wp-content\/uploads\/2025\/08\/AYANEO-POCKET-RG-MARKETING-DONE-4-1-65x65.jpg 65w, https:\/\/ayaneo.co\/wp-content\/uploads\/2025\/08\/AYANEO-POCKET-RG-MARKETING-DONE-4-1-990x990.jpg 990w, https:\/\/ayaneo.co\/wp-content\/uploads\/2025\/08\/AYANEO-POCKET-RG-MARKETING-DONE-4-1-441x441.jpg 441w, https:\/\/ayaneo.co\/wp-content\/uploads\/2025\/08\/AYANEO-POCKET-RG-MARKETING-DONE-4-1-100x100.jpg 100w, https:\/\/ayaneo.co\/wp-content\/uploads\/2025\/08\/AYANEO-POCKET-RG-MARKETING-DONE-4-1-600x600.jpg 600w\" sizes=\"(max-width: 1500px) 100vw, 1500px\" \/><\/a><\/figure>\n\n\n\n<h3 class=\"wp-block-heading\"><strong>Uovertruffen visning: 1920&#215;1080 OLED-sk\u00e6rm med h\u00f8j opl\u00f8sning<\/strong><\/h3>\n\n\n\n<p>Det visuelle hjerte i Pocket DS er den betagende <strong>OLED-sk\u00e6rm<\/strong>, der er konstrueret til at levere en uovertruffen seeroplevelse. Hver scene gengives i fantastisk klarhed med en skarp <strong>1920&#215;1080 h\u00f8j opl\u00f8sning<\/strong>, mens farverne eksploderer ud af sk\u00e6rmen med filmisk livlighed takket v\u00e6re <strong>HDR-underst\u00f8ttelse<\/strong> og et utroligt <strong>150% sRGB-farveskala<\/strong>. Gameplay er us\u00e6dvanligt flydende med <g id=\"gid_4\">justerbare opdateringshastigheder, der intelligent skifter op til 165 Hz<\/g>, hvilket sikrer sm\u00f8rbl\u00f8de bev\u00e6gelser, der ogs\u00e5 optimerer batterilevetiden. Kombineret med en str\u00e5lende <strong>lysstyrke p\u00e5 800 nits<\/strong> giver Pocket DS en visuel oplevelse i topklasse, der g\u00f8r hvert spil til en uforglemmelig oplevelse.   <\/p>\n<\/div>\n\n\n\n<div class=\"wp-block-column is-layout-flow wp-block-column-is-layout-flow\">\n<figure class=\"wp-block-image size-full\"><a href=\"https:\/\/ayaneo.co\/wp-content\/uploads\/2025\/08\/AYANEO-POCKET-RG-MARKETING-DONE-11-1.jpg\"><img loading=\"lazy\" decoding=\"async\" width=\"1500\" height=\"1500\" src=\"https:\/\/ayaneo.co\/wp-content\/uploads\/2025\/08\/AYANEO-POCKET-RG-MARKETING-DONE-11-1.jpg\" alt=\"Den &#xF8;verste halvdel af billedet viser to sorte AYANEO Pocket DS-enheder p&#xE5; en m&#xF8;rk baggrund. Den ene er vinklet, s&#xE5; den viser sin lukkede profil bagfra, mens den anden er &#xE5;ben og viser et spil p&#xE5; den &#xF8;verste sk&#xE6;rm og et performance-dashboard p&#xE5; den nederste sk&#xE6;rm.&#10;&#10;Den nederste halvdel har et gitter med seks ikoner, der hver is&#xE6;r beskriver en specifik softwarefunktion:&#10;&#10;Str&#xF8;mbesparende tilstand: Beskrives som &quot;enest&#xE5;ende effektivitet for langvarig leg&quot;.&#10;&#10;Afbalanceret tilstand: For en &quot;optimal balance mellem ydeevne og batterilevetid&quot;.&#10;&#10;Spiltilstand: At &quot;spille mainstream mobilspil og h&#xF8;jtydende retrospil problemfrit.&quot;&#10;&#10;Fuld str&#xF8;mtilstand: Tilbyder &quot;maksimal ydeevne til spil med h&#xF8;j billedhastighed.&quot;&#10;&#10;Streamingtilstand: For en &quot;streamingoplevelse med ultralav latenstid&quot;.&#10;&#10;N&#xF8;gle, der kan tilpasses: G&#xF8;r det nemt at &quot;trykke for at skifte pr&#xE6;stationsniveau&quot;.&#10;&#10;I bund og grund viser billedet, hvordan brugerne nemt kan styre enhedens ydeevne, s&#xE5; den passer til enhver opgave, fra at spare p&#xE5; batteriet til at slippe hardwarens fulde kraft l&#xF8;s.\" class=\"wp-image-37370\" srcset=\"https:\/\/ayaneo.co\/wp-content\/uploads\/2025\/08\/AYANEO-POCKET-RG-MARKETING-DONE-11-1.jpg 1500w, https:\/\/ayaneo.co\/wp-content\/uploads\/2025\/08\/AYANEO-POCKET-RG-MARKETING-DONE-11-1-300x300.jpg 300w, https:\/\/ayaneo.co\/wp-content\/uploads\/2025\/08\/AYANEO-POCKET-RG-MARKETING-DONE-11-1-1024x1024.jpg 1024w, https:\/\/ayaneo.co\/wp-content\/uploads\/2025\/08\/AYANEO-POCKET-RG-MARKETING-DONE-11-1-150x150.jpg 150w, https:\/\/ayaneo.co\/wp-content\/uploads\/2025\/08\/AYANEO-POCKET-RG-MARKETING-DONE-11-1-768x768.jpg 768w, https:\/\/ayaneo.co\/wp-content\/uploads\/2025\/08\/AYANEO-POCKET-RG-MARKETING-DONE-11-1-65x65.jpg 65w, https:\/\/ayaneo.co\/wp-content\/uploads\/2025\/08\/AYANEO-POCKET-RG-MARKETING-DONE-11-1-990x990.jpg 990w, https:\/\/ayaneo.co\/wp-content\/uploads\/2025\/08\/AYANEO-POCKET-RG-MARKETING-DONE-11-1-441x441.jpg 441w, https:\/\/ayaneo.co\/wp-content\/uploads\/2025\/08\/AYANEO-POCKET-RG-MARKETING-DONE-11-1-100x100.jpg 100w, https:\/\/ayaneo.co\/wp-content\/uploads\/2025\/08\/AYANEO-POCKET-RG-MARKETING-DONE-11-1-600x600.jpg 600w\" sizes=\"(max-width: 1500px) 100vw, 1500px\" \/><\/a><\/figure>\n\n\n\n<h3 class=\"wp-block-heading\">Nostalgisk innovation: Kombinerer klassisk form med moderne kraft<\/h3>\n\n\n\n<p>I kernen af AYANEO Pocket DS banker hjertet af en mester: <strong>Snapdragon\u00ae G3x Gen 2<\/strong> Gaming Platform. Dette 4nm chips\u00e6t frig\u00f8r utrolig kraft gennem sin <g id=\"gid_1\">octa-core Kryo CPU<\/g> og en formidabel <g id=\"gid_2\">Adreno A32 GPU<\/g>, der giver de muskler, der er n\u00f8dvendige for at dominere de nyeste Android-udgivelser og opn\u00e5 fejlfri high-end emulering. Det handler ikke kun om r\u00e5 hastighed; det handler om <strong>vedvarende, k\u00f8lig ydeevne<\/strong>, som er muliggjort af et specialudviklet <strong>aktivt k\u00f8lesystem<\/strong>, der er indbygget i det kompakte clamshell-design. Resultatet er en j\u00e6vn, termisk styret oplevelse, der giver dig mulighed for at presse dine spil til det yderste uden at g\u00e5 p\u00e5 kompromis.   <\/p>\n<\/div>\n<\/div>\n\n<div class=\"wp-block-columns is-layout-flex wp-container-core-columns-is-layout-28f84493 wp-block-columns-is-layout-flex\">\n<div class=\"wp-block-column is-layout-flow wp-block-column-is-layout-flow\">\n<figure class=\"wp-block-image size-full\"><a href=\"https:\/\/ayaneo.co\/wp-content\/uploads\/2025\/08\/AYANEO-POCKET-RG-MARKETING-DONE-12.1-1.jpg\"><img loading=\"lazy\" decoding=\"async\" width=\"1500\" height=\"1500\" src=\"https:\/\/ayaneo.co\/wp-content\/uploads\/2025\/08\/AYANEO-POCKET-RG-MARKETING-DONE-12.1-1.jpg\" alt=\"En markedsf&#xF8;ringsinfografik, der forklarer k&#xF8;lesystemet p&#xE5; pc-niveau, som er designet til den h&#xE5;ndholdte AYANEO Pocket DS med to sk&#xE6;rme. Den viser k&#xF8;learkitekturens n&#xF8;glekomponenter: en turbofan til luftgennemstr&#xF8;mning, store kobberplader til varmeledning og et CNC-frontpanel i fuldmetal til varmeafledning fra sk&#xE6;rmen. \" class=\"wp-image-37371\" srcset=\"https:\/\/ayaneo.co\/wp-content\/uploads\/2025\/08\/AYANEO-POCKET-RG-MARKETING-DONE-12.1-1.jpg 1500w, https:\/\/ayaneo.co\/wp-content\/uploads\/2025\/08\/AYANEO-POCKET-RG-MARKETING-DONE-12.1-1-300x300.jpg 300w, https:\/\/ayaneo.co\/wp-content\/uploads\/2025\/08\/AYANEO-POCKET-RG-MARKETING-DONE-12.1-1-1024x1024.jpg 1024w, https:\/\/ayaneo.co\/wp-content\/uploads\/2025\/08\/AYANEO-POCKET-RG-MARKETING-DONE-12.1-1-150x150.jpg 150w, https:\/\/ayaneo.co\/wp-content\/uploads\/2025\/08\/AYANEO-POCKET-RG-MARKETING-DONE-12.1-1-768x768.jpg 768w, https:\/\/ayaneo.co\/wp-content\/uploads\/2025\/08\/AYANEO-POCKET-RG-MARKETING-DONE-12.1-1-65x65.jpg 65w, https:\/\/ayaneo.co\/wp-content\/uploads\/2025\/08\/AYANEO-POCKET-RG-MARKETING-DONE-12.1-1-990x990.jpg 990w, https:\/\/ayaneo.co\/wp-content\/uploads\/2025\/08\/AYANEO-POCKET-RG-MARKETING-DONE-12.1-1-441x441.jpg 441w, https:\/\/ayaneo.co\/wp-content\/uploads\/2025\/08\/AYANEO-POCKET-RG-MARKETING-DONE-12.1-1-100x100.jpg 100w, https:\/\/ayaneo.co\/wp-content\/uploads\/2025\/08\/AYANEO-POCKET-RG-MARKETING-DONE-12.1-1-600x600.jpg 600w\" sizes=\"(max-width: 1500px) 100vw, 1500px\" \/><\/a><\/figure>\n\n\n\n<h3 class=\"wp-block-heading\">Clamshell-formfaktor: Et mesterv\u00e6rk af nostalgisk innovation<\/h3>\n<\/div>\n\n\n\n<div class=\"wp-block-column is-layout-flow wp-block-column-is-layout-flow\">\n<figure class=\"wp-block-image size-full\"><a href=\"https:\/\/ayaneo.co\/wp-content\/uploads\/2025\/08\/AYANEO-POCKET-RG-MARKETING-DONE-17-1.jpg\"><img loading=\"lazy\" decoding=\"async\" width=\"1500\" height=\"1500\" src=\"https:\/\/ayaneo.co\/wp-content\/uploads\/2025\/08\/AYANEO-POCKET-RG-MARKETING-DONE-17-1.jpg\" alt=\"En markedsf&#xF8;ringsinfografik, der viser en person, der spiller et spil p&#xE5; AYANEO Pocket DS h&#xE5;ndholdte enhed med to sk&#xE6;rme. Billedet fremh&#xE6;ver enhedens avancerede controller-tilpasningsfunktioner, herunder TMR-joysticks uden drift, justerbar joystick- og trigger-f&#xF8;lsomhed, gyroskop-sigtehj&#xE6;lp og udskiftning af knapper via AYASpace-software. &#10;&#10;\" class=\"wp-image-37372\" srcset=\"https:\/\/ayaneo.co\/wp-content\/uploads\/2025\/08\/AYANEO-POCKET-RG-MARKETING-DONE-17-1.jpg 1500w, https:\/\/ayaneo.co\/wp-content\/uploads\/2025\/08\/AYANEO-POCKET-RG-MARKETING-DONE-17-1-300x300.jpg 300w, https:\/\/ayaneo.co\/wp-content\/uploads\/2025\/08\/AYANEO-POCKET-RG-MARKETING-DONE-17-1-1024x1024.jpg 1024w, https:\/\/ayaneo.co\/wp-content\/uploads\/2025\/08\/AYANEO-POCKET-RG-MARKETING-DONE-17-1-150x150.jpg 150w, https:\/\/ayaneo.co\/wp-content\/uploads\/2025\/08\/AYANEO-POCKET-RG-MARKETING-DONE-17-1-768x768.jpg 768w, https:\/\/ayaneo.co\/wp-content\/uploads\/2025\/08\/AYANEO-POCKET-RG-MARKETING-DONE-17-1-65x65.jpg 65w, https:\/\/ayaneo.co\/wp-content\/uploads\/2025\/08\/AYANEO-POCKET-RG-MARKETING-DONE-17-1-990x990.jpg 990w, https:\/\/ayaneo.co\/wp-content\/uploads\/2025\/08\/AYANEO-POCKET-RG-MARKETING-DONE-17-1-441x441.jpg 441w, https:\/\/ayaneo.co\/wp-content\/uploads\/2025\/08\/AYANEO-POCKET-RG-MARKETING-DONE-17-1-100x100.jpg 100w, https:\/\/ayaneo.co\/wp-content\/uploads\/2025\/08\/AYANEO-POCKET-RG-MARKETING-DONE-17-1-600x600.jpg 600w\" sizes=\"(max-width: 1500px) 100vw, 1500px\" \/><\/a><\/figure>\n\n\n\n<h3 class=\"wp-block-heading\">Levende farver og flydende bev\u00e6gelse: 150 % sRGB-gamut og 165 Hz opdateringshastighed<\/h3>\n<\/div>\n\n\n\n<div class=\"wp-block-column is-layout-flow wp-block-column-is-layout-flow\">\n<figure class=\"wp-block-image size-full\"><a href=\"https:\/\/ayaneo.co\/wp-content\/uploads\/2025\/08\/AYANEO-POCKET-RG-MARKETING-DONE-3.jpg\"><img loading=\"lazy\" decoding=\"async\" width=\"1500\" height=\"1500\" src=\"https:\/\/ayaneo.co\/wp-content\/uploads\/2025\/08\/AYANEO-POCKET-RG-MARKETING-DONE-3.jpg\" alt=\"En omfattende infografik, der beskriver de vigtigste hardwarespecifikationer for den h&#xE5;ndholdte AYANEO Pocket DS. Den fremh&#xE6;ver funktioner som den 7-tommer OLED-hovedsk&#xE6;rm, 5-tommer sekund&#xE6;r sk&#xE6;rm, Snapdragon G3x Gen 2-processor, Hall-effekt-kontroller, 8000mAh hurtigopladende batteri, PC-klasse turbo-bl&#xE6;serk&#xF8;ling og stereoh&#xF8;jttalere i h&#xF8;j kvalitet. \" class=\"wp-image-37373\" srcset=\"https:\/\/ayaneo.co\/wp-content\/uploads\/2025\/08\/AYANEO-POCKET-RG-MARKETING-DONE-3.jpg 1500w, https:\/\/ayaneo.co\/wp-content\/uploads\/2025\/08\/AYANEO-POCKET-RG-MARKETING-DONE-3-300x300.jpg 300w, https:\/\/ayaneo.co\/wp-content\/uploads\/2025\/08\/AYANEO-POCKET-RG-MARKETING-DONE-3-1024x1024.jpg 1024w, https:\/\/ayaneo.co\/wp-content\/uploads\/2025\/08\/AYANEO-POCKET-RG-MARKETING-DONE-3-150x150.jpg 150w, https:\/\/ayaneo.co\/wp-content\/uploads\/2025\/08\/AYANEO-POCKET-RG-MARKETING-DONE-3-768x768.jpg 768w, https:\/\/ayaneo.co\/wp-content\/uploads\/2025\/08\/AYANEO-POCKET-RG-MARKETING-DONE-3-65x65.jpg 65w, https:\/\/ayaneo.co\/wp-content\/uploads\/2025\/08\/AYANEO-POCKET-RG-MARKETING-DONE-3-990x990.jpg 990w, https:\/\/ayaneo.co\/wp-content\/uploads\/2025\/08\/AYANEO-POCKET-RG-MARKETING-DONE-3-441x441.jpg 441w, https:\/\/ayaneo.co\/wp-content\/uploads\/2025\/08\/AYANEO-POCKET-RG-MARKETING-DONE-3-100x100.jpg 100w, https:\/\/ayaneo.co\/wp-content\/uploads\/2025\/08\/AYANEO-POCKET-RG-MARKETING-DONE-3-600x600.jpg 600w\" sizes=\"(max-width: 1500px) 100vw, 1500px\" \/><\/a><\/figure>\n\n\n\n<h3 class=\"wp-block-heading\">Brugerdefineret aktivt k\u00f8lesystem til udholdenhed med k\u00f8ligt hoved<\/h3>\n<\/div>\n<\/div>\n\n<p>For at holde oplevelsen med to sk\u00e6rme problemfri og responsiv er AYANEO Pocket DS udstyret med <strong>op til 16 GB ultrahurtig LPDDR5X RAM<\/strong>, der k\u00f8rer med utrolige <strong>8533 Mbps<\/strong>, hvilket eliminerer afmatning under intens gameplay og multitasking. Dine spil indl\u00e6ses lynhurtigt takket v\u00e6re det hurtige <strong>interne UFS 4.0-lager<\/strong> (UFS 3.1 p\u00e5 128 GB-modellen), s\u00e5 du kan komme i gang med det samme. For den dedikerede samler stopper rejsen ikke der. Et integreret <strong>microSD-kortspor<\/strong> giver mulighed for <strong>ubegr\u00e6nset biblioteksudvidelse<\/strong>, hvilket g\u00f8r det nemt at medbringe alle de klassiske titler, du nogensinde har elsket, og sikrer, at hele din spilhistorie altid er lige i lommen.   <\/p>\n\n<h2 class=\"wp-block-heading\">Brugeroplevelse<\/h2>\n\n<p>Den revolutionerende oplevelse af AYANEO Pocket DS drives af et st\u00e6rkt optimeret <strong>Android 13-operativsystem<\/strong>, der er udviklet fra bunden til at udnytte de <strong>unikke muligheder for to sk\u00e6rme<\/strong>. Dyk ned i et massivt univers af kompatible spil, fra moderne Android-hits til nostalgiske klassikere, der f\u00f8ler sig hjemme p\u00e5 to sk\u00e6rme. Problemfri tilslutning er garanteret med <g id=\"gid_2\">h\u00f8jhastigheds-WiFi og Bluetooth 5.3<\/g>, perfekt til online raids eller parring af din yndlingscontroller. Kernen i brugeroplevelsen er den kraftfulde <strong>AYASpace &amp; AYAHome-software<\/strong>, som ikke kun organiserer dit bibliotek, men ogs\u00e5 tilbyder <strong>dedikerede taster<\/strong> til styring af to sk\u00e6rme, s\u00e5 du \u00f8jeblikkeligt kan skifte, styre og tilpasse dine sk\u00e6rme p\u00e5 farten. En <strong>fingeraftrykssensor er integreret direkte i t\u00e6nd\/sluk-knappen<\/strong> for at give hurtig og sikker adgang til din spilverden.    <\/p>\n\n<h2 class=\"wp-block-heading\">Konklusion<\/h2>\n\n<p>AYANEO Pocket DS er mere end bare en h\u00e5ndholdt Android-spilkonsol; det er en dristig hyldest til en gylden \u00e6ra, genskabt med kraften til at dominere fremtiden. Den skaber et <strong>perfekt \u00e6gteskab mellem h\u00f8jtydende moderne spil og den taktile gl\u00e6de ved klassisk emulering<\/strong>. Med sit flagskibs Snapdragon-kraft, revolutionerende <strong>dobbeltsk\u00e6rms clamshell-design<\/strong> og software, der er omhyggeligt udformet til to sk\u00e6rme, skaber denne enhed sin egen unikke vej i den b\u00e6rbare gaming-verden. Den inviterer b\u00e5de erfarne veteraner og retro-kendere til at opleve hele gaming-landskabet p\u00e5 en <strong>fantastisk, alsidig og uforglemmelig ny m\u00e5de.<\/strong>   <\/p>\n\n<p>G\u00e5 ikke glip af chancen for at genopleve en klassisk \u00e6ra af b\u00e6rbar gaming, genf\u00f8dt med moderne kraft.  <strong>Omfavn fortidens og fremtidens underholdning med AYANEO Pocket DS.<\/strong><\/p>\n\n<p><\/p>\n","protected":false},"excerpt":{"rendered":"<ul>\n<li>Processor: Qualcomm<strong> Snapdragon\u00ae G3x Gen 2<\/strong><\/li>\n<li>Sk\u00e6rm: <strong>7&#8243; OLED &amp; 5&#8243; LCD<\/strong> 1080P ber\u00f8ringssk\u00e6rm<\/li>\n<li>RAM: Op til<strong> 16 GB<\/strong> LPDDR5X<strong>(8533 MT\/s)<\/strong><\/li>\n<li>Opbevaring: Op til<strong> 1 TB<\/strong> UFS 4.0 (UFS 3.1 - 128 GB)<\/li>\n<li>Tilslutningsmuligheder: Wi-Fi<strong> 7<\/strong> &amp; Bluetooth <strong>5.3<\/strong><\/li>\n<\/ul>\n<pre><b>Vare p\u00e5 forudbestilling<\/b>\nForventet udgivelsesdato:\n<ul>\n<li>16. januar 2026<\/li><\/pre>\n<\/ul>\n[cg_accordion title=\"INFO OM BETALING\"]<\/p>\n<p>Vi bruger den nyeste teknologi inden for betalingsbehandling, som giver dig mulighed for at betale via Apple Pay, Google Pay, dit betalings-\/kreditkort, PayPal eller BNPL-metoder som Klarna, Affirm eller AfterPay for en hurtig og sikker oplevelse.[\/cg_accordion]\n[cg_accordion title=\"GARANTI\"]<\/p>\n<p>1 \u00e5rs garanti fra <a href=\"https:\/\/droix.net\/\" target=\"_blank\" rel=\"nofollow noopener\">DROIX Global<\/a> for at give dig ro i sindet[\/cg_accordion]\n[cg_accordion title=\"KVALITETSSIKRING OG TEST F\u00d8R AFSENDELSE\"]<\/p>\n<p>Sikrer kundetilfredshed p\u00e5 h\u00f8jeste niveau: Hver enhed gennemg\u00e5r strenge tests og en flerpunkts kvalitetssikringskontrol, f\u00f8r den sendes. Vores dedikerede team verificerer ydeevne, funktionalitet og komponentintegritet for at garantere, at din AYANEO-enhed er i perfekt stand ved ankomsten, hvilket giver dig tillid og ro i sindet. [\/cg_accordion]\n[cg_accordion title=\"PRISER, AFGIFTER OG FORSENDELSE\"]<\/p>\n<p><strong><u>Bem\u00e6rk:<\/u><\/strong><\/p>\n<ul>\n<li>Kunder i USA: Den viste pris inkluderer IKKE SKAT eller afgifter. Ansvaret for at toldbehandle og betale eventuelle tilknyttede skatter\/afgifter ligger hos kunden. <\/li>\n<li>EU-kunder: Den viste pris inkluderer g\u00e6ldende SKAT, som kan v\u00e6re op til 25% afh\u00e6ngigt af dit land.<\/li>\n<li>Kunder i Canada: Den viste pris inkluderer g\u00e6ldende skatter, som kan omfatte 5% GST og yderligere provinsielle salgsafgifter (PST), harmoniseret salgsafgift (HST) eller Quebec Sales Tax (QST), afh\u00e6ngigt af din provins.<\/li>\n<\/ul>\n<p><strong>KUN for EU-kunder:<\/strong> Express DDP (Delivered Duty Paid). Dette betyder: <\/p>\n<ul>\n<li>Alle toldafgifter og skatter er inkluderet i den pris, der vises p\u00e5 produktsiden.<\/li>\n<li>Du skal ikke betale yderligere gebyrer ved levering.<\/li>\n<li>I sj\u00e6ldne tilf\u00e6lde af toldrelaterede problemer vil vores team h\u00e5ndtere fortoldningsprocessen p\u00e5 dine vegne for at sikre en problemfri leveringsoplevelse.<\/li>\n<p>Vigtig information om returnering:<\/p>\n<li>Hvis du beslutter at returnere din ordre eller anmode om refusion, skal du v\u00e6re opm\u00e6rksom p\u00e5, at skatter og afgifter, der er betalt p\u00e5 dine vegne i henhold til DDP-vilk\u00e5r, ikke kan refunderes.<\/li>\n<p>Se vores <a href=\"https:\/\/ayaneo.co\/da\/vilkaar-for-service\/\" target=\"_blank\" rel=\"nofollow noopener\">vilk\u00e5r og betingelser<\/a> for detaljerede oplysninger.\n<\/ul>\n<p>[\/cg_accordion]\n[cg_accordion title=\"KUNDESUPPORT\"]<\/p>\n<p>Har du et sp\u00f8rgsm\u00e5l? Vi er kun en kort sms v\u00e6k fra at have l\u00f8st dit problem! [\/cg_accordion]\n[cg_accordion title=\"PAKKEN INDEHOLDER\"]<\/p>\n<ul>\n<li>1x AYANEO Pocket DS<\/li>\n<li>1x USB Type-C-kabel<\/li>\n<li>1x brugervejledning<\/li>\n<\/ul>\n<p>[\/cg_accordion]\n","protected":false},"featured_media":30772,"template":"","meta":{"_acf_changed":false},"product_brand":[],"product_cat":[1184],"product_tag":[],"class_list":{"0":"post-33732","1":"product","2":"type-product","3":"status-publish","4":"has-post-thumbnail","6":"product_cat-android-handholdt-gaming","7":"product_shipping_class-premium","8":"pa_brand-ayaneo","9":"pa_graphics-gpu-model-adreno-a32","10":"pa_operating-system-android-13","11":"pa_processor-cpu-brand-qualcomm","13":"first","14":"outofstock","15":"taxable","16":"shipping-taxable","17":"purchasable","18":"product-type-variable","19":"has-default-attributes"},"acf":[],"_links":{"self":[{"href":"https:\/\/ayaneo.co\/da\/wp-json\/wp\/v2\/product\/33732","targetHints":{"allow":["GET"]}}],"collection":[{"href":"https:\/\/ayaneo.co\/da\/wp-json\/wp\/v2\/product"}],"about":[{"href":"https:\/\/ayaneo.co\/da\/wp-json\/wp\/v2\/types\/product"}],"wp:featuredmedia":[{"embeddable":true,"href":"https:\/\/ayaneo.co\/da\/wp-json\/wp\/v2\/media\/30772"}],"wp:attachment":[{"href":"https:\/\/ayaneo.co\/da\/wp-json\/wp\/v2\/media?parent=33732"}],"wp:term":[{"taxonomy":"product_brand","embeddable":true,"href":"https:\/\/ayaneo.co\/da\/wp-json\/wp\/v2\/product_brand?post=33732"},{"taxonomy":"product_cat","embeddable":true,"href":"https:\/\/ayaneo.co\/da\/wp-json\/wp\/v2\/product_cat?post=33732"},{"taxonomy":"product_tag","embeddable":true,"href":"https:\/\/ayaneo.co\/da\/wp-json\/wp\/v2\/product_tag?post=33732"}],"curies":[{"name":"wp","href":"https:\/\/api.w.org\/{rel}","templated":true}]}}