{"id":44771,"date":"2026-02-03T13:07:54","date_gmt":"2026-02-03T13:07:54","guid":{"rendered":"https:\/\/ayaneo.co\/product\/biwin-mini-ssd\/"},"modified":"2026-02-12T09:55:59","modified_gmt":"2026-02-12T09:55:59","slug":"biwin-mini-ssd","status":"publish","type":"product","link":"https:\/\/ayaneo.co\/da\/product\/biwin-mini-ssd\/","title":{"rendered":"BIWIN Mini SSD"},"content":{"rendered":"\n<h2 class=\"wp-block-heading\">BIWIN Mini SSD: En ny \u00e6ra af lagringsydelse<\/h2>\n\n<p>I den meget konkurrencepr\u00e6gede verden af b\u00e6rbar lagring fremst\u00e5r <strong>BIWIN Mini SSD<\/strong> som et sandt kraftcenter, der tilbyder eliteydelse og robust holdbarhed for at tilfredsstille enhver kr\u00e6vende bruger. Denne enhed er en erkl\u00e6ring om kompromisl\u00f8s hastighed og repr\u00e6senterer et spring fremad inden for ultrakompakt lagringsteknologi. BIWIN Mini SSD er et vidunder af design og kraft, der tilbyder en dataoplevelse p\u00e5 flagskibsniveau, uovertruffen b\u00e6rbarhed og en r\u00e6kke innovative funktioner, der placerer den p\u00e5 toppen af markedet. Dette drev er skabt til professionelle og entusiaster, der kr\u00e6ver elitehastighed og en f\u00f8rsteklasses l\u00f8sning med mange funktioner, og det spr\u00e6nger gr\u00e6nserne for datah\u00e5ndtering p\u00e5 farten.   <\/p>\n\n<p>BIWIN Mini SSD st\u00e5r som en titan af innovation inden for avancerede, kompakte lagerenheder. Drevet af banebrydende <strong>PCIe Gen4x2-<\/strong> og <strong>NVMe 1.4-teknologi<\/strong> leverer Mini SSD en betagende ydeevne med sekventielle l\u00e6sehastigheder p\u00e5 op til <strong>3.700 MB\/s<\/strong> og skrivehastigheder p\u00e5 op til <strong>3.400 MB\/s<\/strong>. Denne hastighed knuser ydelsesloftet for traditionelle microSD-kort og positionerer Mini SSD som en overlegen h\u00f8jhastighedserstatning. Denne kraft er anbragt i et ultrakompakt hus - der kun m\u00e5ler <strong>15,0 mm \u00d7 17,0 mm \u00d7 1,4 mm - hvilket<\/strong>er muliggjort af avanceret <a href=\"https:\/\/en.wikipedia.org\/wiki\/Land_grid_array\" target=\"_blank\" rel=\"noopener nofollow\" title=\"\">LGA-emballage (Land Grid Array).<\/a>    <\/p>\n\n<p>Mini SSD f\u00e5s med h\u00f8j kapacitet, herunder <strong>512 GB, 1 TB og 2 TB, og<\/strong> giver enest\u00e5ende lagerplads til kr\u00e6vende arbejdsbelastninger som samarbejde i skyen og databehandling i realtid.<\/p>\n\n<h2 class=\"wp-block-heading\"><strong>Note om h\u00e5ndholdt ydeevne<\/strong><\/h2>\n\n<p>Det er vigtigt for brugere af specifikke v\u00e6rtsenheder at bem\u00e6rke, at selvom Mini SSD tilbyder teoretiske tophastigheder p\u00e5 3.700 MB\/s, vil dens ydeevne i den virkelige verden v\u00e6re begr\u00e6nset af v\u00e6rtsenhedens slotspecifikationer. N\u00e5r den f.eks. er installeret i kompatible gaming-h\u00e5ndholdte, er drevets hastighed typisk begr\u00e6nset, fordi enheden bruger en <strong>mini PCIe 4&#215;1-konfiguration<\/strong> (i stedet for den fulde 4&#215;2-specifikation). Baseret p\u00e5 CrystalDiskMark-test kan brugerne forvente gennemsnitlige l\u00e6se- og skrivehastigheder p\u00e5 omkring <strong>1.700 MB\/s<\/strong>. Dette sikrer stadig en p\u00e5lidelig h\u00f8jhastighedsydelse, der langt overstiger microSD-alternativer, selvom det m\u00e5ske ikke afspejler drevets absolutte maksimale teoretiske potentiale.   <\/p>\n\n<p>Enheden er designet til kompromisl\u00f8s p\u00e5lidelighed og har en robust struktur med en <strong>IP68-klassificering<\/strong> for omfattende st\u00f8v- og vandbeskyttelse, hvilket g\u00f8r den bygget til at udholde de h\u00e5rdeste forhold. Dybdeg\u00e5ende datap\u00e5lidelighed leveres af avanceret firmware, herunder dynamisk SLC-caching og wear leveling, mens holdbarheden forst\u00e6rkes af LGA-emballage, der g\u00f8r det muligt at overleve fald fra op til <strong>3 meter.<\/strong> Med sit alsidige modul\u00e6re slotdesign er dette en holdbar og fremtidsklar ledsager til applikationer i mobile enheder, spilh\u00e5ndholdte (s\u00e5som GPD WIN 5 og OneXPlayer Super X) og edge computing.  <\/p>\n","protected":false},"excerpt":{"rendered":"\n<ul>\n<li>Gr\u00e6nseflade: <strong>PCIe Gen4x2<\/strong> med **NVMe 1.4**-protokol<\/li>\n<li>Formfaktor: <strong>Ultrakompakt LGA-pakke<\/strong> (15,0 mm \u00d7 17,0 mm \u00d7 1,4 mm)<\/li>\n<li>Ydeevne: Op til **3.700 MB\/s l\u00e6sning** \/ Op til **3.400 MB\/s skrivning**.<\/li>\n<li>Kapacitet: 512 GB, 1 TB eller 2 TB 3D TLC NAND<\/li>\n<li>Holdbarhed: <strong>IP68<\/strong> st\u00f8v- og vandt\u00e6thed \/ **3 meters fald** Overlevelse<\/li>\n<li>Teknologi: Dynamisk **SLC-caching** og **Wear Leveling**.<\/li>\n<\/ul>\n[cg_accordion title=\"INFO OM BETALING\"]<\/p>\n<p>Vi bruger den nyeste teknologi inden for betalingsbehandling, som giver dig mulighed for at betale via Apple Pay, Google Pay, dit betalings-\/kreditkort, PayPal eller BNPL-metoder som Klarna, Affirm eller AfterPay for en hurtig og sikker oplevelse.[\/cg_accordion]\n[cg_accordion title=\"GARANTI\"]<\/p>\n<p>1 \u00e5rs garanti fra <a href=\"https:\/\/droix.net\/\" target=\"_blank\" rel=\"nofollow noopener\">DROIX Global<\/a> for at give dig ro i sindet[\/cg_accordion]\n[cg_accordion title=\"KVALITETSSIKRING OG TEST F\u00d8R AFSENDELSE\"]<\/p>\n<p>Sikrer kundetilfredshed p\u00e5 h\u00f8jeste niveau: Hver enhed gennemg\u00e5r strenge tests og en flerpunkts kvalitetssikringskontrol, f\u00f8r den sendes. Vores dedikerede team verificerer ydeevne, funktionalitet og komponentintegritet for at garantere, at din AYANEO-enhed er i perfekt stand ved ankomsten, hvilket giver dig tillid og ro i sindet. [\/cg_accordion]\n[cg_accordion title=\"PRISER, AFGIFTER OG FORSENDELSE\"]<\/p>\n<p><strong><u>Bem\u00e6rk:<\/u><\/strong><\/p>\n<ul>\n<li>Kunder i USA: Den viste pris inkluderer IKKE SKAT eller afgifter. Ansvaret for at toldbehandle og betale eventuelle tilknyttede skatter\/afgifter ligger hos kunden. <\/li>\n<li>EU-kunder: Den viste pris inkluderer g\u00e6ldende SKAT, som kan v\u00e6re op til 25% afh\u00e6ngigt af dit land.<\/li>\n<li>Kunder i Canada: Den viste pris inkluderer g\u00e6ldende skatter, som kan omfatte 5% GST og yderligere provinsielle salgsafgifter (PST), harmoniseret salgsafgift (HST) eller Quebec Sales Tax (QST), afh\u00e6ngigt af din provins.<\/li>\n<\/ul>\n<p>For vores kunder i USA: Ordrer afsendes DAP (Delivered At Place). Kunderne er ansvarlige for at betale alle g\u00e6ldende afgifter, men vi tr\u00e6kker p\u00e5 vores omfattende erfaring med forsendelse fra Storbritannien for at sikre, at du betaler mindst muligt. Baseret p\u00e5 vores registreringer overstiger disse gebyrer typisk ikke 10 % af varens v\u00e6rdi.  <\/p>\n<p><strong>KUN for EU-kunder:<\/strong> Express DDP (Delivered Duty Paid). Dette betyder: <\/p>\n<ul>\n<li>Alle toldafgifter og skatter er inkluderet i den pris, der vises p\u00e5 produktsiden.<\/li>\n<li>Du skal ikke betale yderligere gebyrer ved levering.<\/li>\n<li>I sj\u00e6ldne tilf\u00e6lde af toldrelaterede problemer vil vores team h\u00e5ndtere fortoldningsprocessen p\u00e5 dine vegne for at sikre en problemfri leveringsoplevelse.<\/li>\n<p>Vigtig information om returnering:<\/p>\n<li>Hvis du beslutter at returnere din ordre eller anmode om refusion, skal du v\u00e6re opm\u00e6rksom p\u00e5, at skatter og afgifter, der er betalt p\u00e5 dine vegne i henhold til DDP-vilk\u00e5r, ikke kan refunderes.<\/li>\n<p>Se vores <a href=\"https:\/\/ayaneo.co\/da\/vilkaar-for-service\/\" target=\"_blank\" rel=\"nofollow noopener\">vilk\u00e5r og betingelser<\/a> for detaljerede oplysninger.\n<\/ul>\n<p>[\/cg_accordion]\n[cg_accordion title=\"KUNDESUPPORT\"]<\/p>\n<p>Har du et sp\u00f8rgsm\u00e5l? Vi er kun en kort sms v\u00e6k fra at have l\u00f8st dit problem! [\/cg_accordion]\n[cg_accordion title=\"PAKKEN INDEHOLDER\"]<\/p>\n<ul>\n<li>1x BIWIN Mini SSD<\/li>\n<\/ul>\n<p>[\/cg_accordion]\n","protected":false},"featured_media":44129,"template":"","meta":{"_acf_changed":false},"product_brand":[],"product_cat":[1143],"product_tag":[],"class_list":{"0":"post-44771","1":"product","2":"type-product","3":"status-publish","4":"has-post-thumbnail","6":"product_cat-tilbehor","7":"product_shipping_class-low-end","8":"pa_brand-biwin","10":"first","11":"instock","12":"taxable","13":"shipping-taxable","14":"purchasable","15":"product-type-variable","16":"has-default-attributes"},"acf":[],"_links":{"self":[{"href":"https:\/\/ayaneo.co\/da\/wp-json\/wp\/v2\/product\/44771","targetHints":{"allow":["GET"]}}],"collection":[{"href":"https:\/\/ayaneo.co\/da\/wp-json\/wp\/v2\/product"}],"about":[{"href":"https:\/\/ayaneo.co\/da\/wp-json\/wp\/v2\/types\/product"}],"wp:featuredmedia":[{"embeddable":true,"href":"https:\/\/ayaneo.co\/da\/wp-json\/wp\/v2\/media\/44129"}],"wp:attachment":[{"href":"https:\/\/ayaneo.co\/da\/wp-json\/wp\/v2\/media?parent=44771"}],"wp:term":[{"taxonomy":"product_brand","embeddable":true,"href":"https:\/\/ayaneo.co\/da\/wp-json\/wp\/v2\/product_brand?post=44771"},{"taxonomy":"product_cat","embeddable":true,"href":"https:\/\/ayaneo.co\/da\/wp-json\/wp\/v2\/product_cat?post=44771"},{"taxonomy":"product_tag","embeddable":true,"href":"https:\/\/ayaneo.co\/da\/wp-json\/wp\/v2\/product_tag?post=44771"}],"curies":[{"name":"wp","href":"https:\/\/api.w.org\/{rel}","templated":true}]}}