{"id":44796,"date":"2026-01-08T12:04:55","date_gmt":"2026-01-08T12:04:55","guid":{"rendered":"https:\/\/ayaneo.co\/product\/ayaneo-pocket-ds-skaermbeskytter-kun-nederste-skaerm\/"},"modified":"2026-04-08T09:14:49","modified_gmt":"2026-04-08T09:14:49","slug":"ayaneo-pocket-ds-skaermbeskytter-kun-nederste-skaerm","status":"publish","type":"product","link":"https:\/\/ayaneo.co\/da\/product\/ayaneo-pocket-ds-skaermbeskytter-kun-nederste-skaerm\/","title":{"rendered":"AYANEO Pocket DS sk\u00e6rmbeskytter (kun nederste sk\u00e6rm)"},"content":{"rendered":"\n<p><strong>AYANEO Pocket DS Screen Protector<\/strong> er et vigtigt tilbeh\u00f8r, der er designet til at holde din konsols sekund\u00e6re sk\u00e6rm i uber\u00f8rt stand. Sk\u00e6rmbeskytteren er udviklet med henblik p\u00e5 h\u00f8j opl\u00f8sning, klarhed og pr\u00e6cision og beskytter din enhed mod hverdagens slid uden at g\u00e5 p\u00e5 kompromis med ber\u00f8ringsf\u00f8lsomheden. <\/p>\n\n<h2 class=\"wp-block-heading\"><strong>&#x26a0;&#xfe0f; Vigtig bem\u00e6rkning om kompatibilitet<\/strong><\/h2>\n\n<p>Denne sk\u00e6rmbeskytter er <strong>KUN<\/strong> designet <strong>til den anden (nederste) sk\u00e6rm.<\/strong> &gt; <strong>Til den f\u00f8rste (\u00f8verste) sk\u00e6rm:<\/strong> Ingen beskyttelse er tilg\u00e6ngelig eller anbefales, da den ekstra tykkelse vil forhindre enheden i at lukke ordentligt.<\/p>\n\n<h2 class=\"wp-block-heading\">Hvorfor v\u00e6lge AYANEO Pocket DS sk\u00e6rmbeskytter?<\/h2>\n\n<p>Uanset om du navigerer i menuer eller bruger ber\u00f8ringsintensive kontroller p\u00e5 den sekund\u00e6re sk\u00e6rm, giver denne beskytter uovertruffen holdbarhed. Med en pr\u00e6cis pasform og specialiseret bel\u00e6gning forbliver dine spilbilleder krystalklare, mens hardwaren forbliver beskyttet mod ridser og olie. <\/p>\n\n<h2 class=\"wp-block-heading\">Specifikationer<\/h2>\n\n<ul class=\"wp-block-list\">\n<li><strong>Kompatibilitet:<\/strong> AYANEO Pocket DS-konsol (nederste sk\u00e6rm)<\/li>\n\n\n\n<li><strong>Materiale:<\/strong> F\u00f8rsteklasses h\u00e6rdet glas eller film af h\u00f8j kvalitet<\/li>\n\n\n\n<li><strong>Overflade:<\/strong> Ridsefast, smudsafvisende og ultraklar<\/li>\n\n\n\n<li><strong>Montering:<\/strong> Boblefrit kl\u00e6bemiddel til problemfri p\u00e5f\u00f8ring<\/li>\n<\/ul>\n","protected":false},"excerpt":{"rendered":"<ul>\n<li><strong>Kun 2. sk\u00e6rm:<\/strong> Specialtilpasset til den nederste sk\u00e6rm, s\u00e5 enheden kan lukkes korrekt.<\/li>\n<li><strong>Beskyttelse mod ridser:<\/strong> Holdbar overflade beskytter mod brug af stylus og hverdagsslitage.<\/li>\n<li><strong>Krystalklar:<\/strong> Ultragennemsigtigt materiale sikrer levende, uafbrudte spilbilleder.<\/li>\n<li><strong>Modstandsdygtig over for pletter:<\/strong> Oleofobisk bel\u00e6gning holder touchsk\u00e6rmen fri for fingeraftryk og olie.<\/li>\n<li><strong>Nem p\u00e5f\u00f8ring:<\/strong> Hurtig, boblefri installation for en s\u00f8ml\u00f8s, professionel pasform.<\/li>\n<\/ul>\n[cg_accordion title=\"INFO OM BETALING\"]<\/p>\n<p>Vi bruger den nyeste teknologi inden for betalingsbehandling, som giver dig mulighed for at betale via Apple Pay, Google Pay, dit betalings-\/kreditkort, PayPal eller BNPL-metoder som Klarna, Affirm eller AfterPay for en hurtig og sikker oplevelse.[\/cg_accordion]\n[cg_accordion title=\"GARANTI\"]<\/p>\n<p>1 \u00e5rs garanti fra <a href=\"https:\/\/droix.net\/\" target=\"_blank\" rel=\"nofollow noopener\">DROIX Global<\/a> for at give dig ro i sindet[\/cg_accordion]\n[cg_accordion title=\"KVALITETSSIKRING OG TEST F\u00d8R AFSENDELSE\"]<\/p>\n<p>Sikrer kundetilfredshed p\u00e5 h\u00f8jeste niveau: Hver enhed gennemg\u00e5r strenge tests og en flerpunkts kvalitetssikringskontrol, f\u00f8r den sendes. Vores dedikerede team verificerer ydeevne, funktionalitet og komponentintegritet for at garantere, at din AYANEO-enhed er i perfekt stand ved ankomsten, hvilket giver dig tillid og ro i sindet. [\/cg_accordion]\n[cg_accordion title=\"PRISER, AFGIFTER OG FORSENDELSE\"]<\/p>\n<p><strong><u>Bem\u00e6rk:<\/u><\/strong><\/p>\n<ul>\n<li>Kunder i USA: Den viste pris inkluderer IKKE SKAT eller afgifter. Ansvaret for at toldbehandle og betale eventuelle tilknyttede skatter\/afgifter ligger hos kunden. <\/li>\n<li>EU-kunder: Den viste pris inkluderer g\u00e6ldende SKAT, som kan v\u00e6re op til 25% afh\u00e6ngigt af dit land.<\/li>\n<li>Kunder i Canada: Den viste pris inkluderer g\u00e6ldende skatter, som kan omfatte 5% GST og yderligere provinsielle salgsafgifter (PST), harmoniseret salgsafgift (HST) eller Quebec Sales Tax (QST), afh\u00e6ngigt af din provins.<\/li>\n<\/ul>\n<p>For vores kunder i USA: Ordrer afsendes DAP (Delivered At Place). Kunderne er ansvarlige for at betale alle g\u00e6ldende afgifter, men vi tr\u00e6kker p\u00e5 vores omfattende erfaring med forsendelse fra Storbritannien for at sikre, at du betaler mindst muligt. Baseret p\u00e5 vores registreringer overstiger disse gebyrer typisk ikke 10 % af varens v\u00e6rdi.  <\/p>\n<p><strong>KUN for EU-kunder:<\/strong> Express DDP (Delivered Duty Paid). Dette betyder: <\/p>\n<ul>\n<li>Alle toldafgifter og skatter er inkluderet i den pris, der vises p\u00e5 produktsiden.<\/li>\n<li>Du skal ikke betale yderligere gebyrer ved levering.<\/li>\n<li>I sj\u00e6ldne tilf\u00e6lde af toldrelaterede problemer vil vores team h\u00e5ndtere fortoldningsprocessen p\u00e5 dine vegne for at sikre en problemfri leveringsoplevelse.<\/li>\n<p>Vigtig information om returnering:<\/p>\n<li>Hvis du beslutter at returnere din ordre eller anmode om refusion, skal du v\u00e6re opm\u00e6rksom p\u00e5, at skatter og afgifter, der er betalt p\u00e5 dine vegne i henhold til DDP-vilk\u00e5r, ikke kan refunderes.<\/li>\n<p>Se vores <a href=\"https:\/\/ayaneo.co\/da\/vilkaar-for-service\/\" target=\"_blank\" rel=\"nofollow noopener\">vilk\u00e5r og betingelser<\/a> for detaljerede oplysninger.\n<\/ul>\n<p>[\/cg_accordion]\n[cg_accordion title=\"KUNDESUPPORT\"]<\/p>\n<p>Har du et sp\u00f8rgsm\u00e5l? Vi er kun en kort sms v\u00e6k fra at have l\u00f8st dit problem! [\/cg_accordion]\n[cg_accordion title=\"PAKKEN INDEHOLDER\"]<\/p>\n<ul>\n<li>1x AYANEO Pocket DS sk\u00e6rmbeskytter<\/li>\n<\/ul>\n<p>[\/cg_accordion]\n","protected":false},"featured_media":43465,"template":"","meta":{"_acf_changed":false},"product_brand":[],"product_cat":[1143],"product_tag":[],"class_list":{"0":"post-44796","1":"product","2":"type-product","3":"status-publish","4":"has-post-thumbnail","6":"product_cat-tilbehor","7":"product_shipping_class-low-end","8":"pa_accessory-type-screen-protector-da","9":"pa_brand-ayaneo","11":"first","12":"instock","13":"sale","14":"taxable","15":"shipping-taxable","16":"purchasable","17":"product-type-simple"},"acf":[],"_links":{"self":[{"href":"https:\/\/ayaneo.co\/da\/wp-json\/wp\/v2\/product\/44796","targetHints":{"allow":["GET"]}}],"collection":[{"href":"https:\/\/ayaneo.co\/da\/wp-json\/wp\/v2\/product"}],"about":[{"href":"https:\/\/ayaneo.co\/da\/wp-json\/wp\/v2\/types\/product"}],"wp:featuredmedia":[{"embeddable":true,"href":"https:\/\/ayaneo.co\/da\/wp-json\/wp\/v2\/media\/43465"}],"wp:attachment":[{"href":"https:\/\/ayaneo.co\/da\/wp-json\/wp\/v2\/media?parent=44796"}],"wp:term":[{"taxonomy":"product_brand","embeddable":true,"href":"https:\/\/ayaneo.co\/da\/wp-json\/wp\/v2\/product_brand?post=44796"},{"taxonomy":"product_cat","embeddable":true,"href":"https:\/\/ayaneo.co\/da\/wp-json\/wp\/v2\/product_cat?post=44796"},{"taxonomy":"product_tag","embeddable":true,"href":"https:\/\/ayaneo.co\/da\/wp-json\/wp\/v2\/product_tag?post=44796"}],"curies":[{"name":"wp","href":"https:\/\/api.w.org\/{rel}","templated":true}]}}