{"id":47635,"date":"2026-03-23T10:44:43","date_gmt":"2026-03-23T10:44:43","guid":{"rendered":"https:\/\/ayaneo.co\/product\/usb5-kabel-80gbps-240w-8k-60hz-thunderbolt-5-kompatibel\/"},"modified":"2026-04-24T10:35:14","modified_gmt":"2026-04-24T10:35:14","slug":"usb5-kabel-80gbps-240w-8k-60hz-thunderbolt-5-kompatibel","status":"publish","type":"product","link":"https:\/\/ayaneo.co\/da\/product\/usb5-kabel-80gbps-240w-8k-60hz-thunderbolt-5-kompatibel\/","title":{"rendered":"USB5-kabel 80Gbps 240W | 8K 60Hz Thunderbolt 5-kompatibel"},"content":{"rendered":"\n<h2 class=\"wp-block-heading\">USB5-kabel 80Gbps 240W: Den ultimative Thunderbolt 5-l\u00f8sning til professionelle workflows<\/h2>\n\n<p id=\"p-rc_98f34dcd8f33ef71-24\"><strong>USB5 Cable 80Gbps 240W<\/strong> repr\u00e6senterer et monumentalt spring i forbindelsesteknologi for power-brugere. Fordi moderne hardware kr\u00e6ver hidtil usete hastigheder, er dette kabel konstrueret til at opfylde de nyeste Thunderbolt 5- og USB4 2.0-standarder. Det giver en massiv b\u00e5ndbredde p\u00e5 80 Gbps i begge retninger, hvilket effektivt fordobler ydelsen i forhold til tidligere generationer.  <sup><\/sup>  Derfor kan du nu overf\u00f8re massive 8K-videofiler eller projektbiblioteker p\u00e5 en br\u00f8kdel af den tid, det tidligere tog.<\/p>\n\n<h2 class=\"wp-block-heading\">Hvordan optimerer USB5-kablet 80Gbps 240W din sk\u00e6rmops\u00e6tning?<\/h2>\n\n<p id=\"p-rc_98f34dcd8f33ef71-25\">Visuelle fagfolk vil opdage, at <strong>USB5 Cable 80Gbps 240W<\/strong> er et vigtigt v\u00e6rkt\u00f8j til multitasking i h\u00f8j opl\u00f8sning. Dette kabel underst\u00f8tter den avancerede DisplayPort 2.1-protokol, hvilket giver mulighed for et enkelt 8K 60Hz-output eller endda dobbelte 8K-konfigurationer. <sup><\/sup>  Desuden kan den innovative &#8220;Bandwidth Boost\"-teknologi omkonfigurere databanerne.<sup><\/sup>  Det g\u00f8r det muligt for kablet at levere op til 120 Gbps til sk\u00e6rmtunge opgaver og samtidig opretholde en robust 40 Gbps til datareturnering.<sup><\/sup><\/p>\n\n<p>Professionelle arbejdsgange forbedres betydeligt af denne fleksibilitet. Mens en sk\u00e6rm med h\u00f8j opdateringshastighed drives, sikrer <strong>USB5 Cable 80Gbps 240W<\/strong>, at ekstern lagring forbliver responsiv. P\u00e5 grund af PAM3-signalkodning opretholdes dataintegriteten selv ved disse svimlende hastigheder. Derfor h\u00f8rer flimrende sk\u00e6rme og datakorruption fortiden til.   <\/p>\n\n<h2 class=\"wp-block-heading\">Uovertruffen 240W str\u00f8mforsyning og byggekvalitet<\/h2>\n\n<p id=\"p-rc_98f34dcd8f33ef71-26\">Opladningsmulighederne er blevet radikalt forbedret med denne nye standard. <strong>USB5 Cable 80Gbps 240W<\/strong> underst\u00f8tter de seneste PD 3.1 Extended Power Range (EPR)-specifikationer.<sup><\/sup> Det betyder, at op til 240 W str\u00f8m kan kanaliseres sikkert gennem kablet til din enhed. Dermed kan selv de mest str\u00f8mslugende b\u00e6rbare gaming-computere oplades ved fuld hastighed uden brug af et propriet\u00e6rt &#8220;murstens\"-stik.  <\/p>\n\n<p id=\"p-rc_98f34dcd8f33ef71-27\">Holdbarhed var tydeligvis en prioritet under designet af <strong>USB5 Cable 80Gbps 240W<\/strong>. De interne ledninger er beskyttet af en flettet legeringsafsk\u00e6rmning med h\u00f8j densitet for at minimere elektromagnetisk interferens. <sup><\/sup>  Derudover er yderkappen konstrueret af fleksibel TPE, som er testet til at kunne modst\u00e5 over 2.000 b\u00f8jningscyklusser.<sup><\/sup>  Da stikkene er nikkelbelagte, kan de klare over 10.000 inds\u00e6ttelser, hvilket sikrer en p\u00e5lidelig forbindelse i mange \u00e5r fremover.<\/p>\n\n<h2 class=\"wp-block-heading\">Fremtidssikr dit udstyr med USB5-kablet 80Gbps 240W<\/h2>\n\n<p id=\"p-rc_98f34dcd8f33ef71-28\">Kompatibilitet er aldrig et problem med dette alsidige tilbeh\u00f8r. Selv om det er bygget til fremtiden, er <strong>USB5 Cable 80Gbps 240W<\/strong> fuldt bagudkompatibelt med <a href=\"https:\/\/www.intel.com\/content\/www\/us\/en\/gaming\/resources\/upgrade-gaming-accessories-thunderbolt-4.html\" target=\"_blank\" rel=\"noopener nofollow\" title=\"\">Thunderbolt 4-<\/a> og<a href=\"https:\/\/www.thunderbolttechnology.net\/blog\/thunderbolt-3-usb-c-does-it-all\" target=\"_blank\" rel=\"noopener nofollow\" title=\"\"> Thunderbolt 3-enheder<\/a>. Det fungerer ogs\u00e5 perfekt med USB4-, USB 3.2- og standard USB-C-porte. Uanset om du tilslutter en topmoderne eGPU via PCIe 4.0 eller blot synkroniserer en mobiltelefon, er ydeevnen altid optimeret.   <\/p>\n\n<p>Lad ikke ringere kabler v\u00e6re flaskehalse for din avancerede hardware og bremse din kreative proces. Du b\u00f8r sikre dig dit <strong>USB5-kabel 80Gbps 240W<\/strong> i dag for at garantere, at du er p\u00e5 forkant med udviklingen. Lagerbeholdningen af denne n\u00e6ste generations teknologi er hurtig, s\u00e5 sl\u00e5 til nu for at sikre, at din arbejdsstation er klar til 80Gbps-revolutionen. Oplev toppen af hastighed og kraft ved at bestille fra vores butik i dag!   <\/p>\n\n<p><\/p>\n","protected":false},"excerpt":{"rendered":"<ul>\n<li><strong>80 Gbps Pro Data<\/strong> - lynhurtige tovejsoverf\u00f8rsler til store filer.<\/li>\n<li><strong>240W EPR-opladning<\/strong> - Fuld PD 3.1-underst\u00f8ttelse til h\u00f8jtydende b\u00e6rbare computere.<\/li>\n<li><strong>8K@60Hz Visuals<\/strong> - Fordybende 8K eller dobbelt 4K-sk\u00e6rm via DisplayPort 2.1.<\/li>\n<li><strong>E-Mark Safety IC<\/strong> - Intelligent chips\u00e6t sikrer stabil, varmereguleret str\u00f8m.<\/li>\n<li><strong>Zinklegering og flettet konstruktion<\/strong> - f\u00f8rsteklasses forst\u00e6rket design for maksimal holdbarhed.<\/li>\n<\/ul>\n[cg_accordion title=\"INFO OM BETALING\"]<\/p>\n<p>Vi bruger den nyeste teknologi inden for betalingsbehandling, som giver dig mulighed for at betale via Apple Pay, Google Pay, dit betalings-\/kreditkort, PayPal eller BNPL-metoder som Klarna, Affirm eller AfterPay for en hurtig og sikker oplevelse.[\/cg_accordion]\n[cg_accordion title=\"GARANTI\"]<\/p>\n<p>1 \u00e5rs garanti fra <a href=\"https:\/\/droix.net\/\" target=\"_blank\" rel=\"nofollow noopener\">DROIX Global<\/a> for at give dig ro i sindet[\/cg_accordion]\n[cg_accordion title=\"KVALITETSSIKRING OG TEST F\u00d8R AFSENDELSE\"]<\/p>\n<p>Sikrer kundetilfredshed p\u00e5 h\u00f8jeste niveau: Hver enhed gennemg\u00e5r strenge tests og en flerpunkts kvalitetssikringskontrol, f\u00f8r den sendes. Vores dedikerede team verificerer ydeevne, funktionalitet og komponentintegritet for at garantere, at din AYANEO-enhed er i perfekt stand ved ankomsten, hvilket giver dig tillid og ro i sindet. [\/cg_accordion]\n[cg_accordion title=\"PRISER, AFGIFTER OG FORSENDELSE\"]<\/p>\n<p><strong><u>Bem\u00e6rk:<\/u><\/strong><\/p>\n<ul>\n<li>Kunder i USA: Den viste pris inkluderer IKKE SKAT eller afgifter. Ansvaret for at toldbehandle og betale eventuelle tilknyttede skatter\/afgifter ligger hos kunden. <\/li>\n<li>EU-kunder: Den viste pris inkluderer g\u00e6ldende SKAT, som kan v\u00e6re op til 25% afh\u00e6ngigt af dit land.<\/li>\n<li>Kunder i Canada: Den viste pris inkluderer g\u00e6ldende skatter, som kan omfatte 5% GST og yderligere provinsielle salgsafgifter (PST), harmoniseret salgsafgift (HST) eller Quebec Sales Tax (QST), afh\u00e6ngigt af din provins.<\/li>\n<\/ul>\n<p>For vores kunder i USA: Ordrer afsendes DAP (Delivered At Place). Kunderne er ansvarlige for at betale alle g\u00e6ldende afgifter, men vi tr\u00e6kker p\u00e5 vores omfattende erfaring med forsendelse fra Storbritannien for at sikre, at du betaler mindst muligt. Baseret p\u00e5 vores registreringer overstiger disse gebyrer typisk ikke 10 % af varens v\u00e6rdi.  <\/p>\n<p><strong>KUN for EU-kunder:<\/strong> Express DDP (Delivered Duty Paid). Dette betyder: <\/p>\n<ul>\n<li>Alle toldafgifter og skatter er inkluderet i den pris, der vises p\u00e5 produktsiden.<\/li>\n<li>Du skal ikke betale yderligere gebyrer ved levering.<\/li>\n<li>I sj\u00e6ldne tilf\u00e6lde af toldrelaterede problemer vil vores team h\u00e5ndtere fortoldningsprocessen p\u00e5 dine vegne for at sikre en problemfri leveringsoplevelse.<\/li>\n<p>Vigtig information om returnering:<\/p>\n<li>Hvis du beslutter at returnere din ordre eller anmode om refusion, skal du v\u00e6re opm\u00e6rksom p\u00e5, at skatter og afgifter, der er betalt p\u00e5 dine vegne i henhold til DDP-vilk\u00e5r, ikke kan refunderes.<\/li>\n<p>Se vores <a href=\"https:\/\/ayaneo.co\/da\/vilkaar-for-service\/\" target=\"_blank\" rel=\"nofollow noopener\">vilk\u00e5r og betingelser<\/a> for detaljerede oplysninger.\n<\/ul>\n<p>[\/cg_accordion]\n[cg_accordion title=\"KUNDESUPPORT\"]<\/p>\n<p>Har du et sp\u00f8rgsm\u00e5l? Vi er kun en kort sms v\u00e6k fra at have l\u00f8st dit problem! [\/cg_accordion]\n[cg_accordion title=\"PAKKEN INDEHOLDER\"]<\/p>\n<ul>\n<li>1x USB5 Type-C-kabel | 80Gbps 240W (1m)<\/li>\n<\/ul>\n<p>[\/cg_accordion]\n","protected":false},"featured_media":45892,"template":"","meta":{"_acf_changed":false},"product_brand":[],"product_cat":[1143],"product_tag":[],"class_list":{"0":"post-47635","1":"product","2":"type-product","3":"status-publish","4":"has-post-thumbnail","6":"product_cat-tilbehor","7":"product_shipping_class-low-end","9":"first","10":"instock","11":"sale","12":"taxable","13":"shipping-taxable","14":"purchasable","15":"product-type-simple"},"acf":[],"_links":{"self":[{"href":"https:\/\/ayaneo.co\/da\/wp-json\/wp\/v2\/product\/47635","targetHints":{"allow":["GET"]}}],"collection":[{"href":"https:\/\/ayaneo.co\/da\/wp-json\/wp\/v2\/product"}],"about":[{"href":"https:\/\/ayaneo.co\/da\/wp-json\/wp\/v2\/types\/product"}],"wp:featuredmedia":[{"embeddable":true,"href":"https:\/\/ayaneo.co\/da\/wp-json\/wp\/v2\/media\/45892"}],"wp:attachment":[{"href":"https:\/\/ayaneo.co\/da\/wp-json\/wp\/v2\/media?parent=47635"}],"wp:term":[{"taxonomy":"product_brand","embeddable":true,"href":"https:\/\/ayaneo.co\/da\/wp-json\/wp\/v2\/product_brand?post=47635"},{"taxonomy":"product_cat","embeddable":true,"href":"https:\/\/ayaneo.co\/da\/wp-json\/wp\/v2\/product_cat?post=47635"},{"taxonomy":"product_tag","embeddable":true,"href":"https:\/\/ayaneo.co\/da\/wp-json\/wp\/v2\/product_tag?post=47635"}],"curies":[{"name":"wp","href":"https:\/\/api.w.org\/{rel}","templated":true}]}}