{"id":48667,"date":"2026-05-08T12:11:58","date_gmt":"2026-05-08T12:11:58","guid":{"rendered":"https:\/\/ayaneo.co\/product\/droix-140w-usb-c-vaegoplader\/"},"modified":"2026-05-13T11:25:58","modified_gmt":"2026-05-13T11:25:58","slug":"droix-140w-usb-c-vaegoplader","status":"publish","type":"product","link":"https:\/\/ayaneo.co\/da\/product\/droix-140w-usb-c-vaegoplader\/","title":{"rendered":"DROIX 140W USB-C v\u00e6goplader"},"content":{"rendered":"\n<div class=\"wp-block-columns is-layout-flex wp-container-core-columns-is-layout-28f84493 wp-block-columns-is-layout-flex\">\n<div class=\"wp-block-column is-layout-flow wp-block-column-is-layout-flow\" style=\"flex-basis:33.33%\">\n<figure class=\"wp-block-image size-large\"><a href=\"https:\/\/ayaneo.co\/wp-content\/uploads\/2026\/05\/DROIX-140W-BLACK-DONE-01.png\"><img fetchpriority=\"high\" decoding=\"async\" width=\"1024\" height=\"1024\" src=\"https:\/\/ayaneo.co\/wp-content\/uploads\/2026\/05\/DROIX-140W-BLACK-DONE-01-1024x1024.png\" alt=\"En detaljeret produktgengivelse af to DROIX 140W GaN-v&#xE6;gopladere fra forskellige perspektiver, vist p&#xE5; en sort baggrund. Opladeren i forgrunden er set forfra i tre fjerdedele. Det er en mat sort blok med det amerikanske foldbare stik delvist udstrakt p&#xE5; venstre side. P&#xE5; siden st&#xE5;r der &quot;CHARGER 140W&quot; med et stort &quot;O&quot; og et lille &quot;140&quot; over &quot;O'et&quot; og DROIX-logoet under det. Den blanke, sorte forside har et centralt cirkul&#xE6;rt display med en dynamisk regnbuefarvet ring omkring den hvide tekst &quot;140 W&quot; og et lille gr&#xF8;nt opladningsikon. Under displayet er der en knap eller en LED-indikator. Baggrundsopladeren er set bagfra i tre fjerdedele og viser portene og tekstdetaljer. Den viser omfattende tekniske specifikationer p&#xE5; flere linjer og sikkerhedscertificeringer i lille hvid tekst (f.eks. modelnumre, sp&#xE6;ndings-\/str&#xF8;mv&#xE6;rdier og CE-, FCC- og UKCA-m&#xE6;rker). Denne enhed viser sine fire udgangsporte: fra top til bund, en orangefarvet USB-A-port m&#xE6;rket med lille tekst &quot;22.5W Max&quot;, efterfulgt af tre USB-C-porte m&#xE6;rket i r&#xE6;kkef&#xF8;lge &quot;40W&quot;, &quot;100W&quot; og &quot;140W&quot;. Begge enheder har ventilationsgitre p&#xE5; toppen. Denne sammens&#xE6;tning giver et omfattende overblik over opladerens branding, display og portfunktioner.          \" class=\"wp-image-47708\" srcset=\"https:\/\/ayaneo.co\/wp-content\/uploads\/2026\/05\/DROIX-140W-BLACK-DONE-01-1024x1024.png 1024w, https:\/\/ayaneo.co\/wp-content\/uploads\/2026\/05\/DROIX-140W-BLACK-DONE-01-300x300.png 300w, https:\/\/ayaneo.co\/wp-content\/uploads\/2026\/05\/DROIX-140W-BLACK-DONE-01-150x150.png 150w, https:\/\/ayaneo.co\/wp-content\/uploads\/2026\/05\/DROIX-140W-BLACK-DONE-01-768x768.png 768w, https:\/\/ayaneo.co\/wp-content\/uploads\/2026\/05\/DROIX-140W-BLACK-DONE-01-65x65.png 65w, https:\/\/ayaneo.co\/wp-content\/uploads\/2026\/05\/DROIX-140W-BLACK-DONE-01-990x990.png 990w, https:\/\/ayaneo.co\/wp-content\/uploads\/2026\/05\/DROIX-140W-BLACK-DONE-01-441x441.png 441w, https:\/\/ayaneo.co\/wp-content\/uploads\/2026\/05\/DROIX-140W-BLACK-DONE-01-100x100.png 100w, https:\/\/ayaneo.co\/wp-content\/uploads\/2026\/05\/DROIX-140W-BLACK-DONE-01-600x600.png 600w, https:\/\/ayaneo.co\/wp-content\/uploads\/2026\/05\/DROIX-140W-BLACK-DONE-01.png 1500w\" sizes=\"(max-width: 1024px) 100vw, 1024px\" \/><\/a><\/figure>\n<\/div>\n\n\n\n<div class=\"wp-block-column is-layout-flow wp-block-column-is-layout-flow\" style=\"flex-basis:66.66%\">\n<h2 class=\"wp-block-heading\"><strong><strong>DROIX 140W USB-C GaN-v\u00e6goplader: Den ultimative h\u00f8jtydende str\u00f8mhub<\/strong><\/strong><\/h2>\n\n\n\n<p>DROIX 140W USB-C v\u00e6goplader er det definitive svar p\u00e5 &#8220;opladerrodet\". Dette kompakte kraftv\u00e6rk er udviklet til den n\u00e6ste generation af str\u00f8mbrugere og bruger Gallium Nitride (GaN)-halvledere til at levere et massivt output uden at fylde mere end traditionelle siliciumklodser. Uanset om du presser en h\u00f8jtydende <a href=\"https:\/\/ayaneo.co\/da\/product\/ayaneo-3\/\" target=\"_blank\" rel=\"noreferrer noopener\">AYANEO 3<\/a> til det yderste eller hurtigoplader en professionel b\u00e6rbar computer, giver denne oplader den n\u00f8dvendige plads til at yde sit ypperste. Sig farvel til en taske fuld af uensartede adaptere og goddag til en elegant, h\u00f8jeffektiv l\u00f8sning.   <\/p>\n<\/div>\n<\/div>\n\n<h2 class=\"wp-block-heading has-text-align-center\"><strong>Opdag, hvorfor DROIX 140W USB-C-v\u00e6gopladeren er din vigtigste globale f\u00f8lgesvend<\/strong><\/h2>\n\n<div class=\"wp-block-columns is-layout-flex wp-container-core-columns-is-layout-28f84493 wp-block-columns-is-layout-flex\">\n<div class=\"wp-block-column is-layout-flow wp-block-column-is-layout-flow\">\n<figure class=\"wp-block-image size-large\"><a href=\"https:\/\/ayaneo.co\/wp-content\/uploads\/2026\/05\/DROIX-140W-MARKETING-DONE-05.jpg\"><img decoding=\"async\" width=\"1024\" height=\"1024\" src=\"https:\/\/ayaneo.co\/wp-content\/uploads\/2026\/05\/DROIX-140W-MARKETING-DONE-05-1024x1024.jpg\" alt=\"Droix 140W-oplader med foldbare EU\/US-stik og dimensioner vist p&#xE5; en hvid baggrund\" class=\"wp-image-47738\" srcset=\"https:\/\/ayaneo.co\/wp-content\/uploads\/2026\/05\/DROIX-140W-MARKETING-DONE-05-1024x1024.jpg 1024w, https:\/\/ayaneo.co\/wp-content\/uploads\/2026\/05\/DROIX-140W-MARKETING-DONE-05-300x300.jpg 300w, https:\/\/ayaneo.co\/wp-content\/uploads\/2026\/05\/DROIX-140W-MARKETING-DONE-05-150x150.jpg 150w, https:\/\/ayaneo.co\/wp-content\/uploads\/2026\/05\/DROIX-140W-MARKETING-DONE-05-768x768.jpg 768w, https:\/\/ayaneo.co\/wp-content\/uploads\/2026\/05\/DROIX-140W-MARKETING-DONE-05-65x65.jpg 65w, https:\/\/ayaneo.co\/wp-content\/uploads\/2026\/05\/DROIX-140W-MARKETING-DONE-05-990x990.jpg 990w, https:\/\/ayaneo.co\/wp-content\/uploads\/2026\/05\/DROIX-140W-MARKETING-DONE-05-441x441.jpg 441w, https:\/\/ayaneo.co\/wp-content\/uploads\/2026\/05\/DROIX-140W-MARKETING-DONE-05-100x100.jpg 100w, https:\/\/ayaneo.co\/wp-content\/uploads\/2026\/05\/DROIX-140W-MARKETING-DONE-05-600x600.jpg 600w, https:\/\/ayaneo.co\/wp-content\/uploads\/2026\/05\/DROIX-140W-MARKETING-DONE-05.jpg 1500w\" sizes=\"(max-width: 1024px) 100vw, 1024px\" \/><\/a><\/figure>\n<\/div>\n\n\n\n<div class=\"wp-block-column is-layout-flow wp-block-column-is-layout-flow\">\n<figure class=\"wp-block-image size-large\"><a href=\"https:\/\/ayaneo.co\/wp-content\/uploads\/2026\/05\/DROIX-140W-MARKETING-DONE-012.jpg\"><img decoding=\"async\" width=\"1024\" height=\"1024\" src=\"https:\/\/ayaneo.co\/wp-content\/uploads\/2026\/05\/DROIX-140W-MARKETING-DONE-012-1024x1024.jpg\" alt=\"En DROIX 140W USB-C-v&#xE6;goplader tilsluttet en stikkontakt og oplader samtidig fire enheder, herunder en b&#xE6;rbar computer, en tablet, en smartphone og et smartwatch. Billedet fremh&#xE6;ver muligheden for &quot;4 Devices Simultaneous Charging&quot; med fire kabler tilsluttet i bunden af enheden. \" class=\"wp-image-47768\" srcset=\"https:\/\/ayaneo.co\/wp-content\/uploads\/2026\/05\/DROIX-140W-MARKETING-DONE-012-1024x1024.jpg 1024w, https:\/\/ayaneo.co\/wp-content\/uploads\/2026\/05\/DROIX-140W-MARKETING-DONE-012-300x300.jpg 300w, https:\/\/ayaneo.co\/wp-content\/uploads\/2026\/05\/DROIX-140W-MARKETING-DONE-012-150x150.jpg 150w, https:\/\/ayaneo.co\/wp-content\/uploads\/2026\/05\/DROIX-140W-MARKETING-DONE-012-768x768.jpg 768w, https:\/\/ayaneo.co\/wp-content\/uploads\/2026\/05\/DROIX-140W-MARKETING-DONE-012-65x65.jpg 65w, https:\/\/ayaneo.co\/wp-content\/uploads\/2026\/05\/DROIX-140W-MARKETING-DONE-012-990x990.jpg 990w, https:\/\/ayaneo.co\/wp-content\/uploads\/2026\/05\/DROIX-140W-MARKETING-DONE-012-441x441.jpg 441w, https:\/\/ayaneo.co\/wp-content\/uploads\/2026\/05\/DROIX-140W-MARKETING-DONE-012-100x100.jpg 100w, https:\/\/ayaneo.co\/wp-content\/uploads\/2026\/05\/DROIX-140W-MARKETING-DONE-012-600x600.jpg 600w, https:\/\/ayaneo.co\/wp-content\/uploads\/2026\/05\/DROIX-140W-MARKETING-DONE-012.jpg 1500w\" sizes=\"(max-width: 1024px) 100vw, 1024px\" \/><\/a><\/figure>\n<\/div>\n<\/div>\n\n<p class=\"has-text-align-left\">B\u00e6rbarhed er kernen i vores design. DROIX 140W USB-C GaN Charger m\u00e5ler kun 71 mm og er betydeligt mindre end en standard 16&#8243; b\u00e6rbar computer, men den har alligevel muskler nok til at oplade en MacBook Pro 16&#8243; ved fuld hastighed. <\/p>\n\n<p class=\"has-text-align-left\">Det innovative snap-on-system er en game-changer til internationale rejser. Du kan nemt skifte mellem UK-, EU-, US- og AUS-stik p\u00e5 f\u00e5 sekunder. Fra en caf\u00e9 i London til et hotel i Sydney kan du rejse med fuld tillid til, at din iPhone 16, iPhone 17 og Nintendo Switch 2 forbliver opladet og klar til action.  <\/p>\n\n<h2 class=\"wp-block-heading has-text-align-center\"><strong>Optimeret str\u00f8mfordeling via DROIX 140W USB-C v\u00e6goplader<\/strong><\/h2>\n\n<div class=\"wp-block-columns is-layout-flex wp-container-core-columns-is-layout-28f84493 wp-block-columns-is-layout-flex\">\n<div class=\"wp-block-column is-layout-flow wp-block-column-is-layout-flow\">\n<figure class=\"wp-block-image size-large\"><a href=\"https:\/\/ayaneo.co\/wp-content\/uploads\/2026\/05\/DROIX-140W-MARKETING-DONE-011.jpg\"><img loading=\"lazy\" decoding=\"async\" width=\"1024\" height=\"1024\" src=\"https:\/\/ayaneo.co\/wp-content\/uploads\/2026\/05\/DROIX-140W-MARKETING-DONE-011-1024x1024.jpg\" alt=\"Et n&#xE6;rbillede af den s&#xF8;lvfarvede DROIX 140W-oplader, der viser de fire porte og det integrerede visuelle display. Teksten understreger &quot;140W PD 3.1&quot;-teknologien og fremh&#xE6;ver dens evne til automatisk tilpasning og hurtig opladning af h&#xF8;jtydende b&#xE6;rbare computere. \" class=\"wp-image-47798\" srcset=\"https:\/\/ayaneo.co\/wp-content\/uploads\/2026\/05\/DROIX-140W-MARKETING-DONE-011-1024x1024.jpg 1024w, https:\/\/ayaneo.co\/wp-content\/uploads\/2026\/05\/DROIX-140W-MARKETING-DONE-011-300x300.jpg 300w, https:\/\/ayaneo.co\/wp-content\/uploads\/2026\/05\/DROIX-140W-MARKETING-DONE-011-150x150.jpg 150w, https:\/\/ayaneo.co\/wp-content\/uploads\/2026\/05\/DROIX-140W-MARKETING-DONE-011-768x768.jpg 768w, https:\/\/ayaneo.co\/wp-content\/uploads\/2026\/05\/DROIX-140W-MARKETING-DONE-011-65x65.jpg 65w, https:\/\/ayaneo.co\/wp-content\/uploads\/2026\/05\/DROIX-140W-MARKETING-DONE-011-990x990.jpg 990w, https:\/\/ayaneo.co\/wp-content\/uploads\/2026\/05\/DROIX-140W-MARKETING-DONE-011-441x441.jpg 441w, https:\/\/ayaneo.co\/wp-content\/uploads\/2026\/05\/DROIX-140W-MARKETING-DONE-011-100x100.jpg 100w, https:\/\/ayaneo.co\/wp-content\/uploads\/2026\/05\/DROIX-140W-MARKETING-DONE-011-600x600.jpg 600w, https:\/\/ayaneo.co\/wp-content\/uploads\/2026\/05\/DROIX-140W-MARKETING-DONE-011.jpg 1500w\" sizes=\"(max-width: 1024px) 100vw, 1024px\" \/><\/a><\/figure>\n<\/div>\n\n\n\n<div class=\"wp-block-column is-layout-flow wp-block-column-is-layout-flow\">\n<figure class=\"wp-block-image size-large\"><a href=\"https:\/\/ayaneo.co\/wp-content\/uploads\/2026\/05\/DROIX-140W-MARKETING-DONE-09.jpg\"><img loading=\"lazy\" decoding=\"async\" width=\"1024\" height=\"1024\" src=\"https:\/\/ayaneo.co\/wp-content\/uploads\/2026\/05\/DROIX-140W-MARKETING-DONE-09-1024x1024.jpg\" alt=\"En infografik med titlen &quot;Smart Visual Charger&quot; viser de forskellige realtidsvisningstilstande for DROIX 140W-opladeren. Den beskriver gr&#xE6;nsefladesk&#xE6;rmene for str&#xF8;moutput pr. port, samlet brugstid (88H), termisk sundhedsstatus og dynamiske opladningsikoner. \" class=\"wp-image-47828\" srcset=\"https:\/\/ayaneo.co\/wp-content\/uploads\/2026\/05\/DROIX-140W-MARKETING-DONE-09-1024x1024.jpg 1024w, https:\/\/ayaneo.co\/wp-content\/uploads\/2026\/05\/DROIX-140W-MARKETING-DONE-09-300x300.jpg 300w, https:\/\/ayaneo.co\/wp-content\/uploads\/2026\/05\/DROIX-140W-MARKETING-DONE-09-150x150.jpg 150w, https:\/\/ayaneo.co\/wp-content\/uploads\/2026\/05\/DROIX-140W-MARKETING-DONE-09-768x768.jpg 768w, https:\/\/ayaneo.co\/wp-content\/uploads\/2026\/05\/DROIX-140W-MARKETING-DONE-09-65x65.jpg 65w, https:\/\/ayaneo.co\/wp-content\/uploads\/2026\/05\/DROIX-140W-MARKETING-DONE-09-990x990.jpg 990w, https:\/\/ayaneo.co\/wp-content\/uploads\/2026\/05\/DROIX-140W-MARKETING-DONE-09-441x441.jpg 441w, https:\/\/ayaneo.co\/wp-content\/uploads\/2026\/05\/DROIX-140W-MARKETING-DONE-09-100x100.jpg 100w, https:\/\/ayaneo.co\/wp-content\/uploads\/2026\/05\/DROIX-140W-MARKETING-DONE-09-600x600.jpg 600w, https:\/\/ayaneo.co\/wp-content\/uploads\/2026\/05\/DROIX-140W-MARKETING-DONE-09.jpg 1500w\" sizes=\"(max-width: 1024px) 100vw, 1024px\" \/><\/a><\/figure>\n<\/div>\n<\/div>\n\n<p>Ved at udnytte avanceret GaN-halvlederteknologi opn\u00e5r denne bedste 140w usb c-oplader branchef\u00f8rende effektivitet med betydeligt lavere varmeudvikling. Den underst\u00f8tter PD 3.1-standarden og er fuldt optimeret til de mest str\u00f8mkr\u00e6vende enheder i 2026, herunder <a href=\"https:\/\/ayaneo.co\/da\/product\/ayaneo-pocket-evo\/\" target=\"_blank\" rel=\"noreferrer noopener\">AYANEO Pocket EVO<\/a> og <a href=\"https:\/\/ayaneo.co\/da\/product\/ayaneo-pocket-s2\/\" target=\"_blank\" rel=\"noreferrer noopener\">AYANEO Pocket S2.<\/a> <\/p>\n\n<p>Smart drypvis opladning: Skifter automatisk tilstand ved 80 % kapacitet for at bevare batteriets levetid p\u00e5 din dyre hardware.<\/p>\n\n<p>Termisk fremragende: GaN-arkitekturen minimerer termisk stress og holder dine MacBooks og <a href=\"https:\/\/ayaneo.co\/da\/product\/konkr-pocket-fit\/\" target=\"_blank\" rel=\"noreferrer noopener\">KONKR Pocket FIT<\/a> i topform i \u00e5revis.<\/p>\n\n<h2 class=\"wp-block-heading has-text-align-center\"><strong><strong>Hardwarespecifikationer og effekt for DROIX 140W USB-C v\u00e6goplader<\/strong><\/strong><\/h2>\n\n<div class=\"wp-block-columns is-layout-flex wp-container-core-columns-is-layout-28f84493 wp-block-columns-is-layout-flex\">\n<div class=\"wp-block-column is-layout-flow wp-block-column-is-layout-flow\">\n<figure class=\"wp-block-image size-large\"><a href=\"https:\/\/ayaneo.co\/wp-content\/uploads\/2026\/05\/DROIX-140W-MARKETING-DONE-07.jpg\"><img loading=\"lazy\" decoding=\"async\" width=\"1024\" height=\"1024\" src=\"https:\/\/ayaneo.co\/wp-content\/uploads\/2026\/05\/DROIX-140W-MARKETING-DONE-07-1024x1024.jpg\" alt=\"En omfattende teknisk infografik, der beskriver effekten og fordelingen af DROIX 140W-opladeren. Den &#xF8;verste sektion viser den maksimale individuelle effekt og sp&#xE6;nding\/str&#xF8;mspecifikationer for port C1 (140W), C2 (100W), C3 (40W) og USB-A (22,5W). De nederste sektioner indeholder ti diagrammer, der viser n&#xF8;jagtigt, hvordan effekten deles og opdeles p&#xE5; tv&#xE6;rs af forskellige dobbelt-, tredobbelt- og fireportskonfigurationer.  \" class=\"wp-image-47858\" srcset=\"https:\/\/ayaneo.co\/wp-content\/uploads\/2026\/05\/DROIX-140W-MARKETING-DONE-07-1024x1024.jpg 1024w, https:\/\/ayaneo.co\/wp-content\/uploads\/2026\/05\/DROIX-140W-MARKETING-DONE-07-300x300.jpg 300w, https:\/\/ayaneo.co\/wp-content\/uploads\/2026\/05\/DROIX-140W-MARKETING-DONE-07-150x150.jpg 150w, https:\/\/ayaneo.co\/wp-content\/uploads\/2026\/05\/DROIX-140W-MARKETING-DONE-07-768x768.jpg 768w, https:\/\/ayaneo.co\/wp-content\/uploads\/2026\/05\/DROIX-140W-MARKETING-DONE-07-65x65.jpg 65w, https:\/\/ayaneo.co\/wp-content\/uploads\/2026\/05\/DROIX-140W-MARKETING-DONE-07-990x990.jpg 990w, https:\/\/ayaneo.co\/wp-content\/uploads\/2026\/05\/DROIX-140W-MARKETING-DONE-07-441x441.jpg 441w, https:\/\/ayaneo.co\/wp-content\/uploads\/2026\/05\/DROIX-140W-MARKETING-DONE-07-100x100.jpg 100w, https:\/\/ayaneo.co\/wp-content\/uploads\/2026\/05\/DROIX-140W-MARKETING-DONE-07-600x600.jpg 600w, https:\/\/ayaneo.co\/wp-content\/uploads\/2026\/05\/DROIX-140W-MARKETING-DONE-07.jpg 1500w\" sizes=\"(max-width: 1024px) 100vw, 1024px\" \/><\/a><\/figure>\n<\/div>\n\n\n\n<div class=\"wp-block-column is-layout-flow wp-block-column-is-layout-flow\">\n<figure class=\"wp-block-image size-large\"><a href=\"https:\/\/ayaneo.co\/wp-content\/uploads\/2026\/05\/DROIX-140W-MARKETING-DONE-010.jpg\"><img loading=\"lazy\" decoding=\"async\" width=\"1024\" height=\"1024\" src=\"https:\/\/ayaneo.co\/wp-content\/uploads\/2026\/05\/DROIX-140W-MARKETING-DONE-010-1024x1024.jpg\" alt=\"Marketinggrafik med titlen &quot;Forst&#xE5;r dine opladningsbehov&quot;, der fremh&#xE6;ver enhedens 4 udgangsporte (3 USB-C og 1 USB-A). Billedet viser en mangfoldig samling af kompatibel elektronik, herunder en b&#xE6;rbar computer, tablets, en Nintendo Switch, smartphones, tr&#xE5;dl&#xF8;se &#xF8;retelefoner, en drone og et gimbal-kamera, hvilket demonstrerer opladerens alsidighed. \" class=\"wp-image-47888\" srcset=\"https:\/\/ayaneo.co\/wp-content\/uploads\/2026\/05\/DROIX-140W-MARKETING-DONE-010-1024x1024.jpg 1024w, https:\/\/ayaneo.co\/wp-content\/uploads\/2026\/05\/DROIX-140W-MARKETING-DONE-010-300x300.jpg 300w, https:\/\/ayaneo.co\/wp-content\/uploads\/2026\/05\/DROIX-140W-MARKETING-DONE-010-150x150.jpg 150w, https:\/\/ayaneo.co\/wp-content\/uploads\/2026\/05\/DROIX-140W-MARKETING-DONE-010-768x768.jpg 768w, https:\/\/ayaneo.co\/wp-content\/uploads\/2026\/05\/DROIX-140W-MARKETING-DONE-010-65x65.jpg 65w, https:\/\/ayaneo.co\/wp-content\/uploads\/2026\/05\/DROIX-140W-MARKETING-DONE-010-990x990.jpg 990w, https:\/\/ayaneo.co\/wp-content\/uploads\/2026\/05\/DROIX-140W-MARKETING-DONE-010-441x441.jpg 441w, https:\/\/ayaneo.co\/wp-content\/uploads\/2026\/05\/DROIX-140W-MARKETING-DONE-010-100x100.jpg 100w, https:\/\/ayaneo.co\/wp-content\/uploads\/2026\/05\/DROIX-140W-MARKETING-DONE-010-600x600.jpg 600w, https:\/\/ayaneo.co\/wp-content\/uploads\/2026\/05\/DROIX-140W-MARKETING-DONE-010.jpg 1500w\" sizes=\"(max-width: 1024px) 100vw, 1024px\" \/><\/a><\/figure>\n<\/div>\n<\/div>\n\n<p>DROIX 140W USB-C-v\u00e6gopladeren har et fleksibelt layout med fire porte til at klare flere opladningsopgaver p\u00e5 samme tid. Den f\u00f8rende USB-C1-port giver en spidseffekt p\u00e5 140 W via PD 3.1 og PPS-teknologi for maksimal hastighed. Desuden giver den anden USB-C2-port hele 100 W for at holde avancerede b\u00e6rbare computere k\u00f8rende med fuld kapacitet under intensive arbejdsbelastninger.  <\/p>\n\n<p>Derudover kan brugerne drage fordel af 40W USB-C3-porten til mellemstor elektronik som konsoller eller tablets. P\u00e5 samme m\u00e5de underst\u00f8tter USB-A-porten \u00e6ldre hardware med et output p\u00e5 22,5 W ved hj\u00e6lp af SCP- og QC 3.0-protokoller. Da alle fire porte overv\u00e5ges af intelligente sikkerhedssystemer, er din hardware altid beskyttet mod elektrisk skade. Derfor betragtes DROIX 140W USB-C Wall Charger i vid udstr\u00e6kning som den mest effektive hub til en ops\u00e6tning med flere enheder.   <\/p>\n\n<h2 class=\"wp-block-heading has-text-align-center\"><strong>Avanceret str\u00f8msporing via DROIX 140W USB-C-v\u00e6gopladerens integrerede display<\/strong><\/h2>\n\n<p>Hold dig informeret med DROIX 140W USB-C v\u00e6goplader, som giver vigtige opladningsstatistikker i realtid. Dette integrerede, smarte visuelle display g\u00f8r det nemt at spore den samlede wattstyrke og den enkelte ports output p\u00e5 et \u00f8jeblik. Desuden hj\u00e6lper &#8220;Time of Use\"-trackeren dig med at forst\u00e5 dine personlige hardwarebrugsvaner over tid. Fordi din sikkerhed kommer i f\u00f8rste r\u00e6kke, viser gr\u00e6nsefladen tydeligt, n\u00e5r enheden befinder sig i &#8220;fremragende\" termiske zoner. Derfor beh\u00f8ver du aldrig at bekymre dig om dine tilsluttede enheders helbred.    <\/p>\n\n<h2 class=\"wp-block-heading has-text-align-center\"><strong><strong>Total sikkerhed: DROIX 140W USB-C-v\u00e6gopladerens beskyttelsespakke i flere lag<\/strong><\/strong><\/h2>\n\n<p>DROIX 140W USB-C Wall Charger er udviklet med et kompromisl\u00f8st engagement i brugernes sikkerhed. Enheden har et slagfast, brandh\u00e6mmende pc-hus, der er designet til at modst\u00e5 rejsens strabadser. Indvendigt s\u00f8rger avancerede sensorer for konstant overv\u00e5gning af oversp\u00e6nding, overstr\u00f8m og termiske uregelm\u00e6ssigheder.  <\/p>\n\n<p>Desuden er dine dyre mobile enheder sikret mod potentielle kortslutninger og elektromagnetisk interferens. Derfor kan du altid stole p\u00e5, at enheden leverer stabil, ren energi uden risiko for at beskadige f\u00f8lsomme komponenter. Denne omhyggelige opm\u00e6rksomhed p\u00e5 sikkerhed giver dig mulighed for at oplade dit udstyr med absolut tillid.  <\/p>\n\n<h2 class=\"wp-block-heading has-text-align-center\"><strong>Opgrader dit rejses\u00e6t: G\u00f8r krav p\u00e5 din DROIX 140W USB-C-v\u00e6goplader nu<\/strong><\/h2>\n\n<p>Det er tid til at forenkle din ops\u00e6tning. DROIX 140W USB-C Wall Charger er det eneste v\u00e6rkt\u00f8j, der kr\u00e6ves for at holde dit professionelle kontor eller din elite gaming rig k\u00f8rende p\u00e5 100%. P\u00e5 grund af den store eftersp\u00f8rgsel p\u00e5 denne alt-i-en GaN-l\u00f8sning er lagerbeholdningen hurtig.  <\/p>\n\n<p>Opdag, hvordan DROIX 140W USB-C GaN-v\u00e6gopladeren \u00e6ndrer spillet.<strong><a href=\"https:\/\/ayaneo.co\/?p=48198\" target=\"_blank\" rel=\"noreferrer noopener\">L\u00e6s mere p\u00e5 vores blog!<\/a><\/strong><\/p>\n","protected":false},"excerpt":{"rendered":"<ul>\n<li><strong>140W PD 3.1 Power<\/strong> - Oplad hurtigt h\u00f8jtydende b\u00e6rbare computere og gaming-h\u00e5ndholdte med maksimal hastighed.<\/li>\n<li><strong>Alsidighed<\/strong> med fire porte - Giv str\u00f8m til fire enheder samtidig via tre USB-C-porte og en USB-A-port.<\/li>\n<li><strong>Live Visual Display<\/strong> - Overv\u00e5g wattforbrug, termisk status og opladningstilstande i realtid med et enkelt blik.<\/li>\n<li><strong>Global Travel System<\/strong> - Indeholder udskiftelige snap-on-stikadaptere til UK, EU, USA og AUS.<\/li>\n<li><strong>Avanceret sikkerheds-IC<\/strong> - Flerlagsbeskyttelse sikrer stabil, varmereguleret str\u00f8m til din hardware.<\/li>\n<\/ul>\n[cg_accordion title=\"INFO OM BETALING\"]<\/p>\n<p>Vi bruger den nyeste teknologi inden for betalingsbehandling, som giver dig mulighed for at betale via Apple Pay, Google Pay, dit betalings-\/kreditkort, PayPal eller BNPL-metoder som Klarna, Affirm eller AfterPay for en hurtig og sikker oplevelse.[\/cg_accordion]\n[cg_accordion title=\"GARANTI\"]<\/p>\n<p>1 \u00e5rs garanti fra <a href=\"https:\/\/droix.net\/\" target=\"_blank\" rel=\"nofollow noopener\">DROIX Global<\/a> for at give dig ro i sindet[\/cg_accordion]\n[cg_accordion title=\"KVALITETSSIKRING OG TEST F\u00d8R AFSENDELSE\"]<\/p>\n<p>Sikrer kundetilfredshed p\u00e5 h\u00f8jeste niveau: Hver enhed gennemg\u00e5r strenge tests og en flerpunkts kvalitetssikringskontrol, f\u00f8r den sendes. Vores dedikerede team verificerer ydeevne, funktionalitet og komponentintegritet for at garantere, at din AYANEO-enhed er i perfekt stand ved ankomsten, hvilket giver dig tillid og ro i sindet. [\/cg_accordion]\n[cg_accordion title=\"PRISER, AFGIFTER OG FORSENDELSE\"]<\/p>\n<p><strong><u>Bem\u00e6rk:<\/u><\/strong><\/p>\n<ul>\n<li>Kunder i USA: Den viste pris inkluderer IKKE SKAT eller afgifter. Ansvaret for at toldbehandle og betale eventuelle tilknyttede skatter\/afgifter ligger hos kunden. <\/li>\n<li>EU-kunder: Den viste pris inkluderer g\u00e6ldende SKAT, som kan v\u00e6re op til 25% afh\u00e6ngigt af dit land.<\/li>\n<li>Kunder i Canada: Den viste pris inkluderer g\u00e6ldende skatter, som kan omfatte 5% GST og yderligere provinsielle salgsafgifter (PST), harmoniseret salgsafgift (HST) eller Quebec Sales Tax (QST), afh\u00e6ngigt af din provins.<\/li>\n<\/ul>\n<p>For vores kunder i USA: Ordrer afsendes DAP (Delivered At Place). Kunderne er ansvarlige for at betale alle g\u00e6ldende afgifter, men vi tr\u00e6kker p\u00e5 vores omfattende erfaring med forsendelse fra Storbritannien for at sikre, at du betaler mindst muligt. Baseret p\u00e5 vores registreringer overstiger disse gebyrer typisk ikke 10 % af varens v\u00e6rdi.  <\/p>\n<p><strong>KUN for EU-kunder:<\/strong> Express DDP (Delivered Duty Paid). Dette betyder: <\/p>\n<ul>\n<li>Alle toldafgifter og skatter er inkluderet i den pris, der vises p\u00e5 produktsiden.<\/li>\n<li>Du skal ikke betale yderligere gebyrer ved levering.<\/li>\n<li>I sj\u00e6ldne tilf\u00e6lde af toldrelaterede problemer vil vores team h\u00e5ndtere fortoldningsprocessen p\u00e5 dine vegne for at sikre en problemfri leveringsoplevelse.<\/li>\n<p>Vigtig information om returnering:<\/p>\n<li>Hvis du beslutter at returnere din ordre eller anmode om refusion, skal du v\u00e6re opm\u00e6rksom p\u00e5, at skatter og afgifter, der er betalt p\u00e5 dine vegne i henhold til DDP-vilk\u00e5r, ikke kan refunderes.<\/li>\n<p>Se vores <a href=\"https:\/\/ayaneo.co\/terms-of-service-2\/\" target=\"_blank\" rel=\"nofollow noopener\">vilk\u00e5r og betingelser<\/a> for detaljerede oplysninger.\n<\/ul>\n<p>[\/cg_accordion]\n[cg_accordion title=\"KUNDESUPPORT\"]<\/p>\n<p>Har du et sp\u00f8rgsm\u00e5l? Vi er kun en kort sms v\u00e6k fra at have l\u00f8st dit problem! [\/cg_accordion]\n[cg_accordion title=\"PAKKEN INDEHOLDER\"]<\/p>\n<ul>\n<li>1x DROIX 140W USB-C v\u00e6goplader<\/li>\n<li>1x UK-stikadapter<\/li>\n<li>1x EU-stikadapter<\/li>\n<li>1x brugervejledning<\/li>\n<\/ul>\n<p>[\/cg_accordion]\n","protected":false},"featured_media":47925,"template":"","meta":{"_acf_changed":false},"product_brand":[],"product_cat":[1143],"product_tag":[],"class_list":{"0":"post-48667","1":"product","2":"type-product","3":"status-publish","4":"has-post-thumbnail","6":"product_cat-tilbehor","7":"product_shipping_class-standard","9":"first","10":"onbackorder","11":"taxable","12":"shipping-taxable","13":"product-type-simple"},"acf":[],"_links":{"self":[{"href":"https:\/\/ayaneo.co\/da\/wp-json\/wp\/v2\/product\/48667","targetHints":{"allow":["GET"]}}],"collection":[{"href":"https:\/\/ayaneo.co\/da\/wp-json\/wp\/v2\/product"}],"about":[{"href":"https:\/\/ayaneo.co\/da\/wp-json\/wp\/v2\/types\/product"}],"wp:featuredmedia":[{"embeddable":true,"href":"https:\/\/ayaneo.co\/da\/wp-json\/wp\/v2\/media\/47925"}],"wp:attachment":[{"href":"https:\/\/ayaneo.co\/da\/wp-json\/wp\/v2\/media?parent=48667"}],"wp:term":[{"taxonomy":"product_brand","embeddable":true,"href":"https:\/\/ayaneo.co\/da\/wp-json\/wp\/v2\/product_brand?post=48667"},{"taxonomy":"product_cat","embeddable":true,"href":"https:\/\/ayaneo.co\/da\/wp-json\/wp\/v2\/product_cat?post=48667"},{"taxonomy":"product_tag","embeddable":true,"href":"https:\/\/ayaneo.co\/da\/wp-json\/wp\/v2\/product_tag?post=48667"}],"curies":[{"name":"wp","href":"https:\/\/api.w.org\/{rel}","templated":true}]}}