{"id":11416,"date":"2025-03-18T15:51:48","date_gmt":"2025-03-18T15:51:48","guid":{"rendered":"https:\/\/ayaneo.co\/product\/ayaneo-tasche-micro-leder-etui\/"},"modified":"2025-12-02T18:18:42","modified_gmt":"2025-12-02T18:18:42","slug":"ayaneo-tasche-micro-leder-etui","status":"publish","type":"product","link":"https:\/\/ayaneo.co\/de\/product\/ayaneo-tasche-micro-leder-etui\/","title":{"rendered":"AYANEO Pocket Micro Ledertasche"},"content":{"rendered":"\n<p>Geben Sie Ihrem <strong>AYANEO Pocket Micro<\/strong> den Schutz, den es verdient, mit dieser <strong>luxuri\u00f6sen Ledertasche<\/strong>! Diese Tasche wurde f\u00fcr eine <strong>perfekte Passform<\/strong> entworfen und kombiniert <strong>Eleganz, Haltbarkeit und Tragbarkeit<\/strong>, um Ihr Ger\u00e4t zu sch\u00fctzen und gleichzeitig ein elegantes, professionelles Aussehen zu bewahren.<\/p>\n\n<h2 class=\"wp-block-heading\" id=\"h-key-features\"><strong>Wichtige Merkmale:<\/strong><\/h2>\n\n<p><strong>Premium-Ledermaterial<\/strong> - Gefertigt aus hochwertigem Leder f\u00fcr ein anspruchsvolles, langlebiges Finish.<\/p>\n\n<p><strong>Perfekte Passform &amp; sicherer Schutz<\/strong> - Speziell f\u00fcr das AYANEO Pocket Micro angefertigt, sorgt es f\u00fcr einen <strong>passgenauen Sitz<\/strong>, der Ihr Ger\u00e4t vor Kratzern, Staub und kleinen St\u00f6\u00dfen sch\u00fctzt.<\/p>\n\n<p><strong>Weiches Innenfutter<\/strong> - Schont den Bildschirm und das Geh\u00e4use Ihres Ger\u00e4ts und verhindert unerw\u00fcnschte Abdr\u00fccke.<\/p>\n\n<p><strong>Leicht und tragbar<\/strong> - Das schlanke Design macht es einfach zu tragen und bietet gleichzeitig maximalen Schutz.<\/p>\n\n<p><strong>Magnetverschluss f\u00fcr zus\u00e4tzliche Sicherheit<\/strong> - Sorgt daf\u00fcr, dass Ihr Ger\u00e4t sicher an seinem Platz bleibt und erm\u00f6glicht gleichzeitig einen schnellen Zugriff.<\/p>\n\n<p>Werten Sie Ihr <strong>AYANEO Pocket Micro<\/strong> mit dieser <strong>stilvollen und funktionellen Ledertasche<\/strong> auf - <strong>Schutz mit einem Hauch von Eleganz!<\/strong> <\/p>\n\n<p><\/p>\n","protected":false},"excerpt":{"rendered":"<ul>\n<li><strong>Offizielle<\/strong> AYANEO Pocket Micro Schutztasche aus Leder<\/li>\n<li><strong>Premium-Leder<\/strong> - Elegant, strapazierf\u00e4hig und langlebig.<\/li>\n<li><strong>Weiches Innenfutter<\/strong> - Sch\u00fctzt vor Kratzern und Staub.<\/li>\n<li><strong>Leicht und tragbar<\/strong> - Einfach zu tragen, ohne viel Platz einzunehmen.<\/li>\n<li><strong>Magnetischer Verschluss<\/strong> - Sicherer und bequemer Zugriff.<\/li>\n<\/ul>\n[cg_accordion title=\"INFO ZUR BEZAHLUNG\"]<\/p>\n<p>Wir verwenden die neueste Technologie in der Zahlungsabwicklung, die es Ihnen erm\u00f6glicht, \u00fcber Apple Pay, Google Pay, Ihre Debit-\/Kreditkarte, PayPal oder BNPL-Methoden wie Klarna, Affirm oder AfterPay schnell und sicher zu bezahlen.[\/cg_accordion]\n[cg_accordion title=\"GARANTIE\"]<\/p>\n<p>1 Jahr Garantie von <a href=\"https:\/\/droix.net\/\" target=\"_blank\" rel=\"nofollow noopener\">DROIX Global<\/a> f\u00fcr Ihren Seelenfrieden[\/cg_accordion]\n[cg_accordion title=\"QUALIT\u00c4TSSICHERUNG &amp; TESTS VOR DER AUSLIEFERUNG\"]<\/p>\n<p>Sicherstellung der Kundenzufriedenheit auf h\u00f6chstem Niveau: Jedes Ger\u00e4t wird vor der Auslieferung strengen Tests und einer mehrstufigen Qualit\u00e4tskontrolle unterzogen. Unser engagiertes Team pr\u00fcft die Leistung, Funktionalit\u00e4t und Integrit\u00e4t der Komponenten, um zu gew\u00e4hrleisten, dass Ihr AYANEO Ger\u00e4t bei der Ankunft in einwandfreiem Zustand ist und Sie sich darauf verlassen k\u00f6nnen. [\/cg_accordion]\n[cg_accordion title=\"PREISE, STEUERN UND VERSAND\"]<\/p>\n<p><strong><u>Anmerkung:<\/u><\/strong><\/p>\n<ul>\n<li>Kunden aus den Vereinigten Staaten: Der angezeigte Preis enth\u00e4lt KEINE STEUERN oder Z\u00f6lle. Die Verantwortung f\u00fcr die Zollabfertigung und die Zahlung aller damit verbundenen Steuern und Abgaben liegt beim Kunden. <\/li>\n<li>EU-Kunden: Der angezeigte Preis enth\u00e4lt die anwendbare STEUER, die je nach Land bis zu 25% betragen kann.<\/li>\n<li>Kunden aus Kanada: Der angezeigte Preis enth\u00e4lt die anfallenden Steuern, die je nach Provinz 5% GST und zus\u00e4tzliche Provincial Sales Taxes (PST), Harmonized Sales Tax (HST) oder Quebec Sales Tax (QST) umfassen k\u00f6nnen.<\/li>\n<\/ul>\n<p><strong>NUR f\u00fcr EU-Kunden:<\/strong> Express DDP (Delivered Duty Paid). Dies bedeutet: <\/p>\n<ul>\n<li>Alle Z\u00f6lle und Steuern sind in dem auf der Produktseite angegebenen Preis enthalten.<\/li>\n<li>Sie m\u00fcssen bei der Lieferung keine zus\u00e4tzlichen Geb\u00fchren zahlen.<\/li>\n<li>Im seltenen Fall von Zollproblemen \u00fcbernimmt unser Team die Zollabfertigung in Ihrem Namen, um eine reibungslose Lieferung zu gew\u00e4hrleisten.<\/li>\n<p>Wichtige Informationen \u00fcber R\u00fccksendungen:<\/p>\n<li>Wenn Sie sich entscheiden, Ihre Bestellung zur\u00fcckzusenden oder eine R\u00fcckerstattung zu beantragen, beachten Sie bitte, dass Steuern und Abgaben, die im Rahmen von DDP in Ihrem Namen gezahlt wurden, nicht erstattet werden k\u00f6nnen.<\/li>\n<p>Detaillierte Informationen finden Sie in unseren <a href=\"https:\/\/ayaneo.co\/de\/allgemeine-geschaeftsbedingungen\/\" target=\"_blank\" rel=\"nofollow noopener\">Allgemeinen Gesch\u00e4ftsbedingungen<\/a>.\n<\/ul>\n<p>[\/cg_accordion]\n[cg_accordion title=\"KUNDENBETREUUNG\"]<\/p>\n<p>Haben Sie eine Frage? Wir sind nur eine kurze SMS davon entfernt, Ihr Problem zu l\u00f6sen! [\/cg_accordion]\n[cg_accordion title=\"PAKET ENTH\u00c4LT\"]<\/p>\n<ul>\n<li>1x AYANEO Pocket Mikro-Ledertasche<\/li>\n<\/ul>\n<p>[\/cg_accordion]\n","protected":false},"featured_media":11026,"template":"","meta":{"_acf_changed":false},"product_brand":[],"product_cat":[385],"product_tag":[],"class_list":{"0":"post-11416","1":"product","2":"type-product","3":"status-publish","4":"has-post-thumbnail","6":"product_cat-zubehor","7":"product_shipping_class-low-end","8":"pa_accessory-type-schutzhulle","9":"pa_brand-ayaneo","11":"first","12":"outofstock","13":"sale","14":"taxable","15":"shipping-taxable","16":"purchasable","17":"product-type-variable","18":"has-default-attributes"},"acf":[],"_links":{"self":[{"href":"https:\/\/ayaneo.co\/de\/wp-json\/wp\/v2\/product\/11416","targetHints":{"allow":["GET"]}}],"collection":[{"href":"https:\/\/ayaneo.co\/de\/wp-json\/wp\/v2\/product"}],"about":[{"href":"https:\/\/ayaneo.co\/de\/wp-json\/wp\/v2\/types\/product"}],"wp:featuredmedia":[{"embeddable":true,"href":"https:\/\/ayaneo.co\/de\/wp-json\/wp\/v2\/media\/11026"}],"wp:attachment":[{"href":"https:\/\/ayaneo.co\/de\/wp-json\/wp\/v2\/media?parent=11416"}],"wp:term":[{"taxonomy":"product_brand","embeddable":true,"href":"https:\/\/ayaneo.co\/de\/wp-json\/wp\/v2\/product_brand?post=11416"},{"taxonomy":"product_cat","embeddable":true,"href":"https:\/\/ayaneo.co\/de\/wp-json\/wp\/v2\/product_cat?post=11416"},{"taxonomy":"product_tag","embeddable":true,"href":"https:\/\/ayaneo.co\/de\/wp-json\/wp\/v2\/product_tag?post=11416"}],"curies":[{"name":"wp","href":"https:\/\/api.w.org\/{rel}","templated":true}]}}