{"id":11426,"date":"2025-03-20T10:53:25","date_gmt":"2025-03-20T10:53:25","guid":{"rendered":"https:\/\/ayaneo.co\/product\/ayaneo-pocket-evo-thumb-stick-grip-caps-verbesserte-praezision-und-komfort\/"},"modified":"2025-12-09T00:32:17","modified_gmt":"2025-12-09T00:32:17","slug":"ayaneo-pocket-evo-thumb-stick-grip-caps-verbesserte-praezision-und-komfort","status":"publish","type":"product","link":"https:\/\/ayaneo.co\/de\/product\/ayaneo-pocket-evo-thumb-stick-grip-caps-verbesserte-praezision-und-komfort\/","title":{"rendered":"AYANEO 3 \/ Pocket EVO Thumb Stick Grip Caps - Pr\u00e4zision und Komfort f\u00fcr jede Bewegung!"},"content":{"rendered":"\n<p>Verbessern Sie Ihr <strong>AYANEO 3 und Pocket EVO-Spielerlebnis<\/strong> mit diesen <strong>hochwertigen Griffkappen f\u00fcr den Daumenstick<\/strong>! Diese Kappen wurden f\u00fcr <strong>bessere Griffigkeit, verbesserte Kontrolle und lange Haltbarkeit<\/strong> entwickelt und sorgen f\u00fcr fl\u00fcssigere, pr\u00e4zisere Bewegungen f\u00fcr das ultimative Gameplay.<\/p>\n\n<h2 class=\"wp-block-heading\"><strong>Wichtige Merkmale:<\/strong><\/h2>\n\n<p><strong>Verbesserte Griffigkeit und Kontrolle<\/strong> - Bietet <strong>verbesserte Pr\u00e4zision<\/strong> und eine rutschfeste Oberfl\u00e4che f\u00fcr pr\u00e4zise Bewegungen.<\/p>\n\n<p><strong>Ergonomisches und komfortables Design<\/strong> - Reduziert die Erm\u00fcdung der Daumen bei l\u00e4ngeren Spielesessions.<\/p>\n\n<p><strong>Premium-Silikonmaterial<\/strong> - Langlebiges, hochwertiges Material sorgt f\u00fcr Langlebigkeit und ein angenehmes Gef\u00fchl.<\/p>\n\n<p><strong>Einfach zu installieren und sicherer Sitz<\/strong> - Speziell f\u00fcr <strong>AYANEO 3 und Pocket EVO<\/strong> entwickelt, um einen festen und rutschfesten Sitz zu gew\u00e4hrleisten.<\/p>\n\n<p><strong>Stilvoll und funktionell<\/strong> - In <strong>schwarzer und wei\u00dfer Farbe<\/strong>, passend zu Ihrem Gaming-Setup, sch\u00fctzt es Ihren Joystick vor Abnutzung.<\/p>\n\n<p>R\u00fcsten Sie Ihr <strong>AYANEO 3 und Ihr Pocket EVO<\/strong> mit diesen <strong>hochwertigen Daumensticks<\/strong> auf und sorgen Sie f\u00fcr besseren Halt, Kontrolle und Komfort!<\/p>\n","protected":false},"excerpt":{"rendered":"<ul>\n<li><strong>Offizielle<\/strong> AYANEO 3 \/ Pocket EVO Daumenstiel-Griffkappen<\/li>\n<li><strong>Verbesserte Griffigkeit und Pr\u00e4zision<\/strong> - Verbessert die Genauigkeit und Kontrolle.<\/li>\n<li><strong>Komfortabel &amp; ergonomisch<\/strong> - Reduziert die Erm\u00fcdung bei l\u00e4ngeren Gaming-Sessions.<\/li>\n<li><strong>Langlebiges Silikonmaterial<\/strong> - Langlebig und verschlei\u00dffest.<\/li>\n<li><strong>Perfekte Passform<\/strong> - Exklusiv f\u00fcr AYANEO 3 und Pocket EVO entwickelt.<\/li>\n<\/ul>\n[cg_accordion title=\"INFO ZUR BEZAHLUNG\"]<\/p>\n<p>Wir verwenden die neueste Technologie in der Zahlungsabwicklung, die es Ihnen erm\u00f6glicht, \u00fcber Apple Pay, Google Pay, Ihre Debit-\/Kreditkarte, PayPal oder BNPL-Methoden wie Klarna, Affirm oder AfterPay schnell und sicher zu bezahlen.[\/cg_accordion]\n[cg_accordion title=\"GARANTIE\"]<\/p>\n<p>1 Jahr Garantie von <a href=\"https:\/\/droix.net\/\" target=\"_blank\" rel=\"nofollow noopener\">DROIX Global<\/a> f\u00fcr Ihren Seelenfrieden[\/cg_accordion]\n[cg_accordion title=\"QUALIT\u00c4TSSICHERUNG &amp; TESTS VOR DER AUSLIEFERUNG\"]<\/p>\n<p>Sicherstellung der Kundenzufriedenheit auf h\u00f6chstem Niveau: Jedes Ger\u00e4t wird vor der Auslieferung strengen Tests und einer mehrstufigen Qualit\u00e4tskontrolle unterzogen. Unser engagiertes Team pr\u00fcft die Leistung, Funktionalit\u00e4t und Integrit\u00e4t der Komponenten, um zu gew\u00e4hrleisten, dass Ihr AYANEO Ger\u00e4t bei der Ankunft in einwandfreiem Zustand ist und Sie sich darauf verlassen k\u00f6nnen. [\/cg_accordion]\n[cg_accordion title=\"PREISE, STEUERN UND VERSAND\"]<\/p>\n<p><strong><u>Anmerkung:<\/u><\/strong><\/p>\n<ul>\n<li>Kunden aus den Vereinigten Staaten: Der angezeigte Preis enth\u00e4lt KEINE STEUERN oder Z\u00f6lle. Die Verantwortung f\u00fcr die Zollabfertigung und die Zahlung aller damit verbundenen Steuern und Abgaben liegt beim Kunden. <\/li>\n<li>EU-Kunden: Der angezeigte Preis enth\u00e4lt die anwendbare STEUER, die je nach Land bis zu 25% betragen kann.<\/li>\n<li>Kunden aus Kanada: Der angezeigte Preis enth\u00e4lt die anfallenden Steuern, die je nach Provinz 5% GST und zus\u00e4tzliche Provincial Sales Taxes (PST), Harmonized Sales Tax (HST) oder Quebec Sales Tax (QST) umfassen k\u00f6nnen.<\/li>\n<\/ul>\n<p><strong>NUR f\u00fcr EU-Kunden:<\/strong> Express DDP (Delivered Duty Paid). Dies bedeutet: <\/p>\n<ul>\n<li>Alle Z\u00f6lle und Steuern sind in dem auf der Produktseite angegebenen Preis enthalten.<\/li>\n<li>Sie m\u00fcssen bei der Lieferung keine zus\u00e4tzlichen Geb\u00fchren zahlen.<\/li>\n<li>Im seltenen Fall von Zollproblemen \u00fcbernimmt unser Team die Zollabfertigung in Ihrem Namen, um eine reibungslose Lieferung zu gew\u00e4hrleisten.<\/li>\n<p>Wichtige Informationen \u00fcber R\u00fccksendungen:<\/p>\n<li>Wenn Sie sich entscheiden, Ihre Bestellung zur\u00fcckzusenden oder eine R\u00fcckerstattung zu beantragen, beachten Sie bitte, dass Steuern und Abgaben, die im Rahmen von DDP in Ihrem Namen gezahlt wurden, nicht erstattet werden k\u00f6nnen.<\/li>\n<p>Detaillierte Informationen finden Sie in unseren <a href=\"https:\/\/ayaneo.co\/de\/allgemeine-geschaeftsbedingungen\/\" target=\"_blank\" rel=\"nofollow noopener\">Allgemeinen Gesch\u00e4ftsbedingungen<\/a>.\n<\/ul>\n<p>[\/cg_accordion]\n[cg_accordion title=\"KUNDENBETREUUNG\"]<\/p>\n<p>Haben Sie eine Frage? Wir sind nur eine kurze SMS davon entfernt, Ihr Problem zu l\u00f6sen! [\/cg_accordion]\n[cg_accordion title=\"PAKET ENTH\u00c4LT\"]<\/p>\n<ul>\n<li>1x AYANEO 3 &amp; Pocket EVO Daumenstiel-Griffkappen<\/li>\n<\/ul>\n<p>[\/cg_accordion]\n","protected":false},"featured_media":11041,"template":"","meta":{"_acf_changed":false},"product_brand":[],"product_cat":[385],"product_tag":[],"class_list":{"0":"post-11426","1":"product","2":"type-product","3":"status-publish","4":"has-post-thumbnail","6":"product_cat-zubehor","7":"product_shipping_class-low-end","9":"first","10":"instock","11":"sale","12":"taxable","13":"shipping-taxable","14":"purchasable","15":"product-type-simple"},"acf":[],"_links":{"self":[{"href":"https:\/\/ayaneo.co\/de\/wp-json\/wp\/v2\/product\/11426","targetHints":{"allow":["GET"]}}],"collection":[{"href":"https:\/\/ayaneo.co\/de\/wp-json\/wp\/v2\/product"}],"about":[{"href":"https:\/\/ayaneo.co\/de\/wp-json\/wp\/v2\/types\/product"}],"wp:featuredmedia":[{"embeddable":true,"href":"https:\/\/ayaneo.co\/de\/wp-json\/wp\/v2\/media\/11041"}],"wp:attachment":[{"href":"https:\/\/ayaneo.co\/de\/wp-json\/wp\/v2\/media?parent=11426"}],"wp:term":[{"taxonomy":"product_brand","embeddable":true,"href":"https:\/\/ayaneo.co\/de\/wp-json\/wp\/v2\/product_brand?post=11426"},{"taxonomy":"product_cat","embeddable":true,"href":"https:\/\/ayaneo.co\/de\/wp-json\/wp\/v2\/product_cat?post=11426"},{"taxonomy":"product_tag","embeddable":true,"href":"https:\/\/ayaneo.co\/de\/wp-json\/wp\/v2\/product_tag?post=11426"}],"curies":[{"name":"wp","href":"https:\/\/api.w.org\/{rel}","templated":true}]}}