{"id":11483,"date":"2025-03-17T09:44:54","date_gmt":"2025-03-17T09:44:54","guid":{"rendered":"https:\/\/ayaneo.co\/product\/ayaneo-multi-station-graphit-schwarz\/"},"modified":"2026-03-06T20:12:33","modified_gmt":"2026-03-06T20:12:33","slug":"ayaneo-multi-station-graphit-schwarz","status":"publish","type":"product","link":"https:\/\/ayaneo.co\/de\/product\/ayaneo-multi-station-graphit-schwarz\/","title":{"rendered":"AYANEO MULTI STATION - Graphit Schwarz"},"content":{"rendered":"\n<p><span data-contrast=\"none\">Die <strong>AYANEO Multi Docking Station<\/strong> erschlie\u00dft das volle Potenzial Ihres AYA NEO mit einem einfach zu bedienenden Docking-System mit mehreren Erweiterungsanschl\u00fcssen.  <\/span><\/p>\n\n<p><span data-contrast=\"none\">Die AYANEO Multi <strong>Docking Station ist in<\/strong> Graphite Black <strong>erh\u00e4ltlich<\/strong>. Sie <strong>unterst\u00fctzt alle AYANEO Modelle<\/strong> mit einem patentierten Basisstecker, der verschoben werden kann, um die leicht unterschiedlichen Positionen des USB Typ-C Anschlusses an jedem Modell anzupassen.   <\/span><\/p>\n\n<p><span data-contrast=\"none\">Mit einer Gr\u00f6\u00dfe von ca.<strong> 5,9 x 2,7 x 1,45 Zoll (15,1 x 7,0 x 3,7 cm) und einem Gewicht von ca. 200 g<\/strong> nimmt die AYANEO Multi Docking Station nur wenig Platz auf dem Schreibtisch ein und steht dabei sicher auf dem Schreibtisch, w\u00e4hrend sie acht Erweiterungsanschl\u00fcsse unterst\u00fctzt.<\/span><span data-ccp-props=\"{\"> <\/span><\/p>\n\n<p><span data-contrast=\"none\">Auf der R\u00fcckseite der AYANEO Multi Docking Station befindet sich von links nach rechts ein <\/span><a href=\"https:\/\/en.wikipedia.org\/wiki\/USB-C\" target=\"_blank\" rel=\"noopener\"><span data-contrast=\"none\">USB Typ-C<\/span><\/a><span data-contrast=\"none\">  Anschluss, der f\u00fcr Peripherieger\u00e4te wie z.B. eine externe Festplatte verwendet werden kann. Es gibt zwei   <\/span><a href=\"https:\/\/www.viewsonic.com\/library\/tech\/usb-c-usb-b-and-usb-a-whats-the-difference\/\" target=\"_blank\" rel=\"noopener\"><span data-contrast=\"none\">USB-A<\/span><\/a><span data-contrast=\"none\">  Anschl\u00fcsse, die zum Beispiel f\u00fcr Maus und Tastatur verwendet werden k\u00f6nnen. Der zweite USB Typ-C Anschluss wird f\u00fcr die Stromversorgung der Dockingstation verwendet und kann auch angeschlossene AYANEO Modelle aufladen. <\/span><span data-ccp-props=\"{\"> <\/span><\/p>\n\n<p><span data-contrast=\"none\">Die <\/span><a href=\"https:\/\/en.wikipedia.org\/wiki\/HDMI\" target=\"_blank\" rel=\"noopener\"><span data-contrast=\"none\">HDMI<\/span><\/a><span data-contrast=\"none\">  2.0b-Anschluss kann f\u00fcr die Videoausgabe von Ihrem AYANEO an Ihren Fernseher oder Monitor verwendet werden. <strong>Er unterst\u00fctzt bis zu 4K bei 60Hz<\/strong>. Der Gigabit   <\/span><a href=\"https:\/\/en.wikipedia.org\/wiki\/Ethernet\" target=\"_blank\" rel=\"noopener\"><span data-contrast=\"none\">ethernet<\/span><\/a><span data-contrast=\"none\"> Anschluss sorgt f\u00fcr eine sichere und schnelle Daten\u00fcbertragung zur und von der AYANEO Multi Docking Station.<\/span><span data-ccp-props=\"{\"> <\/span><\/p>\n\n<p><span data-contrast=\"none\">Auf der rechten Seite der AYANEO Multi Docking Station befinden sich ein Micro SD-Karten- und ein SD-Kartensteckplatz.<\/span><span data-ccp-props=\"{\"> <\/span><\/p>\n\n<p><span data-contrast=\"none\">Die AYANEO Multi Docking Station ist kompatibel mit <strong>allen AYANEO Modellen, einschlie\u00dflich <\/strong><\/span><strong><a href=\"https:\/\/droix.co.uk\/product\/ayaneo-2\/\" target=\"_blank\" rel=\"noopener\">AYANEO 2<\/a>, AYANEO Geek, <a href=\"https:\/\/droix.co.uk\/product\/ayaneo-air\/\" target=\"_blank\" rel=\"noopener\">AYANEO Air PRO<\/a>, <a href=\"https:\/\/droix.co.uk\/product\/ayaneo-next\/\" target=\"_blank\" rel=\"noopener\">AYANEO NEXT<\/a>, <a href=\"https:\/\/droix.co.uk\/product\/ayaneo-next-pro\/\" target=\"_blank\" rel=\"noopener\">AYANEO Next PRO<\/a>, <a href=\"https:\/\/droix.co.uk\/product\/ayaneo-next\/\" target=\"_blank\" rel=\"noopener\">AYANEO 2021<\/a> und <a href=\"https:\/\/droix.co.uk\/product\/ayaneo-next-pro\/\" target=\"_blank\" rel=\"noopener\">AYANEO 2021 Pro<\/a>. <\/strong> <\/p>\n\n<p><span data-contrast=\"none\">Die <strong>AYANEO Multi Docking Station ist die perfekte Erg\u00e4nzung f\u00fcr Ihren AYAYNEO<\/strong>. Sie verwandelt ihn von einem Gaming-Handheld in eine leistungsstarke Desktop-PC-\u00e4hnliche L\u00f6sung mit allen Anschlussm\u00f6glichkeiten, die Sie ben\u00f6tigen.<\/span><span data-ccp-props=\"{\"> <\/span><\/p>\n\n<p>Lesen Sie unseren <a href=\"https:\/\/droix.co.uk\/blogs\/ayaneo-docking-station-review\/\" target=\"_blank\" rel=\"noopener\">AYANEO Multi Docking Station Test hier<\/a>.<\/p>\n\n<figure class=\"wp-block-image aligncenter\"><img decoding=\"async\" src=\"https:\/\/droix.net\/wp-content\/uploads\/2022\/12\/8fb77202211071909143194ready.jpg\" alt=\"\" class=\"wp-image-88164\"\/><\/figure>\n\n<figure class=\"wp-block-image aligncenter\"><img decoding=\"async\" src=\"https:\/\/droix.net\/wp-content\/uploads\/2022\/12\/ea565202211071908508498ready.jpg\" alt=\"\" class=\"wp-image-88174\"\/><\/figure>\n\n<p><\/p>\n","protected":false},"excerpt":{"rendered":"<ul>\n<li><b>Offizielles AYANEO Produkt<\/b><\/li>\n<li><strong>Kompatibel<\/strong> mit <strong>allen AYANEO Handhelds<\/strong><\/li>\n<li><b>Exklusiver patentierter Basisstecker<\/b><\/li>\n<li><strong>Bis zu 8<\/strong> Erweiterungsanschl\u00fcsse<\/li>\n<li>MicroSD-Kartensteckplatz<\/li>\n<\/ul>\n[cg_accordion title=\"INFO ZUR BEZAHLUNG\"]<\/p>\n<p>Wir verwenden die neueste Technologie in der Zahlungsabwicklung, die es Ihnen erm\u00f6glicht, \u00fcber Apple Pay, Google Pay, Ihre Debit-\/Kreditkarte, PayPal oder BNPL-Methoden wie Klarna, Affirm oder AfterPay schnell und sicher zu bezahlen.[\/cg_accordion]\n[cg_accordion title=\"GARANTIE\"]<\/p>\n<p>1 Jahr Garantie von <a href=\"https:\/\/droix.net\/\" target=\"_blank\" rel=\"nofollow noopener\">DROIX Global<\/a> f\u00fcr Ihren Seelenfrieden[\/cg_accordion]\n[cg_accordion title=\"QUALIT\u00c4TSSICHERUNG &amp; TESTS VOR DER AUSLIEFERUNG\"]<\/p>\n<p>Sicherstellung der Kundenzufriedenheit auf h\u00f6chstem Niveau: Jedes Ger\u00e4t wird vor der Auslieferung strengen Tests und einer mehrstufigen Qualit\u00e4tskontrolle unterzogen. Unser engagiertes Team pr\u00fcft die Leistung, Funktionalit\u00e4t und Integrit\u00e4t der Komponenten, um zu gew\u00e4hrleisten, dass Ihr AYANEO Ger\u00e4t bei der Ankunft in einwandfreiem Zustand ist und Sie sich darauf verlassen k\u00f6nnen. [\/cg_accordion]\n[cg_accordion title=\"PREISE, STEUERN UND VERSAND\"]<\/p>\n<p><strong><u>Anmerkung:<\/u><\/strong><\/p>\n<ul>\n<li>Kunden aus den Vereinigten Staaten: Der angezeigte Preis enth\u00e4lt KEINE STEUERN oder Z\u00f6lle. Die Verantwortung f\u00fcr die Zollabfertigung und die Zahlung aller damit verbundenen Steuern und Abgaben liegt beim Kunden. <\/li>\n<li>EU-Kunden: Der angezeigte Preis enth\u00e4lt die anwendbare STEUER, die je nach Land bis zu 25% betragen kann.<\/li>\n<li>Kunden aus Kanada: Der angezeigte Preis enth\u00e4lt die anfallenden Steuern, die je nach Provinz 5% GST und zus\u00e4tzliche Provincial Sales Taxes (PST), Harmonized Sales Tax (HST) oder Quebec Sales Tax (QST) umfassen k\u00f6nnen.<\/li>\n<\/ul>\n<p><strong>NUR f\u00fcr EU-Kunden:<\/strong> Express DDP (Delivered Duty Paid). Dies bedeutet: <\/p>\n<ul>\n<li>Alle Z\u00f6lle und Steuern sind in dem auf der Produktseite angegebenen Preis enthalten.<\/li>\n<li>Sie m\u00fcssen bei der Lieferung keine zus\u00e4tzlichen Geb\u00fchren zahlen.<\/li>\n<li>Im seltenen Fall von Zollproblemen \u00fcbernimmt unser Team die Zollabfertigung in Ihrem Namen, um eine reibungslose Lieferung zu gew\u00e4hrleisten.<\/li>\n<p>Wichtige Informationen \u00fcber R\u00fccksendungen:<\/p>\n<li>Wenn Sie sich entscheiden, Ihre Bestellung zur\u00fcckzusenden oder eine R\u00fcckerstattung zu beantragen, beachten Sie bitte, dass Steuern und Abgaben, die im Rahmen von DDP in Ihrem Namen gezahlt wurden, nicht erstattet werden k\u00f6nnen.<\/li>\n<p>Detaillierte Informationen finden Sie in unseren <a href=\"https:\/\/ayaneo.co\/terms-of-service-2\/\" target=\"_blank\" rel=\"nofollow noopener\">Allgemeinen Gesch\u00e4ftsbedingungen<\/a>.\n<\/ul>\n<p>[\/cg_accordion]\n[cg_accordion title=\"KUNDENBETREUUNG\"]<\/p>\n<p>Haben Sie eine Frage? Wir sind nur eine kurze SMS davon entfernt, Ihr Problem zu l\u00f6sen! [\/cg_accordion]\n[cg_accordion title=\"PAKET ENTH\u00c4LT\"]<\/p>\n<ul>\n<li>1x AYANEO Docking Station<\/li>\n<\/ul>\n<p>[\/cg_accordion]\n","protected":false},"featured_media":10685,"template":"","meta":{"_acf_changed":false},"product_brand":[],"product_cat":[385],"product_tag":[],"class_list":{"0":"post-11483","1":"product","2":"type-product","3":"status-publish","4":"has-post-thumbnail","6":"product_cat-zubehor","7":"product_shipping_class-low-end","8":"pa_accessory-type-docking-station-de","9":"pa_brand-ayaneo","10":"pa_compatible-with-ayaneo-2-de","11":"pa_compatible-with-ayaneo-2021-de","12":"pa_compatible-with-ayaneo-3-de","13":"pa_compatible-with-ayaneo-air-de","14":"pa_compatible-with-ayaneo-geek-de","16":"first","17":"instock","18":"taxable","19":"shipping-taxable","20":"purchasable","21":"product-type-simple"},"acf":[],"_links":{"self":[{"href":"https:\/\/ayaneo.co\/de\/wp-json\/wp\/v2\/product\/11483","targetHints":{"allow":["GET"]}}],"collection":[{"href":"https:\/\/ayaneo.co\/de\/wp-json\/wp\/v2\/product"}],"about":[{"href":"https:\/\/ayaneo.co\/de\/wp-json\/wp\/v2\/types\/product"}],"wp:featuredmedia":[{"embeddable":true,"href":"https:\/\/ayaneo.co\/de\/wp-json\/wp\/v2\/media\/10685"}],"wp:attachment":[{"href":"https:\/\/ayaneo.co\/de\/wp-json\/wp\/v2\/media?parent=11483"}],"wp:term":[{"taxonomy":"product_brand","embeddable":true,"href":"https:\/\/ayaneo.co\/de\/wp-json\/wp\/v2\/product_brand?post=11483"},{"taxonomy":"product_cat","embeddable":true,"href":"https:\/\/ayaneo.co\/de\/wp-json\/wp\/v2\/product_cat?post=11483"},{"taxonomy":"product_tag","embeddable":true,"href":"https:\/\/ayaneo.co\/de\/wp-json\/wp\/v2\/product_tag?post=11483"}],"curies":[{"name":"wp","href":"https:\/\/api.w.org\/{rel}","templated":true}]}}