{"id":11504,"date":"2025-01-29T11:23:32","date_gmt":"2025-01-29T11:23:32","guid":{"rendered":"https:\/\/ayaneo.co\/product\/sd1-docking-station\/"},"modified":"2025-04-11T12:03:25","modified_gmt":"2025-04-11T12:03:25","slug":"sd1-docking-station","status":"publish","type":"product","link":"https:\/\/ayaneo.co\/de\/product\/sd1-docking-station\/","title":{"rendered":"SD1 Docking Station"},"content":{"rendered":"\n<h2 class=\"wp-block-heading\"><strong>SD1 Docking Station: Erschlie\u00dfen Sie die wahre Leistung von Handheld-Gaming!<\/strong><\/h2>\n\n<h4 class=\"wp-block-heading\"><strong>Ihr Tor zum nahtlosen Spiel<\/strong><\/h4>\n\n<p>Ver\u00e4ndern Sie Ihr Handheld-Gaming-Erlebnis mit der <strong>SD1-Dockingstation - dem<\/strong>ultimativen Begleiter f\u00fcr Handheld-Gaming-PCs. Die SD1 wurde speziell f\u00fcr Gamer entwickelt und verbessert die Leistung, die Konnektivit\u00e4t und den Komfort, so dass jede Gaming-Session ein voller Erfolg wird. Von der <strong>Steam Deck<\/strong> bis hin zum <strong>AYA NEO Geek 1S<\/strong> bietet diese Dockingstation un\u00fcbertroffene Vielseitigkeit. Docken Sie einfach an, schlie\u00dfen Sie sie \u00fcber USB Typ-C an und lassen Sie die SD1 Ihr Gaming zu neuen H\u00f6henfl\u00fcgen verhelfen.   <\/p>\n\n<h4 class=\"wp-block-heading\"><strong>Blitzschnelle Internetleistung<\/strong><\/h4>\n\n<p>Mit dem <strong>RJ45-Gigabit-Ethernet-Anschluss<\/strong> des SD1 sind Sie in jeder Schlacht einen Schritt voraus - mit Geschwindigkeiten von bis zu <strong>1000M<\/strong>. Verabschieden Sie sich von Verz\u00f6gerungen und begr\u00fc\u00dfen Sie ein fl\u00fcssiges Echtzeit-Gameplay. Ganz gleich, ob Sie weitl\u00e4ufige Welten erforschen oder sich in spannenden Multiplayer-Matches messen, der SD1 garantiert eine <strong>stabile, unterbrechungsfreie Verbindung<\/strong>, wenn es darauf ankommt.  <\/p>\n\n<h4 class=\"wp-block-heading\"><strong>Beeindruckende 4K-Visualisierungen<\/strong><\/h4>\n\n<p>Tauchen Sie ein in atemberaubende Details und lebendige Farben mit dem <strong>HDMI 2.0 Ausgang<\/strong> des SD1. Diese Dockingstation unterst\u00fctzt eine <strong>Aufl\u00f6sung von<\/strong> bis zu <strong>4096&#215;2160 bei 60 Hz<\/strong> und verwandelt Ihre Spiele in atemberaubende visuelle Erlebnisse. Jedes Bild ist gestochen scharf, fl\u00fcssig und lebendig und macht Ihre Lieblingsspiele noch fesselnder.  <\/p>\n\n<h4 class=\"wp-block-heading\"><strong>Macht, die Sie zum Spielen bringt<\/strong><\/h4>\n\n<p>Keine Unterbrechungen mehr mitten im Spiel! Mit seiner <strong>100 W Power Delivery (PD) Ladung<\/strong> sorgt der SD1 daf\u00fcr, dass Ihr Ger\u00e4t auch bei Marathon-Spielen immer mit Strom versorgt ist. Spielen Sie selbstbewusst in dem Wissen, dass Ihr Handheld-Gaming-PC st\u00e4ndig aufgeladen und einsatzbereit ist.  <\/p>\n\n<h4 class=\"wp-block-heading\"><strong>Erweitern Sie Ihr Setup mit mehreren Ports<\/strong><\/h4>\n\n<p>Verbinden wie ein Profi! Das SD1 ist mit <strong>drei USB Typ-A 3.0 Anschl\u00fcssen<\/strong> ausgestattet, an die Sie Peripherieger\u00e4te wie Controller, Headsets oder externe Speicher anschlie\u00dfen k\u00f6nnen. Genie\u00dfen Sie <strong>blitzschnelle Daten\u00fcbertragungen<\/strong> und m\u00fcheloses Multitasking ohne l\u00e4stige zus\u00e4tzliche Adapter.  <\/p>\n\n<h4 class=\"wp-block-heading\"><strong>Konnektivit\u00e4t auf h\u00f6chstem Niveau<\/strong><\/h4>\n\n<p>Erleben Sie stabile Hochgeschwindigkeitsverbindungen mit der <strong>USB Typ-C Schnittstelle<\/strong> des SD1, die f\u00fcr universelle Kompatibilit\u00e4t und Effizienz ausgelegt ist. Egal, ob Sie Daten \u00fcbertragen oder Ihr Ger\u00e4t mit Strom versorgen, das SD1 bietet eine All-in-One-L\u00f6sung f\u00fcr die neuesten Handheld-Gaming-Ger\u00e4te. <\/p>\n\n<h4 class=\"wp-block-heading\"><strong>Hochwertiges Design f\u00fcr die Ewigkeit<\/strong><\/h4>\n\n<p>Die Dockingstation SD1 ist aus <strong>robustem grauem Aluminium<\/strong> gefertigt und ebenso elegant wie stabil. Ihr schlankes Design f\u00fcgt sich nahtlos in jede Einrichtung ein, w\u00e4hrend die <strong>schwarzen Silikonpads<\/strong> zus\u00e4tzlichen Schutz bieten, Kratzer verhindern und daf\u00fcr sorgen, dass Ihr Ger\u00e4t sicher an seinem Platz bleibt. <\/p>\n\n<h4 class=\"wp-block-heading\"><strong>Vielseitige Kompatibilit\u00e4t<\/strong><\/h4>\n\n<p>Die SD1 Dockingstation ist f\u00fcr eine Vielzahl von Handheld-Gaming-PCs geeignet und damit das ultimative Zubeh\u00f6r f\u00fcr jeden Gamer. Ob Sie nun auf dem <strong>Steam Deck<\/strong>, <strong>GPD WIN 4 2023<\/strong>, oder <strong>ONEXPLAYER 2<\/strong> spielen, die SD1 sorgt f\u00fcr eine nahtlose Integration und verbesserte Leistung. Es wurde rigoros mit Spitzenger\u00e4ten getestet, darunter <strong>ROG Ally<\/strong>, <strong>AYA NEO 2S<\/strong> und mehr.  <\/p>\n\n<hr class=\"wp-block-separator has-alpha-channel-opacity\"\/>\n\n<h3 class=\"wp-block-heading\"><strong>Warum sollten Sie sich f\u00fcr die SD1 Docking Station entscheiden?<\/strong><\/h3>\n\n<ul class=\"wp-block-list\">\n<li><strong>Ununterbrochenes Internet<\/strong>: Genie\u00dfen Sie ultraschnelle, stabile Verbindungen.<\/li>\n\n\n\n<li><strong>Atemberaubende 4K-Ausgabe<\/strong>: Tauchen Sie ein in lebendige, fl\u00fcssige Bilder.<\/li>\n\n\n\n<li><strong>Effizientes Aufladen<\/strong>: Spielen Sie stundenlang mit zuverl\u00e4ssiger Energieversorgung.<\/li>\n\n\n\n<li><strong>Verbesserte Anschlussm\u00f6glichkeiten<\/strong>: Schlie\u00dfen Sie m\u00fchelos mehrere Peripherieger\u00e4te an.<\/li>\n\n\n\n<li><strong>Universelle Kompatibilit\u00e4t<\/strong>: Funktioniert mit allen Ihren bevorzugten Handheld-Gaming-PCs.<\/li>\n<\/ul>\n\n<hr class=\"wp-block-separator has-alpha-channel-opacity\"\/>\n\n<h3 class=\"wp-block-heading\"><strong>Bringen Sie Ihr Spiel auf die n\u00e4chste Stufe<\/strong><\/h3>\n\n<p>Mit der <strong>SD1-Dockingstation<\/strong> wird jedes Spiel zu einem unvergesslichen Erlebnis. Ganz gleich, ob Sie an Wettk\u00e4mpfen teilnehmen, auf Erkundungstour gehen oder streamen, diese Dockingstation gibt Ihnen die Werkzeuge an die Hand, mit denen Sie Ihr Bestes geben k\u00f6nnen.   <strong>R\u00fcsten Sie Ihr System noch heute auf und erleben Sie eine neue \u00c4ra des Handheld-Gaming.<\/strong><\/p>\n","protected":false},"excerpt":{"rendered":"<ul>\n<li><strong>SD1 <\/strong>Docking Station<\/li>\n<li>Gigabit-Ethernet<\/li>\n<li>100W PD USB-C<\/li>\n<li>HDMI-Ausgang<\/li>\n<li><strong>Kompatibel mit<\/strong> AYANEO Handhelds &amp; vielen anderen<\/li>\n<\/ul>\n[cg_accordion title=\"INFO ZUR BEZAHLUNG\"]<\/p>\n<p>Wir verwenden die neueste Technologie in der Zahlungsabwicklung, die es Ihnen erm\u00f6glicht, \u00fcber Apple Pay, Google Pay, Ihre Debit-\/Kreditkarte, PayPal oder BNPL-Methoden wie Klarna, Affirm oder AfterPay schnell und sicher zu bezahlen.[\/cg_accordion]\n[cg_accordion title=\"GARANTIE\"]<\/p>\n<p>1 Jahr Garantie von <a href=\"https:\/\/droix.net\/\" target=\"_blank\" rel=\"nofollow noopener\">DROIX Global<\/a> f\u00fcr Ihren Seelenfrieden[\/cg_accordion]\n[cg_accordion title=\"PREISE, STEUERN UND VERSAND\"]<\/p>\n<p><strong><u>Anmerkung:<\/u><\/strong><\/p>\n<ul>\n<li>Kunden aus den Vereinigten Staaten: Der angezeigte Preis enth\u00e4lt KEINE STEUERN oder Z\u00f6lle. Die Verantwortung f\u00fcr die Zollabfertigung und die Zahlung aller damit verbundenen Steuern und Abgaben liegt beim Kunden. <\/li>\n<li>EU-Kunden: Der angezeigte Preis enth\u00e4lt die anwendbare STEUER, die je nach Land bis zu 25% betragen kann.<\/li>\n<li>Kunden aus Kanada: Der angezeigte Preis enth\u00e4lt die anfallenden Steuern, die je nach Provinz 5% GST und zus\u00e4tzliche Provincial Sales Taxes (PST), Harmonized Sales Tax (HST) oder Quebec Sales Tax (QST) umfassen k\u00f6nnen.<\/li>\n<\/ul>\n<p><strong>NUR f\u00fcr EU-Kunden:<\/strong> Express DDP (Delivered Duty Paid). Dies bedeutet: <\/p>\n<ul>\n<li>Alle Z\u00f6lle und Steuern sind in dem auf der Produktseite angegebenen Preis enthalten.<\/li>\n<li>Sie m\u00fcssen bei der Lieferung keine zus\u00e4tzlichen Geb\u00fchren zahlen.<\/li>\n<li>Im seltenen Fall von Zollproblemen \u00fcbernimmt unser Team die Zollabfertigung in Ihrem Namen, um eine reibungslose Lieferung zu gew\u00e4hrleisten.<\/li>\n<p>Wichtige Informationen \u00fcber R\u00fccksendungen:<\/p>\n<li>Wenn Sie sich entscheiden, Ihre Bestellung zur\u00fcckzusenden oder eine R\u00fcckerstattung zu beantragen, beachten Sie bitte, dass Steuern und Abgaben, die im Rahmen von DDP in Ihrem Namen gezahlt wurden, nicht erstattet werden k\u00f6nnen.<\/li>\n<p>Detaillierte Informationen finden Sie in unseren <a href=\"https:\/\/ayaneo.co\/terms-of-service-2\/\" target=\"_blank\" rel=\"nofollow noopener\">Allgemeinen Gesch\u00e4ftsbedingungen<\/a>.\n<\/ul>\n<p>[\/cg_accordion]\n[cg_accordion title=\"KUNDENBETREUUNG\"]<\/p>\n<p>Haben Sie eine Frage? Wir sind nur eine kurze SMS davon entfernt, Ihr Problem zu l\u00f6sen!<br \/>\n[\/cg_accordion]\n","protected":false},"featured_media":8323,"template":"","meta":{"_acf_changed":false},"product_brand":[],"product_cat":[385],"product_tag":[],"class_list":{"0":"post-11504","1":"product","2":"type-product","3":"status-publish","4":"has-post-thumbnail","6":"product_cat-zubehor","7":"product_shipping_class-low-end","8":"pa_accessory-type-docking-station-de","9":"pa_brand-droix","11":"first","12":"outofstock","13":"sale","14":"taxable","15":"shipping-taxable","16":"purchasable","17":"product-type-simple"},"acf":[],"_links":{"self":[{"href":"https:\/\/ayaneo.co\/de\/wp-json\/wp\/v2\/product\/11504","targetHints":{"allow":["GET"]}}],"collection":[{"href":"https:\/\/ayaneo.co\/de\/wp-json\/wp\/v2\/product"}],"about":[{"href":"https:\/\/ayaneo.co\/de\/wp-json\/wp\/v2\/types\/product"}],"wp:featuredmedia":[{"embeddable":true,"href":"https:\/\/ayaneo.co\/de\/wp-json\/wp\/v2\/media\/8323"}],"wp:attachment":[{"href":"https:\/\/ayaneo.co\/de\/wp-json\/wp\/v2\/media?parent=11504"}],"wp:term":[{"taxonomy":"product_brand","embeddable":true,"href":"https:\/\/ayaneo.co\/de\/wp-json\/wp\/v2\/product_brand?post=11504"},{"taxonomy":"product_cat","embeddable":true,"href":"https:\/\/ayaneo.co\/de\/wp-json\/wp\/v2\/product_cat?post=11504"},{"taxonomy":"product_tag","embeddable":true,"href":"https:\/\/ayaneo.co\/de\/wp-json\/wp\/v2\/product_tag?post=11504"}],"curies":[{"name":"wp","href":"https:\/\/api.w.org\/{rel}","templated":true}]}}