{"id":11506,"date":"2025-02-27T10:35:12","date_gmt":"2025-02-27T10:35:12","guid":{"rendered":"https:\/\/ayaneo.co\/product\/ayaneo-magische-module\/"},"modified":"2025-12-11T00:10:41","modified_gmt":"2025-12-11T00:10:41","slug":"ayaneo-magische-module","status":"publish","type":"product","link":"https:\/\/ayaneo.co\/de\/product\/ayaneo-magische-module\/","title":{"rendered":"AYANEO Magische Module"},"content":{"rendered":"\n<h2 class=\"wp-block-heading\">AYANEO Magic Modules - Die Zukunft der modularen Handhelds<\/h2>\n\n<p>Die <strong>AYANEO Magic Modules<\/strong> definieren das Handheld-Gaming neu, indem sie <strong>ein wirklich modulares \u00d6kosystem<\/strong> einf\u00fchren, das es den Benutzern erm\u00f6glicht, <strong>ihr AYANEO 3 Erlebnis<\/strong> mit austauschbarem, magnetisch befestigtem Zubeh\u00f6r <strong>zu erweitern und anzupassen<\/strong>. Diese Module sind auf Flexibilit\u00e4t ausgelegt und <strong>erweitern den Funktionsumfang, ohne die Tragbarkeit zu beeintr\u00e4chtigen<\/strong>, was sie f\u00fcr Technikbegeisterte und Gamer gleicherma\u00dfen interessant macht. <\/p>\n\n<h2 class=\"wp-block-heading\"><strong>Nahtlose magnetische Modularit\u00e4t<\/strong><\/h2>\n\n<p>Dank <strong>der innovativen magnetischen Schnittstelle<\/strong> des <strong>AYANEOk\u00f6nnen Sie die Module m\u00fchelos austauschen und so ein<\/strong> <strong>Plug-and-Play-Erlebnis<\/strong> schaffen, das auf Ihre Bed\u00fcrfnisse zugeschnitten ist. Die Magic-Module der ersten Generation bieten eine Reihe von Funktionen, von <strong>verbesserten Eingabeoptionen<\/strong> bis hin zu <strong>erweiterten Anschlussm\u00f6glichkeiten<\/strong>. <\/p>\n\n<h2 class=\"wp-block-heading\"><strong>Gebaut f\u00fcr die Zukunft<\/strong><\/h2>\n\n<p>AYANEO leistet Pionierarbeit mit dem <strong>ersten wirklich modularen Gaming-Handheld<\/strong>, der mit einem sich entwickelnden \u00d6kosystem von Magic Modules <strong>langfristige Vielseitigkeit<\/strong> gew\u00e4hrleistet. Ganz gleich, ob Sie ein <strong>Hardcore-Gamer<\/strong>, ein <strong>kreativer Profi<\/strong> oder ein <strong>Technik-Enthusiast<\/strong> sind, mit diesen Aufs\u00e4tzen k\u00f6nnen Sie <strong>Ihr Ger\u00e4t an verschiedene Szenarien anpassen, ohne die Leistung zu beeintr\u00e4chtigen<\/strong>. <\/p>\n\n<h3 class=\"wp-block-heading\"><strong>\u00dcbernehmen Sie die Kontrolle \u00fcber Ihr Handheld-Spielerlebnis mit AYANEO Magic Modules!<\/strong><\/h3>\n\n<p><\/p>\n","protected":false},"excerpt":{"rendered":"<ul>\n<li><strong>Modulares Design<\/strong> - Tauschen Sie das Zubeh\u00f6r m\u00fchelos aus.<\/li>\n<li><strong>Magnetische Befestigung<\/strong> - Einfacher Plug-and-Play-Austausch.<\/li>\n<li><strong>Erweiterte Funktionen<\/strong> - Aktualisieren Sie Eing\u00e4nge und Konnektivit\u00e4t.<\/li>\n<li><strong>Zukunftssicher<\/strong> - Erweiterbar mit neuen Modulen.<\/li>\n<li><strong>Tragbar und vielseitig<\/strong> - Individuelle Anpassung ohne gro\u00dfen Aufwand.<\/li>\n<\/ul>\n[cg_accordion title=\"INFO ZUR BEZAHLUNG\"]<\/p>\n<p>Wir verwenden die neueste Technologie in der Zahlungsabwicklung, die es Ihnen erm\u00f6glicht, \u00fcber Apple Pay, Google Pay, Ihre Debit-\/Kreditkarte, PayPal oder BNPL-Methoden wie Klarna, Affirm oder AfterPay schnell und sicher zu bezahlen.[\/cg_accordion]\n[cg_accordion title=\"GARANTIE\"]<\/p>\n<p>1 Jahr Garantie von <a href=\"https:\/\/droix.net\/\" target=\"_blank\" rel=\"nofollow noopener\">DROIX Global<\/a> f\u00fcr Ihren Seelenfrieden[\/cg_accordion]\n[cg_accordion title=\"QUALIT\u00c4TSSICHERUNG &amp; TESTS VOR DER AUSLIEFERUNG\"]<\/p>\n<p>Sicherstellung der Kundenzufriedenheit auf h\u00f6chstem Niveau: Jedes Ger\u00e4t wird vor der Auslieferung strengen Tests und einer mehrstufigen Qualit\u00e4tskontrolle unterzogen. Unser engagiertes Team pr\u00fcft die Leistung, Funktionalit\u00e4t und Integrit\u00e4t der Komponenten, um zu gew\u00e4hrleisten, dass Ihr AYANEO Ger\u00e4t bei der Ankunft in einwandfreiem Zustand ist und Sie sich darauf verlassen k\u00f6nnen. [\/cg_accordion]\n[cg_accordion title=\"PREISE, STEUERN UND VERSAND\"]<\/p>\n<p><strong><u>Anmerkung:<\/u><\/strong><\/p>\n<ul>\n<li>Kunden aus den Vereinigten Staaten: Der angezeigte Preis enth\u00e4lt KEINE STEUERN oder Z\u00f6lle. Die Verantwortung f\u00fcr die Zollabfertigung und die Zahlung aller damit verbundenen Steuern und Abgaben liegt beim Kunden. <\/li>\n<li>EU-Kunden: Der angezeigte Preis enth\u00e4lt die anwendbare STEUER, die je nach Land bis zu 25% betragen kann.<\/li>\n<li>Kunden aus Kanada: Der angezeigte Preis enth\u00e4lt die anfallenden Steuern, die je nach Provinz 5% GST und zus\u00e4tzliche Provincial Sales Taxes (PST), Harmonized Sales Tax (HST) oder Quebec Sales Tax (QST) umfassen k\u00f6nnen.<\/li>\n<\/ul>\n<p><strong>NUR f\u00fcr EU-Kunden:<\/strong> Express DDP (Delivered Duty Paid). Dies bedeutet: <\/p>\n<ul>\n<li>Alle Z\u00f6lle und Steuern sind in dem auf der Produktseite angegebenen Preis enthalten.<\/li>\n<li>Sie m\u00fcssen bei der Lieferung keine zus\u00e4tzlichen Geb\u00fchren zahlen.<\/li>\n<li>Im seltenen Fall von Zollproblemen \u00fcbernimmt unser Team die Zollabfertigung in Ihrem Namen, um eine reibungslose Lieferung zu gew\u00e4hrleisten.<\/li>\n<p>Wichtige Informationen \u00fcber R\u00fccksendungen:<\/p>\n<li>Wenn Sie sich entscheiden, Ihre Bestellung zur\u00fcckzusenden oder eine R\u00fcckerstattung zu beantragen, beachten Sie bitte, dass Steuern und Abgaben, die im Rahmen von DDP in Ihrem Namen gezahlt wurden, nicht erstattet werden k\u00f6nnen.<\/li>\n<p>Detaillierte Informationen finden Sie in unseren <a href=\"https:\/\/ayaneo.co\/de\/allgemeine-geschaeftsbedingungen\/\" target=\"_blank\" rel=\"nofollow noopener\">Allgemeinen Gesch\u00e4ftsbedingungen<\/a>.\n<\/ul>\n<p>[\/cg_accordion]\n[cg_accordion title=\"KUNDENBETREUUNG\"]<\/p>\n<p>Haben Sie eine Frage? Wir sind nur eine kurze SMS davon entfernt, Ihr Problem zu l\u00f6sen! [\/cg_accordion]\n[cg_accordion title=\"PAKET ENTH\u00c4LT\"]\n","protected":false},"featured_media":10195,"template":"","meta":{"_acf_changed":false},"product_brand":[],"product_cat":[385],"product_tag":[],"class_list":{"0":"post-11506","1":"product","2":"type-product","3":"status-publish","4":"has-post-thumbnail","6":"product_cat-zubehor","7":"product_shipping_class-low-end","8":"pa_brand-ayaneo","9":"pa_compatible-with-ayaneo-3-de","11":"first","12":"instock","13":"sale","14":"taxable","15":"shipping-taxable","16":"purchasable","17":"product-type-variable","18":"has-default-attributes"},"acf":[],"_links":{"self":[{"href":"https:\/\/ayaneo.co\/de\/wp-json\/wp\/v2\/product\/11506","targetHints":{"allow":["GET"]}}],"collection":[{"href":"https:\/\/ayaneo.co\/de\/wp-json\/wp\/v2\/product"}],"about":[{"href":"https:\/\/ayaneo.co\/de\/wp-json\/wp\/v2\/types\/product"}],"wp:featuredmedia":[{"embeddable":true,"href":"https:\/\/ayaneo.co\/de\/wp-json\/wp\/v2\/media\/10195"}],"wp:attachment":[{"href":"https:\/\/ayaneo.co\/de\/wp-json\/wp\/v2\/media?parent=11506"}],"wp:term":[{"taxonomy":"product_brand","embeddable":true,"href":"https:\/\/ayaneo.co\/de\/wp-json\/wp\/v2\/product_brand?post=11506"},{"taxonomy":"product_cat","embeddable":true,"href":"https:\/\/ayaneo.co\/de\/wp-json\/wp\/v2\/product_cat?post=11506"},{"taxonomy":"product_tag","embeddable":true,"href":"https:\/\/ayaneo.co\/de\/wp-json\/wp\/v2\/product_tag?post=11506"}],"curies":[{"name":"wp","href":"https:\/\/api.w.org\/{rel}","templated":true}]}}